{"id":1726,"date":"2023-08-20T17:05:00","date_gmt":"2023-08-20T15:05:00","guid":{"rendered":"https:\/\/369agara.com\/?post_type=product&#038;p=1726"},"modified":"2025-05-12T18:27:49","modified_gmt":"2025-05-12T16:27:49","slug":"skarmad-4-6-9-uttag-grenuttag-med-bipolar-strombrytare-biologa-danell","status":"publish","type":"product","link":"https:\/\/369agara.com\/es\/producto\/skarmad-4-6-9-uttag-grenuttag-med-bipolar-strombrytare-biologa-danell\/","title":{"rendered":"Enchufes apantallados Biologa Danell 4 | 6** | 9 con interruptor bipolar + protecci\u00f3n contra rayos*."},"content":{"rendered":"<p><span style=\"font-family: 'Book Antiqua', Palatino; font-size: 120%; color: #333399;\">Dale a tu casa un\u00a0<strong>protecci\u00f3n fiable contra los campos electromagn\u00e9ticos<\/strong>\u00a0gracias a\u00a0<strong>Regleta apantallada Biologa Danell de 4, 6** \u00f3 9 tomas<\/strong>especialmente dise\u00f1ado para personas sensibles o preocupadas por su entorno electromagn\u00e9tico.<\/span><\/p>\n<p><span style=\"font-family: 'Book Antiqua', Palatino; font-size: 120%; color: #333399;\">La regleta apantallada Danell Biologa con interruptor bipolar puede utilizarse para <strong>protegen contra los campos el\u00e9ctricos y magn\u00e9ticos<\/strong>.<\/span><\/p>\n<p><span style=\"font-family: 'Book Antiqua', Palatino; font-size: 120%; color: #333399;\">Gracias a su dise\u00f1o, esta regleta apantallada Biologa Danell no emite campos el\u00e9ctricos (bajas frecuencias de 50 hercios), a diferencia de una regleta est\u00e1ndar.<\/span><\/p>\n<p><span style=\"font-family: 'Book Antiqua', Palatino; font-size: 120%; color: #333399;\">Todas las tomas est\u00e1n conectadas al interruptor.\u00a0<\/span><\/p>\n<p><span style=\"font-family: 'Book Antiqua', Palatino; font-size: 120%; color: #333399;\">El cable de esta regleta est\u00e1 formado por 3 hilos (fase, tierra y neutro), envueltos en una l\u00e1mina met\u00e1lica que, al conectarse a tierra, elimina los campos el\u00e9ctricos. Estos hilos tambi\u00e9n est\u00e1n trenzados sobre s\u00ed mismos 15 veces por metro para atenuar en gran medida los campos magn\u00e9ticos.<\/span><\/p>\n<p><span style=\"font-family: 'Book Antiqua', Palatino; font-size: 120%; color: #333399;\">El interruptor de esta toma de corriente es bipolar (corta los 2 hilos, fase y neutro) y blindado.<\/span><\/p>\n<p><span style=\"font-family: 'Book Antiqua', Palatino; font-size: 120%; color: #333399;\">El enchufe est\u00e1 blindado.<\/span><\/p>\n<p><span style=\"font-family: 'Book Antiqua', Palatino; font-size: 120%; color: #333399;\">El perfil de aluminio de esta regleta est\u00e1 blindado.<\/span><\/p>\n<ul>\n<li><span style=\"font-family: 'Book Antiqua', Palatino; font-size: 120%; color: #333399;\"><strong>Armadura completa<\/strong>\u00a0contra campos el\u00e9ctricos (CEM de baja frecuencia)<\/span><\/li>\n<li><span style=\"font-family: 'Book Antiqua', Palatino; font-size: 120%; color: #333399;\"><strong>Caja y cable blindados<\/strong>\u00a0para una protecci\u00f3n completa desde el aparato hasta la toma de corriente<\/span><\/li>\n<li><span style=\"font-family: 'Book Antiqua', Palatino; font-size: 120%; color: #333399;\"><strong>Ideal para dormitorios, oficinas y zonas sensibles<\/strong><\/span><\/li>\n<li><span style=\"font-family: 'Book Antiqua', Palatino; font-size: 120%; color: #333399;\"><strong>Fabricaci\u00f3n de calidad<\/strong>cumple las normas de seguridad de la CE<\/span><\/li>\n<\/ul>\n<h3><span style=\"font-family: 'Book Antiqua', Palatino; font-size: 120%; color: #333399;\">\u00bfPor qu\u00e9 utilizar una regleta blindada?<\/span><\/h3>\n<p><span style=\"font-family: 'Book Antiqua', Palatino; font-size: 120%; color: #333399;\">Los campos el\u00e9ctricos generados por aparatos en espera, cargadores o incluso cables de alimentaci\u00f3n pueden afectar a la calidad del sue\u00f1o o causar molestias en personas electrosensibles.<\/span><\/p>\n<p><span style=\"font-family: 'Book Antiqua', Palatino; font-size: 120%; color: #333399;\">La\u00a0<strong>multienchufe blindado reduce considerablemente esta radiaci\u00f3n par\u00e1sita<\/strong>al tiempo que proporciona una fuente de alimentaci\u00f3n segura para sus electrodom\u00e9sticos.<\/span><\/p>\n<ul>\n<li><span style=\"font-family: 'Book Antiqua', Palatino; font-size: 120%; color: #333399;\">Los campos el\u00e9ctricos afectan a nuestros sistemas nervioso, endocrino e inmunitario. Alteran la secreci\u00f3n de melatonina (la hormona del sue\u00f1o contra el c\u00e1ncer) y el equilibrio \u00e1cido-base acidificando nuestro organismo. Tambi\u00e9n ionizan positivamente el aire, aumentando el ritmo card\u00edaco, el estr\u00e9s y el malestar y alterando la oxigenaci\u00f3n cerebral.<\/span><\/li>\n<\/ul>\n<ul>\n<li><span style=\"font-family: 'Book Antiqua', Palatino; font-size: 120%; color: #333399;\">Los campos magn\u00e9ticos act\u00faan sobre nuestro sistema celular.<\/span><\/li>\n<\/ul>\n<h3><span style=\"font-family: 'Book Antiqua', Palatino; font-size: 120%; color: #333399;\">Perfecto para :<\/span><\/h3>\n<ul>\n<li><span style=\"font-family: 'Book Antiqua', Palatino; font-size: 120%; color: #333399;\">Dormitorio (junto a la cama)<\/span><\/li>\n<li><span style=\"font-family: 'Book Antiqua', Palatino; font-size: 120%; color: #333399;\">Escritorio de oficina y teletrabajo<\/span><\/li>\n<li><span style=\"font-family: 'Book Antiqua', Palatino; font-size: 120%; color: #333399;\">Rinc\u00f3n TV o hi-fi<\/span><\/li>\n<li><span style=\"font-family: 'Book Antiqua', Palatino; font-size: 120%; color: #333399;\">Zonas de descanso y cuidados<\/span><\/li>\n<li><span style=\"font-family: 'Book Antiqua', Palatino; font-size: 120%; color: #333399;\">Personas electrohipersensibles (EHS)<\/span><\/li>\n<\/ul>\n<p><span style=\"font-family: 'Book Antiqua', Palatino; font-size: 120%; color: #ed1c24;\"><strong>\u00a1Atenci\u00f3n! Esta regleta apantallada debe conectarse a una toma de corriente con toma de tierra.\u00a0<\/strong><\/span><\/p>\n<p><span style=\"font-family: 'Book Antiqua', Palatino; font-size: 120%; color: #333399;\">La verificaci\u00f3n y la eficacia del apantallamiento se midieron de acuerdo con TCO'99, Banda I (MPR II, DIN prEN 50279).<\/span><\/p>\n<p><span style=\"font-family: 'Book Antiqua', Palatino; font-size: 120%; color: #333399;\">El \u00e1ngulo de 45\u00b0 optimiza la ergonom\u00eda de la conexi\u00f3n y permite aprovechar mejor cada una de las tomas.<\/span><\/p>\n<p><span style=\"font-family: 'Book Antiqua', Palatino; font-size: 120%; color: #333399;\">Pararrayos PRO-TECTOR* (en todas las tomas).<br \/>\nEl LED verde se ilumina si est\u00e1 encendido.<br \/>\nSi el diodo naranja est\u00e1 encendido, el descargador de sobretensiones ha fallado, y en la mayor\u00eda de los casos puede repararse en los talleres del fabricante, Biologa Danell.<br \/>\nTensi\u00f3n desviada de : 300 V AC.<br \/>\nProtecci\u00f3n garantizada: Respuesta r\u00e1pida: &lt; 25 ns<\/span><\/p>\n<p><span style=\"font-family: 'Book Antiqua', Palatino; font-size: 120%; color: #ed1c24;\">*S\u00f3lo las regletas apantalladas de 6 y 9 tomas est\u00e1n equipadas con pararrayos.<\/span><\/p>\n<p><span style=\"font-family: 'Book Antiqua', Palatino; font-size: 120%; color: #ed1c24;\">**S\u00f3lo la multitoma blindada de 6 tomas est\u00e1 equipada con un filtro HF y 4 tomas que dependen del interruptor y 2 tomas permanentes. Le protege tanto de los campos el\u00e9ctricos como de los magn\u00e9ticos.<\/span><\/p>\n<p><span style=\"font-family: 'Book Antiqua', Palatino; font-size: 120%; color: #333399;\">Filtro RF: Filtro de red: atenuaci\u00f3n hasta 50 dBm (factor 100.000). Filtro HF: por encima de 80 MHz. Filtra tambi\u00e9n PLC (Power Line Communication) Internet a trav\u00e9s de la red de distribuci\u00f3n dom\u00e9stica.<\/span><\/p>","protected":false},"excerpt":{"rendered":"<p><span style=\"font-family: 'Book Antiqua', Palatino; font-size: 120%; color: #333399;\">Dale a tu casa un\u00a0<strong>protecci\u00f3n fiable contra los campos electromagn\u00e9ticos<\/strong>\u00a0gracias a\u00a0<strong>Regleta blindada Biologa Danell 9<\/strong><strong>\u00a0enchufes<\/strong>especialmente dise\u00f1ado para personas sensibles o preocupadas por su entorno electromagn\u00e9tico.<\/span><\/p>\n<p><span style=\"font-family: 'Book Antiqua', Palatino; font-size: 120%; color: #333399;\">La regleta apantallada Danell Biologa de 4, 6** \u00f3 9 tomas le protege de los campos el\u00e9ctricos y magn\u00e9ticos.\u00a0<\/span><\/p>\n<p><span style=\"font-family: 'Book Antiqua', Palatino; font-size: 120%; color: #333399;\">Interruptor bipolar, bloqueo para ni\u00f1os, cable apantallado de 3 metros, pararrayos*.\u00a0<\/span><\/p>\n<p><span style=\"font-family: 'Book Antiqua', Palatino; font-size: 120%; color: #333399;\">Conexi\u00f3n ergon\u00f3mica.\u00a0<\/span><\/p>\n<p><span style=\"color: #ed1c24;\"><strong><span style=\"font-family: 'Book Antiqua', Palatino; font-size: 120%;\">*S\u00f3lo las regletas apantalladas de 6 y 9 tomas est\u00e1n equipadas con pararrayos.<br \/>\n**S\u00f3lo la regleta apantallada de 6 tomas dispone de filtro RF.<\/span><\/strong><\/span><\/p>","protected":false},"featured_media":1733,"comment_status":"open","ping_status":"closed","template":"","meta":[],"product_brand":[265],"product_cat":[164],"product_tag":[248,246,247,251,249,245],"class_list":{"0":"post-1726","1":"product","2":"type-product","3":"status-publish","4":"has-post-thumbnail","6":"product_brand-biologa-danell","7":"product_cat-baubiologie","8":"product_tag-baubiologie","9":"product_tag-bureau","10":"product_tag-chambre","11":"product_tag-electricite","12":"product_tag-electromagnetisme","13":"product_tag-maison","15":"first","16":"instock","17":"taxable","18":"shipping-taxable","19":"purchasable","20":"product-type-variable"},"yoast_head":"<!-- This site is optimized with the Yoast SEO Premium plugin v25.1 (Yoast SEO v27.4) - https:\/\/yoast.com\/product\/yoast-seo-premium-wordpress\/ -->\n<title>Multiprise blind\u00e9e Biologa Danell 4 | 6** | 9 prises avec interrupteur bipolaire + parafoudre* | Agara<\/title>\n<meta name=\"description\" content=\"Offrez \u00e0 votre int\u00e9rieur une\u00a0protection fiable contre les champs \u00e9lectromagn\u00e9tiques\u00a0gr\u00e2ce \u00e0 la\u00a0multiprise blind\u00e9e Biologa Danell 9\u00a0prises, sp\u00e9cialement con\u00e7ue pour les personnes sensibles ou soucieuses de leur environnement \u00e9lectromagn\u00e9tique. La multiprise blind\u00e9e 4, 6 ou 9 prises Biologa Danell permet de vous prot\u00e9ger \u00e0 la fois des champs \u00e9lectriques et magn\u00e9tiques.\u00a0Interrupteur bipolaire, s\u00e9curit\u00e9 enfant, c\u00e2ble blind\u00e9 longueur 3 m\u00e8tres, parafoudre*.\u00a0Branchement ergonomique.\u00a0*Seules les multiprises blind\u00e9es 6 et 9 prises sont munies d&#039;un parafoudre.\" \/>\n<meta name=\"robots\" content=\"index, follow, max-snippet:-1, max-image-preview:large, max-video-preview:-1\" \/>\n<link rel=\"canonical\" href=\"https:\/\/369agara.com\/es\/producto\/skarmad-4-6-9-uttag-grenuttag-med-bipolar-strombrytare-biologa-danell\/\" \/>\n<meta property=\"og:locale\" content=\"es_ES\" \/>\n<meta property=\"og:type\" content=\"article\" \/>\n<meta property=\"og:title\" content=\"Multiprise blind\u00e9e Biologa Danell 4 | 6** | 9 prises avec interrupteur bipolaire + parafoudre*\" \/>\n<meta property=\"og:description\" content=\"Offrez \u00e0 votre int\u00e9rieur une\u00a0protection fiable contre les champs \u00e9lectromagn\u00e9tiques\u00a0gr\u00e2ce \u00e0 la\u00a0multiprise blind\u00e9e Biologa Danell 9\u00a0prises, sp\u00e9cialement con\u00e7ue pour les personnes sensibles ou soucieuses de leur environnement \u00e9lectromagn\u00e9tique. La multiprise blind\u00e9e 4, 6 ou 9 prises Biologa Danell permet de vous prot\u00e9ger \u00e0 la fois des champs \u00e9lectriques et magn\u00e9tiques.\u00a0Interrupteur bipolaire, s\u00e9curit\u00e9 enfant, c\u00e2ble blind\u00e9 longueur 3 m\u00e8tres, parafoudre*.\u00a0Branchement ergonomique.\u00a0*Seules les multiprises blind\u00e9es 6 et 9 prises sont munies d&#039;un parafoudre.\" \/>\n<meta property=\"og:url\" content=\"https:\/\/369agara.com\/es\/producto\/skarmad-4-6-9-uttag-grenuttag-med-bipolar-strombrytare-biologa-danell\/\" \/>\n<meta property=\"og:site_name\" content=\"Agara\" \/>\n<meta property=\"article:modified_time\" content=\"2025-05-12T16:27:49+00:00\" \/>\n<meta property=\"og:image\" content=\"https:\/\/369agara.com\/wp-content\/uploads\/2023\/08\/multiprise-blindee-danell-4-prises-avec-interrupteur-bipolaire.jpg\" \/>\n\t<meta property=\"og:image:width\" content=\"800\" \/>\n\t<meta property=\"og:image:height\" content=\"800\" \/>\n\t<meta property=\"og:image:type\" content=\"image\/jpeg\" \/>\n<meta name=\"twitter:card\" content=\"summary_large_image\" \/>\n<meta name=\"twitter:label1\" content=\"Tiempo de lectura\" \/>\n\t<meta name=\"twitter:data1\" content=\"3 minutos\" \/>\n<script type=\"application\/ld+json\" class=\"yoast-schema-graph\">{\"@context\":\"https:\\\/\\\/schema.org\",\"@graph\":[{\"@type\":\"WebPage\",\"@id\":\"https:\\\/\\\/369agara.com\\\/produit\\\/skarmad-4-6-9-uttag-grenuttag-med-bipolar-strombrytare-biologa-danell\\\/\",\"url\":\"https:\\\/\\\/369agara.com\\\/produit\\\/skarmad-4-6-9-uttag-grenuttag-med-bipolar-strombrytare-biologa-danell\\\/\",\"name\":\"Multiprise blind\u00e9e Biologa Danell 4 | 6** | 9 prises avec interrupteur bipolaire + parafoudre* | Agara\",\"isPartOf\":{\"@id\":\"https:\\\/\\\/369agara.com\\\/#website\"},\"primaryImageOfPage\":{\"@id\":\"https:\\\/\\\/369agara.com\\\/produit\\\/skarmad-4-6-9-uttag-grenuttag-med-bipolar-strombrytare-biologa-danell\\\/#primaryimage\"},\"image\":{\"@id\":\"https:\\\/\\\/369agara.com\\\/produit\\\/skarmad-4-6-9-uttag-grenuttag-med-bipolar-strombrytare-biologa-danell\\\/#primaryimage\"},\"thumbnailUrl\":\"https:\\\/\\\/369agara.com\\\/wp-content\\\/uploads\\\/2023\\\/08\\\/multiprise-blindee-danell-4-prises-avec-interrupteur-bipolaire.jpg\",\"datePublished\":\"2023-08-20T15:05:00+00:00\",\"dateModified\":\"2025-05-12T16:27:49+00:00\",\"description\":\"Offrez \u00e0 votre int\u00e9rieur une\u00a0protection fiable contre les champs \u00e9lectromagn\u00e9tiques\u00a0gr\u00e2ce \u00e0 la\u00a0multiprise blind\u00e9e Biologa Danell 9\u00a0prises, sp\u00e9cialement con\u00e7ue pour les personnes sensibles ou soucieuses de leur environnement \u00e9lectromagn\u00e9tique. La multiprise blind\u00e9e 4, 6 ou 9 prises Biologa Danell permet de vous prot\u00e9ger \u00e0 la fois des champs \u00e9lectriques et magn\u00e9tiques.\u00a0Interrupteur bipolaire, s\u00e9curit\u00e9 enfant, c\u00e2ble blind\u00e9 longueur 3 m\u00e8tres, parafoudre*.\u00a0Branchement ergonomique.\u00a0*Seules les multiprises blind\u00e9es 6 et 9 prises sont munies d'un parafoudre.\",\"breadcrumb\":{\"@id\":\"https:\\\/\\\/369agara.com\\\/produit\\\/skarmad-4-6-9-uttag-grenuttag-med-bipolar-strombrytare-biologa-danell\\\/#breadcrumb\"},\"inLanguage\":\"es\",\"potentialAction\":[{\"@type\":\"ReadAction\",\"target\":[\"https:\\\/\\\/369agara.com\\\/produit\\\/skarmad-4-6-9-uttag-grenuttag-med-bipolar-strombrytare-biologa-danell\\\/\"]}]},{\"@type\":\"ImageObject\",\"inLanguage\":\"es\",\"@id\":\"https:\\\/\\\/369agara.com\\\/produit\\\/skarmad-4-6-9-uttag-grenuttag-med-bipolar-strombrytare-biologa-danell\\\/#primaryimage\",\"url\":\"https:\\\/\\\/369agara.com\\\/wp-content\\\/uploads\\\/2023\\\/08\\\/multiprise-blindee-danell-4-prises-avec-interrupteur-bipolaire.jpg\",\"contentUrl\":\"https:\\\/\\\/369agara.com\\\/wp-content\\\/uploads\\\/2023\\\/08\\\/multiprise-blindee-danell-4-prises-avec-interrupteur-bipolaire.jpg\",\"width\":800,\"height\":800},{\"@type\":\"BreadcrumbList\",\"@id\":\"https:\\\/\\\/369agara.com\\\/produit\\\/skarmad-4-6-9-uttag-grenuttag-med-bipolar-strombrytare-biologa-danell\\\/#breadcrumb\",\"itemListElement\":[{\"@type\":\"ListItem\",\"position\":1,\"name\":\"Accueil\",\"item\":\"https:\\\/\\\/369agara.com\\\/\"},{\"@type\":\"ListItem\",\"position\":2,\"name\":\"La boutique\",\"item\":\"https:\\\/\\\/369agara.com\\\/la-boutique\\\/\"},{\"@type\":\"ListItem\",\"position\":3,\"name\":\"Multiprise blind\u00e9e Biologa Danell 4 | 6** | 9 prises avec interrupteur bipolaire + parafoudre*\"}]},{\"@type\":\"WebSite\",\"@id\":\"https:\\\/\\\/369agara.com\\\/#website\",\"url\":\"https:\\\/\\\/369agara.com\\\/\",\"name\":\"Livsrikedomar\",\"description\":\"D\u00e9connectez pour mieux vous connecter\",\"publisher\":{\"@id\":\"https:\\\/\\\/369agara.com\\\/#organization\"},\"potentialAction\":[{\"@type\":\"SearchAction\",\"target\":{\"@type\":\"EntryPoint\",\"urlTemplate\":\"https:\\\/\\\/369agara.com\\\/?s={search_term_string}\"},\"query-input\":{\"@type\":\"PropertyValueSpecification\",\"valueRequired\":true,\"valueName\":\"search_term_string\"}}],\"inLanguage\":\"es\"},{\"@type\":\"Organization\",\"@id\":\"https:\\\/\\\/369agara.com\\\/#organization\",\"name\":\"EACreations\",\"url\":\"https:\\\/\\\/369agara.com\\\/\",\"logo\":{\"@type\":\"ImageObject\",\"inLanguage\":\"es\",\"@id\":\"https:\\\/\\\/369agara.com\\\/#\\\/schema\\\/logo\\\/image\\\/\",\"url\":\"\",\"contentUrl\":\"\",\"caption\":\"EACreations\"},\"image\":{\"@id\":\"https:\\\/\\\/369agara.com\\\/#\\\/schema\\\/logo\\\/image\\\/\"}}]}<\/script>\n<!-- \/ Yoast SEO Premium plugin. -->","yoast_head_json":{"title":"Multiprise blind\u00e9e Biologa Danell 4 | 6** | 9 prises avec interrupteur bipolaire + parafoudre* | Agara","description":"Offrez \u00e0 votre int\u00e9rieur une\u00a0protection fiable contre les champs \u00e9lectromagn\u00e9tiques\u00a0gr\u00e2ce \u00e0 la\u00a0multiprise blind\u00e9e Biologa Danell 9\u00a0prises, sp\u00e9cialement con\u00e7ue pour les personnes sensibles ou soucieuses de leur environnement \u00e9lectromagn\u00e9tique. La multiprise blind\u00e9e 4, 6 ou 9 prises Biologa Danell permet de vous prot\u00e9ger \u00e0 la fois des champs \u00e9lectriques et magn\u00e9tiques.\u00a0Interrupteur bipolaire, s\u00e9curit\u00e9 enfant, c\u00e2ble blind\u00e9 longueur 3 m\u00e8tres, parafoudre*.\u00a0Branchement ergonomique.\u00a0*Seules les multiprises blind\u00e9es 6 et 9 prises sont munies d'un parafoudre.","robots":{"index":"index","follow":"follow","max-snippet":"max-snippet:-1","max-image-preview":"max-image-preview:large","max-video-preview":"max-video-preview:-1"},"canonical":"https:\/\/369agara.com\/es\/producto\/skarmad-4-6-9-uttag-grenuttag-med-bipolar-strombrytare-biologa-danell\/","og_locale":"es_ES","og_type":"article","og_title":"Multiprise blind\u00e9e Biologa Danell 4 | 6** | 9 prises avec interrupteur bipolaire + parafoudre*","og_description":"Offrez \u00e0 votre int\u00e9rieur une\u00a0protection fiable contre les champs \u00e9lectromagn\u00e9tiques\u00a0gr\u00e2ce \u00e0 la\u00a0multiprise blind\u00e9e Biologa Danell 9\u00a0prises, sp\u00e9cialement con\u00e7ue pour les personnes sensibles ou soucieuses de leur environnement \u00e9lectromagn\u00e9tique. La multiprise blind\u00e9e 4, 6 ou 9 prises Biologa Danell permet de vous prot\u00e9ger \u00e0 la fois des champs \u00e9lectriques et magn\u00e9tiques.\u00a0Interrupteur bipolaire, s\u00e9curit\u00e9 enfant, c\u00e2ble blind\u00e9 longueur 3 m\u00e8tres, parafoudre*.\u00a0Branchement ergonomique.\u00a0*Seules les multiprises blind\u00e9es 6 et 9 prises sont munies d'un parafoudre.","og_url":"https:\/\/369agara.com\/es\/producto\/skarmad-4-6-9-uttag-grenuttag-med-bipolar-strombrytare-biologa-danell\/","og_site_name":"Agara","article_modified_time":"2025-05-12T16:27:49+00:00","og_image":[{"width":800,"height":800,"url":"https:\/\/369agara.com\/wp-content\/uploads\/2023\/08\/multiprise-blindee-danell-4-prises-avec-interrupteur-bipolaire.jpg","type":"image\/jpeg"}],"twitter_card":"summary_large_image","twitter_misc":{"Tiempo de lectura":"3 minutos"},"schema":{"@context":"https:\/\/schema.org","@graph":[{"@type":"WebPage","@id":"https:\/\/369agara.com\/produit\/skarmad-4-6-9-uttag-grenuttag-med-bipolar-strombrytare-biologa-danell\/","url":"https:\/\/369agara.com\/produit\/skarmad-4-6-9-uttag-grenuttag-med-bipolar-strombrytare-biologa-danell\/","name":"Multiprise blind\u00e9e Biologa Danell 4 | 6** | 9 prises avec interrupteur bipolaire + parafoudre* | Agara","isPartOf":{"@id":"https:\/\/369agara.com\/#website"},"primaryImageOfPage":{"@id":"https:\/\/369agara.com\/produit\/skarmad-4-6-9-uttag-grenuttag-med-bipolar-strombrytare-biologa-danell\/#primaryimage"},"image":{"@id":"https:\/\/369agara.com\/produit\/skarmad-4-6-9-uttag-grenuttag-med-bipolar-strombrytare-biologa-danell\/#primaryimage"},"thumbnailUrl":"https:\/\/369agara.com\/wp-content\/uploads\/2023\/08\/multiprise-blindee-danell-4-prises-avec-interrupteur-bipolaire.jpg","datePublished":"2023-08-20T15:05:00+00:00","dateModified":"2025-05-12T16:27:49+00:00","description":"Offrez \u00e0 votre int\u00e9rieur une\u00a0protection fiable contre les champs \u00e9lectromagn\u00e9tiques\u00a0gr\u00e2ce \u00e0 la\u00a0multiprise blind\u00e9e Biologa Danell 9\u00a0prises, sp\u00e9cialement con\u00e7ue pour les personnes sensibles ou soucieuses de leur environnement \u00e9lectromagn\u00e9tique. La multiprise blind\u00e9e 4, 6 ou 9 prises Biologa Danell permet de vous prot\u00e9ger \u00e0 la fois des champs \u00e9lectriques et magn\u00e9tiques.\u00a0Interrupteur bipolaire, s\u00e9curit\u00e9 enfant, c\u00e2ble blind\u00e9 longueur 3 m\u00e8tres, parafoudre*.\u00a0Branchement ergonomique.\u00a0*Seules les multiprises blind\u00e9es 6 et 9 prises sont munies d'un parafoudre.","breadcrumb":{"@id":"https:\/\/369agara.com\/produit\/skarmad-4-6-9-uttag-grenuttag-med-bipolar-strombrytare-biologa-danell\/#breadcrumb"},"inLanguage":"es","potentialAction":[{"@type":"ReadAction","target":["https:\/\/369agara.com\/produit\/skarmad-4-6-9-uttag-grenuttag-med-bipolar-strombrytare-biologa-danell\/"]}]},{"@type":"ImageObject","inLanguage":"es","@id":"https:\/\/369agara.com\/produit\/skarmad-4-6-9-uttag-grenuttag-med-bipolar-strombrytare-biologa-danell\/#primaryimage","url":"https:\/\/369agara.com\/wp-content\/uploads\/2023\/08\/multiprise-blindee-danell-4-prises-avec-interrupteur-bipolaire.jpg","contentUrl":"https:\/\/369agara.com\/wp-content\/uploads\/2023\/08\/multiprise-blindee-danell-4-prises-avec-interrupteur-bipolaire.jpg","width":800,"height":800},{"@type":"BreadcrumbList","@id":"https:\/\/369agara.com\/produit\/skarmad-4-6-9-uttag-grenuttag-med-bipolar-strombrytare-biologa-danell\/#breadcrumb","itemListElement":[{"@type":"ListItem","position":1,"name":"Accueil","item":"https:\/\/369agara.com\/"},{"@type":"ListItem","position":2,"name":"La boutique","item":"https:\/\/369agara.com\/la-boutique\/"},{"@type":"ListItem","position":3,"name":"Multiprise blind\u00e9e Biologa Danell 4 | 6** | 9 prises avec interrupteur bipolaire + parafoudre*"}]},{"@type":"WebSite","@id":"https:\/\/369agara.com\/#website","url":"https:\/\/369agara.com\/","name":"Livsrikedomar","description":"Desconectar para conectar mejor","publisher":{"@id":"https:\/\/369agara.com\/#organization"},"potentialAction":[{"@type":"SearchAction","target":{"@type":"EntryPoint","urlTemplate":"https:\/\/369agara.com\/?s={search_term_string}"},"query-input":{"@type":"PropertyValueSpecification","valueRequired":true,"valueName":"search_term_string"}}],"inLanguage":"es"},{"@type":"Organization","@id":"https:\/\/369agara.com\/#organization","name":"EACreations","url":"https:\/\/369agara.com\/","logo":{"@type":"ImageObject","inLanguage":"es","@id":"https:\/\/369agara.com\/#\/schema\/logo\/image\/","url":"","contentUrl":"","caption":"EACreations"},"image":{"@id":"https:\/\/369agara.com\/#\/schema\/logo\/image\/"}}]}},"jetpack_sharing_enabled":true,"_links":{"self":[{"href":"https:\/\/369agara.com\/es\/wp-json\/wp\/v2\/product\/1726","targetHints":{"allow":["GET"]}}],"collection":[{"href":"https:\/\/369agara.com\/es\/wp-json\/wp\/v2\/product"}],"about":[{"href":"https:\/\/369agara.com\/es\/wp-json\/wp\/v2\/types\/product"}],"replies":[{"embeddable":true,"href":"https:\/\/369agara.com\/es\/wp-json\/wp\/v2\/comments?post=1726"}],"wp:featuredmedia":[{"embeddable":true,"href":"https:\/\/369agara.com\/es\/wp-json\/wp\/v2\/media\/1733"}],"wp:attachment":[{"href":"https:\/\/369agara.com\/es\/wp-json\/wp\/v2\/media?parent=1726"}],"wp:term":[{"taxonomy":"product_brand","embeddable":true,"href":"https:\/\/369agara.com\/es\/wp-json\/wp\/v2\/product_brand?post=1726"},{"taxonomy":"product_cat","embeddable":true,"href":"https:\/\/369agara.com\/es\/wp-json\/wp\/v2\/product_cat?post=1726"},{"taxonomy":"product_tag","embeddable":true,"href":"https:\/\/369agara.com\/es\/wp-json\/wp\/v2\/product_tag?post=1726"}],"curies":[{"name":"wp","href":"https:\/\/api.w.org\/{rel}","templated":true}]}}