{"id":1747,"date":"2023-08-21T17:14:53","date_gmt":"2023-08-21T15:14:53","guid":{"rendered":"https:\/\/369agara.com\/?post_type=product&#038;p=1747"},"modified":"2025-05-12T17:25:31","modified_gmt":"2025-05-12T15:25:31","slug":"cable-alimentation-pc-2m","status":"publish","type":"product","link":"https:\/\/369agara.com\/es\/producto\/cable-alimentation-pc-2m\/","title":{"rendered":"Cable de alimentaci\u00f3n para PC apantallado negro Biologa Danell 2 metros"},"content":{"rendered":"<p><span style=\"font-family: 'Book Antiqua', Palatino; font-size: 120%; color: #333399;\">El cable de alimentaci\u00f3n apantallado para PC negro Biologa Danell ofrece protecci\u00f3n contra campos el\u00e9ctricos y magn\u00e9ticos.<\/span><\/p>\n<ul>\n<li><span style=\"font-family: 'Book Antiqua', Palatino; font-size: 120%; color: #333399;\">Los campos el\u00e9ctricos afectan a nuestros sistemas nervioso, endocrino e inmunitario. Alteran la secreci\u00f3n de melatonina (la hormona del sue\u00f1o contra el c\u00e1ncer) y el equilibrio \u00e1cido-base acidificando nuestro organismo. Tambi\u00e9n ionizan positivamente el aire, aumentando el ritmo card\u00edaco, el estr\u00e9s y el malestar y alterando la oxigenaci\u00f3n cerebral.<\/span><\/li>\n<li><span style=\"font-family: 'Book Antiqua', Palatino; font-size: 120%; color: #333399;\">Los campos magn\u00e9ticos act\u00faan sobre nuestro sistema celular. \u00a0<\/span><\/li>\n<\/ul>\n<p><span style=\"font-family: 'Book Antiqua', Palatino; font-size: 120%; color: #333399;\">El dise\u00f1o del cable de conexi\u00f3n apantallado Danell Biologa significa que, a diferencia del cable de conexi\u00f3n original, no emite campos el\u00e9ctricos (bajas frecuencias 50 Hertz). Este cable consta de 3 hilos (fase, tierra y neutro), envueltos en una l\u00e1mina met\u00e1lica que, al conectarse a tierra, elimina los campos el\u00e9ctricos. Adem\u00e1s, estos hilos se retuercen sobre s\u00ed mismos 15 veces por metro para atenuar en gran medida los campos magn\u00e9ticos.<\/span><\/p>\n<p><span style=\"font-family: 'Book Antiqua', Palatino; font-size: 120%; color: #333399;\">Sustituyendo los cables est\u00e1ndar de su ordenador, monitor o impresora por cables de alimentaci\u00f3n apantallados, eliminar\u00e1 la contaminaci\u00f3n electromagn\u00e9tica presente en su oficina, y as\u00ed podr\u00e1 trabajar m\u00e1s serenamente, sin experimentar excitaci\u00f3n nerviosa ni sensaci\u00f3n de cansancio.<\/span><\/p>\n<p><span style=\"font-family: 'Book Antiqua', Palatino; font-size: 120%; color: #333399;\">Para utilizarlo con un ordenador port\u00e1til, es imprescindible el adaptador de 2 polos (para ordenadores sin enchufe con toma de tierra) o de 3 polos (para ordenadores con enchufe con toma de tierra).<\/span><\/p>\n<p><span style=\"font-family: 'Book Antiqua', Palatino; font-size: 120%; color: #ed1c24;\"><strong>Atenci\u00f3n Este cable de alimentaci\u00f3n apantallado debe conectarse a una toma de corriente con toma de tierra.\u00a0<\/strong><\/span><\/p>\n<h3><span style=\"font-family: 'Book Antiqua', Palatino; font-size: 120%; color: #333399;\">Especificaciones t\u00e9cnicas<\/span><\/h3>\n<ul>\n<li><span style=\"font-family: 'Book Antiqua', Palatino; font-size: 120%; color: #333399;\">Longitud del cable: 2 metros<\/span><\/li>\n<li><span style=\"font-family: 'Book Antiqua', Palatino; font-size: 120%; color: #333399;\">Secci\u00f3n: 3 x 1,00 mm\u00b2.<\/span><\/li>\n<li><span style=\"font-family: 'Book Antiqua', Palatino; font-size: 120%; color: #333399;\">Clavija de conexi\u00f3n blindada<\/span><\/li>\n<li><span style=\"font-family: 'Book Antiqua', Palatino; font-size: 120%; color: #333399;\">Cerradura a prueba de ni\u00f1os<\/span><\/li>\n<li><span style=\"font-family: 'Book Antiqua', Palatino; font-size: 120%; color: #333399;\">Color: negro<\/span><\/li>\n<li><span style=\"font-family: 'Book Antiqua', Palatino; font-size: 120%; color: #333399;\">230 V \/ 50 Hz, 10 A m\u00e1x.<\/span><\/li>\n<li><span style=\"font-family: 'Book Antiqua', Palatino; font-size: 120%; color: #333399;\">Peso: 200 g<\/span><\/li>\n<li><span style=\"font-family: 'Book Antiqua', Palatino; font-size: 120%; color: #333399;\">Garant\u00eda: 2 a\u00f1os<\/span><\/li>\n<\/ul>\n<p><span style=\"font-family: 'Book Antiqua', Palatino; font-size: 120%; color: #333399;\">La verificaci\u00f3n y la eficacia del apantallamiento se midieron de acuerdo con TCO'99, Banda I (MPR II, DIN prEN 50279).<\/span><\/p>\n<p><span style=\"font-family: 'Book Antiqua', Palatino; font-size: 120%; color: #333399;\">Fabricado en Alemania<\/span><\/p>","protected":false},"excerpt":{"rendered":"<p><span style=\"font-family: 'Book Antiqua', Palatino; font-size: 120%; color: #333399;\">El cable de alimentaci\u00f3n blindado Danell Biologa para ordenadores (de sobremesa o port\u00e1tiles), monitores e impresoras le protege de los campos el\u00e9ctricos y magn\u00e9ticos.\u00a0<\/span><\/p>\n<p><span style=\"font-family: 'Book Antiqua', Palatino; font-size: 120%; color: #333399;\">Adaptador opcional para port\u00e1til.\u00a0<\/span><\/p>\n<p><span style=\"font-family: 'Book Antiqua', Palatino; font-size: 120%; color: #333399;\">Longitud 2 metros. Negro.<\/span><\/p>","protected":false},"featured_media":3352,"comment_status":"open","ping_status":"closed","template":"","meta":[],"product_brand":[265],"product_cat":[164],"product_tag":[248,246,247,251,249,245],"class_list":{"0":"post-1747","1":"product","2":"type-product","3":"status-publish","4":"has-post-thumbnail","6":"product_brand-biologa-danell","7":"product_cat-baubiologie","8":"product_tag-baubiologie","9":"product_tag-bureau","10":"product_tag-chambre","11":"product_tag-electricite","12":"product_tag-electromagnetisme","13":"product_tag-maison","15":"first","16":"onbackorder","17":"taxable","18":"shipping-taxable","19":"purchasable","20":"product-type-simple"},"yoast_head":"<!-- This site is optimized with the Yoast SEO Premium plugin v25.1 (Yoast SEO v27.6) - https:\/\/yoast.com\/product\/yoast-seo-premium-wordpress\/ -->\n<title>C\u00e2ble d&#039;alimentation PC blind\u00e9 noir Biologa Danell 2 m\u00e8tres | Agara<\/title>\n<meta name=\"description\" content=\"Le c\u00e2ble d&#039;alimentation blind\u00e9 Biologa Danell pour ordinateur (fixe ou portable), \u00e9cran, imprimante permet de vous prot\u00e9ger \u00e0 la fois des champs \u00e9lectriques et des champs magn\u00e9tiques.\u00a0Adaptateur pour ordinateur portable en option.\u00a0Longueur 2 m\u00e8tres.\u00a0Coloris noir.\" \/>\n<meta name=\"robots\" content=\"index, follow, max-snippet:-1, max-image-preview:large, max-video-preview:-1\" \/>\n<link rel=\"canonical\" href=\"https:\/\/369agara.com\/es\/producto\/cable-alimentation-pc-2m\/\" \/>\n<meta property=\"og:locale\" content=\"es_ES\" \/>\n<meta property=\"og:type\" content=\"article\" \/>\n<meta property=\"og:title\" content=\"C\u00e2ble d&#039;alimentation PC blind\u00e9 noir Biologa Danell 2 m\u00e8tres\" \/>\n<meta property=\"og:description\" content=\"Le c\u00e2ble d&#039;alimentation blind\u00e9 Biologa Danell pour ordinateur (fixe ou portable), \u00e9cran, imprimante permet de vous prot\u00e9ger \u00e0 la fois des champs \u00e9lectriques et des champs magn\u00e9tiques.\u00a0Adaptateur pour ordinateur portable en option.\u00a0Longueur 2 m\u00e8tres.\u00a0Coloris noir.\" \/>\n<meta property=\"og:url\" content=\"https:\/\/369agara.com\/es\/producto\/cable-alimentation-pc-2m\/\" \/>\n<meta property=\"og:site_name\" content=\"Agara\" \/>\n<meta property=\"article:modified_time\" content=\"2025-05-12T15:25:31+00:00\" \/>\n<meta property=\"og:image\" content=\"https:\/\/369agara.com\/wp-content\/uploads\/2023\/08\/cable-d-alimentation-pc-blinde-noir-danell-2-metres-1.png\" \/>\n\t<meta property=\"og:image:width\" content=\"800\" \/>\n\t<meta property=\"og:image:height\" content=\"800\" \/>\n\t<meta property=\"og:image:type\" content=\"image\/png\" \/>\n<meta name=\"twitter:card\" content=\"summary_large_image\" \/>\n<meta name=\"twitter:label1\" content=\"Tiempo de lectura\" \/>\n\t<meta name=\"twitter:data1\" content=\"2 minutos\" \/>\n<script type=\"application\/ld+json\" class=\"yoast-schema-graph\">{\"@context\":\"https:\\\/\\\/schema.org\",\"@graph\":[{\"@type\":\"WebPage\",\"@id\":\"https:\\\/\\\/369agara.com\\\/produit\\\/cable-alimentation-pc-2m\\\/\",\"url\":\"https:\\\/\\\/369agara.com\\\/produit\\\/cable-alimentation-pc-2m\\\/\",\"name\":\"C\u00e2ble d'alimentation PC blind\u00e9 noir Biologa Danell 2 m\u00e8tres | Agara\",\"isPartOf\":{\"@id\":\"https:\\\/\\\/369agara.com\\\/#website\"},\"primaryImageOfPage\":{\"@id\":\"https:\\\/\\\/369agara.com\\\/produit\\\/cable-alimentation-pc-2m\\\/#primaryimage\"},\"image\":{\"@id\":\"https:\\\/\\\/369agara.com\\\/produit\\\/cable-alimentation-pc-2m\\\/#primaryimage\"},\"thumbnailUrl\":\"https:\\\/\\\/369agara.com\\\/wp-content\\\/uploads\\\/2023\\\/08\\\/cable-d-alimentation-pc-blinde-noir-danell-2-metres-1.png\",\"datePublished\":\"2023-08-21T15:14:53+00:00\",\"dateModified\":\"2025-05-12T15:25:31+00:00\",\"description\":\"Le c\u00e2ble d'alimentation blind\u00e9 Biologa Danell pour ordinateur (fixe ou portable), \u00e9cran, imprimante permet de vous prot\u00e9ger \u00e0 la fois des champs \u00e9lectriques et des champs magn\u00e9tiques.\u00a0Adaptateur pour ordinateur portable en option.\u00a0Longueur 2 m\u00e8tres.\u00a0Coloris noir.\",\"breadcrumb\":{\"@id\":\"https:\\\/\\\/369agara.com\\\/produit\\\/cable-alimentation-pc-2m\\\/#breadcrumb\"},\"inLanguage\":\"es\",\"potentialAction\":[{\"@type\":\"ReadAction\",\"target\":[\"https:\\\/\\\/369agara.com\\\/produit\\\/cable-alimentation-pc-2m\\\/\"]}]},{\"@type\":\"ImageObject\",\"inLanguage\":\"es\",\"@id\":\"https:\\\/\\\/369agara.com\\\/produit\\\/cable-alimentation-pc-2m\\\/#primaryimage\",\"url\":\"https:\\\/\\\/369agara.com\\\/wp-content\\\/uploads\\\/2023\\\/08\\\/cable-d-alimentation-pc-blinde-noir-danell-2-metres-1.png\",\"contentUrl\":\"https:\\\/\\\/369agara.com\\\/wp-content\\\/uploads\\\/2023\\\/08\\\/cable-d-alimentation-pc-blinde-noir-danell-2-metres-1.png\",\"width\":800,\"height\":800},{\"@type\":\"BreadcrumbList\",\"@id\":\"https:\\\/\\\/369agara.com\\\/produit\\\/cable-alimentation-pc-2m\\\/#breadcrumb\",\"itemListElement\":[{\"@type\":\"ListItem\",\"position\":1,\"name\":\"Accueil\",\"item\":\"https:\\\/\\\/369agara.com\\\/\"},{\"@type\":\"ListItem\",\"position\":2,\"name\":\"La boutique\",\"item\":\"https:\\\/\\\/369agara.com\\\/la-boutique\\\/\"},{\"@type\":\"ListItem\",\"position\":3,\"name\":\"C\u00e2ble d&rsquo;alimentation PC blind\u00e9 noir Biologa Danell 2 m\u00e8tres\"}]},{\"@type\":\"WebSite\",\"@id\":\"https:\\\/\\\/369agara.com\\\/#website\",\"url\":\"https:\\\/\\\/369agara.com\\\/\",\"name\":\"Livsrikedomar\",\"description\":\"D\u00e9connectez pour mieux vous connecter\",\"publisher\":{\"@id\":\"https:\\\/\\\/369agara.com\\\/#organization\"},\"potentialAction\":[{\"@type\":\"SearchAction\",\"target\":{\"@type\":\"EntryPoint\",\"urlTemplate\":\"https:\\\/\\\/369agara.com\\\/?s={search_term_string}\"},\"query-input\":{\"@type\":\"PropertyValueSpecification\",\"valueRequired\":true,\"valueName\":\"search_term_string\"}}],\"inLanguage\":\"es\"},{\"@type\":\"Organization\",\"@id\":\"https:\\\/\\\/369agara.com\\\/#organization\",\"name\":\"EACreations\",\"url\":\"https:\\\/\\\/369agara.com\\\/\",\"logo\":{\"@type\":\"ImageObject\",\"inLanguage\":\"es\",\"@id\":\"https:\\\/\\\/369agara.com\\\/#\\\/schema\\\/logo\\\/image\\\/\",\"url\":\"\",\"contentUrl\":\"\",\"caption\":\"EACreations\"},\"image\":{\"@id\":\"https:\\\/\\\/369agara.com\\\/#\\\/schema\\\/logo\\\/image\\\/\"}}]}<\/script>\n<!-- \/ Yoast SEO Premium plugin. -->","yoast_head_json":{"title":"C\u00e2ble d'alimentation PC blind\u00e9 noir Biologa Danell 2 m\u00e8tres | Agara","description":"Le c\u00e2ble d'alimentation blind\u00e9 Biologa Danell pour ordinateur (fixe ou portable), \u00e9cran, imprimante permet de vous prot\u00e9ger \u00e0 la fois des champs \u00e9lectriques et des champs magn\u00e9tiques.\u00a0Adaptateur pour ordinateur portable en option.\u00a0Longueur 2 m\u00e8tres.\u00a0Coloris noir.","robots":{"index":"index","follow":"follow","max-snippet":"max-snippet:-1","max-image-preview":"max-image-preview:large","max-video-preview":"max-video-preview:-1"},"canonical":"https:\/\/369agara.com\/es\/producto\/cable-alimentation-pc-2m\/","og_locale":"es_ES","og_type":"article","og_title":"C\u00e2ble d'alimentation PC blind\u00e9 noir Biologa Danell 2 m\u00e8tres","og_description":"Le c\u00e2ble d'alimentation blind\u00e9 Biologa Danell pour ordinateur (fixe ou portable), \u00e9cran, imprimante permet de vous prot\u00e9ger \u00e0 la fois des champs \u00e9lectriques et des champs magn\u00e9tiques.\u00a0Adaptateur pour ordinateur portable en option.\u00a0Longueur 2 m\u00e8tres.\u00a0Coloris noir.","og_url":"https:\/\/369agara.com\/es\/producto\/cable-alimentation-pc-2m\/","og_site_name":"Agara","article_modified_time":"2025-05-12T15:25:31+00:00","og_image":[{"width":800,"height":800,"url":"https:\/\/369agara.com\/wp-content\/uploads\/2023\/08\/cable-d-alimentation-pc-blinde-noir-danell-2-metres-1.png","type":"image\/png"}],"twitter_card":"summary_large_image","twitter_misc":{"Tiempo de lectura":"2 minutos"},"schema":{"@context":"https:\/\/schema.org","@graph":[{"@type":"WebPage","@id":"https:\/\/369agara.com\/produit\/cable-alimentation-pc-2m\/","url":"https:\/\/369agara.com\/produit\/cable-alimentation-pc-2m\/","name":"C\u00e2ble d'alimentation PC blind\u00e9 noir Biologa Danell 2 m\u00e8tres | Agara","isPartOf":{"@id":"https:\/\/369agara.com\/#website"},"primaryImageOfPage":{"@id":"https:\/\/369agara.com\/produit\/cable-alimentation-pc-2m\/#primaryimage"},"image":{"@id":"https:\/\/369agara.com\/produit\/cable-alimentation-pc-2m\/#primaryimage"},"thumbnailUrl":"https:\/\/369agara.com\/wp-content\/uploads\/2023\/08\/cable-d-alimentation-pc-blinde-noir-danell-2-metres-1.png","datePublished":"2023-08-21T15:14:53+00:00","dateModified":"2025-05-12T15:25:31+00:00","description":"Le c\u00e2ble d'alimentation blind\u00e9 Biologa Danell pour ordinateur (fixe ou portable), \u00e9cran, imprimante permet de vous prot\u00e9ger \u00e0 la fois des champs \u00e9lectriques et des champs magn\u00e9tiques.\u00a0Adaptateur pour ordinateur portable en option.\u00a0Longueur 2 m\u00e8tres.\u00a0Coloris noir.","breadcrumb":{"@id":"https:\/\/369agara.com\/produit\/cable-alimentation-pc-2m\/#breadcrumb"},"inLanguage":"es","potentialAction":[{"@type":"ReadAction","target":["https:\/\/369agara.com\/produit\/cable-alimentation-pc-2m\/"]}]},{"@type":"ImageObject","inLanguage":"es","@id":"https:\/\/369agara.com\/produit\/cable-alimentation-pc-2m\/#primaryimage","url":"https:\/\/369agara.com\/wp-content\/uploads\/2023\/08\/cable-d-alimentation-pc-blinde-noir-danell-2-metres-1.png","contentUrl":"https:\/\/369agara.com\/wp-content\/uploads\/2023\/08\/cable-d-alimentation-pc-blinde-noir-danell-2-metres-1.png","width":800,"height":800},{"@type":"BreadcrumbList","@id":"https:\/\/369agara.com\/produit\/cable-alimentation-pc-2m\/#breadcrumb","itemListElement":[{"@type":"ListItem","position":1,"name":"Accueil","item":"https:\/\/369agara.com\/"},{"@type":"ListItem","position":2,"name":"La boutique","item":"https:\/\/369agara.com\/la-boutique\/"},{"@type":"ListItem","position":3,"name":"C\u00e2ble d&rsquo;alimentation PC blind\u00e9 noir Biologa Danell 2 m\u00e8tres"}]},{"@type":"WebSite","@id":"https:\/\/369agara.com\/#website","url":"https:\/\/369agara.com\/","name":"Livsrikedomar","description":"Desconectar para conectar mejor","publisher":{"@id":"https:\/\/369agara.com\/#organization"},"potentialAction":[{"@type":"SearchAction","target":{"@type":"EntryPoint","urlTemplate":"https:\/\/369agara.com\/?s={search_term_string}"},"query-input":{"@type":"PropertyValueSpecification","valueRequired":true,"valueName":"search_term_string"}}],"inLanguage":"es"},{"@type":"Organization","@id":"https:\/\/369agara.com\/#organization","name":"EACreations","url":"https:\/\/369agara.com\/","logo":{"@type":"ImageObject","inLanguage":"es","@id":"https:\/\/369agara.com\/#\/schema\/logo\/image\/","url":"","contentUrl":"","caption":"EACreations"},"image":{"@id":"https:\/\/369agara.com\/#\/schema\/logo\/image\/"}}]}},"jetpack_sharing_enabled":true,"_links":{"self":[{"href":"https:\/\/369agara.com\/es\/wp-json\/wp\/v2\/product\/1747","targetHints":{"allow":["GET"]}}],"collection":[{"href":"https:\/\/369agara.com\/es\/wp-json\/wp\/v2\/product"}],"about":[{"href":"https:\/\/369agara.com\/es\/wp-json\/wp\/v2\/types\/product"}],"replies":[{"embeddable":true,"href":"https:\/\/369agara.com\/es\/wp-json\/wp\/v2\/comments?post=1747"}],"wp:featuredmedia":[{"embeddable":true,"href":"https:\/\/369agara.com\/es\/wp-json\/wp\/v2\/media\/3352"}],"wp:attachment":[{"href":"https:\/\/369agara.com\/es\/wp-json\/wp\/v2\/media?parent=1747"}],"wp:term":[{"taxonomy":"product_brand","embeddable":true,"href":"https:\/\/369agara.com\/es\/wp-json\/wp\/v2\/product_brand?post=1747"},{"taxonomy":"product_cat","embeddable":true,"href":"https:\/\/369agara.com\/es\/wp-json\/wp\/v2\/product_cat?post=1747"},{"taxonomy":"product_tag","embeddable":true,"href":"https:\/\/369agara.com\/es\/wp-json\/wp\/v2\/product_tag?post=1747"}],"curies":[{"name":"wp","href":"https:\/\/api.w.org\/{rel}","templated":true}]}}