{"id":1748,"date":"2023-08-21T17:42:51","date_gmt":"2023-08-21T15:42:51","guid":{"rendered":"https:\/\/369agara.com\/?post_type=product&#038;p=1748"},"modified":"2025-05-12T17:21:06","modified_gmt":"2025-05-12T15:21:06","slug":"rallong-blindee-3m-5m-noir-blanc","status":"publish","type":"product","link":"https:\/\/369agara.com\/es\/producto\/rallong-blindee-3m-5m-noir-blanc\/","title":{"rendered":"Alargador apantallado 1,5 mm\u00b2 Biologa Danell 3 m | 5 m - Negro | Blanco"},"content":{"rendered":"<div class=\"block md-bottom product-description-block\">\n<div class=\"block-content box-bg\">\n<div class=\"product-description typo\">\n<h3><span style=\"font-family: 'Book Antiqua', Palatino; font-size: 120%; color: #333399;\">Ampl\u00ede sus conexiones, no su exposici\u00f3n a las ondas de radio.<\/span><\/h3>\n<p><span style=\"font-family: 'Book Antiqua', Palatino; font-size: 120%; color: #333399;\">La\u00a0<strong>Alargador apantallado<\/strong>\u00a0Biologa Danell est\u00e1 dise\u00f1ado para ampliar tus conexiones mientras\u00a0<strong>limitar los campos electromagn\u00e9ticos (CEM)<\/strong>\u00a0en su entorno. Es ideal para las personas que quieren un hogar sano o que sufren electrosensibilidad.<\/span><\/p>\n<p><span style=\"font-family: 'Book Antiqua', Palatino; font-size: 120%; color: #333399;\">El alargador apantallado Danell Biologa blanco de 5 metros le protege de los campos el\u00e9ctricos y magn\u00e9ticos.<\/span><\/p>\n<p><span style=\"font-family: 'Book Antiqua', Palatino; font-size: 120%; color: #333399;\">Gracias a su dise\u00f1o, este alargador apantallado no emite campos el\u00e9ctricos (bajas frecuencias 50 hercios), a diferencia de un alargador est\u00e1ndar.\u00a0<\/span><\/p>\n<p><span style=\"font-family: 'Book Antiqua', Palatino; font-size: 120%; color: #333399;\">Este cable alargador blindado Danell Biologa es ideal si desea pasar un cable alargador por debajo de la cama, detr\u00e1s de un sof\u00e1 o de un escritorio.<\/span><\/p>\n<p><span style=\"font-family: 'Book Antiqua', Palatino; font-size: 120%; color: #333399;\">Este alargador consta de 3 hilos (fase, tierra y neutro), envueltos en una l\u00e1mina met\u00e1lica que, al conectarse a tierra, elimina los campos el\u00e9ctricos. Estos hilos tambi\u00e9n se retuercen sobre s\u00ed mismos 15 veces por metro para atenuar en gran medida los campos magn\u00e9ticos.<\/span><\/p>\n<p><span style=\"font-family: 'Book Antiqua', Palatino; font-size: 120%; color: #333399;\">El enchufe est\u00e1 blindado.<\/span><\/p>\n<ul>\n<li><span style=\"font-family: 'Book Antiqua', Palatino; font-size: 120%; color: #333399;\"><strong>Armadura completa<\/strong>\u00a0del cable contra campos el\u00e9ctricos de baja frecuencia<\/span><\/li>\n<li><span style=\"font-family: 'Book Antiqua', Palatino; font-size: 120%; color: #333399;\"><strong>Reducir las emisiones electromagn\u00e9ticas<\/strong>\u00a0alrededor del cable<\/span><\/li>\n<li><span style=\"font-family: 'Book Antiqua', Palatino; font-size: 120%; color: #333399;\"><strong>Conectores de alta calidad<\/strong>\u00a0para la m\u00e1xima seguridad y fiabilidad<\/span><\/li>\n<li><span style=\"font-family: 'Book Antiqua', Palatino; font-size: 120%; color: #333399;\"><strong>Normas CE<\/strong>\u00a0y materiales sostenibles<\/span><\/li>\n<li><span style=\"font-family: 'Book Antiqua', Palatino; font-size: 120%; color: #333399;\">Compatible con\u00a0<strong>Tomas francesas (tipo E)<\/strong><\/span><\/li>\n<li><span style=\"font-family: 'Book Antiqua', Palatino; font-size: 120%; color: #333399;\">Apto para aparatos el\u00e9ctricos de uso cotidiano (l\u00e1mparas, cargadores, ordenadores, etc.)<\/span><\/li>\n<\/ul>\n<h3><span style=\"font-family: 'Book Antiqua', Palatino; font-size: 120%; color: #333399;\">Uso ideal :<\/span><\/h3>\n<ul>\n<li><span style=\"font-family: 'Book Antiqua', Palatino; font-size: 120%; color: #333399;\">Dormitorio (por ejemplo, l\u00e1mpara de mesilla de noche)<\/span><\/li>\n<li><span style=\"font-family: 'Book Antiqua', Palatino; font-size: 120%; color: #333399;\">Oficina o espacio de trabajo<\/span><\/li>\n<li><span style=\"font-family: 'Book Antiqua', Palatino; font-size: 120%; color: #333399;\">Sala de estar \/ TV<\/span><\/li>\n<li><span style=\"font-family: 'Book Antiqua', Palatino; font-size: 120%; color: #333399;\">Instalaci\u00f3n de audio\/alta fidelidad<\/span><\/li>\n<li><span style=\"font-family: 'Book Antiqua', Palatino; font-size: 120%; color: #333399;\">\u00c1reas de descanso \/ tratamientos energ\u00e9ticos<\/span><\/li>\n<li><span style=\"font-family: 'Book Antiqua', Palatino; font-size: 120%; color: #333399;\"><strong>Viviendas sin ondas para personas electrohipersensibles (EHS)<\/strong><\/span><\/li>\n<\/ul>\n<h3><span style=\"font-family: 'Book Antiqua', Palatino; font-size: 120%; color: #333399;\">\u00bfPor qu\u00e9 utilizar un alargador apantallado?<\/span><\/h3>\n<p><span style=\"font-family: 'Book Antiqua', Palatino; font-size: 120%; color: #333399;\">Los alargadores convencionales emiten campos el\u00e9ctricos en toda su longitud, incluso cuando no hay ning\u00fan aparato enchufado.<\/span><br \/>\n<span style=\"font-family: 'Book Antiqua', Palatino; font-size: 120%; color: #333399;\">Nuestro alargador blindado\u00a0<strong>interrumpe estas emisiones gracias a un blindaje completo<\/strong>contribuir a un medio ambiente\u00a0<strong>m\u00e1s sano y sereno<\/strong>.<\/span><\/p>\n<ul>\n<li><span style=\"font-family: 'Book Antiqua', Palatino; font-size: 120%; color: #333399;\">Los campos el\u00e9ctricos afectan a nuestros sistemas nervioso, endocrino e inmunitario. Alteran la secreci\u00f3n de melatonina (la hormona del sue\u00f1o contra el c\u00e1ncer) y el equilibrio \u00e1cido-base acidificando nuestro organismo. Tambi\u00e9n ionizan positivamente el aire, aumentando el ritmo card\u00edaco, el estr\u00e9s y el malestar y alterando la oxigenaci\u00f3n cerebral.<\/span><\/li>\n<li><span style=\"font-family: 'Book Antiqua', Palatino; font-size: 120%; color: #333399;\">Los campos magn\u00e9ticos act\u00faan sobre nuestro sistema celular. \u00a0<\/span><\/li>\n<\/ul>\n<p><span style=\"font-family: 'Book Antiqua', Palatino; font-size: 120%; color: #ed1c24;\"><strong>Atenci\u00f3n Para evitar la emisi\u00f3n de campos el\u00e9ctricos, este alargador apantallado debe conectarse a una toma de corriente con toma de tierra.\u00a0<\/strong><\/span><\/p>\n<p><span style=\"font-family: 'Book Antiqua', Palatino; font-size: 120%; color: #333399;\">La verificaci\u00f3n y la eficacia del apantallamiento se midieron de acuerdo con TCO'99, Banda I (MPR II, DIN prEN 50279).<\/span><\/p>\n<h3><span style=\"font-family: 'Book Antiqua', Palatino; font-size: 120%; color: #333399;\">Especificaciones t\u00e9cnicas<\/span><\/h3>\n<ul>\n<li><span style=\"font-family: 'Book Antiqua', Palatino; font-size: 120%; color: #333399;\">Conectores: macho y hembra europeos 2P+T<\/span><\/li>\n<li><span style=\"font-family: 'Book Antiqua', Palatino; font-size: 120%; color: #333399;\">Cerradura a prueba de ni\u00f1os<\/span><\/li>\n<li><span style=\"font-family: 'Book Antiqua', Palatino; font-size: 120%; color: #333399;\">Cable apantallado 3 x 1,5 mm\u00b2 (VDE)<\/span><\/li>\n<li><span style=\"font-family: 'Book Antiqua', Palatino; font-size: 120%; color: #333399;\">Longitud del cable apantallado: 5 metros<\/span><\/li>\n<li><span style=\"font-family: 'Book Antiqua', Palatino; font-size: 120%; color: #333399;\">Color: blanco<\/span><\/li>\n<li><span style=\"font-family: 'Book Antiqua', Palatino; font-size: 120%; color: #333399;\">Alargadera Schuko apantallada de gran calidad y robustez<\/span><\/li>\n<li><span style=\"font-family: 'Book Antiqua', Palatino; font-size: 120%; color: #333399;\">Casquillo moldeado, norma CEE 7 \/ VII, DIN 49441<\/span><\/li>\n<li><span style=\"font-family: 'Book Antiqua', Palatino; font-size: 120%; color: #333399;\">Di\u00e1metro \u00d8 8,4 mm \u00b1 0,2 mm<\/span><\/li>\n<li><span style=\"font-family: 'Book Antiqua', Palatino; font-size: 120%; color: #333399;\">Aislamiento de cables de cloruro de polivinilo<\/span><\/li>\n<li><span style=\"font-family: 'Book Antiqua', Palatino; font-size: 120%; color: #333399;\">Tensi\u00f3n de funcionamiento 230 V CA (m\u00e1x. 250 V CA \/ 50 Hz - 16 A seg\u00fan IEC 320-1<\/span><\/li>\n<li><span style=\"font-family: 'Book Antiqua', Palatino; font-size: 120%; color: #333399;\">Probado individualmente seg\u00fan EN 60320 \/ 2.2 (iso 9002) TCO'99 (MPR II, DIN prEN 50279)<\/span><\/li>\n<li><span style=\"font-family: 'Book Antiqua', Palatino; font-size: 120%; color: #333399;\">Atenuaci\u00f3n de apantallamiento: &gt; 99 % (dependiendo de la toma de tierra)<\/span><\/li>\n<li><span style=\"font-family: 'Book Antiqua', Palatino; font-size: 120%; color: #333399;\">Potencia m\u00e1x. 3500 W \/ m\u00e1x. 16 A \u00a0<\/span><\/li>\n<\/ul>\n<p><span style=\"font-family: 'Book Antiqua', Palatino; font-size: 120%; color: #333399;\">Fabricado en Alemania<\/span><\/p>\n<\/div>\n<\/div>\n<\/div>\n<div class=\"block product-attachments-block sm-bottom\">\n<h3 class=\"title-block\"><span style=\"font-family: 'Book Antiqua', Palatino; font-size: 120%; color: #333399;\">Consulte<\/span><\/h3>\n<div class=\"block-content\">\n<section class=\"product-attachments\">\n<div class=\"row\">\n<div class=\"attachment col-12 col-lg-4\">\n<div class=\"box-bg my-2\">\n<ul>\n<li class=\"h5\"><span style=\"font-family: 'Book Antiqua', Palatino; font-size: 120%; color: #333399;\">Alargadera blindada Danell<\/span><br \/>\n<span style=\"font-family: 'Book Antiqua', Palatino; font-size: 120%; color: #333399;\">Datos t\u00e9cnicos<\/span><\/li>\n<\/ul>\n<\/div>\n<\/div>\n<\/div>\n<\/section>\n<\/div>\n<\/div>","protected":false},"excerpt":{"rendered":"<p><span style=\"font-family: 'Book Antiqua', Palatino; font-size: 120%; color: #333399;\">La\u00a0<strong>Alargador apantallado<\/strong>\u00a0Biologa Danell est\u00e1 dise\u00f1ado para ampliar tus conexiones mientras\u00a0<strong>limitar los campos electromagn\u00e9ticos (CEM)<\/strong> en su entorno. Es ideal para las personas que quieren un hogar sano o que sufren electrosensibilidad.\u00a0<\/span><\/p>\n<p><span style=\"font-family: 'Book Antiqua', Palatino; font-size: 120%; color: #333399;\">Le protege tanto de los campos el\u00e9ctricos como de los magn\u00e9ticos.\u00a0<\/span><\/p>\n<p><span style=\"font-family: 'Book Antiqua', Palatino; font-size: 120%; color: #333399;\">Longitud de 3 \u00f3 5 metros.\u00a0<\/span><br \/>\n<span style=\"font-family: 'Book Antiqua', Palatino; font-size: 120%; color: #333399;\">Blanco o negro, enchufe apantallado, cierre de seguridad para ni\u00f1os.\u00a0<\/span><\/p>\n<p><span style=\"font-family: 'Book Antiqua', Palatino; font-size: 120%; color: #333399;\">Ideal para debajo de la cama o en la oficina.<\/span><\/p>","protected":false},"featured_media":3785,"comment_status":"open","ping_status":"closed","template":"","meta":[],"product_brand":[265],"product_cat":[164],"product_tag":[248,246,247,251,249,245],"class_list":{"0":"post-1748","1":"product","2":"type-product","3":"status-publish","4":"has-post-thumbnail","6":"product_brand-biologa-danell","7":"product_cat-baubiologie","8":"product_tag-baubiologie","9":"product_tag-bureau","10":"product_tag-chambre","11":"product_tag-electricite","12":"product_tag-electromagnetisme","13":"product_tag-maison","15":"first","16":"instock","17":"taxable","18":"shipping-taxable","19":"purchasable","20":"product-type-variable"},"yoast_head":"<!-- This site is optimized with the Yoast SEO Premium plugin v25.1 (Yoast SEO v27.4) - https:\/\/yoast.com\/product\/yoast-seo-premium-wordpress\/ -->\n<title>Rallonge blind\u00e9e 1.5 mm\u00b2 Biologa Danell 3 m | 5 m - Noir | Blanc | Agara<\/title>\n<meta name=\"description\" content=\"La\u00a0rallonge \u00e9lectrique blind\u00e9e\u00a0Biologa Danell est con\u00e7ue pour prolonger vos branchements tout en\u00a0limitant les champs \u00e9lectromagn\u00e9tiques (CEM) dans votre environnement. Elle est id\u00e9ale pour les personnes souhaitant un habitat sain ou souffrant d\u2019\u00e9lectrosensibilit\u00e9.\u00a0Elle permet de vous prot\u00e9ger \u00e0 la fois des champs \u00e9lectriques et des champs magn\u00e9tiques.\u00a0Longueur 3 ou 5 m\u00e8tres. Blanche ou noire, fiche de branchement blind\u00e9e, s\u00e9curit\u00e9 enfant.\u00a0Id\u00e9ale sous un lit ou au bureau.\" \/>\n<meta name=\"robots\" content=\"index, follow, max-snippet:-1, max-image-preview:large, max-video-preview:-1\" \/>\n<link rel=\"canonical\" href=\"https:\/\/369agara.com\/es\/producto\/rallong-blindee-3m-5m-noir-blanc\/\" \/>\n<meta property=\"og:locale\" content=\"es_ES\" \/>\n<meta property=\"og:type\" content=\"article\" \/>\n<meta property=\"og:title\" content=\"Rallonge blind\u00e9e 1.5 mm\u00b2 Biologa Danell 3 m | 5 m - Noir | Blanc\" \/>\n<meta property=\"og:description\" content=\"La\u00a0rallonge \u00e9lectrique blind\u00e9e\u00a0Biologa Danell est con\u00e7ue pour prolonger vos branchements tout en\u00a0limitant les champs \u00e9lectromagn\u00e9tiques (CEM) dans votre environnement. Elle est id\u00e9ale pour les personnes souhaitant un habitat sain ou souffrant d\u2019\u00e9lectrosensibilit\u00e9.\u00a0Elle permet de vous prot\u00e9ger \u00e0 la fois des champs \u00e9lectriques et des champs magn\u00e9tiques.\u00a0Longueur 3 ou 5 m\u00e8tres. Blanche ou noire, fiche de branchement blind\u00e9e, s\u00e9curit\u00e9 enfant.\u00a0Id\u00e9ale sous un lit ou au bureau.\" \/>\n<meta property=\"og:url\" content=\"https:\/\/369agara.com\/es\/producto\/rallong-blindee-3m-5m-noir-blanc\/\" \/>\n<meta property=\"og:site_name\" content=\"Agara\" \/>\n<meta property=\"article:modified_time\" content=\"2025-05-12T15:21:06+00:00\" \/>\n<meta property=\"og:image\" content=\"https:\/\/369agara.com\/wp-content\/uploads\/2023\/08\/rallonge-blindee-danell-5-metres-blanche-15-mm.jpg\" \/>\n\t<meta property=\"og:image:width\" content=\"800\" \/>\n\t<meta property=\"og:image:height\" content=\"800\" \/>\n\t<meta property=\"og:image:type\" content=\"image\/jpeg\" \/>\n<meta name=\"twitter:card\" content=\"summary_large_image\" \/>\n<meta name=\"twitter:label1\" content=\"Tiempo de lectura\" \/>\n\t<meta name=\"twitter:data1\" content=\"3 minutos\" \/>\n<script type=\"application\/ld+json\" class=\"yoast-schema-graph\">{\"@context\":\"https:\\\/\\\/schema.org\",\"@graph\":[{\"@type\":\"WebPage\",\"@id\":\"https:\\\/\\\/369agara.com\\\/produit\\\/rallong-blindee-3m-5m-noir-blanc\\\/\",\"url\":\"https:\\\/\\\/369agara.com\\\/produit\\\/rallong-blindee-3m-5m-noir-blanc\\\/\",\"name\":\"Rallonge blind\u00e9e 1.5 mm\u00b2 Biologa Danell 3 m | 5 m - Noir | Blanc | Agara\",\"isPartOf\":{\"@id\":\"https:\\\/\\\/369agara.com\\\/#website\"},\"primaryImageOfPage\":{\"@id\":\"https:\\\/\\\/369agara.com\\\/produit\\\/rallong-blindee-3m-5m-noir-blanc\\\/#primaryimage\"},\"image\":{\"@id\":\"https:\\\/\\\/369agara.com\\\/produit\\\/rallong-blindee-3m-5m-noir-blanc\\\/#primaryimage\"},\"thumbnailUrl\":\"https:\\\/\\\/369agara.com\\\/wp-content\\\/uploads\\\/2023\\\/08\\\/rallonge-blindee-danell-5-metres-blanche-15-mm.jpg\",\"datePublished\":\"2023-08-21T15:42:51+00:00\",\"dateModified\":\"2025-05-12T15:21:06+00:00\",\"description\":\"La\u00a0rallonge \u00e9lectrique blind\u00e9e\u00a0Biologa Danell est con\u00e7ue pour prolonger vos branchements tout en\u00a0limitant les champs \u00e9lectromagn\u00e9tiques (CEM) dans votre environnement. Elle est id\u00e9ale pour les personnes souhaitant un habitat sain ou souffrant d\u2019\u00e9lectrosensibilit\u00e9.\u00a0Elle permet de vous prot\u00e9ger \u00e0 la fois des champs \u00e9lectriques et des champs magn\u00e9tiques.\u00a0Longueur 3 ou 5 m\u00e8tres. Blanche ou noire, fiche de branchement blind\u00e9e, s\u00e9curit\u00e9 enfant.\u00a0Id\u00e9ale sous un lit ou au bureau.\",\"breadcrumb\":{\"@id\":\"https:\\\/\\\/369agara.com\\\/produit\\\/rallong-blindee-3m-5m-noir-blanc\\\/#breadcrumb\"},\"inLanguage\":\"es\",\"potentialAction\":[{\"@type\":\"ReadAction\",\"target\":[\"https:\\\/\\\/369agara.com\\\/produit\\\/rallong-blindee-3m-5m-noir-blanc\\\/\"]}]},{\"@type\":\"ImageObject\",\"inLanguage\":\"es\",\"@id\":\"https:\\\/\\\/369agara.com\\\/produit\\\/rallong-blindee-3m-5m-noir-blanc\\\/#primaryimage\",\"url\":\"https:\\\/\\\/369agara.com\\\/wp-content\\\/uploads\\\/2023\\\/08\\\/rallonge-blindee-danell-5-metres-blanche-15-mm.jpg\",\"contentUrl\":\"https:\\\/\\\/369agara.com\\\/wp-content\\\/uploads\\\/2023\\\/08\\\/rallonge-blindee-danell-5-metres-blanche-15-mm.jpg\",\"width\":800,\"height\":800},{\"@type\":\"BreadcrumbList\",\"@id\":\"https:\\\/\\\/369agara.com\\\/produit\\\/rallong-blindee-3m-5m-noir-blanc\\\/#breadcrumb\",\"itemListElement\":[{\"@type\":\"ListItem\",\"position\":1,\"name\":\"Accueil\",\"item\":\"https:\\\/\\\/369agara.com\\\/\"},{\"@type\":\"ListItem\",\"position\":2,\"name\":\"La boutique\",\"item\":\"https:\\\/\\\/369agara.com\\\/la-boutique\\\/\"},{\"@type\":\"ListItem\",\"position\":3,\"name\":\"Rallonge blind\u00e9e 1.5 mm\u00b2 Biologa Danell 3 m | 5 m &#8211; Noir | Blanc\"}]},{\"@type\":\"WebSite\",\"@id\":\"https:\\\/\\\/369agara.com\\\/#website\",\"url\":\"https:\\\/\\\/369agara.com\\\/\",\"name\":\"Livsrikedomar\",\"description\":\"D\u00e9connectez pour mieux vous connecter\",\"publisher\":{\"@id\":\"https:\\\/\\\/369agara.com\\\/#organization\"},\"potentialAction\":[{\"@type\":\"SearchAction\",\"target\":{\"@type\":\"EntryPoint\",\"urlTemplate\":\"https:\\\/\\\/369agara.com\\\/?s={search_term_string}\"},\"query-input\":{\"@type\":\"PropertyValueSpecification\",\"valueRequired\":true,\"valueName\":\"search_term_string\"}}],\"inLanguage\":\"es\"},{\"@type\":\"Organization\",\"@id\":\"https:\\\/\\\/369agara.com\\\/#organization\",\"name\":\"EACreations\",\"url\":\"https:\\\/\\\/369agara.com\\\/\",\"logo\":{\"@type\":\"ImageObject\",\"inLanguage\":\"es\",\"@id\":\"https:\\\/\\\/369agara.com\\\/#\\\/schema\\\/logo\\\/image\\\/\",\"url\":\"\",\"contentUrl\":\"\",\"caption\":\"EACreations\"},\"image\":{\"@id\":\"https:\\\/\\\/369agara.com\\\/#\\\/schema\\\/logo\\\/image\\\/\"}}]}<\/script>\n<!-- \/ Yoast SEO Premium plugin. -->","yoast_head_json":{"title":"Rallonge blind\u00e9e 1.5 mm\u00b2 Biologa Danell 3 m | 5 m - Noir | Blanc | Agara","description":"La\u00a0rallonge \u00e9lectrique blind\u00e9e\u00a0Biologa Danell est con\u00e7ue pour prolonger vos branchements tout en\u00a0limitant les champs \u00e9lectromagn\u00e9tiques (CEM) dans votre environnement. Elle est id\u00e9ale pour les personnes souhaitant un habitat sain ou souffrant d\u2019\u00e9lectrosensibilit\u00e9.\u00a0Elle permet de vous prot\u00e9ger \u00e0 la fois des champs \u00e9lectriques et des champs magn\u00e9tiques.\u00a0Longueur 3 ou 5 m\u00e8tres. Blanche ou noire, fiche de branchement blind\u00e9e, s\u00e9curit\u00e9 enfant.\u00a0Id\u00e9ale sous un lit ou au bureau.","robots":{"index":"index","follow":"follow","max-snippet":"max-snippet:-1","max-image-preview":"max-image-preview:large","max-video-preview":"max-video-preview:-1"},"canonical":"https:\/\/369agara.com\/es\/producto\/rallong-blindee-3m-5m-noir-blanc\/","og_locale":"es_ES","og_type":"article","og_title":"Rallonge blind\u00e9e 1.5 mm\u00b2 Biologa Danell 3 m | 5 m - Noir | Blanc","og_description":"La\u00a0rallonge \u00e9lectrique blind\u00e9e\u00a0Biologa Danell est con\u00e7ue pour prolonger vos branchements tout en\u00a0limitant les champs \u00e9lectromagn\u00e9tiques (CEM) dans votre environnement. Elle est id\u00e9ale pour les personnes souhaitant un habitat sain ou souffrant d\u2019\u00e9lectrosensibilit\u00e9.\u00a0Elle permet de vous prot\u00e9ger \u00e0 la fois des champs \u00e9lectriques et des champs magn\u00e9tiques.\u00a0Longueur 3 ou 5 m\u00e8tres. Blanche ou noire, fiche de branchement blind\u00e9e, s\u00e9curit\u00e9 enfant.\u00a0Id\u00e9ale sous un lit ou au bureau.","og_url":"https:\/\/369agara.com\/es\/producto\/rallong-blindee-3m-5m-noir-blanc\/","og_site_name":"Agara","article_modified_time":"2025-05-12T15:21:06+00:00","og_image":[{"width":800,"height":800,"url":"https:\/\/369agara.com\/wp-content\/uploads\/2023\/08\/rallonge-blindee-danell-5-metres-blanche-15-mm.jpg","type":"image\/jpeg"}],"twitter_card":"summary_large_image","twitter_misc":{"Tiempo de lectura":"3 minutos"},"schema":{"@context":"https:\/\/schema.org","@graph":[{"@type":"WebPage","@id":"https:\/\/369agara.com\/produit\/rallong-blindee-3m-5m-noir-blanc\/","url":"https:\/\/369agara.com\/produit\/rallong-blindee-3m-5m-noir-blanc\/","name":"Rallonge blind\u00e9e 1.5 mm\u00b2 Biologa Danell 3 m | 5 m - Noir | Blanc | Agara","isPartOf":{"@id":"https:\/\/369agara.com\/#website"},"primaryImageOfPage":{"@id":"https:\/\/369agara.com\/produit\/rallong-blindee-3m-5m-noir-blanc\/#primaryimage"},"image":{"@id":"https:\/\/369agara.com\/produit\/rallong-blindee-3m-5m-noir-blanc\/#primaryimage"},"thumbnailUrl":"https:\/\/369agara.com\/wp-content\/uploads\/2023\/08\/rallonge-blindee-danell-5-metres-blanche-15-mm.jpg","datePublished":"2023-08-21T15:42:51+00:00","dateModified":"2025-05-12T15:21:06+00:00","description":"La\u00a0rallonge \u00e9lectrique blind\u00e9e\u00a0Biologa Danell est con\u00e7ue pour prolonger vos branchements tout en\u00a0limitant les champs \u00e9lectromagn\u00e9tiques (CEM) dans votre environnement. Elle est id\u00e9ale pour les personnes souhaitant un habitat sain ou souffrant d\u2019\u00e9lectrosensibilit\u00e9.\u00a0Elle permet de vous prot\u00e9ger \u00e0 la fois des champs \u00e9lectriques et des champs magn\u00e9tiques.\u00a0Longueur 3 ou 5 m\u00e8tres. Blanche ou noire, fiche de branchement blind\u00e9e, s\u00e9curit\u00e9 enfant.\u00a0Id\u00e9ale sous un lit ou au bureau.","breadcrumb":{"@id":"https:\/\/369agara.com\/produit\/rallong-blindee-3m-5m-noir-blanc\/#breadcrumb"},"inLanguage":"es","potentialAction":[{"@type":"ReadAction","target":["https:\/\/369agara.com\/produit\/rallong-blindee-3m-5m-noir-blanc\/"]}]},{"@type":"ImageObject","inLanguage":"es","@id":"https:\/\/369agara.com\/produit\/rallong-blindee-3m-5m-noir-blanc\/#primaryimage","url":"https:\/\/369agara.com\/wp-content\/uploads\/2023\/08\/rallonge-blindee-danell-5-metres-blanche-15-mm.jpg","contentUrl":"https:\/\/369agara.com\/wp-content\/uploads\/2023\/08\/rallonge-blindee-danell-5-metres-blanche-15-mm.jpg","width":800,"height":800},{"@type":"BreadcrumbList","@id":"https:\/\/369agara.com\/produit\/rallong-blindee-3m-5m-noir-blanc\/#breadcrumb","itemListElement":[{"@type":"ListItem","position":1,"name":"Accueil","item":"https:\/\/369agara.com\/"},{"@type":"ListItem","position":2,"name":"La boutique","item":"https:\/\/369agara.com\/la-boutique\/"},{"@type":"ListItem","position":3,"name":"Rallonge blind\u00e9e 1.5 mm\u00b2 Biologa Danell 3 m | 5 m &#8211; Noir | Blanc"}]},{"@type":"WebSite","@id":"https:\/\/369agara.com\/#website","url":"https:\/\/369agara.com\/","name":"Livsrikedomar","description":"Desconectar para conectar mejor","publisher":{"@id":"https:\/\/369agara.com\/#organization"},"potentialAction":[{"@type":"SearchAction","target":{"@type":"EntryPoint","urlTemplate":"https:\/\/369agara.com\/?s={search_term_string}"},"query-input":{"@type":"PropertyValueSpecification","valueRequired":true,"valueName":"search_term_string"}}],"inLanguage":"es"},{"@type":"Organization","@id":"https:\/\/369agara.com\/#organization","name":"EACreations","url":"https:\/\/369agara.com\/","logo":{"@type":"ImageObject","inLanguage":"es","@id":"https:\/\/369agara.com\/#\/schema\/logo\/image\/","url":"","contentUrl":"","caption":"EACreations"},"image":{"@id":"https:\/\/369agara.com\/#\/schema\/logo\/image\/"}}]}},"jetpack_sharing_enabled":true,"_links":{"self":[{"href":"https:\/\/369agara.com\/es\/wp-json\/wp\/v2\/product\/1748","targetHints":{"allow":["GET"]}}],"collection":[{"href":"https:\/\/369agara.com\/es\/wp-json\/wp\/v2\/product"}],"about":[{"href":"https:\/\/369agara.com\/es\/wp-json\/wp\/v2\/types\/product"}],"replies":[{"embeddable":true,"href":"https:\/\/369agara.com\/es\/wp-json\/wp\/v2\/comments?post=1748"}],"wp:featuredmedia":[{"embeddable":true,"href":"https:\/\/369agara.com\/es\/wp-json\/wp\/v2\/media\/3785"}],"wp:attachment":[{"href":"https:\/\/369agara.com\/es\/wp-json\/wp\/v2\/media?parent=1748"}],"wp:term":[{"taxonomy":"product_brand","embeddable":true,"href":"https:\/\/369agara.com\/es\/wp-json\/wp\/v2\/product_brand?post=1748"},{"taxonomy":"product_cat","embeddable":true,"href":"https:\/\/369agara.com\/es\/wp-json\/wp\/v2\/product_cat?post=1748"},{"taxonomy":"product_tag","embeddable":true,"href":"https:\/\/369agara.com\/es\/wp-json\/wp\/v2\/product_tag?post=1748"}],"curies":[{"name":"wp","href":"https:\/\/api.w.org\/{rel}","templated":true}]}}