{"id":1753,"date":"2023-08-21T18:20:43","date_gmt":"2023-08-21T16:20:43","guid":{"rendered":"https:\/\/369agara.com\/?post_type=product&#038;p=1753"},"modified":"2025-05-15T22:01:20","modified_gmt":"2025-05-15T20:01:20","slug":"tapis-universel","status":"publish","type":"product","link":"https:\/\/369agara.com\/es\/producto\/tapis-universel\/","title":{"rendered":"Alfombrilla de puesta a tierra universal"},"content":{"rendered":"<h4><span style=\"font-family: 'Book Antiqua', Palatino; font-size: 120%; color: #333399;\">Esta alfombrilla es ideal para :<\/span><\/h4>\n<ul>\n<li><span style=\"font-family: 'Book Antiqua', Palatino; font-size: 120%; color: #333399;\">la oficina: trabajar conectado a la Tierra<\/span><\/li>\n<li><span style=\"font-family: 'Book Antiqua', Palatino; font-size: 120%; color: #333399;\">la cama: disfruta de sus beneficios toda la noche<\/span><\/li>\n<li><span style=\"font-family: 'Book Antiqua', Palatino; font-size: 120%; color: #333399;\">meditaci\u00f3n o yoga en silla: para una pr\u00e1ctica m\u00e1s enraizada<\/span><\/li>\n<\/ul>\n<p><span style=\"font-family: 'Book Antiqua', Palatino; font-size: 120%; color: #333399;\">La alfombrilla de toma de tierra universal es ideal no s\u00f3lo cuando est\u00e1s en la oficina trabajando con el ordenador, sino tambi\u00e9n cuando ves la televisi\u00f3n, lees un libro o simplemente te relajas.<\/span><\/p>\n<p><span style=\"font-family: 'Book Antiqua', Palatino; font-size: 120%; color: #333399;\">Se puede utilizar directamente bajo los pies descalzos o sobre el escritorio apoyando las manos desnudas sobre \u00e9l (en cuyo caso tambi\u00e9n se colocan el teclado y el rat\u00f3n).<\/span><\/p>\n<p><span style=\"font-family: 'Book Antiqua', Palatino; font-size: 120%; color: #333399;\">Colocada bajo el teclado y el rat\u00f3n del ordenador, permite estar conectado a la Tierra cuando las manos o las mu\u00f1ecas descansan sobre la alfombrilla mientras se teclea o se utiliza el rat\u00f3n.<\/span><\/p>\n<p><span style=\"font-family: 'Book Antiqua', Palatino; font-size: 120%; color: #333399;\">La alfombrilla tambi\u00e9n es lo suficientemente suave y flexible como para utilizarla en la cama, por ejemplo, apoyando los pies descalzos sobre ella.<\/span><\/p>\n<h3><span style=\"font-family: 'Book Antiqua', Palatino; font-size: 120%; color: #333399;\">Reconecte con la Tierra desde la comodidad de su hogar<\/span><\/h3>\n<p><span style=\"font-family: 'Book Antiqua', Palatino; font-size: 120%; color: #333399;\">La esterilla Earthing es una herramienta sencilla y natural para restablecer el equilibrio energ\u00e9tico del cuerpo. Gracias a un sistema de conducci\u00f3n conectado a la Tierra, descarga la electricidad est\u00e1tica y la contaminaci\u00f3n electromagn\u00e9tica acumuladas en la vida cotidiana, como cuando caminas descalzo por la hierba.<\/span><\/p>\n<p><span style=\"font-family: 'Book Antiqua', Palatino; font-size: 120%; color: #333399;\">Si quiere saber todo lo que hay que saber sobre la toma de tierra, el libro de Clinton Ober, Stephen Sinatra y Martin Zucker \"Connecting to the Earth, Perhaps the most important discovery about health\" es la mejor referencia sobre el tema.<\/span><\/p>\n<h3><span style=\"font-family: 'Book Antiqua', Palatino; font-size: 120%; color: #333399;\">Beneficios de la toma de tierra para la salud\u00a0<\/span><\/h3>\n<ul>\n<li><span style=\"font-family: 'Book Antiqua', Palatino; font-size: 120%; color: #333399;\">Mejora del sue\u00f1o<\/span><\/li>\n<li><span style=\"font-family: 'Book Antiqua', Palatino; font-size: 120%; color: #333399;\">Reducci\u00f3n del estr\u00e9s y la ansiedad<\/span><\/li>\n<li><span style=\"font-family: 'Book Antiqua', Palatino; font-size: 120%; color: #333399;\">Mejora de la concentraci\u00f3n<\/span><\/li>\n<li><span style=\"font-family: 'Book Antiqua', Palatino; font-size: 120%; color: #333399;\">Reducci\u00f3n de la fatiga al final del d\u00eda, el dolor cr\u00f3nico y la inflamaci\u00f3n<\/span><\/li>\n<li><span style=\"font-family: 'Book Antiqua', Palatino; font-size: 120%; color: #333399;\">Mejor recuperaci\u00f3n f\u00edsica<\/span><\/li>\n<li><span style=\"font-family: 'Book Antiqua', Palatino; font-size: 120%; color: #333399;\">Reforzar la inmunidad natural<\/span><\/li>\n<li><span style=\"font-family: 'Book Antiqua', Palatino; font-size: 120%; color: #333399;\">Mejora la digesti\u00f3n y la circulaci\u00f3n sangu\u00ednea<\/span><\/li>\n<li><span style=\"font-family: 'Book Antiqua', Palatino; font-size: 120%; color: #333399;\">Alivia la tensi\u00f3n, los dolores de cabeza, los s\u00edntomas hormonales y los trastornos menstruales<\/span><\/li>\n<li><span style=\"font-family: 'Book Antiqua', Palatino; font-size: 120%; color: #333399;\">Reducir los s\u00edntomas de la electrosensibilidad<\/span><\/li>\n<\/ul>\n<p><span style=\"font-family: 'Book Antiqua', Palatino; font-size: 120%; color: #ed1c24;\">Esta informaci\u00f3n no sustituye en modo alguno el consejo de su m\u00e9dico y no pretende tratar ni curar ninguna afecci\u00f3n m\u00e9dica. Para cualquier problema de salud, consulte a su m\u00e9dico.<\/span><\/p>\n<h3><span style=\"font-family: 'Book Antiqua', Palatino; font-size: 120%; color: #333399;\">F\u00e1cil de instalar<\/span><\/h3>\n<p><span style=\"font-family: 'Book Antiqua', Palatino; font-size: 120%; color: #333399;\">Basta con enchufar la esterilla a una toma de corriente con toma de tierra utilizando el cable y el enchufe suministrados. En contacto directo con la piel o bajo un pa\u00f1o fino, la esterilla comienza inmediatamente a conducir la energ\u00eda natural de la Tierra.<\/span><\/p>\n<p><span style=\"font-family: 'Book Antiqua', Palatino; font-size: 120%; color: #333399;\">Debe conectarse a una toma con toma de tierra.<\/span><\/p>\n<h3><span style=\"font-family: 'Book Antiqua', Palatino; font-size: 120%; color: #333399;\">Especificaciones t\u00e9cnicas<\/span><\/h3>\n<p><span style=\"font-family: 'Book Antiqua', Palatino; font-size: 120%; color: #333399;\">Dimensiones: 68 x 25 cm<\/span><\/p>\n<p><span style=\"font-family: 'Book Antiqua', Palatino; font-size: 120%; color: #333399;\">Fabricado a partir de un n\u00facleo de espuma con una capa de carbono conductor.<\/span><\/p>\n<p><span style=\"font-family: 'Book Antiqua', Palatino; font-size: 120%; color: #333399;\">Se suministra con cable de toma de tierra de 4,60 m y enchufe.<\/span><\/p>\n<p><span style=\"font-family: 'Book Antiqua', Palatino; font-size: 120%; color: #333399;\">F\u00e1cil de limpiar (pasar un pa\u00f1o suave)<\/span><\/p>\n<h3><span style=\"font-family: 'Book Antiqua', Palatino; font-size: 120%; color: #333399;\">Consejo de Agara<\/span><\/h3>\n<p><span style=\"font-family: 'Book Antiqua', Palatino; font-size: 120%; color: #333399;\">Para que la toma de tierra sea eficaz, es esencial comprobar la calidad de su sistema de toma de tierra, ya sea con un dispositivo adecuado (comprobador de sistemas de toma de tierra, medidor de toma de tierra Tohm-E o Catohm DT-300) o recurriendo a un profesional que disponga del equipo adecuado.\u00a0<\/span><\/p>\n<p><span style=\"font-family: 'Book Antiqua', Palatino; font-size: 120%; color: #ed1c24;\">Si las instalaciones el\u00e9ctricas son demasiado antiguas o est\u00e1n mal instaladas, la toma de tierra puede ser inadecuada o inexistente.<\/span><\/p>\n<p><span style=\"font-family: 'Book Antiqua', Palatino; font-size: 120%; color: #ed1c24;\">Tambi\u00e9n es muy importante reducir al m\u00ednimo los campos el\u00e9ctricos en la habitaci\u00f3n (radiodespertadores, l\u00e1mparas de cabecera, tomas de corriente y alargadores sin apantallar), para evitar que interfieran con el sistema de puesta a tierra. No dudes en medirlos o hacer que te los midan.\u00a0<\/span><\/p>","protected":false},"excerpt":{"rendered":"<p><span style=\"font-family: 'Book Antiqua', Palatino; font-size: 120%; color: #333399;\">Descubra\u00a0<strong>los beneficios de la toma de tierra<\/strong> con nuestra alfombrilla de toma de tierra universal.\u00a0<\/span><\/p>\n<p><span style=\"font-family: 'Book Antiqua', Palatino; font-size: 120%; color: #333399;\"><strong>Ideal para la oficina, en la cama o simplemente para relajarse.<\/strong>Le reconecta con la energ\u00eda natural de la Tierra para favorecer un sue\u00f1o reparador, reducir el estr\u00e9s y mejorar su vitalidad.\u00a0<\/span><\/p>\n<p><span style=\"font-family: 'Book Antiqua', Palatino; font-size: 120%; color: #333399;\">Se suministra con cable y clavija de conexi\u00f3n a tierra.\u00a0<\/span><\/p>\n<p><span style=\"font-family: 'Book Antiqua', Palatino; font-size: 120%; color: #333399;\">Dimensiones: 68 x 25 cm.\u00a0<\/span><\/p>\n<p><span style=\"font-family: 'Book Antiqua', Palatino; font-size: 120%; color: #333399;\">Cabe bajo el teclado y el rat\u00f3n en el escritorio, bajo los pies descalzos, en la cama, etc.<\/span><\/p>","protected":false},"featured_media":1755,"comment_status":"open","ping_status":"closed","template":"","meta":[],"product_brand":[267],"product_cat":[164],"product_tag":[246,247,249,245,253,184],"class_list":{"0":"post-1753","1":"product","2":"type-product","3":"status-publish","4":"has-post-thumbnail","6":"product_brand-earthing","7":"product_cat-baubiologie","8":"product_tag-bureau","9":"product_tag-chambre","10":"product_tag-electromagnetisme","11":"product_tag-maison","12":"product_tag-meditation","13":"product_tag-yoga","15":"first","16":"instock","17":"taxable","18":"shipping-taxable","19":"purchasable","20":"product-type-simple"},"yoast_head":"<!-- This site is optimized with the Yoast SEO Premium plugin v25.1 (Yoast SEO v27.6) - https:\/\/yoast.com\/product\/yoast-seo-premium-wordpress\/ -->\n<title>Tapis universel de mise \u00e0 la terre Earthing | Agara<\/title>\n<meta name=\"description\" content=\"D\u00e9couvrez\u00a0les bienfaits de la mise \u00e0 la terre avec notre tapis universel de mise \u00e0 la terre earthing.\u00a0Id\u00e9al pour le bureau, le lit ou les moments de d\u00e9tente, il vous reconnecte \u00e0 l\u2019\u00e9nergie naturelle de la Terre pour favoriser un sommeil r\u00e9parateur, r\u00e9duire le stress et am\u00e9liorer votre vitalit\u00e9.\u00a0Livr\u00e9 avec un c\u00e2ble et une fiche de raccordement \u00e0 la terre.\u00a0Dimensions : 68 x 25 cm.\u00a0Se place sous le clavier et la souris sur le bureau, sous les pieds nus, dans le lit, etc.\" \/>\n<meta name=\"robots\" content=\"index, follow, max-snippet:-1, max-image-preview:large, max-video-preview:-1\" \/>\n<link rel=\"canonical\" href=\"https:\/\/369agara.com\/es\/producto\/tapis-universel\/\" \/>\n<meta property=\"og:locale\" content=\"es_ES\" \/>\n<meta property=\"og:type\" content=\"article\" \/>\n<meta property=\"og:title\" content=\"Tapis universel de mise \u00e0 la terre Earthing\" \/>\n<meta property=\"og:description\" content=\"D\u00e9couvrez\u00a0les bienfaits de la mise \u00e0 la terre avec notre tapis universel de mise \u00e0 la terre earthing.\u00a0Id\u00e9al pour le bureau, le lit ou les moments de d\u00e9tente, il vous reconnecte \u00e0 l\u2019\u00e9nergie naturelle de la Terre pour favoriser un sommeil r\u00e9parateur, r\u00e9duire le stress et am\u00e9liorer votre vitalit\u00e9.\u00a0Livr\u00e9 avec un c\u00e2ble et une fiche de raccordement \u00e0 la terre.\u00a0Dimensions : 68 x 25 cm.\u00a0Se place sous le clavier et la souris sur le bureau, sous les pieds nus, dans le lit, etc.\" \/>\n<meta property=\"og:url\" content=\"https:\/\/369agara.com\/es\/producto\/tapis-universel\/\" \/>\n<meta property=\"og:site_name\" content=\"Agara\" \/>\n<meta property=\"article:modified_time\" content=\"2025-05-15T20:01:20+00:00\" \/>\n<meta property=\"og:image\" content=\"https:\/\/369agara.com\/wp-content\/uploads\/2023\/08\/tapis-universel-de-mise-a-la-terre-earthing.jpg\" \/>\n\t<meta property=\"og:image:width\" content=\"800\" \/>\n\t<meta property=\"og:image:height\" content=\"800\" \/>\n\t<meta property=\"og:image:type\" content=\"image\/jpeg\" \/>\n<meta name=\"twitter:card\" content=\"summary_large_image\" \/>\n<meta name=\"twitter:label1\" content=\"Tiempo de lectura\" \/>\n\t<meta name=\"twitter:data1\" content=\"4 minutos\" \/>\n<script type=\"application\/ld+json\" class=\"yoast-schema-graph\">{\"@context\":\"https:\\\/\\\/schema.org\",\"@graph\":[{\"@type\":\"WebPage\",\"@id\":\"https:\\\/\\\/369agara.com\\\/produit\\\/tapis-universel\\\/\",\"url\":\"https:\\\/\\\/369agara.com\\\/produit\\\/tapis-universel\\\/\",\"name\":\"Tapis universel de mise \u00e0 la terre Earthing | Agara\",\"isPartOf\":{\"@id\":\"https:\\\/\\\/369agara.com\\\/#website\"},\"primaryImageOfPage\":{\"@id\":\"https:\\\/\\\/369agara.com\\\/produit\\\/tapis-universel\\\/#primaryimage\"},\"image\":{\"@id\":\"https:\\\/\\\/369agara.com\\\/produit\\\/tapis-universel\\\/#primaryimage\"},\"thumbnailUrl\":\"https:\\\/\\\/369agara.com\\\/wp-content\\\/uploads\\\/2023\\\/08\\\/tapis-universel-de-mise-a-la-terre-earthing.jpg\",\"datePublished\":\"2023-08-21T16:20:43+00:00\",\"dateModified\":\"2025-05-15T20:01:20+00:00\",\"description\":\"D\u00e9couvrez\u00a0les bienfaits de la mise \u00e0 la terre avec notre tapis universel de mise \u00e0 la terre earthing.\u00a0Id\u00e9al pour le bureau, le lit ou les moments de d\u00e9tente, il vous reconnecte \u00e0 l\u2019\u00e9nergie naturelle de la Terre pour favoriser un sommeil r\u00e9parateur, r\u00e9duire le stress et am\u00e9liorer votre vitalit\u00e9.\u00a0Livr\u00e9 avec un c\u00e2ble et une fiche de raccordement \u00e0 la terre.\u00a0Dimensions : 68 x 25 cm.\u00a0Se place sous le clavier et la souris sur le bureau, sous les pieds nus, dans le lit, etc.\",\"breadcrumb\":{\"@id\":\"https:\\\/\\\/369agara.com\\\/produit\\\/tapis-universel\\\/#breadcrumb\"},\"inLanguage\":\"es\",\"potentialAction\":[{\"@type\":\"ReadAction\",\"target\":[\"https:\\\/\\\/369agara.com\\\/produit\\\/tapis-universel\\\/\"]}]},{\"@type\":\"ImageObject\",\"inLanguage\":\"es\",\"@id\":\"https:\\\/\\\/369agara.com\\\/produit\\\/tapis-universel\\\/#primaryimage\",\"url\":\"https:\\\/\\\/369agara.com\\\/wp-content\\\/uploads\\\/2023\\\/08\\\/tapis-universel-de-mise-a-la-terre-earthing.jpg\",\"contentUrl\":\"https:\\\/\\\/369agara.com\\\/wp-content\\\/uploads\\\/2023\\\/08\\\/tapis-universel-de-mise-a-la-terre-earthing.jpg\",\"width\":800,\"height\":800},{\"@type\":\"BreadcrumbList\",\"@id\":\"https:\\\/\\\/369agara.com\\\/produit\\\/tapis-universel\\\/#breadcrumb\",\"itemListElement\":[{\"@type\":\"ListItem\",\"position\":1,\"name\":\"Accueil\",\"item\":\"https:\\\/\\\/369agara.com\\\/\"},{\"@type\":\"ListItem\",\"position\":2,\"name\":\"La boutique\",\"item\":\"https:\\\/\\\/369agara.com\\\/la-boutique\\\/\"},{\"@type\":\"ListItem\",\"position\":3,\"name\":\"Tapis universel de mise \u00e0 la terre Earthing\"}]},{\"@type\":\"WebSite\",\"@id\":\"https:\\\/\\\/369agara.com\\\/#website\",\"url\":\"https:\\\/\\\/369agara.com\\\/\",\"name\":\"Livsrikedomar\",\"description\":\"D\u00e9connectez pour mieux vous connecter\",\"publisher\":{\"@id\":\"https:\\\/\\\/369agara.com\\\/#organization\"},\"potentialAction\":[{\"@type\":\"SearchAction\",\"target\":{\"@type\":\"EntryPoint\",\"urlTemplate\":\"https:\\\/\\\/369agara.com\\\/?s={search_term_string}\"},\"query-input\":{\"@type\":\"PropertyValueSpecification\",\"valueRequired\":true,\"valueName\":\"search_term_string\"}}],\"inLanguage\":\"es\"},{\"@type\":\"Organization\",\"@id\":\"https:\\\/\\\/369agara.com\\\/#organization\",\"name\":\"EACreations\",\"url\":\"https:\\\/\\\/369agara.com\\\/\",\"logo\":{\"@type\":\"ImageObject\",\"inLanguage\":\"es\",\"@id\":\"https:\\\/\\\/369agara.com\\\/#\\\/schema\\\/logo\\\/image\\\/\",\"url\":\"\",\"contentUrl\":\"\",\"caption\":\"EACreations\"},\"image\":{\"@id\":\"https:\\\/\\\/369agara.com\\\/#\\\/schema\\\/logo\\\/image\\\/\"}}]}<\/script>\n<!-- \/ Yoast SEO Premium plugin. -->","yoast_head_json":{"title":"Tapis universel de mise \u00e0 la terre Earthing | Agara","description":"D\u00e9couvrez\u00a0les bienfaits de la mise \u00e0 la terre avec notre tapis universel de mise \u00e0 la terre earthing.\u00a0Id\u00e9al pour le bureau, le lit ou les moments de d\u00e9tente, il vous reconnecte \u00e0 l\u2019\u00e9nergie naturelle de la Terre pour favoriser un sommeil r\u00e9parateur, r\u00e9duire le stress et am\u00e9liorer votre vitalit\u00e9.\u00a0Livr\u00e9 avec un c\u00e2ble et une fiche de raccordement \u00e0 la terre.\u00a0Dimensions : 68 x 25 cm.\u00a0Se place sous le clavier et la souris sur le bureau, sous les pieds nus, dans le lit, etc.","robots":{"index":"index","follow":"follow","max-snippet":"max-snippet:-1","max-image-preview":"max-image-preview:large","max-video-preview":"max-video-preview:-1"},"canonical":"https:\/\/369agara.com\/es\/producto\/tapis-universel\/","og_locale":"es_ES","og_type":"article","og_title":"Tapis universel de mise \u00e0 la terre Earthing","og_description":"D\u00e9couvrez\u00a0les bienfaits de la mise \u00e0 la terre avec notre tapis universel de mise \u00e0 la terre earthing.\u00a0Id\u00e9al pour le bureau, le lit ou les moments de d\u00e9tente, il vous reconnecte \u00e0 l\u2019\u00e9nergie naturelle de la Terre pour favoriser un sommeil r\u00e9parateur, r\u00e9duire le stress et am\u00e9liorer votre vitalit\u00e9.\u00a0Livr\u00e9 avec un c\u00e2ble et une fiche de raccordement \u00e0 la terre.\u00a0Dimensions : 68 x 25 cm.\u00a0Se place sous le clavier et la souris sur le bureau, sous les pieds nus, dans le lit, etc.","og_url":"https:\/\/369agara.com\/es\/producto\/tapis-universel\/","og_site_name":"Agara","article_modified_time":"2025-05-15T20:01:20+00:00","og_image":[{"width":800,"height":800,"url":"https:\/\/369agara.com\/wp-content\/uploads\/2023\/08\/tapis-universel-de-mise-a-la-terre-earthing.jpg","type":"image\/jpeg"}],"twitter_card":"summary_large_image","twitter_misc":{"Tiempo de lectura":"4 minutos"},"schema":{"@context":"https:\/\/schema.org","@graph":[{"@type":"WebPage","@id":"https:\/\/369agara.com\/produit\/tapis-universel\/","url":"https:\/\/369agara.com\/produit\/tapis-universel\/","name":"Tapis universel de mise \u00e0 la terre Earthing | Agara","isPartOf":{"@id":"https:\/\/369agara.com\/#website"},"primaryImageOfPage":{"@id":"https:\/\/369agara.com\/produit\/tapis-universel\/#primaryimage"},"image":{"@id":"https:\/\/369agara.com\/produit\/tapis-universel\/#primaryimage"},"thumbnailUrl":"https:\/\/369agara.com\/wp-content\/uploads\/2023\/08\/tapis-universel-de-mise-a-la-terre-earthing.jpg","datePublished":"2023-08-21T16:20:43+00:00","dateModified":"2025-05-15T20:01:20+00:00","description":"D\u00e9couvrez\u00a0les bienfaits de la mise \u00e0 la terre avec notre tapis universel de mise \u00e0 la terre earthing.\u00a0Id\u00e9al pour le bureau, le lit ou les moments de d\u00e9tente, il vous reconnecte \u00e0 l\u2019\u00e9nergie naturelle de la Terre pour favoriser un sommeil r\u00e9parateur, r\u00e9duire le stress et am\u00e9liorer votre vitalit\u00e9.\u00a0Livr\u00e9 avec un c\u00e2ble et une fiche de raccordement \u00e0 la terre.\u00a0Dimensions : 68 x 25 cm.\u00a0Se place sous le clavier et la souris sur le bureau, sous les pieds nus, dans le lit, etc.","breadcrumb":{"@id":"https:\/\/369agara.com\/produit\/tapis-universel\/#breadcrumb"},"inLanguage":"es","potentialAction":[{"@type":"ReadAction","target":["https:\/\/369agara.com\/produit\/tapis-universel\/"]}]},{"@type":"ImageObject","inLanguage":"es","@id":"https:\/\/369agara.com\/produit\/tapis-universel\/#primaryimage","url":"https:\/\/369agara.com\/wp-content\/uploads\/2023\/08\/tapis-universel-de-mise-a-la-terre-earthing.jpg","contentUrl":"https:\/\/369agara.com\/wp-content\/uploads\/2023\/08\/tapis-universel-de-mise-a-la-terre-earthing.jpg","width":800,"height":800},{"@type":"BreadcrumbList","@id":"https:\/\/369agara.com\/produit\/tapis-universel\/#breadcrumb","itemListElement":[{"@type":"ListItem","position":1,"name":"Accueil","item":"https:\/\/369agara.com\/"},{"@type":"ListItem","position":2,"name":"La boutique","item":"https:\/\/369agara.com\/la-boutique\/"},{"@type":"ListItem","position":3,"name":"Tapis universel de mise \u00e0 la terre Earthing"}]},{"@type":"WebSite","@id":"https:\/\/369agara.com\/#website","url":"https:\/\/369agara.com\/","name":"Livsrikedomar","description":"Desconectar para conectar mejor","publisher":{"@id":"https:\/\/369agara.com\/#organization"},"potentialAction":[{"@type":"SearchAction","target":{"@type":"EntryPoint","urlTemplate":"https:\/\/369agara.com\/?s={search_term_string}"},"query-input":{"@type":"PropertyValueSpecification","valueRequired":true,"valueName":"search_term_string"}}],"inLanguage":"es"},{"@type":"Organization","@id":"https:\/\/369agara.com\/#organization","name":"EACreations","url":"https:\/\/369agara.com\/","logo":{"@type":"ImageObject","inLanguage":"es","@id":"https:\/\/369agara.com\/#\/schema\/logo\/image\/","url":"","contentUrl":"","caption":"EACreations"},"image":{"@id":"https:\/\/369agara.com\/#\/schema\/logo\/image\/"}}]}},"jetpack_sharing_enabled":true,"_links":{"self":[{"href":"https:\/\/369agara.com\/es\/wp-json\/wp\/v2\/product\/1753","targetHints":{"allow":["GET"]}}],"collection":[{"href":"https:\/\/369agara.com\/es\/wp-json\/wp\/v2\/product"}],"about":[{"href":"https:\/\/369agara.com\/es\/wp-json\/wp\/v2\/types\/product"}],"replies":[{"embeddable":true,"href":"https:\/\/369agara.com\/es\/wp-json\/wp\/v2\/comments?post=1753"}],"wp:featuredmedia":[{"embeddable":true,"href":"https:\/\/369agara.com\/es\/wp-json\/wp\/v2\/media\/1755"}],"wp:attachment":[{"href":"https:\/\/369agara.com\/es\/wp-json\/wp\/v2\/media?parent=1753"}],"wp:term":[{"taxonomy":"product_brand","embeddable":true,"href":"https:\/\/369agara.com\/es\/wp-json\/wp\/v2\/product_brand?post=1753"},{"taxonomy":"product_cat","embeddable":true,"href":"https:\/\/369agara.com\/es\/wp-json\/wp\/v2\/product_cat?post=1753"},{"taxonomy":"product_tag","embeddable":true,"href":"https:\/\/369agara.com\/es\/wp-json\/wp\/v2\/product_tag?post=1753"}],"curies":[{"name":"wp","href":"https:\/\/api.w.org\/{rel}","templated":true}]}}