{"id":1759,"date":"2023-08-26T13:26:38","date_gmt":"2023-08-26T11:26:38","guid":{"rendered":"https:\/\/369agara.com\/?post_type=product&#038;p=1759"},"modified":"2025-05-15T22:00:57","modified_gmt":"2025-05-15T20:00:57","slug":"tapis-yoga-fitness","status":"publish","type":"product","link":"https:\/\/369agara.com\/es\/producto\/tapis-yoga-fitness\/","title":{"rendered":"Esterilla de yoga Earthing Sin PVC ni l\u00e1tex"},"content":{"rendered":"<p><span style=\"font-family: 'Book Antiqua', Palatino; font-size: 120%; color: #333399;\">Combina actividad f\u00edsica y earthing con la esterilla de yoga Earthing, dise\u00f1ada para evacuar las cargas electrost\u00e1ticas de tu cuerpo mientras practicas tus ejercicios favoritos.<\/span><\/p>\n<p><span style=\"font-family: 'Book Antiqua', Palatino; font-size: 120%; color: #333399;\">Tanto si practicas yoga, estiramientos, meditaci\u00f3n o relajaci\u00f3n, esta esterilla te reconecta de forma natural con la energ\u00eda de la Tierra.<\/span><\/p>\n<h3><span style=\"font-family: 'Book Antiqua', Palatino; font-size: 120%; color: #333399;\">Una alfombra dise\u00f1ada para el confort y la salud<\/span><\/h3>\n<ul>\n<li><span style=\"font-family: 'Book Antiqua', Palatino; font-size: 120%; color: #333399;\">Dimensiones generosas: 183 x 61 cm, perfectas para tumbarse y moverse con libertad.<\/span><\/li>\n<li><span style=\"font-family: 'Book Antiqua', Palatino; font-size: 120%; color: #333399;\">Sin PVC ni l\u00e1tex: un material que respeta su piel y el medio ambiente.<\/span><\/li>\n<li><span style=\"font-family: 'Book Antiqua', Palatino; font-size: 120%; color: #333399;\">Se recomienda el contacto directo con la piel para una toma de tierra \u00f3ptima.<\/span><\/li>\n<\/ul>\n<h3><span style=\"font-family: 'Book Antiqua', Palatino; font-size: 120%; color: #333399;\">Toma de tierra eficaz en interiores y exteriores<\/span><\/h3>\n<p><span style=\"font-family: 'Book Antiqua', Palatino; font-size: 120%; color: #333399;\">La alfombrilla se suministra con :<\/span><\/p>\n<ul>\n<li><span style=\"font-family: 'Book Antiqua', Palatino; font-size: 120%; color: #333399;\">1 cord\u00f3n magn\u00e9tico de seguridad (se suelta si se tira bruscamente),<\/span><\/li>\n<li><span style=\"font-family: 'Book Antiqua', Palatino; font-size: 120%; color: #333399;\">1 cable de conexi\u00f3n de 4,60 m,<\/span><\/li>\n<li><span style=\"font-family: 'Book Antiqua', Palatino; font-size: 120%; color: #333399;\">1 clavija con toma de tierra (s\u00f3lo para enchufes con toma de tierra).<\/span><\/li>\n<\/ul>\n<p><span style=\"font-family: 'Book Antiqua', Palatino; font-size: 120%; color: #333399;\">En el exterior, puede conectarse a una barra met\u00e1lica de toma de tierra. La alfombrilla se limpia f\u00e1cilmente con una esponja y agua jabonosa.<\/span><\/p>\n<h3><span style=\"font-family: 'Book Antiqua', Palatino; font-size: 120%; color: #333399;\">Los beneficios de Earthing durante sus sesiones<\/span><\/h3>\n<p><span style=\"font-family: 'Book Antiqua', Palatino; font-size: 120%; color: #333399;\">Si se utiliza con regularidad, esta esterilla de yoga conectada con la Tierra puede :<\/span><\/p>\n<ul>\n<li><span style=\"font-family: 'Book Antiqua', Palatino; font-size: 120%; color: #333399;\">Reducir el estr\u00e9s y la ansiedad,<\/span><\/li>\n<li><span style=\"font-family: 'Book Antiqua', Palatino; font-size: 120%; color: #333399;\">Favorecer la recuperaci\u00f3n muscular,<\/span><\/li>\n<li><span style=\"font-family: 'Book Antiqua', Palatino; font-size: 120%; color: #333399;\">Reducir la inflamaci\u00f3n relacionada con el estr\u00e9s,<\/span><\/li>\n<li><span style=\"font-family: 'Book Antiqua', Palatino; font-size: 120%; color: #333399;\">Mejora de la energ\u00eda vital,<\/span><\/li>\n<li><span style=\"font-family: 'Book Antiqua', Palatino; font-size: 120%; color: #333399;\">Ofrece un momento de anclaje profundo durante la meditaci\u00f3n o las posturas de yoga.<\/span><\/li>\n<\/ul>\n<h3><span style=\"font-family: 'Book Antiqua', Palatino; font-size: 120%; color: #333399;\">\u00bfQu\u00e9 es la toma de tierra?<\/span><\/h3>\n<p><span style=\"font-family: 'Book Antiqua', Palatino; font-size: 120%; color: #333399;\">Earthing (o conexi\u00f3n a tierra) consiste en volver a conectarse el\u00e9ctricamente a la Tierra para restablecer el equilibrio natural del cuerpo. Inspirado en el trabajo de Clinton Ober, \"Connect to the Earth, perhaps the most important discovery about health\", este concepto se basa en el contacto directo del cuerpo con superficies conductoras conectadas a la tierra.<\/span><\/p>\n<p><span style=\"font-family: 'Book Antiqua', Palatino; font-size: 120%; color: #333399;\">Los efectos beneficiosos observados :<\/span><\/p>\n<ul>\n<li><span style=\"font-family: 'Book Antiqua', Palatino; font-size: 120%; color: #333399;\">Refuerza el sistema inmunitario,<\/span><\/li>\n<li><span style=\"font-family: 'Book Antiqua', Palatino; font-size: 120%; color: #333399;\">Mejora el sue\u00f1o y la digesti\u00f3n,<\/span><\/li>\n<li><span style=\"font-family: 'Book Antiqua', Palatino; font-size: 120%; color: #333399;\">Alivia los dolores musculares y hormonales,<\/span><\/li>\n<li><span style=\"font-family: 'Book Antiqua', Palatino; font-size: 120%; color: #333399;\">Reducci\u00f3n de la electrosensibilidad y la fatiga,<\/span><\/li>\n<li><span style=\"font-family: 'Book Antiqua', Palatino; font-size: 120%; color: #333399;\">Mejora la circulaci\u00f3n sangu\u00ednea y la recuperaci\u00f3n despu\u00e9s del ejercicio.<\/span><\/li>\n<\/ul>\n<p><span style=\"font-family: 'Book Antiqua', Palatino; font-size: 120%; color: #ed1c24;\">Este producto es un complemento de bienestar y no sustituye el consejo de un profesional de la salud. En caso de problemas de salud, consulte a su m\u00e9dico.<\/span><\/p>\n<h3><span style=\"font-family: 'Book Antiqua', Palatino; font-size: 120%; color: #333399;\">Especificaciones t\u00e9cnicas<\/span><\/h3>\n<p><span style=\"font-family: 'Book Antiqua', Palatino; font-size: 120%; color: #333399;\">Dimensiones: 61 x 183 cm<\/span><\/p>\n<p><span style=\"font-family: 'Book Antiqua', Palatino; font-size: 120%; color: #333399;\">Fabricado a partir de un n\u00facleo de espuma con una capa de carbono conductor.<\/span><\/p>\n<h3><span style=\"font-family: 'Book Antiqua', Palatino; font-size: 120%; color: #333399;\">Consejo de Agara<\/span><\/h3>\n<p><span style=\"font-family: 'Book Antiqua', Palatino; font-size: 120%; color: #333399;\">Para que la puesta a tierra sea eficaz, es esencial comprobar la calidad de su sistema de puesta a tierra, ya sea con un dispositivo adecuado (comprobador de puesta a tierra, medidor de puesta a tierra Tohm-E o Catohm DT-300) o recurriendo a un profesional con el equipo adecuado.\u00a0<\/span><\/p>\n<p><span style=\"font-family: 'Book Antiqua', Palatino; font-size: 120%; color: #ed1c24;\">Si las instalaciones el\u00e9ctricas son demasiado antiguas o est\u00e1n mal instaladas, la toma de tierra puede ser inadecuada o inexistente.<\/span><\/p>\n<p><span style=\"font-family: 'Book Antiqua', Palatino; font-size: 120%; color: #ed1c24;\">Tambi\u00e9n es muy importante reducir al m\u00ednimo los campos el\u00e9ctricos en la habitaci\u00f3n (radiodespertadores, l\u00e1mparas de cabecera, tomas de corriente y alargadores sin apantallar), para evitar que interfieran con el sistema de puesta a tierra. No dudes en medirlos o hacer que te los midan.\u00a0<\/span><\/p>","protected":false},"excerpt":{"rendered":"<p><span style=\"font-family: 'Book Antiqua', Palatino; font-size: 120%; color: #333399;\">Combine la actividad f\u00edsica y la conexi\u00f3n a tierra con la\u00a0<strong>Esterilla de yoga Earthing<\/strong>dise\u00f1ado para evacuar las cargas electrost\u00e1ticas de tu cuerpo mientras realizas tus ejercicios favoritos.\u00a0<\/span><\/p>\n<p><span style=\"font-family: 'Book Antiqua', Palatino; font-size: 120%; color: #333399;\">Tanto si practicas yoga, estiramientos, meditaci\u00f3n o relajaci\u00f3n, esta esterilla te reconecta de forma natural con la energ\u00eda de la Tierra.\u00a0<\/span><\/p>\n<p><span style=\"font-family: 'Book Antiqua', Palatino; font-size: 120%; color: #333399;\">Sin PVC, sin l\u00e1tex.<\/span><\/p>","protected":false},"featured_media":1760,"comment_status":"open","ping_status":"closed","template":"","meta":[],"product_brand":[267],"product_cat":[164],"product_tag":[246,247,249,252,245,184],"class_list":{"0":"post-1759","1":"product","2":"type-product","3":"status-publish","4":"has-post-thumbnail","6":"product_brand-earthing","7":"product_cat-baubiologie","8":"product_tag-bureau","9":"product_tag-chambre","10":"product_tag-electromagnetisme","11":"product_tag-fitness","12":"product_tag-maison","13":"product_tag-yoga","15":"first","16":"instock","17":"taxable","18":"shipping-taxable","19":"purchasable","20":"product-type-simple"},"yoast_head":"<!-- This site is optimized with the Yoast SEO Premium plugin v25.1 (Yoast SEO v27.4) - https:\/\/yoast.com\/product\/yoast-seo-premium-wordpress\/ -->\n<title>Tapis de yoga | fitness de mise \u00e0 la terre Earthing sans PVC \/ sans latex | Agara<\/title>\n<meta name=\"description\" content=\"Alliez activit\u00e9 physique et mise \u00e0 la terre gr\u00e2ce au\u00a0tapis de yoga Earthing, con\u00e7u pour \u00e9vacuer les charges \u00e9lectrostatiques de votre corps tout en pratiquant vos exercices pr\u00e9f\u00e9r\u00e9s.\u00a0Que vous fassiez du yoga, des \u00e9tirements, de la m\u00e9ditation ou de la relaxation, ce tapis vous reconnecte naturellement \u00e0 l\u2019\u00e9nergie de la Terre.\u00a0Sans PVC, sans latex.\" \/>\n<meta name=\"robots\" content=\"index, follow, max-snippet:-1, max-image-preview:large, max-video-preview:-1\" \/>\n<link rel=\"canonical\" href=\"https:\/\/369agara.com\/es\/producto\/tapis-yoga-fitness\/\" \/>\n<meta property=\"og:locale\" content=\"es_ES\" \/>\n<meta property=\"og:type\" content=\"article\" \/>\n<meta property=\"og:title\" content=\"Tapis de yoga | fitness de mise \u00e0 la terre Earthing sans PVC \/ sans latex\" \/>\n<meta property=\"og:description\" content=\"Alliez activit\u00e9 physique et mise \u00e0 la terre gr\u00e2ce au\u00a0tapis de yoga Earthing, con\u00e7u pour \u00e9vacuer les charges \u00e9lectrostatiques de votre corps tout en pratiquant vos exercices pr\u00e9f\u00e9r\u00e9s.\u00a0Que vous fassiez du yoga, des \u00e9tirements, de la m\u00e9ditation ou de la relaxation, ce tapis vous reconnecte naturellement \u00e0 l\u2019\u00e9nergie de la Terre.\u00a0Sans PVC, sans latex.\" \/>\n<meta property=\"og:url\" content=\"https:\/\/369agara.com\/es\/producto\/tapis-yoga-fitness\/\" \/>\n<meta property=\"og:site_name\" content=\"Agara\" \/>\n<meta property=\"article:modified_time\" content=\"2025-05-15T20:00:57+00:00\" \/>\n<meta property=\"og:image\" content=\"https:\/\/369agara.com\/wp-content\/uploads\/2023\/08\/tapis-de-yoga-fitness-de-mise-a-terre-earthing.jpg\" \/>\n\t<meta property=\"og:image:width\" content=\"800\" \/>\n\t<meta property=\"og:image:height\" content=\"800\" \/>\n\t<meta property=\"og:image:type\" content=\"image\/jpeg\" \/>\n<meta name=\"twitter:card\" content=\"summary_large_image\" \/>\n<meta name=\"twitter:label1\" content=\"Tiempo de lectura\" \/>\n\t<meta name=\"twitter:data1\" content=\"3 minutos\" \/>\n<script type=\"application\/ld+json\" class=\"yoast-schema-graph\">{\"@context\":\"https:\\\/\\\/schema.org\",\"@graph\":[{\"@type\":\"WebPage\",\"@id\":\"https:\\\/\\\/369agara.com\\\/produit\\\/tapis-yoga-fitness\\\/\",\"url\":\"https:\\\/\\\/369agara.com\\\/produit\\\/tapis-yoga-fitness\\\/\",\"name\":\"Tapis de yoga | fitness de mise \u00e0 la terre Earthing sans PVC \\\/ sans latex | Agara\",\"isPartOf\":{\"@id\":\"https:\\\/\\\/369agara.com\\\/#website\"},\"primaryImageOfPage\":{\"@id\":\"https:\\\/\\\/369agara.com\\\/produit\\\/tapis-yoga-fitness\\\/#primaryimage\"},\"image\":{\"@id\":\"https:\\\/\\\/369agara.com\\\/produit\\\/tapis-yoga-fitness\\\/#primaryimage\"},\"thumbnailUrl\":\"https:\\\/\\\/369agara.com\\\/wp-content\\\/uploads\\\/2023\\\/08\\\/tapis-de-yoga-fitness-de-mise-a-terre-earthing.jpg\",\"datePublished\":\"2023-08-26T11:26:38+00:00\",\"dateModified\":\"2025-05-15T20:00:57+00:00\",\"description\":\"Alliez activit\u00e9 physique et mise \u00e0 la terre gr\u00e2ce au\u00a0tapis de yoga Earthing, con\u00e7u pour \u00e9vacuer les charges \u00e9lectrostatiques de votre corps tout en pratiquant vos exercices pr\u00e9f\u00e9r\u00e9s.\u00a0Que vous fassiez du yoga, des \u00e9tirements, de la m\u00e9ditation ou de la relaxation, ce tapis vous reconnecte naturellement \u00e0 l\u2019\u00e9nergie de la Terre.\u00a0Sans PVC, sans latex.\",\"breadcrumb\":{\"@id\":\"https:\\\/\\\/369agara.com\\\/produit\\\/tapis-yoga-fitness\\\/#breadcrumb\"},\"inLanguage\":\"es\",\"potentialAction\":[{\"@type\":\"ReadAction\",\"target\":[\"https:\\\/\\\/369agara.com\\\/produit\\\/tapis-yoga-fitness\\\/\"]}]},{\"@type\":\"ImageObject\",\"inLanguage\":\"es\",\"@id\":\"https:\\\/\\\/369agara.com\\\/produit\\\/tapis-yoga-fitness\\\/#primaryimage\",\"url\":\"https:\\\/\\\/369agara.com\\\/wp-content\\\/uploads\\\/2023\\\/08\\\/tapis-de-yoga-fitness-de-mise-a-terre-earthing.jpg\",\"contentUrl\":\"https:\\\/\\\/369agara.com\\\/wp-content\\\/uploads\\\/2023\\\/08\\\/tapis-de-yoga-fitness-de-mise-a-terre-earthing.jpg\",\"width\":800,\"height\":800},{\"@type\":\"BreadcrumbList\",\"@id\":\"https:\\\/\\\/369agara.com\\\/produit\\\/tapis-yoga-fitness\\\/#breadcrumb\",\"itemListElement\":[{\"@type\":\"ListItem\",\"position\":1,\"name\":\"Accueil\",\"item\":\"https:\\\/\\\/369agara.com\\\/\"},{\"@type\":\"ListItem\",\"position\":2,\"name\":\"La boutique\",\"item\":\"https:\\\/\\\/369agara.com\\\/la-boutique\\\/\"},{\"@type\":\"ListItem\",\"position\":3,\"name\":\"Tapis de yoga | fitness de mise \u00e0 la terre Earthing sans PVC \\\/ sans latex\"}]},{\"@type\":\"WebSite\",\"@id\":\"https:\\\/\\\/369agara.com\\\/#website\",\"url\":\"https:\\\/\\\/369agara.com\\\/\",\"name\":\"Livsrikedomar\",\"description\":\"D\u00e9connectez pour mieux vous connecter\",\"publisher\":{\"@id\":\"https:\\\/\\\/369agara.com\\\/#organization\"},\"potentialAction\":[{\"@type\":\"SearchAction\",\"target\":{\"@type\":\"EntryPoint\",\"urlTemplate\":\"https:\\\/\\\/369agara.com\\\/?s={search_term_string}\"},\"query-input\":{\"@type\":\"PropertyValueSpecification\",\"valueRequired\":true,\"valueName\":\"search_term_string\"}}],\"inLanguage\":\"es\"},{\"@type\":\"Organization\",\"@id\":\"https:\\\/\\\/369agara.com\\\/#organization\",\"name\":\"EACreations\",\"url\":\"https:\\\/\\\/369agara.com\\\/\",\"logo\":{\"@type\":\"ImageObject\",\"inLanguage\":\"es\",\"@id\":\"https:\\\/\\\/369agara.com\\\/#\\\/schema\\\/logo\\\/image\\\/\",\"url\":\"\",\"contentUrl\":\"\",\"caption\":\"EACreations\"},\"image\":{\"@id\":\"https:\\\/\\\/369agara.com\\\/#\\\/schema\\\/logo\\\/image\\\/\"}}]}<\/script>\n<!-- \/ Yoast SEO Premium plugin. -->","yoast_head_json":{"title":"Tapis de yoga | fitness de mise \u00e0 la terre Earthing sans PVC \/ sans latex | Agara","description":"Alliez activit\u00e9 physique et mise \u00e0 la terre gr\u00e2ce au\u00a0tapis de yoga Earthing, con\u00e7u pour \u00e9vacuer les charges \u00e9lectrostatiques de votre corps tout en pratiquant vos exercices pr\u00e9f\u00e9r\u00e9s.\u00a0Que vous fassiez du yoga, des \u00e9tirements, de la m\u00e9ditation ou de la relaxation, ce tapis vous reconnecte naturellement \u00e0 l\u2019\u00e9nergie de la Terre.\u00a0Sans PVC, sans latex.","robots":{"index":"index","follow":"follow","max-snippet":"max-snippet:-1","max-image-preview":"max-image-preview:large","max-video-preview":"max-video-preview:-1"},"canonical":"https:\/\/369agara.com\/es\/producto\/tapis-yoga-fitness\/","og_locale":"es_ES","og_type":"article","og_title":"Tapis de yoga | fitness de mise \u00e0 la terre Earthing sans PVC \/ sans latex","og_description":"Alliez activit\u00e9 physique et mise \u00e0 la terre gr\u00e2ce au\u00a0tapis de yoga Earthing, con\u00e7u pour \u00e9vacuer les charges \u00e9lectrostatiques de votre corps tout en pratiquant vos exercices pr\u00e9f\u00e9r\u00e9s.\u00a0Que vous fassiez du yoga, des \u00e9tirements, de la m\u00e9ditation ou de la relaxation, ce tapis vous reconnecte naturellement \u00e0 l\u2019\u00e9nergie de la Terre.\u00a0Sans PVC, sans latex.","og_url":"https:\/\/369agara.com\/es\/producto\/tapis-yoga-fitness\/","og_site_name":"Agara","article_modified_time":"2025-05-15T20:00:57+00:00","og_image":[{"width":800,"height":800,"url":"https:\/\/369agara.com\/wp-content\/uploads\/2023\/08\/tapis-de-yoga-fitness-de-mise-a-terre-earthing.jpg","type":"image\/jpeg"}],"twitter_card":"summary_large_image","twitter_misc":{"Tiempo de lectura":"3 minutos"},"schema":{"@context":"https:\/\/schema.org","@graph":[{"@type":"WebPage","@id":"https:\/\/369agara.com\/produit\/tapis-yoga-fitness\/","url":"https:\/\/369agara.com\/produit\/tapis-yoga-fitness\/","name":"Tapis de yoga | fitness de mise \u00e0 la terre Earthing sans PVC \/ sans latex | Agara","isPartOf":{"@id":"https:\/\/369agara.com\/#website"},"primaryImageOfPage":{"@id":"https:\/\/369agara.com\/produit\/tapis-yoga-fitness\/#primaryimage"},"image":{"@id":"https:\/\/369agara.com\/produit\/tapis-yoga-fitness\/#primaryimage"},"thumbnailUrl":"https:\/\/369agara.com\/wp-content\/uploads\/2023\/08\/tapis-de-yoga-fitness-de-mise-a-terre-earthing.jpg","datePublished":"2023-08-26T11:26:38+00:00","dateModified":"2025-05-15T20:00:57+00:00","description":"Alliez activit\u00e9 physique et mise \u00e0 la terre gr\u00e2ce au\u00a0tapis de yoga Earthing, con\u00e7u pour \u00e9vacuer les charges \u00e9lectrostatiques de votre corps tout en pratiquant vos exercices pr\u00e9f\u00e9r\u00e9s.\u00a0Que vous fassiez du yoga, des \u00e9tirements, de la m\u00e9ditation ou de la relaxation, ce tapis vous reconnecte naturellement \u00e0 l\u2019\u00e9nergie de la Terre.\u00a0Sans PVC, sans latex.","breadcrumb":{"@id":"https:\/\/369agara.com\/produit\/tapis-yoga-fitness\/#breadcrumb"},"inLanguage":"es","potentialAction":[{"@type":"ReadAction","target":["https:\/\/369agara.com\/produit\/tapis-yoga-fitness\/"]}]},{"@type":"ImageObject","inLanguage":"es","@id":"https:\/\/369agara.com\/produit\/tapis-yoga-fitness\/#primaryimage","url":"https:\/\/369agara.com\/wp-content\/uploads\/2023\/08\/tapis-de-yoga-fitness-de-mise-a-terre-earthing.jpg","contentUrl":"https:\/\/369agara.com\/wp-content\/uploads\/2023\/08\/tapis-de-yoga-fitness-de-mise-a-terre-earthing.jpg","width":800,"height":800},{"@type":"BreadcrumbList","@id":"https:\/\/369agara.com\/produit\/tapis-yoga-fitness\/#breadcrumb","itemListElement":[{"@type":"ListItem","position":1,"name":"Accueil","item":"https:\/\/369agara.com\/"},{"@type":"ListItem","position":2,"name":"La boutique","item":"https:\/\/369agara.com\/la-boutique\/"},{"@type":"ListItem","position":3,"name":"Tapis de yoga | fitness de mise \u00e0 la terre Earthing sans PVC \/ sans latex"}]},{"@type":"WebSite","@id":"https:\/\/369agara.com\/#website","url":"https:\/\/369agara.com\/","name":"Livsrikedomar","description":"Desconectar para conectar mejor","publisher":{"@id":"https:\/\/369agara.com\/#organization"},"potentialAction":[{"@type":"SearchAction","target":{"@type":"EntryPoint","urlTemplate":"https:\/\/369agara.com\/?s={search_term_string}"},"query-input":{"@type":"PropertyValueSpecification","valueRequired":true,"valueName":"search_term_string"}}],"inLanguage":"es"},{"@type":"Organization","@id":"https:\/\/369agara.com\/#organization","name":"EACreations","url":"https:\/\/369agara.com\/","logo":{"@type":"ImageObject","inLanguage":"es","@id":"https:\/\/369agara.com\/#\/schema\/logo\/image\/","url":"","contentUrl":"","caption":"EACreations"},"image":{"@id":"https:\/\/369agara.com\/#\/schema\/logo\/image\/"}}]}},"jetpack_sharing_enabled":true,"_links":{"self":[{"href":"https:\/\/369agara.com\/es\/wp-json\/wp\/v2\/product\/1759","targetHints":{"allow":["GET"]}}],"collection":[{"href":"https:\/\/369agara.com\/es\/wp-json\/wp\/v2\/product"}],"about":[{"href":"https:\/\/369agara.com\/es\/wp-json\/wp\/v2\/types\/product"}],"replies":[{"embeddable":true,"href":"https:\/\/369agara.com\/es\/wp-json\/wp\/v2\/comments?post=1759"}],"wp:featuredmedia":[{"embeddable":true,"href":"https:\/\/369agara.com\/es\/wp-json\/wp\/v2\/media\/1760"}],"wp:attachment":[{"href":"https:\/\/369agara.com\/es\/wp-json\/wp\/v2\/media?parent=1759"}],"wp:term":[{"taxonomy":"product_brand","embeddable":true,"href":"https:\/\/369agara.com\/es\/wp-json\/wp\/v2\/product_brand?post=1759"},{"taxonomy":"product_cat","embeddable":true,"href":"https:\/\/369agara.com\/es\/wp-json\/wp\/v2\/product_cat?post=1759"},{"taxonomy":"product_tag","embeddable":true,"href":"https:\/\/369agara.com\/es\/wp-json\/wp\/v2\/product_tag?post=1759"}],"curies":[{"name":"wp","href":"https:\/\/api.w.org\/{rel}","templated":true}]}}