{"id":1764,"date":"2023-09-18T20:22:35","date_gmt":"2023-09-18T18:22:35","guid":{"rendered":"https:\/\/369agara.com\/?post_type=product&#038;p=1764"},"modified":"2025-05-15T22:00:00","modified_gmt":"2025-05-15T20:00:00","slug":"lampe-chevet-rome","status":"publish","type":"product","link":"https:\/\/369agara.com\/es\/producto\/lampe-chevet-rome\/","title":{"rendered":"L\u00e1mpara de mesilla de noche blindada \"Roma\" de Biologa Danell"},"content":{"rendered":"<p><span style=\"font-family: 'Book Antiqua', Palatino; font-size: 120%; color: #333399;\"><strong>La l\u00e1mpara de cabecera apantallada \"Roma\" de Biologa Danell protege de los campos el\u00e9ctricos y magn\u00e9ticos de baja frecuencia.<\/strong><\/span><\/p>\n<p><span style=\"font-family: 'Book Antiqua', Palatino; font-size: 120%; color: #333399;\">Es ideal como l\u00e1mpara de mesilla de noche o como l\u00e1mpara de sobremesa en el sal\u00f3n, el comedor, etc.<\/span><\/p>\n<p><span style=\"font-family: 'Book Antiqua', Palatino; font-size: 120%; color: #333399;\">Esta l\u00e1mpara ha sido dise\u00f1ada para combinar perfectamente con la l\u00e1mpara de techo apantallada Danell Biologa.<\/span><\/p>\n<p><span style=\"font-family: 'Book Antiqua', Palatino; font-size: 120%; color: #333399;\">Adem\u00e1s, combina un dise\u00f1o elegante con la facilidad de uso (interruptor tirador, lectura clara). Su pantalla cil\u00edndrica aporta un toque de modernidad y originalidad a cualquier interior.<\/span><\/p>\n<p><span style=\"font-family: 'Book Antiqua', Palatino; font-size: 120%; color: #333399;\">La base es de madera de haya torneada. Cada pie torneado difiere en color y veta del siguiente, por lo que su l\u00e1mpara es \u00fanica.<\/span><\/p>\n<p><span style=\"font-family: 'Book Antiqua', Palatino; font-size: 120%; color: #333399;\">La pantalla est\u00e1 hecha de cart\u00f3n por dentro y recubierta de tela de ortiga de color natural por fuera.<\/span><\/p>\n<h3><span style=\"font-family: 'Book Antiqua', Palatino; font-size: 120%; color: #333399;\">Sus ventajas\u00a0<\/span><\/h3>\n<p><span style=\"font-family: 'Book Antiqua', Palatino; font-size: 120%; color: #333399;\">Todas las l\u00e1mparas apantalladas Danell Biologa est\u00e1n fabricadas con materiales sanos y respetuosos con el medio ambiente y, sobre todo, est\u00e1n libres de contaminaci\u00f3n el\u00e9ctrica.<\/span><\/p>\n<ul>\n<li><span style=\"font-family: 'Book Antiqua', Palatino; font-size: 120%; color: #333399;\">El cable utilizado est\u00e1 apantallado: los 3 hilos (fase + neutro + tierra) est\u00e1n rodeados por una l\u00e1mina met\u00e1lica conectada a tierra para eliminar el campo el\u00e9ctrico.<\/span><\/li>\n<li><span style=\"font-family: 'Book Antiqua', Palatino; font-size: 120%; color: #333399;\">Los 3 hilos se retuercen 15 veces por metro para atenuar el campo magn\u00e9tico.<\/span><\/li>\n<li><span style=\"font-family: 'Book Antiqua', Palatino; font-size: 120%; color: #333399;\">El enchufe de 3 polos est\u00e1 apantallado. El hecho de que tenga toma de tierra tambi\u00e9n significa que no se puede conectar al rev\u00e9s.<\/span><\/li>\n<li><span style=\"font-family: 'Book Antiqua', Palatino; font-size: 120%; color: #333399;\">El interruptor es bipolar (corta simult\u00e1neamente la fase y el neutro).<\/span><\/li>\n<li><span style=\"font-family: 'Book Antiqua', Palatino; font-size: 120%; color: #333399;\">En cada bombilla se atornilla una bobina de apantallamiento para eliminar cualquier resto de campo el\u00e9ctrico emitido por la bombilla.<\/span><\/li>\n<\/ul>\n<p><span style=\"font-family: 'Book Antiqua', Palatino; font-size: 120%; color: #333399;\">Los campos el\u00e9ctricos afectan a nuestros sistemas nervioso, endocrino e inmunitario. Afectan a la calidad del sue\u00f1o y a la capacidad de recuperaci\u00f3n, y generan estr\u00e9s, nerviosismo y dificultad de concentraci\u00f3n. Tambi\u00e9n alteran el equilibrio \u00e1cido-base acidificando nuestro organismo. Puedes eliminar estos efectos nocivos optando por una l\u00e1mpara apantallada.<\/span><\/p>\n<p><span style=\"font-family: 'Book Antiqua', Palatino; font-size: 120%; color: #333399;\">La l\u00e1mpara de mesilla de noche blindada Biologa Danell se fabrica \u00edntegramente en Alemania. Las piezas de alta calidad proceden de empresas que conocen su oficio y trabajan a largo plazo. Esto significa que piezas como las pantallas y los cables de alimentaci\u00f3n pueden sustituirse incluso a\u00f1os despu\u00e9s.<\/span><\/p>\n<p><span style=\"font-family: 'Book Antiqua', Palatino; font-size: 120%; color: #333399;\">El lema de Biologa Danell es fabricar productos sostenibles que puedan repararse y renovarse.<\/span><\/p>\n<p><span style=\"font-family: 'Book Antiqua', Palatino; font-size: 120%; color: #ed1c24;\"><strong>\u00a1Atenci\u00f3n! Esta l\u00e1mpara blindada debe conectarse a un enchufe de pared con toma de tierra o a una regleta de enchufes.\u00a0<\/strong><\/span><\/p>\n<h3><span style=\"font-family: 'Book Antiqua', Palatino; font-size: 120%; color: #333399;\">Efecto de apantallamiento comparativo (v\u00e1lido para todas las luminarias apantalladas Biologa Danell)<\/span><\/h3>\n<p><span style=\"font-family: 'Book Antiqua', Palatino; font-size: 120%; color: #333399;\">Una luminaria sin apantallar (clase de protecci\u00f3n 2) con un cable de alimentaci\u00f3n sin apantallar produce un campo el\u00e9ctrico alterno de 100,0 a 160,0 V\/m (valor orientativo recomendado por Habitat Biology: 10 V\/m).<\/span><br \/>\n<span style=\"font-family: 'Book Antiqua', Palatino; font-size: 120%; color: #333399;\">La luminaria apantallada (clase de protecci\u00f3n 1) con un dise\u00f1o adecuado s\u00f3lo genera un campo el\u00e9ctrico alterno de entre 0,4 y 0,6 V\/m.<\/span><br \/>\n<span style=\"font-family: 'Book Antiqua', Palatino; font-size: 120%; color: #333399;\">La prueba se realiza de acuerdo con las especificaciones, bandas de frecuencia y distancias de medici\u00f3n de las normas de pantallas reconocidas (para pantallas y monitores de baja radiaci\u00f3n): TCO'99, Volumen I (MPR II) y DIN EN 50279 (distancia de medici\u00f3n 30 cm).<\/span><\/p>\n<h3><span style=\"font-family: 'Book Antiqua', Palatino; font-size: 120%; color: #333399;\">Especificaciones t\u00e9cnicas<\/span><\/h3>\n<ul>\n<li><span style=\"font-family: 'Book Antiqua', Palatino; font-size: 120%; color: #333399;\">Base de haya natural<\/span><\/li>\n<li><span style=\"font-family: 'Book Antiqua', Palatino; font-size: 120%; color: #333399;\">Pantalla cil\u00edndrica de papel-cart\u00f3n recubierta de tejido de ortiga en colores naturales de algod\u00f3n<\/span><\/li>\n<li><span style=\"font-family: 'Book Antiqua', Palatino; font-size: 120%; color: #333399;\">Se suministra con una c\u00e1psula LED Danell de 5,5 W biol\u00f3gicamente optimizada<\/span><\/li>\n<li><span style=\"font-family: 'Book Antiqua', Palatino; font-size: 120%; color: #333399;\">Compatible con bombillas LED de 33 W como m\u00e1ximo (incandescentes de 40 W)<\/span><\/li>\n<li><span style=\"font-family: 'Book Antiqua', Palatino; font-size: 120%; color: #333399;\">Cable apantallado blanco de 1,80 m de longitud aprox.<\/span><\/li>\n<li><span style=\"font-family: 'Book Antiqua', Palatino; font-size: 120%; color: #333399;\">Garant\u00eda: 2 a\u00f1os<\/span><\/li>\n<\/ul>\n<p><span style=\"font-family: 'Book Antiqua', Palatino; font-size: 120%; color: #333399;\">Fabricado en Alemania por Biologa Danell<\/span><\/p>\n<h3><span style=\"font-family: 'Book Antiqua', Palatino; font-size: 120%; color: #333399;\">Dimensiones<\/span><\/h3>\n<ul>\n<li><span style=\"font-family: 'Book Antiqua', Palatino; font-size: 120%; color: #333399;\">Altura total: 31 cm<\/span><\/li>\n<li><span style=\"font-family: 'Book Antiqua', Palatino; font-size: 120%; color: #333399;\">Altura de la pantalla: 15 cm<\/span><\/li>\n<li><span style=\"font-family: 'Book Antiqua', Palatino; font-size: 120%; color: #333399;\">Di\u00e1metro de la pantalla: 20 cm<\/span><\/li>\n<li><span style=\"font-family: 'Book Antiqua', Palatino; font-size: 120%; color: #333399;\">Di\u00e1metro de la base: 15 cm\u00a0<\/span><\/li>\n<\/ul>","protected":false},"excerpt":{"rendered":"<p><span style=\"font-family: 'Book Antiqua', Palatino; font-size: 120%; color: #333399;\"><strong>La l\u00e1mpara de cabecera apantallada \"Roma\" de Biologa Danell protege de los campos de ondas (campos el\u00e9ctricos y magn\u00e9ticos de baja frecuencia).\u00a0<\/strong><\/span><\/p>\n<p><span style=\"font-family: 'Book Antiqua', Palatino; font-size: 120%; color: #333399;\">Su pantalla cil\u00edndrica de algod\u00f3n aporta un toque de modernidad y dise\u00f1o a su hogar.\u00a0<\/span><\/p>\n<p><span style=\"font-family: 'Book Antiqua', Palatino; font-size: 120%; color: #333399;\">Sus ventajas: cable apantallado, conexi\u00f3n a tierra, interruptor bipolar, bobina de apantallamiento, etc.\u00a0<\/span><\/p>\n<p><span style=\"font-family: 'Book Antiqua', Palatino; font-size: 120%; color: #333399;\">A juego con la l\u00e1mpara de techo blindada Danell Biologa.<\/span><\/p>","protected":false},"featured_media":1873,"comment_status":"open","ping_status":"closed","template":"","meta":[],"product_brand":[265],"product_cat":[164],"product_tag":[248,246,247,249,258,245],"class_list":{"0":"post-1764","1":"product","2":"type-product","3":"status-publish","4":"has-post-thumbnail","6":"product_brand-biologa-danell","7":"product_cat-baubiologie","8":"product_tag-baubiologie","9":"product_tag-bureau","10":"product_tag-chambre","11":"product_tag-electromagnetisme","12":"product_tag-lampe","13":"product_tag-maison","15":"first","16":"instock","17":"taxable","18":"shipping-taxable","19":"purchasable","20":"product-type-simple"},"yoast_head":"<!-- This site is optimized with the Yoast SEO Premium plugin v25.1 (Yoast SEO v27.6) - https:\/\/yoast.com\/product\/yoast-seo-premium-wordpress\/ -->\n<title>Lampe de chevet blind\u00e9e Biologa Danell &quot;Rome&quot; | Agara<\/title>\n<meta name=\"description\" content=\"La lampe de chevet blind\u00e9e &quot;Rome&quot; Biologa Danell permet de se prot\u00e9ger des champs ondes (champs \u00e9lectriques et magn\u00e9tiques en basses fr\u00e9quences).\u00a0Son abat-jour cylindrique en coton apporte une touche de modernit\u00e9 et de design dans votre int\u00e9rieur.\u00a0Ses atouts : c\u00e2ble blind\u00e9, prise de terre, interrupteur bipolaire, spire de blindage...\u00a0Assortie au plafonnier blind\u00e9 Biologa Danell.\" \/>\n<meta name=\"robots\" content=\"index, follow, max-snippet:-1, max-image-preview:large, max-video-preview:-1\" \/>\n<link rel=\"canonical\" href=\"https:\/\/369agara.com\/es\/producto\/lampe-chevet-rome\/\" \/>\n<meta property=\"og:locale\" content=\"es_ES\" \/>\n<meta property=\"og:type\" content=\"article\" \/>\n<meta property=\"og:title\" content=\"Lampe de chevet blind\u00e9e Biologa Danell &quot;Rome&quot;\" \/>\n<meta property=\"og:description\" content=\"La lampe de chevet blind\u00e9e &quot;Rome&quot; Biologa Danell permet de se prot\u00e9ger des champs ondes (champs \u00e9lectriques et magn\u00e9tiques en basses fr\u00e9quences).\u00a0Son abat-jour cylindrique en coton apporte une touche de modernit\u00e9 et de design dans votre int\u00e9rieur.\u00a0Ses atouts : c\u00e2ble blind\u00e9, prise de terre, interrupteur bipolaire, spire de blindage...\u00a0Assortie au plafonnier blind\u00e9 Biologa Danell.\" \/>\n<meta property=\"og:url\" content=\"https:\/\/369agara.com\/es\/producto\/lampe-chevet-rome\/\" \/>\n<meta property=\"og:site_name\" content=\"Agara\" \/>\n<meta property=\"article:modified_time\" content=\"2025-05-15T20:00:00+00:00\" \/>\n<meta property=\"og:image\" content=\"https:\/\/369agara.com\/wp-content\/uploads\/2023\/09\/lampe-de-chevet-blindee-biologa-danell-abat-jour-cylindrique.jpg\" \/>\n\t<meta property=\"og:image:width\" content=\"800\" \/>\n\t<meta property=\"og:image:height\" content=\"800\" \/>\n\t<meta property=\"og:image:type\" content=\"image\/jpeg\" \/>\n<meta name=\"twitter:card\" content=\"summary_large_image\" \/>\n<meta name=\"twitter:label1\" content=\"Tiempo de lectura\" \/>\n\t<meta name=\"twitter:data1\" content=\"4 minutos\" \/>\n<script type=\"application\/ld+json\" class=\"yoast-schema-graph\">{\"@context\":\"https:\\\/\\\/schema.org\",\"@graph\":[{\"@type\":\"WebPage\",\"@id\":\"https:\\\/\\\/369agara.com\\\/produit\\\/lampe-chevet-rome\\\/\",\"url\":\"https:\\\/\\\/369agara.com\\\/produit\\\/lampe-chevet-rome\\\/\",\"name\":\"Lampe de chevet blind\u00e9e Biologa Danell \\\"Rome\\\" | Agara\",\"isPartOf\":{\"@id\":\"https:\\\/\\\/369agara.com\\\/#website\"},\"primaryImageOfPage\":{\"@id\":\"https:\\\/\\\/369agara.com\\\/produit\\\/lampe-chevet-rome\\\/#primaryimage\"},\"image\":{\"@id\":\"https:\\\/\\\/369agara.com\\\/produit\\\/lampe-chevet-rome\\\/#primaryimage\"},\"thumbnailUrl\":\"https:\\\/\\\/369agara.com\\\/wp-content\\\/uploads\\\/2023\\\/09\\\/lampe-de-chevet-blindee-biologa-danell-abat-jour-cylindrique.jpg\",\"datePublished\":\"2023-09-18T18:22:35+00:00\",\"dateModified\":\"2025-05-15T20:00:00+00:00\",\"description\":\"La lampe de chevet blind\u00e9e \\\"Rome\\\" Biologa Danell permet de se prot\u00e9ger des champs ondes (champs \u00e9lectriques et magn\u00e9tiques en basses fr\u00e9quences).\u00a0Son abat-jour cylindrique en coton apporte une touche de modernit\u00e9 et de design dans votre int\u00e9rieur.\u00a0Ses atouts : c\u00e2ble blind\u00e9, prise de terre, interrupteur bipolaire, spire de blindage...\u00a0Assortie au plafonnier blind\u00e9 Biologa Danell.\",\"breadcrumb\":{\"@id\":\"https:\\\/\\\/369agara.com\\\/produit\\\/lampe-chevet-rome\\\/#breadcrumb\"},\"inLanguage\":\"es\",\"potentialAction\":[{\"@type\":\"ReadAction\",\"target\":[\"https:\\\/\\\/369agara.com\\\/produit\\\/lampe-chevet-rome\\\/\"]}]},{\"@type\":\"ImageObject\",\"inLanguage\":\"es\",\"@id\":\"https:\\\/\\\/369agara.com\\\/produit\\\/lampe-chevet-rome\\\/#primaryimage\",\"url\":\"https:\\\/\\\/369agara.com\\\/wp-content\\\/uploads\\\/2023\\\/09\\\/lampe-de-chevet-blindee-biologa-danell-abat-jour-cylindrique.jpg\",\"contentUrl\":\"https:\\\/\\\/369agara.com\\\/wp-content\\\/uploads\\\/2023\\\/09\\\/lampe-de-chevet-blindee-biologa-danell-abat-jour-cylindrique.jpg\",\"width\":800,\"height\":800},{\"@type\":\"BreadcrumbList\",\"@id\":\"https:\\\/\\\/369agara.com\\\/produit\\\/lampe-chevet-rome\\\/#breadcrumb\",\"itemListElement\":[{\"@type\":\"ListItem\",\"position\":1,\"name\":\"Accueil\",\"item\":\"https:\\\/\\\/369agara.com\\\/\"},{\"@type\":\"ListItem\",\"position\":2,\"name\":\"La boutique\",\"item\":\"https:\\\/\\\/369agara.com\\\/la-boutique\\\/\"},{\"@type\":\"ListItem\",\"position\":3,\"name\":\"Lampe de chevet blind\u00e9e Biologa Danell \u00ab\u00a0Rome\u00a0\u00bb\"}]},{\"@type\":\"WebSite\",\"@id\":\"https:\\\/\\\/369agara.com\\\/#website\",\"url\":\"https:\\\/\\\/369agara.com\\\/\",\"name\":\"Livsrikedomar\",\"description\":\"D\u00e9connectez pour mieux vous connecter\",\"publisher\":{\"@id\":\"https:\\\/\\\/369agara.com\\\/#organization\"},\"potentialAction\":[{\"@type\":\"SearchAction\",\"target\":{\"@type\":\"EntryPoint\",\"urlTemplate\":\"https:\\\/\\\/369agara.com\\\/?s={search_term_string}\"},\"query-input\":{\"@type\":\"PropertyValueSpecification\",\"valueRequired\":true,\"valueName\":\"search_term_string\"}}],\"inLanguage\":\"es\"},{\"@type\":\"Organization\",\"@id\":\"https:\\\/\\\/369agara.com\\\/#organization\",\"name\":\"EACreations\",\"url\":\"https:\\\/\\\/369agara.com\\\/\",\"logo\":{\"@type\":\"ImageObject\",\"inLanguage\":\"es\",\"@id\":\"https:\\\/\\\/369agara.com\\\/#\\\/schema\\\/logo\\\/image\\\/\",\"url\":\"\",\"contentUrl\":\"\",\"caption\":\"EACreations\"},\"image\":{\"@id\":\"https:\\\/\\\/369agara.com\\\/#\\\/schema\\\/logo\\\/image\\\/\"}}]}<\/script>\n<!-- \/ Yoast SEO Premium plugin. -->","yoast_head_json":{"title":"Lampe de chevet blind\u00e9e Biologa Danell \"Rome\" | Agara","description":"La lampe de chevet blind\u00e9e \"Rome\" Biologa Danell permet de se prot\u00e9ger des champs ondes (champs \u00e9lectriques et magn\u00e9tiques en basses fr\u00e9quences).\u00a0Son abat-jour cylindrique en coton apporte une touche de modernit\u00e9 et de design dans votre int\u00e9rieur.\u00a0Ses atouts : c\u00e2ble blind\u00e9, prise de terre, interrupteur bipolaire, spire de blindage...\u00a0Assortie au plafonnier blind\u00e9 Biologa Danell.","robots":{"index":"index","follow":"follow","max-snippet":"max-snippet:-1","max-image-preview":"max-image-preview:large","max-video-preview":"max-video-preview:-1"},"canonical":"https:\/\/369agara.com\/es\/producto\/lampe-chevet-rome\/","og_locale":"es_ES","og_type":"article","og_title":"Lampe de chevet blind\u00e9e Biologa Danell \"Rome\"","og_description":"La lampe de chevet blind\u00e9e \"Rome\" Biologa Danell permet de se prot\u00e9ger des champs ondes (champs \u00e9lectriques et magn\u00e9tiques en basses fr\u00e9quences).\u00a0Son abat-jour cylindrique en coton apporte une touche de modernit\u00e9 et de design dans votre int\u00e9rieur.\u00a0Ses atouts : c\u00e2ble blind\u00e9, prise de terre, interrupteur bipolaire, spire de blindage...\u00a0Assortie au plafonnier blind\u00e9 Biologa Danell.","og_url":"https:\/\/369agara.com\/es\/producto\/lampe-chevet-rome\/","og_site_name":"Agara","article_modified_time":"2025-05-15T20:00:00+00:00","og_image":[{"width":800,"height":800,"url":"https:\/\/369agara.com\/wp-content\/uploads\/2023\/09\/lampe-de-chevet-blindee-biologa-danell-abat-jour-cylindrique.jpg","type":"image\/jpeg"}],"twitter_card":"summary_large_image","twitter_misc":{"Tiempo de lectura":"4 minutos"},"schema":{"@context":"https:\/\/schema.org","@graph":[{"@type":"WebPage","@id":"https:\/\/369agara.com\/produit\/lampe-chevet-rome\/","url":"https:\/\/369agara.com\/produit\/lampe-chevet-rome\/","name":"Lampe de chevet blind\u00e9e Biologa Danell \"Rome\" | Agara","isPartOf":{"@id":"https:\/\/369agara.com\/#website"},"primaryImageOfPage":{"@id":"https:\/\/369agara.com\/produit\/lampe-chevet-rome\/#primaryimage"},"image":{"@id":"https:\/\/369agara.com\/produit\/lampe-chevet-rome\/#primaryimage"},"thumbnailUrl":"https:\/\/369agara.com\/wp-content\/uploads\/2023\/09\/lampe-de-chevet-blindee-biologa-danell-abat-jour-cylindrique.jpg","datePublished":"2023-09-18T18:22:35+00:00","dateModified":"2025-05-15T20:00:00+00:00","description":"La lampe de chevet blind\u00e9e \"Rome\" Biologa Danell permet de se prot\u00e9ger des champs ondes (champs \u00e9lectriques et magn\u00e9tiques en basses fr\u00e9quences).\u00a0Son abat-jour cylindrique en coton apporte une touche de modernit\u00e9 et de design dans votre int\u00e9rieur.\u00a0Ses atouts : c\u00e2ble blind\u00e9, prise de terre, interrupteur bipolaire, spire de blindage...\u00a0Assortie au plafonnier blind\u00e9 Biologa Danell.","breadcrumb":{"@id":"https:\/\/369agara.com\/produit\/lampe-chevet-rome\/#breadcrumb"},"inLanguage":"es","potentialAction":[{"@type":"ReadAction","target":["https:\/\/369agara.com\/produit\/lampe-chevet-rome\/"]}]},{"@type":"ImageObject","inLanguage":"es","@id":"https:\/\/369agara.com\/produit\/lampe-chevet-rome\/#primaryimage","url":"https:\/\/369agara.com\/wp-content\/uploads\/2023\/09\/lampe-de-chevet-blindee-biologa-danell-abat-jour-cylindrique.jpg","contentUrl":"https:\/\/369agara.com\/wp-content\/uploads\/2023\/09\/lampe-de-chevet-blindee-biologa-danell-abat-jour-cylindrique.jpg","width":800,"height":800},{"@type":"BreadcrumbList","@id":"https:\/\/369agara.com\/produit\/lampe-chevet-rome\/#breadcrumb","itemListElement":[{"@type":"ListItem","position":1,"name":"Accueil","item":"https:\/\/369agara.com\/"},{"@type":"ListItem","position":2,"name":"La boutique","item":"https:\/\/369agara.com\/la-boutique\/"},{"@type":"ListItem","position":3,"name":"Lampe de chevet blind\u00e9e Biologa Danell \u00ab\u00a0Rome\u00a0\u00bb"}]},{"@type":"WebSite","@id":"https:\/\/369agara.com\/#website","url":"https:\/\/369agara.com\/","name":"Livsrikedomar","description":"Desconectar para conectar mejor","publisher":{"@id":"https:\/\/369agara.com\/#organization"},"potentialAction":[{"@type":"SearchAction","target":{"@type":"EntryPoint","urlTemplate":"https:\/\/369agara.com\/?s={search_term_string}"},"query-input":{"@type":"PropertyValueSpecification","valueRequired":true,"valueName":"search_term_string"}}],"inLanguage":"es"},{"@type":"Organization","@id":"https:\/\/369agara.com\/#organization","name":"EACreations","url":"https:\/\/369agara.com\/","logo":{"@type":"ImageObject","inLanguage":"es","@id":"https:\/\/369agara.com\/#\/schema\/logo\/image\/","url":"","contentUrl":"","caption":"EACreations"},"image":{"@id":"https:\/\/369agara.com\/#\/schema\/logo\/image\/"}}]}},"jetpack_sharing_enabled":true,"_links":{"self":[{"href":"https:\/\/369agara.com\/es\/wp-json\/wp\/v2\/product\/1764","targetHints":{"allow":["GET"]}}],"collection":[{"href":"https:\/\/369agara.com\/es\/wp-json\/wp\/v2\/product"}],"about":[{"href":"https:\/\/369agara.com\/es\/wp-json\/wp\/v2\/types\/product"}],"replies":[{"embeddable":true,"href":"https:\/\/369agara.com\/es\/wp-json\/wp\/v2\/comments?post=1764"}],"wp:featuredmedia":[{"embeddable":true,"href":"https:\/\/369agara.com\/es\/wp-json\/wp\/v2\/media\/1873"}],"wp:attachment":[{"href":"https:\/\/369agara.com\/es\/wp-json\/wp\/v2\/media?parent=1764"}],"wp:term":[{"taxonomy":"product_brand","embeddable":true,"href":"https:\/\/369agara.com\/es\/wp-json\/wp\/v2\/product_brand?post=1764"},{"taxonomy":"product_cat","embeddable":true,"href":"https:\/\/369agara.com\/es\/wp-json\/wp\/v2\/product_cat?post=1764"},{"taxonomy":"product_tag","embeddable":true,"href":"https:\/\/369agara.com\/es\/wp-json\/wp\/v2\/product_tag?post=1764"}],"curies":[{"name":"wp","href":"https:\/\/api.w.org\/{rel}","templated":true}]}}