{"id":1766,"date":"2023-08-26T18:44:23","date_gmt":"2023-08-26T16:44:23","guid":{"rendered":"https:\/\/369agara.com\/?post_type=product&#038;p=1766"},"modified":"2025-05-15T22:00:17","modified_gmt":"2025-05-15T20:00:17","slug":"capsule-g9-led-55w","status":"publish","type":"product","link":"https:\/\/369agara.com\/es\/producto\/capsule-g9-led-55w\/","title":{"rendered":"C\u00e1psula G9 LED 5,5 W Biologa Danell | 485 lm"},"content":{"rendered":"<div class=\"block md-bottom product-description-block\">\n<div class=\"block-content box-bg\">\n<div class=\"product-description typo\">\n<p><span style=\"font-family: 'Book Antiqua', Palatino; font-size: 120%; color: #333399;\">La c\u00e1psula Biologa Danell G9 LED de 5,5 W es una excelente alternativa a la c\u00e1psula hal\u00f3gena G9 convencional de alto voltaje, ya que ofrece una excelente reproducci\u00f3n crom\u00e1tica y una luz sin parpadeos.<\/span><\/p>\n<ul>\n<li><span style=\"font-family: 'Book Antiqua', Palatino; font-size: 120%; color: #333399;\">Bajo consumo de energ\u00eda<\/span><\/li>\n<li><span style=\"font-family: 'Book Antiqua', Palatino; font-size: 120%; color: #333399;\">Larga vida \u00fatil<\/span><\/li>\n<li><span style=\"font-family: 'Book Antiqua', Palatino; font-size: 120%; color: #333399;\">Sin parpadeos: fuente de luz biol\u00f3gicamente optimizada para el uso diario<\/span><\/li>\n<li><span style=\"font-family: 'Book Antiqua', Palatino; font-size: 120%; color: #333399;\">Compatible con muchos modelos de l\u00e1mparas apantalladas Danell existentes*.<\/span><\/li>\n<\/ul>\n<p><span style=\"font-family: 'Book Antiqua', Palatino; font-size: 120%; color: #333399;\">El espectro casi continuo de la luz emitida se aproxima al de las l\u00e1mparas incandescentes o hal\u00f3genas, sin la proporci\u00f3n de radiaci\u00f3n t\u00e9rmica (IR o infrarrojos).<\/span><\/p>\n<p><span style=\"font-family: 'Book Antiqua', Palatino; font-size: 120%; color: #333399;\">El \u00edndice de reproducci\u00f3n crom\u00e1tica (Ra o CRI) describe el efecto de la luz sobre el aspecto crom\u00e1tico de los objetos en comparaci\u00f3n con la luz del d\u00eda (no depende de la temperatura de color). Este LED tiene un CRI muy bueno de 95 en comparaci\u00f3n con una l\u00e1mpara incandescente con un CRI de 100.<\/span><\/p>\n<p><span style=\"font-family: 'Book Antiqua', Palatino; font-size: 120%; color: #333399;\">La temperatura de color es una medida de la impresi\u00f3n crom\u00e1tica de una fuente de luz. Los colores de luz c\u00e1lida (blanco c\u00e1lido, de 2700 a 3000 K) tienen un n\u00famero Kelvin bajo, y los de luz fr\u00eda (blanco fr\u00edo, 5000 K), uno alto.<\/span><\/p>\n<p><span style=\"font-family: 'Book Antiqua', Palatino; font-size: 120%; color: #333399;\">El \u00e1ngulo de emisi\u00f3n de luz de 270\u00b0 es ideal para todas las aplicaciones en las que antes se utilizaban l\u00e1mparas incandescentes.<\/span><\/p>\n<p><span style=\"font-family: 'Book Antiqua', Palatino; font-size: 120%; color: #333399;\">Las l\u00e1mparas LED \"convencionales\" est\u00e1n fabricadas con un semiconductor y funcionan con un balasto integrado. La tensi\u00f3n resultante crea un fuerte \"parpadeo de la luz\" (pulsaci\u00f3n), que generalmente no se percibe a simple vista. Sin embargo, la luz parpadeante puede provocar estr\u00e9s en nuestro organismo.<\/span><br \/>\n<span style=\"font-family: 'Book Antiqua', Palatino; font-size: 120%; color: #333399;\">La pulsaci\u00f3n se reduce al m\u00ednimo (por debajo de 1%) con este LED biol\u00f3gicamente optimizado.<\/span><\/p>\n<p><span style=\"font-family: 'Book Antiqua', Palatino; font-size: 120%; color: #333399;\">Clase de eficiencia energ\u00e9tica EEK: clasificaci\u00f3n de todas las l\u00e1mparas de uso dom\u00e9stico. Se tienen en cuenta los vatios, los l\u00famenes y las horas de funcionamiento. La directiva europea 98\/11 \/ EG abarca desde la clase E (menos eficiente) hasta la A ++ (muy eficiente). La c\u00e1psula Danell G9 LED se encuentra en la categor\u00eda A ++.<\/span><\/p>\n<p><span style=\"font-family: 'Book Antiqua', Palatino; font-size: 120%; color: #333399;\">Casquillo enchufable G9: puede utilizarse con el adaptador G9 para casquillos E14 (41-7104) y el adaptador G9 para casquillos E27 (41-7126) para casi todas las bombillas disponibles en el mercado con casquillo de rosca. La ventaja es que s\u00f3lo hay un tipo de bombilla, sea cual sea el tama\u00f1o del casquillo. La bombilla se puede cambiar simplemente sac\u00e1ndola y enchuf\u00e1ndola.<\/span><\/p>\n<p><strong><span style=\"font-family: 'Book Antiqua', Palatino; font-size: 120%; color: #333399;\">Tras su uso, tenga en cuenta que la bombilla LED incorpora componentes electr\u00f3nicos (sin mercurio). Por lo tanto, debe llevarse a un punto de recogida de residuos electr\u00f3nicos despu\u00e9s de su uso (no la tire con la basura dom\u00e9stica).<\/span><\/strong><\/p>\n<p><span style=\"font-family: 'Book Antiqua', Palatino; font-size: 120%; color: #ed1c24;\">* No apto para luminarias apantalladas de la serie Biologa Danell \"Acero cepillado\" (41-8803, 41-8904, 41-8882, 41-8904, 41-8926) ni para la l\u00e1mpara de sal apantallada (41-6226).<\/span><\/p>\n<h3><span style=\"font-family: 'Book Antiqua', Palatino; font-size: 120%; color: #333399;\">Especificaciones t\u00e9cnicas<\/span><\/h3>\n<ul>\n<li><span style=\"font-family: 'Book Antiqua', Palatino; font-size: 120%; color: #333399;\">Ventas por unidad<\/span><\/li>\n<li><span style=\"font-family: 'Book Antiqua', Palatino; font-size: 120%; color: #333399;\">Altura total: 54,5 mm +\/- 0,5<\/span><\/li>\n<li><span style=\"font-family: 'Book Antiqua', Palatino; font-size: 120%; color: #333399;\">Altura del filamento: 20 mm +\/- 0,5<\/span><\/li>\n<li><span style=\"font-family: 'Book Antiqua', Palatino; font-size: 120%; color: #333399;\">Di\u00e1metro: 18 mm +\/- 0,5<\/span><\/li>\n<li><span style=\"font-family: 'Book Antiqua', Palatino; font-size: 120%; color: #333399;\">Pulso de luz sin parpadeo (&lt;1%)<\/span><\/li>\n<li><span style=\"font-family: 'Book Antiqua', Palatino; font-size: 120%; color: #333399;\">Consumo: 5,5 W (vatios); equivalente a una bombilla incandescente de 41 W<\/span><\/li>\n<li><span style=\"font-family: 'Book Antiqua', Palatino; font-size: 120%; color: #333399;\">Flujo luminoso: 485 lm (lumen)<\/span><\/li>\n<li><span style=\"font-family: 'Book Antiqua', Palatino; font-size: 120%; color: #333399;\">Temperatura de color: 2970 K (Kelvin) blanco c\u00e1lido<\/span><\/li>\n<li><span style=\"font-family: 'Book Antiqua', Palatino; font-size: 120%; color: #333399;\">\u00cdndice de reproducci\u00f3n crom\u00e1tica: 95 (CRI o Ra)<\/span><\/li>\n<li><span style=\"font-family: 'Book Antiqua', Palatino; font-size: 120%; color: #333399;\">Dise\u00f1o claro<\/span><\/li>\n<li><span style=\"font-family: 'Book Antiqua', Palatino; font-size: 120%; color: #333399;\">Clase de eficiencia energ\u00e9tica: A+<\/span><\/li>\n<li><span style=\"font-family: 'Book Antiqua', Palatino; font-size: 120%; color: #333399;\">Consumo de energ\u00eda: 5,5 kWh \/ 1000 h<\/span><\/li>\n<li><span style=\"font-family: 'Book Antiqua', Palatino; font-size: 120%; color: #333399;\">\u00c1ngulo de emisi\u00f3n de la luz: 270\u00b0.<\/span><\/li>\n<li><span style=\"font-family: 'Book Antiqua', Palatino; font-size: 120%; color: #333399;\">Base (designaci\u00f3n est\u00e1ndar): G9<\/span><\/li>\n<li><span style=\"font-family: 'Book Antiqua', Palatino; font-size: 120%; color: #333399;\">Sin mercurio<\/span><\/li>\n<li><span style=\"font-family: 'Book Antiqua', Palatino; font-size: 120%; color: #333399;\">Tiempo de calentamiento: &lt;0,3 segundos<\/span><\/li>\n<li><span style=\"font-family: 'Book Antiqua', Palatino; font-size: 120%; color: #333399;\">No regulable<\/span><\/li>\n<li><span style=\"font-family: 'Book Antiqua', Palatino; font-size: 120%; color: #333399;\">Vida \u00fatil media: 20.000 horas<\/span><\/li>\n<li><span style=\"font-family: 'Book Antiqua', Palatino; font-size: 120%; color: #333399;\">Hasta 20.000 ciclos de conmutaci\u00f3n<\/span><\/li>\n<li><span style=\"font-family: 'Book Antiqua', Palatino; font-size: 120%; color: #333399;\">Temperatura de funcionamiento : -25 \u00b0C a + 40 \u00b0C<\/span><\/li>\n<li><span style=\"font-family: 'Book Antiqua', Palatino; font-size: 120%; color: #333399;\">Tensi\u00f3n de red: 220 a 240 V \/ 50 Hz<\/span><\/li>\n<li><span style=\"font-family: 'Book Antiqua', Palatino; font-size: 120%; color: #333399;\">Peso : 15 g<\/span><\/li>\n<li><span style=\"font-family: 'Book Antiqua', Palatino; font-size: 120%; color: #333399;\">Apto para todas las luminarias con portal\u00e1mparas G9 existente; se adapta a portal\u00e1mparas cer\u00e1micos G9 E14 y G9 E27<\/span><\/li>\n<\/ul>\n<p><span style=\"font-family: 'Book Antiqua', Palatino; font-size: 120%; color: #333399;\">Para uso en todo tipo de viviendas privadas, edificios p\u00fablicos, hoteles, edificios de oficinas, etc.<\/span><\/p>\n<p><span style=\"font-family: 'Book Antiqua', Palatino; font-size: 120%; color: #333399;\">Uso en exteriores s\u00f3lo con iluminaci\u00f3n adecuada.<\/span><\/p>\n<h3><span style=\"color: #333399; font-family: 'Book Antiqua', Palatino; font-size: 120%;\">Consulte<\/span><\/h3>\n<\/div>\n<\/div>\n<\/div>\n<div class=\"block product-attachments-block sm-bottom\">\n<div class=\"block-content\">\n<section class=\"product-attachments\">\n<div class=\"row\">\n<div class=\"attachment col-12 col-lg-4\">\n<div class=\"box-bg my-2\">\n<ul>\n<li class=\"h5\"><span style=\"font-family: 'Book Antiqua', Palatino; font-size: 120%; color: #333399;\">C\u00e1psula G9 LED 5,5 W<\/span><br \/>\n<span style=\"font-family: 'Book Antiqua', Palatino; font-size: 120%; color: #333399;\">Datos t\u00e9cnicos<\/span><\/li>\n<\/ul>\n<\/div>\n<\/div>\n<div class=\"attachment col-12 col-lg-4\">\n<div class=\"box-bg my-2\">\n<ul>\n<li class=\"h5\"><span style=\"font-family: 'Book Antiqua', Palatino; font-size: 120%; color: #333399;\">C\u00e1psula G9 LED 5,5 W<\/span><br \/>\n<span style=\"font-family: 'Book Antiqua', Palatino; font-size: 120%; color: #333399;\">Instrucciones de uso<\/span><\/li>\n<\/ul>\n<\/div>\n<\/div>\n<\/div>\n<\/section>\n<\/div>\n<\/div>","protected":false},"excerpt":{"rendered":"<p><span style=\"font-family: 'Book Antiqua', Palatino; font-size: 120%; color: #333399;\">La c\u00e1psula Biologa Danell G9 LED de 5,5 W es una excelente alternativa a la c\u00e1psula hal\u00f3gena G9 convencional de alto voltaje, ya que ofrece una excelente reproducci\u00f3n crom\u00e1tica y una luz sin parpadeos.\u00a0<\/span><\/p>\n<p><span style=\"font-family: 'Book Antiqua', Palatino; font-size: 120%; color: #333399;\">Equivalente a 41 W, 485 lm.<\/span><\/p>","protected":false},"featured_media":1769,"comment_status":"open","ping_status":"closed","template":"","meta":[],"product_brand":[265],"product_cat":[164],"product_tag":[248,246,247,251,258,245],"class_list":{"0":"post-1766","1":"product","2":"type-product","3":"status-publish","4":"has-post-thumbnail","6":"product_brand-biologa-danell","7":"product_cat-baubiologie","8":"product_tag-baubiologie","9":"product_tag-bureau","10":"product_tag-chambre","11":"product_tag-electricite","12":"product_tag-lampe","13":"product_tag-maison","15":"first","16":"instock","17":"taxable","18":"shipping-taxable","19":"purchasable","20":"product-type-simple"},"yoast_head":"<!-- This site is optimized with the Yoast SEO Premium plugin v25.1 (Yoast SEO v27.4) - https:\/\/yoast.com\/product\/yoast-seo-premium-wordpress\/ -->\n<title>Capsule G9 LED 5.5 W Biologa Danell | 485 lm | Agara<\/title>\n<meta name=\"description\" content=\"La capsule G9 LED 5.5 W Biologa Danell est une excellente alternative \u00e0 la capsule halog\u00e8ne G9 haute tension conventionnelle, offrant un excellent rendu des couleurs et une lumi\u00e8re sans scintillement.\u00a0Equivalent 41 W, 485 lm.\" \/>\n<meta name=\"robots\" content=\"index, follow, max-snippet:-1, max-image-preview:large, max-video-preview:-1\" \/>\n<link rel=\"canonical\" href=\"https:\/\/369agara.com\/es\/producto\/capsule-g9-led-55w\/\" \/>\n<meta property=\"og:locale\" content=\"es_ES\" \/>\n<meta property=\"og:type\" content=\"article\" \/>\n<meta property=\"og:title\" content=\"Capsule G9 LED 5.5 W Biologa Danell | 485 lm\" \/>\n<meta property=\"og:description\" content=\"La capsule G9 LED 5.5 W Biologa Danell est une excellente alternative \u00e0 la capsule halog\u00e8ne G9 haute tension conventionnelle, offrant un excellent rendu des couleurs et une lumi\u00e8re sans scintillement.\u00a0Equivalent 41 W, 485 lm.\" \/>\n<meta property=\"og:url\" content=\"https:\/\/369agara.com\/es\/producto\/capsule-g9-led-55w\/\" \/>\n<meta property=\"og:site_name\" content=\"Agara\" \/>\n<meta property=\"article:modified_time\" content=\"2025-05-15T20:00:17+00:00\" \/>\n<meta property=\"og:image\" content=\"https:\/\/369agara.com\/wp-content\/uploads\/2023\/08\/capsule-g9-led-55-w-biologa-danell.jpg\" \/>\n\t<meta property=\"og:image:width\" content=\"800\" \/>\n\t<meta property=\"og:image:height\" content=\"800\" \/>\n\t<meta property=\"og:image:type\" content=\"image\/jpeg\" \/>\n<meta name=\"twitter:card\" content=\"summary_large_image\" \/>\n<meta name=\"twitter:label1\" content=\"Tiempo de lectura\" \/>\n\t<meta name=\"twitter:data1\" content=\"4 minutos\" \/>\n<script type=\"application\/ld+json\" class=\"yoast-schema-graph\">{\"@context\":\"https:\\\/\\\/schema.org\",\"@graph\":[{\"@type\":\"WebPage\",\"@id\":\"https:\\\/\\\/369agara.com\\\/produit\\\/capsule-g9-led-55w\\\/\",\"url\":\"https:\\\/\\\/369agara.com\\\/produit\\\/capsule-g9-led-55w\\\/\",\"name\":\"Capsule G9 LED 5.5 W Biologa Danell | 485 lm | Agara\",\"isPartOf\":{\"@id\":\"https:\\\/\\\/369agara.com\\\/#website\"},\"primaryImageOfPage\":{\"@id\":\"https:\\\/\\\/369agara.com\\\/produit\\\/capsule-g9-led-55w\\\/#primaryimage\"},\"image\":{\"@id\":\"https:\\\/\\\/369agara.com\\\/produit\\\/capsule-g9-led-55w\\\/#primaryimage\"},\"thumbnailUrl\":\"https:\\\/\\\/369agara.com\\\/wp-content\\\/uploads\\\/2023\\\/08\\\/capsule-g9-led-55-w-biologa-danell.jpg\",\"datePublished\":\"2023-08-26T16:44:23+00:00\",\"dateModified\":\"2025-05-15T20:00:17+00:00\",\"description\":\"La capsule G9 LED 5.5 W Biologa Danell est une excellente alternative \u00e0 la capsule halog\u00e8ne G9 haute tension conventionnelle, offrant un excellent rendu des couleurs et une lumi\u00e8re sans scintillement.\u00a0Equivalent 41 W, 485 lm.\",\"breadcrumb\":{\"@id\":\"https:\\\/\\\/369agara.com\\\/produit\\\/capsule-g9-led-55w\\\/#breadcrumb\"},\"inLanguage\":\"es\",\"potentialAction\":[{\"@type\":\"ReadAction\",\"target\":[\"https:\\\/\\\/369agara.com\\\/produit\\\/capsule-g9-led-55w\\\/\"]}]},{\"@type\":\"ImageObject\",\"inLanguage\":\"es\",\"@id\":\"https:\\\/\\\/369agara.com\\\/produit\\\/capsule-g9-led-55w\\\/#primaryimage\",\"url\":\"https:\\\/\\\/369agara.com\\\/wp-content\\\/uploads\\\/2023\\\/08\\\/capsule-g9-led-55-w-biologa-danell.jpg\",\"contentUrl\":\"https:\\\/\\\/369agara.com\\\/wp-content\\\/uploads\\\/2023\\\/08\\\/capsule-g9-led-55-w-biologa-danell.jpg\",\"width\":800,\"height\":800},{\"@type\":\"BreadcrumbList\",\"@id\":\"https:\\\/\\\/369agara.com\\\/produit\\\/capsule-g9-led-55w\\\/#breadcrumb\",\"itemListElement\":[{\"@type\":\"ListItem\",\"position\":1,\"name\":\"Accueil\",\"item\":\"https:\\\/\\\/369agara.com\\\/\"},{\"@type\":\"ListItem\",\"position\":2,\"name\":\"La boutique\",\"item\":\"https:\\\/\\\/369agara.com\\\/la-boutique\\\/\"},{\"@type\":\"ListItem\",\"position\":3,\"name\":\"Capsule G9 LED 5.5 W Biologa Danell | 485 lm\"}]},{\"@type\":\"WebSite\",\"@id\":\"https:\\\/\\\/369agara.com\\\/#website\",\"url\":\"https:\\\/\\\/369agara.com\\\/\",\"name\":\"Livsrikedomar\",\"description\":\"D\u00e9connectez pour mieux vous connecter\",\"publisher\":{\"@id\":\"https:\\\/\\\/369agara.com\\\/#organization\"},\"potentialAction\":[{\"@type\":\"SearchAction\",\"target\":{\"@type\":\"EntryPoint\",\"urlTemplate\":\"https:\\\/\\\/369agara.com\\\/?s={search_term_string}\"},\"query-input\":{\"@type\":\"PropertyValueSpecification\",\"valueRequired\":true,\"valueName\":\"search_term_string\"}}],\"inLanguage\":\"es\"},{\"@type\":\"Organization\",\"@id\":\"https:\\\/\\\/369agara.com\\\/#organization\",\"name\":\"EACreations\",\"url\":\"https:\\\/\\\/369agara.com\\\/\",\"logo\":{\"@type\":\"ImageObject\",\"inLanguage\":\"es\",\"@id\":\"https:\\\/\\\/369agara.com\\\/#\\\/schema\\\/logo\\\/image\\\/\",\"url\":\"\",\"contentUrl\":\"\",\"caption\":\"EACreations\"},\"image\":{\"@id\":\"https:\\\/\\\/369agara.com\\\/#\\\/schema\\\/logo\\\/image\\\/\"}}]}<\/script>\n<!-- \/ Yoast SEO Premium plugin. -->","yoast_head_json":{"title":"Capsule G9 LED 5.5 W Biologa Danell | 485 lm | Agara","description":"La capsule G9 LED 5.5 W Biologa Danell est une excellente alternative \u00e0 la capsule halog\u00e8ne G9 haute tension conventionnelle, offrant un excellent rendu des couleurs et une lumi\u00e8re sans scintillement.\u00a0Equivalent 41 W, 485 lm.","robots":{"index":"index","follow":"follow","max-snippet":"max-snippet:-1","max-image-preview":"max-image-preview:large","max-video-preview":"max-video-preview:-1"},"canonical":"https:\/\/369agara.com\/es\/producto\/capsule-g9-led-55w\/","og_locale":"es_ES","og_type":"article","og_title":"Capsule G9 LED 5.5 W Biologa Danell | 485 lm","og_description":"La capsule G9 LED 5.5 W Biologa Danell est une excellente alternative \u00e0 la capsule halog\u00e8ne G9 haute tension conventionnelle, offrant un excellent rendu des couleurs et une lumi\u00e8re sans scintillement.\u00a0Equivalent 41 W, 485 lm.","og_url":"https:\/\/369agara.com\/es\/producto\/capsule-g9-led-55w\/","og_site_name":"Agara","article_modified_time":"2025-05-15T20:00:17+00:00","og_image":[{"width":800,"height":800,"url":"https:\/\/369agara.com\/wp-content\/uploads\/2023\/08\/capsule-g9-led-55-w-biologa-danell.jpg","type":"image\/jpeg"}],"twitter_card":"summary_large_image","twitter_misc":{"Tiempo de lectura":"4 minutos"},"schema":{"@context":"https:\/\/schema.org","@graph":[{"@type":"WebPage","@id":"https:\/\/369agara.com\/produit\/capsule-g9-led-55w\/","url":"https:\/\/369agara.com\/produit\/capsule-g9-led-55w\/","name":"Capsule G9 LED 5.5 W Biologa Danell | 485 lm | Agara","isPartOf":{"@id":"https:\/\/369agara.com\/#website"},"primaryImageOfPage":{"@id":"https:\/\/369agara.com\/produit\/capsule-g9-led-55w\/#primaryimage"},"image":{"@id":"https:\/\/369agara.com\/produit\/capsule-g9-led-55w\/#primaryimage"},"thumbnailUrl":"https:\/\/369agara.com\/wp-content\/uploads\/2023\/08\/capsule-g9-led-55-w-biologa-danell.jpg","datePublished":"2023-08-26T16:44:23+00:00","dateModified":"2025-05-15T20:00:17+00:00","description":"La capsule G9 LED 5.5 W Biologa Danell est une excellente alternative \u00e0 la capsule halog\u00e8ne G9 haute tension conventionnelle, offrant un excellent rendu des couleurs et une lumi\u00e8re sans scintillement.\u00a0Equivalent 41 W, 485 lm.","breadcrumb":{"@id":"https:\/\/369agara.com\/produit\/capsule-g9-led-55w\/#breadcrumb"},"inLanguage":"es","potentialAction":[{"@type":"ReadAction","target":["https:\/\/369agara.com\/produit\/capsule-g9-led-55w\/"]}]},{"@type":"ImageObject","inLanguage":"es","@id":"https:\/\/369agara.com\/produit\/capsule-g9-led-55w\/#primaryimage","url":"https:\/\/369agara.com\/wp-content\/uploads\/2023\/08\/capsule-g9-led-55-w-biologa-danell.jpg","contentUrl":"https:\/\/369agara.com\/wp-content\/uploads\/2023\/08\/capsule-g9-led-55-w-biologa-danell.jpg","width":800,"height":800},{"@type":"BreadcrumbList","@id":"https:\/\/369agara.com\/produit\/capsule-g9-led-55w\/#breadcrumb","itemListElement":[{"@type":"ListItem","position":1,"name":"Accueil","item":"https:\/\/369agara.com\/"},{"@type":"ListItem","position":2,"name":"La boutique","item":"https:\/\/369agara.com\/la-boutique\/"},{"@type":"ListItem","position":3,"name":"Capsule G9 LED 5.5 W Biologa Danell | 485 lm"}]},{"@type":"WebSite","@id":"https:\/\/369agara.com\/#website","url":"https:\/\/369agara.com\/","name":"Livsrikedomar","description":"Desconectar para conectar mejor","publisher":{"@id":"https:\/\/369agara.com\/#organization"},"potentialAction":[{"@type":"SearchAction","target":{"@type":"EntryPoint","urlTemplate":"https:\/\/369agara.com\/?s={search_term_string}"},"query-input":{"@type":"PropertyValueSpecification","valueRequired":true,"valueName":"search_term_string"}}],"inLanguage":"es"},{"@type":"Organization","@id":"https:\/\/369agara.com\/#organization","name":"EACreations","url":"https:\/\/369agara.com\/","logo":{"@type":"ImageObject","inLanguage":"es","@id":"https:\/\/369agara.com\/#\/schema\/logo\/image\/","url":"","contentUrl":"","caption":"EACreations"},"image":{"@id":"https:\/\/369agara.com\/#\/schema\/logo\/image\/"}}]}},"jetpack_sharing_enabled":true,"_links":{"self":[{"href":"https:\/\/369agara.com\/es\/wp-json\/wp\/v2\/product\/1766","targetHints":{"allow":["GET"]}}],"collection":[{"href":"https:\/\/369agara.com\/es\/wp-json\/wp\/v2\/product"}],"about":[{"href":"https:\/\/369agara.com\/es\/wp-json\/wp\/v2\/types\/product"}],"replies":[{"embeddable":true,"href":"https:\/\/369agara.com\/es\/wp-json\/wp\/v2\/comments?post=1766"}],"wp:featuredmedia":[{"embeddable":true,"href":"https:\/\/369agara.com\/es\/wp-json\/wp\/v2\/media\/1769"}],"wp:attachment":[{"href":"https:\/\/369agara.com\/es\/wp-json\/wp\/v2\/media?parent=1766"}],"wp:term":[{"taxonomy":"product_brand","embeddable":true,"href":"https:\/\/369agara.com\/es\/wp-json\/wp\/v2\/product_brand?post=1766"},{"taxonomy":"product_cat","embeddable":true,"href":"https:\/\/369agara.com\/es\/wp-json\/wp\/v2\/product_cat?post=1766"},{"taxonomy":"product_tag","embeddable":true,"href":"https:\/\/369agara.com\/es\/wp-json\/wp\/v2\/product_tag?post=1766"}],"curies":[{"name":"wp","href":"https:\/\/api.w.org\/{rel}","templated":true}]}}