{"id":1882,"date":"2023-09-18T21:18:00","date_gmt":"2023-09-18T19:18:00","guid":{"rendered":"https:\/\/369agara.com\/?post_type=product&#038;p=1882"},"modified":"2025-05-15T21:59:39","modified_gmt":"2025-05-15T19:59:39","slug":"plaque-mise-terre-gs3-yshield","status":"publish","type":"product","link":"https:\/\/369agara.com\/es\/producto\/plaque-mise-terre-gs3-yshield\/","title":{"rendered":"Placa de toma de tierra GS3 YShield para pinturas, tejidos y mallas antioleo"},"content":{"rendered":"<p><span style=\"color: #333399; font-family: 'book antiqua', palatino, serif; font-size: 120%;\">La placa de protecci\u00f3n GS3 YShield est\u00e1 dise\u00f1ada para proteger contra el fuego, la suciedad y el desgaste. Se trata de la gama m\u00e1s amplia de placas YShield de GW.<\/span><\/p>\n<p><span style=\"color: #333399; font-family: 'book antiqua', palatino, serif; font-size: 120%;\">El soporte est\u00e1ndar, de 80 x 80 mm, se coloca directamente sobre los soportes, las cubiertas y los soportes antivand\u00e1licos.<\/span><\/p>\n<p><span style=\"color: #333399; font-family: 'book antiqua', palatino, serif; font-size: 120%;\">Su forma ergon\u00f3mica es ideal para una instalaci\u00f3n en espacios reducidos. Se compone de un perfil de acero inoxidable de alta calidad que respeta la est\u00e9tica del suelo. Este cielo raso tambi\u00e9n evita el arrastre accidental.<\/span><\/p>\n<p><span style=\"color: #333399; font-family: 'book antiqua', palatino, serif; font-size: 120%;\">Endast l\u00e4mplig f\u00f6r inomhusbruk.<\/span><\/p>\n<p><span style=\"color: #333399; font-family: 'book antiqua', palatino, serif; font-size: 120%;\">El GS3-plattan es compatible con la mayor\u00eda de los sistemas de navegaci\u00f3n por sat\u00e9lite.<\/span><\/p>\n<p><span style=\"color: #333399; font-family: 'book antiqua', palatino, serif; font-size: 120%;\">Se suministra con un cable GL (en 5 longitudes distintas: 20 cm, 1 metro, 2 metros, 5 metros y 10 metros) y un conector GP1, que se suministran por separado.<\/span><\/p>\n<p><span style=\"text-decoration: underline;\"><strong><span style=\"color: #333399; font-family: 'book antiqua', palatino, serif; font-size: 120%; text-decoration: underline;\">Anslutningsm\u00f6jligheter:<\/span><\/strong><\/span><\/p>\n<p><span style=\"color: #333399; font-family: 'book antiqua', palatino, serif; font-size: 120%;\">3 conexiones de cable. Esto permite que otros productos se puedan acordar a trav\u00e9s de esta plataforma con la ayuda de otros GL-jordkablar (como por ejemplo, tak, underb\u00e4dd, jordningsduk, etc.).<\/span><\/p>\n<p><span style=\"text-decoration: underline;\"><strong><span style=\"color: #333399; font-family: 'book antiqua', palatino, serif; font-size: 120%; text-decoration: underline;\">El negocio de la palanca:<\/span><\/strong><\/span><\/p>\n<p><span style=\"color: #333399; font-family: 'book antiqua', palatino, serif; font-size: 120%;\">Placa de aluminio 75 x 75 x 2 mm, placa de pl\u00e1stico 80 x 80 x 6 mm, todos los perfiles, ladrillos, clavijas, cables y tornillos Torx\u00ae.<\/span><\/p>\n<p>&nbsp;<\/p>\n<p><strong><span style=\"text-decoration: underline;\"><span style=\"color: #333399; font-family: 'book antiqua', palatino, serif; font-size: 120%; text-decoration: underline;\">Uppstart:<\/span><\/span><\/strong><\/p>\n<p><img loading=\"lazy\" decoding=\"async\" class=\"size-medium wp-image-1885 aligncenter\" src=\"https:\/\/369agara.com\/wp-content\/uploads\/2023\/09\/Plaque-de-mise-a-la-terre-GS3-YShield-3-300x295.jpg\" alt=\"\" width=\"300\" height=\"295\" srcset=\"https:\/\/369agara.com\/wp-content\/uploads\/2023\/09\/Plaque-de-mise-a-la-terre-GS3-YShield-3-300x295.jpg 300w, https:\/\/369agara.com\/wp-content\/uploads\/2023\/09\/Plaque-de-mise-a-la-terre-GS3-YShield-3.jpg 433w\" sizes=\"auto, (max-width: 300px) 100vw, 300px\" \/><\/p>\n<p><span style=\"color: #333399; font-family: 'book antiqua', palatino, serif; font-size: 120%;\">1. En funci\u00f3n del tipo de aplicaci\u00f3n, el GSX jordningstejp puede colocarse por encima o por debajo del sk\u00e4rmningsmaterialet. Si desea utilizarlo, coloque el casco debajo; si desea utilizarlo, col\u00f3quelo encima.<\/span><\/p>\n<p><span style=\"color: #333399; font-family: 'book antiqua', palatino, serif; font-size: 120%;\">2. F\u00f6rborra 4 6 mm h\u00e5l. S\u00e4tt i pluggarna och skruva sedan GS3-plattan mot v\u00e4ggen vid platsen f\u00f6r jordningslisten med universalskruvarna 3,5 x 40.<\/span><br \/>\n<span style=\"color: #333399; font-family: 'book antiqua', palatino, serif; font-size: 120%;\">Si desea instalar el AF3-tillsats en su pared, instale el cable de conexi\u00f3n; en caso contrario, el cable se conectar\u00e1 directamente a la pared.<\/span><\/p>\n<p><span style=\"color: #333399; font-family: 'book antiqua', palatino, serif; font-size: 120%;\">3. Coloque el cable (tapparna) con una brida M4x3,2 y un destornillador.<\/span><\/p>\n<p><span style=\"color: #333399; font-family: 'book antiqua', palatino, serif; font-size: 120%;\">4. Atornille r\u00e1pidamente el candado con una llave M4x3,2. Si tiene una rosca de 4 mm por debajo de su calcet\u00edn, no utilice el candado.<\/span><\/p>\n<p><span style=\"text-decoration: underline;\"><strong><span style=\"color: #333399; font-family: 'book antiqua', palatino, serif; font-size: 120%; text-decoration: underline;\">Publicaciones t\u00e9cnicas:<\/span><\/strong><\/span><\/p>\n<p><span style=\"color: #333399; font-family: 'book antiqua', palatino, serif; font-size: 120%;\">Placa de juntas para instalaciones de frotadores, cuchillas, tuercas y cinturones antivuelco<\/span><\/p>\n<p><span style=\"color: #333399; font-family: 'book antiqua', palatino, serif; font-size: 120%;\">Vikt: 100 g<\/span><\/p>\n<p><span style=\"color: #333399; font-family: 'book antiqua', palatino, serif; font-size: 120%;\">Gjord i Tyskland<\/span><\/p>\n<p><strong><em><span style=\"color: #e14d43; font-family: 'book antiqua', palatino, serif; font-size: 120%;\">Nos reservamos el derecho de modificar cualquier informaci\u00f3n relativa a los fabricantes que utilicen este producto, ya sea para la instalaci\u00f3n el\u00e9ctrica o para el mantenimiento, siempre que se cumplan las normas DIN 57100 \/ VDE 0100. Le recomendamos que realice la instalaci\u00f3n el\u00e9ctrica y el mantenimiento de los productos YShield\u00ae con un electricista especializado.<\/span><\/em><\/strong><\/p>","protected":false},"excerpt":{"rendered":"<p><span style=\"font-family: 'Book Antiqua', Palatino; font-size: 120%; color: #333399;\">La placa de puesta a tierra GS3 YShield est\u00e1 dise\u00f1ada para la puesta a tierra de pinturas y tejidos antioleaje.\u00a0<\/span><\/p>\n<p><span style=\"font-family: 'Book Antiqua', Palatino; font-size: 120%; color: #333399;\">Encaja sobre las tomas.\u00a0<\/span><\/p>\n<p><span style=\"font-family: 'Book Antiqua', Palatino; font-size: 120%; color: #333399;\">Placa \"est\u00e1ndar\", 80 x 80 mm.<\/span><\/p>","protected":false},"featured_media":1883,"comment_status":"open","ping_status":"closed","template":"","meta":[],"product_brand":[268],"product_cat":[164],"product_tag":[246,247,249,245],"class_list":{"0":"post-1882","1":"product","2":"type-product","3":"status-publish","4":"has-post-thumbnail","6":"product_brand-yshield","7":"product_cat-baubiologie","8":"product_tag-bureau","9":"product_tag-chambre","10":"product_tag-electromagnetisme","11":"product_tag-maison","13":"first","14":"instock","15":"taxable","16":"shipping-taxable","17":"purchasable","18":"product-type-simple"},"yoast_head":"<!-- This site is optimized with the Yoast SEO Premium plugin v25.1 (Yoast SEO v27.4) - https:\/\/yoast.com\/product\/yoast-seo-premium-wordpress\/ -->\n<title>Plaque de mise \u00e0 la terre GS3 YShield pour peintures, toiles et grillages anti-ondes | Agara<\/title>\n<meta name=\"description\" content=\"La plaque de mise \u00e0 la terre GS3 YShield est destin\u00e9e \u00e0 la mise \u00e0 la terre des peintures et toiles anti-ondes.\u00a0Se place au niveau des prises.\u00a0Plaque &quot;standard&quot;, 80 x 80 mm.\" \/>\n<meta name=\"robots\" content=\"index, follow, max-snippet:-1, max-image-preview:large, max-video-preview:-1\" \/>\n<link rel=\"canonical\" href=\"https:\/\/369agara.com\/es\/producto\/plaque-mise-terre-gs3-yshield\/\" \/>\n<meta property=\"og:locale\" content=\"es_ES\" \/>\n<meta property=\"og:type\" content=\"article\" \/>\n<meta property=\"og:title\" content=\"Plaque de mise \u00e0 la terre GS3 YShield pour peintures, toiles et grillages anti-ondes\" \/>\n<meta property=\"og:description\" content=\"La plaque de mise \u00e0 la terre GS3 YShield est destin\u00e9e \u00e0 la mise \u00e0 la terre des peintures et toiles anti-ondes.\u00a0Se place au niveau des prises.\u00a0Plaque &quot;standard&quot;, 80 x 80 mm.\" \/>\n<meta property=\"og:url\" content=\"https:\/\/369agara.com\/es\/producto\/plaque-mise-terre-gs3-yshield\/\" \/>\n<meta property=\"og:site_name\" content=\"Agara\" \/>\n<meta property=\"article:modified_time\" content=\"2025-05-15T19:59:39+00:00\" \/>\n<meta property=\"og:image\" content=\"https:\/\/369agara.com\/wp-content\/uploads\/2023\/09\/plaque-de-mise-a-la-terre-gs3-yshield-pour-peintures-et-toiles-anti-ondes.jpg\" \/>\n\t<meta property=\"og:image:width\" content=\"800\" \/>\n\t<meta property=\"og:image:height\" content=\"800\" \/>\n\t<meta property=\"og:image:type\" content=\"image\/jpeg\" \/>\n<meta name=\"twitter:card\" content=\"summary_large_image\" \/>\n<meta name=\"twitter:label1\" content=\"Tiempo de lectura\" \/>\n\t<meta name=\"twitter:data1\" content=\"3 minutos\" \/>\n<script type=\"application\/ld+json\" class=\"yoast-schema-graph\">{\"@context\":\"https:\\\/\\\/schema.org\",\"@graph\":[{\"@type\":\"WebPage\",\"@id\":\"https:\\\/\\\/369agara.com\\\/produit\\\/plaque-mise-terre-gs3-yshield\\\/\",\"url\":\"https:\\\/\\\/369agara.com\\\/produit\\\/plaque-mise-terre-gs3-yshield\\\/\",\"name\":\"Plaque de mise \u00e0 la terre GS3 YShield pour peintures, toiles et grillages anti-ondes | Agara\",\"isPartOf\":{\"@id\":\"https:\\\/\\\/369agara.com\\\/#website\"},\"primaryImageOfPage\":{\"@id\":\"https:\\\/\\\/369agara.com\\\/produit\\\/plaque-mise-terre-gs3-yshield\\\/#primaryimage\"},\"image\":{\"@id\":\"https:\\\/\\\/369agara.com\\\/produit\\\/plaque-mise-terre-gs3-yshield\\\/#primaryimage\"},\"thumbnailUrl\":\"https:\\\/\\\/369agara.com\\\/wp-content\\\/uploads\\\/2023\\\/09\\\/plaque-de-mise-a-la-terre-gs3-yshield-pour-peintures-et-toiles-anti-ondes.jpg\",\"datePublished\":\"2023-09-18T19:18:00+00:00\",\"dateModified\":\"2025-05-15T19:59:39+00:00\",\"description\":\"La plaque de mise \u00e0 la terre GS3 YShield est destin\u00e9e \u00e0 la mise \u00e0 la terre des peintures et toiles anti-ondes.\u00a0Se place au niveau des prises.\u00a0Plaque \\\"standard\\\", 80 x 80 mm.\",\"breadcrumb\":{\"@id\":\"https:\\\/\\\/369agara.com\\\/produit\\\/plaque-mise-terre-gs3-yshield\\\/#breadcrumb\"},\"inLanguage\":\"es\",\"potentialAction\":[{\"@type\":\"ReadAction\",\"target\":[\"https:\\\/\\\/369agara.com\\\/produit\\\/plaque-mise-terre-gs3-yshield\\\/\"]}]},{\"@type\":\"ImageObject\",\"inLanguage\":\"es\",\"@id\":\"https:\\\/\\\/369agara.com\\\/produit\\\/plaque-mise-terre-gs3-yshield\\\/#primaryimage\",\"url\":\"https:\\\/\\\/369agara.com\\\/wp-content\\\/uploads\\\/2023\\\/09\\\/plaque-de-mise-a-la-terre-gs3-yshield-pour-peintures-et-toiles-anti-ondes.jpg\",\"contentUrl\":\"https:\\\/\\\/369agara.com\\\/wp-content\\\/uploads\\\/2023\\\/09\\\/plaque-de-mise-a-la-terre-gs3-yshield-pour-peintures-et-toiles-anti-ondes.jpg\",\"width\":800,\"height\":800},{\"@type\":\"BreadcrumbList\",\"@id\":\"https:\\\/\\\/369agara.com\\\/produit\\\/plaque-mise-terre-gs3-yshield\\\/#breadcrumb\",\"itemListElement\":[{\"@type\":\"ListItem\",\"position\":1,\"name\":\"Accueil\",\"item\":\"https:\\\/\\\/369agara.com\\\/\"},{\"@type\":\"ListItem\",\"position\":2,\"name\":\"La boutique\",\"item\":\"https:\\\/\\\/369agara.com\\\/la-boutique\\\/\"},{\"@type\":\"ListItem\",\"position\":3,\"name\":\"Plaque de mise \u00e0 la terre GS3 YShield pour peintures, toiles et grillages anti-ondes\"}]},{\"@type\":\"WebSite\",\"@id\":\"https:\\\/\\\/369agara.com\\\/#website\",\"url\":\"https:\\\/\\\/369agara.com\\\/\",\"name\":\"Livsrikedomar\",\"description\":\"D\u00e9connectez pour mieux vous connecter\",\"publisher\":{\"@id\":\"https:\\\/\\\/369agara.com\\\/#organization\"},\"potentialAction\":[{\"@type\":\"SearchAction\",\"target\":{\"@type\":\"EntryPoint\",\"urlTemplate\":\"https:\\\/\\\/369agara.com\\\/?s={search_term_string}\"},\"query-input\":{\"@type\":\"PropertyValueSpecification\",\"valueRequired\":true,\"valueName\":\"search_term_string\"}}],\"inLanguage\":\"es\"},{\"@type\":\"Organization\",\"@id\":\"https:\\\/\\\/369agara.com\\\/#organization\",\"name\":\"EACreations\",\"url\":\"https:\\\/\\\/369agara.com\\\/\",\"logo\":{\"@type\":\"ImageObject\",\"inLanguage\":\"es\",\"@id\":\"https:\\\/\\\/369agara.com\\\/#\\\/schema\\\/logo\\\/image\\\/\",\"url\":\"\",\"contentUrl\":\"\",\"caption\":\"EACreations\"},\"image\":{\"@id\":\"https:\\\/\\\/369agara.com\\\/#\\\/schema\\\/logo\\\/image\\\/\"}}]}<\/script>\n<!-- \/ Yoast SEO Premium plugin. -->","yoast_head_json":{"title":"Plaque de mise \u00e0 la terre GS3 YShield pour peintures, toiles et grillages anti-ondes | Agara","description":"La placa de toma de tierra GS3 YShield est\u00e1 dise\u00f1ada para la toma de tierra de pinturas y tejidos anti-ondas. Se adapta a las tomas de corriente. Placa \"est\u00e1ndar\", 80 x 80 mm.","robots":{"index":"index","follow":"follow","max-snippet":"max-snippet:-1","max-image-preview":"max-image-preview:large","max-video-preview":"max-video-preview:-1"},"canonical":"https:\/\/369agara.com\/es\/producto\/plaque-mise-terre-gs3-yshield\/","og_locale":"es_ES","og_type":"article","og_title":"Plaque de mise \u00e0 la terre GS3 YShield pour peintures, toiles et grillages anti-ondes","og_description":"La plaque de mise \u00e0 la terre GS3 YShield est destin\u00e9e \u00e0 la mise \u00e0 la terre des peintures et toiles anti-ondes.\u00a0Se place au niveau des prises.\u00a0Plaque \"standard\", 80 x 80 mm.","og_url":"https:\/\/369agara.com\/es\/producto\/plaque-mise-terre-gs3-yshield\/","og_site_name":"Agara","article_modified_time":"2025-05-15T19:59:39+00:00","og_image":[{"width":800,"height":800,"url":"https:\/\/369agara.com\/wp-content\/uploads\/2023\/09\/plaque-de-mise-a-la-terre-gs3-yshield-pour-peintures-et-toiles-anti-ondes.jpg","type":"image\/jpeg"}],"twitter_card":"summary_large_image","twitter_misc":{"Tiempo de lectura":"3 minutos"},"schema":{"@context":"https:\/\/schema.org","@graph":[{"@type":"WebPage","@id":"https:\/\/369agara.com\/produit\/plaque-mise-terre-gs3-yshield\/","url":"https:\/\/369agara.com\/produit\/plaque-mise-terre-gs3-yshield\/","name":"Plaque de mise \u00e0 la terre GS3 YShield pour peintures, toiles et grillages anti-ondes | Agara","isPartOf":{"@id":"https:\/\/369agara.com\/#website"},"primaryImageOfPage":{"@id":"https:\/\/369agara.com\/produit\/plaque-mise-terre-gs3-yshield\/#primaryimage"},"image":{"@id":"https:\/\/369agara.com\/produit\/plaque-mise-terre-gs3-yshield\/#primaryimage"},"thumbnailUrl":"https:\/\/369agara.com\/wp-content\/uploads\/2023\/09\/plaque-de-mise-a-la-terre-gs3-yshield-pour-peintures-et-toiles-anti-ondes.jpg","datePublished":"2023-09-18T19:18:00+00:00","dateModified":"2025-05-15T19:59:39+00:00","description":"La placa de toma de tierra GS3 YShield est\u00e1 dise\u00f1ada para la toma de tierra de pinturas y tejidos anti-ondas. Se adapta a las tomas de corriente. Placa \"est\u00e1ndar\", 80 x 80 mm.","breadcrumb":{"@id":"https:\/\/369agara.com\/produit\/plaque-mise-terre-gs3-yshield\/#breadcrumb"},"inLanguage":"es","potentialAction":[{"@type":"ReadAction","target":["https:\/\/369agara.com\/produit\/plaque-mise-terre-gs3-yshield\/"]}]},{"@type":"ImageObject","inLanguage":"es","@id":"https:\/\/369agara.com\/produit\/plaque-mise-terre-gs3-yshield\/#primaryimage","url":"https:\/\/369agara.com\/wp-content\/uploads\/2023\/09\/plaque-de-mise-a-la-terre-gs3-yshield-pour-peintures-et-toiles-anti-ondes.jpg","contentUrl":"https:\/\/369agara.com\/wp-content\/uploads\/2023\/09\/plaque-de-mise-a-la-terre-gs3-yshield-pour-peintures-et-toiles-anti-ondes.jpg","width":800,"height":800},{"@type":"BreadcrumbList","@id":"https:\/\/369agara.com\/produit\/plaque-mise-terre-gs3-yshield\/#breadcrumb","itemListElement":[{"@type":"ListItem","position":1,"name":"Accueil","item":"https:\/\/369agara.com\/"},{"@type":"ListItem","position":2,"name":"La boutique","item":"https:\/\/369agara.com\/la-boutique\/"},{"@type":"ListItem","position":3,"name":"Plaque de mise \u00e0 la terre GS3 YShield pour peintures, toiles et grillages anti-ondes"}]},{"@type":"WebSite","@id":"https:\/\/369agara.com\/#website","url":"https:\/\/369agara.com\/","name":"Livsrikedomar","description":"Desconectar para conectar mejor","publisher":{"@id":"https:\/\/369agara.com\/#organization"},"potentialAction":[{"@type":"SearchAction","target":{"@type":"EntryPoint","urlTemplate":"https:\/\/369agara.com\/?s={search_term_string}"},"query-input":{"@type":"PropertyValueSpecification","valueRequired":true,"valueName":"search_term_string"}}],"inLanguage":"es"},{"@type":"Organization","@id":"https:\/\/369agara.com\/#organization","name":"EACreations","url":"https:\/\/369agara.com\/","logo":{"@type":"ImageObject","inLanguage":"es","@id":"https:\/\/369agara.com\/#\/schema\/logo\/image\/","url":"","contentUrl":"","caption":"EACreations"},"image":{"@id":"https:\/\/369agara.com\/#\/schema\/logo\/image\/"}}]}},"jetpack_sharing_enabled":true,"_links":{"self":[{"href":"https:\/\/369agara.com\/es\/wp-json\/wp\/v2\/product\/1882","targetHints":{"allow":["GET"]}}],"collection":[{"href":"https:\/\/369agara.com\/es\/wp-json\/wp\/v2\/product"}],"about":[{"href":"https:\/\/369agara.com\/es\/wp-json\/wp\/v2\/types\/product"}],"replies":[{"embeddable":true,"href":"https:\/\/369agara.com\/es\/wp-json\/wp\/v2\/comments?post=1882"}],"wp:featuredmedia":[{"embeddable":true,"href":"https:\/\/369agara.com\/es\/wp-json\/wp\/v2\/media\/1883"}],"wp:attachment":[{"href":"https:\/\/369agara.com\/es\/wp-json\/wp\/v2\/media?parent=1882"}],"wp:term":[{"taxonomy":"product_brand","embeddable":true,"href":"https:\/\/369agara.com\/es\/wp-json\/wp\/v2\/product_brand?post=1882"},{"taxonomy":"product_cat","embeddable":true,"href":"https:\/\/369agara.com\/es\/wp-json\/wp\/v2\/product_cat?post=1882"},{"taxonomy":"product_tag","embeddable":true,"href":"https:\/\/369agara.com\/es\/wp-json\/wp\/v2\/product_tag?post=1882"}],"curies":[{"name":"wp","href":"https:\/\/api.w.org\/{rel}","templated":true}]}}