{"id":1886,"date":"2023-09-18T21:42:46","date_gmt":"2023-09-18T19:42:46","guid":{"rendered":"https:\/\/369agara.com\/?post_type=product&#038;p=1886"},"modified":"2025-05-15T21:54:05","modified_gmt":"2025-05-15T19:54:05","slug":"cable-mise-terre-gl-yshield","status":"publish","type":"product","link":"https:\/\/369agara.com\/es\/producto\/cable-mise-terre-gl-yshield\/","title":{"rendered":"Cable de puesta a tierra GL YShield"},"content":{"rendered":"<div class=\"block md-bottom product-description-block\">\n<div class=\"block-content box-bg\">\n<div class=\"product-description typo\">\n<p><span style=\"font-family: 'Book Antiqua', Palatino; font-size: 120%; color: #333399;\">Los cables de puesta a tierra YShield GL se han dise\u00f1ado especialmente para permitir que los distintos componentes de puesta a tierra YShield se conecten entre s\u00ed, a fin de garantizar que cuadros, lienzos, telas, toldos y ropa de cama est\u00e9n correctamente puestos a tierra.<\/span><\/p>\n<p><span style=\"font-family: 'Book Antiqua', Palatino; font-size: 120%; color: #333399;\">En cada extremo del cable hay terminales prensados y una funda termorretr\u00e1ctil que optimizan la resistencia del sistema.\u00a0<\/span><\/p>\n<h3><span style=\"font-family: 'Book Antiqua', Palatino; font-size: 120%; color: #333399;\">5 longitudes disponibles<\/span><\/h3>\n<ul>\n<li><span style=\"font-family: 'Book Antiqua', Palatino; font-size: 120%; color: #333399;\">GL20 | 20 cm<\/span><\/li>\n<li><span style=\"font-family: 'Book Antiqua', Palatino; font-size: 120%; color: #333399;\">GL100 | 1 metro<\/span><\/li>\n<li><span style=\"font-family: 'Book Antiqua', Palatino; font-size: 120%; color: #333399;\">GL200 | 2 metros<\/span><\/li>\n<li><span style=\"font-family: 'Book Antiqua', Palatino; font-size: 120%; color: #333399;\">GL500 | 5 metros<\/span><\/li>\n<li><span style=\"font-family: 'Book Antiqua', Palatino; font-size: 120%; color: #333399;\">GL1000 | 10 metros<\/span><\/li>\n<\/ul>\n<h3><span style=\"font-family: 'Book Antiqua', Palatino; font-size: 120%; color: #333399;\">Instalaci\u00f3n<\/span><\/h3>\n<p><span style=\"font-family: 'Book Antiqua', Palatino; font-size: 120%; color: #333399;\">Estos cables con terminales se atornillan a una placa de toma de tierra por un lado y a una clavija de toma de tierra (o varilla met\u00e1lica de toma de tierra) por el otro.<\/span><\/p>\n<h3><span style=\"font-family: 'Book Antiqua', Palatino; font-size: 120%; color: #333399;\">Especificaciones t\u00e9cnicas<\/span><\/h3>\n<p><span style=\"font-family: 'Book Antiqua', Palatino; font-size: 120%; color: #333399;\">Cable de puesta a tierra transparente de 2,5 mm\u00b2 con terminales crimpados y cubierta termorretr\u00e1ctil en ambos lados<\/span><\/p>\n<p><span style=\"font-family: 'Book Antiqua', Palatino; font-size: 120%; color: #333399;\">Gran flexibilidad<\/span><\/p>\n<p><span style=\"font-family: 'Book Antiqua', Palatino; font-size: 120%; color: #333399;\">Fabricado en Alemania<\/span><\/p>\n<p><span style=\"font-family: 'Book Antiqua', Palatino; font-size: 120%; color: #ed1c24;\">No aceptamos ninguna responsabilidad por da\u00f1os a personas, animales u objetos causados por el uso inadecuado de este producto, en particular la puesta a tierra y la instalaci\u00f3n el\u00e9ctrica que no cumpla con la norma DIN 57100 \/ VDE 0100. <\/span><\/p>\n<p><span style=\"font-family: 'Book Antiqua', Palatino; font-size: 120%; color: #ed1c24;\">Recomendamos que la instalaci\u00f3n el\u00e9ctrica y la toma de tierra de los productos YShield\u00ae sean revisadas por un electricista especializado.<\/span><\/p>\n<h3><span style=\"color: #333399; font-family: 'Book Antiqua', Palatino; font-size: 120%;\">Consulte<\/span><\/h3>\n<\/div>\n<\/div>\n<\/div>\n<div class=\"block product-attachments-block sm-bottom\">\n<div class=\"block-content\">\n<section class=\"product-attachments\">\n<div class=\"row\">\n<div class=\"attachment col-12 col-lg-4\">\n<div class=\"box-bg my-2\">\n<ul>\n<li class=\"h5\"><span style=\"font-family: 'Book Antiqua', Palatino; font-size: 120%; color: #333399;\">Cable GL YShield<\/span><br \/>\n<span style=\"font-family: 'Book Antiqua', Palatino; font-size: 120%; color: #333399;\">Ficha t\u00e9cnica - Instrucciones de uso<\/span><\/li>\n<\/ul>\n<\/div>\n<\/div>\n<div class=\"attachment col-12 col-lg-4\">\n<div class=\"box-bg my-2\">\n<ul>\n<li class=\"h5\"><span style=\"font-family: 'Book Antiqua', Palatino; font-size: 120%; color: #333399;\">Toma de tierra<\/span><br \/>\n<span style=\"font-family: 'Book Antiqua', Palatino; font-size: 120%; color: #333399;\">Los nuevos accesorios de puesta a tierra YShield, despu\u00e9s de 2021<\/span><\/li>\n<\/ul>\n<\/div>\n<\/div>\n<\/div>\n<\/section>\n<\/div>\n<\/div>","protected":false},"excerpt":{"rendered":"<p><span style=\"font-family: 'Book Antiqua', Palatino; font-size: 120%; color: #333399;\">Los cables de puesta a tierra GL YShield est\u00e1n disponibles en 5 longitudes: 20 cm, 1 m, 2 m, 5 m, 10 m.\u00a0<\/span><\/p>\n<p><span style=\"font-family: 'Book Antiqua', Palatino; font-size: 120%; color: #333399;\">Equipados con orejetas engarzadas a cada lado, conectan las placas de toma de tierra a las clavijas de toma de tierra y a las picas met\u00e1licas de toma de tierra.<\/span><\/p>","protected":false},"featured_media":1897,"comment_status":"open","ping_status":"closed","template":"","meta":[],"product_brand":[268],"product_cat":[164],"product_tag":[248,246,247,249,245],"class_list":{"0":"post-1886","1":"product","2":"type-product","3":"status-publish","4":"has-post-thumbnail","6":"product_brand-yshield","7":"product_cat-baubiologie","8":"product_tag-baubiologie","9":"product_tag-bureau","10":"product_tag-chambre","11":"product_tag-electromagnetisme","12":"product_tag-maison","14":"first","15":"instock","16":"taxable","17":"shipping-taxable","18":"purchasable","19":"product-type-variable"},"yoast_head":"<!-- This site is optimized with the Yoast SEO Premium plugin v25.1 (Yoast SEO v27.4) - https:\/\/yoast.com\/product\/yoast-seo-premium-wordpress\/ -->\n<title>C\u00e2ble de mise \u00e0 la terre GL YShield | Agara<\/title>\n<meta name=\"description\" content=\"Les c\u00e2bles de mise \u00e0 la terre GL YShield existent en 5 longueurs : 20 cm, 1 m, 2 m , 5 m, 10 m.\u00a0Munis de cosses serties de chaque c\u00f4t\u00e9, ils permettent de relier les plaques de mise \u00e0 la terre aux fiches de mise \u00e0 la terre et aux tiges m\u00e9talliques de mise \u00e0 la terre.\" \/>\n<meta name=\"robots\" content=\"index, follow, max-snippet:-1, max-image-preview:large, max-video-preview:-1\" \/>\n<link rel=\"canonical\" href=\"https:\/\/369agara.com\/es\/producto\/cable-mise-terre-gl-yshield\/\" \/>\n<meta property=\"og:locale\" content=\"es_ES\" \/>\n<meta property=\"og:type\" content=\"article\" \/>\n<meta property=\"og:title\" content=\"C\u00e2ble de mise \u00e0 la terre GL YShield\" \/>\n<meta property=\"og:description\" content=\"Les c\u00e2bles de mise \u00e0 la terre GL YShield existent en 5 longueurs : 20 cm, 1 m, 2 m , 5 m, 10 m.\u00a0Munis de cosses serties de chaque c\u00f4t\u00e9, ils permettent de relier les plaques de mise \u00e0 la terre aux fiches de mise \u00e0 la terre et aux tiges m\u00e9talliques de mise \u00e0 la terre.\" \/>\n<meta property=\"og:url\" content=\"https:\/\/369agara.com\/es\/producto\/cable-mise-terre-gl-yshield\/\" \/>\n<meta property=\"og:site_name\" content=\"Agara\" \/>\n<meta property=\"article:modified_time\" content=\"2025-05-15T19:54:05+00:00\" \/>\n<meta property=\"og:image\" content=\"https:\/\/369agara.com\/wp-content\/uploads\/2023\/09\/cable-de-mise-a-la-terre-gl-yshield.jpg\" \/>\n\t<meta property=\"og:image:width\" content=\"800\" \/>\n\t<meta property=\"og:image:height\" content=\"800\" \/>\n\t<meta property=\"og:image:type\" content=\"image\/jpeg\" \/>\n<meta name=\"twitter:card\" content=\"summary_large_image\" \/>\n<meta name=\"twitter:label1\" content=\"Tiempo de lectura\" \/>\n\t<meta name=\"twitter:data1\" content=\"2 minutos\" \/>\n<script type=\"application\/ld+json\" class=\"yoast-schema-graph\">{\"@context\":\"https:\\\/\\\/schema.org\",\"@graph\":[{\"@type\":\"WebPage\",\"@id\":\"https:\\\/\\\/369agara.com\\\/produit\\\/cable-mise-terre-gl-yshield\\\/\",\"url\":\"https:\\\/\\\/369agara.com\\\/produit\\\/cable-mise-terre-gl-yshield\\\/\",\"name\":\"C\u00e2ble de mise \u00e0 la terre GL YShield | Agara\",\"isPartOf\":{\"@id\":\"https:\\\/\\\/369agara.com\\\/#website\"},\"primaryImageOfPage\":{\"@id\":\"https:\\\/\\\/369agara.com\\\/produit\\\/cable-mise-terre-gl-yshield\\\/#primaryimage\"},\"image\":{\"@id\":\"https:\\\/\\\/369agara.com\\\/produit\\\/cable-mise-terre-gl-yshield\\\/#primaryimage\"},\"thumbnailUrl\":\"https:\\\/\\\/369agara.com\\\/wp-content\\\/uploads\\\/2023\\\/09\\\/cable-de-mise-a-la-terre-gl-yshield.jpg\",\"datePublished\":\"2023-09-18T19:42:46+00:00\",\"dateModified\":\"2025-05-15T19:54:05+00:00\",\"description\":\"Les c\u00e2bles de mise \u00e0 la terre GL YShield existent en 5 longueurs : 20 cm, 1 m, 2 m , 5 m, 10 m.\u00a0Munis de cosses serties de chaque c\u00f4t\u00e9, ils permettent de relier les plaques de mise \u00e0 la terre aux fiches de mise \u00e0 la terre et aux tiges m\u00e9talliques de mise \u00e0 la terre.\",\"breadcrumb\":{\"@id\":\"https:\\\/\\\/369agara.com\\\/produit\\\/cable-mise-terre-gl-yshield\\\/#breadcrumb\"},\"inLanguage\":\"es\",\"potentialAction\":[{\"@type\":\"ReadAction\",\"target\":[\"https:\\\/\\\/369agara.com\\\/produit\\\/cable-mise-terre-gl-yshield\\\/\"]}]},{\"@type\":\"ImageObject\",\"inLanguage\":\"es\",\"@id\":\"https:\\\/\\\/369agara.com\\\/produit\\\/cable-mise-terre-gl-yshield\\\/#primaryimage\",\"url\":\"https:\\\/\\\/369agara.com\\\/wp-content\\\/uploads\\\/2023\\\/09\\\/cable-de-mise-a-la-terre-gl-yshield.jpg\",\"contentUrl\":\"https:\\\/\\\/369agara.com\\\/wp-content\\\/uploads\\\/2023\\\/09\\\/cable-de-mise-a-la-terre-gl-yshield.jpg\",\"width\":800,\"height\":800},{\"@type\":\"BreadcrumbList\",\"@id\":\"https:\\\/\\\/369agara.com\\\/produit\\\/cable-mise-terre-gl-yshield\\\/#breadcrumb\",\"itemListElement\":[{\"@type\":\"ListItem\",\"position\":1,\"name\":\"Accueil\",\"item\":\"https:\\\/\\\/369agara.com\\\/\"},{\"@type\":\"ListItem\",\"position\":2,\"name\":\"La boutique\",\"item\":\"https:\\\/\\\/369agara.com\\\/la-boutique\\\/\"},{\"@type\":\"ListItem\",\"position\":3,\"name\":\"C\u00e2ble de mise \u00e0 la terre GL YShield\"}]},{\"@type\":\"WebSite\",\"@id\":\"https:\\\/\\\/369agara.com\\\/#website\",\"url\":\"https:\\\/\\\/369agara.com\\\/\",\"name\":\"Livsrikedomar\",\"description\":\"D\u00e9connectez pour mieux vous connecter\",\"publisher\":{\"@id\":\"https:\\\/\\\/369agara.com\\\/#organization\"},\"potentialAction\":[{\"@type\":\"SearchAction\",\"target\":{\"@type\":\"EntryPoint\",\"urlTemplate\":\"https:\\\/\\\/369agara.com\\\/?s={search_term_string}\"},\"query-input\":{\"@type\":\"PropertyValueSpecification\",\"valueRequired\":true,\"valueName\":\"search_term_string\"}}],\"inLanguage\":\"es\"},{\"@type\":\"Organization\",\"@id\":\"https:\\\/\\\/369agara.com\\\/#organization\",\"name\":\"EACreations\",\"url\":\"https:\\\/\\\/369agara.com\\\/\",\"logo\":{\"@type\":\"ImageObject\",\"inLanguage\":\"es\",\"@id\":\"https:\\\/\\\/369agara.com\\\/#\\\/schema\\\/logo\\\/image\\\/\",\"url\":\"\",\"contentUrl\":\"\",\"caption\":\"EACreations\"},\"image\":{\"@id\":\"https:\\\/\\\/369agara.com\\\/#\\\/schema\\\/logo\\\/image\\\/\"}}]}<\/script>\n<!-- \/ Yoast SEO Premium plugin. -->","yoast_head_json":{"title":"C\u00e2ble de mise \u00e0 la terre GL YShield | Agara","description":"Les c\u00e2bles de mise \u00e0 la terre GL YShield existent en 5 longueurs : 20 cm, 1 m, 2 m , 5 m, 10 m.\u00a0Munis de cosses serties de chaque c\u00f4t\u00e9, ils permettent de relier les plaques de mise \u00e0 la terre aux fiches de mise \u00e0 la terre et aux tiges m\u00e9talliques de mise \u00e0 la terre.","robots":{"index":"index","follow":"follow","max-snippet":"max-snippet:-1","max-image-preview":"max-image-preview:large","max-video-preview":"max-video-preview:-1"},"canonical":"https:\/\/369agara.com\/es\/producto\/cable-mise-terre-gl-yshield\/","og_locale":"es_ES","og_type":"article","og_title":"C\u00e2ble de mise \u00e0 la terre GL YShield","og_description":"Les c\u00e2bles de mise \u00e0 la terre GL YShield existent en 5 longueurs : 20 cm, 1 m, 2 m , 5 m, 10 m.\u00a0Munis de cosses serties de chaque c\u00f4t\u00e9, ils permettent de relier les plaques de mise \u00e0 la terre aux fiches de mise \u00e0 la terre et aux tiges m\u00e9talliques de mise \u00e0 la terre.","og_url":"https:\/\/369agara.com\/es\/producto\/cable-mise-terre-gl-yshield\/","og_site_name":"Agara","article_modified_time":"2025-05-15T19:54:05+00:00","og_image":[{"width":800,"height":800,"url":"https:\/\/369agara.com\/wp-content\/uploads\/2023\/09\/cable-de-mise-a-la-terre-gl-yshield.jpg","type":"image\/jpeg"}],"twitter_card":"summary_large_image","twitter_misc":{"Tiempo de lectura":"2 minutos"},"schema":{"@context":"https:\/\/schema.org","@graph":[{"@type":"WebPage","@id":"https:\/\/369agara.com\/produit\/cable-mise-terre-gl-yshield\/","url":"https:\/\/369agara.com\/produit\/cable-mise-terre-gl-yshield\/","name":"C\u00e2ble de mise \u00e0 la terre GL YShield | Agara","isPartOf":{"@id":"https:\/\/369agara.com\/#website"},"primaryImageOfPage":{"@id":"https:\/\/369agara.com\/produit\/cable-mise-terre-gl-yshield\/#primaryimage"},"image":{"@id":"https:\/\/369agara.com\/produit\/cable-mise-terre-gl-yshield\/#primaryimage"},"thumbnailUrl":"https:\/\/369agara.com\/wp-content\/uploads\/2023\/09\/cable-de-mise-a-la-terre-gl-yshield.jpg","datePublished":"2023-09-18T19:42:46+00:00","dateModified":"2025-05-15T19:54:05+00:00","description":"Les c\u00e2bles de mise \u00e0 la terre GL YShield existent en 5 longueurs : 20 cm, 1 m, 2 m , 5 m, 10 m.\u00a0Munis de cosses serties de chaque c\u00f4t\u00e9, ils permettent de relier les plaques de mise \u00e0 la terre aux fiches de mise \u00e0 la terre et aux tiges m\u00e9talliques de mise \u00e0 la terre.","breadcrumb":{"@id":"https:\/\/369agara.com\/produit\/cable-mise-terre-gl-yshield\/#breadcrumb"},"inLanguage":"es","potentialAction":[{"@type":"ReadAction","target":["https:\/\/369agara.com\/produit\/cable-mise-terre-gl-yshield\/"]}]},{"@type":"ImageObject","inLanguage":"es","@id":"https:\/\/369agara.com\/produit\/cable-mise-terre-gl-yshield\/#primaryimage","url":"https:\/\/369agara.com\/wp-content\/uploads\/2023\/09\/cable-de-mise-a-la-terre-gl-yshield.jpg","contentUrl":"https:\/\/369agara.com\/wp-content\/uploads\/2023\/09\/cable-de-mise-a-la-terre-gl-yshield.jpg","width":800,"height":800},{"@type":"BreadcrumbList","@id":"https:\/\/369agara.com\/produit\/cable-mise-terre-gl-yshield\/#breadcrumb","itemListElement":[{"@type":"ListItem","position":1,"name":"Accueil","item":"https:\/\/369agara.com\/"},{"@type":"ListItem","position":2,"name":"La boutique","item":"https:\/\/369agara.com\/la-boutique\/"},{"@type":"ListItem","position":3,"name":"C\u00e2ble de mise \u00e0 la terre GL YShield"}]},{"@type":"WebSite","@id":"https:\/\/369agara.com\/#website","url":"https:\/\/369agara.com\/","name":"Livsrikedomar","description":"Desconectar para conectar mejor","publisher":{"@id":"https:\/\/369agara.com\/#organization"},"potentialAction":[{"@type":"SearchAction","target":{"@type":"EntryPoint","urlTemplate":"https:\/\/369agara.com\/?s={search_term_string}"},"query-input":{"@type":"PropertyValueSpecification","valueRequired":true,"valueName":"search_term_string"}}],"inLanguage":"es"},{"@type":"Organization","@id":"https:\/\/369agara.com\/#organization","name":"EACreations","url":"https:\/\/369agara.com\/","logo":{"@type":"ImageObject","inLanguage":"es","@id":"https:\/\/369agara.com\/#\/schema\/logo\/image\/","url":"","contentUrl":"","caption":"EACreations"},"image":{"@id":"https:\/\/369agara.com\/#\/schema\/logo\/image\/"}}]}},"jetpack_sharing_enabled":true,"_links":{"self":[{"href":"https:\/\/369agara.com\/es\/wp-json\/wp\/v2\/product\/1886","targetHints":{"allow":["GET"]}}],"collection":[{"href":"https:\/\/369agara.com\/es\/wp-json\/wp\/v2\/product"}],"about":[{"href":"https:\/\/369agara.com\/es\/wp-json\/wp\/v2\/types\/product"}],"replies":[{"embeddable":true,"href":"https:\/\/369agara.com\/es\/wp-json\/wp\/v2\/comments?post=1886"}],"wp:featuredmedia":[{"embeddable":true,"href":"https:\/\/369agara.com\/es\/wp-json\/wp\/v2\/media\/1897"}],"wp:attachment":[{"href":"https:\/\/369agara.com\/es\/wp-json\/wp\/v2\/media?parent=1886"}],"wp:term":[{"taxonomy":"product_brand","embeddable":true,"href":"https:\/\/369agara.com\/es\/wp-json\/wp\/v2\/product_brand?post=1886"},{"taxonomy":"product_cat","embeddable":true,"href":"https:\/\/369agara.com\/es\/wp-json\/wp\/v2\/product_cat?post=1886"},{"taxonomy":"product_tag","embeddable":true,"href":"https:\/\/369agara.com\/es\/wp-json\/wp\/v2\/product_tag?post=1886"}],"curies":[{"name":"wp","href":"https:\/\/api.w.org\/{rel}","templated":true}]}}