{"id":1898,"date":"2023-09-18T21:57:17","date_gmt":"2023-09-18T19:57:17","guid":{"rendered":"https:\/\/369agara.com\/?post_type=product&#038;p=1898"},"modified":"2025-05-15T21:53:31","modified_gmt":"2025-05-15T19:53:31","slug":"fiche-mise-terre-gp1-yshield","status":"publish","type":"product","link":"https:\/\/369agara.com\/es\/producto\/fiche-mise-terre-gp1-yshield\/","title":{"rendered":"GP1 Enchufe de puesta a tierra YShield para pintura antioleaje, lona y malla"},"content":{"rendered":"<div class=\"block md-bottom product-description-block\">\n<div class=\"block-content box-bg\">\n<div class=\"product-description typo\">\n<p><span style=\"font-family: 'Book Antiqua', Palatino; font-size: 120%; color: #333399;\">La clavija de toma de tierra GP1 YShield es una clavija de toma de tierra EF de tipo profesional compatible con las tomas de pared CEE 7\/4 y CEE 7\/7 (tomas schuko francesas y alemanas).\u00a0<\/span><\/p>\n<p><span style=\"font-family: 'Book Antiqua', Palatino; font-size: 120%; color: #333399;\">Garantiza la correcta conexi\u00f3n a tierra de lienzos, pinturas, pantallas anti-ondas, etc. Se enrosca en un enchufe de pared con toma de tierra.\u00a0<\/span><\/p>\n<p><span style=\"font-family: 'Book Antiqua', Palatino; font-size: 120%; color: #333399;\">Se utiliza junto con una placa de toma de tierra GS2, GS3 o GF3 y un cable de toma de tierra GL (disponible en 5 longitudes diferentes: 20 cm, 1 metro, 2 metros, 5 metros o 10 metros).\u00a0<\/span><\/p>\n<h3><span style=\"font-family: 'Book Antiqua', Palatino; font-size: 120%; color: #333399;\">Conectividad<\/span><\/h3>\n<p><span style=\"font-family: 'Book Antiqua', Palatino; font-size: 120%; color: #333399;\">4 conexiones de cable<\/span><\/p>\n<h3><span style=\"font-family: 'Book Antiqua', Palatino; font-size: 120%; color: #333399;\">Volumen de suministro<\/span><\/h3>\n<p><span style=\"font-family: 'Book Antiqua', Palatino; font-size: 120%; color: #333399;\">Clavija de toma de tierra, tapa protectora de 55 x 55 x 8 mm, todos los tornillos necesarios, arandelas, terminales de cable y una herramienta de atornillado con puntas Torx\u00ae.<\/span><\/p>\n<h3><span style=\"font-family: 'Book Antiqua', Palatino; font-size: 120%; color: #333399;\">Instalaci\u00f3n<\/span><\/h3>\n<p><span style=\"font-family: 'Book Antiqua', Palatino; font-size: 120%; color: #333399;\">1. Afloje y retire el tornillo del inserto del z\u00f3calo<\/span><\/p>\n<p><span style=\"font-family: 'Book Antiqua', Palatino; font-size: 120%; color: #333399;\">2. Ensamble la clavija con el inserto de la toma atornill\u00e1ndolos con un tornillo M2,5\u00d735 o M3x35.<\/span><\/p>\n<p><span style=\"font-family: 'Book Antiqua', Palatino; font-size: 120%; color: #333399;\">3. Atornille el cable (orejeta) con los tornillos M4x3,2 y la arandela de tensi\u00f3n.<\/span><\/p>\n<h3><span style=\"font-family: 'Book Antiqua', Palatino; font-size: 120%; color: #333399;\">Especificaciones t\u00e9cnicas<\/span><\/h3>\n<p><span style=\"font-family: 'Book Antiqua', Palatino; font-size: 120%; color: #333399;\"><strong>Clavija de toma de tierra para instalaciones fijas<\/strong>\u00a0como pintura, lona, malla, revestimientos antioleaje, etc.<\/span><\/p>\n<p><span style=\"font-family: 'Book Antiqua', Palatino; font-size: 120%; color: #333399;\">Para la puesta a tierra de art\u00edculos textiles, utilice la clavija de puesta a tierra GPE YShield.<\/span><\/p>\n<p><span style=\"font-family: 'Book Antiqua', Palatino; font-size: 120%; color: #333399;\">Peso: 80 g<\/span><\/p>\n<p><span style=\"font-family: 'Book Antiqua', Palatino; font-size: 120%; color: #333399;\">Fabricado en Alemania<\/span><\/p>\n<p><span style=\"font-family: 'Book Antiqua', Palatino; font-size: 120%; color: #ed1c24;\">No aceptamos ninguna responsabilidad por da\u00f1os a personas, animales u objetos causados por el uso inadecuado de este producto, en particular la puesta a tierra y la instalaci\u00f3n el\u00e9ctrica que no cumpla con la norma DIN 57100 \/ VDE 0100. <\/span><\/p>\n<p><span style=\"font-family: 'Book Antiqua', Palatino; font-size: 120%; color: #ed1c24;\">Recomendamos que la instalaci\u00f3n el\u00e9ctrica y la toma de tierra de los productos YShield\u00ae sean revisadas por un electricista especializado.<\/span><\/p>\n<\/div>\n<\/div>\n<\/div>\n<div class=\"block product-attachments-block sm-bottom\">\n<h3 class=\"title-block\"><span style=\"font-family: 'Book Antiqua', Palatino; font-size: 120%; color: #333399;\">Consulte<\/span><\/h3>\n<div class=\"block-content\">\n<section class=\"product-attachments\">\n<div class=\"row\">\n<div class=\"attachment col-12 col-lg-4\">\n<div class=\"box-bg my-2\">\n<ul>\n<li class=\"h5\"><span style=\"font-family: 'Book Antiqua', Palatino; font-size: 120%; color: #333399;\">Hoja GP1 YShield<\/span><br \/>\n<span style=\"font-family: 'Book Antiqua', Palatino; font-size: 120%; color: #333399;\">Ficha t\u00e9cnica - Instrucciones de uso<\/span><\/li>\n<\/ul>\n<\/div>\n<\/div>\n<div class=\"attachment col-12 col-lg-4\">\n<div class=\"box-bg my-2\">\n<ul>\n<li class=\"h5\"><span style=\"font-family: 'Book Antiqua', Palatino; font-size: 120%; color: #333399;\">Toma de tierra<\/span><br \/>\n<span style=\"font-family: 'Book Antiqua', Palatino; font-size: 120%; color: #333399;\">Los nuevos accesorios de puesta a tierra YShield, despu\u00e9s de 2021<\/span><\/li>\n<\/ul>\n<\/div>\n<\/div>\n<\/div>\n<\/section>\n<\/div>\n<\/div>","protected":false},"excerpt":{"rendered":"<p><span style=\"font-family: 'Book Antiqua', Palatino; font-size: 120%; color: #333399;\">La clavija de toma de tierra GP1 YShield es compatible con las tomas de pared CEE 7\/4 y CEE 7\/7.\u00a0<\/span><\/p>\n<p><span style=\"font-family: 'Book Antiqua', Palatino; font-size: 120%; color: #333399;\">Est\u00e1 dise\u00f1ado para la puesta a tierra permanente de tejidos, revestimientos y pinturas antioleaje.<\/span><\/p>","protected":false},"featured_media":1899,"comment_status":"open","ping_status":"closed","template":"","meta":[],"product_brand":[268],"product_cat":[164],"product_tag":[248,246,247,249,245,262],"class_list":{"0":"post-1898","1":"product","2":"type-product","3":"status-publish","4":"has-post-thumbnail","6":"product_brand-yshield","7":"product_cat-baubiologie","8":"product_tag-baubiologie","9":"product_tag-bureau","10":"product_tag-chambre","11":"product_tag-electromagnetisme","12":"product_tag-maison","13":"product_tag-peinture","15":"first","16":"instock","17":"taxable","18":"shipping-taxable","19":"purchasable","20":"product-type-simple"},"yoast_head":"<!-- This site is optimized with the Yoast SEO Premium plugin v25.1 (Yoast SEO v27.6) - https:\/\/yoast.com\/product\/yoast-seo-premium-wordpress\/ -->\n<title>Fiche de mise \u00e0 la terre GP1 YShield pour peintures, toiles et grillages anti-ondes | Agara<\/title>\n<meta name=\"description\" content=\"La fiche de mise \u00e0 la terre GP1 YShield est compatible avec les prises de courant murales CEE 7\/4 et CEE 7\/7.\u00a0Elle est destin\u00e9e \u00e0 la mise \u00e0 la terre permanente des toiles, rev\u00eatements et peintures anti-ondes.\" \/>\n<meta name=\"robots\" content=\"index, follow, max-snippet:-1, max-image-preview:large, max-video-preview:-1\" \/>\n<link rel=\"canonical\" href=\"https:\/\/369agara.com\/es\/producto\/fiche-mise-terre-gp1-yshield\/\" \/>\n<meta property=\"og:locale\" content=\"es_ES\" \/>\n<meta property=\"og:type\" content=\"article\" \/>\n<meta property=\"og:title\" content=\"Fiche de mise \u00e0 la terre GP1 YShield pour peintures, toiles et grillages anti-ondes\" \/>\n<meta property=\"og:description\" content=\"La fiche de mise \u00e0 la terre GP1 YShield est compatible avec les prises de courant murales CEE 7\/4 et CEE 7\/7.\u00a0Elle est destin\u00e9e \u00e0 la mise \u00e0 la terre permanente des toiles, rev\u00eatements et peintures anti-ondes.\" \/>\n<meta property=\"og:url\" content=\"https:\/\/369agara.com\/es\/producto\/fiche-mise-terre-gp1-yshield\/\" \/>\n<meta property=\"og:site_name\" content=\"Agara\" \/>\n<meta property=\"article:modified_time\" content=\"2025-05-15T19:53:31+00:00\" \/>\n<meta property=\"og:image\" content=\"https:\/\/369agara.com\/wp-content\/uploads\/2023\/09\/fiche-de-mise-a-la-terre-gp1-yshield-1.jpg\" \/>\n\t<meta property=\"og:image:width\" content=\"800\" \/>\n\t<meta property=\"og:image:height\" content=\"800\" \/>\n\t<meta property=\"og:image:type\" content=\"image\/jpeg\" \/>\n<meta name=\"twitter:card\" content=\"summary_large_image\" \/>\n<meta name=\"twitter:label1\" content=\"Tiempo de lectura\" \/>\n\t<meta name=\"twitter:data1\" content=\"2 minutos\" \/>\n<script type=\"application\/ld+json\" class=\"yoast-schema-graph\">{\"@context\":\"https:\\\/\\\/schema.org\",\"@graph\":[{\"@type\":\"WebPage\",\"@id\":\"https:\\\/\\\/369agara.com\\\/produit\\\/fiche-mise-terre-gp1-yshield\\\/\",\"url\":\"https:\\\/\\\/369agara.com\\\/produit\\\/fiche-mise-terre-gp1-yshield\\\/\",\"name\":\"Fiche de mise \u00e0 la terre GP1 YShield pour peintures, toiles et grillages anti-ondes | Agara\",\"isPartOf\":{\"@id\":\"https:\\\/\\\/369agara.com\\\/#website\"},\"primaryImageOfPage\":{\"@id\":\"https:\\\/\\\/369agara.com\\\/produit\\\/fiche-mise-terre-gp1-yshield\\\/#primaryimage\"},\"image\":{\"@id\":\"https:\\\/\\\/369agara.com\\\/produit\\\/fiche-mise-terre-gp1-yshield\\\/#primaryimage\"},\"thumbnailUrl\":\"https:\\\/\\\/369agara.com\\\/wp-content\\\/uploads\\\/2023\\\/09\\\/fiche-de-mise-a-la-terre-gp1-yshield-1.jpg\",\"datePublished\":\"2023-09-18T19:57:17+00:00\",\"dateModified\":\"2025-05-15T19:53:31+00:00\",\"description\":\"La fiche de mise \u00e0 la terre GP1 YShield est compatible avec les prises de courant murales CEE 7\\\/4 et CEE 7\\\/7.\u00a0Elle est destin\u00e9e \u00e0 la mise \u00e0 la terre permanente des toiles, rev\u00eatements et peintures anti-ondes.\",\"breadcrumb\":{\"@id\":\"https:\\\/\\\/369agara.com\\\/produit\\\/fiche-mise-terre-gp1-yshield\\\/#breadcrumb\"},\"inLanguage\":\"es\",\"potentialAction\":[{\"@type\":\"ReadAction\",\"target\":[\"https:\\\/\\\/369agara.com\\\/produit\\\/fiche-mise-terre-gp1-yshield\\\/\"]}]},{\"@type\":\"ImageObject\",\"inLanguage\":\"es\",\"@id\":\"https:\\\/\\\/369agara.com\\\/produit\\\/fiche-mise-terre-gp1-yshield\\\/#primaryimage\",\"url\":\"https:\\\/\\\/369agara.com\\\/wp-content\\\/uploads\\\/2023\\\/09\\\/fiche-de-mise-a-la-terre-gp1-yshield-1.jpg\",\"contentUrl\":\"https:\\\/\\\/369agara.com\\\/wp-content\\\/uploads\\\/2023\\\/09\\\/fiche-de-mise-a-la-terre-gp1-yshield-1.jpg\",\"width\":800,\"height\":800},{\"@type\":\"BreadcrumbList\",\"@id\":\"https:\\\/\\\/369agara.com\\\/produit\\\/fiche-mise-terre-gp1-yshield\\\/#breadcrumb\",\"itemListElement\":[{\"@type\":\"ListItem\",\"position\":1,\"name\":\"Accueil\",\"item\":\"https:\\\/\\\/369agara.com\\\/\"},{\"@type\":\"ListItem\",\"position\":2,\"name\":\"La boutique\",\"item\":\"https:\\\/\\\/369agara.com\\\/la-boutique\\\/\"},{\"@type\":\"ListItem\",\"position\":3,\"name\":\"Fiche de mise \u00e0 la terre GP1 YShield pour peintures, toiles et grillages anti-ondes\"}]},{\"@type\":\"WebSite\",\"@id\":\"https:\\\/\\\/369agara.com\\\/#website\",\"url\":\"https:\\\/\\\/369agara.com\\\/\",\"name\":\"Livsrikedomar\",\"description\":\"D\u00e9connectez pour mieux vous connecter\",\"publisher\":{\"@id\":\"https:\\\/\\\/369agara.com\\\/#organization\"},\"potentialAction\":[{\"@type\":\"SearchAction\",\"target\":{\"@type\":\"EntryPoint\",\"urlTemplate\":\"https:\\\/\\\/369agara.com\\\/?s={search_term_string}\"},\"query-input\":{\"@type\":\"PropertyValueSpecification\",\"valueRequired\":true,\"valueName\":\"search_term_string\"}}],\"inLanguage\":\"es\"},{\"@type\":\"Organization\",\"@id\":\"https:\\\/\\\/369agara.com\\\/#organization\",\"name\":\"EACreations\",\"url\":\"https:\\\/\\\/369agara.com\\\/\",\"logo\":{\"@type\":\"ImageObject\",\"inLanguage\":\"es\",\"@id\":\"https:\\\/\\\/369agara.com\\\/#\\\/schema\\\/logo\\\/image\\\/\",\"url\":\"\",\"contentUrl\":\"\",\"caption\":\"EACreations\"},\"image\":{\"@id\":\"https:\\\/\\\/369agara.com\\\/#\\\/schema\\\/logo\\\/image\\\/\"}}]}<\/script>\n<!-- \/ Yoast SEO Premium plugin. -->","yoast_head_json":{"title":"Fiche de mise \u00e0 la terre GP1 YShield pour peintures, toiles et grillages anti-ondes | Agara","description":"La fiche de mise \u00e0 la terre GP1 YShield est compatible avec les prises de courant murales CEE 7\/4 et CEE 7\/7.\u00a0Elle est destin\u00e9e \u00e0 la mise \u00e0 la terre permanente des toiles, rev\u00eatements et peintures anti-ondes.","robots":{"index":"index","follow":"follow","max-snippet":"max-snippet:-1","max-image-preview":"max-image-preview:large","max-video-preview":"max-video-preview:-1"},"canonical":"https:\/\/369agara.com\/es\/producto\/fiche-mise-terre-gp1-yshield\/","og_locale":"es_ES","og_type":"article","og_title":"Fiche de mise \u00e0 la terre GP1 YShield pour peintures, toiles et grillages anti-ondes","og_description":"La fiche de mise \u00e0 la terre GP1 YShield est compatible avec les prises de courant murales CEE 7\/4 et CEE 7\/7.\u00a0Elle est destin\u00e9e \u00e0 la mise \u00e0 la terre permanente des toiles, rev\u00eatements et peintures anti-ondes.","og_url":"https:\/\/369agara.com\/es\/producto\/fiche-mise-terre-gp1-yshield\/","og_site_name":"Agara","article_modified_time":"2025-05-15T19:53:31+00:00","og_image":[{"width":800,"height":800,"url":"https:\/\/369agara.com\/wp-content\/uploads\/2023\/09\/fiche-de-mise-a-la-terre-gp1-yshield-1.jpg","type":"image\/jpeg"}],"twitter_card":"summary_large_image","twitter_misc":{"Tiempo de lectura":"2 minutos"},"schema":{"@context":"https:\/\/schema.org","@graph":[{"@type":"WebPage","@id":"https:\/\/369agara.com\/produit\/fiche-mise-terre-gp1-yshield\/","url":"https:\/\/369agara.com\/produit\/fiche-mise-terre-gp1-yshield\/","name":"Fiche de mise \u00e0 la terre GP1 YShield pour peintures, toiles et grillages anti-ondes | Agara","isPartOf":{"@id":"https:\/\/369agara.com\/#website"},"primaryImageOfPage":{"@id":"https:\/\/369agara.com\/produit\/fiche-mise-terre-gp1-yshield\/#primaryimage"},"image":{"@id":"https:\/\/369agara.com\/produit\/fiche-mise-terre-gp1-yshield\/#primaryimage"},"thumbnailUrl":"https:\/\/369agara.com\/wp-content\/uploads\/2023\/09\/fiche-de-mise-a-la-terre-gp1-yshield-1.jpg","datePublished":"2023-09-18T19:57:17+00:00","dateModified":"2025-05-15T19:53:31+00:00","description":"La fiche de mise \u00e0 la terre GP1 YShield est compatible avec les prises de courant murales CEE 7\/4 et CEE 7\/7.\u00a0Elle est destin\u00e9e \u00e0 la mise \u00e0 la terre permanente des toiles, rev\u00eatements et peintures anti-ondes.","breadcrumb":{"@id":"https:\/\/369agara.com\/produit\/fiche-mise-terre-gp1-yshield\/#breadcrumb"},"inLanguage":"es","potentialAction":[{"@type":"ReadAction","target":["https:\/\/369agara.com\/produit\/fiche-mise-terre-gp1-yshield\/"]}]},{"@type":"ImageObject","inLanguage":"es","@id":"https:\/\/369agara.com\/produit\/fiche-mise-terre-gp1-yshield\/#primaryimage","url":"https:\/\/369agara.com\/wp-content\/uploads\/2023\/09\/fiche-de-mise-a-la-terre-gp1-yshield-1.jpg","contentUrl":"https:\/\/369agara.com\/wp-content\/uploads\/2023\/09\/fiche-de-mise-a-la-terre-gp1-yshield-1.jpg","width":800,"height":800},{"@type":"BreadcrumbList","@id":"https:\/\/369agara.com\/produit\/fiche-mise-terre-gp1-yshield\/#breadcrumb","itemListElement":[{"@type":"ListItem","position":1,"name":"Accueil","item":"https:\/\/369agara.com\/"},{"@type":"ListItem","position":2,"name":"La boutique","item":"https:\/\/369agara.com\/la-boutique\/"},{"@type":"ListItem","position":3,"name":"Fiche de mise \u00e0 la terre GP1 YShield pour peintures, toiles et grillages anti-ondes"}]},{"@type":"WebSite","@id":"https:\/\/369agara.com\/#website","url":"https:\/\/369agara.com\/","name":"Livsrikedomar","description":"Desconectar para conectar mejor","publisher":{"@id":"https:\/\/369agara.com\/#organization"},"potentialAction":[{"@type":"SearchAction","target":{"@type":"EntryPoint","urlTemplate":"https:\/\/369agara.com\/?s={search_term_string}"},"query-input":{"@type":"PropertyValueSpecification","valueRequired":true,"valueName":"search_term_string"}}],"inLanguage":"es"},{"@type":"Organization","@id":"https:\/\/369agara.com\/#organization","name":"EACreations","url":"https:\/\/369agara.com\/","logo":{"@type":"ImageObject","inLanguage":"es","@id":"https:\/\/369agara.com\/#\/schema\/logo\/image\/","url":"","contentUrl":"","caption":"EACreations"},"image":{"@id":"https:\/\/369agara.com\/#\/schema\/logo\/image\/"}}]}},"jetpack_sharing_enabled":true,"_links":{"self":[{"href":"https:\/\/369agara.com\/es\/wp-json\/wp\/v2\/product\/1898","targetHints":{"allow":["GET"]}}],"collection":[{"href":"https:\/\/369agara.com\/es\/wp-json\/wp\/v2\/product"}],"about":[{"href":"https:\/\/369agara.com\/es\/wp-json\/wp\/v2\/types\/product"}],"replies":[{"embeddable":true,"href":"https:\/\/369agara.com\/es\/wp-json\/wp\/v2\/comments?post=1898"}],"wp:featuredmedia":[{"embeddable":true,"href":"https:\/\/369agara.com\/es\/wp-json\/wp\/v2\/media\/1899"}],"wp:attachment":[{"href":"https:\/\/369agara.com\/es\/wp-json\/wp\/v2\/media?parent=1898"}],"wp:term":[{"taxonomy":"product_brand","embeddable":true,"href":"https:\/\/369agara.com\/es\/wp-json\/wp\/v2\/product_brand?post=1898"},{"taxonomy":"product_cat","embeddable":true,"href":"https:\/\/369agara.com\/es\/wp-json\/wp\/v2\/product_cat?post=1898"},{"taxonomy":"product_tag","embeddable":true,"href":"https:\/\/369agara.com\/es\/wp-json\/wp\/v2\/product_tag?post=1898"}],"curies":[{"name":"wp","href":"https:\/\/api.w.org\/{rel}","templated":true}]}}