{"id":1919,"date":"2023-09-19T19:02:09","date_gmt":"2023-09-19T17:02:09","guid":{"rendered":"https:\/\/369agara.com\/?post_type=product&#038;p=1919"},"modified":"2025-05-15T21:52:58","modified_gmt":"2025-05-15T19:52:58","slug":"lessive-tissus-liquide-poudre","status":"publish","type":"product","link":"https:\/\/369agara.com\/es\/producto\/lessive-tissus-liquide-poudre\/","title":{"rendered":"Detergente YShield para tejidos con protecci\u00f3n contra microondas - l\u00edquido | polvo"},"content":{"rendered":"<p><span style=\"font-family: 'Book Antiqua', Palatino; font-size: 120%; color: #333399;\">El detergente Texcare YShield se ha desarrollado especialmente para lavar diversos tejidos antioleaje fabricados con hilos de plata y acero inoxidable, cuidando las fibras y preservando sus propiedades de apantallamiento.<\/span><\/p>\n<ul>\n<li><span style=\"font-family: 'Book Antiqua', Palatino; font-size: 120%; color: #333399;\">Las pruebas realizadas en f\u00e1brica y los comentarios de los clientes han demostrado que los detergentes convencionales (o incluso la limpieza en seco) tienden a da\u00f1ar las fibras de la armadura y alterar el rendimiento y el aspecto de los tejidos.<\/span><\/li>\n<li><span style=\"font-family: 'Book Antiqua', Palatino; font-size: 120%; color: #333399;\">El detergente Texcare deja los tejidos perfectamente limpios y preserva sus propiedades y rendimiento.<\/span><\/li>\n<\/ul>\n<p><span style=\"font-family: 'Book Antiqua', Palatino; font-size: 120%; color: #ed1c24;\">Este detergente es\u00a0<strong>ecol\u00f3gico<\/strong>\u00a0y, por tanto, protege el medio ambiente. Tambi\u00e9n se ha\u00a0<strong>especialmente dise\u00f1ado para personas al\u00e9rgicas y con SQM<\/strong>\u00a0Sin perfume, garantizado sin colorantes ni productos qu\u00edmicos.<\/span><\/p>\n<p><span style=\"font-family: 'Book Antiqua', Palatino; font-size: 120%; color: #333399;\">Puede realizar 20 lavados con un litro de detergente \/ un kilo de detergente Texcare.<\/span><br \/>\n<span style=\"font-family: 'Book Antiqua', Palatino; font-size: 120%; color: #333399;\">50 ml de detergente son suficientes por lavado, sea cual sea la dureza del agua.<\/span><\/p>\n<p><span style=\"font-family: 'Book Antiqua', Palatino; font-size: 120%; color: #333399;\">Utilice preferentemente el programa delicado de su lavadora, lave en fr\u00edo o a un m\u00e1ximo de 30\u00b0C y centrifugue ligeramente.<\/span><\/p>\n<p><span style=\"font-family: 'Book Antiqua', Palatino; font-size: 120%; color: #ed1c24;\">En todos los casos, consulte los manuales t\u00e9cnicos de los distintos tejidos y siga las instrucciones de cuidado que figuran en ellos.<\/span><\/p>\n<h3><span style=\"font-family: 'Book Antiqua', Palatino; font-size: 120%; color: #333399;\">Especificaciones t\u00e9cnicas<\/span><\/h3>\n<p><span style=\"font-family: 'Book Antiqua', Palatino; font-size: 120%; color: #333399;\">L\u00edquido :<\/span><\/p>\n<ul>\n<li><span style=\"font-family: 'Book Antiqua', Palatino; font-size: 120%; color: #333399;\"><strong>Composici\u00f3n<\/strong>\u00a0<strong>:<\/strong>\u00a0jab\u00f3n de aceite de colza 5 a 15%, tensioactivo de az\u00facar 5 a 15%, sulfato de alcohol de coco 5 a 15%, alcohol vegetal (etanol) 1 a 5%, aceite de ricino sulfatado<\/span><\/li>\n<li><span style=\"font-family: 'Book Antiqua', Palatino; font-size: 120%; color: #333399;\"><strong>Ingredientes INCI :<\/strong>\u00a0agua, jab\u00f3n pot\u00e1sico, alquilpoligluc\u00f3sido C8-16, sulfato s\u00f3dico de alcohol graso C 8-14, alcohol, aceite de ricino sulfatado, citrato pot\u00e1sico.<\/span><\/li>\n<li><span style=\"font-family: 'Book Antiqua', Palatino; font-size: 120%; color: #333399;\">Capacidad : 1 litro<\/span><\/li>\n<li><span style=\"font-family: 'Book Antiqua', Palatino; font-size: 120%; color: #333399;\">Peso: 1,2 kg<\/span><\/li>\n<\/ul>\n<p><span style=\"font-family: 'Book Antiqua', Palatino; font-size: 120%; color: #333399;\">Polvo :<\/span><\/p>\n<ul>\n<li><span style=\"font-family: 'Book Antiqua', Palatino; font-size: 120%; color: #333399;\"><strong>Composici\u00f3n:<\/strong>\u00a0zeolita 15 a 30%, jab\u00f3n de aceite vegetal 15 a 30%, citrato 15 a 30%, tensioactivos de az\u00facar 5 a 15%, carbonato s\u00f3dico 5 a 15%, silicatos 1 a 5%, bicarbonato s\u00f3dico 1 a 5%, Quillaja org\u00e1nica &lt;1%, contenido de humedad del polvo 10 a 15%<\/span><\/li>\n<li><span style=\"font-family: 'Book Antiqua', Palatino; font-size: 120%; color: #333399;\"><strong>Ingredientes INCI :<\/strong>\u00a0zeolita, jab\u00f3n de sodio, citrato de sodio, coco-gluc\u00f3sido, carbonato de sodio, silicato de sodio, bicarbonato de sodio, Quillaja Saponaria<\/span><\/li>\n<li><span style=\"font-family: 'Book Antiqua', Palatino; font-size: 120%; color: #333399;\">Contenido : 1 kg<\/span><\/li>\n<li><span style=\"font-family: 'Book Antiqua', Palatino; font-size: 120%; color: #333399;\">Peso: 1,1 kg<\/span><\/li>\n<\/ul>","protected":false},"excerpt":{"rendered":"<p><span style=\"font-family: 'Book Antiqua', Palatino; font-size: 120%; color: #333399;\">El detergente Texcare YShield est\u00e1 especialmente dise\u00f1ado para lavar y cuidar los tejidos antimarcas fabricados con hilos de plata y acero inoxidable.\u00a0<\/span><\/p>\n<ul>\n<li><span style=\"font-family: 'Book Antiqua', Palatino; font-size: 120%; color: #333399;\">Bote de un litro (20 lavados).<\/span><\/li>\n<li><span style=\"font-family: 'Book Antiqua', Palatino; font-size: 120%; color: #333399;\">Bolsa de un kilo (20 lavados).<\/span><\/li>\n<\/ul>","protected":false},"featured_media":1922,"comment_status":"open","ping_status":"closed","template":"","meta":[],"product_brand":[268],"product_cat":[164],"product_tag":[248,247,249,245],"class_list":{"0":"post-1919","1":"product","2":"type-product","3":"status-publish","4":"has-post-thumbnail","6":"product_brand-yshield","7":"product_cat-baubiologie","8":"product_tag-baubiologie","9":"product_tag-chambre","10":"product_tag-electromagnetisme","11":"product_tag-maison","13":"first","14":"instock","15":"taxable","16":"shipping-taxable","17":"purchasable","18":"product-type-variable"},"yoast_head":"<!-- This site is optimized with the Yoast SEO Premium plugin v25.1 (Yoast SEO v27.4) - https:\/\/yoast.com\/product\/yoast-seo-premium-wordpress\/ -->\n<title>Lessive YShield pour tissus de protection anti-ondes - liquide | poudre | Agara<\/title>\n<meta name=\"description\" content=\"La lessive Texcare YShield est sp\u00e9cialement con\u00e7ue pour laver et prendre soin des tissus anti-ondes compos\u00e9s d&#039;argent et de fils d&#039;acier inoxydable.\u00a0Bidon d&#039;un litre (20 lavages) \/ Sac d&#039;un kilo (20 lavages).\" \/>\n<meta name=\"robots\" content=\"index, follow, max-snippet:-1, max-image-preview:large, max-video-preview:-1\" \/>\n<link rel=\"canonical\" href=\"https:\/\/369agara.com\/es\/producto\/lessive-tissus-liquide-poudre\/\" \/>\n<meta property=\"og:locale\" content=\"es_ES\" \/>\n<meta property=\"og:type\" content=\"article\" \/>\n<meta property=\"og:title\" content=\"Lessive YShield pour tissus de protection anti-ondes - liquide | poudre\" \/>\n<meta property=\"og:description\" content=\"La lessive Texcare YShield est sp\u00e9cialement con\u00e7ue pour laver et prendre soin des tissus anti-ondes compos\u00e9s d&#039;argent et de fils d&#039;acier inoxydable.\u00a0Bidon d&#039;un litre (20 lavages) \/ Sac d&#039;un kilo (20 lavages).\" \/>\n<meta property=\"og:url\" content=\"https:\/\/369agara.com\/es\/producto\/lessive-tissus-liquide-poudre\/\" \/>\n<meta property=\"og:site_name\" content=\"Agara\" \/>\n<meta property=\"article:modified_time\" content=\"2025-05-15T19:52:58+00:00\" \/>\n<meta property=\"og:image\" content=\"https:\/\/369agara.com\/wp-content\/uploads\/2023\/09\/lessive-liquide-texcare-yshield-pour-tissus-anti-ondes.jpg\" \/>\n\t<meta property=\"og:image:width\" content=\"800\" \/>\n\t<meta property=\"og:image:height\" content=\"800\" \/>\n\t<meta property=\"og:image:type\" content=\"image\/jpeg\" \/>\n<meta name=\"twitter:card\" content=\"summary_large_image\" \/>\n<meta name=\"twitter:label1\" content=\"Tiempo de lectura\" \/>\n\t<meta name=\"twitter:data1\" content=\"2 minutos\" \/>\n<script type=\"application\/ld+json\" class=\"yoast-schema-graph\">{\"@context\":\"https:\\\/\\\/schema.org\",\"@graph\":[{\"@type\":\"WebPage\",\"@id\":\"https:\\\/\\\/369agara.com\\\/produit\\\/lessive-tissus-liquide-poudre\\\/\",\"url\":\"https:\\\/\\\/369agara.com\\\/produit\\\/lessive-tissus-liquide-poudre\\\/\",\"name\":\"Lessive YShield pour tissus de protection anti-ondes - liquide | poudre | Agara\",\"isPartOf\":{\"@id\":\"https:\\\/\\\/369agara.com\\\/#website\"},\"primaryImageOfPage\":{\"@id\":\"https:\\\/\\\/369agara.com\\\/produit\\\/lessive-tissus-liquide-poudre\\\/#primaryimage\"},\"image\":{\"@id\":\"https:\\\/\\\/369agara.com\\\/produit\\\/lessive-tissus-liquide-poudre\\\/#primaryimage\"},\"thumbnailUrl\":\"https:\\\/\\\/369agara.com\\\/wp-content\\\/uploads\\\/2023\\\/09\\\/lessive-liquide-texcare-yshield-pour-tissus-anti-ondes.jpg\",\"datePublished\":\"2023-09-19T17:02:09+00:00\",\"dateModified\":\"2025-05-15T19:52:58+00:00\",\"description\":\"La lessive Texcare YShield est sp\u00e9cialement con\u00e7ue pour laver et prendre soin des tissus anti-ondes compos\u00e9s d'argent et de fils d'acier inoxydable.\u00a0Bidon d'un litre (20 lavages) \\\/ Sac d'un kilo (20 lavages).\",\"breadcrumb\":{\"@id\":\"https:\\\/\\\/369agara.com\\\/produit\\\/lessive-tissus-liquide-poudre\\\/#breadcrumb\"},\"inLanguage\":\"es\",\"potentialAction\":[{\"@type\":\"ReadAction\",\"target\":[\"https:\\\/\\\/369agara.com\\\/produit\\\/lessive-tissus-liquide-poudre\\\/\"]}]},{\"@type\":\"ImageObject\",\"inLanguage\":\"es\",\"@id\":\"https:\\\/\\\/369agara.com\\\/produit\\\/lessive-tissus-liquide-poudre\\\/#primaryimage\",\"url\":\"https:\\\/\\\/369agara.com\\\/wp-content\\\/uploads\\\/2023\\\/09\\\/lessive-liquide-texcare-yshield-pour-tissus-anti-ondes.jpg\",\"contentUrl\":\"https:\\\/\\\/369agara.com\\\/wp-content\\\/uploads\\\/2023\\\/09\\\/lessive-liquide-texcare-yshield-pour-tissus-anti-ondes.jpg\",\"width\":800,\"height\":800},{\"@type\":\"BreadcrumbList\",\"@id\":\"https:\\\/\\\/369agara.com\\\/produit\\\/lessive-tissus-liquide-poudre\\\/#breadcrumb\",\"itemListElement\":[{\"@type\":\"ListItem\",\"position\":1,\"name\":\"Accueil\",\"item\":\"https:\\\/\\\/369agara.com\\\/\"},{\"@type\":\"ListItem\",\"position\":2,\"name\":\"La boutique\",\"item\":\"https:\\\/\\\/369agara.com\\\/la-boutique\\\/\"},{\"@type\":\"ListItem\",\"position\":3,\"name\":\"Lessive YShield pour tissus de protection anti-ondes &#8211; liquide | poudre\"}]},{\"@type\":\"WebSite\",\"@id\":\"https:\\\/\\\/369agara.com\\\/#website\",\"url\":\"https:\\\/\\\/369agara.com\\\/\",\"name\":\"Livsrikedomar\",\"description\":\"D\u00e9connectez pour mieux vous connecter\",\"publisher\":{\"@id\":\"https:\\\/\\\/369agara.com\\\/#organization\"},\"potentialAction\":[{\"@type\":\"SearchAction\",\"target\":{\"@type\":\"EntryPoint\",\"urlTemplate\":\"https:\\\/\\\/369agara.com\\\/?s={search_term_string}\"},\"query-input\":{\"@type\":\"PropertyValueSpecification\",\"valueRequired\":true,\"valueName\":\"search_term_string\"}}],\"inLanguage\":\"es\"},{\"@type\":\"Organization\",\"@id\":\"https:\\\/\\\/369agara.com\\\/#organization\",\"name\":\"EACreations\",\"url\":\"https:\\\/\\\/369agara.com\\\/\",\"logo\":{\"@type\":\"ImageObject\",\"inLanguage\":\"es\",\"@id\":\"https:\\\/\\\/369agara.com\\\/#\\\/schema\\\/logo\\\/image\\\/\",\"url\":\"\",\"contentUrl\":\"\",\"caption\":\"EACreations\"},\"image\":{\"@id\":\"https:\\\/\\\/369agara.com\\\/#\\\/schema\\\/logo\\\/image\\\/\"}}]}<\/script>\n<!-- \/ Yoast SEO Premium plugin. -->","yoast_head_json":{"title":"Lessive YShield pour tissus de protection anti-ondes - liquide | poudre | Agara","description":"La lessive Texcare YShield est sp\u00e9cialement con\u00e7ue pour laver et prendre soin des tissus anti-ondes compos\u00e9s d'argent et de fils d'acier inoxydable.\u00a0Bidon d'un litre (20 lavages) \/ Sac d'un kilo (20 lavages).","robots":{"index":"index","follow":"follow","max-snippet":"max-snippet:-1","max-image-preview":"max-image-preview:large","max-video-preview":"max-video-preview:-1"},"canonical":"https:\/\/369agara.com\/es\/producto\/lessive-tissus-liquide-poudre\/","og_locale":"es_ES","og_type":"article","og_title":"Lessive YShield pour tissus de protection anti-ondes - liquide | poudre","og_description":"La lessive Texcare YShield est sp\u00e9cialement con\u00e7ue pour laver et prendre soin des tissus anti-ondes compos\u00e9s d'argent et de fils d'acier inoxydable.\u00a0Bidon d'un litre (20 lavages) \/ Sac d'un kilo (20 lavages).","og_url":"https:\/\/369agara.com\/es\/producto\/lessive-tissus-liquide-poudre\/","og_site_name":"Agara","article_modified_time":"2025-05-15T19:52:58+00:00","og_image":[{"width":800,"height":800,"url":"https:\/\/369agara.com\/wp-content\/uploads\/2023\/09\/lessive-liquide-texcare-yshield-pour-tissus-anti-ondes.jpg","type":"image\/jpeg"}],"twitter_card":"summary_large_image","twitter_misc":{"Tiempo de lectura":"2 minutos"},"schema":{"@context":"https:\/\/schema.org","@graph":[{"@type":"WebPage","@id":"https:\/\/369agara.com\/produit\/lessive-tissus-liquide-poudre\/","url":"https:\/\/369agara.com\/produit\/lessive-tissus-liquide-poudre\/","name":"Lessive YShield pour tissus de protection anti-ondes - liquide | poudre | Agara","isPartOf":{"@id":"https:\/\/369agara.com\/#website"},"primaryImageOfPage":{"@id":"https:\/\/369agara.com\/produit\/lessive-tissus-liquide-poudre\/#primaryimage"},"image":{"@id":"https:\/\/369agara.com\/produit\/lessive-tissus-liquide-poudre\/#primaryimage"},"thumbnailUrl":"https:\/\/369agara.com\/wp-content\/uploads\/2023\/09\/lessive-liquide-texcare-yshield-pour-tissus-anti-ondes.jpg","datePublished":"2023-09-19T17:02:09+00:00","dateModified":"2025-05-15T19:52:58+00:00","description":"La lessive Texcare YShield est sp\u00e9cialement con\u00e7ue pour laver et prendre soin des tissus anti-ondes compos\u00e9s d'argent et de fils d'acier inoxydable.\u00a0Bidon d'un litre (20 lavages) \/ Sac d'un kilo (20 lavages).","breadcrumb":{"@id":"https:\/\/369agara.com\/produit\/lessive-tissus-liquide-poudre\/#breadcrumb"},"inLanguage":"es","potentialAction":[{"@type":"ReadAction","target":["https:\/\/369agara.com\/produit\/lessive-tissus-liquide-poudre\/"]}]},{"@type":"ImageObject","inLanguage":"es","@id":"https:\/\/369agara.com\/produit\/lessive-tissus-liquide-poudre\/#primaryimage","url":"https:\/\/369agara.com\/wp-content\/uploads\/2023\/09\/lessive-liquide-texcare-yshield-pour-tissus-anti-ondes.jpg","contentUrl":"https:\/\/369agara.com\/wp-content\/uploads\/2023\/09\/lessive-liquide-texcare-yshield-pour-tissus-anti-ondes.jpg","width":800,"height":800},{"@type":"BreadcrumbList","@id":"https:\/\/369agara.com\/produit\/lessive-tissus-liquide-poudre\/#breadcrumb","itemListElement":[{"@type":"ListItem","position":1,"name":"Accueil","item":"https:\/\/369agara.com\/"},{"@type":"ListItem","position":2,"name":"La boutique","item":"https:\/\/369agara.com\/la-boutique\/"},{"@type":"ListItem","position":3,"name":"Lessive YShield pour tissus de protection anti-ondes &#8211; liquide | poudre"}]},{"@type":"WebSite","@id":"https:\/\/369agara.com\/#website","url":"https:\/\/369agara.com\/","name":"Livsrikedomar","description":"Desconectar para conectar mejor","publisher":{"@id":"https:\/\/369agara.com\/#organization"},"potentialAction":[{"@type":"SearchAction","target":{"@type":"EntryPoint","urlTemplate":"https:\/\/369agara.com\/?s={search_term_string}"},"query-input":{"@type":"PropertyValueSpecification","valueRequired":true,"valueName":"search_term_string"}}],"inLanguage":"es"},{"@type":"Organization","@id":"https:\/\/369agara.com\/#organization","name":"EACreations","url":"https:\/\/369agara.com\/","logo":{"@type":"ImageObject","inLanguage":"es","@id":"https:\/\/369agara.com\/#\/schema\/logo\/image\/","url":"","contentUrl":"","caption":"EACreations"},"image":{"@id":"https:\/\/369agara.com\/#\/schema\/logo\/image\/"}}]}},"jetpack_sharing_enabled":true,"_links":{"self":[{"href":"https:\/\/369agara.com\/es\/wp-json\/wp\/v2\/product\/1919","targetHints":{"allow":["GET"]}}],"collection":[{"href":"https:\/\/369agara.com\/es\/wp-json\/wp\/v2\/product"}],"about":[{"href":"https:\/\/369agara.com\/es\/wp-json\/wp\/v2\/types\/product"}],"replies":[{"embeddable":true,"href":"https:\/\/369agara.com\/es\/wp-json\/wp\/v2\/comments?post=1919"}],"wp:featuredmedia":[{"embeddable":true,"href":"https:\/\/369agara.com\/es\/wp-json\/wp\/v2\/media\/1922"}],"wp:attachment":[{"href":"https:\/\/369agara.com\/es\/wp-json\/wp\/v2\/media?parent=1919"}],"wp:term":[{"taxonomy":"product_brand","embeddable":true,"href":"https:\/\/369agara.com\/es\/wp-json\/wp\/v2\/product_brand?post=1919"},{"taxonomy":"product_cat","embeddable":true,"href":"https:\/\/369agara.com\/es\/wp-json\/wp\/v2\/product_cat?post=1919"},{"taxonomy":"product_tag","embeddable":true,"href":"https:\/\/369agara.com\/es\/wp-json\/wp\/v2\/product_tag?post=1919"}],"curies":[{"name":"wp","href":"https:\/\/api.w.org\/{rel}","templated":true}]}}