{"id":1959,"date":"2023-09-19T21:29:06","date_gmt":"2023-09-19T19:29:06","guid":{"rendered":"https:\/\/369agara.com\/?post_type=product&#038;p=1959"},"modified":"2025-05-15T21:52:35","modified_gmt":"2025-05-15T19:52:35","slug":"toile-protection-hnv100-yshield-1-ou-2-pers","status":"publish","type":"product","link":"https:\/\/369agara.com\/es\/producto\/toile-protection-hnv100-yshield-1-ou-2-pers\/","title":{"rendered":"Escudo microondas HNV100 YShield - Altas y bajas frecuencias - Cama para 1 \u00f3 2 personas"},"content":{"rendered":"<div class=\"block md-bottom product-description-block\">\n<div class=\"block-content box-bg\">\n<div class=\"product-description typo\">\n<p><span style=\"font-family: 'Book Antiqua', Palatino; font-size: 120%; color: #333399;\">La base de tejido antiondas HNV100 le protege de las radiaciones de alta frecuencia (telefon\u00eda m\u00f3vil),\u00a0<strong>5G<\/strong>(por ejemplo, tel\u00e9fonos inal\u00e1mbricos DECT, WiFi, Wimax, Bluetooth, radar, etc.) y bajas frecuencias (campos el\u00e9ctricos asociados a instalaciones dom\u00e9sticas) cuando est\u00e1 conectado a tierra.<\/span><\/p>\n<p><span style=\"font-family: 'Book Antiqua', Palatino; font-size: 120%; color: #333399;\">Es ideal para complementar la protecci\u00f3n ofrecida por las marquesinas anti-ondas, pero tambi\u00e9n puede utilizarse sola, debajo de una cama o un escritorio, para protegerse de las radiaciones del suelo o del vecino de abajo.<\/span><\/p>\n<p><span style=\"font-family: 'Book Antiqua', Palatino; font-size: 120%; color: #333399;\">Representa la mejor relaci\u00f3n calidad\/protecci\u00f3n\/precio posible para este tipo de producto, ya que ofrece una atenuaci\u00f3n de 100 dB a 1 GHz en una banda de frecuencias muy amplia.<\/span><\/p>\n<p><span style=\"font-family: 'Book Antiqua', Palatino; font-size: 120%; color: #ed1c24;\">Como no es lavable, le aconsejamos que lo cubra con una alfombra o un revestimiento de suelo de su elecci\u00f3n para preservar su vida \u00fatil.<\/span><\/p>\n<h3><span style=\"font-family: 'Book Antiqua', Palatino; font-size: 120%; color: #333399;\">2 versiones<\/span><\/h3>\n<ul>\n<li><span style=\"font-family: 'Book Antiqua', Palatino; font-size: 120%; color: #333399;\"><strong>Para cama individual | 175 x 250 cm<\/strong><\/span><br \/>\n<span style=\"font-family: 'Book Antiqua', Palatino; font-size: 120%; color: #333399;\">Consta de 2 tiras de tejido HNV100 YShield, de 90 cm de ancho y 250 cm de largo, que deben solaparse 5 cm, para una anchura total de 175 cm.<\/span><\/li>\n<li><span style=\"font-family: 'Book Antiqua', Palatino; font-size: 120%; color: #333399;\"><strong>Para cama doble | 250 x 250 cm<\/strong><\/span><br \/>\n<span style=\"font-family: 'Book Antiqua', Palatino; font-size: 120%; color: #333399;\">Consta de 3 tiras de tejido HNV100 YShield, de 90 cm de ancho y 250 cm de largo, que deben solaparse 5 cm, para una anchura total de 260 cm.<\/span><\/li>\n<\/ul>\n<h3><span style=\"font-family: 'Book Antiqua', Palatino; font-size: 120%; color: #333399;\">Toma de tierra<\/span><\/h3>\n<p><span style=\"font-family: 'Book Antiqua', Palatino; font-size: 120%; color: #333399;\">El HNV100 es un tejido altamente conductor que puede conectarse a tierra, por lo que tambi\u00e9n ofrece protecci\u00f3n contra los campos el\u00e9ctricos de baja frecuencia.<\/span><\/p>\n<p><span style=\"font-family: 'Book Antiqua', Palatino; font-size: 120%; color: #333399;\">Para ello, utilice :<\/span><\/p>\n<ul>\n<li><span style=\"font-family: 'Book Antiqua', Palatino; font-size: 120%; color: #333399;\">una placa de toma de tierra magn\u00e9tica GCM o una placa de toma de tierra atornillable GCS<\/span><\/li>\n<li><span style=\"font-family: 'Book Antiqua', Palatino; font-size: 120%; color: #333399;\">un cable de toma de tierra GL (5 longitudes diferentes: 20 cm, 1 metro, 2 metros, 5 metros y 10 metros, en funci\u00f3n de la distancia a una toma mural con toma de tierra),<\/span><\/li>\n<li><span style=\"font-family: 'Book Antiqua', Palatino; font-size: 120%; color: #333399;\">una clavija de toma de tierra de blindaje permanente GP1 para la conexi\u00f3n a una toma de pared o una barra de toma de tierra GCR para la conexi\u00f3n al aire libre, directamente a tierra.<\/span><\/li>\n<\/ul>\n<p><span style=\"font-family: 'Book Antiqua', Palatino; font-size: 120%; color: #ed1c24;\"><strong>Atenci\u00f3n Los accesorios de puesta a tierra no est\u00e1n incluidos en el precio de la alfombra.<\/strong>\u00a0Deben adquirirse por separado.<\/span><\/p>\n<h3><span style=\"font-family: 'Book Antiqua', Palatino; font-size: 120%; color: #333399;\">Especificaciones t\u00e9cnicas<\/span><\/h3>\n<ul>\n<li><span style=\"font-family: 'Book Antiqua', Palatino; font-size: 120%; color: #333399;\">Atenuaci\u00f3n: 103 dB a 1 GHz para una capa<\/span><\/li>\n<li><span style=\"font-family: 'Book Antiqua', Palatino; font-size: 120%; color: #333399;\">La atenuaci\u00f3n del apantallamiento se valida y verifica peri\u00f3dicamente en el laboratorio de CEM de YShield, de acuerdo con las siguientes configuraciones y normas de medici\u00f3n: ASTM D4935-10, IEEE Std 299-2006, IEEEE Std 1128-1998, ASTM A698 \/ A698M-07.<\/span><\/li>\n<li><span style=\"font-family: 'Book Antiqua', Palatino; font-size: 120%; color: #333399;\">Composici\u00f3n: nailon, cobre, n\u00edquel<\/span><\/li>\n<li><span style=\"font-family: 'Book Antiqua', Palatino; font-size: 120%; color: #333399;\">Peso: 70 g \/ m\u00b2<\/span><\/li>\n<li><span style=\"font-family: 'Book Antiqua', Palatino; font-size: 120%; color: #333399;\">Color: gris\u00a0<\/span><\/li>\n<li><span style=\"font-family: 'Book Antiqua', Palatino; font-size: 120%; color: #333399;\">Grosor: 0,16 mm<\/span><\/li>\n<li><span style=\"font-family: 'Book Antiqua', Palatino; font-size: 120%; color: #333399;\">Resistencia a la tracci\u00f3n: muy buena en ambas direcciones, 50 N\/mm<\/span><\/li>\n<li><span style=\"font-family: 'Book Antiqua', Palatino; font-size: 120%; color: #333399;\">No lavar<\/span><\/li>\n<li><span style=\"font-family: 'Book Antiqua', Palatino; font-size: 120%; color: #333399;\">No utilizar al aire libre<\/span><\/li>\n<li><span style=\"font-family: 'Book Antiqua', Palatino; font-size: 120%; color: #333399;\">Conductividad superficial: 0,01 ohm (resistencia cuadrada)<\/span><\/li>\n<\/ul>\n<p><span style=\"font-family: 'Book Antiqua', Palatino; font-size: 120%; color: #333399;\">Fabricado en China\u00a0<\/span><\/p>\n<p><span style=\"font-family: 'Book Antiqua', Palatino; font-size: 120%; color: #ed1c24;\"><strong>Como los lienzos se cortan por encargo, no se pueden devolver ni cambiar.<\/strong><\/span><\/p>\n<p><span style=\"font-family: 'Book Antiqua', Palatino; font-size: 120%; color: #ed1c24;\">No aceptamos ninguna responsabilidad por da\u00f1os a personas, animales u objetos causados por un uso incorrecto de los pa\u00f1os y tejidos anti-ondas, en particular por una puesta a tierra y una instalaci\u00f3n el\u00e9ctrica que no cumplan las normas DIN 57100 \/ VDE 0100. Recomendamos que la instalaci\u00f3n el\u00e9ctrica y la puesta a tierra de los tejidos YShield\u00ae sean comprobadas por un electricista especializado.<\/span><\/p>\n<h3><span style=\"font-size: 120%; color: #333399; font-family: 'Book Antiqua', Palatino;\">Consulte<\/span><\/h3>\n<\/div>\n<\/div>\n<\/div>\n<div class=\"block product-attachments-block sm-bottom\">\n<div class=\"block-content\">\n<section class=\"product-attachments\">\n<div class=\"row\">\n<div class=\"attachment col-12 col-lg-4\">\n<div class=\"box-bg my-2\">\n<ul>\n<li class=\"h5\"><span style=\"font-family: 'Book Antiqua', Palatino; font-size: 120%; color: #333399;\">Certificado YShield HNV100<br \/>\n<\/span><span style=\"font-family: 'Book Antiqua', Palatino; font-size: 120%; color: #333399;\">Certificado de atenuaci\u00f3n del tejido HNV100 YShield<\/span><\/li>\n<\/ul>\n<\/div>\n<\/div>\n<div class=\"attachment col-12 col-lg-4\">\n<div class=\"box-bg my-2\">\n<ul>\n<li class=\"h5\"><span style=\"font-family: 'Book Antiqua', Palatino; font-size: 120%; color: #333399;\">HNV100 YShield<br \/>\n<\/span><span style=\"font-family: 'Book Antiqua', Palatino; font-size: 120%; color: #333399;\">Ficha t\u00e9cnica - Instalaci\u00f3n<\/span><\/li>\n<\/ul>\n<\/div>\n<\/div>\n<\/div>\n<\/section>\n<\/div>\n<\/div>","protected":false},"excerpt":{"rendered":"<p><span style=\"font-family: 'Book Antiqua', Palatino; font-size: 120%; color: #333399;\">Excelente relaci\u00f3n calidad-precio.\u00a0<\/span><\/p>\n<p><span style=\"font-family: 'Book Antiqua', Palatino; font-size: 120%; color: #333399;\">El tejido de protecci\u00f3n antiondas HNV100 YShield es un tejido mixto que protege contra las radiaciones de alta frecuencia (telefon\u00eda m\u00f3vil),\u00a0<strong>5G<\/strong>(por ejemplo, tel\u00e9fonos inal\u00e1mbricos DECT, WiFi, Wimax, Bluetooth, radar, etc.) y bajas frecuencias (campos el\u00e9ctricos vinculados a instalaciones dom\u00e9sticas) cuando est\u00e1 conectado a tierra.\u00a0<\/span><\/p>\n<p><span style=\"font-family: 'Book Antiqua', Palatino; font-size: 120%; color: #333399;\">2 modelos disponibles: para camas individuales (dos tiras para dimensiones 175 x 250 cm) y para camas dobles (tres tiras para dimensiones 260 x 250 cm).\u00a0<\/span><\/p>\n<p><span style=\"font-family: 'Book Antiqua', Palatino; font-size: 120%; color: #333399;\">Atenuaci\u00f3n: 103 dB.<\/span><\/p>","protected":false},"featured_media":3778,"comment_status":"open","ping_status":"closed","template":"","meta":[],"product_brand":[268],"product_cat":[164],"product_tag":[248,246,247,249,245],"class_list":{"0":"post-1959","1":"product","2":"type-product","3":"status-publish","4":"has-post-thumbnail","6":"product_brand-yshield","7":"product_cat-baubiologie","8":"product_tag-baubiologie","9":"product_tag-bureau","10":"product_tag-chambre","11":"product_tag-electromagnetisme","12":"product_tag-maison","14":"first","15":"instock","16":"taxable","17":"shipping-taxable","18":"purchasable","19":"product-type-variable"},"yoast_head":"<!-- This site is optimized with the Yoast SEO Premium plugin v25.1 (Yoast SEO v27.4) - https:\/\/yoast.com\/product\/yoast-seo-premium-wordpress\/ -->\n<title>Toile de protection anti-ondes HNV100 YShield - Hautes et basses fr\u00e9quences - lit 1 ou 2 personnes | Agara<\/title>\n<meta name=\"description\" content=\"Un excellent rapport qualit\u00e9\/att\u00e9nuation\/prix !\u00a0La toile de protection anti-ondes HNV100 YShield est une toile mixte, qui permet de prot\u00e9ger \u00e0 la fois des rayonnements de hautes fr\u00e9quences (t\u00e9l\u00e9phonie mobile,\u00a05G, t\u00e9l\u00e9phones sans fil DECT, Wifi, Wimax, bluetooth, radars, etc) et de basses fr\u00e9quences (champs \u00e9lectriques li\u00e9s \u00e0 l&#039;installation domestique) lorsqu&#039;elle est reli\u00e9e \u00e0 la terre.\u00a02 mod\u00e8les disponibles : pour lit 1 personne (deux l\u00e9s pour dimensions 175 x 250 cm) et pour lit 2 personnes (trois l\u00e9s pour dimensions 260 x 250 cm).\u00a0Att\u00e9nuation : 103 dB.\" \/>\n<meta name=\"robots\" content=\"index, follow, max-snippet:-1, max-image-preview:large, max-video-preview:-1\" \/>\n<link rel=\"canonical\" href=\"https:\/\/369agara.com\/es\/producto\/toile-protection-hnv100-yshield-1-ou-2-pers\/\" \/>\n<meta property=\"og:locale\" content=\"es_ES\" \/>\n<meta property=\"og:type\" content=\"article\" \/>\n<meta property=\"og:title\" content=\"Toile de protection anti-ondes HNV100 YShield - Hautes et basses fr\u00e9quences - lit 1 ou 2 personnes\" \/>\n<meta property=\"og:description\" content=\"Un excellent rapport qualit\u00e9\/att\u00e9nuation\/prix !\u00a0La toile de protection anti-ondes HNV100 YShield est une toile mixte, qui permet de prot\u00e9ger \u00e0 la fois des rayonnements de hautes fr\u00e9quences (t\u00e9l\u00e9phonie mobile,\u00a05G, t\u00e9l\u00e9phones sans fil DECT, Wifi, Wimax, bluetooth, radars, etc) et de basses fr\u00e9quences (champs \u00e9lectriques li\u00e9s \u00e0 l&#039;installation domestique) lorsqu&#039;elle est reli\u00e9e \u00e0 la terre.\u00a02 mod\u00e8les disponibles : pour lit 1 personne (deux l\u00e9s pour dimensions 175 x 250 cm) et pour lit 2 personnes (trois l\u00e9s pour dimensions 260 x 250 cm).\u00a0Att\u00e9nuation : 103 dB.\" \/>\n<meta property=\"og:url\" content=\"https:\/\/369agara.com\/es\/producto\/toile-protection-hnv100-yshield-1-ou-2-pers\/\" \/>\n<meta property=\"og:site_name\" content=\"Agara\" \/>\n<meta property=\"article:modified_time\" content=\"2025-05-15T19:52:35+00:00\" \/>\n<meta property=\"og:image\" content=\"https:\/\/369agara.com\/wp-content\/uploads\/2023\/09\/dessous-de-lit-tapis-anti-ondes-en-toile-hnv100-yshield-hautes-et-basses-frequences-5.jpg\" \/>\n\t<meta property=\"og:image:width\" content=\"800\" \/>\n\t<meta property=\"og:image:height\" content=\"800\" \/>\n\t<meta property=\"og:image:type\" content=\"image\/jpeg\" \/>\n<meta name=\"twitter:card\" content=\"summary_large_image\" \/>\n<meta name=\"twitter:label1\" content=\"Tiempo de lectura\" \/>\n\t<meta name=\"twitter:data1\" content=\"4 minutos\" \/>\n<script type=\"application\/ld+json\" class=\"yoast-schema-graph\">{\"@context\":\"https:\\\/\\\/schema.org\",\"@graph\":[{\"@type\":\"WebPage\",\"@id\":\"https:\\\/\\\/369agara.com\\\/produit\\\/toile-protection-hnv100-yshield-1-ou-2-pers\\\/\",\"url\":\"https:\\\/\\\/369agara.com\\\/produit\\\/toile-protection-hnv100-yshield-1-ou-2-pers\\\/\",\"name\":\"Toile de protection anti-ondes HNV100 YShield - Hautes et basses fr\u00e9quences - lit 1 ou 2 personnes | Agara\",\"isPartOf\":{\"@id\":\"https:\\\/\\\/369agara.com\\\/#website\"},\"primaryImageOfPage\":{\"@id\":\"https:\\\/\\\/369agara.com\\\/produit\\\/toile-protection-hnv100-yshield-1-ou-2-pers\\\/#primaryimage\"},\"image\":{\"@id\":\"https:\\\/\\\/369agara.com\\\/produit\\\/toile-protection-hnv100-yshield-1-ou-2-pers\\\/#primaryimage\"},\"thumbnailUrl\":\"https:\\\/\\\/369agara.com\\\/wp-content\\\/uploads\\\/2023\\\/09\\\/dessous-de-lit-tapis-anti-ondes-en-toile-hnv100-yshield-hautes-et-basses-frequences-5.jpg\",\"datePublished\":\"2023-09-19T19:29:06+00:00\",\"dateModified\":\"2025-05-15T19:52:35+00:00\",\"description\":\"Un excellent rapport qualit\u00e9\\\/att\u00e9nuation\\\/prix !\u00a0La toile de protection anti-ondes HNV100 YShield est une toile mixte, qui permet de prot\u00e9ger \u00e0 la fois des rayonnements de hautes fr\u00e9quences (t\u00e9l\u00e9phonie mobile,\u00a05G, t\u00e9l\u00e9phones sans fil DECT, Wifi, Wimax, bluetooth, radars, etc) et de basses fr\u00e9quences (champs \u00e9lectriques li\u00e9s \u00e0 l'installation domestique) lorsqu'elle est reli\u00e9e \u00e0 la terre.\u00a02 mod\u00e8les disponibles : pour lit 1 personne (deux l\u00e9s pour dimensions 175 x 250 cm) et pour lit 2 personnes (trois l\u00e9s pour dimensions 260 x 250 cm).\u00a0Att\u00e9nuation : 103 dB.\",\"breadcrumb\":{\"@id\":\"https:\\\/\\\/369agara.com\\\/produit\\\/toile-protection-hnv100-yshield-1-ou-2-pers\\\/#breadcrumb\"},\"inLanguage\":\"es\",\"potentialAction\":[{\"@type\":\"ReadAction\",\"target\":[\"https:\\\/\\\/369agara.com\\\/produit\\\/toile-protection-hnv100-yshield-1-ou-2-pers\\\/\"]}]},{\"@type\":\"ImageObject\",\"inLanguage\":\"es\",\"@id\":\"https:\\\/\\\/369agara.com\\\/produit\\\/toile-protection-hnv100-yshield-1-ou-2-pers\\\/#primaryimage\",\"url\":\"https:\\\/\\\/369agara.com\\\/wp-content\\\/uploads\\\/2023\\\/09\\\/dessous-de-lit-tapis-anti-ondes-en-toile-hnv100-yshield-hautes-et-basses-frequences-5.jpg\",\"contentUrl\":\"https:\\\/\\\/369agara.com\\\/wp-content\\\/uploads\\\/2023\\\/09\\\/dessous-de-lit-tapis-anti-ondes-en-toile-hnv100-yshield-hautes-et-basses-frequences-5.jpg\",\"width\":800,\"height\":800},{\"@type\":\"BreadcrumbList\",\"@id\":\"https:\\\/\\\/369agara.com\\\/produit\\\/toile-protection-hnv100-yshield-1-ou-2-pers\\\/#breadcrumb\",\"itemListElement\":[{\"@type\":\"ListItem\",\"position\":1,\"name\":\"Accueil\",\"item\":\"https:\\\/\\\/369agara.com\\\/\"},{\"@type\":\"ListItem\",\"position\":2,\"name\":\"La boutique\",\"item\":\"https:\\\/\\\/369agara.com\\\/la-boutique\\\/\"},{\"@type\":\"ListItem\",\"position\":3,\"name\":\"Toile de protection anti-ondes HNV100 YShield &#8211; Hautes et basses fr\u00e9quences &#8211; lit 1 ou 2 personnes\"}]},{\"@type\":\"WebSite\",\"@id\":\"https:\\\/\\\/369agara.com\\\/#website\",\"url\":\"https:\\\/\\\/369agara.com\\\/\",\"name\":\"Livsrikedomar\",\"description\":\"D\u00e9connectez pour mieux vous connecter\",\"publisher\":{\"@id\":\"https:\\\/\\\/369agara.com\\\/#organization\"},\"potentialAction\":[{\"@type\":\"SearchAction\",\"target\":{\"@type\":\"EntryPoint\",\"urlTemplate\":\"https:\\\/\\\/369agara.com\\\/?s={search_term_string}\"},\"query-input\":{\"@type\":\"PropertyValueSpecification\",\"valueRequired\":true,\"valueName\":\"search_term_string\"}}],\"inLanguage\":\"es\"},{\"@type\":\"Organization\",\"@id\":\"https:\\\/\\\/369agara.com\\\/#organization\",\"name\":\"EACreations\",\"url\":\"https:\\\/\\\/369agara.com\\\/\",\"logo\":{\"@type\":\"ImageObject\",\"inLanguage\":\"es\",\"@id\":\"https:\\\/\\\/369agara.com\\\/#\\\/schema\\\/logo\\\/image\\\/\",\"url\":\"\",\"contentUrl\":\"\",\"caption\":\"EACreations\"},\"image\":{\"@id\":\"https:\\\/\\\/369agara.com\\\/#\\\/schema\\\/logo\\\/image\\\/\"}}]}<\/script>\n<!-- \/ Yoast SEO Premium plugin. -->","yoast_head_json":{"title":"Toile de protection anti-ondes HNV100 YShield - Hautes et basses fr\u00e9quences - lit 1 ou 2 personnes | Agara","description":"Un excellent rapport qualit\u00e9\/att\u00e9nuation\/prix !\u00a0La toile de protection anti-ondes HNV100 YShield est une toile mixte, qui permet de prot\u00e9ger \u00e0 la fois des rayonnements de hautes fr\u00e9quences (t\u00e9l\u00e9phonie mobile,\u00a05G, t\u00e9l\u00e9phones sans fil DECT, Wifi, Wimax, bluetooth, radars, etc) et de basses fr\u00e9quences (champs \u00e9lectriques li\u00e9s \u00e0 l'installation domestique) lorsqu'elle est reli\u00e9e \u00e0 la terre.\u00a02 mod\u00e8les disponibles : pour lit 1 personne (deux l\u00e9s pour dimensions 175 x 250 cm) et pour lit 2 personnes (trois l\u00e9s pour dimensions 260 x 250 cm).\u00a0Att\u00e9nuation : 103 dB.","robots":{"index":"index","follow":"follow","max-snippet":"max-snippet:-1","max-image-preview":"max-image-preview:large","max-video-preview":"max-video-preview:-1"},"canonical":"https:\/\/369agara.com\/es\/producto\/toile-protection-hnv100-yshield-1-ou-2-pers\/","og_locale":"es_ES","og_type":"article","og_title":"Toile de protection anti-ondes HNV100 YShield - Hautes et basses fr\u00e9quences - lit 1 ou 2 personnes","og_description":"Un excellent rapport qualit\u00e9\/att\u00e9nuation\/prix !\u00a0La toile de protection anti-ondes HNV100 YShield est une toile mixte, qui permet de prot\u00e9ger \u00e0 la fois des rayonnements de hautes fr\u00e9quences (t\u00e9l\u00e9phonie mobile,\u00a05G, t\u00e9l\u00e9phones sans fil DECT, Wifi, Wimax, bluetooth, radars, etc) et de basses fr\u00e9quences (champs \u00e9lectriques li\u00e9s \u00e0 l'installation domestique) lorsqu'elle est reli\u00e9e \u00e0 la terre.\u00a02 mod\u00e8les disponibles : pour lit 1 personne (deux l\u00e9s pour dimensions 175 x 250 cm) et pour lit 2 personnes (trois l\u00e9s pour dimensions 260 x 250 cm).\u00a0Att\u00e9nuation : 103 dB.","og_url":"https:\/\/369agara.com\/es\/producto\/toile-protection-hnv100-yshield-1-ou-2-pers\/","og_site_name":"Agara","article_modified_time":"2025-05-15T19:52:35+00:00","og_image":[{"width":800,"height":800,"url":"https:\/\/369agara.com\/wp-content\/uploads\/2023\/09\/dessous-de-lit-tapis-anti-ondes-en-toile-hnv100-yshield-hautes-et-basses-frequences-5.jpg","type":"image\/jpeg"}],"twitter_card":"summary_large_image","twitter_misc":{"Tiempo de lectura":"4 minutos"},"schema":{"@context":"https:\/\/schema.org","@graph":[{"@type":"WebPage","@id":"https:\/\/369agara.com\/produit\/toile-protection-hnv100-yshield-1-ou-2-pers\/","url":"https:\/\/369agara.com\/produit\/toile-protection-hnv100-yshield-1-ou-2-pers\/","name":"Toile de protection anti-ondes HNV100 YShield - Hautes et basses fr\u00e9quences - lit 1 ou 2 personnes | Agara","isPartOf":{"@id":"https:\/\/369agara.com\/#website"},"primaryImageOfPage":{"@id":"https:\/\/369agara.com\/produit\/toile-protection-hnv100-yshield-1-ou-2-pers\/#primaryimage"},"image":{"@id":"https:\/\/369agara.com\/produit\/toile-protection-hnv100-yshield-1-ou-2-pers\/#primaryimage"},"thumbnailUrl":"https:\/\/369agara.com\/wp-content\/uploads\/2023\/09\/dessous-de-lit-tapis-anti-ondes-en-toile-hnv100-yshield-hautes-et-basses-frequences-5.jpg","datePublished":"2023-09-19T19:29:06+00:00","dateModified":"2025-05-15T19:52:35+00:00","description":"Un excellent rapport qualit\u00e9\/att\u00e9nuation\/prix !\u00a0La toile de protection anti-ondes HNV100 YShield est une toile mixte, qui permet de prot\u00e9ger \u00e0 la fois des rayonnements de hautes fr\u00e9quences (t\u00e9l\u00e9phonie mobile,\u00a05G, t\u00e9l\u00e9phones sans fil DECT, Wifi, Wimax, bluetooth, radars, etc) et de basses fr\u00e9quences (champs \u00e9lectriques li\u00e9s \u00e0 l'installation domestique) lorsqu'elle est reli\u00e9e \u00e0 la terre.\u00a02 mod\u00e8les disponibles : pour lit 1 personne (deux l\u00e9s pour dimensions 175 x 250 cm) et pour lit 2 personnes (trois l\u00e9s pour dimensions 260 x 250 cm).\u00a0Att\u00e9nuation : 103 dB.","breadcrumb":{"@id":"https:\/\/369agara.com\/produit\/toile-protection-hnv100-yshield-1-ou-2-pers\/#breadcrumb"},"inLanguage":"es","potentialAction":[{"@type":"ReadAction","target":["https:\/\/369agara.com\/produit\/toile-protection-hnv100-yshield-1-ou-2-pers\/"]}]},{"@type":"ImageObject","inLanguage":"es","@id":"https:\/\/369agara.com\/produit\/toile-protection-hnv100-yshield-1-ou-2-pers\/#primaryimage","url":"https:\/\/369agara.com\/wp-content\/uploads\/2023\/09\/dessous-de-lit-tapis-anti-ondes-en-toile-hnv100-yshield-hautes-et-basses-frequences-5.jpg","contentUrl":"https:\/\/369agara.com\/wp-content\/uploads\/2023\/09\/dessous-de-lit-tapis-anti-ondes-en-toile-hnv100-yshield-hautes-et-basses-frequences-5.jpg","width":800,"height":800},{"@type":"BreadcrumbList","@id":"https:\/\/369agara.com\/produit\/toile-protection-hnv100-yshield-1-ou-2-pers\/#breadcrumb","itemListElement":[{"@type":"ListItem","position":1,"name":"Accueil","item":"https:\/\/369agara.com\/"},{"@type":"ListItem","position":2,"name":"La boutique","item":"https:\/\/369agara.com\/la-boutique\/"},{"@type":"ListItem","position":3,"name":"Toile de protection anti-ondes HNV100 YShield &#8211; Hautes et basses fr\u00e9quences &#8211; lit 1 ou 2 personnes"}]},{"@type":"WebSite","@id":"https:\/\/369agara.com\/#website","url":"https:\/\/369agara.com\/","name":"Livsrikedomar","description":"Desconectar para conectar mejor","publisher":{"@id":"https:\/\/369agara.com\/#organization"},"potentialAction":[{"@type":"SearchAction","target":{"@type":"EntryPoint","urlTemplate":"https:\/\/369agara.com\/?s={search_term_string}"},"query-input":{"@type":"PropertyValueSpecification","valueRequired":true,"valueName":"search_term_string"}}],"inLanguage":"es"},{"@type":"Organization","@id":"https:\/\/369agara.com\/#organization","name":"EACreations","url":"https:\/\/369agara.com\/","logo":{"@type":"ImageObject","inLanguage":"es","@id":"https:\/\/369agara.com\/#\/schema\/logo\/image\/","url":"","contentUrl":"","caption":"EACreations"},"image":{"@id":"https:\/\/369agara.com\/#\/schema\/logo\/image\/"}}]}},"jetpack_sharing_enabled":true,"_links":{"self":[{"href":"https:\/\/369agara.com\/es\/wp-json\/wp\/v2\/product\/1959","targetHints":{"allow":["GET"]}}],"collection":[{"href":"https:\/\/369agara.com\/es\/wp-json\/wp\/v2\/product"}],"about":[{"href":"https:\/\/369agara.com\/es\/wp-json\/wp\/v2\/types\/product"}],"replies":[{"embeddable":true,"href":"https:\/\/369agara.com\/es\/wp-json\/wp\/v2\/comments?post=1959"}],"wp:featuredmedia":[{"embeddable":true,"href":"https:\/\/369agara.com\/es\/wp-json\/wp\/v2\/media\/3778"}],"wp:attachment":[{"href":"https:\/\/369agara.com\/es\/wp-json\/wp\/v2\/media?parent=1959"}],"wp:term":[{"taxonomy":"product_brand","embeddable":true,"href":"https:\/\/369agara.com\/es\/wp-json\/wp\/v2\/product_brand?post=1959"},{"taxonomy":"product_cat","embeddable":true,"href":"https:\/\/369agara.com\/es\/wp-json\/wp\/v2\/product_cat?post=1959"},{"taxonomy":"product_tag","embeddable":true,"href":"https:\/\/369agara.com\/es\/wp-json\/wp\/v2\/product_tag?post=1959"}],"curies":[{"name":"wp","href":"https:\/\/api.w.org\/{rel}","templated":true}]}}