{"id":1989,"date":"2023-09-23T15:58:59","date_gmt":"2023-09-23T13:58:59","guid":{"rendered":"https:\/\/369agara.com\/?post_type=product&#038;p=1989"},"modified":"2025-05-15T21:32:29","modified_gmt":"2025-05-15T19:32:29","slug":"interrupteur-auto-eltako-fr12-16a","status":"publish","type":"product","link":"https:\/\/369agara.com\/es\/producto\/interrupteur-auto-eltako-fr12-16a\/","title":{"rendered":"Interruptor autom\u00e1tico de campo Eltako FR12 de 16 amperios"},"content":{"rendered":"<p><span style=\"font-family: 'Book Antiqua', Palatino; font-size: 120%; color: #333399;\">El interruptor autom\u00e1tico de campo Eltako FR12 de 16 amperios se instala en el cuadro el\u00e9ctrico.<\/span><\/p>\n<p><span style=\"font-family: 'Book Antiqua', Palatino; font-size: 120%; color: #333399;\">Desconecta autom\u00e1ticamente el circuito para el que fue dise\u00f1ado si no hay demanda de corriente. El circuito as\u00ed separado de la red el\u00e9ctrica deja de estar bajo tensi\u00f3n y de crear campos el\u00e9ctricos.<\/span><\/p>\n<p><span style=\"font-family: 'Book Antiqua', Palatino; font-size: 120%; color: #333399;\">Del mismo modo, en cuanto un usuario solicita energ\u00eda, el interruptor de campo restablece instant\u00e1neamente el flujo.<\/span><\/p>\n<p><span style=\"font-family: 'Book Antiqua', Palatino; font-size: 120%; color: #333399;\">Esto significa que puede proteger f\u00e1cil y eficazmente las zonas de descanso, los dormitorios de los ni\u00f1os o cualquier otra parte de su casa.<\/span><\/p>\n<p><span style=\"font-family: 'Book Antiqua', Palatino; font-size: 120%; color: #333399;\"><strong>Sus puntos fuertes son :<\/strong><\/span><\/p>\n<ul>\n<li><span style=\"font-family: 'Book Antiqua', Palatino; font-size: 120%; color: #333399;\">Su precio (el modelo m\u00e1s barato del mercado)<\/span><\/li>\n<li><span style=\"font-family: 'Book Antiqua', Palatino; font-size: 120%; color: #333399;\">Dise\u00f1o delgado (ocupa poco espacio, s\u00f3lo un m\u00f3dulo en el cuadro el\u00e9ctrico)<\/span><\/li>\n<\/ul>\n<h3><span style=\"font-family: 'Book Antiqua', Palatino; font-size: 120%; color: #333399;\">Especificaciones t\u00e9cnicas<\/span><\/h3>\n<ul>\n<li><span style=\"font-family: 'Book Antiqua', Palatino; font-size: 120%; color: #333399;\">Tensi\u00f3n de funcionamiento: 230 V<\/span><\/li>\n<li><span style=\"font-family: 'Book Antiqua', Palatino; font-size: 120%; color: #333399;\">Corriente: 16 A<\/span><\/li>\n<li><span style=\"font-family: 'Book Antiqua', Palatino; font-size: 120%; color: #333399;\">Consumo: 0,8 W<\/span><\/li>\n<li><span style=\"font-family: 'Book Antiqua', Palatino; font-size: 120%; color: #333399;\">Dimensiones: 1 m\u00f3dulo en el panel (18 mm)<\/span><\/li>\n<li><span style=\"font-family: 'Book Antiqua', Palatino; font-size: 120%; color: #333399;\">Tensi\u00f3n de control: Ajustable<\/span><\/li>\n<li><span style=\"font-family: 'Book Antiqua', Palatino; font-size: 120%; color: #333399;\">Sensibilidad: Ajustable<\/span><\/li>\n<li><span style=\"font-family: 'Book Antiqua', Palatino; font-size: 120%; color: #333399;\">Retardo de desconexi\u00f3n: 1 s Indicadores luminosos: Rojo=circuito en carga<\/span><\/li>\n<li><span style=\"font-family: 'Book Antiqua', Palatino; font-size: 120%; color: #333399;\">Garant\u00eda: 2 a\u00f1os<\/span><\/li>\n<li><span style=\"font-family: 'Book Antiqua', Palatino; font-size: 120%; color: #333399;\">Montaje: Montaje en carril (en panel)<\/span><\/li>\n<li><span style=\"font-family: 'Book Antiqua', Palatino; font-size: 120%; color: #333399;\">Restricciones de uso: no funciona con determinadas l\u00e1mparas fluorescentes compactas de bajo consumo ni con determinadas fuentes de alimentaci\u00f3n conmutadas.<\/span><\/li>\n<li><span style=\"font-family: 'Book Antiqua', Palatino; font-size: 120%; color: #333399;\">Compatible con aparatos de potencia superior a 15 W\u00a0<\/span><\/li>\n<\/ul>\n<h3><span style=\"font-family: 'Book Antiqua', Palatino; font-size: 120%; color: #333399;\">Consejos de Agara<\/span><\/h3>\n<p><span style=\"font-family: 'Book Antiqua', Palatino; font-size: 120%; color: #ed1c24;\">Llame a un electricista cualificado para que instale y ponga en servicio el interruptor de campo.<\/span><\/p>\n<p><span style=\"font-family: 'Book Antiqua', Palatino; font-size: 120%; color: #333399;\">Para saber en qu\u00e9 circuito(s) instalarlo(s), le recomendamos que mida primero la tensi\u00f3n inducida de su cuerpo situ\u00e1ndose en la habitaci\u00f3n que desea proteger (por ejemplo, en su dormitorio, tumbado en la cama). Desconecta (o si puedes conseguir ayuda, haz que desconecten uno a uno los circuitos en el cuadro el\u00e9ctrico) e identifica aquellos que tienen un efecto sobre tu tensi\u00f3n inducida. Es en el circuito o circuitos que la reducir\u00e1n al m\u00e1ximo donde debes instalar un interruptor autom\u00e1tico de campo.<\/span><\/p>\n<p><span style=\"font-family: 'Book Antiqua', Palatino; font-size: 120%; color: #ed1c24;\">Los interruptores autom\u00e1ticos de campo s\u00f3lo deben ser utilizados por personal cualificado. No asumimos ninguna responsabilidad por da\u00f1os materiales o personales derivados de un uso incorrecto de los interruptores autom\u00e1ticos de campo.\u00a0<\/span><br \/>\n<span style=\"font-family: 'Book Antiqua', Palatino; font-size: 120%; color: #333399;\">Corresponde al profesional realizar la instalaci\u00f3n respetando las normas de cada pa\u00eds y de acuerdo con las buenas pr\u00e1cticas.<\/span><\/p>\n<p><span style=\"font-family: 'Book Antiqua', Palatino; font-size: 120%; color: #333399;\"><a style=\"color: #333399;\" href=\"https:\/\/369agara.com\/a-quoi-sert-un-interrupteur-automatique-de-champ\/\">\u00bfPara qu\u00e9 sirve un interruptor autom\u00e1tico de campo (y c\u00f3mo se sabe qu\u00e9 circuito(s) hay que cortar)?<\/a><\/span><\/p>\n<p><span style=\"font-family: 'Book Antiqua', Palatino; font-size: 120%; color: #333399;\"><a style=\"color: #333399;\" href=\"https:\/\/369agara.com\/choisir-son-interrupteur-automatique-de-champ\/\">\u00bfC\u00f3mo elijo mi interruptor autom\u00e1tico de campo?<\/a><\/span><\/p>","protected":false},"excerpt":{"rendered":"<p><span style=\"font-family: 'Book Antiqua', Palatino; font-size: 120%; color: #333399;\">Interruptor autom\u00e1tico de campo (IAC) Eltako FR12 de 16 Amp, unipolar.\u00a0<\/span><\/p>\n<p><span style=\"font-family: 'Book Antiqua', Palatino; font-size: 120%; color: #333399;\">Estrecho, \u00a1ocupa el espacio de un m\u00f3dulo en el cuadro el\u00e9ctrico!<\/span><\/p>","protected":false},"featured_media":2020,"comment_status":"open","ping_status":"closed","template":"","meta":[],"product_brand":[276],"product_cat":[164],"product_tag":[248,246,247,251,275,245],"class_list":{"0":"post-1989","1":"product","2":"type-product","3":"status-publish","4":"has-post-thumbnail","6":"product_brand-eltako","7":"product_cat-baubiologie","8":"product_tag-baubiologie","9":"product_tag-bureau","10":"product_tag-chambre","11":"product_tag-electricite","12":"product_tag-interrupteur-automatique-de-champs","13":"product_tag-maison","15":"first","16":"instock","17":"taxable","18":"shipping-taxable","19":"purchasable","20":"product-type-simple"},"yoast_head":"<!-- This site is optimized with the Yoast SEO Premium plugin v25.1 (Yoast SEO v27.4) - https:\/\/yoast.com\/product\/yoast-seo-premium-wordpress\/ -->\n<title>Interrupteur automatique de champ Eltako FR12 16 Amp\u00e8res | Agara<\/title>\n<meta name=\"description\" content=\"Interrupteur automatique de champ (IAC) Eltako FR12 16 Amp\u00e8res, unipolaire.\u00a0Etroit, prend l&#039;espace d&#039;un module sur le tableau \u00e9lectrique !\" \/>\n<meta name=\"robots\" content=\"index, follow, max-snippet:-1, max-image-preview:large, max-video-preview:-1\" \/>\n<link rel=\"canonical\" href=\"https:\/\/369agara.com\/es\/producto\/interrupteur-auto-eltako-fr12-16a\/\" \/>\n<meta property=\"og:locale\" content=\"es_ES\" \/>\n<meta property=\"og:type\" content=\"article\" \/>\n<meta property=\"og:title\" content=\"Interrupteur automatique de champ Eltako FR12 16 Amp\u00e8res\" \/>\n<meta property=\"og:description\" content=\"Interrupteur automatique de champ (IAC) Eltako FR12 16 Amp\u00e8res, unipolaire.\u00a0Etroit, prend l&#039;espace d&#039;un module sur le tableau \u00e9lectrique !\" \/>\n<meta property=\"og:url\" content=\"https:\/\/369agara.com\/es\/producto\/interrupteur-auto-eltako-fr12-16a\/\" \/>\n<meta property=\"og:site_name\" content=\"Agara\" \/>\n<meta property=\"article:modified_time\" content=\"2025-05-15T19:32:29+00:00\" \/>\n<meta property=\"og:image\" content=\"https:\/\/369agara.com\/wp-content\/uploads\/2023\/09\/interrupteur-automatique-de-champ-eltako-fr12-16-amperes.jpg\" \/>\n\t<meta property=\"og:image:width\" content=\"800\" \/>\n\t<meta property=\"og:image:height\" content=\"800\" \/>\n\t<meta property=\"og:image:type\" content=\"image\/jpeg\" \/>\n<meta name=\"twitter:card\" content=\"summary_large_image\" \/>\n<meta name=\"twitter:label1\" content=\"Tiempo de lectura\" \/>\n\t<meta name=\"twitter:data1\" content=\"3 minutos\" \/>\n<script type=\"application\/ld+json\" class=\"yoast-schema-graph\">{\"@context\":\"https:\\\/\\\/schema.org\",\"@graph\":[{\"@type\":\"WebPage\",\"@id\":\"https:\\\/\\\/369agara.com\\\/produit\\\/interrupteur-auto-eltako-fr12-16a\\\/\",\"url\":\"https:\\\/\\\/369agara.com\\\/produit\\\/interrupteur-auto-eltako-fr12-16a\\\/\",\"name\":\"Interrupteur automatique de champ Eltako FR12 16 Amp\u00e8res | Agara\",\"isPartOf\":{\"@id\":\"https:\\\/\\\/369agara.com\\\/#website\"},\"primaryImageOfPage\":{\"@id\":\"https:\\\/\\\/369agara.com\\\/produit\\\/interrupteur-auto-eltako-fr12-16a\\\/#primaryimage\"},\"image\":{\"@id\":\"https:\\\/\\\/369agara.com\\\/produit\\\/interrupteur-auto-eltako-fr12-16a\\\/#primaryimage\"},\"thumbnailUrl\":\"https:\\\/\\\/369agara.com\\\/wp-content\\\/uploads\\\/2023\\\/09\\\/interrupteur-automatique-de-champ-eltako-fr12-16-amperes.jpg\",\"datePublished\":\"2023-09-23T13:58:59+00:00\",\"dateModified\":\"2025-05-15T19:32:29+00:00\",\"description\":\"Interrupteur automatique de champ (IAC) Eltako FR12 16 Amp\u00e8res, unipolaire.\u00a0Etroit, prend l'espace d'un module sur le tableau \u00e9lectrique !\",\"breadcrumb\":{\"@id\":\"https:\\\/\\\/369agara.com\\\/produit\\\/interrupteur-auto-eltako-fr12-16a\\\/#breadcrumb\"},\"inLanguage\":\"es\",\"potentialAction\":[{\"@type\":\"ReadAction\",\"target\":[\"https:\\\/\\\/369agara.com\\\/produit\\\/interrupteur-auto-eltako-fr12-16a\\\/\"]}]},{\"@type\":\"ImageObject\",\"inLanguage\":\"es\",\"@id\":\"https:\\\/\\\/369agara.com\\\/produit\\\/interrupteur-auto-eltako-fr12-16a\\\/#primaryimage\",\"url\":\"https:\\\/\\\/369agara.com\\\/wp-content\\\/uploads\\\/2023\\\/09\\\/interrupteur-automatique-de-champ-eltako-fr12-16-amperes.jpg\",\"contentUrl\":\"https:\\\/\\\/369agara.com\\\/wp-content\\\/uploads\\\/2023\\\/09\\\/interrupteur-automatique-de-champ-eltako-fr12-16-amperes.jpg\",\"width\":800,\"height\":800},{\"@type\":\"BreadcrumbList\",\"@id\":\"https:\\\/\\\/369agara.com\\\/produit\\\/interrupteur-auto-eltako-fr12-16a\\\/#breadcrumb\",\"itemListElement\":[{\"@type\":\"ListItem\",\"position\":1,\"name\":\"Accueil\",\"item\":\"https:\\\/\\\/369agara.com\\\/\"},{\"@type\":\"ListItem\",\"position\":2,\"name\":\"La boutique\",\"item\":\"https:\\\/\\\/369agara.com\\\/la-boutique\\\/\"},{\"@type\":\"ListItem\",\"position\":3,\"name\":\"Interrupteur automatique de champ Eltako FR12 16 Amp\u00e8res\"}]},{\"@type\":\"WebSite\",\"@id\":\"https:\\\/\\\/369agara.com\\\/#website\",\"url\":\"https:\\\/\\\/369agara.com\\\/\",\"name\":\"Livsrikedomar\",\"description\":\"D\u00e9connectez pour mieux vous connecter\",\"publisher\":{\"@id\":\"https:\\\/\\\/369agara.com\\\/#organization\"},\"potentialAction\":[{\"@type\":\"SearchAction\",\"target\":{\"@type\":\"EntryPoint\",\"urlTemplate\":\"https:\\\/\\\/369agara.com\\\/?s={search_term_string}\"},\"query-input\":{\"@type\":\"PropertyValueSpecification\",\"valueRequired\":true,\"valueName\":\"search_term_string\"}}],\"inLanguage\":\"es\"},{\"@type\":\"Organization\",\"@id\":\"https:\\\/\\\/369agara.com\\\/#organization\",\"name\":\"EACreations\",\"url\":\"https:\\\/\\\/369agara.com\\\/\",\"logo\":{\"@type\":\"ImageObject\",\"inLanguage\":\"es\",\"@id\":\"https:\\\/\\\/369agara.com\\\/#\\\/schema\\\/logo\\\/image\\\/\",\"url\":\"\",\"contentUrl\":\"\",\"caption\":\"EACreations\"},\"image\":{\"@id\":\"https:\\\/\\\/369agara.com\\\/#\\\/schema\\\/logo\\\/image\\\/\"}}]}<\/script>\n<!-- \/ Yoast SEO Premium plugin. -->","yoast_head_json":{"title":"Interrupteur automatique de champ Eltako FR12 16 Amp\u00e8res | Agara","description":"Interrupteur automatique de champ (IAC) Eltako FR12 16 Amp\u00e8res, unipolaire.\u00a0Etroit, prend l'espace d'un module sur le tableau \u00e9lectrique !","robots":{"index":"index","follow":"follow","max-snippet":"max-snippet:-1","max-image-preview":"max-image-preview:large","max-video-preview":"max-video-preview:-1"},"canonical":"https:\/\/369agara.com\/es\/producto\/interrupteur-auto-eltako-fr12-16a\/","og_locale":"es_ES","og_type":"article","og_title":"Interrupteur automatique de champ Eltako FR12 16 Amp\u00e8res","og_description":"Interrupteur automatique de champ (IAC) Eltako FR12 16 Amp\u00e8res, unipolaire.\u00a0Etroit, prend l'espace d'un module sur le tableau \u00e9lectrique !","og_url":"https:\/\/369agara.com\/es\/producto\/interrupteur-auto-eltako-fr12-16a\/","og_site_name":"Agara","article_modified_time":"2025-05-15T19:32:29+00:00","og_image":[{"width":800,"height":800,"url":"https:\/\/369agara.com\/wp-content\/uploads\/2023\/09\/interrupteur-automatique-de-champ-eltako-fr12-16-amperes.jpg","type":"image\/jpeg"}],"twitter_card":"summary_large_image","twitter_misc":{"Tiempo de lectura":"3 minutos"},"schema":{"@context":"https:\/\/schema.org","@graph":[{"@type":"WebPage","@id":"https:\/\/369agara.com\/produit\/interrupteur-auto-eltako-fr12-16a\/","url":"https:\/\/369agara.com\/produit\/interrupteur-auto-eltako-fr12-16a\/","name":"Interrupteur automatique de champ Eltako FR12 16 Amp\u00e8res | Agara","isPartOf":{"@id":"https:\/\/369agara.com\/#website"},"primaryImageOfPage":{"@id":"https:\/\/369agara.com\/produit\/interrupteur-auto-eltako-fr12-16a\/#primaryimage"},"image":{"@id":"https:\/\/369agara.com\/produit\/interrupteur-auto-eltako-fr12-16a\/#primaryimage"},"thumbnailUrl":"https:\/\/369agara.com\/wp-content\/uploads\/2023\/09\/interrupteur-automatique-de-champ-eltako-fr12-16-amperes.jpg","datePublished":"2023-09-23T13:58:59+00:00","dateModified":"2025-05-15T19:32:29+00:00","description":"Interrupteur automatique de champ (IAC) Eltako FR12 16 Amp\u00e8res, unipolaire.\u00a0Etroit, prend l'espace d'un module sur le tableau \u00e9lectrique !","breadcrumb":{"@id":"https:\/\/369agara.com\/produit\/interrupteur-auto-eltako-fr12-16a\/#breadcrumb"},"inLanguage":"es","potentialAction":[{"@type":"ReadAction","target":["https:\/\/369agara.com\/produit\/interrupteur-auto-eltako-fr12-16a\/"]}]},{"@type":"ImageObject","inLanguage":"es","@id":"https:\/\/369agara.com\/produit\/interrupteur-auto-eltako-fr12-16a\/#primaryimage","url":"https:\/\/369agara.com\/wp-content\/uploads\/2023\/09\/interrupteur-automatique-de-champ-eltako-fr12-16-amperes.jpg","contentUrl":"https:\/\/369agara.com\/wp-content\/uploads\/2023\/09\/interrupteur-automatique-de-champ-eltako-fr12-16-amperes.jpg","width":800,"height":800},{"@type":"BreadcrumbList","@id":"https:\/\/369agara.com\/produit\/interrupteur-auto-eltako-fr12-16a\/#breadcrumb","itemListElement":[{"@type":"ListItem","position":1,"name":"Accueil","item":"https:\/\/369agara.com\/"},{"@type":"ListItem","position":2,"name":"La boutique","item":"https:\/\/369agara.com\/la-boutique\/"},{"@type":"ListItem","position":3,"name":"Interrupteur automatique de champ Eltako FR12 16 Amp\u00e8res"}]},{"@type":"WebSite","@id":"https:\/\/369agara.com\/#website","url":"https:\/\/369agara.com\/","name":"Livsrikedomar","description":"Desconectar para conectar mejor","publisher":{"@id":"https:\/\/369agara.com\/#organization"},"potentialAction":[{"@type":"SearchAction","target":{"@type":"EntryPoint","urlTemplate":"https:\/\/369agara.com\/?s={search_term_string}"},"query-input":{"@type":"PropertyValueSpecification","valueRequired":true,"valueName":"search_term_string"}}],"inLanguage":"es"},{"@type":"Organization","@id":"https:\/\/369agara.com\/#organization","name":"EACreations","url":"https:\/\/369agara.com\/","logo":{"@type":"ImageObject","inLanguage":"es","@id":"https:\/\/369agara.com\/#\/schema\/logo\/image\/","url":"","contentUrl":"","caption":"EACreations"},"image":{"@id":"https:\/\/369agara.com\/#\/schema\/logo\/image\/"}}]}},"jetpack_sharing_enabled":true,"_links":{"self":[{"href":"https:\/\/369agara.com\/es\/wp-json\/wp\/v2\/product\/1989","targetHints":{"allow":["GET"]}}],"collection":[{"href":"https:\/\/369agara.com\/es\/wp-json\/wp\/v2\/product"}],"about":[{"href":"https:\/\/369agara.com\/es\/wp-json\/wp\/v2\/types\/product"}],"replies":[{"embeddable":true,"href":"https:\/\/369agara.com\/es\/wp-json\/wp\/v2\/comments?post=1989"}],"wp:featuredmedia":[{"embeddable":true,"href":"https:\/\/369agara.com\/es\/wp-json\/wp\/v2\/media\/2020"}],"wp:attachment":[{"href":"https:\/\/369agara.com\/es\/wp-json\/wp\/v2\/media?parent=1989"}],"wp:term":[{"taxonomy":"product_brand","embeddable":true,"href":"https:\/\/369agara.com\/es\/wp-json\/wp\/v2\/product_brand?post=1989"},{"taxonomy":"product_cat","embeddable":true,"href":"https:\/\/369agara.com\/es\/wp-json\/wp\/v2\/product_cat?post=1989"},{"taxonomy":"product_tag","embeddable":true,"href":"https:\/\/369agara.com\/es\/wp-json\/wp\/v2\/product_tag?post=1989"}],"curies":[{"name":"wp","href":"https:\/\/api.w.org\/{rel}","templated":true}]}}