{"id":2101,"date":"2023-09-23T22:53:39","date_gmt":"2023-09-23T20:53:39","guid":{"rendered":"https:\/\/369agara.com\/?post_type=product&#038;p=2101"},"modified":"2025-05-15T21:29:44","modified_gmt":"2025-05-15T19:29:44","slug":"interrupteur-auto-na8-comfort-16-amp-gigahertz-solutions","status":"publish","type":"product","link":"https:\/\/369agara.com\/es\/producto\/interrupteur-auto-na8-comfort-16-amp-gigahertz-solutions\/","title":{"rendered":"Interruptor autom\u00e1tico de campo de 16 amperios Gigahertz Solutions NA8 Comfort"},"content":{"rendered":"<p><span style=\"font-family: 'Book Antiqua', Palatino; font-size: 120%; color: #333399;\">El interruptor de campo autom\u00e1tico Gigahertz Solutions NA8 Comfort 16 Amp (tambi\u00e9n denominado a menudo bioswitch o rel\u00e9 de desacoplamiento de red) se instala en el cuadro el\u00e9ctrico.<\/span><\/p>\n<p><span style=\"font-family: 'Book Antiqua', Palatino; font-size: 120%; color: #333399;\">Desconecta autom\u00e1ticamente el circuito para el que fue dise\u00f1ado si no hay demanda de corriente. El circuito as\u00ed separado de la red el\u00e9ctrica deja de estar bajo tensi\u00f3n y de crear campos el\u00e9ctricos.<\/span><\/p>\n<p><span style=\"font-family: 'Book Antiqua', Palatino; font-size: 120%; color: #333399;\">Del mismo modo, en cuanto un usuario solicita energ\u00eda, el interruptor de campo restablece instant\u00e1neamente el flujo.<\/span><\/p>\n<p><span style=\"font-family: 'Book Antiqua', Palatino; font-size: 120%; color: #333399;\">Esto significa que puede proteger f\u00e1cil y eficazmente las zonas de descanso, los dormitorios de los ni\u00f1os o cualquier otra parte de su casa.<\/span><\/p>\n<p><span style=\"font-family: 'Book Antiqua', Palatino; font-size: 120%; color: #333399;\">A diferencia de los dem\u00e1s modelos de la gama (NA1 Confort, NA5 Confort, NA6 Confort y NA7 Confort), la sensibilidad del NA8 Confort es ajustable: un tornillo de ajuste manual permite determinar los umbrales de conexi\u00f3n y desconexi\u00f3n (arriba), lo que permite adaptar el CAI a todos los tipos de carga y a una gama de usos m\u00e1s amplia.<\/span><\/p>\n<p><span style=\"font-family: 'Book Antiqua', Palatino; font-size: 120%; color: #333399;\">Por lo tanto, es compatible no s\u00f3lo con bombillas LED y de bajo consumo, sino tambi\u00e9n con reguladores de intensidad, interruptores con mando a distancia e interruptores indicadores.<\/span><\/p>\n<p><span style=\"font-family: 'Book Antiqua', Palatino; font-size: 120%; color: #333399;\">Este modelo tambi\u00e9n se recomienda cuando hay aparatos en espera conectados al circuito (persianas el\u00e9ctricas, cargadores, aparatos en espera, etc.).<\/span><\/p>\n<p><span style=\"font-family: 'Book Antiqua', Palatino; font-size: 120%; color: #333399;\">Indicador luminoso del modo \"Interrumpido\".<\/span><\/p>\n<p><span style=\"font-family: 'Book Antiqua', Palatino; font-size: 120%; color: #333399;\">Montaje f\u00e1cil y seguro.<\/span><\/p>\n<h3><span style=\"font-family: 'Book Antiqua', Palatino; font-size: 120%; color: #333399;\">Especificaciones t\u00e9cnicas<\/span><\/h3>\n<ul>\n<li><span style=\"font-family: 'Book Antiqua', Palatino; font-size: 120%; color: #333399;\">Tensi\u00f3n de funcionamiento: 230 V<\/span><\/li>\n<li><span style=\"font-family: 'Book Antiqua', Palatino; font-size: 120%; color: #333399;\">Corriente: 16 A<\/span><\/li>\n<li><span style=\"font-family: 'Book Antiqua', Palatino; font-size: 120%; color: #333399;\">Consumo: &lt; 0,9 - 1,4 W<\/span><\/li>\n<li><span style=\"font-family: 'Book Antiqua', Palatino; font-size: 120%; color: #333399;\">Dimensiones: 2 unidades en el panel (34 mm), altura 55 mm<\/span><\/li>\n<li><span style=\"font-family: 'Book Antiqua', Palatino; font-size: 120%; color: #333399;\">Tensi\u00f3n de control: 230 V CC m\u00e1x. 8 mA<\/span><\/li>\n<li><span style=\"font-family: 'Book Antiqua', Palatino; font-size: 120%; color: #333399;\">Sensibilidad: 0-3 mA<\/span><\/li>\n<li><span style=\"font-family: 'Book Antiqua', Palatino; font-size: 120%; color: #333399;\">Retardo de desconexi\u00f3n: 3 s<\/span><\/li>\n<li><span style=\"font-family: 'Book Antiqua', Palatino; font-size: 120%; color: #333399;\">Retardo de conexi\u00f3n: 0,1 s<\/span><\/li>\n<li><span style=\"font-family: 'Book Antiqua', Palatino; font-size: 120%; color: #333399;\">Indicadores luminosos: Verde = circuito protegido \/ Amarillo = circuito bajo carga (1 LED encendido = carga baja - 2 LED encendidos = carga alta)<\/span><\/li>\n<li><span style=\"font-family: 'Book Antiqua', Palatino; font-size: 120%; color: #333399;\">Ajuste del umbral de activaci\u00f3n y desconexi\u00f3n para activar el CAI\u00a0<strong>compatible con un consumo de energ\u00eda muy bajo (a partir de 1 W)<\/strong><\/span><\/li>\n<\/ul>\n<p><span style=\"font-family: 'Book Antiqua', Palatino; font-size: 120%; color: #333399;\">Se suministra con una luz de control que se enchufa en la habitaci\u00f3n correspondiente y se apaga cuando se apaga la luz o la l\u00e1mpara de la mesilla de noche, por ejemplo, o permanece encendida si se olvida un consumidor.<\/span><\/p>\n<p><span style=\"font-family: 'Book Antiqua', Palatino; font-size: 120%; color: #333399;\">Se suministra con un filtro Gigahertz Solutions de 1 \u00b5F, que se instala directamente en el interruptor autom\u00e1tico (en el cuadro el\u00e9ctrico). Este filtro reduce los picos de tensi\u00f3n de la red el\u00e9ctrica p\u00fablica que contaminan la red el\u00e9ctrica de la vivienda (\"energ\u00eda sucia\"), al tiempo que aumenta la estabilidad de la corriente y la fiabilidad del interruptor autom\u00e1tico de campo, sobre todo cuando se utilizan bombillas LED.<\/span><\/p>\n<p><span style=\"font-family: 'Book Antiqua', Palatino; font-size: 120%; color: #333399;\">Garant\u00eda: 2 a\u00f1os<\/span><\/p>\n<p><span style=\"font-family: 'Book Antiqua', Palatino; font-size: 120%; color: #333399;\">Fabricado en Alemania por Gigahertz Solutions<\/span><\/p>\n<h3><span style=\"font-family: 'Book Antiqua', Palatino; font-size: 120%; color: #333399;\">Consejos de Agara<\/span><\/h3>\n<p><span style=\"font-family: 'Book Antiqua', Palatino; font-size: 120%; color: #ed1c24;\">Llame a un electricista cualificado para que instale y ponga en servicio el interruptor de campo.<\/span><\/p>\n<p><span style=\"font-family: 'Book Antiqua', Palatino; font-size: 120%; color: #333399;\">Para saber en qu\u00e9 circuito(s) instalarlo(s), le recomendamos que mida primero la tensi\u00f3n inducida de su cuerpo situ\u00e1ndose en la habitaci\u00f3n que desea proteger (por ejemplo, en su dormitorio, tumbado en la cama). Desconecta (o si puedes conseguir ayuda, haz que desconecten uno a uno los circuitos en el cuadro el\u00e9ctrico) e identifica aquellos que tienen un efecto sobre tu tensi\u00f3n inducida. Es en el circuito o circuitos que la reducir\u00e1n al m\u00e1ximo donde debes instalar un interruptor autom\u00e1tico de campo.<\/span><\/p>\n<p><span style=\"font-family: 'Book Antiqua', Palatino; font-size: 120%; color: #ed1c24;\">Los interruptores autom\u00e1ticos de campo s\u00f3lo deben ser utilizados por personal cualificado. No asumimos ninguna responsabilidad por da\u00f1os materiales o personales derivados de un uso incorrecto de los interruptores autom\u00e1ticos de campo.\u00a0<\/span><br \/>\n<span style=\"font-family: 'Book Antiqua', Palatino; font-size: 120%; color: #333399;\">Corresponde al profesional realizar la instalaci\u00f3n respetando las normas de cada pa\u00eds y de acuerdo con las buenas pr\u00e1cticas.<\/span><\/p>\n<p><span style=\"font-family: 'Book Antiqua', Palatino; font-size: 120%; color: #333399;\"><a style=\"color: #333399;\" href=\"https:\/\/369agara.com\/a-quoi-sert-un-interrupteur-automatique-de-champ\/\">\u00bfPara qu\u00e9 sirve un interruptor autom\u00e1tico de campo (y c\u00f3mo se sabe qu\u00e9 circuito(s) hay que cortar)?<\/a><\/span><\/p>\n<p><span style=\"font-family: 'Book Antiqua', Palatino; font-size: 120%; color: #333399;\"><a style=\"color: #333399;\" href=\"https:\/\/369agara.com\/choisir-son-interrupteur-automatique-de-champ\/\">\u00bfC\u00f3mo elijo mi interruptor autom\u00e1tico de campo?<\/a><\/span><\/p>","protected":false},"excerpt":{"rendered":"<p><span style=\"font-family: 'Book Antiqua', Palatino; font-size: 120%; color: #333399;\">El interruptor de campo autom\u00e1tico unipolar NA8 Comfort Gigahertz Solutions es adecuado para circuitos de 16 A.\u00a0<\/span><\/p>\n<p><span style=\"font-family: 'Book Antiqua', Palatino; font-size: 120%; color: #333399;\">Compatible con bombillas de bajo consumo y LED.\u00a0<\/span><\/p>\n<p><span style=\"font-family: 'Book Antiqua', Palatino; font-size: 120%; color: #333399;\">Umbrales de conexi\u00f3n y desconexi\u00f3n ajustables.\u00a0<\/span><\/p>\n<p><span style=\"font-family: 'Book Antiqua', Palatino; font-size: 120%; color: #333399;\">Se suministra con un piloto y un filtro de 1 \u00b5F.\u00a0<\/span><\/p>\n<p><span style=\"font-family: 'Book Antiqua', Palatino; font-size: 120%; color: #333399;\">Certificado VDE.<\/span><\/p>","protected":false},"featured_media":2102,"comment_status":"open","ping_status":"closed","template":"","meta":[],"product_brand":[269],"product_cat":[164],"product_tag":[248,246,247,251,275,245],"class_list":{"0":"post-2101","1":"product","2":"type-product","3":"status-publish","4":"has-post-thumbnail","6":"product_brand-gigahertz-solutions","7":"product_cat-baubiologie","8":"product_tag-baubiologie","9":"product_tag-bureau","10":"product_tag-chambre","11":"product_tag-electricite","12":"product_tag-interrupteur-automatique-de-champs","13":"product_tag-maison","15":"first","16":"instock","17":"taxable","18":"shipping-taxable","19":"purchasable","20":"product-type-simple"},"yoast_head":"<!-- This site is optimized with the Yoast SEO Premium plugin v25.1 (Yoast SEO v27.4) - https:\/\/yoast.com\/product\/yoast-seo-premium-wordpress\/ -->\n<title>Interrupteur automatique de champ Gigahertz Solutions NA8 Comfort 16 Amp\u00e8res | Agara<\/title>\n<meta name=\"description\" content=\"L&#039;interrupteur automatique de champ unipolaire NA8 Comfort Gigahertz Solutions convient pour les circuits 16 A.\u00a0Compatible avec les ampoules basse consommation et les LED.\u00a0Seuils d&#039;enclenchement et de d\u00e9clenchement r\u00e9glables.\u00a0Livr\u00e9 avec une veilleuse de contr\u00f4le et un filtre 1 \u00b5F.\u00a0Certifi\u00e9 VDE.\" \/>\n<meta name=\"robots\" content=\"index, follow, max-snippet:-1, max-image-preview:large, max-video-preview:-1\" \/>\n<link rel=\"canonical\" href=\"https:\/\/369agara.com\/es\/producto\/interrupteur-auto-na8-comfort-16-amp-gigahertz-solutions\/\" \/>\n<meta property=\"og:locale\" content=\"es_ES\" \/>\n<meta property=\"og:type\" content=\"article\" \/>\n<meta property=\"og:title\" content=\"Interrupteur automatique de champ Gigahertz Solutions NA8 Comfort 16 Amp\u00e8res\" \/>\n<meta property=\"og:description\" content=\"L&#039;interrupteur automatique de champ unipolaire NA8 Comfort Gigahertz Solutions convient pour les circuits 16 A.\u00a0Compatible avec les ampoules basse consommation et les LED.\u00a0Seuils d&#039;enclenchement et de d\u00e9clenchement r\u00e9glables.\u00a0Livr\u00e9 avec une veilleuse de contr\u00f4le et un filtre 1 \u00b5F.\u00a0Certifi\u00e9 VDE.\" \/>\n<meta property=\"og:url\" content=\"https:\/\/369agara.com\/es\/producto\/interrupteur-auto-na8-comfort-16-amp-gigahertz-solutions\/\" \/>\n<meta property=\"og:site_name\" content=\"Agara\" \/>\n<meta property=\"article:modified_time\" content=\"2025-05-15T19:29:44+00:00\" \/>\n<meta property=\"og:image\" content=\"https:\/\/369agara.com\/wp-content\/uploads\/2023\/09\/interrupteur-automatique-de-champ-gigahertz-solutions-na8-comfort-16-amperes.jpg\" \/>\n\t<meta property=\"og:image:width\" content=\"800\" \/>\n\t<meta property=\"og:image:height\" content=\"800\" \/>\n\t<meta property=\"og:image:type\" content=\"image\/jpeg\" \/>\n<meta name=\"twitter:card\" content=\"summary_large_image\" \/>\n<meta name=\"twitter:label1\" content=\"Tiempo de lectura\" \/>\n\t<meta name=\"twitter:data1\" content=\"4 minutos\" \/>\n<script type=\"application\/ld+json\" class=\"yoast-schema-graph\">{\"@context\":\"https:\\\/\\\/schema.org\",\"@graph\":[{\"@type\":\"WebPage\",\"@id\":\"https:\\\/\\\/369agara.com\\\/produit\\\/interrupteur-auto-na8-comfort-16-amp-gigahertz-solutions\\\/\",\"url\":\"https:\\\/\\\/369agara.com\\\/produit\\\/interrupteur-auto-na8-comfort-16-amp-gigahertz-solutions\\\/\",\"name\":\"Interrupteur automatique de champ Gigahertz Solutions NA8 Comfort 16 Amp\u00e8res | Agara\",\"isPartOf\":{\"@id\":\"https:\\\/\\\/369agara.com\\\/#website\"},\"primaryImageOfPage\":{\"@id\":\"https:\\\/\\\/369agara.com\\\/produit\\\/interrupteur-auto-na8-comfort-16-amp-gigahertz-solutions\\\/#primaryimage\"},\"image\":{\"@id\":\"https:\\\/\\\/369agara.com\\\/produit\\\/interrupteur-auto-na8-comfort-16-amp-gigahertz-solutions\\\/#primaryimage\"},\"thumbnailUrl\":\"https:\\\/\\\/369agara.com\\\/wp-content\\\/uploads\\\/2023\\\/09\\\/interrupteur-automatique-de-champ-gigahertz-solutions-na8-comfort-16-amperes.jpg\",\"datePublished\":\"2023-09-23T20:53:39+00:00\",\"dateModified\":\"2025-05-15T19:29:44+00:00\",\"description\":\"L'interrupteur automatique de champ unipolaire NA8 Comfort Gigahertz Solutions convient pour les circuits 16 A.\u00a0Compatible avec les ampoules basse consommation et les LED.\u00a0Seuils d'enclenchement et de d\u00e9clenchement r\u00e9glables.\u00a0Livr\u00e9 avec une veilleuse de contr\u00f4le et un filtre 1 \u00b5F.\u00a0Certifi\u00e9 VDE.\",\"breadcrumb\":{\"@id\":\"https:\\\/\\\/369agara.com\\\/produit\\\/interrupteur-auto-na8-comfort-16-amp-gigahertz-solutions\\\/#breadcrumb\"},\"inLanguage\":\"es\",\"potentialAction\":[{\"@type\":\"ReadAction\",\"target\":[\"https:\\\/\\\/369agara.com\\\/produit\\\/interrupteur-auto-na8-comfort-16-amp-gigahertz-solutions\\\/\"]}]},{\"@type\":\"ImageObject\",\"inLanguage\":\"es\",\"@id\":\"https:\\\/\\\/369agara.com\\\/produit\\\/interrupteur-auto-na8-comfort-16-amp-gigahertz-solutions\\\/#primaryimage\",\"url\":\"https:\\\/\\\/369agara.com\\\/wp-content\\\/uploads\\\/2023\\\/09\\\/interrupteur-automatique-de-champ-gigahertz-solutions-na8-comfort-16-amperes.jpg\",\"contentUrl\":\"https:\\\/\\\/369agara.com\\\/wp-content\\\/uploads\\\/2023\\\/09\\\/interrupteur-automatique-de-champ-gigahertz-solutions-na8-comfort-16-amperes.jpg\",\"width\":800,\"height\":800},{\"@type\":\"BreadcrumbList\",\"@id\":\"https:\\\/\\\/369agara.com\\\/produit\\\/interrupteur-auto-na8-comfort-16-amp-gigahertz-solutions\\\/#breadcrumb\",\"itemListElement\":[{\"@type\":\"ListItem\",\"position\":1,\"name\":\"Accueil\",\"item\":\"https:\\\/\\\/369agara.com\\\/\"},{\"@type\":\"ListItem\",\"position\":2,\"name\":\"La boutique\",\"item\":\"https:\\\/\\\/369agara.com\\\/la-boutique\\\/\"},{\"@type\":\"ListItem\",\"position\":3,\"name\":\"Interrupteur automatique de champ Gigahertz Solutions NA8 Comfort 16 Amp\u00e8res\"}]},{\"@type\":\"WebSite\",\"@id\":\"https:\\\/\\\/369agara.com\\\/#website\",\"url\":\"https:\\\/\\\/369agara.com\\\/\",\"name\":\"Livsrikedomar\",\"description\":\"D\u00e9connectez pour mieux vous connecter\",\"publisher\":{\"@id\":\"https:\\\/\\\/369agara.com\\\/#organization\"},\"potentialAction\":[{\"@type\":\"SearchAction\",\"target\":{\"@type\":\"EntryPoint\",\"urlTemplate\":\"https:\\\/\\\/369agara.com\\\/?s={search_term_string}\"},\"query-input\":{\"@type\":\"PropertyValueSpecification\",\"valueRequired\":true,\"valueName\":\"search_term_string\"}}],\"inLanguage\":\"es\"},{\"@type\":\"Organization\",\"@id\":\"https:\\\/\\\/369agara.com\\\/#organization\",\"name\":\"EACreations\",\"url\":\"https:\\\/\\\/369agara.com\\\/\",\"logo\":{\"@type\":\"ImageObject\",\"inLanguage\":\"es\",\"@id\":\"https:\\\/\\\/369agara.com\\\/#\\\/schema\\\/logo\\\/image\\\/\",\"url\":\"\",\"contentUrl\":\"\",\"caption\":\"EACreations\"},\"image\":{\"@id\":\"https:\\\/\\\/369agara.com\\\/#\\\/schema\\\/logo\\\/image\\\/\"}}]}<\/script>\n<!-- \/ Yoast SEO Premium plugin. -->","yoast_head_json":{"title":"Interrupteur automatique de champ Gigahertz Solutions NA8 Comfort 16 Amp\u00e8res | Agara","description":"L'interrupteur automatique de champ unipolaire NA8 Comfort Gigahertz Solutions convient pour les circuits 16 A.\u00a0Compatible avec les ampoules basse consommation et les LED.\u00a0Seuils d'enclenchement et de d\u00e9clenchement r\u00e9glables.\u00a0Livr\u00e9 avec une veilleuse de contr\u00f4le et un filtre 1 \u00b5F.\u00a0Certifi\u00e9 VDE.","robots":{"index":"index","follow":"follow","max-snippet":"max-snippet:-1","max-image-preview":"max-image-preview:large","max-video-preview":"max-video-preview:-1"},"canonical":"https:\/\/369agara.com\/es\/producto\/interrupteur-auto-na8-comfort-16-amp-gigahertz-solutions\/","og_locale":"es_ES","og_type":"article","og_title":"Interrupteur automatique de champ Gigahertz Solutions NA8 Comfort 16 Amp\u00e8res","og_description":"L'interrupteur automatique de champ unipolaire NA8 Comfort Gigahertz Solutions convient pour les circuits 16 A.\u00a0Compatible avec les ampoules basse consommation et les LED.\u00a0Seuils d'enclenchement et de d\u00e9clenchement r\u00e9glables.\u00a0Livr\u00e9 avec une veilleuse de contr\u00f4le et un filtre 1 \u00b5F.\u00a0Certifi\u00e9 VDE.","og_url":"https:\/\/369agara.com\/es\/producto\/interrupteur-auto-na8-comfort-16-amp-gigahertz-solutions\/","og_site_name":"Agara","article_modified_time":"2025-05-15T19:29:44+00:00","og_image":[{"width":800,"height":800,"url":"https:\/\/369agara.com\/wp-content\/uploads\/2023\/09\/interrupteur-automatique-de-champ-gigahertz-solutions-na8-comfort-16-amperes.jpg","type":"image\/jpeg"}],"twitter_card":"summary_large_image","twitter_misc":{"Tiempo de lectura":"4 minutos"},"schema":{"@context":"https:\/\/schema.org","@graph":[{"@type":"WebPage","@id":"https:\/\/369agara.com\/produit\/interrupteur-auto-na8-comfort-16-amp-gigahertz-solutions\/","url":"https:\/\/369agara.com\/produit\/interrupteur-auto-na8-comfort-16-amp-gigahertz-solutions\/","name":"Interrupteur automatique de champ Gigahertz Solutions NA8 Comfort 16 Amp\u00e8res | Agara","isPartOf":{"@id":"https:\/\/369agara.com\/#website"},"primaryImageOfPage":{"@id":"https:\/\/369agara.com\/produit\/interrupteur-auto-na8-comfort-16-amp-gigahertz-solutions\/#primaryimage"},"image":{"@id":"https:\/\/369agara.com\/produit\/interrupteur-auto-na8-comfort-16-amp-gigahertz-solutions\/#primaryimage"},"thumbnailUrl":"https:\/\/369agara.com\/wp-content\/uploads\/2023\/09\/interrupteur-automatique-de-champ-gigahertz-solutions-na8-comfort-16-amperes.jpg","datePublished":"2023-09-23T20:53:39+00:00","dateModified":"2025-05-15T19:29:44+00:00","description":"L'interrupteur automatique de champ unipolaire NA8 Comfort Gigahertz Solutions convient pour les circuits 16 A.\u00a0Compatible avec les ampoules basse consommation et les LED.\u00a0Seuils d'enclenchement et de d\u00e9clenchement r\u00e9glables.\u00a0Livr\u00e9 avec une veilleuse de contr\u00f4le et un filtre 1 \u00b5F.\u00a0Certifi\u00e9 VDE.","breadcrumb":{"@id":"https:\/\/369agara.com\/produit\/interrupteur-auto-na8-comfort-16-amp-gigahertz-solutions\/#breadcrumb"},"inLanguage":"es","potentialAction":[{"@type":"ReadAction","target":["https:\/\/369agara.com\/produit\/interrupteur-auto-na8-comfort-16-amp-gigahertz-solutions\/"]}]},{"@type":"ImageObject","inLanguage":"es","@id":"https:\/\/369agara.com\/produit\/interrupteur-auto-na8-comfort-16-amp-gigahertz-solutions\/#primaryimage","url":"https:\/\/369agara.com\/wp-content\/uploads\/2023\/09\/interrupteur-automatique-de-champ-gigahertz-solutions-na8-comfort-16-amperes.jpg","contentUrl":"https:\/\/369agara.com\/wp-content\/uploads\/2023\/09\/interrupteur-automatique-de-champ-gigahertz-solutions-na8-comfort-16-amperes.jpg","width":800,"height":800},{"@type":"BreadcrumbList","@id":"https:\/\/369agara.com\/produit\/interrupteur-auto-na8-comfort-16-amp-gigahertz-solutions\/#breadcrumb","itemListElement":[{"@type":"ListItem","position":1,"name":"Accueil","item":"https:\/\/369agara.com\/"},{"@type":"ListItem","position":2,"name":"La boutique","item":"https:\/\/369agara.com\/la-boutique\/"},{"@type":"ListItem","position":3,"name":"Interrupteur automatique de champ Gigahertz Solutions NA8 Comfort 16 Amp\u00e8res"}]},{"@type":"WebSite","@id":"https:\/\/369agara.com\/#website","url":"https:\/\/369agara.com\/","name":"Livsrikedomar","description":"Desconectar para conectar mejor","publisher":{"@id":"https:\/\/369agara.com\/#organization"},"potentialAction":[{"@type":"SearchAction","target":{"@type":"EntryPoint","urlTemplate":"https:\/\/369agara.com\/?s={search_term_string}"},"query-input":{"@type":"PropertyValueSpecification","valueRequired":true,"valueName":"search_term_string"}}],"inLanguage":"es"},{"@type":"Organization","@id":"https:\/\/369agara.com\/#organization","name":"EACreations","url":"https:\/\/369agara.com\/","logo":{"@type":"ImageObject","inLanguage":"es","@id":"https:\/\/369agara.com\/#\/schema\/logo\/image\/","url":"","contentUrl":"","caption":"EACreations"},"image":{"@id":"https:\/\/369agara.com\/#\/schema\/logo\/image\/"}}]}},"jetpack_sharing_enabled":true,"_links":{"self":[{"href":"https:\/\/369agara.com\/es\/wp-json\/wp\/v2\/product\/2101","targetHints":{"allow":["GET"]}}],"collection":[{"href":"https:\/\/369agara.com\/es\/wp-json\/wp\/v2\/product"}],"about":[{"href":"https:\/\/369agara.com\/es\/wp-json\/wp\/v2\/types\/product"}],"replies":[{"embeddable":true,"href":"https:\/\/369agara.com\/es\/wp-json\/wp\/v2\/comments?post=2101"}],"wp:featuredmedia":[{"embeddable":true,"href":"https:\/\/369agara.com\/es\/wp-json\/wp\/v2\/media\/2102"}],"wp:attachment":[{"href":"https:\/\/369agara.com\/es\/wp-json\/wp\/v2\/media?parent=2101"}],"wp:term":[{"taxonomy":"product_brand","embeddable":true,"href":"https:\/\/369agara.com\/es\/wp-json\/wp\/v2\/product_brand?post=2101"},{"taxonomy":"product_cat","embeddable":true,"href":"https:\/\/369agara.com\/es\/wp-json\/wp\/v2\/product_cat?post=2101"},{"taxonomy":"product_tag","embeddable":true,"href":"https:\/\/369agara.com\/es\/wp-json\/wp\/v2\/product_tag?post=2101"}],"curies":[{"name":"wp","href":"https:\/\/api.w.org\/{rel}","templated":true}]}}