{"id":2123,"date":"2023-09-25T16:55:53","date_gmt":"2023-09-25T14:55:53","guid":{"rendered":"https:\/\/369agara.com\/?post_type=product&#038;p=2123"},"modified":"2025-05-11T20:24:36","modified_gmt":"2025-05-11T18:24:36","slug":"lampe-bureau-blindee-architecte","status":"publish","type":"product","link":"https:\/\/369agara.com\/es\/producto\/lampe-bureau-blindee-architecte\/","title":{"rendered":"Danell Biologa \"Architect\" l\u00e1mpara de escritorio blindada aluminio mate | negro mate"},"content":{"rendered":"<p><span style=\"font-family: 'Book Antiqua', Palatino; font-size: 120%; color: #333399;\">La l\u00e1mpara de escritorio apantallada \"Architect\" de Biologa Danell protege de los campos el\u00e9ctricos y magn\u00e9ticos.<\/span><\/p>\n<p><span style=\"font-family: 'Book Antiqua', Palatino; font-size: 120%; color: #333399;\">Adem\u00e1s, combina un dise\u00f1o elegante con la facilidad de uso (brazo giratorio largo, lectura clara).<\/span><\/p>\n<p><span style=\"font-family: 'Book Antiqua', Palatino; font-size: 120%; color: #333399;\">Todas las l\u00e1mparas apantalladas Danell Biologa est\u00e1n fabricadas con materiales sanos y respetuosos con el medio ambiente y, sobre todo, est\u00e1n libres de contaminaci\u00f3n el\u00e9ctrica.<\/span><\/p>\n<ul>\n<li><span style=\"font-family: 'Book Antiqua', Palatino; font-size: 120%; color: #333399;\">El cable utilizado est\u00e1 apantallado: los 3 hilos (fase + neutro + tierra) est\u00e1n rodeados por una l\u00e1mina met\u00e1lica conectada a tierra para eliminar el campo el\u00e9ctrico.<\/span><\/li>\n<li><span style=\"font-family: 'Book Antiqua', Palatino; font-size: 120%; color: #333399;\">Los 3 hilos se retuercen 15 veces por metro para atenuar el campo magn\u00e9tico.<\/span><\/li>\n<li><span style=\"font-family: 'Book Antiqua', Palatino; font-size: 120%; color: #333399;\">El enchufe de 3 polos est\u00e1 apantallado. El hecho de que tenga toma de tierra tambi\u00e9n significa que no se puede conectar al rev\u00e9s.<\/span><\/li>\n<li><span style=\"font-family: 'Book Antiqua', Palatino; font-size: 120%; color: #333399;\">El interruptor es bipolar (corta simult\u00e1neamente la fase y el neutro).<\/span><\/li>\n<li><span style=\"font-family: 'Book Antiqua', Palatino; font-size: 120%; color: #333399;\">En cada bombilla se atornilla una bobina de apantallamiento para eliminar cualquier resto de campo el\u00e9ctrico emitido por la bombilla.<\/span><\/li>\n<\/ul>\n<p><span style=\"font-family: 'Book Antiqua', Palatino; font-size: 120%; color: #333399;\">Los campos el\u00e9ctricos afectan a nuestros sistemas nervioso, endocrino e inmunitario. Afectan a la calidad del sue\u00f1o y a la capacidad de recuperaci\u00f3n, y generan estr\u00e9s, nerviosismo y dificultad de concentraci\u00f3n. Tambi\u00e9n alteran el equilibrio \u00e1cido-base acidificando nuestro organismo. Puedes eliminar estos efectos nocivos optando por una l\u00e1mpara apantallada.<\/span><\/p>\n<p><span style=\"font-family: 'Book Antiqua', Palatino; font-size: 120%; color: #ed1c24;\"><strong>\u00a1Atenci\u00f3n! Para suprimir los campos el\u00e9ctricos, esta l\u00e1mpara blindada debe conectarse a una toma de corriente o regleta con toma de tierra.\u00a0<\/strong><\/span><\/p>\n<h3><span style=\"font-family: 'Book Antiqua', Palatino; font-size: 120%; color: #333399;\">Efecto de apantallamiento comparativo (v\u00e1lido para todas las luminarias apantalladas Biologa Danell)<\/span><\/h3>\n<p><span style=\"font-family: 'Book Antiqua', Palatino; font-size: 120%; color: #333399;\">Una luminaria sin apantallar (clase de protecci\u00f3n 2) con un cable de alimentaci\u00f3n sin apantallar produce un campo el\u00e9ctrico alterno de 100,0 a 160,0 V\/m (valor orientativo recomendado por Habitat Biology: 10 V\/m).<\/span><\/p>\n<p><span style=\"font-family: 'Book Antiqua', Palatino; font-size: 120%; color: #333399;\">La luminaria apantallada (clase de protecci\u00f3n 1) con un dise\u00f1o adecuado s\u00f3lo genera un campo el\u00e9ctrico alterno de entre 0,4 y 0,6 V\/m.<\/span><br \/>\n<span style=\"font-family: 'Book Antiqua', Palatino; font-size: 120%; color: #333399;\">La prueba se realiza de acuerdo con las especificaciones, bandas de frecuencia y distancias de medici\u00f3n de las normas de pantallas reconocidas (para pantallas y monitores de baja radiaci\u00f3n): TCO'99, Volumen I (MPR II) y DIN EN 50279 (distancia de medici\u00f3n 30 cm).<\/span><\/p>\n<h3><span style=\"font-family: 'Book Antiqua', Palatino; font-size: 120%; color: #333399;\">Especificaciones t\u00e9cnicas<\/span><\/h3>\n<ul>\n<li><span style=\"font-family: 'Book Antiqua', Palatino; font-size: 120%; color: #333399;\">Aluminio mate<\/span><\/li>\n<li><span style=\"font-family: 'Book Antiqua', Palatino; font-size: 120%; color: #333399;\">Longitud del brazo: 1 metro aprox.<\/span><\/li>\n<li><span style=\"font-family: 'Book Antiqua', Palatino; font-size: 120%; color: #333399;\">Di\u00e1metro del reflector: aprox. 19 cm<\/span><\/li>\n<li><span style=\"font-family: 'Book Antiqua', Palatino; font-size: 120%; color: #333399;\">El reflector es del mismo color que la l\u00e1mpara en el exterior, blanco mate en el interior para mayor claridad.<\/span><\/li>\n<li><span style=\"font-family: 'Book Antiqua', Palatino; font-size: 120%; color: #333399;\">Cable blindado negro, aprox. 2 metros<\/span><\/li>\n<li><span style=\"font-family: 'Book Antiqua', Palatino; font-size: 120%; color: #333399;\">Abrazadera de fijaci\u00f3n (grosor m\u00e1x. 70 mm) incluida<\/span><\/li>\n<li><span style=\"font-family: 'Book Antiqua', Palatino; font-size: 120%; color: #333399;\">Se suministra con una toma cer\u00e1mica E27 y 2 c\u00e1psulas hal\u00f3genas de 48 W y 740 lm (clase de eficiencia energ\u00e9tica C)<\/span><\/li>\n<\/ul>\n<p><span style=\"font-family: 'Book Antiqua', Palatino; font-size: 120%; color: #333399;\">Garant\u00eda: 3 a\u00f1os<\/span><\/p>\n<p><span style=\"font-family: 'Book Antiqua', Palatino; font-size: 120%; color: #333399;\">Base opcional en color a juego (di\u00e1metro 26 cm, peso 6,5 kg)<\/span><\/p>\n<p><span style=\"font-family: 'Book Antiqua', Palatino; font-size: 120%; color: #333399;\">Fabricado en Alemania por Biologa Danell.\u00a0<\/span><\/p>","protected":false},"excerpt":{"rendered":"<p><span style=\"font-family: 'Book Antiqua', Palatino; font-size: 120%; color: #333399;\">La l\u00e1mpara de escritorio apantallada \"Architect\" de Biologa Danell protege de las ondas (campos el\u00e9ctricos y magn\u00e9ticos).\u00a0<\/span><\/p>\n<p><span style=\"font-family: 'Book Antiqua', Palatino; font-size: 120%; color: #333399;\">Sus ventajas: cable apantallado, conexi\u00f3n a tierra, interruptor bipolar, bobina de apantallamiento, etc.\u00a0<\/span><\/p>\n<p><span style=\"font-family: 'Book Antiqua', Palatino; font-size: 120%; color: #333399;\">Se suministra con un clip de fijaci\u00f3n del mismo color que la l\u00e1mpara. Pie opcional.<\/span><\/p>","protected":false},"featured_media":2130,"comment_status":"open","ping_status":"closed","template":"","meta":[],"product_brand":[],"product_cat":[164],"product_tag":[248,246,247,249,258,245],"class_list":{"0":"post-2123","1":"product","2":"type-product","3":"status-publish","4":"has-post-thumbnail","6":"product_cat-baubiologie","7":"product_tag-baubiologie","8":"product_tag-bureau","9":"product_tag-chambre","10":"product_tag-electromagnetisme","11":"product_tag-lampe","12":"product_tag-maison","14":"first","15":"instock","16":"taxable","17":"shipping-taxable","18":"purchasable","19":"product-type-variable"},"yoast_head":"<!-- This site is optimized with the Yoast SEO Premium plugin v25.1 (Yoast SEO v27.4) - https:\/\/yoast.com\/product\/yoast-seo-premium-wordpress\/ -->\n<title>Lampe de bureau blind\u00e9e Biologa Danell &quot;Architecte&quot; alu mat | noir mat | Agara<\/title>\n<meta name=\"description\" content=\"Biologa Danell &#039;Architecte&#039; sk\u00e4rmad skrivbordslampa skyddar mot v\u00e5gor (elektriska och magnetiska f\u00e4lt). Dess f\u00f6rdelar: sk\u00e4rmad kabel, jordanslutning, bipol\u00e4r brytare, sk\u00e4rmsv\u00e4ng, etc. Levereras med f\u00e4stkl\u00e4mma i lampans f\u00e4rg. Valfri fot.\" \/>\n<meta name=\"robots\" content=\"index, follow, max-snippet:-1, max-image-preview:large, max-video-preview:-1\" \/>\n<link rel=\"canonical\" href=\"https:\/\/369agara.com\/es\/producto\/lampe-bureau-blindee-architecte\/\" \/>\n<meta property=\"og:locale\" content=\"es_ES\" \/>\n<meta property=\"og:type\" content=\"article\" \/>\n<meta property=\"og:title\" content=\"Lampe de bureau blind\u00e9e Biologa Danell &quot;Architecte&quot; alu mat | noir mat\" \/>\n<meta property=\"og:description\" content=\"Biologa Danell &#039;Architecte&#039; sk\u00e4rmad skrivbordslampa skyddar mot v\u00e5gor (elektriska och magnetiska f\u00e4lt). Dess f\u00f6rdelar: sk\u00e4rmad kabel, jordanslutning, bipol\u00e4r brytare, sk\u00e4rmsv\u00e4ng, etc. Levereras med f\u00e4stkl\u00e4mma i lampans f\u00e4rg. Valfri fot.\" \/>\n<meta property=\"og:url\" content=\"https:\/\/369agara.com\/es\/producto\/lampe-bureau-blindee-architecte\/\" \/>\n<meta property=\"og:site_name\" content=\"Agara\" \/>\n<meta property=\"article:modified_time\" content=\"2025-05-11T18:24:36+00:00\" \/>\n<meta property=\"og:image\" content=\"https:\/\/369agara.com\/wp-content\/uploads\/2023\/09\/lampe-de-bureau-blindee-danell-architecte-alu-mat.jpg\" \/>\n\t<meta property=\"og:image:width\" content=\"800\" \/>\n\t<meta property=\"og:image:height\" content=\"800\" \/>\n\t<meta property=\"og:image:type\" content=\"image\/jpeg\" \/>\n<meta name=\"twitter:card\" content=\"summary_large_image\" \/>\n<meta name=\"twitter:label1\" content=\"Tiempo de lectura\" \/>\n\t<meta name=\"twitter:data1\" content=\"3 minutos\" \/>\n<script type=\"application\/ld+json\" class=\"yoast-schema-graph\">{\"@context\":\"https:\\\/\\\/schema.org\",\"@graph\":[{\"@type\":\"WebPage\",\"@id\":\"https:\\\/\\\/369agara.com\\\/produit\\\/lampe-bureau-blindee-architecte\\\/\",\"url\":\"https:\\\/\\\/369agara.com\\\/produit\\\/lampe-bureau-blindee-architecte\\\/\",\"name\":\"Lampe de bureau blind\u00e9e Biologa Danell \\\"Architecte\\\" alu mat | noir mat | Agara\",\"isPartOf\":{\"@id\":\"https:\\\/\\\/369agara.com\\\/#website\"},\"primaryImageOfPage\":{\"@id\":\"https:\\\/\\\/369agara.com\\\/produit\\\/lampe-bureau-blindee-architecte\\\/#primaryimage\"},\"image\":{\"@id\":\"https:\\\/\\\/369agara.com\\\/produit\\\/lampe-bureau-blindee-architecte\\\/#primaryimage\"},\"thumbnailUrl\":\"https:\\\/\\\/369agara.com\\\/wp-content\\\/uploads\\\/2023\\\/09\\\/lampe-de-bureau-blindee-danell-architecte-alu-mat.jpg\",\"datePublished\":\"2023-09-25T14:55:53+00:00\",\"dateModified\":\"2025-05-11T18:24:36+00:00\",\"description\":\"Biologa Danell 'Architecte' sk\u00e4rmad skrivbordslampa skyddar mot v\u00e5gor (elektriska och magnetiska f\u00e4lt). Dess f\u00f6rdelar: sk\u00e4rmad kabel, jordanslutning, bipol\u00e4r brytare, sk\u00e4rmsv\u00e4ng, etc. Levereras med f\u00e4stkl\u00e4mma i lampans f\u00e4rg. Valfri fot.\",\"breadcrumb\":{\"@id\":\"https:\\\/\\\/369agara.com\\\/produit\\\/lampe-bureau-blindee-architecte\\\/#breadcrumb\"},\"inLanguage\":\"es\",\"potentialAction\":[{\"@type\":\"ReadAction\",\"target\":[\"https:\\\/\\\/369agara.com\\\/produit\\\/lampe-bureau-blindee-architecte\\\/\"]}]},{\"@type\":\"ImageObject\",\"inLanguage\":\"es\",\"@id\":\"https:\\\/\\\/369agara.com\\\/produit\\\/lampe-bureau-blindee-architecte\\\/#primaryimage\",\"url\":\"https:\\\/\\\/369agara.com\\\/wp-content\\\/uploads\\\/2023\\\/09\\\/lampe-de-bureau-blindee-danell-architecte-alu-mat.jpg\",\"contentUrl\":\"https:\\\/\\\/369agara.com\\\/wp-content\\\/uploads\\\/2023\\\/09\\\/lampe-de-bureau-blindee-danell-architecte-alu-mat.jpg\",\"width\":800,\"height\":800},{\"@type\":\"BreadcrumbList\",\"@id\":\"https:\\\/\\\/369agara.com\\\/produit\\\/lampe-bureau-blindee-architecte\\\/#breadcrumb\",\"itemListElement\":[{\"@type\":\"ListItem\",\"position\":1,\"name\":\"Accueil\",\"item\":\"https:\\\/\\\/369agara.com\\\/\"},{\"@type\":\"ListItem\",\"position\":2,\"name\":\"La boutique\",\"item\":\"https:\\\/\\\/369agara.com\\\/la-boutique\\\/\"},{\"@type\":\"ListItem\",\"position\":3,\"name\":\"Lampe de bureau blind\u00e9e Biologa Danell \u00ab\u00a0Architecte\u00a0\u00bb alu mat | noir mat\"}]},{\"@type\":\"WebSite\",\"@id\":\"https:\\\/\\\/369agara.com\\\/#website\",\"url\":\"https:\\\/\\\/369agara.com\\\/\",\"name\":\"Livsrikedomar\",\"description\":\"D\u00e9connectez pour mieux vous connecter\",\"publisher\":{\"@id\":\"https:\\\/\\\/369agara.com\\\/#organization\"},\"potentialAction\":[{\"@type\":\"SearchAction\",\"target\":{\"@type\":\"EntryPoint\",\"urlTemplate\":\"https:\\\/\\\/369agara.com\\\/?s={search_term_string}\"},\"query-input\":{\"@type\":\"PropertyValueSpecification\",\"valueRequired\":true,\"valueName\":\"search_term_string\"}}],\"inLanguage\":\"es\"},{\"@type\":\"Organization\",\"@id\":\"https:\\\/\\\/369agara.com\\\/#organization\",\"name\":\"EACreations\",\"url\":\"https:\\\/\\\/369agara.com\\\/\",\"logo\":{\"@type\":\"ImageObject\",\"inLanguage\":\"es\",\"@id\":\"https:\\\/\\\/369agara.com\\\/#\\\/schema\\\/logo\\\/image\\\/\",\"url\":\"\",\"contentUrl\":\"\",\"caption\":\"EACreations\"},\"image\":{\"@id\":\"https:\\\/\\\/369agara.com\\\/#\\\/schema\\\/logo\\\/image\\\/\"}}]}<\/script>\n<!-- \/ Yoast SEO Premium plugin. -->","yoast_head_json":{"title":"Lampe de bureau blind\u00e9e Biologa Danell \"Architecte\" alu mat | noir mat | Agara","description":"Biologa Danell 'Architecte' sk\u00e4rmad skrivbordslampa skyddar mot v\u00e5gor (elektriska och magnetiska f\u00e4lt). Dess f\u00f6rdelar: sk\u00e4rmad kabel, jordanslutning, bipol\u00e4r brytare, sk\u00e4rmsv\u00e4ng, etc. Levereras med f\u00e4stkl\u00e4mma i lampans f\u00e4rg. Valfri fot.","robots":{"index":"index","follow":"follow","max-snippet":"max-snippet:-1","max-image-preview":"max-image-preview:large","max-video-preview":"max-video-preview:-1"},"canonical":"https:\/\/369agara.com\/es\/producto\/lampe-bureau-blindee-architecte\/","og_locale":"es_ES","og_type":"article","og_title":"Lampe de bureau blind\u00e9e Biologa Danell \"Architecte\" alu mat | noir mat","og_description":"Biologa Danell 'Architecte' sk\u00e4rmad skrivbordslampa skyddar mot v\u00e5gor (elektriska och magnetiska f\u00e4lt). Dess f\u00f6rdelar: sk\u00e4rmad kabel, jordanslutning, bipol\u00e4r brytare, sk\u00e4rmsv\u00e4ng, etc. Levereras med f\u00e4stkl\u00e4mma i lampans f\u00e4rg. Valfri fot.","og_url":"https:\/\/369agara.com\/es\/producto\/lampe-bureau-blindee-architecte\/","og_site_name":"Agara","article_modified_time":"2025-05-11T18:24:36+00:00","og_image":[{"width":800,"height":800,"url":"https:\/\/369agara.com\/wp-content\/uploads\/2023\/09\/lampe-de-bureau-blindee-danell-architecte-alu-mat.jpg","type":"image\/jpeg"}],"twitter_card":"summary_large_image","twitter_misc":{"Tiempo de lectura":"3 minutos"},"schema":{"@context":"https:\/\/schema.org","@graph":[{"@type":"WebPage","@id":"https:\/\/369agara.com\/produit\/lampe-bureau-blindee-architecte\/","url":"https:\/\/369agara.com\/produit\/lampe-bureau-blindee-architecte\/","name":"Lampe de bureau blind\u00e9e Biologa Danell \"Architecte\" alu mat | noir mat | Agara","isPartOf":{"@id":"https:\/\/369agara.com\/#website"},"primaryImageOfPage":{"@id":"https:\/\/369agara.com\/produit\/lampe-bureau-blindee-architecte\/#primaryimage"},"image":{"@id":"https:\/\/369agara.com\/produit\/lampe-bureau-blindee-architecte\/#primaryimage"},"thumbnailUrl":"https:\/\/369agara.com\/wp-content\/uploads\/2023\/09\/lampe-de-bureau-blindee-danell-architecte-alu-mat.jpg","datePublished":"2023-09-25T14:55:53+00:00","dateModified":"2025-05-11T18:24:36+00:00","description":"Biologa Danell 'Architecte' sk\u00e4rmad skrivbordslampa skyddar mot v\u00e5gor (elektriska och magnetiska f\u00e4lt). Dess f\u00f6rdelar: sk\u00e4rmad kabel, jordanslutning, bipol\u00e4r brytare, sk\u00e4rmsv\u00e4ng, etc. Levereras med f\u00e4stkl\u00e4mma i lampans f\u00e4rg. Valfri fot.","breadcrumb":{"@id":"https:\/\/369agara.com\/produit\/lampe-bureau-blindee-architecte\/#breadcrumb"},"inLanguage":"es","potentialAction":[{"@type":"ReadAction","target":["https:\/\/369agara.com\/produit\/lampe-bureau-blindee-architecte\/"]}]},{"@type":"ImageObject","inLanguage":"es","@id":"https:\/\/369agara.com\/produit\/lampe-bureau-blindee-architecte\/#primaryimage","url":"https:\/\/369agara.com\/wp-content\/uploads\/2023\/09\/lampe-de-bureau-blindee-danell-architecte-alu-mat.jpg","contentUrl":"https:\/\/369agara.com\/wp-content\/uploads\/2023\/09\/lampe-de-bureau-blindee-danell-architecte-alu-mat.jpg","width":800,"height":800},{"@type":"BreadcrumbList","@id":"https:\/\/369agara.com\/produit\/lampe-bureau-blindee-architecte\/#breadcrumb","itemListElement":[{"@type":"ListItem","position":1,"name":"Accueil","item":"https:\/\/369agara.com\/"},{"@type":"ListItem","position":2,"name":"La boutique","item":"https:\/\/369agara.com\/la-boutique\/"},{"@type":"ListItem","position":3,"name":"Lampe de bureau blind\u00e9e Biologa Danell \u00ab\u00a0Architecte\u00a0\u00bb alu mat | noir mat"}]},{"@type":"WebSite","@id":"https:\/\/369agara.com\/#website","url":"https:\/\/369agara.com\/","name":"Livsrikedomar","description":"Desconectar para conectar mejor","publisher":{"@id":"https:\/\/369agara.com\/#organization"},"potentialAction":[{"@type":"SearchAction","target":{"@type":"EntryPoint","urlTemplate":"https:\/\/369agara.com\/?s={search_term_string}"},"query-input":{"@type":"PropertyValueSpecification","valueRequired":true,"valueName":"search_term_string"}}],"inLanguage":"es"},{"@type":"Organization","@id":"https:\/\/369agara.com\/#organization","name":"EACreations","url":"https:\/\/369agara.com\/","logo":{"@type":"ImageObject","inLanguage":"es","@id":"https:\/\/369agara.com\/#\/schema\/logo\/image\/","url":"","contentUrl":"","caption":"EACreations"},"image":{"@id":"https:\/\/369agara.com\/#\/schema\/logo\/image\/"}}]}},"jetpack_sharing_enabled":true,"_links":{"self":[{"href":"https:\/\/369agara.com\/es\/wp-json\/wp\/v2\/product\/2123","targetHints":{"allow":["GET"]}}],"collection":[{"href":"https:\/\/369agara.com\/es\/wp-json\/wp\/v2\/product"}],"about":[{"href":"https:\/\/369agara.com\/es\/wp-json\/wp\/v2\/types\/product"}],"replies":[{"embeddable":true,"href":"https:\/\/369agara.com\/es\/wp-json\/wp\/v2\/comments?post=2123"}],"wp:featuredmedia":[{"embeddable":true,"href":"https:\/\/369agara.com\/es\/wp-json\/wp\/v2\/media\/2130"}],"wp:attachment":[{"href":"https:\/\/369agara.com\/es\/wp-json\/wp\/v2\/media?parent=2123"}],"wp:term":[{"taxonomy":"product_brand","embeddable":true,"href":"https:\/\/369agara.com\/es\/wp-json\/wp\/v2\/product_brand?post=2123"},{"taxonomy":"product_cat","embeddable":true,"href":"https:\/\/369agara.com\/es\/wp-json\/wp\/v2\/product_cat?post=2123"},{"taxonomy":"product_tag","embeddable":true,"href":"https:\/\/369agara.com\/es\/wp-json\/wp\/v2\/product_tag?post=2123"}],"curies":[{"name":"wp","href":"https:\/\/api.w.org\/{rel}","templated":true}]}}