{"id":2139,"date":"2023-09-25T17:52:00","date_gmt":"2023-09-25T15:52:00","guid":{"rendered":"https:\/\/369agara.com\/?post_type=product&#038;p=2139"},"modified":"2025-05-11T12:27:08","modified_gmt":"2025-05-11T10:27:08","slug":"filtre-polier-panda","status":"publish","type":"product","link":"https:\/\/369agara.com\/es\/producto\/filtre-polier-panda\/","title":{"rendered":"Polier PANDA15X2 electricidad sucia y filtro Linky PLC"},"content":{"rendered":"<p><span style=\"font-family: 'Book Antiqua', Palatino; font-size: 120%; color: #333399;\">El filtro PANDA15X2 Polier filtra las frecuencias par\u00e1sitas de la red el\u00e9ctrica, conocidas como \"electricidad sucia\", en la banda de frecuencias de 10 kHz a 1 MHz (l\u00e1mparas compactas de flujo, transformadores de ordenador, luces de ne\u00f3n, etc.), as\u00ed como el PLC Linky que circula por su red el\u00e9ctrica.<\/span><\/p>\n<p><span style=\"font-family: 'Book Antiqua', Palatino; font-size: 120%; color: #333399;\">Contiene un condensador de alto rendimiento de 15 \u00b5F (microfaradios) protegido por un fusible que reduce las perturbaciones el\u00e9ctricas en su red. Su apantallamiento electromagn\u00e9tico interno tambi\u00e9n reduce el campo el\u00e9ctrico alrededor del filtro (para que este apantallamiento funcione, el filtro Panda debe conectarse a una toma con toma de tierra).<\/span><\/p>\n<p><span style=\"font-family: 'Book Antiqua', Palatino; font-size: 120%; color: #333399;\">Limita los efectos biol\u00f3gicos generados por las frecuencias par\u00e1sitas denominadas \"electricidad sucia\" que transportan los cables el\u00e9ctricos de su instalaci\u00f3n el\u00e9ctrica.<\/span><\/p>\n<p><span style=\"font-family: 'Book Antiqua', Palatino; font-size: 120%; color: #333399;\">La otra ventaja de este filtro es su\u00a0<strong>toma integrada en la carcasa<\/strong>Esto le permite utilizar el enchufe al que est\u00e1 conectado el filtro (mientras que con otros filtros, el enchufe al que est\u00e1 conectado el filtro est\u00e1 dedicado exclusivamente a este fin y no puede utilizarse para conectar ning\u00fan otro aparato).<\/span><\/p>\n<h3><span style=\"font-family: 'Book Antiqua', Palatino; font-size: 120%; color: #333399;\">\u00bfQu\u00e9 es la \"electricidad sucia\"?<\/span><\/h3>\n<p><span style=\"font-family: 'Book Antiqua', Palatino; font-size: 120%; color: #333399;\">Por \"electricidad sucia\" se entiende la superposici\u00f3n de frecuencias de interferencia de alta frecuencia en la red el\u00e9ctrica de baja frecuencia de 50 Hz. Proceden principalmente de :<\/span><\/p>\n<ul>\n<li><span style=\"font-family: 'Book Antiqua', Palatino; font-size: 120%; color: #333399;\">bombillas fluorescentes compactas, luces de ne\u00f3n<\/span><\/li>\n<li><span style=\"font-family: 'Book Antiqua', Palatino; font-size: 120%; color: #333399;\">inversores de paneles fotovoltaicos<\/span><\/li>\n<li><span style=\"font-family: 'Book Antiqua', Palatino; font-size: 120%; color: #333399;\">ciertos atenuadores<\/span><\/li>\n<li><span style=\"font-family: 'Book Antiqua', Palatino; font-size: 120%; color: #333399;\">ordenadores y transformadores inform\u00e1ticos<\/span><\/li>\n<li><span style=\"font-family: 'Book Antiqua', Palatino; font-size: 120%; color: #333399;\">fotocopiadoras<\/span><\/li>\n<li><span style=\"font-family: 'Book Antiqua', Palatino; font-size: 120%; color: #333399;\">PLC (Power Line Communication), incluida la de Linky<\/span><\/li>\n<li><span style=\"font-family: 'Book Antiqua', Palatino; font-size: 120%; color: #333399;\">motores el\u00e9ctricos de velocidad variable<\/span><\/li>\n<li><span style=\"font-family: 'Book Antiqua', Palatino; font-size: 120%; color: #333399;\">transformadores el\u00e9ctricos<\/span><\/li>\n<\/ul>\n<p><span style=\"font-family: 'Book Antiqua', Palatino; font-size: 120%; color: #333399;\">Los efectos sobre la salud pueden ser los siguientes: palpitaciones, insomnio, migra\u00f1as y dolores de cabeza, ac\u00fafenos, mareos, problemas de concentraci\u00f3n, irritabilidad, ansiedad, n\u00e1useas, sensaci\u00f3n de hormigueo o quemaz\u00f3n, dolores articulares y musculares, etc.\u00a0<\/span><\/p>\n<p><span style=\"font-family: 'Book Antiqua', Palatino; font-size: 120%; color: #333399;\">Las personas electrohipersensibles suelen combinar varios de estos s\u00edntomas.<\/span><\/p>\n<h3><span style=\"font-family: 'Book Antiqua', Palatino; font-size: 120%; color: #333399;\">C\u00f3mo funciona el filtro Panda POLIER<\/span><\/h3>\n<p><span style=\"font-family: 'Book Antiqua', Palatino; font-size: 120%; color: #333399;\">El filtro Panda POLIER reduce la electricidad sucia presente en su red al tiempo que aten\u00faa los ruidos de alta frecuencia cerca de sus cables y aparatos el\u00e9ctricos. Reducir las interferencias conducidas significa evitar que estas frecuencias par\u00e1sitas se irradien a tu alrededor, en todos los cables de tu casa.\u00a0\u00a0<\/span><\/p>\n<p><span style=\"font-family: 'Book Antiqua', Palatino; font-size: 120%; color: #333399;\">El filtro Panda se conecta a una toma de 16 A, lo m\u00e1s cerca posible de la fuente o fuentes de electricidad sucia (para evitar que se propague por la red), y reduce el nivel de electricidad sucia en todo el circuito al que est\u00e1 conectado.\u00a0<\/span><br \/>\n<span style=\"font-family: 'Book Antiqua', Palatino; font-size: 120%; color: #333399;\">Para la electricidad sucia procedente del exterior (paneles fotovoltaicos o transformadores), el filtro Panda debe colocarse lo m\u00e1s cerca posible del cuadro el\u00e9ctrico.<\/span><\/p>\n<p><span style=\"font-family: 'Book Antiqua', Palatino; font-size: 120%; color: #333399;\">En funci\u00f3n del tama\u00f1o de su vivienda, recomendamos la instalaci\u00f3n de\u00a0<strong>De 2 a 5 filtros<\/strong>\u00a0:<\/span><\/p>\n<ul>\n<li><span style=\"font-family: 'Book Antiqua', Palatino; font-size: 120%; color: #333399;\">uno cerca del cuadro el\u00e9ctrico principal para protegerle del PLC Linky y\/o de los transformadores el\u00e9ctricos externos,\u00a0<\/span><\/li>\n<li><span style=\"font-family: 'Book Antiqua', Palatino; font-size: 120%; color: #333399;\">uno cerca de su ordenador<\/span><\/li>\n<li><span style=\"font-family: 'Book Antiqua', Palatino; font-size: 120%; color: #333399;\">uno en la cocina<\/span><\/li>\n<li><span style=\"font-family: 'Book Antiqua', Palatino; font-size: 120%; color: #333399;\">una cerca de cualquier equipo perturbador<\/span><\/li>\n<\/ul>\n<p><span style=\"font-family: 'Book Antiqua', Palatino; font-size: 120%; color: #333399;\">Le recomendamos que conecte estos filtros a tomas con toma de tierra para aprovechar el apantallamiento incorporado.<\/span><\/p>\n<p><span style=\"font-family: 'Book Antiqua', Palatino; font-size: 120%; color: #333399;\">Instalar varios filtros aumenta su eficacia y vida \u00fatil.<\/span><\/p>\n<h3><span style=\"font-family: 'Book Antiqua', Palatino; font-size: 120%; color: #333399;\">Especificaciones t\u00e9cnicas<\/span><\/h3>\n<ul>\n<li><span style=\"font-family: 'Book Antiqua', Palatino; font-size: 120%; color: #333399;\">Eficaz en la banda de frecuencias de 10 kHz a 1 MHz<\/span><\/li>\n<li><span style=\"font-family: 'Book Antiqua', Palatino; font-size: 120%; color: #333399;\">Condensador AC de 15 \u00b5F (AC = corriente alterna)<\/span><\/li>\n<li><span style=\"font-family: 'Book Antiqua', Palatino; font-size: 120%; color: #333399;\">Tensi\u00f3n nominal de funcionamiento del filtro: 230 V CA<\/span><\/li>\n<li><span style=\"font-family: 'Book Antiqua', Palatino; font-size: 120%; color: #333399;\">Resistencia de descarga integrada en el condensador<\/span><\/li>\n<li><span style=\"font-family: 'Book Antiqua', Palatino; font-size: 120%; color: #333399;\">Fusible interno<\/span><\/li>\n<li><span style=\"font-family: 'Book Antiqua', Palatino; font-size: 120%; color: #333399;\">Pantalla electromagn\u00e9tica en el condensador, que debe conectarse al terminal de tierra<\/span><\/li>\n<li><span style=\"font-family: 'Book Antiqua', Palatino; font-size: 120%; color: #333399;\">Conectores 2P+T para tomas francesas; toma schuko seg\u00fan norma europea<\/span><\/li>\n<li><span style=\"font-family: 'Book Antiqua', Palatino; font-size: 120%; color: #333399;\">Homologado seg\u00fan las normas de seguridad europeas<\/span><\/li>\n<li><span style=\"font-family: 'Book Antiqua', Palatino; font-size: 120%; color: #333399;\">Dimensiones: 110 x 65 x 95 mm<\/span><\/li>\n<li><span style=\"font-family: 'Book Antiqua', Palatino; font-size: 120%; color: #333399;\">Peso: 260 g<\/span><\/li>\n<\/ul>\n<p><span style=\"font-family: 'Book Antiqua', Palatino; font-size: 120%; color: #333399;\">Fabricado en Francia por Polier<\/span><\/p>\n<p><span style=\"font-family: 'Book Antiqua', Palatino; font-size: 120%; color: #333399;\">Garant\u00eda: 3 a\u00f1os<\/span><\/p>\n<h3><span style=\"font-family: 'Book Antiqua', Palatino; font-size: 120%; color: #333399;\">Consejo de Agara\u00a0<\/span><\/h3>\n<p><span style=\"font-family: 'Book Antiqua', Palatino; font-size: 120%; color: #333399;\">El filtro POLIER Panda protege contra la electricidad sucia, pero no influye en los campos el\u00e9ctricos de 50 Hz de su instalaci\u00f3n el\u00e9ctrica (cables en las paredes) ni en los aparatos el\u00e9ctricos conectados.<\/span><br \/>\n<span style=\"font-family: 'Book Antiqua', Palatino; font-size: 120%; color: #ed1c24;\">Para reducir al m\u00e1ximo la exposici\u00f3n, es importante protegerse tambi\u00e9n de estos campos el\u00e9ctricos instalando protecciones adecuadas (regletas, cables y alargadores blindados, iluminaci\u00f3n blindada, interruptores autom\u00e1ticos de campo, etc.).<\/span><\/p>","protected":false},"excerpt":{"rendered":"<p><span style=\"font-family: 'Book Antiqua', Palatino; font-size: 120%; color: #333399;\">El filtro PANDA15x2 de Polier filtra la electricidad sucia en la banda de frecuencias de 10 kHz a 1 MHz (l\u00e1mparas de flujo compacto, transformadores de ordenador, luces de ne\u00f3n, etc.), as\u00ed como el PLC Linky que circula por su red el\u00e9ctrica.\u00a0<\/span><\/p>\n<p><span style=\"font-family: 'Book Antiqua', Palatino; font-size: 120%; color: #333399;\">Este nuevo modelo incorpora un nuevo condensador de clase X2 de 15 \u00b5F. Ahora est\u00e1 fabricado con pl\u00e1stico reciclado, lo que reduce su huella de carbono.<\/span><\/p>","protected":false},"featured_media":2140,"comment_status":"open","ping_status":"closed","template":"","meta":[],"product_brand":[],"product_cat":[164],"product_tag":[248,246,247,251,245],"class_list":{"0":"post-2139","1":"product","2":"type-product","3":"status-publish","4":"has-post-thumbnail","6":"product_cat-baubiologie","7":"product_tag-baubiologie","8":"product_tag-bureau","9":"product_tag-chambre","10":"product_tag-electricite","11":"product_tag-maison","13":"first","14":"instock","15":"taxable","16":"shipping-taxable","17":"purchasable","18":"product-type-simple"},"yoast_head":"<!-- This site is optimized with the Yoast SEO Premium plugin v25.1 (Yoast SEO v27.4) - https:\/\/yoast.com\/product\/yoast-seo-premium-wordpress\/ -->\n<title>Filtre Polier PANDA15X2 \u00e9lectricit\u00e9 sale et CPL Linky | Agara<\/title>\n<meta name=\"description\" content=\"Le filtre PANDA15x2 de Polier permet de filtrer l&#039;\u00e9lectricit\u00e9 sale dans la bande de fr\u00e9quences 10 kHz \u00e0 1 MHz (lampes flux compactes, transformateurs d&#039;ordinateurs, n\u00e9ons, ...) ainsi que le CPL du Linky circulant sur votre r\u00e9seau \u00e9lectrique.\u00a0Ce nouveau mod\u00e8le est muni d&#039;un nouveau condensateur de classe X2 15 \u00b5F. Il est d\u00e9sormais fabriqu\u00e9 \u00e0 partir de plastique recycl\u00e9, ce qui permet de r\u00e9duire son empreinte carbone.\" \/>\n<meta name=\"robots\" content=\"index, follow, max-snippet:-1, max-image-preview:large, max-video-preview:-1\" \/>\n<link rel=\"canonical\" href=\"https:\/\/369agara.com\/es\/producto\/filtre-polier-panda\/\" \/>\n<meta property=\"og:locale\" content=\"es_ES\" \/>\n<meta property=\"og:type\" content=\"article\" \/>\n<meta property=\"og:title\" content=\"Filtre Polier PANDA15X2 \u00e9lectricit\u00e9 sale et CPL Linky\" \/>\n<meta property=\"og:description\" content=\"Le filtre PANDA15x2 de Polier permet de filtrer l&#039;\u00e9lectricit\u00e9 sale dans la bande de fr\u00e9quences 10 kHz \u00e0 1 MHz (lampes flux compactes, transformateurs d&#039;ordinateurs, n\u00e9ons, ...) ainsi que le CPL du Linky circulant sur votre r\u00e9seau \u00e9lectrique.\u00a0Ce nouveau mod\u00e8le est muni d&#039;un nouveau condensateur de classe X2 15 \u00b5F. Il est d\u00e9sormais fabriqu\u00e9 \u00e0 partir de plastique recycl\u00e9, ce qui permet de r\u00e9duire son empreinte carbone.\" \/>\n<meta property=\"og:url\" content=\"https:\/\/369agara.com\/es\/producto\/filtre-polier-panda\/\" \/>\n<meta property=\"og:site_name\" content=\"Agara\" \/>\n<meta property=\"article:modified_time\" content=\"2025-05-11T10:27:08+00:00\" \/>\n<meta property=\"og:image\" content=\"https:\/\/369agara.com\/wp-content\/uploads\/2023\/09\/filtre-polier-panda-electricite-sale-et-cpl-linky.jpg\" \/>\n\t<meta property=\"og:image:width\" content=\"800\" \/>\n\t<meta property=\"og:image:height\" content=\"800\" \/>\n\t<meta property=\"og:image:type\" content=\"image\/jpeg\" \/>\n<meta name=\"twitter:card\" content=\"summary_large_image\" \/>\n<meta name=\"twitter:label1\" content=\"Tiempo de lectura\" \/>\n\t<meta name=\"twitter:data1\" content=\"4 minutos\" \/>\n<script type=\"application\/ld+json\" class=\"yoast-schema-graph\">{\"@context\":\"https:\\\/\\\/schema.org\",\"@graph\":[{\"@type\":\"WebPage\",\"@id\":\"https:\\\/\\\/369agara.com\\\/produit\\\/filtre-polier-panda\\\/\",\"url\":\"https:\\\/\\\/369agara.com\\\/produit\\\/filtre-polier-panda\\\/\",\"name\":\"Filtre Polier PANDA15X2 \u00e9lectricit\u00e9 sale et CPL Linky | Agara\",\"isPartOf\":{\"@id\":\"https:\\\/\\\/369agara.com\\\/#website\"},\"primaryImageOfPage\":{\"@id\":\"https:\\\/\\\/369agara.com\\\/produit\\\/filtre-polier-panda\\\/#primaryimage\"},\"image\":{\"@id\":\"https:\\\/\\\/369agara.com\\\/produit\\\/filtre-polier-panda\\\/#primaryimage\"},\"thumbnailUrl\":\"https:\\\/\\\/369agara.com\\\/wp-content\\\/uploads\\\/2023\\\/09\\\/filtre-polier-panda-electricite-sale-et-cpl-linky.jpg\",\"datePublished\":\"2023-09-25T15:52:00+00:00\",\"dateModified\":\"2025-05-11T10:27:08+00:00\",\"description\":\"Le filtre PANDA15x2 de Polier permet de filtrer l'\u00e9lectricit\u00e9 sale dans la bande de fr\u00e9quences 10 kHz \u00e0 1 MHz (lampes flux compactes, transformateurs d'ordinateurs, n\u00e9ons, ...) ainsi que le CPL du Linky circulant sur votre r\u00e9seau \u00e9lectrique.\u00a0Ce nouveau mod\u00e8le est muni d'un nouveau condensateur de classe X2 15 \u00b5F. Il est d\u00e9sormais fabriqu\u00e9 \u00e0 partir de plastique recycl\u00e9, ce qui permet de r\u00e9duire son empreinte carbone.\",\"breadcrumb\":{\"@id\":\"https:\\\/\\\/369agara.com\\\/produit\\\/filtre-polier-panda\\\/#breadcrumb\"},\"inLanguage\":\"es\",\"potentialAction\":[{\"@type\":\"ReadAction\",\"target\":[\"https:\\\/\\\/369agara.com\\\/produit\\\/filtre-polier-panda\\\/\"]}]},{\"@type\":\"ImageObject\",\"inLanguage\":\"es\",\"@id\":\"https:\\\/\\\/369agara.com\\\/produit\\\/filtre-polier-panda\\\/#primaryimage\",\"url\":\"https:\\\/\\\/369agara.com\\\/wp-content\\\/uploads\\\/2023\\\/09\\\/filtre-polier-panda-electricite-sale-et-cpl-linky.jpg\",\"contentUrl\":\"https:\\\/\\\/369agara.com\\\/wp-content\\\/uploads\\\/2023\\\/09\\\/filtre-polier-panda-electricite-sale-et-cpl-linky.jpg\",\"width\":800,\"height\":800},{\"@type\":\"BreadcrumbList\",\"@id\":\"https:\\\/\\\/369agara.com\\\/produit\\\/filtre-polier-panda\\\/#breadcrumb\",\"itemListElement\":[{\"@type\":\"ListItem\",\"position\":1,\"name\":\"Accueil\",\"item\":\"https:\\\/\\\/369agara.com\\\/\"},{\"@type\":\"ListItem\",\"position\":2,\"name\":\"La boutique\",\"item\":\"https:\\\/\\\/369agara.com\\\/la-boutique\\\/\"},{\"@type\":\"ListItem\",\"position\":3,\"name\":\"Filtre Polier PANDA15X2 \u00e9lectricit\u00e9 sale et CPL Linky\"}]},{\"@type\":\"WebSite\",\"@id\":\"https:\\\/\\\/369agara.com\\\/#website\",\"url\":\"https:\\\/\\\/369agara.com\\\/\",\"name\":\"Livsrikedomar\",\"description\":\"D\u00e9connectez pour mieux vous connecter\",\"publisher\":{\"@id\":\"https:\\\/\\\/369agara.com\\\/#organization\"},\"potentialAction\":[{\"@type\":\"SearchAction\",\"target\":{\"@type\":\"EntryPoint\",\"urlTemplate\":\"https:\\\/\\\/369agara.com\\\/?s={search_term_string}\"},\"query-input\":{\"@type\":\"PropertyValueSpecification\",\"valueRequired\":true,\"valueName\":\"search_term_string\"}}],\"inLanguage\":\"es\"},{\"@type\":\"Organization\",\"@id\":\"https:\\\/\\\/369agara.com\\\/#organization\",\"name\":\"EACreations\",\"url\":\"https:\\\/\\\/369agara.com\\\/\",\"logo\":{\"@type\":\"ImageObject\",\"inLanguage\":\"es\",\"@id\":\"https:\\\/\\\/369agara.com\\\/#\\\/schema\\\/logo\\\/image\\\/\",\"url\":\"\",\"contentUrl\":\"\",\"caption\":\"EACreations\"},\"image\":{\"@id\":\"https:\\\/\\\/369agara.com\\\/#\\\/schema\\\/logo\\\/image\\\/\"}}]}<\/script>\n<!-- \/ Yoast SEO Premium plugin. -->","yoast_head_json":{"title":"Filtre Polier PANDA15X2 \u00e9lectricit\u00e9 sale et CPL Linky | Agara","description":"Le filtre PANDA15x2 de Polier permet de filtrer l'\u00e9lectricit\u00e9 sale dans la bande de fr\u00e9quences 10 kHz \u00e0 1 MHz (lampes flux compactes, transformateurs d'ordinateurs, n\u00e9ons, ...) ainsi que le CPL du Linky circulant sur votre r\u00e9seau \u00e9lectrique.\u00a0Ce nouveau mod\u00e8le est muni d'un nouveau condensateur de classe X2 15 \u00b5F. Il est d\u00e9sormais fabriqu\u00e9 \u00e0 partir de plastique recycl\u00e9, ce qui permet de r\u00e9duire son empreinte carbone.","robots":{"index":"index","follow":"follow","max-snippet":"max-snippet:-1","max-image-preview":"max-image-preview:large","max-video-preview":"max-video-preview:-1"},"canonical":"https:\/\/369agara.com\/es\/producto\/filtre-polier-panda\/","og_locale":"es_ES","og_type":"article","og_title":"Filtre Polier PANDA15X2 \u00e9lectricit\u00e9 sale et CPL Linky","og_description":"Le filtre PANDA15x2 de Polier permet de filtrer l'\u00e9lectricit\u00e9 sale dans la bande de fr\u00e9quences 10 kHz \u00e0 1 MHz (lampes flux compactes, transformateurs d'ordinateurs, n\u00e9ons, ...) ainsi que le CPL du Linky circulant sur votre r\u00e9seau \u00e9lectrique.\u00a0Ce nouveau mod\u00e8le est muni d'un nouveau condensateur de classe X2 15 \u00b5F. Il est d\u00e9sormais fabriqu\u00e9 \u00e0 partir de plastique recycl\u00e9, ce qui permet de r\u00e9duire son empreinte carbone.","og_url":"https:\/\/369agara.com\/es\/producto\/filtre-polier-panda\/","og_site_name":"Agara","article_modified_time":"2025-05-11T10:27:08+00:00","og_image":[{"width":800,"height":800,"url":"https:\/\/369agara.com\/wp-content\/uploads\/2023\/09\/filtre-polier-panda-electricite-sale-et-cpl-linky.jpg","type":"image\/jpeg"}],"twitter_card":"summary_large_image","twitter_misc":{"Tiempo de lectura":"4 minutos"},"schema":{"@context":"https:\/\/schema.org","@graph":[{"@type":"WebPage","@id":"https:\/\/369agara.com\/produit\/filtre-polier-panda\/","url":"https:\/\/369agara.com\/produit\/filtre-polier-panda\/","name":"Filtre Polier PANDA15X2 \u00e9lectricit\u00e9 sale et CPL Linky | Agara","isPartOf":{"@id":"https:\/\/369agara.com\/#website"},"primaryImageOfPage":{"@id":"https:\/\/369agara.com\/produit\/filtre-polier-panda\/#primaryimage"},"image":{"@id":"https:\/\/369agara.com\/produit\/filtre-polier-panda\/#primaryimage"},"thumbnailUrl":"https:\/\/369agara.com\/wp-content\/uploads\/2023\/09\/filtre-polier-panda-electricite-sale-et-cpl-linky.jpg","datePublished":"2023-09-25T15:52:00+00:00","dateModified":"2025-05-11T10:27:08+00:00","description":"Le filtre PANDA15x2 de Polier permet de filtrer l'\u00e9lectricit\u00e9 sale dans la bande de fr\u00e9quences 10 kHz \u00e0 1 MHz (lampes flux compactes, transformateurs d'ordinateurs, n\u00e9ons, ...) ainsi que le CPL du Linky circulant sur votre r\u00e9seau \u00e9lectrique.\u00a0Ce nouveau mod\u00e8le est muni d'un nouveau condensateur de classe X2 15 \u00b5F. Il est d\u00e9sormais fabriqu\u00e9 \u00e0 partir de plastique recycl\u00e9, ce qui permet de r\u00e9duire son empreinte carbone.","breadcrumb":{"@id":"https:\/\/369agara.com\/produit\/filtre-polier-panda\/#breadcrumb"},"inLanguage":"es","potentialAction":[{"@type":"ReadAction","target":["https:\/\/369agara.com\/produit\/filtre-polier-panda\/"]}]},{"@type":"ImageObject","inLanguage":"es","@id":"https:\/\/369agara.com\/produit\/filtre-polier-panda\/#primaryimage","url":"https:\/\/369agara.com\/wp-content\/uploads\/2023\/09\/filtre-polier-panda-electricite-sale-et-cpl-linky.jpg","contentUrl":"https:\/\/369agara.com\/wp-content\/uploads\/2023\/09\/filtre-polier-panda-electricite-sale-et-cpl-linky.jpg","width":800,"height":800},{"@type":"BreadcrumbList","@id":"https:\/\/369agara.com\/produit\/filtre-polier-panda\/#breadcrumb","itemListElement":[{"@type":"ListItem","position":1,"name":"Accueil","item":"https:\/\/369agara.com\/"},{"@type":"ListItem","position":2,"name":"La boutique","item":"https:\/\/369agara.com\/la-boutique\/"},{"@type":"ListItem","position":3,"name":"Filtre Polier PANDA15X2 \u00e9lectricit\u00e9 sale et CPL Linky"}]},{"@type":"WebSite","@id":"https:\/\/369agara.com\/#website","url":"https:\/\/369agara.com\/","name":"Livsrikedomar","description":"Desconectar para conectar mejor","publisher":{"@id":"https:\/\/369agara.com\/#organization"},"potentialAction":[{"@type":"SearchAction","target":{"@type":"EntryPoint","urlTemplate":"https:\/\/369agara.com\/?s={search_term_string}"},"query-input":{"@type":"PropertyValueSpecification","valueRequired":true,"valueName":"search_term_string"}}],"inLanguage":"es"},{"@type":"Organization","@id":"https:\/\/369agara.com\/#organization","name":"EACreations","url":"https:\/\/369agara.com\/","logo":{"@type":"ImageObject","inLanguage":"es","@id":"https:\/\/369agara.com\/#\/schema\/logo\/image\/","url":"","contentUrl":"","caption":"EACreations"},"image":{"@id":"https:\/\/369agara.com\/#\/schema\/logo\/image\/"}}]}},"jetpack_sharing_enabled":true,"_links":{"self":[{"href":"https:\/\/369agara.com\/es\/wp-json\/wp\/v2\/product\/2139","targetHints":{"allow":["GET"]}}],"collection":[{"href":"https:\/\/369agara.com\/es\/wp-json\/wp\/v2\/product"}],"about":[{"href":"https:\/\/369agara.com\/es\/wp-json\/wp\/v2\/types\/product"}],"replies":[{"embeddable":true,"href":"https:\/\/369agara.com\/es\/wp-json\/wp\/v2\/comments?post=2139"}],"wp:featuredmedia":[{"embeddable":true,"href":"https:\/\/369agara.com\/es\/wp-json\/wp\/v2\/media\/2140"}],"wp:attachment":[{"href":"https:\/\/369agara.com\/es\/wp-json\/wp\/v2\/media?parent=2139"}],"wp:term":[{"taxonomy":"product_brand","embeddable":true,"href":"https:\/\/369agara.com\/es\/wp-json\/wp\/v2\/product_brand?post=2139"},{"taxonomy":"product_cat","embeddable":true,"href":"https:\/\/369agara.com\/es\/wp-json\/wp\/v2\/product_cat?post=2139"},{"taxonomy":"product_tag","embeddable":true,"href":"https:\/\/369agara.com\/es\/wp-json\/wp\/v2\/product_tag?post=2139"}],"curies":[{"name":"wp","href":"https:\/\/api.w.org\/{rel}","templated":true}]}}