{"id":2148,"date":"2023-09-25T18:33:59","date_gmt":"2023-09-25T16:33:59","guid":{"rendered":"https:\/\/369agara.com\/?post_type=product&#038;p=2148"},"modified":"2025-05-13T12:06:11","modified_gmt":"2025-05-13T10:06:11","slug":"cordon-droit-earthing","status":"publish","type":"product","link":"https:\/\/369agara.com\/es\/producto\/cordon-droit-earthing\/","title":{"rendered":"Cable recto de tierra"},"content":{"rendered":"<p><span style=\"font-family: 'Book Antiqua', Palatino; font-size: 120%; color: #333399;\">Este cable de toma de tierra recto mide 4,60 metros.<\/span><\/p>\n<p><span style=\"font-family: 'Book Antiqua', Palatino; font-size: 120%; color: #333399;\">Es ideal para poner a tierra alfombras, s\u00e1banas y mantas.<\/span><\/p>\n<p><span style=\"font-family: 'Book Antiqua', Palatino; font-size: 120%; color: #333399;\">Se utiliza con un <a href=\"https:\/\/369agara.com\/produit\/fiche-connexion-earthing\/\">clavija de conexi\u00f3n a tierra<\/a> (se adquiere por separado).<\/span><\/p>","protected":false},"excerpt":{"rendered":"<p><span style=\"font-family: 'Book Antiqua', Palatino; font-size: 120%; color: #333399;\">Este cable de toma de tierra recto mide 4,60 metros.\u00a0<\/span><\/p>\n<p><span style=\"font-family: 'Book Antiqua', Palatino; font-size: 120%; color: #333399;\">Es ideal para poner a tierra alfombras, s\u00e1banas y mantas.<\/span><\/p>","protected":false},"featured_media":2149,"comment_status":"open","ping_status":"closed","template":"","meta":[],"product_brand":[267],"product_cat":[164],"product_tag":[248,246,247,249,245,184],"class_list":{"0":"post-2148","1":"product","2":"type-product","3":"status-publish","4":"has-post-thumbnail","6":"product_brand-earthing","7":"product_cat-baubiologie","8":"product_tag-baubiologie","9":"product_tag-bureau","10":"product_tag-chambre","11":"product_tag-electromagnetisme","12":"product_tag-maison","13":"product_tag-yoga","15":"first","16":"instock","17":"taxable","18":"shipping-taxable","19":"purchasable","20":"product-type-simple"},"yoast_head":"<!-- This site is optimized with the Yoast SEO Premium plugin v25.1 (Yoast SEO v27.4) - https:\/\/yoast.com\/product\/yoast-seo-premium-wordpress\/ -->\n<title>Cordon droit de mise \u00e0 la terre Earthing | Agara<\/title>\n<meta name=\"description\" content=\"Ce cordon droit de mise \u00e0 la terre earthing mesure 4.60 m\u00e8tres. Il est id\u00e9al pour la mise \u00e0 la terre des tapis, draps, plaids de earthing. Il s&#039;utilise avec une fiche de connexion \u00e0 la terre (\u00e0 acheter s\u00e9par\u00e9ment).\" \/>\n<meta name=\"robots\" content=\"index, follow, max-snippet:-1, max-image-preview:large, max-video-preview:-1\" \/>\n<link rel=\"canonical\" href=\"https:\/\/369agara.com\/es\/producto\/cordon-droit-earthing\/\" \/>\n<meta property=\"og:locale\" content=\"es_ES\" \/>\n<meta property=\"og:type\" content=\"article\" \/>\n<meta property=\"og:title\" content=\"Cordon droit de mise \u00e0 la terre Earthing\" \/>\n<meta property=\"og:description\" content=\"Ce cordon droit de mise \u00e0 la terre earthing mesure 4.60 m\u00e8tres. Il est id\u00e9al pour la mise \u00e0 la terre des tapis, draps, plaids de earthing. Il s&#039;utilise avec une fiche de connexion \u00e0 la terre (\u00e0 acheter s\u00e9par\u00e9ment).\" \/>\n<meta property=\"og:url\" content=\"https:\/\/369agara.com\/es\/producto\/cordon-droit-earthing\/\" \/>\n<meta property=\"og:site_name\" content=\"Agara\" \/>\n<meta property=\"article:modified_time\" content=\"2025-05-13T10:06:11+00:00\" \/>\n<meta property=\"og:image\" content=\"https:\/\/369agara.com\/wp-content\/uploads\/2023\/09\/cordon-droit-de-mise-a-la-terre-earthing.jpg\" \/>\n\t<meta property=\"og:image:width\" content=\"800\" \/>\n\t<meta property=\"og:image:height\" content=\"800\" \/>\n\t<meta property=\"og:image:type\" content=\"image\/jpeg\" \/>\n<meta name=\"twitter:card\" content=\"summary_large_image\" \/>\n<meta name=\"twitter:label1\" content=\"Tiempo de lectura\" \/>\n\t<meta name=\"twitter:data1\" content=\"1 minuto\" \/>\n<script type=\"application\/ld+json\" class=\"yoast-schema-graph\">{\"@context\":\"https:\\\/\\\/schema.org\",\"@graph\":[{\"@type\":\"WebPage\",\"@id\":\"https:\\\/\\\/369agara.com\\\/produit\\\/cordon-droit-earthing\\\/\",\"url\":\"https:\\\/\\\/369agara.com\\\/produit\\\/cordon-droit-earthing\\\/\",\"name\":\"Cordon droit de mise \u00e0 la terre Earthing | Agara\",\"isPartOf\":{\"@id\":\"https:\\\/\\\/369agara.com\\\/#website\"},\"primaryImageOfPage\":{\"@id\":\"https:\\\/\\\/369agara.com\\\/produit\\\/cordon-droit-earthing\\\/#primaryimage\"},\"image\":{\"@id\":\"https:\\\/\\\/369agara.com\\\/produit\\\/cordon-droit-earthing\\\/#primaryimage\"},\"thumbnailUrl\":\"https:\\\/\\\/369agara.com\\\/wp-content\\\/uploads\\\/2023\\\/09\\\/cordon-droit-de-mise-a-la-terre-earthing.jpg\",\"datePublished\":\"2023-09-25T16:33:59+00:00\",\"dateModified\":\"2025-05-13T10:06:11+00:00\",\"description\":\"Ce cordon droit de mise \u00e0 la terre earthing mesure 4.60 m\u00e8tres. Il est id\u00e9al pour la mise \u00e0 la terre des tapis, draps, plaids de earthing. Il s'utilise avec une fiche de connexion \u00e0 la terre (\u00e0 acheter s\u00e9par\u00e9ment).\",\"breadcrumb\":{\"@id\":\"https:\\\/\\\/369agara.com\\\/produit\\\/cordon-droit-earthing\\\/#breadcrumb\"},\"inLanguage\":\"es\",\"potentialAction\":[{\"@type\":\"ReadAction\",\"target\":[\"https:\\\/\\\/369agara.com\\\/produit\\\/cordon-droit-earthing\\\/\"]}]},{\"@type\":\"ImageObject\",\"inLanguage\":\"es\",\"@id\":\"https:\\\/\\\/369agara.com\\\/produit\\\/cordon-droit-earthing\\\/#primaryimage\",\"url\":\"https:\\\/\\\/369agara.com\\\/wp-content\\\/uploads\\\/2023\\\/09\\\/cordon-droit-de-mise-a-la-terre-earthing.jpg\",\"contentUrl\":\"https:\\\/\\\/369agara.com\\\/wp-content\\\/uploads\\\/2023\\\/09\\\/cordon-droit-de-mise-a-la-terre-earthing.jpg\",\"width\":800,\"height\":800},{\"@type\":\"BreadcrumbList\",\"@id\":\"https:\\\/\\\/369agara.com\\\/produit\\\/cordon-droit-earthing\\\/#breadcrumb\",\"itemListElement\":[{\"@type\":\"ListItem\",\"position\":1,\"name\":\"Accueil\",\"item\":\"https:\\\/\\\/369agara.com\\\/\"},{\"@type\":\"ListItem\",\"position\":2,\"name\":\"La boutique\",\"item\":\"https:\\\/\\\/369agara.com\\\/la-boutique\\\/\"},{\"@type\":\"ListItem\",\"position\":3,\"name\":\"Cordon droit de mise \u00e0 la terre Earthing\"}]},{\"@type\":\"WebSite\",\"@id\":\"https:\\\/\\\/369agara.com\\\/#website\",\"url\":\"https:\\\/\\\/369agara.com\\\/\",\"name\":\"Livsrikedomar\",\"description\":\"D\u00e9connectez pour mieux vous connecter\",\"publisher\":{\"@id\":\"https:\\\/\\\/369agara.com\\\/#organization\"},\"potentialAction\":[{\"@type\":\"SearchAction\",\"target\":{\"@type\":\"EntryPoint\",\"urlTemplate\":\"https:\\\/\\\/369agara.com\\\/?s={search_term_string}\"},\"query-input\":{\"@type\":\"PropertyValueSpecification\",\"valueRequired\":true,\"valueName\":\"search_term_string\"}}],\"inLanguage\":\"es\"},{\"@type\":\"Organization\",\"@id\":\"https:\\\/\\\/369agara.com\\\/#organization\",\"name\":\"EACreations\",\"url\":\"https:\\\/\\\/369agara.com\\\/\",\"logo\":{\"@type\":\"ImageObject\",\"inLanguage\":\"es\",\"@id\":\"https:\\\/\\\/369agara.com\\\/#\\\/schema\\\/logo\\\/image\\\/\",\"url\":\"\",\"contentUrl\":\"\",\"caption\":\"EACreations\"},\"image\":{\"@id\":\"https:\\\/\\\/369agara.com\\\/#\\\/schema\\\/logo\\\/image\\\/\"}}]}<\/script>\n<!-- \/ Yoast SEO Premium plugin. -->","yoast_head_json":{"title":"Cordon droit de mise \u00e0 la terre Earthing | Agara","description":"Ce cordon droit de mise \u00e0 la terre earthing mesure 4.60 m\u00e8tres. Il est id\u00e9al pour la mise \u00e0 la terre des tapis, draps, plaids de earthing. Il s'utilise avec une fiche de connexion \u00e0 la terre (\u00e0 acheter s\u00e9par\u00e9ment).","robots":{"index":"index","follow":"follow","max-snippet":"max-snippet:-1","max-image-preview":"max-image-preview:large","max-video-preview":"max-video-preview:-1"},"canonical":"https:\/\/369agara.com\/es\/producto\/cordon-droit-earthing\/","og_locale":"es_ES","og_type":"article","og_title":"Cordon droit de mise \u00e0 la terre Earthing","og_description":"Ce cordon droit de mise \u00e0 la terre earthing mesure 4.60 m\u00e8tres. Il est id\u00e9al pour la mise \u00e0 la terre des tapis, draps, plaids de earthing. Il s'utilise avec une fiche de connexion \u00e0 la terre (\u00e0 acheter s\u00e9par\u00e9ment).","og_url":"https:\/\/369agara.com\/es\/producto\/cordon-droit-earthing\/","og_site_name":"Agara","article_modified_time":"2025-05-13T10:06:11+00:00","og_image":[{"width":800,"height":800,"url":"https:\/\/369agara.com\/wp-content\/uploads\/2023\/09\/cordon-droit-de-mise-a-la-terre-earthing.jpg","type":"image\/jpeg"}],"twitter_card":"summary_large_image","twitter_misc":{"Tiempo de lectura":"1 minuto"},"schema":{"@context":"https:\/\/schema.org","@graph":[{"@type":"WebPage","@id":"https:\/\/369agara.com\/produit\/cordon-droit-earthing\/","url":"https:\/\/369agara.com\/produit\/cordon-droit-earthing\/","name":"Cordon droit de mise \u00e0 la terre Earthing | Agara","isPartOf":{"@id":"https:\/\/369agara.com\/#website"},"primaryImageOfPage":{"@id":"https:\/\/369agara.com\/produit\/cordon-droit-earthing\/#primaryimage"},"image":{"@id":"https:\/\/369agara.com\/produit\/cordon-droit-earthing\/#primaryimage"},"thumbnailUrl":"https:\/\/369agara.com\/wp-content\/uploads\/2023\/09\/cordon-droit-de-mise-a-la-terre-earthing.jpg","datePublished":"2023-09-25T16:33:59+00:00","dateModified":"2025-05-13T10:06:11+00:00","description":"Ce cordon droit de mise \u00e0 la terre earthing mesure 4.60 m\u00e8tres. Il est id\u00e9al pour la mise \u00e0 la terre des tapis, draps, plaids de earthing. Il s'utilise avec une fiche de connexion \u00e0 la terre (\u00e0 acheter s\u00e9par\u00e9ment).","breadcrumb":{"@id":"https:\/\/369agara.com\/produit\/cordon-droit-earthing\/#breadcrumb"},"inLanguage":"es","potentialAction":[{"@type":"ReadAction","target":["https:\/\/369agara.com\/produit\/cordon-droit-earthing\/"]}]},{"@type":"ImageObject","inLanguage":"es","@id":"https:\/\/369agara.com\/produit\/cordon-droit-earthing\/#primaryimage","url":"https:\/\/369agara.com\/wp-content\/uploads\/2023\/09\/cordon-droit-de-mise-a-la-terre-earthing.jpg","contentUrl":"https:\/\/369agara.com\/wp-content\/uploads\/2023\/09\/cordon-droit-de-mise-a-la-terre-earthing.jpg","width":800,"height":800},{"@type":"BreadcrumbList","@id":"https:\/\/369agara.com\/produit\/cordon-droit-earthing\/#breadcrumb","itemListElement":[{"@type":"ListItem","position":1,"name":"Accueil","item":"https:\/\/369agara.com\/"},{"@type":"ListItem","position":2,"name":"La boutique","item":"https:\/\/369agara.com\/la-boutique\/"},{"@type":"ListItem","position":3,"name":"Cordon droit de mise \u00e0 la terre Earthing"}]},{"@type":"WebSite","@id":"https:\/\/369agara.com\/#website","url":"https:\/\/369agara.com\/","name":"Livsrikedomar","description":"Desconectar para conectar mejor","publisher":{"@id":"https:\/\/369agara.com\/#organization"},"potentialAction":[{"@type":"SearchAction","target":{"@type":"EntryPoint","urlTemplate":"https:\/\/369agara.com\/?s={search_term_string}"},"query-input":{"@type":"PropertyValueSpecification","valueRequired":true,"valueName":"search_term_string"}}],"inLanguage":"es"},{"@type":"Organization","@id":"https:\/\/369agara.com\/#organization","name":"EACreations","url":"https:\/\/369agara.com\/","logo":{"@type":"ImageObject","inLanguage":"es","@id":"https:\/\/369agara.com\/#\/schema\/logo\/image\/","url":"","contentUrl":"","caption":"EACreations"},"image":{"@id":"https:\/\/369agara.com\/#\/schema\/logo\/image\/"}}]}},"jetpack_sharing_enabled":true,"_links":{"self":[{"href":"https:\/\/369agara.com\/es\/wp-json\/wp\/v2\/product\/2148","targetHints":{"allow":["GET"]}}],"collection":[{"href":"https:\/\/369agara.com\/es\/wp-json\/wp\/v2\/product"}],"about":[{"href":"https:\/\/369agara.com\/es\/wp-json\/wp\/v2\/types\/product"}],"replies":[{"embeddable":true,"href":"https:\/\/369agara.com\/es\/wp-json\/wp\/v2\/comments?post=2148"}],"wp:featuredmedia":[{"embeddable":true,"href":"https:\/\/369agara.com\/es\/wp-json\/wp\/v2\/media\/2149"}],"wp:attachment":[{"href":"https:\/\/369agara.com\/es\/wp-json\/wp\/v2\/media?parent=2148"}],"wp:term":[{"taxonomy":"product_brand","embeddable":true,"href":"https:\/\/369agara.com\/es\/wp-json\/wp\/v2\/product_brand?post=2148"},{"taxonomy":"product_cat","embeddable":true,"href":"https:\/\/369agara.com\/es\/wp-json\/wp\/v2\/product_cat?post=2148"},{"taxonomy":"product_tag","embeddable":true,"href":"https:\/\/369agara.com\/es\/wp-json\/wp\/v2\/product_tag?post=2148"}],"curies":[{"name":"wp","href":"https:\/\/api.w.org\/{rel}","templated":true}]}}