{"id":2152,"date":"2023-09-25T19:06:33","date_gmt":"2023-09-25T17:06:33","guid":{"rendered":"https:\/\/369agara.com\/?post_type=product&#038;p=2152"},"modified":"2025-05-13T11:38:18","modified_gmt":"2025-05-13T09:38:18","slug":"drap-housse-bio-6-tailles","status":"publish","type":"product","link":"https:\/\/369agara.com\/es\/producto\/drap-housse-bio-6-tailles\/","title":{"rendered":"S\u00e1bana bajera Earthing de algod\u00f3n org\u00e1nico | 6 tallas disponibles Earthing"},"content":{"rendered":"<p><span style=\"font-family: 'Book Antiqua', Palatino; font-size: 120%; color: #333399;\">Reconecta tu cuerpo con la energ\u00eda natural de la Tierra mientras duermes gracias al\u00a0<strong>s\u00e1bana bajera de puesta a tierra<\/strong>.<\/span><\/p>\n<p><span style=\"font-family: 'Book Antiqua', Palatino; font-size: 120%; color: #333399;\">Dise\u00f1ado para\u00a0<strong>contacto directo con la piel<\/strong>promueve una\u00a0<strong>sue\u00f1o reparador<\/strong>Alivia el dolor cr\u00f3nico y ayuda a reducir el estr\u00e9s reproduciendo los efectos beneficiosos del contacto directo con la naturaleza.<\/span><\/p>\n<h3><span style=\"font-family: 'Book Antiqua', Palatino; font-size: 120%; color: #333399;\">Los beneficios de Earthing durante el sue\u00f1o<\/span><\/h3>\n<p><span style=\"font-family: 'Book Antiqua', Palatino; font-size: 120%; color: #333399;\">Seg\u00fan Clinton Ober y los autores del libro\u00a0<em>\"Conectar con la Tierra<\/em>dormir conectado a la Tierra ayudar\u00e1 a restaurar\u00a0<strong>el equilibrio el\u00e9ctrico natural del cuerpo<\/strong>\u00a0y eliminan las cargas electrost\u00e1ticas, igual que cuando caminas descalzo por la naturaleza.<\/span><\/p>\n<p><span style=\"font-family: 'Book Antiqua', Palatino; font-size: 120%; color: #333399;\">Los productos Earthing recrean este fen\u00f3meno en la vida cotidiana, de forma sencilla y eficaz. Inspirado en el antiguo principio de caminar descalzo sobre la hierba, Earthing permite..:<\/span><\/p>\n<ul>\n<li><span style=\"font-family: 'Book Antiqua', Palatino; font-size: 120%; color: #333399;\">Reducir la tensi\u00f3n el\u00e9ctrica acumulada en el cuerpo<\/span><\/li>\n<li><span style=\"font-family: 'Book Antiqua', Palatino; font-size: 120%; color: #333399;\">Mejorar la calidad del sue\u00f1o y regular el reloj biol\u00f3gico<\/span><\/li>\n<li><span style=\"font-family: 'Book Antiqua', Palatino; font-size: 120%; color: #333399;\">Alivia la inflamaci\u00f3n, el dolor muscular y los dolores de cabeza<\/span><\/li>\n<li><span style=\"font-family: 'Book Antiqua', Palatino; font-size: 120%; color: #333399;\">Refuerza el sistema inmunitario y la circulaci\u00f3n sangu\u00ednea<\/span><\/li>\n<li><span style=\"font-family: 'Book Antiqua', Palatino; font-size: 120%; color: #333399;\">Reducir el estr\u00e9s, la irritabilidad, la ansiedad y ciertos s\u00edntomas relacionados con la electrosensibilidad<\/span><\/li>\n<\/ul>\n<p><span style=\"font-family: 'Book Antiqua', Palatino; font-size: 120%; color: #333399;\">Las ventajas mencionadas se basan en testimonios y observaciones emp\u00edricas. Esta s\u00e1bana bajera\u00a0<strong>no es un producto sanitario<\/strong>. Si tiene alg\u00fan problema de salud, consulte a un profesional sanitario.<\/span><\/p>\n<h3><span style=\"font-family: 'Book Antiqua', Palatino; font-size: 120%; color: #333399;\">Tecnolog\u00eda discreta y natural<\/span><\/h3>\n<ul>\n<li><span style=\"font-family: 'Book Antiqua', Palatino; font-size: 120%; color: #333399;\"><strong>100 Algod\u00f3n org\u00e1nico %<\/strong>suave y transpirable<\/span><\/li>\n<li><span style=\"font-family: 'Book Antiqua', Palatino; font-size: 120%; color: #333399;\">Entrelazado con\u00a0<strong>fibras conductoras de plata<\/strong>\u00a0(hasta 1000 m de cable en funci\u00f3n del tama\u00f1o)<\/span><\/li>\n<li><span style=\"font-family: 'Book Antiqua', Palatino; font-size: 120%; color: #333399;\"><strong>Color: blanco roto<\/strong>\u00a0natural (sin te\u00f1ir)<\/span><\/li>\n<li><span style=\"font-family: 'Book Antiqua', Palatino; font-size: 120%; color: #333399;\"><strong>Confort \u00f3ptimo<\/strong>\u00a0tacto de algod\u00f3n, sin sensaci\u00f3n met\u00e1lica<\/span><\/li>\n<\/ul>\n<blockquote><p><span style=\"font-family: 'Book Antiqua', Palatino; font-size: 120%; color: #333399;\">Para obtener la m\u00e1xima eficacia, se recomienda dormir en\u00a0<strong>contacto directo con la piel<\/strong>\u00a0(sin pijama o con ropa ligera).<\/span><\/p><\/blockquote>\n<h3><span style=\"font-family: 'Book Antiqua', Palatino; font-size: 120%; color: #333399;\">Tallas disponibles<\/span><\/h3>\n<p><span style=\"font-family: 'Book Antiqua', Palatino; font-size: 120%; color: #333399;\">Esta s\u00e1bana bajera es f\u00e1cil de adaptar gracias a su\u00a0<strong>bordes el\u00e1sticos<\/strong>\u00a0:<\/span><\/p>\n<ul>\n<li><span style=\"font-family: 'Book Antiqua', Palatino; font-size: 120%; color: #333399;\">90 x 200 cm<\/span><\/li>\n<li><span style=\"font-family: 'Book Antiqua', Palatino; font-size: 120%; color: #333399;\">140 x 200 cm<\/span><\/li>\n<li><span style=\"font-family: 'Book Antiqua', Palatino; font-size: 120%; color: #333399;\">150 x 200 cm\u00a0<em>(por encargo)<\/em><\/span><\/li>\n<li><span style=\"font-family: 'Book Antiqua', Palatino; font-size: 120%; color: #333399;\">160 x 200 cm<\/span><\/li>\n<li><span style=\"font-family: 'Book Antiqua', Palatino; font-size: 120%; color: #333399;\">180 x 213 cm\u00a0<em>(por encargo)<\/em><\/span><\/li>\n<li><span style=\"font-family: 'Book Antiqua', Palatino; font-size: 120%; color: #333399;\">200 x 213 cm\u00a0<em>(por encargo)<\/em><\/span><span style=\"font-family: 'Book Antiqua', Palatino; font-size: 120%; color: #333399;\">Tambi\u00e9n apto para\u00a0<strong>colch\u00f3n grueso<\/strong>\u00a0gracias a su contorno amplio y extensible.<\/span><\/li>\n<\/ul>\n<h3><span style=\"font-family: 'Book Antiqua', Palatino; font-size: 120%; color: #333399;\">Instalaci\u00f3n sencilla y segura<\/span><\/h3>\n<ul>\n<li><span style=\"font-family: 'Book Antiqua', Palatino; font-size: 120%; color: #333399;\">Se suministra con un\u00a0<strong>Cable de toma de tierra de 4,60 m<\/strong><\/span><\/li>\n<li><span style=\"font-family: 'Book Antiqua', Palatino; font-size: 120%; color: #333399;\">Se suministra con un\u00a0<strong>clavija de conexi\u00f3n<\/strong>\u00a0compatible con las tomas de corriente de muchos pa\u00edses (Francia, B\u00e9lgica, Alemania, Italia, etc.)<\/span><\/li>\n<li><span style=\"font-family: 'Book Antiqua', Palatino; font-size: 120%; color: #333399;\">A\u00a0<strong>conexi\u00f3n discreta<\/strong>\u00a0est\u00e1 integrado en el borde de la hoja para conectar el cord\u00f3n<\/span><\/li>\n<li><span style=\"font-family: 'Book Antiqua', Palatino; font-size: 120%; color: #333399;\">S\u00f3lo funciona si\u00a0<strong>su enchufe tiene toma de tierra<\/strong><\/span><\/li>\n<\/ul>\n<p><span style=\"font-family: 'Book Antiqua', Palatino; font-size: 120%; color: #333399;\">Si no dispone de un enchufe bien conectado, puede utilizar un <strong>barra de puesta a tierra externa<\/strong>\u00a0si vives en una casa o en la planta baja.<\/span><\/p>\n<h3><span style=\"font-family: 'Book Antiqua', Palatino; font-size: 120%; color: #333399;\">F\u00e1cil mantenimiento<\/span><\/h3>\n<ul>\n<li><span style=\"font-family: 'Book Antiqua', Palatino; font-size: 120%; color: #333399;\">Se puede lavar a m\u00e1quina a 30\u00b0C con una\u00a0<strong>detergente suave sin agentes blanqueadores<\/strong><\/span><\/li>\n<li><span style=\"font-family: 'Book Antiqua', Palatino; font-size: 120%; color: #333399;\">No utilizar lej\u00eda ni productos agresivos (riesgo de da\u00f1ar las fibras conductoras)<\/span><\/li>\n<li><span style=\"font-family: 'Book Antiqua', Palatino; font-size: 120%; color: #333399;\">Se recomienda secar al aire<\/span><\/li>\n<\/ul>\n<p><span style=\"font-family: 'Book Antiqua', Palatino; font-size: 120%; color: #333399;\">La lej\u00eda, las lociones y los aceites pueden empa\u00f1ar la plata y hacerla no conductora.\u00a0<\/span><br \/>\n<span style=\"font-family: 'Book Antiqua', Palatino; font-size: 120%; color: #333399;\">Los suavizantes se acumulan en la plata y da\u00f1an su conductividad.<\/span><\/p>\n<h3><span style=\"font-family: 'Book Antiqua', Palatino; font-size: 120%; color: #333399;\">Consejo de Agara<\/span><\/h3>\n<p><span style=\"font-family: 'Book Antiqua', Palatino; font-size: 120%; color: #333399;\">Para que la puesta a tierra sea eficaz, es esencial comprobar la calidad de su sistema de puesta a tierra, ya sea con un dispositivo adecuado (comprobador de puesta a tierra, medidor de puesta a tierra Tohm-E o Catohm DT-300) o recurriendo a un profesional con el equipo adecuado.\u00a0<\/span><\/p>\n<p><span style=\"font-family: 'Book Antiqua', Palatino; font-size: 120%; color: #333399;\">Si las instalaciones el\u00e9ctricas son demasiado antiguas o est\u00e1n mal instaladas, la toma de tierra puede ser inadecuada o inexistente.<\/span><\/p>\n<p><span style=\"font-family: 'Book Antiqua', Palatino; font-size: 120%; color: #333399;\">Tambi\u00e9n es muy importante reducir al m\u00ednimo los campos el\u00e9ctricos en la habitaci\u00f3n (radiodespertadores, l\u00e1mparas de cabecera, tomas de corriente y alargadores sin apantallar), para evitar que interfieran con el sistema de puesta a tierra. No dudes en medirlos o hacer que te los midan.<\/span><\/p>\n<p><span style=\"font-family: 'Book Antiqua', Palatino; font-size: 120%; color: #ed1c24;\"><strong>Por razones de higiene, los art\u00edculos textiles (prendas de vestir, sombreros, gorros, ropa de cama, sacos de dormir, mantas, guantes, calcetines, etc.) o cualquier otro art\u00edculo que se utilice en contacto directo con el cuerpo no podr\u00e1n devolverse ni cambiarse. Gracias de antemano por su comprensi\u00f3n.<\/strong><\/span><\/p>","protected":false},"excerpt":{"rendered":"<p><span style=\"font-family: 'Book Antiqua', Palatino; font-size: 120%; color: #333399;\">Reconecta tu cuerpo con la energ\u00eda natural de la Tierra mientras duermes gracias al\u00a0<strong>s\u00e1bana bajera de puesta a tierra<\/strong>.\u00a0<\/span><\/p>\n<p><span style=\"font-family: 'Book Antiqua', Palatino; font-size: 120%; color: #333399;\">Dise\u00f1ado para\u00a0<strong>contacto directo con la piel<\/strong>promueve una\u00a0<strong>sue\u00f1o reparador<\/strong>Alivia el dolor cr\u00f3nico y ayuda a reducir el estr\u00e9s reproduciendo los efectos beneficiosos del contacto directo con la naturaleza.\u00a0<\/span><\/p>\n<p><span style=\"font-family: 'Book Antiqua', Palatino; font-size: 120%; color: #333399;\">6 tama\u00f1os disponibles: 90\/100 x 200 cm, 140 x 200 cm, 150 x 200 cm, 160 x 200 cm, 180 x 200 cm, 200 x 200 cm.\u00a0<\/span><\/p>\n<p><span style=\"font-family: 'Book Antiqua', Palatino; font-size: 120%; color: #333399;\">Se suministra con accesorios de puesta a tierra.<\/span><\/p>","protected":false},"featured_media":2159,"comment_status":"open","ping_status":"closed","template":"","meta":[],"product_brand":[267],"product_cat":[164],"product_tag":[248,247,249,245],"class_list":{"0":"post-2152","1":"product","2":"type-product","3":"status-publish","4":"has-post-thumbnail","6":"product_brand-earthing","7":"product_cat-baubiologie","8":"product_tag-baubiologie","9":"product_tag-chambre","10":"product_tag-electromagnetisme","11":"product_tag-maison","13":"first","14":"instock","15":"taxable","16":"shipping-taxable","17":"purchasable","18":"product-type-variable"},"yoast_head":"<!-- This site is optimized with the Yoast SEO Premium plugin v25.1 (Yoast SEO v27.4) - https:\/\/yoast.com\/product\/yoast-seo-premium-wordpress\/ -->\n<title>Drap-housse de mise \u00e0 la terre en coton bio | 6 tailles disponibles Earthing | Agara<\/title>\n<meta name=\"description\" content=\"Drap-housse de mise \u00e0 la terre con\u00e7u pour un\u00a0contact direct avec la peau. Favorise un\u00a0sommeil r\u00e9parateur, apaise les douleurs chroniques et aide \u00e0 r\u00e9duire le stress, en reproduisant les effets b\u00e9n\u00e9fiques du contact direct avec la nature.\u00a06 tailles disponibles : 90\/100 x 200 cm, 140 x 200 cm, 150 x 200 cm, 160 x 200 cm, 180 x 200 cm, 200 x 200 cm.\u00a0Livr\u00e9 avec ses accessoires de mise \u00e0 la terre.\" \/>\n<meta name=\"robots\" content=\"index, follow, max-snippet:-1, max-image-preview:large, max-video-preview:-1\" \/>\n<link rel=\"canonical\" href=\"https:\/\/369agara.com\/es\/producto\/drap-housse-bio-6-tailles\/\" \/>\n<meta property=\"og:locale\" content=\"es_ES\" \/>\n<meta property=\"og:type\" content=\"article\" \/>\n<meta property=\"og:title\" content=\"Drap-housse de mise \u00e0 la terre en coton bio | 6 tailles disponibles Earthing\" \/>\n<meta property=\"og:description\" content=\"Drap-housse de mise \u00e0 la terre con\u00e7u pour un\u00a0contact direct avec la peau. Favorise un\u00a0sommeil r\u00e9parateur, apaise les douleurs chroniques et aide \u00e0 r\u00e9duire le stress, en reproduisant les effets b\u00e9n\u00e9fiques du contact direct avec la nature.\u00a06 tailles disponibles : 90\/100 x 200 cm, 140 x 200 cm, 150 x 200 cm, 160 x 200 cm, 180 x 200 cm, 200 x 200 cm.\u00a0Livr\u00e9 avec ses accessoires de mise \u00e0 la terre.\" \/>\n<meta property=\"og:url\" content=\"https:\/\/369agara.com\/es\/producto\/drap-housse-bio-6-tailles\/\" \/>\n<meta property=\"og:site_name\" content=\"Agara\" \/>\n<meta property=\"article:modified_time\" content=\"2025-05-13T09:38:18+00:00\" \/>\n<meta property=\"og:image\" content=\"https:\/\/369agara.com\/wp-content\/uploads\/2023\/09\/drap-housse-de-mise-a-la-terre-earthing.jpg\" \/>\n\t<meta property=\"og:image:width\" content=\"800\" \/>\n\t<meta property=\"og:image:height\" content=\"800\" \/>\n\t<meta property=\"og:image:type\" content=\"image\/jpeg\" \/>\n<meta name=\"twitter:card\" content=\"summary_large_image\" \/>\n<meta name=\"twitter:label1\" content=\"Tiempo de lectura\" \/>\n\t<meta name=\"twitter:data1\" content=\"4 minutos\" \/>\n<script type=\"application\/ld+json\" class=\"yoast-schema-graph\">{\"@context\":\"https:\\\/\\\/schema.org\",\"@graph\":[{\"@type\":\"WebPage\",\"@id\":\"https:\\\/\\\/369agara.com\\\/produit\\\/drap-housse-bio-6-tailles\\\/\",\"url\":\"https:\\\/\\\/369agara.com\\\/produit\\\/drap-housse-bio-6-tailles\\\/\",\"name\":\"Drap-housse de mise \u00e0 la terre en coton bio | 6 tailles disponibles Earthing | Agara\",\"isPartOf\":{\"@id\":\"https:\\\/\\\/369agara.com\\\/#website\"},\"primaryImageOfPage\":{\"@id\":\"https:\\\/\\\/369agara.com\\\/produit\\\/drap-housse-bio-6-tailles\\\/#primaryimage\"},\"image\":{\"@id\":\"https:\\\/\\\/369agara.com\\\/produit\\\/drap-housse-bio-6-tailles\\\/#primaryimage\"},\"thumbnailUrl\":\"https:\\\/\\\/369agara.com\\\/wp-content\\\/uploads\\\/2023\\\/09\\\/drap-housse-de-mise-a-la-terre-earthing.jpg\",\"datePublished\":\"2023-09-25T17:06:33+00:00\",\"dateModified\":\"2025-05-13T09:38:18+00:00\",\"description\":\"Drap-housse de mise \u00e0 la terre con\u00e7u pour un\u00a0contact direct avec la peau. Favorise un\u00a0sommeil r\u00e9parateur, apaise les douleurs chroniques et aide \u00e0 r\u00e9duire le stress, en reproduisant les effets b\u00e9n\u00e9fiques du contact direct avec la nature.\u00a06 tailles disponibles : 90\\\/100 x 200 cm, 140 x 200 cm, 150 x 200 cm, 160 x 200 cm, 180 x 200 cm, 200 x 200 cm.\u00a0Livr\u00e9 avec ses accessoires de mise \u00e0 la terre.\",\"breadcrumb\":{\"@id\":\"https:\\\/\\\/369agara.com\\\/produit\\\/drap-housse-bio-6-tailles\\\/#breadcrumb\"},\"inLanguage\":\"es\",\"potentialAction\":[{\"@type\":\"ReadAction\",\"target\":[\"https:\\\/\\\/369agara.com\\\/produit\\\/drap-housse-bio-6-tailles\\\/\"]}]},{\"@type\":\"ImageObject\",\"inLanguage\":\"es\",\"@id\":\"https:\\\/\\\/369agara.com\\\/produit\\\/drap-housse-bio-6-tailles\\\/#primaryimage\",\"url\":\"https:\\\/\\\/369agara.com\\\/wp-content\\\/uploads\\\/2023\\\/09\\\/drap-housse-de-mise-a-la-terre-earthing.jpg\",\"contentUrl\":\"https:\\\/\\\/369agara.com\\\/wp-content\\\/uploads\\\/2023\\\/09\\\/drap-housse-de-mise-a-la-terre-earthing.jpg\",\"width\":800,\"height\":800},{\"@type\":\"BreadcrumbList\",\"@id\":\"https:\\\/\\\/369agara.com\\\/produit\\\/drap-housse-bio-6-tailles\\\/#breadcrumb\",\"itemListElement\":[{\"@type\":\"ListItem\",\"position\":1,\"name\":\"Accueil\",\"item\":\"https:\\\/\\\/369agara.com\\\/\"},{\"@type\":\"ListItem\",\"position\":2,\"name\":\"La boutique\",\"item\":\"https:\\\/\\\/369agara.com\\\/la-boutique\\\/\"},{\"@type\":\"ListItem\",\"position\":3,\"name\":\"Drap-housse de mise \u00e0 la terre en coton bio | 6 tailles disponibles Earthing\"}]},{\"@type\":\"WebSite\",\"@id\":\"https:\\\/\\\/369agara.com\\\/#website\",\"url\":\"https:\\\/\\\/369agara.com\\\/\",\"name\":\"Livsrikedomar\",\"description\":\"D\u00e9connectez pour mieux vous connecter\",\"publisher\":{\"@id\":\"https:\\\/\\\/369agara.com\\\/#organization\"},\"potentialAction\":[{\"@type\":\"SearchAction\",\"target\":{\"@type\":\"EntryPoint\",\"urlTemplate\":\"https:\\\/\\\/369agara.com\\\/?s={search_term_string}\"},\"query-input\":{\"@type\":\"PropertyValueSpecification\",\"valueRequired\":true,\"valueName\":\"search_term_string\"}}],\"inLanguage\":\"es\"},{\"@type\":\"Organization\",\"@id\":\"https:\\\/\\\/369agara.com\\\/#organization\",\"name\":\"EACreations\",\"url\":\"https:\\\/\\\/369agara.com\\\/\",\"logo\":{\"@type\":\"ImageObject\",\"inLanguage\":\"es\",\"@id\":\"https:\\\/\\\/369agara.com\\\/#\\\/schema\\\/logo\\\/image\\\/\",\"url\":\"\",\"contentUrl\":\"\",\"caption\":\"EACreations\"},\"image\":{\"@id\":\"https:\\\/\\\/369agara.com\\\/#\\\/schema\\\/logo\\\/image\\\/\"}}]}<\/script>\n<!-- \/ Yoast SEO Premium plugin. -->","yoast_head_json":{"title":"Drap-housse de mise \u00e0 la terre en coton bio | 6 tailles disponibles Earthing | Agara","description":"Drap-housse de mise \u00e0 la terre con\u00e7u pour un\u00a0contact direct avec la peau. Favorise un\u00a0sommeil r\u00e9parateur, apaise les douleurs chroniques et aide \u00e0 r\u00e9duire le stress, en reproduisant les effets b\u00e9n\u00e9fiques du contact direct avec la nature.\u00a06 tailles disponibles : 90\/100 x 200 cm, 140 x 200 cm, 150 x 200 cm, 160 x 200 cm, 180 x 200 cm, 200 x 200 cm.\u00a0Livr\u00e9 avec ses accessoires de mise \u00e0 la terre.","robots":{"index":"index","follow":"follow","max-snippet":"max-snippet:-1","max-image-preview":"max-image-preview:large","max-video-preview":"max-video-preview:-1"},"canonical":"https:\/\/369agara.com\/es\/producto\/drap-housse-bio-6-tailles\/","og_locale":"es_ES","og_type":"article","og_title":"Drap-housse de mise \u00e0 la terre en coton bio | 6 tailles disponibles Earthing","og_description":"Drap-housse de mise \u00e0 la terre con\u00e7u pour un\u00a0contact direct avec la peau. Favorise un\u00a0sommeil r\u00e9parateur, apaise les douleurs chroniques et aide \u00e0 r\u00e9duire le stress, en reproduisant les effets b\u00e9n\u00e9fiques du contact direct avec la nature.\u00a06 tailles disponibles : 90\/100 x 200 cm, 140 x 200 cm, 150 x 200 cm, 160 x 200 cm, 180 x 200 cm, 200 x 200 cm.\u00a0Livr\u00e9 avec ses accessoires de mise \u00e0 la terre.","og_url":"https:\/\/369agara.com\/es\/producto\/drap-housse-bio-6-tailles\/","og_site_name":"Agara","article_modified_time":"2025-05-13T09:38:18+00:00","og_image":[{"width":800,"height":800,"url":"https:\/\/369agara.com\/wp-content\/uploads\/2023\/09\/drap-housse-de-mise-a-la-terre-earthing.jpg","type":"image\/jpeg"}],"twitter_card":"summary_large_image","twitter_misc":{"Tiempo de lectura":"4 minutos"},"schema":{"@context":"https:\/\/schema.org","@graph":[{"@type":"WebPage","@id":"https:\/\/369agara.com\/produit\/drap-housse-bio-6-tailles\/","url":"https:\/\/369agara.com\/produit\/drap-housse-bio-6-tailles\/","name":"Drap-housse de mise \u00e0 la terre en coton bio | 6 tailles disponibles Earthing | Agara","isPartOf":{"@id":"https:\/\/369agara.com\/#website"},"primaryImageOfPage":{"@id":"https:\/\/369agara.com\/produit\/drap-housse-bio-6-tailles\/#primaryimage"},"image":{"@id":"https:\/\/369agara.com\/produit\/drap-housse-bio-6-tailles\/#primaryimage"},"thumbnailUrl":"https:\/\/369agara.com\/wp-content\/uploads\/2023\/09\/drap-housse-de-mise-a-la-terre-earthing.jpg","datePublished":"2023-09-25T17:06:33+00:00","dateModified":"2025-05-13T09:38:18+00:00","description":"Drap-housse de mise \u00e0 la terre con\u00e7u pour un\u00a0contact direct avec la peau. Favorise un\u00a0sommeil r\u00e9parateur, apaise les douleurs chroniques et aide \u00e0 r\u00e9duire le stress, en reproduisant les effets b\u00e9n\u00e9fiques du contact direct avec la nature.\u00a06 tailles disponibles : 90\/100 x 200 cm, 140 x 200 cm, 150 x 200 cm, 160 x 200 cm, 180 x 200 cm, 200 x 200 cm.\u00a0Livr\u00e9 avec ses accessoires de mise \u00e0 la terre.","breadcrumb":{"@id":"https:\/\/369agara.com\/produit\/drap-housse-bio-6-tailles\/#breadcrumb"},"inLanguage":"es","potentialAction":[{"@type":"ReadAction","target":["https:\/\/369agara.com\/produit\/drap-housse-bio-6-tailles\/"]}]},{"@type":"ImageObject","inLanguage":"es","@id":"https:\/\/369agara.com\/produit\/drap-housse-bio-6-tailles\/#primaryimage","url":"https:\/\/369agara.com\/wp-content\/uploads\/2023\/09\/drap-housse-de-mise-a-la-terre-earthing.jpg","contentUrl":"https:\/\/369agara.com\/wp-content\/uploads\/2023\/09\/drap-housse-de-mise-a-la-terre-earthing.jpg","width":800,"height":800},{"@type":"BreadcrumbList","@id":"https:\/\/369agara.com\/produit\/drap-housse-bio-6-tailles\/#breadcrumb","itemListElement":[{"@type":"ListItem","position":1,"name":"Accueil","item":"https:\/\/369agara.com\/"},{"@type":"ListItem","position":2,"name":"La boutique","item":"https:\/\/369agara.com\/la-boutique\/"},{"@type":"ListItem","position":3,"name":"Drap-housse de mise \u00e0 la terre en coton bio | 6 tailles disponibles Earthing"}]},{"@type":"WebSite","@id":"https:\/\/369agara.com\/#website","url":"https:\/\/369agara.com\/","name":"Livsrikedomar","description":"Desconectar para conectar mejor","publisher":{"@id":"https:\/\/369agara.com\/#organization"},"potentialAction":[{"@type":"SearchAction","target":{"@type":"EntryPoint","urlTemplate":"https:\/\/369agara.com\/?s={search_term_string}"},"query-input":{"@type":"PropertyValueSpecification","valueRequired":true,"valueName":"search_term_string"}}],"inLanguage":"es"},{"@type":"Organization","@id":"https:\/\/369agara.com\/#organization","name":"EACreations","url":"https:\/\/369agara.com\/","logo":{"@type":"ImageObject","inLanguage":"es","@id":"https:\/\/369agara.com\/#\/schema\/logo\/image\/","url":"","contentUrl":"","caption":"EACreations"},"image":{"@id":"https:\/\/369agara.com\/#\/schema\/logo\/image\/"}}]}},"jetpack_sharing_enabled":true,"_links":{"self":[{"href":"https:\/\/369agara.com\/es\/wp-json\/wp\/v2\/product\/2152","targetHints":{"allow":["GET"]}}],"collection":[{"href":"https:\/\/369agara.com\/es\/wp-json\/wp\/v2\/product"}],"about":[{"href":"https:\/\/369agara.com\/es\/wp-json\/wp\/v2\/types\/product"}],"replies":[{"embeddable":true,"href":"https:\/\/369agara.com\/es\/wp-json\/wp\/v2\/comments?post=2152"}],"wp:featuredmedia":[{"embeddable":true,"href":"https:\/\/369agara.com\/es\/wp-json\/wp\/v2\/media\/2159"}],"wp:attachment":[{"href":"https:\/\/369agara.com\/es\/wp-json\/wp\/v2\/media?parent=2152"}],"wp:term":[{"taxonomy":"product_brand","embeddable":true,"href":"https:\/\/369agara.com\/es\/wp-json\/wp\/v2\/product_brand?post=2152"},{"taxonomy":"product_cat","embeddable":true,"href":"https:\/\/369agara.com\/es\/wp-json\/wp\/v2\/product_cat?post=2152"},{"taxonomy":"product_tag","embeddable":true,"href":"https:\/\/369agara.com\/es\/wp-json\/wp\/v2\/product_tag?post=2152"}],"curies":[{"name":"wp","href":"https:\/\/api.w.org\/{rel}","templated":true}]}}