{"id":2186,"date":"2023-09-30T17:58:30","date_gmt":"2023-09-30T15:58:30","guid":{"rendered":"https:\/\/369agara.com\/?post_type=product&#038;p=2186"},"modified":"2025-05-10T23:08:49","modified_gmt":"2025-05-10T21:08:49","slug":"fil-phase-blinde-2-5mm2-rouge-noir","status":"publish","type":"product","link":"https:\/\/369agara.com\/es\/producto\/fil-phase-blinde-2-5mm2-rouge-noir\/","title":{"rendered":"Cable de fase apantallado 2,5 mm\u00b2 Rojo | Negro"},"content":{"rendered":"<p><span style=\"font-family: 'Book Antiqua', Palatino; font-size: 120%; color: #333399;\">El uso de cable de fase apantallado de 2,5 mm\u00b2 en su instalaci\u00f3n el\u00e9ctrica elimina los campos el\u00e9ctricos y los inconvenientes asociados.<\/span><\/p>\n<p><span style=\"font-family: 'Book Antiqua', Palatino; font-size: 120%; color: #333399;\">Al influir en nuestros sistemas nervioso, inmunitario y endocrino, sus principales efectos son : <\/span><\/p>\n<ul>\n<li><span style=\"font-family: 'Book Antiqua', Palatino; font-size: 120%; color: #333399;\">estr\u00e9s<\/span><\/li>\n<li><span style=\"font-family: 'Book Antiqua', Palatino; font-size: 120%; color: #333399;\">nerviosismo<\/span><\/li>\n<li><span style=\"font-family: 'Book Antiqua', Palatino; font-size: 120%; color: #333399;\">irritabilidad<\/span><\/li>\n<li><span style=\"font-family: 'Book Antiqua', Palatino; font-size: 120%; color: #333399;\">hiperactividad<\/span><\/li>\n<li><span style=\"font-family: 'Book Antiqua', Palatino; font-size: 120%; color: #333399;\">insomnio<\/span><\/li>\n<li><span style=\"font-family: 'Book Antiqua', Palatino; font-size: 120%; color: #333399;\">dolores de cabeza<\/span><\/li>\n<li><span style=\"font-family: 'Book Antiqua', Palatino; font-size: 120%; color: #333399;\">problemas de concentraci\u00f3n<\/span><\/li>\n<li><span style=\"font-family: 'Book Antiqua', Palatino; font-size: 120%; color: #333399;\">trastornos de la memoria<\/span><\/li>\n<li><span style=\"font-family: 'Book Antiqua', Palatino; font-size: 120%; color: #333399;\">fatiga anormal<\/span><\/li>\n<li><span style=\"font-family: 'Book Antiqua', Palatino; font-size: 120%; color: #333399;\">depresi\u00f3n<\/span><\/li>\n<li><span style=\"font-family: 'Book Antiqua', Palatino; font-size: 120%; color: #333399;\">acidificaci\u00f3n del organismo<\/span><\/li>\n<li><span style=\"font-family: 'Book Antiqua', Palatino; font-size: 120%; color: #333399;\">sistema inmunitario debilitado<\/span><\/li>\n<li><span style=\"font-family: 'Book Antiqua', Palatino; font-size: 120%; color: #333399;\">etc.<\/span><\/li>\n<\/ul>\n<p><span style=\"font-family: 'Book Antiqua', Palatino; font-size: 120%; color: #333399;\">El uso de cables apantallados es esencial cuando los materiales de construcci\u00f3n son muy conductores, como la madera o los paneles de yeso.<\/span><\/p>\n<p><span style=\"font-family: 'Book Antiqua', Palatino; font-size: 120%; color: #333399;\">Los cables apantallados deben utilizarse en primer lugar en las habitaciones donde vaya a permanecer mucho tiempo (dormitorio, despacho), o incluso en toda la casa, dependiendo de lo sensible que sea a los campos el\u00e9ctricos y del tiempo que pase en otras habitaciones.<\/span><\/p>\n<h3><span style=\"font-family: 'Book Antiqua', Palatino; font-size: 120%; color: #333399;\">Especificaciones t\u00e9cnicas<\/span><\/h3>\n<ul>\n<li><span style=\"font-family: 'Book Antiqua', Palatino; font-size: 120%; color: #333399;\">Secci\u00f3n del cable apantallado: 2,5 mm\u00b2.<\/span><\/li>\n<li><span style=\"font-family: 'Book Antiqua', Palatino; font-size: 120%; color: #333399;\">Di\u00e1metro: 5,5 mm<\/span><\/li>\n<li><span style=\"font-family: 'Book Antiqua', Palatino; font-size: 120%; color: #333399;\">Colores: rojo o negro<\/span><\/li>\n<li><span style=\"font-family: 'Book Antiqua', Palatino; font-size: 120%; color: #333399;\">Longitud de la bobina: 100 m<\/span><\/li>\n<li><span style=\"font-family: 'Book Antiqua', Palatino; font-size: 120%; color: #333399;\">Peso de la bobina: 5.100 kg<\/span><\/li>\n<\/ul>\n<p><span style=\"font-family: 'Book Antiqua', Palatino; font-size: 120%; color: #333399;\">La pantalla debe conectarse a tierra a trav\u00e9s de un drenaje.<\/span><\/p>","protected":false},"excerpt":{"rendered":"<p><span style=\"font-family: 'Book Antiqua', Palatino; font-size: 120%; color: #333399;\">El cable de fase apantallado de 2,5 mm\u00b2 elimina los campos el\u00e9ctricos y los inconvenientes asociados.\u00a0<\/span><\/p>\n<p><span style=\"font-family: 'Book Antiqua', Palatino; font-size: 120%; color: #333399;\">Rojo o negro.\u00a0<\/span><\/p>\n<p><span style=\"font-family: 'Book Antiqua', Palatino; font-size: 120%; color: #333399;\">Se vende en bobinas de 100 m.<\/span><\/p>","protected":false},"featured_media":2191,"comment_status":"open","ping_status":"closed","template":"","meta":[],"product_brand":[],"product_cat":[164],"product_tag":[248,246,247,251,245,255],"class_list":{"0":"post-2186","1":"product","2":"type-product","3":"status-publish","4":"has-post-thumbnail","6":"product_cat-baubiologie","7":"product_tag-baubiologie","8":"product_tag-bureau","9":"product_tag-chambre","10":"product_tag-electricite","11":"product_tag-maison","12":"product_tag-mur","14":"first","15":"instock","16":"taxable","17":"shipping-taxable","18":"purchasable","19":"product-type-variable"},"yoast_head":"<!-- This site is optimized with the Yoast SEO Premium plugin v25.1 (Yoast SEO v27.4) - https:\/\/yoast.com\/product\/yoast-seo-premium-wordpress\/ -->\n<title>Fil de phase blind\u00e9 2.5 mm\u00b2 Rouge | Noir | Agara<\/title>\n<meta name=\"description\" content=\"Le fil de phase blind\u00e9 2.5 mm\u00b2 permet de supprimer les champs \u00e9lectriques et les inconv\u00e9nients qui lui sont li\u00e9s.\u00a0Coloris rouge ou noir.\u00a0Vendu par bobine de 100 m.\" \/>\n<meta name=\"robots\" content=\"index, follow, max-snippet:-1, max-image-preview:large, max-video-preview:-1\" \/>\n<link rel=\"canonical\" href=\"https:\/\/369agara.com\/es\/producto\/fil-phase-blinde-2-5mm2-rouge-noir\/\" \/>\n<meta property=\"og:locale\" content=\"es_ES\" \/>\n<meta property=\"og:type\" content=\"article\" \/>\n<meta property=\"og:title\" content=\"Fil de phase blind\u00e9 2.5 mm\u00b2 Rouge | Noir\" \/>\n<meta property=\"og:description\" content=\"Le fil de phase blind\u00e9 2.5 mm\u00b2 permet de supprimer les champs \u00e9lectriques et les inconv\u00e9nients qui lui sont li\u00e9s.\u00a0Coloris rouge ou noir.\u00a0Vendu par bobine de 100 m.\" \/>\n<meta property=\"og:url\" content=\"https:\/\/369agara.com\/es\/producto\/fil-phase-blinde-2-5mm2-rouge-noir\/\" \/>\n<meta property=\"og:site_name\" content=\"Agara\" \/>\n<meta property=\"article:modified_time\" content=\"2025-05-10T21:08:49+00:00\" \/>\n<meta property=\"og:image\" content=\"https:\/\/369agara.com\/wp-content\/uploads\/2023\/09\/fil-de-phase-blinde-2-5-mmc2b2-rouge.jpg\" \/>\n\t<meta property=\"og:image:width\" content=\"800\" \/>\n\t<meta property=\"og:image:height\" content=\"800\" \/>\n\t<meta property=\"og:image:type\" content=\"image\/jpeg\" \/>\n<meta name=\"twitter:card\" content=\"summary_large_image\" \/>\n<meta name=\"twitter:label1\" content=\"Tiempo de lectura\" \/>\n\t<meta name=\"twitter:data1\" content=\"2 minutos\" \/>\n<script type=\"application\/ld+json\" class=\"yoast-schema-graph\">{\"@context\":\"https:\\\/\\\/schema.org\",\"@graph\":[{\"@type\":\"WebPage\",\"@id\":\"https:\\\/\\\/369agara.com\\\/produit\\\/fil-phase-blinde-2-5mm2-rouge-noir\\\/\",\"url\":\"https:\\\/\\\/369agara.com\\\/produit\\\/fil-phase-blinde-2-5mm2-rouge-noir\\\/\",\"name\":\"Fil de phase blind\u00e9 2.5 mm\u00b2 Rouge | Noir | Agara\",\"isPartOf\":{\"@id\":\"https:\\\/\\\/369agara.com\\\/#website\"},\"primaryImageOfPage\":{\"@id\":\"https:\\\/\\\/369agara.com\\\/produit\\\/fil-phase-blinde-2-5mm2-rouge-noir\\\/#primaryimage\"},\"image\":{\"@id\":\"https:\\\/\\\/369agara.com\\\/produit\\\/fil-phase-blinde-2-5mm2-rouge-noir\\\/#primaryimage\"},\"thumbnailUrl\":\"https:\\\/\\\/369agara.com\\\/wp-content\\\/uploads\\\/2023\\\/09\\\/fil-de-phase-blinde-2-5-mmc2b2-rouge.jpg\",\"datePublished\":\"2023-09-30T15:58:30+00:00\",\"dateModified\":\"2025-05-10T21:08:49+00:00\",\"description\":\"Le fil de phase blind\u00e9 2.5 mm\u00b2 permet de supprimer les champs \u00e9lectriques et les inconv\u00e9nients qui lui sont li\u00e9s.\u00a0Coloris rouge ou noir.\u00a0Vendu par bobine de 100 m.\",\"breadcrumb\":{\"@id\":\"https:\\\/\\\/369agara.com\\\/produit\\\/fil-phase-blinde-2-5mm2-rouge-noir\\\/#breadcrumb\"},\"inLanguage\":\"es\",\"potentialAction\":[{\"@type\":\"ReadAction\",\"target\":[\"https:\\\/\\\/369agara.com\\\/produit\\\/fil-phase-blinde-2-5mm2-rouge-noir\\\/\"]}]},{\"@type\":\"ImageObject\",\"inLanguage\":\"es\",\"@id\":\"https:\\\/\\\/369agara.com\\\/produit\\\/fil-phase-blinde-2-5mm2-rouge-noir\\\/#primaryimage\",\"url\":\"https:\\\/\\\/369agara.com\\\/wp-content\\\/uploads\\\/2023\\\/09\\\/fil-de-phase-blinde-2-5-mmc2b2-rouge.jpg\",\"contentUrl\":\"https:\\\/\\\/369agara.com\\\/wp-content\\\/uploads\\\/2023\\\/09\\\/fil-de-phase-blinde-2-5-mmc2b2-rouge.jpg\",\"width\":800,\"height\":800},{\"@type\":\"BreadcrumbList\",\"@id\":\"https:\\\/\\\/369agara.com\\\/produit\\\/fil-phase-blinde-2-5mm2-rouge-noir\\\/#breadcrumb\",\"itemListElement\":[{\"@type\":\"ListItem\",\"position\":1,\"name\":\"Accueil\",\"item\":\"https:\\\/\\\/369agara.com\\\/\"},{\"@type\":\"ListItem\",\"position\":2,\"name\":\"La boutique\",\"item\":\"https:\\\/\\\/369agara.com\\\/la-boutique\\\/\"},{\"@type\":\"ListItem\",\"position\":3,\"name\":\"Fil de phase blind\u00e9 2.5 mm\u00b2 Rouge | Noir\"}]},{\"@type\":\"WebSite\",\"@id\":\"https:\\\/\\\/369agara.com\\\/#website\",\"url\":\"https:\\\/\\\/369agara.com\\\/\",\"name\":\"Livsrikedomar\",\"description\":\"D\u00e9connectez pour mieux vous connecter\",\"publisher\":{\"@id\":\"https:\\\/\\\/369agara.com\\\/#organization\"},\"potentialAction\":[{\"@type\":\"SearchAction\",\"target\":{\"@type\":\"EntryPoint\",\"urlTemplate\":\"https:\\\/\\\/369agara.com\\\/?s={search_term_string}\"},\"query-input\":{\"@type\":\"PropertyValueSpecification\",\"valueRequired\":true,\"valueName\":\"search_term_string\"}}],\"inLanguage\":\"es\"},{\"@type\":\"Organization\",\"@id\":\"https:\\\/\\\/369agara.com\\\/#organization\",\"name\":\"EACreations\",\"url\":\"https:\\\/\\\/369agara.com\\\/\",\"logo\":{\"@type\":\"ImageObject\",\"inLanguage\":\"es\",\"@id\":\"https:\\\/\\\/369agara.com\\\/#\\\/schema\\\/logo\\\/image\\\/\",\"url\":\"\",\"contentUrl\":\"\",\"caption\":\"EACreations\"},\"image\":{\"@id\":\"https:\\\/\\\/369agara.com\\\/#\\\/schema\\\/logo\\\/image\\\/\"}}]}<\/script>\n<!-- \/ Yoast SEO Premium plugin. -->","yoast_head_json":{"title":"Fil de phase blind\u00e9 2.5 mm\u00b2 Rouge | Noir | Agara","description":"Le fil de phase blind\u00e9 2.5 mm\u00b2 permet de supprimer les champs \u00e9lectriques et les inconv\u00e9nients qui lui sont li\u00e9s.\u00a0Coloris rouge ou noir.\u00a0Vendu par bobine de 100 m.","robots":{"index":"index","follow":"follow","max-snippet":"max-snippet:-1","max-image-preview":"max-image-preview:large","max-video-preview":"max-video-preview:-1"},"canonical":"https:\/\/369agara.com\/es\/producto\/fil-phase-blinde-2-5mm2-rouge-noir\/","og_locale":"es_ES","og_type":"article","og_title":"Fil de phase blind\u00e9 2.5 mm\u00b2 Rouge | Noir","og_description":"Le fil de phase blind\u00e9 2.5 mm\u00b2 permet de supprimer les champs \u00e9lectriques et les inconv\u00e9nients qui lui sont li\u00e9s.\u00a0Coloris rouge ou noir.\u00a0Vendu par bobine de 100 m.","og_url":"https:\/\/369agara.com\/es\/producto\/fil-phase-blinde-2-5mm2-rouge-noir\/","og_site_name":"Agara","article_modified_time":"2025-05-10T21:08:49+00:00","og_image":[{"width":800,"height":800,"url":"https:\/\/369agara.com\/wp-content\/uploads\/2023\/09\/fil-de-phase-blinde-2-5-mmc2b2-rouge.jpg","type":"image\/jpeg"}],"twitter_card":"summary_large_image","twitter_misc":{"Tiempo de lectura":"2 minutos"},"schema":{"@context":"https:\/\/schema.org","@graph":[{"@type":"WebPage","@id":"https:\/\/369agara.com\/produit\/fil-phase-blinde-2-5mm2-rouge-noir\/","url":"https:\/\/369agara.com\/produit\/fil-phase-blinde-2-5mm2-rouge-noir\/","name":"Fil de phase blind\u00e9 2.5 mm\u00b2 Rouge | Noir | Agara","isPartOf":{"@id":"https:\/\/369agara.com\/#website"},"primaryImageOfPage":{"@id":"https:\/\/369agara.com\/produit\/fil-phase-blinde-2-5mm2-rouge-noir\/#primaryimage"},"image":{"@id":"https:\/\/369agara.com\/produit\/fil-phase-blinde-2-5mm2-rouge-noir\/#primaryimage"},"thumbnailUrl":"https:\/\/369agara.com\/wp-content\/uploads\/2023\/09\/fil-de-phase-blinde-2-5-mmc2b2-rouge.jpg","datePublished":"2023-09-30T15:58:30+00:00","dateModified":"2025-05-10T21:08:49+00:00","description":"Le fil de phase blind\u00e9 2.5 mm\u00b2 permet de supprimer les champs \u00e9lectriques et les inconv\u00e9nients qui lui sont li\u00e9s.\u00a0Coloris rouge ou noir.\u00a0Vendu par bobine de 100 m.","breadcrumb":{"@id":"https:\/\/369agara.com\/produit\/fil-phase-blinde-2-5mm2-rouge-noir\/#breadcrumb"},"inLanguage":"es","potentialAction":[{"@type":"ReadAction","target":["https:\/\/369agara.com\/produit\/fil-phase-blinde-2-5mm2-rouge-noir\/"]}]},{"@type":"ImageObject","inLanguage":"es","@id":"https:\/\/369agara.com\/produit\/fil-phase-blinde-2-5mm2-rouge-noir\/#primaryimage","url":"https:\/\/369agara.com\/wp-content\/uploads\/2023\/09\/fil-de-phase-blinde-2-5-mmc2b2-rouge.jpg","contentUrl":"https:\/\/369agara.com\/wp-content\/uploads\/2023\/09\/fil-de-phase-blinde-2-5-mmc2b2-rouge.jpg","width":800,"height":800},{"@type":"BreadcrumbList","@id":"https:\/\/369agara.com\/produit\/fil-phase-blinde-2-5mm2-rouge-noir\/#breadcrumb","itemListElement":[{"@type":"ListItem","position":1,"name":"Accueil","item":"https:\/\/369agara.com\/"},{"@type":"ListItem","position":2,"name":"La boutique","item":"https:\/\/369agara.com\/la-boutique\/"},{"@type":"ListItem","position":3,"name":"Fil de phase blind\u00e9 2.5 mm\u00b2 Rouge | Noir"}]},{"@type":"WebSite","@id":"https:\/\/369agara.com\/#website","url":"https:\/\/369agara.com\/","name":"Livsrikedomar","description":"Desconectar para conectar mejor","publisher":{"@id":"https:\/\/369agara.com\/#organization"},"potentialAction":[{"@type":"SearchAction","target":{"@type":"EntryPoint","urlTemplate":"https:\/\/369agara.com\/?s={search_term_string}"},"query-input":{"@type":"PropertyValueSpecification","valueRequired":true,"valueName":"search_term_string"}}],"inLanguage":"es"},{"@type":"Organization","@id":"https:\/\/369agara.com\/#organization","name":"EACreations","url":"https:\/\/369agara.com\/","logo":{"@type":"ImageObject","inLanguage":"es","@id":"https:\/\/369agara.com\/#\/schema\/logo\/image\/","url":"","contentUrl":"","caption":"EACreations"},"image":{"@id":"https:\/\/369agara.com\/#\/schema\/logo\/image\/"}}]}},"jetpack_sharing_enabled":true,"_links":{"self":[{"href":"https:\/\/369agara.com\/es\/wp-json\/wp\/v2\/product\/2186","targetHints":{"allow":["GET"]}}],"collection":[{"href":"https:\/\/369agara.com\/es\/wp-json\/wp\/v2\/product"}],"about":[{"href":"https:\/\/369agara.com\/es\/wp-json\/wp\/v2\/types\/product"}],"replies":[{"embeddable":true,"href":"https:\/\/369agara.com\/es\/wp-json\/wp\/v2\/comments?post=2186"}],"wp:featuredmedia":[{"embeddable":true,"href":"https:\/\/369agara.com\/es\/wp-json\/wp\/v2\/media\/2191"}],"wp:attachment":[{"href":"https:\/\/369agara.com\/es\/wp-json\/wp\/v2\/media?parent=2186"}],"wp:term":[{"taxonomy":"product_brand","embeddable":true,"href":"https:\/\/369agara.com\/es\/wp-json\/wp\/v2\/product_brand?post=2186"},{"taxonomy":"product_cat","embeddable":true,"href":"https:\/\/369agara.com\/es\/wp-json\/wp\/v2\/product_cat?post=2186"},{"taxonomy":"product_tag","embeddable":true,"href":"https:\/\/369agara.com\/es\/wp-json\/wp\/v2\/product_tag?post=2186"}],"curies":[{"name":"wp","href":"https:\/\/api.w.org\/{rel}","templated":true}]}}