{"id":2194,"date":"2023-09-30T19:27:43","date_gmt":"2023-09-30T17:27:43","guid":{"rendered":"https:\/\/369agara.com\/?post_type=product&#038;p=2194"},"modified":"2025-05-15T22:13:37","modified_gmt":"2025-05-15T20:13:37","slug":"boitier-maconnerie-blinde-41mm-61mm","status":"publish","type":"product","link":"https:\/\/369agara.com\/es\/producto\/boitier-maconnerie-blinde-41mm-61mm\/","title":{"rendered":"Caja blindada de mamposter\u00eda Danell Biologa 41 mm | 61 mm"},"content":{"rendered":"<p><span style=\"font-family: 'Book Antiqua', Palatino; font-size: 120%; color: #333399;\">Las envolventes de mamposter\u00eda apantalladas son envolventes de mamposter\u00eda recubiertas al vac\u00edo con una capa met\u00e1lica para reducir los campos el\u00e9ctricos alternos de baja frecuencia. La capa met\u00e1lica se encuentra en el exterior de la caja y est\u00e1 provista de un cable de compensaci\u00f3n de potencial remachado de 1,5 mm\u00b2. \u00c9ste se conecta a terminales enchufables convencionales (Wago, Weidm\u00fcller) y al conductor de apantallamiento del cable o al PE (amarillo\/verde) de un cable no apantallado.<\/span><\/p>\n<p><span style=\"font-family: 'Book Antiqua', Palatino; font-size: 120%; color: #333399;\">La caja de mamposter\u00eda apantallada Danell, utilizada junto con hilos de fase apantallados o cables apantallados en su instalaci\u00f3n el\u00e9ctrica, elimina los campos el\u00e9ctricos y los inconvenientes asociados.<\/span><\/p>\n<p><span style=\"font-family: 'Book Antiqua', Palatino; font-size: 120%; color: #333399;\">Al influir en nuestros sistemas nervioso, inmunitario y endocrino, sus principales efectos son :<\/span><\/p>\n<ul>\n<li><span style=\"font-family: 'Book Antiqua', Palatino; font-size: 120%; color: #333399;\">estr\u00e9s,<\/span><\/li>\n<li><span style=\"font-family: 'Book Antiqua', Palatino; font-size: 120%; color: #333399;\">nerviosismo,<\/span><\/li>\n<li><span style=\"font-family: 'Book Antiqua', Palatino; font-size: 120%; color: #333399;\">irritabilidad,<\/span><\/li>\n<li><span style=\"font-family: 'Book Antiqua', Palatino; font-size: 120%; color: #333399;\">hiperactividad,<\/span><\/li>\n<li><span style=\"font-family: 'Book Antiqua', Palatino; font-size: 120%; color: #333399;\">insomnio,<\/span><\/li>\n<li><span style=\"font-family: 'Book Antiqua', Palatino; font-size: 120%; color: #333399;\">dolores de cabeza,<\/span><\/li>\n<li><span style=\"font-family: 'Book Antiqua', Palatino; font-size: 120%; color: #333399;\">problemas de concentraci\u00f3n y deterioro de la memoria,\u00a0<\/span><\/li>\n<li><span style=\"font-family: 'Book Antiqua', Palatino; font-size: 120%; color: #333399;\">Fatiga anormal,<\/span><\/li>\n<li><span style=\"font-family: 'Book Antiqua', Palatino; font-size: 120%; color: #333399;\">depresi\u00f3n,<\/span><\/li>\n<li><span style=\"font-family: 'Book Antiqua', Palatino; font-size: 120%; color: #333399;\">acidificaci\u00f3n del organismo,<\/span><\/li>\n<li><span style=\"font-family: 'Book Antiqua', Palatino; font-size: 120%; color: #333399;\">sistema inmunitario deficiente,<\/span><\/li>\n<li><span style=\"font-family: 'Book Antiqua', Palatino; font-size: 120%; color: #333399;\">etc.<\/span><\/li>\n<\/ul>\n<p><span style=\"font-family: 'Book Antiqua', Palatino; font-size: 120%; color: #ed1c24;\"><strong>El uso de productos apantallados es esencial cuando los materiales de construcci\u00f3n son muy conductores, como la madera o los paneles de yeso.<\/strong><\/span><\/p>\n<p><span style=\"font-family: 'Book Antiqua', Palatino; font-size: 120%; color: #ed1c24;\"><strong>Los hilos, cables y armarios apantallados deben utilizarse, en primer lugar, en las habitaciones donde vaya a permanecer mucho tiempo (dormitorio, despacho), o incluso en toda la casa, dependiendo de lo sensible que sea a los campos el\u00e9ctricos y del tiempo que pase en otras habitaciones.<\/strong><\/span><\/p>\n<h3><span style=\"font-family: 'Book Antiqua', Palatino; font-size: 120%; color: #333399;\">Especificaciones t\u00e9cnicas<\/span><\/h3>\n<ul>\n<li><span style=\"font-family: 'Book Antiqua', Palatino; font-size: 120%; color: #333399;\">Profundidad: 41 mm (versi\u00f3n plana) | 61 mm (versi\u00f3n profunda)<\/span><\/li>\n<li><span style=\"font-family: 'Book Antiqua', Palatino; font-size: 120%; color: #333399;\">Di\u00e1metro: \u2300 60 mm<\/span><\/li>\n<li><span style=\"font-family: 'Book Antiqua', Palatino; font-size: 120%; color: #333399;\">Color: negro \/ plata<\/span><\/li>\n<li><span style=\"font-family: 'Book Antiqua', Palatino; font-size: 120%; color: #333399;\">Material: material sint\u00e9tico (PS)<\/span><\/li>\n<li><span style=\"font-family: 'Book Antiqua', Palatino; font-size: 120%; color: #333399;\">Distancia est\u00e1ndar entre tornillos: 60 mm<\/span><\/li>\n<li><span style=\"font-family: 'Book Antiqua', Palatino; font-size: 120%; color: #333399;\">Fijaci\u00f3n con tornillo o distanciador<\/span><\/li>\n<li><span style=\"font-family: 'Book Antiqua', Palatino; font-size: 120%; color: #333399;\">Con conector de bloqueo<\/span><\/li>\n<li><span style=\"font-family: 'Book Antiqua', Palatino; font-size: 120%; color: #333399;\">Cable de conexi\u00f3n de potencial 1,5 mm\u00b2 (CU, s\u00f3lido, r\u00edgido)<\/span><\/li>\n<li><span style=\"font-family: 'Book Antiqua', Palatino; font-size: 120%; color: #333399;\">Grado de protecci\u00f3n: IP20<\/span><\/li>\n<\/ul>\n<p><span style=\"font-family: 'Book Antiqua', Palatino; font-size: 120%; color: #333399;\">Fabricado en Alemania<\/span><\/p>","protected":false},"excerpt":{"rendered":"<p><span style=\"font-family: 'Book Antiqua', Palatino; font-size: 120%; color: #333399;\">La caja de mamposter\u00eda blindada Danell Biologa proporciona protecci\u00f3n contra los campos el\u00e9ctricos.<\/span><\/p>","protected":false},"featured_media":2195,"comment_status":"open","ping_status":"closed","template":"","meta":[],"product_brand":[265],"product_cat":[164],"product_tag":[248,246,247,251,245,255],"class_list":{"0":"post-2194","1":"product","2":"type-product","3":"status-publish","4":"has-post-thumbnail","6":"product_brand-biologa-danell","7":"product_cat-baubiologie","8":"product_tag-baubiologie","9":"product_tag-bureau","10":"product_tag-chambre","11":"product_tag-electricite","12":"product_tag-maison","13":"product_tag-mur","15":"first","16":"instock","17":"taxable","18":"shipping-taxable","19":"purchasable","20":"product-type-variable"},"yoast_head":"<!-- This site is optimized with the Yoast SEO Premium plugin v25.1 (Yoast SEO v27.4) - https:\/\/yoast.com\/product\/yoast-seo-premium-wordpress\/ -->\n<title>Bo\u00eetier de ma\u00e7onnerie blind\u00e9 Biologa Danell 41 mm | 61 mm | Agara<\/title>\n<meta name=\"description\" content=\"Le bo\u00eetier de ma\u00e7onnerie blind\u00e9 Biologa Danell permet de prot\u00e9ger des champs \u00e9lectriques.\" \/>\n<meta name=\"robots\" content=\"index, follow, max-snippet:-1, max-image-preview:large, max-video-preview:-1\" \/>\n<link rel=\"canonical\" href=\"https:\/\/369agara.com\/es\/producto\/boitier-maconnerie-blinde-41mm-61mm\/\" \/>\n<meta property=\"og:locale\" content=\"es_ES\" \/>\n<meta property=\"og:type\" content=\"article\" \/>\n<meta property=\"og:title\" content=\"Bo\u00eetier de ma\u00e7onnerie blind\u00e9 Biologa Danell 41 mm | 61 mm\" \/>\n<meta property=\"og:description\" content=\"Le bo\u00eetier de ma\u00e7onnerie blind\u00e9 Biologa Danell permet de prot\u00e9ger des champs \u00e9lectriques.\" \/>\n<meta property=\"og:url\" content=\"https:\/\/369agara.com\/es\/producto\/boitier-maconnerie-blinde-41mm-61mm\/\" \/>\n<meta property=\"og:site_name\" content=\"Agara\" \/>\n<meta property=\"article:modified_time\" content=\"2025-05-15T20:13:37+00:00\" \/>\n<meta property=\"og:image\" content=\"https:\/\/369agara.com\/wp-content\/uploads\/2023\/09\/boitier-de-maconnerie-blinde-danell-41-mm.jpg\" \/>\n\t<meta property=\"og:image:width\" content=\"800\" \/>\n\t<meta property=\"og:image:height\" content=\"800\" \/>\n\t<meta property=\"og:image:type\" content=\"image\/jpeg\" \/>\n<meta name=\"twitter:card\" content=\"summary_large_image\" \/>\n<meta name=\"twitter:label1\" content=\"Tiempo de lectura\" \/>\n\t<meta name=\"twitter:data1\" content=\"2 minutos\" \/>\n<script type=\"application\/ld+json\" class=\"yoast-schema-graph\">{\"@context\":\"https:\\\/\\\/schema.org\",\"@graph\":[{\"@type\":\"WebPage\",\"@id\":\"https:\\\/\\\/369agara.com\\\/produit\\\/boitier-maconnerie-blinde-41mm-61mm\\\/\",\"url\":\"https:\\\/\\\/369agara.com\\\/produit\\\/boitier-maconnerie-blinde-41mm-61mm\\\/\",\"name\":\"Bo\u00eetier de ma\u00e7onnerie blind\u00e9 Biologa Danell 41 mm | 61 mm | Agara\",\"isPartOf\":{\"@id\":\"https:\\\/\\\/369agara.com\\\/#website\"},\"primaryImageOfPage\":{\"@id\":\"https:\\\/\\\/369agara.com\\\/produit\\\/boitier-maconnerie-blinde-41mm-61mm\\\/#primaryimage\"},\"image\":{\"@id\":\"https:\\\/\\\/369agara.com\\\/produit\\\/boitier-maconnerie-blinde-41mm-61mm\\\/#primaryimage\"},\"thumbnailUrl\":\"https:\\\/\\\/369agara.com\\\/wp-content\\\/uploads\\\/2023\\\/09\\\/boitier-de-maconnerie-blinde-danell-41-mm.jpg\",\"datePublished\":\"2023-09-30T17:27:43+00:00\",\"dateModified\":\"2025-05-15T20:13:37+00:00\",\"description\":\"Le bo\u00eetier de ma\u00e7onnerie blind\u00e9 Biologa Danell permet de prot\u00e9ger des champs \u00e9lectriques.\",\"breadcrumb\":{\"@id\":\"https:\\\/\\\/369agara.com\\\/produit\\\/boitier-maconnerie-blinde-41mm-61mm\\\/#breadcrumb\"},\"inLanguage\":\"es\",\"potentialAction\":[{\"@type\":\"ReadAction\",\"target\":[\"https:\\\/\\\/369agara.com\\\/produit\\\/boitier-maconnerie-blinde-41mm-61mm\\\/\"]}]},{\"@type\":\"ImageObject\",\"inLanguage\":\"es\",\"@id\":\"https:\\\/\\\/369agara.com\\\/produit\\\/boitier-maconnerie-blinde-41mm-61mm\\\/#primaryimage\",\"url\":\"https:\\\/\\\/369agara.com\\\/wp-content\\\/uploads\\\/2023\\\/09\\\/boitier-de-maconnerie-blinde-danell-41-mm.jpg\",\"contentUrl\":\"https:\\\/\\\/369agara.com\\\/wp-content\\\/uploads\\\/2023\\\/09\\\/boitier-de-maconnerie-blinde-danell-41-mm.jpg\",\"width\":800,\"height\":800},{\"@type\":\"BreadcrumbList\",\"@id\":\"https:\\\/\\\/369agara.com\\\/produit\\\/boitier-maconnerie-blinde-41mm-61mm\\\/#breadcrumb\",\"itemListElement\":[{\"@type\":\"ListItem\",\"position\":1,\"name\":\"Accueil\",\"item\":\"https:\\\/\\\/369agara.com\\\/\"},{\"@type\":\"ListItem\",\"position\":2,\"name\":\"La boutique\",\"item\":\"https:\\\/\\\/369agara.com\\\/la-boutique\\\/\"},{\"@type\":\"ListItem\",\"position\":3,\"name\":\"Bo\u00eetier de ma\u00e7onnerie blind\u00e9 Biologa Danell 41 mm | 61 mm\"}]},{\"@type\":\"WebSite\",\"@id\":\"https:\\\/\\\/369agara.com\\\/#website\",\"url\":\"https:\\\/\\\/369agara.com\\\/\",\"name\":\"Livsrikedomar\",\"description\":\"D\u00e9connectez pour mieux vous connecter\",\"publisher\":{\"@id\":\"https:\\\/\\\/369agara.com\\\/#organization\"},\"potentialAction\":[{\"@type\":\"SearchAction\",\"target\":{\"@type\":\"EntryPoint\",\"urlTemplate\":\"https:\\\/\\\/369agara.com\\\/?s={search_term_string}\"},\"query-input\":{\"@type\":\"PropertyValueSpecification\",\"valueRequired\":true,\"valueName\":\"search_term_string\"}}],\"inLanguage\":\"es\"},{\"@type\":\"Organization\",\"@id\":\"https:\\\/\\\/369agara.com\\\/#organization\",\"name\":\"EACreations\",\"url\":\"https:\\\/\\\/369agara.com\\\/\",\"logo\":{\"@type\":\"ImageObject\",\"inLanguage\":\"es\",\"@id\":\"https:\\\/\\\/369agara.com\\\/#\\\/schema\\\/logo\\\/image\\\/\",\"url\":\"\",\"contentUrl\":\"\",\"caption\":\"EACreations\"},\"image\":{\"@id\":\"https:\\\/\\\/369agara.com\\\/#\\\/schema\\\/logo\\\/image\\\/\"}}]}<\/script>\n<!-- \/ Yoast SEO Premium plugin. -->","yoast_head_json":{"title":"Bo\u00eetier de ma\u00e7onnerie blind\u00e9 Biologa Danell 41 mm | 61 mm | Agara","description":"La caja de mamposter\u00eda blindada Danell Biologa proporciona protecci\u00f3n contra los campos el\u00e9ctricos.","robots":{"index":"index","follow":"follow","max-snippet":"max-snippet:-1","max-image-preview":"max-image-preview:large","max-video-preview":"max-video-preview:-1"},"canonical":"https:\/\/369agara.com\/es\/producto\/boitier-maconnerie-blinde-41mm-61mm\/","og_locale":"es_ES","og_type":"article","og_title":"Bo\u00eetier de ma\u00e7onnerie blind\u00e9 Biologa Danell 41 mm | 61 mm","og_description":"Le bo\u00eetier de ma\u00e7onnerie blind\u00e9 Biologa Danell permet de prot\u00e9ger des champs \u00e9lectriques.","og_url":"https:\/\/369agara.com\/es\/producto\/boitier-maconnerie-blinde-41mm-61mm\/","og_site_name":"Agara","article_modified_time":"2025-05-15T20:13:37+00:00","og_image":[{"width":800,"height":800,"url":"https:\/\/369agara.com\/wp-content\/uploads\/2023\/09\/boitier-de-maconnerie-blinde-danell-41-mm.jpg","type":"image\/jpeg"}],"twitter_card":"summary_large_image","twitter_misc":{"Tiempo de lectura":"2 minutos"},"schema":{"@context":"https:\/\/schema.org","@graph":[{"@type":"WebPage","@id":"https:\/\/369agara.com\/produit\/boitier-maconnerie-blinde-41mm-61mm\/","url":"https:\/\/369agara.com\/produit\/boitier-maconnerie-blinde-41mm-61mm\/","name":"Bo\u00eetier de ma\u00e7onnerie blind\u00e9 Biologa Danell 41 mm | 61 mm | Agara","isPartOf":{"@id":"https:\/\/369agara.com\/#website"},"primaryImageOfPage":{"@id":"https:\/\/369agara.com\/produit\/boitier-maconnerie-blinde-41mm-61mm\/#primaryimage"},"image":{"@id":"https:\/\/369agara.com\/produit\/boitier-maconnerie-blinde-41mm-61mm\/#primaryimage"},"thumbnailUrl":"https:\/\/369agara.com\/wp-content\/uploads\/2023\/09\/boitier-de-maconnerie-blinde-danell-41-mm.jpg","datePublished":"2023-09-30T17:27:43+00:00","dateModified":"2025-05-15T20:13:37+00:00","description":"La caja de mamposter\u00eda blindada Danell Biologa proporciona protecci\u00f3n contra los campos el\u00e9ctricos.","breadcrumb":{"@id":"https:\/\/369agara.com\/produit\/boitier-maconnerie-blinde-41mm-61mm\/#breadcrumb"},"inLanguage":"es","potentialAction":[{"@type":"ReadAction","target":["https:\/\/369agara.com\/produit\/boitier-maconnerie-blinde-41mm-61mm\/"]}]},{"@type":"ImageObject","inLanguage":"es","@id":"https:\/\/369agara.com\/produit\/boitier-maconnerie-blinde-41mm-61mm\/#primaryimage","url":"https:\/\/369agara.com\/wp-content\/uploads\/2023\/09\/boitier-de-maconnerie-blinde-danell-41-mm.jpg","contentUrl":"https:\/\/369agara.com\/wp-content\/uploads\/2023\/09\/boitier-de-maconnerie-blinde-danell-41-mm.jpg","width":800,"height":800},{"@type":"BreadcrumbList","@id":"https:\/\/369agara.com\/produit\/boitier-maconnerie-blinde-41mm-61mm\/#breadcrumb","itemListElement":[{"@type":"ListItem","position":1,"name":"Accueil","item":"https:\/\/369agara.com\/"},{"@type":"ListItem","position":2,"name":"La boutique","item":"https:\/\/369agara.com\/la-boutique\/"},{"@type":"ListItem","position":3,"name":"Bo\u00eetier de ma\u00e7onnerie blind\u00e9 Biologa Danell 41 mm | 61 mm"}]},{"@type":"WebSite","@id":"https:\/\/369agara.com\/#website","url":"https:\/\/369agara.com\/","name":"Livsrikedomar","description":"Desconectar para conectar mejor","publisher":{"@id":"https:\/\/369agara.com\/#organization"},"potentialAction":[{"@type":"SearchAction","target":{"@type":"EntryPoint","urlTemplate":"https:\/\/369agara.com\/?s={search_term_string}"},"query-input":{"@type":"PropertyValueSpecification","valueRequired":true,"valueName":"search_term_string"}}],"inLanguage":"es"},{"@type":"Organization","@id":"https:\/\/369agara.com\/#organization","name":"EACreations","url":"https:\/\/369agara.com\/","logo":{"@type":"ImageObject","inLanguage":"es","@id":"https:\/\/369agara.com\/#\/schema\/logo\/image\/","url":"","contentUrl":"","caption":"EACreations"},"image":{"@id":"https:\/\/369agara.com\/#\/schema\/logo\/image\/"}}]}},"jetpack_sharing_enabled":true,"_links":{"self":[{"href":"https:\/\/369agara.com\/es\/wp-json\/wp\/v2\/product\/2194","targetHints":{"allow":["GET"]}}],"collection":[{"href":"https:\/\/369agara.com\/es\/wp-json\/wp\/v2\/product"}],"about":[{"href":"https:\/\/369agara.com\/es\/wp-json\/wp\/v2\/types\/product"}],"replies":[{"embeddable":true,"href":"https:\/\/369agara.com\/es\/wp-json\/wp\/v2\/comments?post=2194"}],"wp:featuredmedia":[{"embeddable":true,"href":"https:\/\/369agara.com\/es\/wp-json\/wp\/v2\/media\/2195"}],"wp:attachment":[{"href":"https:\/\/369agara.com\/es\/wp-json\/wp\/v2\/media?parent=2194"}],"wp:term":[{"taxonomy":"product_brand","embeddable":true,"href":"https:\/\/369agara.com\/es\/wp-json\/wp\/v2\/product_brand?post=2194"},{"taxonomy":"product_cat","embeddable":true,"href":"https:\/\/369agara.com\/es\/wp-json\/wp\/v2\/product_cat?post=2194"},{"taxonomy":"product_tag","embeddable":true,"href":"https:\/\/369agara.com\/es\/wp-json\/wp\/v2\/product_tag?post=2194"}],"curies":[{"name":"wp","href":"https:\/\/api.w.org\/{rel}","templated":true}]}}