{"id":2411,"date":"2023-10-28T18:44:44","date_gmt":"2023-10-28T16:44:44","guid":{"rendered":"https:\/\/369agara.com\/?post_type=product&#038;p=2411"},"modified":"2025-05-13T11:36:52","modified_gmt":"2025-05-13T09:36:52","slug":"tapis-antistatique-voiture-earthing","status":"publish","type":"product","link":"https:\/\/369agara.com\/es\/producto\/tapis-antistatique-voiture-earthing\/","title":{"rendered":"Alfombrilla antiest\u00e1tica de puesta a tierra para asientos de coche"},"content":{"rendered":"<p><span style=\"font-family: 'Book Antiqua', Palatino; font-size: 120%; color: #333399;\">Disfrute de los beneficios de Earthing incluso en el coche con nuestra alfombrilla para el asiento del conductor.<\/span><\/p>\n<p><span style=\"font-family: 'Book Antiqua', Palatino; font-size: 120%; color: #333399;\">Esta alfombrilla antiest\u00e1tica est\u00e1 especialmente dise\u00f1ada para reducir las cargas electrost\u00e1ticas acumuladas durante sus desplazamientos y mejorar su comodidad en carretera.<\/span><\/p>\n<h3><span style=\"font-family: 'Book Antiqua', Palatino; font-size: 120%; color: #333399;\">Dise\u00f1ado para su uso en el coche<\/span><\/h3>\n<p><span style=\"font-family: 'Book Antiqua', Palatino; font-size: 120%; color: #333399;\">Fabricada en caucho conductor enriquecido con carbono, esta alfombrilla Earthing para asiento de coche se coloca directamente sobre el asiento. Se suministra con :<\/span><\/p>\n<ul>\n<li><span style=\"font-family: 'Book Antiqua', Palatino; font-size: 120%; color: #333399;\">Un cable de conexi\u00f3n<\/span><\/li>\n<li><span style=\"font-family: 'Book Antiqua', Palatino; font-size: 120%; color: #333399;\">Una pinza de cocodrilo para facilitar la fijaci\u00f3n a una parte met\u00e1lica del veh\u00edculo (normalmente el chasis o el bastidor bajo el asiento; puede ser necesario rascar ligeramente la pintura para garantizar un buen contacto con el metal).<\/span><\/li>\n<\/ul>\n<p><span style=\"font-family: 'Book Antiqua', Palatino; font-size: 120%; color: #333399;\">A diferencia de una alfombrilla de toma de tierra dom\u00e9stica conectada directamente a tierra, este modelo para coche te conecta a la toma de tierra del veh\u00edculo, limitando la acumulaci\u00f3n de cargas el\u00e9ctricas entre tu cuerpo y la carrocer\u00eda.<\/span><\/p>\n<h3><span style=\"font-family: 'Book Antiqua', Palatino; font-size: 120%; color: #333399;\">Ideal para viajes largos y conductores sensibles<\/span><\/h3>\n<p><span style=\"font-family: 'Book Antiqua', Palatino; font-size: 120%; color: #333399;\">Los estudios sugieren que reducir las cargas electrost\u00e1ticas en los coches puede :<\/span><\/p>\n<ul>\n<li><span style=\"font-family: 'Book Antiqua', Palatino; font-size: 120%; color: #333399;\">Aliviar el mareo;<\/span><\/li>\n<li><span style=\"font-family: 'Book Antiqua', Palatino; font-size: 120%; color: #333399;\">Reducir la fatiga al volante ;<\/span><\/li>\n<li><span style=\"font-family: 'Book Antiqua', Palatino; font-size: 120%; color: #333399;\">Mayor confort electromagn\u00e9tico.<\/span><\/li>\n<\/ul>\n<p><span style=\"font-family: 'Book Antiqua', Palatino; font-size: 120%; color: #333399;\">Esta alfombrilla puede utilizarse a trav\u00e9s de la ropa, ya que su funci\u00f3n principal es evitar la electricidad est\u00e1tica. No requiere contacto directo con la piel.<\/span><\/p>\n<h3><span style=\"font-family: 'Book Antiqua', Palatino; font-size: 120%; color: #333399;\">\u00bfQu\u00e9 es la toma de tierra?<\/span><\/h3>\n<p><span style=\"font-family: 'Book Antiqua', Palatino; font-size: 120%; color: #333399;\">Earthing es una pr\u00e1ctica natural que consiste en establecer una conexi\u00f3n el\u00e9ctrica con la Tierra para restablecer el equilibrio bioel\u00e9ctrico. Al igual que caminar descalzo por la naturaleza, los accesorios Earthing reproducen este efecto beneficioso.<\/span><\/p>\n<p><span style=\"font-family: 'Book Antiqua', Palatino; font-size: 120%; color: #333399;\">Seg\u00fan los trabajos de Clinton Ober, Stephen Sinatra y Martin Zucker, Earthing puede tener muchos beneficios:<\/span><\/p>\n<ul>\n<li><span style=\"font-family: 'Book Antiqua', Palatino; font-size: 120%; color: #333399;\">Mejora del sistema inmunitario ;<\/span><\/li>\n<li><span style=\"font-family: 'Book Antiqua', Palatino; font-size: 120%; color: #333399;\">Regulaci\u00f3n del sue\u00f1o y reloj biol\u00f3gico ;<\/span><\/li>\n<li><span style=\"font-family: 'Book Antiqua', Palatino; font-size: 120%; color: #333399;\">Reduce el estr\u00e9s, la ansiedad y el dolor muscular;<\/span><\/li>\n<li><span style=\"font-family: 'Book Antiqua', Palatino; font-size: 120%; color: #333399;\">Mejor circulaci\u00f3n sangu\u00ednea ;<\/span><\/li>\n<li><span style=\"font-family: 'Book Antiqua', Palatino; font-size: 120%; color: #333399;\">Alivio de los s\u00edntomas de electrosensibilidad ;<\/span><\/li>\n<li><span style=\"font-family: 'Book Antiqua', Palatino; font-size: 120%; color: #333399;\">Recuperaci\u00f3n f\u00edsica m\u00e1s r\u00e1pida y reducci\u00f3n de la inflamaci\u00f3n.<\/span><\/li>\n<\/ul>\n<p><span style=\"font-family: 'Book Antiqua', Palatino; font-size: 120%; color: #ed1c24;\">Este producto de bienestar no sustituye el consejo m\u00e9dico. Si tiene dudas o problemas de salud, consulte a un profesional sanitario cualificado.<\/span><\/p>\n<h3><span style=\"font-family: 'Book Antiqua', Palatino; font-size: 120%; color: #333399;\">Especificaciones t\u00e9cnicas<\/span><\/h3>\n<p><span style=\"font-family: 'Book Antiqua', Palatino; font-size: 120%; color: #333399;\">Dimensiones: 25 x 25 cm<\/span><\/p>\n<p><span style=\"font-family: 'Book Antiqua', Palatino; font-size: 120%; color: #333399;\">Fabricado a partir de un n\u00facleo de espuma con una capa de carbono conductor.<\/span><\/p>\n<p><span style=\"font-family: 'Book Antiqua', Palatino; font-size: 120%; color: #333399;\">Se suministra con un cable de conexi\u00f3n extensible provisto de una pinza de cocodrilo.<\/span><\/p>","protected":false},"excerpt":{"rendered":"<p><span style=\"font-family: 'Book Antiqua', Palatino; font-size: 120%; color: #333399;\"><strong>Disfrute de los beneficios de Earthing incluso en el coche con nuestra alfombrilla para el asiento del conductor.\u00a0<\/strong><\/span><\/p>\n<p><span style=\"font-family: 'Book Antiqua', Palatino; font-size: 120%; color: #333399;\">Esta alfombrilla antiest\u00e1tica est\u00e1 especialmente dise\u00f1ada para reducir las cargas electrost\u00e1ticas acumuladas durante sus desplazamientos y mejorar su comodidad en carretera.\u00a0<\/span><\/p>\n<p><span style=\"font-family: 'Book Antiqua', Palatino; font-size: 120%; color: #333399;\">Eficaz contra el mareo y el cansancio al volante.\u00a0<\/span><\/p>\n<p><span style=\"font-family: 'Book Antiqua', Palatino; font-size: 120%; color: #333399;\">Dimensiones: 25 x 25 cm<\/span><\/p>","protected":false},"featured_media":2413,"comment_status":"open","ping_status":"closed","template":"","meta":[],"product_brand":[267],"product_cat":[164],"product_tag":[248,249,254],"class_list":{"0":"post-2411","1":"product","2":"type-product","3":"status-publish","4":"has-post-thumbnail","6":"product_brand-earthing","7":"product_cat-baubiologie","8":"product_tag-baubiologie","9":"product_tag-electromagnetisme","10":"product_tag-voiture","12":"first","13":"instock","14":"taxable","15":"shipping-taxable","16":"purchasable","17":"product-type-simple"},"yoast_head":"<!-- This site is optimized with the Yoast SEO Premium plugin v25.1 (Yoast SEO v27.4) - https:\/\/yoast.com\/product\/yoast-seo-premium-wordpress\/ -->\n<title>Tapis d&#039;assise antistatique pour voiture Earthing | Agara<\/title>\n<meta name=\"description\" content=\"Profitez des bienfaits de l&#039;Earthing m\u00eame en voiture gr\u00e2ce \u00e0 notre tapis d\u2019assise conducteur.\u00a0Ce tapis antistatique est sp\u00e9cialement con\u00e7u pour r\u00e9duire les charges \u00e9lectrostatiques accumul\u00e9es lors de vos trajets et am\u00e9liorer votre confort en route. Efficace contre le mal des transports et la fatigue au volant. Dimensions : 25 x 25 cm\" \/>\n<meta name=\"robots\" content=\"index, follow, max-snippet:-1, max-image-preview:large, max-video-preview:-1\" \/>\n<link rel=\"canonical\" href=\"https:\/\/369agara.com\/es\/producto\/tapis-antistatique-voiture-earthing\/\" \/>\n<meta property=\"og:locale\" content=\"es_ES\" \/>\n<meta property=\"og:type\" content=\"article\" \/>\n<meta property=\"og:title\" content=\"Tapis d&#039;assise antistatique pour voiture Earthing\" \/>\n<meta property=\"og:description\" content=\"Profitez des bienfaits de l&#039;Earthing m\u00eame en voiture gr\u00e2ce \u00e0 notre tapis d\u2019assise conducteur.\u00a0Ce tapis antistatique est sp\u00e9cialement con\u00e7u pour r\u00e9duire les charges \u00e9lectrostatiques accumul\u00e9es lors de vos trajets et am\u00e9liorer votre confort en route. Efficace contre le mal des transports et la fatigue au volant. Dimensions : 25 x 25 cm\" \/>\n<meta property=\"og:url\" content=\"https:\/\/369agara.com\/es\/producto\/tapis-antistatique-voiture-earthing\/\" \/>\n<meta property=\"og:site_name\" content=\"Agara\" \/>\n<meta property=\"article:modified_time\" content=\"2025-05-13T09:36:52+00:00\" \/>\n<meta property=\"og:image\" content=\"https:\/\/369agara.com\/wp-content\/uploads\/2023\/10\/tapis-dassise-voiture-earthing.jpg\" \/>\n\t<meta property=\"og:image:width\" content=\"800\" \/>\n\t<meta property=\"og:image:height\" content=\"800\" \/>\n\t<meta property=\"og:image:type\" content=\"image\/jpeg\" \/>\n<meta name=\"twitter:card\" content=\"summary_large_image\" \/>\n<meta name=\"twitter:label1\" content=\"Tiempo de lectura\" \/>\n\t<meta name=\"twitter:data1\" content=\"3 minutos\" \/>\n<script type=\"application\/ld+json\" class=\"yoast-schema-graph\">{\"@context\":\"https:\\\/\\\/schema.org\",\"@graph\":[{\"@type\":\"WebPage\",\"@id\":\"https:\\\/\\\/369agara.com\\\/produit\\\/tapis-antistatique-voiture-earthing\\\/\",\"url\":\"https:\\\/\\\/369agara.com\\\/produit\\\/tapis-antistatique-voiture-earthing\\\/\",\"name\":\"Tapis d'assise antistatique pour voiture Earthing | Agara\",\"isPartOf\":{\"@id\":\"https:\\\/\\\/369agara.com\\\/#website\"},\"primaryImageOfPage\":{\"@id\":\"https:\\\/\\\/369agara.com\\\/produit\\\/tapis-antistatique-voiture-earthing\\\/#primaryimage\"},\"image\":{\"@id\":\"https:\\\/\\\/369agara.com\\\/produit\\\/tapis-antistatique-voiture-earthing\\\/#primaryimage\"},\"thumbnailUrl\":\"https:\\\/\\\/369agara.com\\\/wp-content\\\/uploads\\\/2023\\\/10\\\/tapis-dassise-voiture-earthing.jpg\",\"datePublished\":\"2023-10-28T16:44:44+00:00\",\"dateModified\":\"2025-05-13T09:36:52+00:00\",\"description\":\"Profitez des bienfaits de l'Earthing m\u00eame en voiture gr\u00e2ce \u00e0 notre tapis d\u2019assise conducteur.\u00a0Ce tapis antistatique est sp\u00e9cialement con\u00e7u pour r\u00e9duire les charges \u00e9lectrostatiques accumul\u00e9es lors de vos trajets et am\u00e9liorer votre confort en route. Efficace contre le mal des transports et la fatigue au volant. Dimensions : 25 x 25 cm\",\"breadcrumb\":{\"@id\":\"https:\\\/\\\/369agara.com\\\/produit\\\/tapis-antistatique-voiture-earthing\\\/#breadcrumb\"},\"inLanguage\":\"es\",\"potentialAction\":[{\"@type\":\"ReadAction\",\"target\":[\"https:\\\/\\\/369agara.com\\\/produit\\\/tapis-antistatique-voiture-earthing\\\/\"]}]},{\"@type\":\"ImageObject\",\"inLanguage\":\"es\",\"@id\":\"https:\\\/\\\/369agara.com\\\/produit\\\/tapis-antistatique-voiture-earthing\\\/#primaryimage\",\"url\":\"https:\\\/\\\/369agara.com\\\/wp-content\\\/uploads\\\/2023\\\/10\\\/tapis-dassise-voiture-earthing.jpg\",\"contentUrl\":\"https:\\\/\\\/369agara.com\\\/wp-content\\\/uploads\\\/2023\\\/10\\\/tapis-dassise-voiture-earthing.jpg\",\"width\":800,\"height\":800},{\"@type\":\"BreadcrumbList\",\"@id\":\"https:\\\/\\\/369agara.com\\\/produit\\\/tapis-antistatique-voiture-earthing\\\/#breadcrumb\",\"itemListElement\":[{\"@type\":\"ListItem\",\"position\":1,\"name\":\"Accueil\",\"item\":\"https:\\\/\\\/369agara.com\\\/\"},{\"@type\":\"ListItem\",\"position\":2,\"name\":\"La boutique\",\"item\":\"https:\\\/\\\/369agara.com\\\/la-boutique\\\/\"},{\"@type\":\"ListItem\",\"position\":3,\"name\":\"Tapis d&rsquo;assise antistatique pour voiture Earthing\"}]},{\"@type\":\"WebSite\",\"@id\":\"https:\\\/\\\/369agara.com\\\/#website\",\"url\":\"https:\\\/\\\/369agara.com\\\/\",\"name\":\"Livsrikedomar\",\"description\":\"D\u00e9connectez pour mieux vous connecter\",\"publisher\":{\"@id\":\"https:\\\/\\\/369agara.com\\\/#organization\"},\"potentialAction\":[{\"@type\":\"SearchAction\",\"target\":{\"@type\":\"EntryPoint\",\"urlTemplate\":\"https:\\\/\\\/369agara.com\\\/?s={search_term_string}\"},\"query-input\":{\"@type\":\"PropertyValueSpecification\",\"valueRequired\":true,\"valueName\":\"search_term_string\"}}],\"inLanguage\":\"es\"},{\"@type\":\"Organization\",\"@id\":\"https:\\\/\\\/369agara.com\\\/#organization\",\"name\":\"EACreations\",\"url\":\"https:\\\/\\\/369agara.com\\\/\",\"logo\":{\"@type\":\"ImageObject\",\"inLanguage\":\"es\",\"@id\":\"https:\\\/\\\/369agara.com\\\/#\\\/schema\\\/logo\\\/image\\\/\",\"url\":\"\",\"contentUrl\":\"\",\"caption\":\"EACreations\"},\"image\":{\"@id\":\"https:\\\/\\\/369agara.com\\\/#\\\/schema\\\/logo\\\/image\\\/\"}}]}<\/script>\n<!-- \/ Yoast SEO Premium plugin. -->","yoast_head_json":{"title":"Tapis d'assise antistatique pour voiture Earthing | Agara","description":"Profitez des bienfaits de l'Earthing m\u00eame en voiture gr\u00e2ce \u00e0 notre tapis d\u2019assise conducteur.\u00a0Ce tapis antistatique est sp\u00e9cialement con\u00e7u pour r\u00e9duire les charges \u00e9lectrostatiques accumul\u00e9es lors de vos trajets et am\u00e9liorer votre confort en route. Efficace contre le mal des transports et la fatigue au volant. Dimensions : 25 x 25 cm","robots":{"index":"index","follow":"follow","max-snippet":"max-snippet:-1","max-image-preview":"max-image-preview:large","max-video-preview":"max-video-preview:-1"},"canonical":"https:\/\/369agara.com\/es\/producto\/tapis-antistatique-voiture-earthing\/","og_locale":"es_ES","og_type":"article","og_title":"Tapis d'assise antistatique pour voiture Earthing","og_description":"Profitez des bienfaits de l'Earthing m\u00eame en voiture gr\u00e2ce \u00e0 notre tapis d\u2019assise conducteur.\u00a0Ce tapis antistatique est sp\u00e9cialement con\u00e7u pour r\u00e9duire les charges \u00e9lectrostatiques accumul\u00e9es lors de vos trajets et am\u00e9liorer votre confort en route. Efficace contre le mal des transports et la fatigue au volant. Dimensions : 25 x 25 cm","og_url":"https:\/\/369agara.com\/es\/producto\/tapis-antistatique-voiture-earthing\/","og_site_name":"Agara","article_modified_time":"2025-05-13T09:36:52+00:00","og_image":[{"width":800,"height":800,"url":"https:\/\/369agara.com\/wp-content\/uploads\/2023\/10\/tapis-dassise-voiture-earthing.jpg","type":"image\/jpeg"}],"twitter_card":"summary_large_image","twitter_misc":{"Tiempo de lectura":"3 minutos"},"schema":{"@context":"https:\/\/schema.org","@graph":[{"@type":"WebPage","@id":"https:\/\/369agara.com\/produit\/tapis-antistatique-voiture-earthing\/","url":"https:\/\/369agara.com\/produit\/tapis-antistatique-voiture-earthing\/","name":"Tapis d'assise antistatique pour voiture Earthing | Agara","isPartOf":{"@id":"https:\/\/369agara.com\/#website"},"primaryImageOfPage":{"@id":"https:\/\/369agara.com\/produit\/tapis-antistatique-voiture-earthing\/#primaryimage"},"image":{"@id":"https:\/\/369agara.com\/produit\/tapis-antistatique-voiture-earthing\/#primaryimage"},"thumbnailUrl":"https:\/\/369agara.com\/wp-content\/uploads\/2023\/10\/tapis-dassise-voiture-earthing.jpg","datePublished":"2023-10-28T16:44:44+00:00","dateModified":"2025-05-13T09:36:52+00:00","description":"Profitez des bienfaits de l'Earthing m\u00eame en voiture gr\u00e2ce \u00e0 notre tapis d\u2019assise conducteur.\u00a0Ce tapis antistatique est sp\u00e9cialement con\u00e7u pour r\u00e9duire les charges \u00e9lectrostatiques accumul\u00e9es lors de vos trajets et am\u00e9liorer votre confort en route. Efficace contre le mal des transports et la fatigue au volant. Dimensions : 25 x 25 cm","breadcrumb":{"@id":"https:\/\/369agara.com\/produit\/tapis-antistatique-voiture-earthing\/#breadcrumb"},"inLanguage":"es","potentialAction":[{"@type":"ReadAction","target":["https:\/\/369agara.com\/produit\/tapis-antistatique-voiture-earthing\/"]}]},{"@type":"ImageObject","inLanguage":"es","@id":"https:\/\/369agara.com\/produit\/tapis-antistatique-voiture-earthing\/#primaryimage","url":"https:\/\/369agara.com\/wp-content\/uploads\/2023\/10\/tapis-dassise-voiture-earthing.jpg","contentUrl":"https:\/\/369agara.com\/wp-content\/uploads\/2023\/10\/tapis-dassise-voiture-earthing.jpg","width":800,"height":800},{"@type":"BreadcrumbList","@id":"https:\/\/369agara.com\/produit\/tapis-antistatique-voiture-earthing\/#breadcrumb","itemListElement":[{"@type":"ListItem","position":1,"name":"Accueil","item":"https:\/\/369agara.com\/"},{"@type":"ListItem","position":2,"name":"La boutique","item":"https:\/\/369agara.com\/la-boutique\/"},{"@type":"ListItem","position":3,"name":"Tapis d&rsquo;assise antistatique pour voiture Earthing"}]},{"@type":"WebSite","@id":"https:\/\/369agara.com\/#website","url":"https:\/\/369agara.com\/","name":"Livsrikedomar","description":"Desconectar para conectar mejor","publisher":{"@id":"https:\/\/369agara.com\/#organization"},"potentialAction":[{"@type":"SearchAction","target":{"@type":"EntryPoint","urlTemplate":"https:\/\/369agara.com\/?s={search_term_string}"},"query-input":{"@type":"PropertyValueSpecification","valueRequired":true,"valueName":"search_term_string"}}],"inLanguage":"es"},{"@type":"Organization","@id":"https:\/\/369agara.com\/#organization","name":"EACreations","url":"https:\/\/369agara.com\/","logo":{"@type":"ImageObject","inLanguage":"es","@id":"https:\/\/369agara.com\/#\/schema\/logo\/image\/","url":"","contentUrl":"","caption":"EACreations"},"image":{"@id":"https:\/\/369agara.com\/#\/schema\/logo\/image\/"}}]}},"jetpack_sharing_enabled":true,"_links":{"self":[{"href":"https:\/\/369agara.com\/es\/wp-json\/wp\/v2\/product\/2411","targetHints":{"allow":["GET"]}}],"collection":[{"href":"https:\/\/369agara.com\/es\/wp-json\/wp\/v2\/product"}],"about":[{"href":"https:\/\/369agara.com\/es\/wp-json\/wp\/v2\/types\/product"}],"replies":[{"embeddable":true,"href":"https:\/\/369agara.com\/es\/wp-json\/wp\/v2\/comments?post=2411"}],"wp:featuredmedia":[{"embeddable":true,"href":"https:\/\/369agara.com\/es\/wp-json\/wp\/v2\/media\/2413"}],"wp:attachment":[{"href":"https:\/\/369agara.com\/es\/wp-json\/wp\/v2\/media?parent=2411"}],"wp:term":[{"taxonomy":"product_brand","embeddable":true,"href":"https:\/\/369agara.com\/es\/wp-json\/wp\/v2\/product_brand?post=2411"},{"taxonomy":"product_cat","embeddable":true,"href":"https:\/\/369agara.com\/es\/wp-json\/wp\/v2\/product_cat?post=2411"},{"taxonomy":"product_tag","embeddable":true,"href":"https:\/\/369agara.com\/es\/wp-json\/wp\/v2\/product_tag?post=2411"}],"curies":[{"name":"wp","href":"https:\/\/api.w.org\/{rel}","templated":true}]}}