{"id":2421,"date":"2023-11-12T21:28:52","date_gmt":"2023-11-12T20:28:52","guid":{"rendered":"https:\/\/369agara.com\/?post_type=product&#038;p=2421"},"modified":"2025-05-10T22:01:20","modified_gmt":"2025-05-10T20:01:20","slug":"filtre-cpl-polier-prostop65","status":"publish","type":"product","link":"https:\/\/369agara.com\/es\/producto\/filtre-cpl-polier-prostop65\/","title":{"rendered":"Polier PROSTOP65 PLC filtro CENELEC A (Linky), B, C y D"},"content":{"rendered":"<p><span style=\"font-family: 'Book Antiqua', Palatino; font-size: 120%; color: #333399;\">El filtro PLC Polier PROSTOP65 es un filtro PLC de banda ancha de alto rendimiento que impide que cualquier corriente PLC en las distintas bandas CENELEC (CENELEC A Linky, B, C y D) atraviese su cuadro el\u00e9ctrico y se propague por la red el\u00e9ctrica de su hogar.<\/span><\/p>\n<p><img loading=\"lazy\" decoding=\"async\" class=\"alignnone wp-image-3747\" src=\"https:\/\/369agara.com\/wp-content\/uploads\/2023\/11\/Illustration-filtre-CPL-Polier-Prostop65-300x86.png\" alt=\"\" width=\"698\" height=\"200\" srcset=\"https:\/\/369agara.com\/wp-content\/uploads\/2023\/11\/Illustration-filtre-CPL-Polier-Prostop65-300x86.png 300w, https:\/\/369agara.com\/wp-content\/uploads\/2023\/11\/Illustration-filtre-CPL-Polier-Prostop65-18x5.png 18w, https:\/\/369agara.com\/wp-content\/uploads\/2023\/11\/Illustration-filtre-CPL-Polier-Prostop65-510x146.png 510w, https:\/\/369agara.com\/wp-content\/uploads\/2023\/11\/Illustration-filtre-CPL-Polier-Prostop65.png 729w\" sizes=\"auto, (max-width: 698px) 100vw, 698px\" \/><\/p>\n<h3><span style=\"font-family: 'Book Antiqua', Palatino; font-size: 120%; color: #333399;\">El principio del filtro<\/span><\/h3>\n<ul>\n<li><span style=\"font-family: 'Book Antiqua', Palatino; font-size: 120%; color: #333399;\">El contador el\u00e9ctrico LINKY y los equipos dom\u00e9sticos (dom\u00f3tica, alarmas, sistemas de seguridad) emiten se\u00f1ales PLC (Power Line Communication) a trav\u00e9s de la red el\u00e9ctrica. Estas se\u00f1ales par\u00e1sitas presentes en la red el\u00e9ctrica son molestas para las personas electrosensibles.<\/span><\/li>\n<li><span style=\"font-family: 'Book Antiqua', Palatino; font-size: 120%; color: #333399;\">Estas ondas pueden proceder de su propio contador de electricidad LINKY, o del contador o equipo de su vecino. Se env\u00edan por toda la red el\u00e9ctrica.<\/span><\/li>\n<li><span style=\"font-family: 'Book Antiqua', Palatino; font-size: 120%; color: #333399;\">Con 35 a\u00f1os de experiencia en el campo de la gesti\u00f3n de la energ\u00eda, POLIER ofrece el filtro PLC de alto rendimiento PROSTOP, que filtra las ondas de los contadores el\u00e9ctricos Linky, as\u00ed como de todos los equipos dom\u00e9sticos.<\/span><\/li>\n<li><span style=\"font-family: 'Book Antiqua', Palatino; font-size: 120%; color: #333399;\">El filtro PROSTOP se conecta entre el disyuntor del abonado y el cuadro el\u00e9ctrico. Por tanto, se instala en la parte privada de la instalaci\u00f3n y bloquea la entrada de ondas en la vivienda.<\/span><\/li>\n<li><span style=\"font-family: 'Book Antiqua', Palatino; font-size: 120%; color: #333399;\">La conexi\u00f3n debe realizarla un profesional.<\/span><\/li>\n<\/ul>\n<h3><span style=\"font-family: 'Book Antiqua', Palatino; font-size: 120%; color: #333399;\">Ventajas de este filtro<\/span><\/h3>\n<ul>\n<li><span style=\"font-family: 'Book Antiqua', Palatino; font-size: 120%; color: #333399;\">El filtro PROSTOP65 Polier filtra las 4 bandas de frecuencia CENELEC (A Linky, B, C y D).<\/span><\/li>\n<li><span style=\"font-family: 'Book Antiqua', Palatino; font-size: 120%; color: #333399;\">Atenuaci\u00f3n de -40 dB (se filtra el 99,99 % de las se\u00f1ales)<\/span><\/li>\n<li><span style=\"font-family: 'Book Antiqua', Palatino; font-size: 120%; color: #333399;\">Filtra las se\u00f1ales PLC enviadas entre fase y neutro.\u00a0<strong>Por tanto, filtra tanto la fase como el neutro.\u00a0<\/strong><\/span><\/li>\n<li><span style=\"font-family: 'Book Antiqua', Palatino; font-size: 120%; color: #333399;\">Ocupa poco espacio (s\u00f3lo 4 m\u00f3dulos en el panel)<\/span><\/li>\n<\/ul>\n<h3><span style=\"font-family: 'Book Antiqua', Palatino; font-size: 120%; color: #333399;\">Especificaciones t\u00e9cnicas :<\/span><\/h3>\n<ul>\n<li><span style=\"font-family: 'Book Antiqua', Palatino; font-size: 120%; color: #333399;\">Frecuencias filtradas: 35 - 150 kHz<\/span><\/li>\n<li><span style=\"font-family: 'Book Antiqua', Palatino; font-size: 120%; color: #333399;\">Corriente nominal: 10 (65)<\/span><\/li>\n<li><span style=\"font-family: 'Book Antiqua', Palatino; font-size: 120%; color: #333399;\">Corriente m\u00e1xima: 65 A. Cubre todos los abonos de 3 a 15 kVA monof\u00e1sicos.<\/span><\/li>\n<li><span style=\"font-family: 'Book Antiqua', Palatino; font-size: 120%; color: #333399;\">Certificaci\u00f3n - Norma CENELEC: CE - EN 50065-1<\/span><\/li>\n<li><span style=\"font-family: 'Book Antiqua', Palatino; font-size: 120%; color: #333399;\">Tensi\u00f3n de funcionamiento: 110-270 V<\/span><\/li>\n<li><span style=\"font-family: 'Book Antiqua', Palatino; font-size: 120%; color: #333399;\">Frecuencia de funcionamiento: 50 - 60 Hz<\/span><\/li>\n<li><span style=\"font-family: 'Book Antiqua', Palatino; font-size: 120%; color: #333399;\">Grado de protecci\u00f3n: IP51<\/span><\/li>\n<li><span style=\"font-family: 'Book Antiqua', Palatino; font-size: 120%; color: #333399;\">Vida \u00fatil: 25 a\u00f1os a 50\u00b0C<\/span><\/li>\n<li><span style=\"font-family: 'Book Antiqua', Palatino; font-size: 120%; color: #333399;\">Temperatura de funcionamiento: -25 +85 \u00b0C<\/span><\/li>\n<li><span style=\"font-family: 'Book Antiqua', Palatino; font-size: 120%; color: #333399;\">Secci\u00f3n m\u00e1x. de conexi\u00f3n fase\/neutro: 6 - 16 mm\u00b2.<\/span><\/li>\n<li><span style=\"font-family: 'Book Antiqua', Palatino; font-size: 120%; color: #333399;\">Par de apriete: 3 +-0,1 Nm<\/span><\/li>\n<li><span style=\"font-family: 'Book Antiqua', Palatino; font-size: 120%; color: #333399;\">Peso : 0,8 kg<\/span><\/li>\n<\/ul>\n<h3><span style=\"font-family: 'Book Antiqua', Palatino; font-size: 120%; color: #333399;\">Conexi\u00f3n :<\/span><\/h3>\n<p><span style=\"font-family: 'Book Antiqua', Palatino; font-size: 120%; color: #333399;\">El filtro PROSTOP65 se conecta entre el disyuntor del abonado y el cuadro el\u00e9ctrico. Por lo tanto, se instala legalmente en la parte privada de la instalaci\u00f3n.<\/span><\/p>\n<p><span style=\"font-family: 'Book Antiqua', Palatino; font-size: 120%; color: #333399;\">Le recomendamos que recurra a un profesional para la instalaci\u00f3n.<\/span><\/p>\n<table style=\"width: 100%; border-collapse: collapse; border-style: none;\">\n<tbody>\n<tr>\n<td style=\"width: 17.0203%;\"><span style=\"font-family: 'Book Antiqua', Palatino; font-size: 120%; color: #333399;\">Conexi\u00f3n monof\u00e1sica<\/span><\/p>\n<p>&nbsp;<\/p>\n<p>&nbsp;<\/p>\n<p>&nbsp;<\/p>\n<p>&nbsp;<\/p>\n<p><span style=\"font-family: 'Book Antiqua', Palatino; font-size: 120%; color: #333399;\">Conexi\u00f3n trif\u00e1sica<\/span><\/td>\n<td style=\"width: 82.9797%;\"><span style=\"font-family: 'Book Antiqua', Palatino; font-size: 120%; color: #333399;\"><img loading=\"lazy\" decoding=\"async\" class=\"alignnone wp-image-3746\" src=\"https:\/\/369agara.com\/wp-content\/uploads\/2023\/11\/Branchement-filtre-CPL-Polier-PROSTOP65-300x294.jpg\" alt=\"\" width=\"371\" height=\"363\" srcset=\"https:\/\/369agara.com\/wp-content\/uploads\/2023\/11\/Branchement-filtre-CPL-Polier-PROSTOP65-300x294.jpg 300w, https:\/\/369agara.com\/wp-content\/uploads\/2023\/11\/Branchement-filtre-CPL-Polier-PROSTOP65-12x12.jpg 12w, https:\/\/369agara.com\/wp-content\/uploads\/2023\/11\/Branchement-filtre-CPL-Polier-PROSTOP65.jpg 437w\" sizes=\"auto, (max-width: 371px) 100vw, 371px\" \/><\/span><\/td>\n<\/tr>\n<\/tbody>\n<\/table>\n<p><span style=\"font-family: 'Book Antiqua', Palatino; font-size: 120%; color: #333399;\">El filtro PROSTOP65 ha sido certificado por el organismo de certificaci\u00f3n ENAC\/ECA y cumple las siguientes normas:\u00a0\u00a0<\/span><\/p>\n<ul>\n<li><span style=\"font-family: 'Book Antiqua', Palatino; font-size: 120%; color: #333399;\">EN-50065-1 ; EN-60939-2\u00a0 \u00a0<\/span><\/li>\n<li><span style=\"font-family: 'Book Antiqua', Palatino; font-size: 120%; color: #333399;\">IEC-60950-1 ; IEC-62052-31 ; IEC-60950-1\u00a0 \u00a0 \u00a0 \u00a0 \u00a0 \u00a0 \u00a0 \u00a0 \u00a0<\/span><\/li>\n<li><span style=\"font-family: 'Book Antiqua', Palatino; font-size: 120%; color: #333399;\">2004\/108\/CE; 2011\/65\/UE<\/span><\/li>\n<li><span style=\"font-family: 'Book Antiqua', Palatino; font-size: 120%; color: #333399;\">UNE-20324 ; UNE-EN-50102 ; UNE-EN-61709<\/span><\/li>\n<li><span style=\"font-family: 'Book Antiqua', Palatino; font-size: 120%; color: #333399;\">UL-1283<\/span><\/li>\n<li><span style=\"font-family: 'Book Antiqua', Palatino; font-size: 120%; color: #333399;\">ROHS<\/span><\/li>\n<\/ul>","protected":false},"excerpt":{"rendered":"<p><span style=\"font-family: 'Book Antiqua', Palatino; font-size: 120%; color: #333399;\">El filtro PLC Polier PROSTOP65 es un filtro PLC de banda ancha de alto rendimiento que impide que cualquier corriente PLC en las distintas bandas CENELEC (CENELEC A Linky, B, C y D) atraviese su cuadro el\u00e9ctrico y se propague por la red el\u00e9ctrica de su hogar.<\/span><\/p>\n<p><span style=\"font-family: 'Book Antiqua', Palatino; font-size: 120%; color: #333399;\">Adecuado para instalaciones monof\u00e1sicas y trif\u00e1sicas (en cuyo caso se requiere un filtro por fase).<\/span><\/p>","protected":false},"featured_media":2423,"comment_status":"open","ping_status":"closed","template":"","meta":[],"product_brand":[],"product_cat":[164],"product_tag":[248,251,249,245],"class_list":{"0":"post-2421","1":"product","2":"type-product","3":"status-publish","4":"has-post-thumbnail","6":"product_cat-baubiologie","7":"product_tag-baubiologie","8":"product_tag-electricite","9":"product_tag-electromagnetisme","10":"product_tag-maison","12":"first","13":"instock","14":"taxable","15":"shipping-taxable","16":"purchasable","17":"product-type-simple"},"yoast_head":"<!-- This site is optimized with the Yoast SEO Premium plugin v25.1 (Yoast SEO v27.4) - https:\/\/yoast.com\/product\/yoast-seo-premium-wordpress\/ -->\n<title>Filtre CPL Polier PROSTOP65 CENELEC A (Linky), B, C et D | Agara<\/title>\n<meta name=\"description\" content=\"Le filtre CPL Polier PROSTOP65 est un filtre CPL large bande de haute performance permettant d&#039;emp\u00eacher tout courant CPL des diff\u00e9rentes bandes CENELEC (CENELEC A Linky, B, C et D) de franchir votre tableau \u00e9lectrique et de se propager sur le r\u00e9seau \u00e9lectrique de votre habitation. Convient pour les installations monophas\u00e9es et triphas\u00e9es (dans ce cas, un filtre par phase est n\u00e9cessaire).\" \/>\n<meta name=\"robots\" content=\"index, follow, max-snippet:-1, max-image-preview:large, max-video-preview:-1\" \/>\n<link rel=\"canonical\" href=\"https:\/\/369agara.com\/es\/producto\/filtre-cpl-polier-prostop65\/\" \/>\n<meta property=\"og:locale\" content=\"es_ES\" \/>\n<meta property=\"og:type\" content=\"article\" \/>\n<meta property=\"og:title\" content=\"Filtre CPL Polier PROSTOP65 CENELEC A (Linky), B, C et D\" \/>\n<meta property=\"og:description\" content=\"Le filtre CPL Polier PROSTOP65 est un filtre CPL large bande de haute performance permettant d&#039;emp\u00eacher tout courant CPL des diff\u00e9rentes bandes CENELEC (CENELEC A Linky, B, C et D) de franchir votre tableau \u00e9lectrique et de se propager sur le r\u00e9seau \u00e9lectrique de votre habitation. Convient pour les installations monophas\u00e9es et triphas\u00e9es (dans ce cas, un filtre par phase est n\u00e9cessaire).\" \/>\n<meta property=\"og:url\" content=\"https:\/\/369agara.com\/es\/producto\/filtre-cpl-polier-prostop65\/\" \/>\n<meta property=\"og:site_name\" content=\"Agara\" \/>\n<meta property=\"article:modified_time\" content=\"2025-05-10T20:01:20+00:00\" \/>\n<meta property=\"og:image\" content=\"https:\/\/369agara.com\/wp-content\/uploads\/2023\/11\/filtre-cpl-polier-prostop65-cenelec-a-linky-b-c-et-d-.jpg\" \/>\n\t<meta property=\"og:image:width\" content=\"800\" \/>\n\t<meta property=\"og:image:height\" content=\"800\" \/>\n\t<meta property=\"og:image:type\" content=\"image\/jpeg\" \/>\n<meta name=\"twitter:card\" content=\"summary_large_image\" \/>\n<meta name=\"twitter:label1\" content=\"Tiempo de lectura\" \/>\n\t<meta name=\"twitter:data1\" content=\"3 minutos\" \/>\n<script type=\"application\/ld+json\" class=\"yoast-schema-graph\">{\"@context\":\"https:\\\/\\\/schema.org\",\"@graph\":[{\"@type\":\"WebPage\",\"@id\":\"https:\\\/\\\/369agara.com\\\/produit\\\/filtre-cpl-polier-prostop65\\\/\",\"url\":\"https:\\\/\\\/369agara.com\\\/produit\\\/filtre-cpl-polier-prostop65\\\/\",\"name\":\"Filtre CPL Polier PROSTOP65 CENELEC A (Linky), B, C et D | Agara\",\"isPartOf\":{\"@id\":\"https:\\\/\\\/369agara.com\\\/#website\"},\"primaryImageOfPage\":{\"@id\":\"https:\\\/\\\/369agara.com\\\/produit\\\/filtre-cpl-polier-prostop65\\\/#primaryimage\"},\"image\":{\"@id\":\"https:\\\/\\\/369agara.com\\\/produit\\\/filtre-cpl-polier-prostop65\\\/#primaryimage\"},\"thumbnailUrl\":\"https:\\\/\\\/369agara.com\\\/wp-content\\\/uploads\\\/2023\\\/11\\\/filtre-cpl-polier-prostop65-cenelec-a-linky-b-c-et-d-.jpg\",\"datePublished\":\"2023-11-12T20:28:52+00:00\",\"dateModified\":\"2025-05-10T20:01:20+00:00\",\"description\":\"Le filtre CPL Polier PROSTOP65 est un filtre CPL large bande de haute performance permettant d'emp\u00eacher tout courant CPL des diff\u00e9rentes bandes CENELEC (CENELEC A Linky, B, C et D) de franchir votre tableau \u00e9lectrique et de se propager sur le r\u00e9seau \u00e9lectrique de votre habitation. Convient pour les installations monophas\u00e9es et triphas\u00e9es (dans ce cas, un filtre par phase est n\u00e9cessaire).\",\"breadcrumb\":{\"@id\":\"https:\\\/\\\/369agara.com\\\/produit\\\/filtre-cpl-polier-prostop65\\\/#breadcrumb\"},\"inLanguage\":\"es\",\"potentialAction\":[{\"@type\":\"ReadAction\",\"target\":[\"https:\\\/\\\/369agara.com\\\/produit\\\/filtre-cpl-polier-prostop65\\\/\"]}]},{\"@type\":\"ImageObject\",\"inLanguage\":\"es\",\"@id\":\"https:\\\/\\\/369agara.com\\\/produit\\\/filtre-cpl-polier-prostop65\\\/#primaryimage\",\"url\":\"https:\\\/\\\/369agara.com\\\/wp-content\\\/uploads\\\/2023\\\/11\\\/filtre-cpl-polier-prostop65-cenelec-a-linky-b-c-et-d-.jpg\",\"contentUrl\":\"https:\\\/\\\/369agara.com\\\/wp-content\\\/uploads\\\/2023\\\/11\\\/filtre-cpl-polier-prostop65-cenelec-a-linky-b-c-et-d-.jpg\",\"width\":800,\"height\":800},{\"@type\":\"BreadcrumbList\",\"@id\":\"https:\\\/\\\/369agara.com\\\/produit\\\/filtre-cpl-polier-prostop65\\\/#breadcrumb\",\"itemListElement\":[{\"@type\":\"ListItem\",\"position\":1,\"name\":\"Accueil\",\"item\":\"https:\\\/\\\/369agara.com\\\/\"},{\"@type\":\"ListItem\",\"position\":2,\"name\":\"La boutique\",\"item\":\"https:\\\/\\\/369agara.com\\\/la-boutique\\\/\"},{\"@type\":\"ListItem\",\"position\":3,\"name\":\"Filtre CPL Polier PROSTOP65 CENELEC A (Linky), B, C et D\"}]},{\"@type\":\"WebSite\",\"@id\":\"https:\\\/\\\/369agara.com\\\/#website\",\"url\":\"https:\\\/\\\/369agara.com\\\/\",\"name\":\"Livsrikedomar\",\"description\":\"D\u00e9connectez pour mieux vous connecter\",\"publisher\":{\"@id\":\"https:\\\/\\\/369agara.com\\\/#organization\"},\"potentialAction\":[{\"@type\":\"SearchAction\",\"target\":{\"@type\":\"EntryPoint\",\"urlTemplate\":\"https:\\\/\\\/369agara.com\\\/?s={search_term_string}\"},\"query-input\":{\"@type\":\"PropertyValueSpecification\",\"valueRequired\":true,\"valueName\":\"search_term_string\"}}],\"inLanguage\":\"es\"},{\"@type\":\"Organization\",\"@id\":\"https:\\\/\\\/369agara.com\\\/#organization\",\"name\":\"EACreations\",\"url\":\"https:\\\/\\\/369agara.com\\\/\",\"logo\":{\"@type\":\"ImageObject\",\"inLanguage\":\"es\",\"@id\":\"https:\\\/\\\/369agara.com\\\/#\\\/schema\\\/logo\\\/image\\\/\",\"url\":\"\",\"contentUrl\":\"\",\"caption\":\"EACreations\"},\"image\":{\"@id\":\"https:\\\/\\\/369agara.com\\\/#\\\/schema\\\/logo\\\/image\\\/\"}}]}<\/script>\n<!-- \/ Yoast SEO Premium plugin. -->","yoast_head_json":{"title":"Filtre CPL Polier PROSTOP65 CENELEC A (Linky), B, C et D | Agara","description":"Le filtre CPL Polier PROSTOP65 est un filtre CPL large bande de haute performance permettant d'emp\u00eacher tout courant CPL des diff\u00e9rentes bandes CENELEC (CENELEC A Linky, B, C et D) de franchir votre tableau \u00e9lectrique et de se propager sur le r\u00e9seau \u00e9lectrique de votre habitation. Convient pour les installations monophas\u00e9es et triphas\u00e9es (dans ce cas, un filtre par phase est n\u00e9cessaire).","robots":{"index":"index","follow":"follow","max-snippet":"max-snippet:-1","max-image-preview":"max-image-preview:large","max-video-preview":"max-video-preview:-1"},"canonical":"https:\/\/369agara.com\/es\/producto\/filtre-cpl-polier-prostop65\/","og_locale":"es_ES","og_type":"article","og_title":"Filtre CPL Polier PROSTOP65 CENELEC A (Linky), B, C et D","og_description":"Le filtre CPL Polier PROSTOP65 est un filtre CPL large bande de haute performance permettant d'emp\u00eacher tout courant CPL des diff\u00e9rentes bandes CENELEC (CENELEC A Linky, B, C et D) de franchir votre tableau \u00e9lectrique et de se propager sur le r\u00e9seau \u00e9lectrique de votre habitation. Convient pour les installations monophas\u00e9es et triphas\u00e9es (dans ce cas, un filtre par phase est n\u00e9cessaire).","og_url":"https:\/\/369agara.com\/es\/producto\/filtre-cpl-polier-prostop65\/","og_site_name":"Agara","article_modified_time":"2025-05-10T20:01:20+00:00","og_image":[{"width":800,"height":800,"url":"https:\/\/369agara.com\/wp-content\/uploads\/2023\/11\/filtre-cpl-polier-prostop65-cenelec-a-linky-b-c-et-d-.jpg","type":"image\/jpeg"}],"twitter_card":"summary_large_image","twitter_misc":{"Tiempo de lectura":"3 minutos"},"schema":{"@context":"https:\/\/schema.org","@graph":[{"@type":"WebPage","@id":"https:\/\/369agara.com\/produit\/filtre-cpl-polier-prostop65\/","url":"https:\/\/369agara.com\/produit\/filtre-cpl-polier-prostop65\/","name":"Filtre CPL Polier PROSTOP65 CENELEC A (Linky), B, C et D | Agara","isPartOf":{"@id":"https:\/\/369agara.com\/#website"},"primaryImageOfPage":{"@id":"https:\/\/369agara.com\/produit\/filtre-cpl-polier-prostop65\/#primaryimage"},"image":{"@id":"https:\/\/369agara.com\/produit\/filtre-cpl-polier-prostop65\/#primaryimage"},"thumbnailUrl":"https:\/\/369agara.com\/wp-content\/uploads\/2023\/11\/filtre-cpl-polier-prostop65-cenelec-a-linky-b-c-et-d-.jpg","datePublished":"2023-11-12T20:28:52+00:00","dateModified":"2025-05-10T20:01:20+00:00","description":"Le filtre CPL Polier PROSTOP65 est un filtre CPL large bande de haute performance permettant d'emp\u00eacher tout courant CPL des diff\u00e9rentes bandes CENELEC (CENELEC A Linky, B, C et D) de franchir votre tableau \u00e9lectrique et de se propager sur le r\u00e9seau \u00e9lectrique de votre habitation. Convient pour les installations monophas\u00e9es et triphas\u00e9es (dans ce cas, un filtre par phase est n\u00e9cessaire).","breadcrumb":{"@id":"https:\/\/369agara.com\/produit\/filtre-cpl-polier-prostop65\/#breadcrumb"},"inLanguage":"es","potentialAction":[{"@type":"ReadAction","target":["https:\/\/369agara.com\/produit\/filtre-cpl-polier-prostop65\/"]}]},{"@type":"ImageObject","inLanguage":"es","@id":"https:\/\/369agara.com\/produit\/filtre-cpl-polier-prostop65\/#primaryimage","url":"https:\/\/369agara.com\/wp-content\/uploads\/2023\/11\/filtre-cpl-polier-prostop65-cenelec-a-linky-b-c-et-d-.jpg","contentUrl":"https:\/\/369agara.com\/wp-content\/uploads\/2023\/11\/filtre-cpl-polier-prostop65-cenelec-a-linky-b-c-et-d-.jpg","width":800,"height":800},{"@type":"BreadcrumbList","@id":"https:\/\/369agara.com\/produit\/filtre-cpl-polier-prostop65\/#breadcrumb","itemListElement":[{"@type":"ListItem","position":1,"name":"Accueil","item":"https:\/\/369agara.com\/"},{"@type":"ListItem","position":2,"name":"La boutique","item":"https:\/\/369agara.com\/la-boutique\/"},{"@type":"ListItem","position":3,"name":"Filtre CPL Polier PROSTOP65 CENELEC A (Linky), B, C et D"}]},{"@type":"WebSite","@id":"https:\/\/369agara.com\/#website","url":"https:\/\/369agara.com\/","name":"Livsrikedomar","description":"Desconectar para conectar mejor","publisher":{"@id":"https:\/\/369agara.com\/#organization"},"potentialAction":[{"@type":"SearchAction","target":{"@type":"EntryPoint","urlTemplate":"https:\/\/369agara.com\/?s={search_term_string}"},"query-input":{"@type":"PropertyValueSpecification","valueRequired":true,"valueName":"search_term_string"}}],"inLanguage":"es"},{"@type":"Organization","@id":"https:\/\/369agara.com\/#organization","name":"EACreations","url":"https:\/\/369agara.com\/","logo":{"@type":"ImageObject","inLanguage":"es","@id":"https:\/\/369agara.com\/#\/schema\/logo\/image\/","url":"","contentUrl":"","caption":"EACreations"},"image":{"@id":"https:\/\/369agara.com\/#\/schema\/logo\/image\/"}}]}},"jetpack_sharing_enabled":true,"_links":{"self":[{"href":"https:\/\/369agara.com\/es\/wp-json\/wp\/v2\/product\/2421","targetHints":{"allow":["GET"]}}],"collection":[{"href":"https:\/\/369agara.com\/es\/wp-json\/wp\/v2\/product"}],"about":[{"href":"https:\/\/369agara.com\/es\/wp-json\/wp\/v2\/types\/product"}],"replies":[{"embeddable":true,"href":"https:\/\/369agara.com\/es\/wp-json\/wp\/v2\/comments?post=2421"}],"wp:featuredmedia":[{"embeddable":true,"href":"https:\/\/369agara.com\/es\/wp-json\/wp\/v2\/media\/2423"}],"wp:attachment":[{"href":"https:\/\/369agara.com\/es\/wp-json\/wp\/v2\/media?parent=2421"}],"wp:term":[{"taxonomy":"product_brand","embeddable":true,"href":"https:\/\/369agara.com\/es\/wp-json\/wp\/v2\/product_brand?post=2421"},{"taxonomy":"product_cat","embeddable":true,"href":"https:\/\/369agara.com\/es\/wp-json\/wp\/v2\/product_cat?post=2421"},{"taxonomy":"product_tag","embeddable":true,"href":"https:\/\/369agara.com\/es\/wp-json\/wp\/v2\/product_tag?post=2421"}],"curies":[{"name":"wp","href":"https:\/\/api.w.org\/{rel}","templated":true}]}}