{"id":2679,"date":"2024-01-22T18:07:20","date_gmt":"2024-01-22T17:07:20","guid":{"rendered":"https:\/\/369agara.com\/?post_type=product&#038;p=2679"},"modified":"2025-05-13T11:35:23","modified_gmt":"2025-05-13T09:35:23","slug":"rallonge-earthing-6m","status":"publish","type":"product","link":"https:\/\/369agara.com\/es\/producto\/rallonge-earthing-6m\/","title":{"rendered":"Alargador de 6 metros con toma de tierra"},"content":{"rendered":"<p><span style=\"font-family: 'Book Antiqua', Palatino; font-size: 120%; color: #333399;\">El alargador de toma de tierra a\u00f1ade 6 metros adicionales a la longitud de un cable est\u00e1ndar.<\/span><\/p>\n<p><span style=\"font-family: 'Book Antiqua', Palatino; font-size: 120%; color: #333399;\">Se pueden conectar varios alargadores para conseguir la longitud deseada.<\/span><\/p>\n<p><span style=\"font-family: 'Book Antiqua', Palatino; font-size: 120%; color: #333399;\">Si desea conectar varios elementos de toma de tierra al extremo de un alargador, deber\u00e1 utilizar un divisor 2 en 1.<\/span><\/p>\n<p><span style=\"font-family: 'Book Antiqua', Palatino; font-size: 120%; color: #333399;\">Para que la toma de tierra sea eficaz, es esencial comprobar la calidad de su sistema de toma de tierra, ya sea con un dispositivo adecuado o recurriendo a un profesional con el equipo apropiado.<\/span><br \/>\n<span style=\"font-family: 'Book Antiqua', Palatino; font-size: 120%; color: #333399;\">Si las instalaciones el\u00e9ctricas son demasiado antiguas o est\u00e1n mal instaladas, la toma de tierra puede ser inadecuada o inexistente.<\/span><\/p>\n<h3><span style=\"font-family: 'Book Antiqua', Palatino; font-size: 120%; color: #333399;\">Especificaciones t\u00e9cnicas<\/span><\/h3>\n<p><span style=\"font-family: 'Book Antiqua', Palatino; font-size: 120%; color: #333399;\">Grosor: 2 mm<\/span><\/p>\n<p><span style=\"font-family: 'Book Antiqua', Palatino; font-size: 120%; color: #333399;\">Longitud: 6 metros<\/span><\/p>\n<h3><span style=\"font-family: 'Book Antiqua', Palatino; font-size: 120%; color: #333399;\">\u00bfQu\u00e9 es la toma de tierra?<\/span><\/h3>\n<p><span style=\"font-family: 'Book Antiqua', Palatino; font-size: 120%; color: #333399;\">Seg\u00fan el libro de Clinton Ober, Stephen Sinatra y Martin Zucker \"Connecting to the Earth, Perhaps the most important discovery of our time\", que sirve de obra de referencia sobre el tema, conectar el cuerpo a la tierra (o earthing) restablece el equilibrio el\u00e9ctrico natural del cuerpo y lo descarga de cargas electrost\u00e1ticas, igual que cuando se camina descalzo por la hierba.<\/span><\/p>\n<p><span style=\"font-family: 'Book Antiqua', Palatino; font-size: 120%; color: #333399;\">Los distintos productos Earthing reproducen este fen\u00f3meno natural.<\/span><\/p>\n<p><span style=\"font-family: 'Book Antiqua', Palatino; font-size: 120%; color: #333399;\">Tiene una serie de ventajas, entre ellas :<\/span><\/p>\n<ul>\n<li><span style=\"font-family: 'Book Antiqua', Palatino; font-size: 120%; color: #333399;\">un sistema inmunitario mejorado<\/span><\/li>\n<li><span style=\"font-family: 'Book Antiqua', Palatino; font-size: 120%; color: #333399;\">mejora de la digesti\u00f3n<\/span><\/li>\n<li><span style=\"font-family: 'Book Antiqua', Palatino; font-size: 120%; color: #333399;\">una mejora de la calidad del sue\u00f1o y un equilibrio de nuestro reloj biol\u00f3gico<\/span><\/li>\n<li><span style=\"font-family: 'Book Antiqua', Palatino; font-size: 120%; color: #333399;\">aumento de la energ\u00eda y reducci\u00f3n del estr\u00e9s<\/span><\/li>\n<li><span style=\"font-family: 'Book Antiqua', Palatino; font-size: 120%; color: #333399;\">mejora de la circulaci\u00f3n sangu\u00ednea<\/span><\/li>\n<li><span style=\"font-family: 'Book Antiqua', Palatino; font-size: 120%; color: #333399;\">recuperaci\u00f3n m\u00e1s r\u00e1pida tras una actividad f\u00edsica intensa y curaci\u00f3n m\u00e1s r\u00e1pida de las lesiones<\/span><\/li>\n<li><span style=\"font-family: 'Book Antiqua', Palatino; font-size: 120%; color: #333399;\">alivio de tensiones musculares, dolores de cabeza, s\u00edntomas hormonales y menstruales<\/span><\/li>\n<li><span style=\"font-family: 'Book Antiqua', Palatino; font-size: 120%; color: #333399;\">una reducci\u00f3n de la inflamaci\u00f3n<\/span><\/li>\n<li><span style=\"font-family: 'Book Antiqua', Palatino; font-size: 120%; color: #333399;\">reducci\u00f3n del estr\u00e9s, la ansiedad, la irritabilidad e incluso los s\u00edntomas de electrosensibilidad<\/span><\/li>\n<\/ul>\n<p><span style=\"font-family: 'Book Antiqua', Palatino; font-size: 120%; color: #ed1c24;\">Esta informaci\u00f3n no sustituye en modo alguno el consejo de su m\u00e9dico y no pretende tratar ni curar ninguna afecci\u00f3n m\u00e9dica. Para cualquier problema de salud, consulte a su m\u00e9dico.<\/span><\/p>\n<h3><span style=\"font-family: 'Book Antiqua', Palatino; font-size: 120%; color: #333399;\">Consejo de Agara<\/span><\/h3>\n<p><span style=\"font-family: 'Book Antiqua', Palatino; font-size: 120%; color: #333399;\">Para que la puesta a tierra sea eficaz, es esencial comprobar la calidad de su sistema de puesta a tierra, ya sea con un dispositivo adecuado (comprobador de puesta a tierra, Tohm-E o medidor de puesta a tierra Catohm DT-300) o recurriendo a un profesional con el equipo adecuado.\u00a0<\/span><\/p>\n<p><span style=\"font-family: 'Book Antiqua', Palatino; font-size: 120%; color: #ed1c24;\">Si las instalaciones el\u00e9ctricas son demasiado antiguas o est\u00e1n mal instaladas, la toma de tierra puede ser inadecuada o inexistente.<\/span><\/p>\n<p><span style=\"font-family: 'Book Antiqua', Palatino; font-size: 120%; color: #ed1c24;\">Tambi\u00e9n es muy importante reducir al m\u00ednimo los campos el\u00e9ctricos en la habitaci\u00f3n (radiodespertadores, l\u00e1mparas de cabecera, regletas y alargadores sin apantallar), para evitar que interfieran con el sistema de toma de tierra. <\/span><\/p>\n<p><span style=\"font-family: 'Book Antiqua', Palatino; font-size: 120%; color: #333399;\">No dudes en medirlos o hacer que te los midan.<\/span><\/p>","protected":false},"excerpt":{"rendered":"<p><span style=\"font-family: 'Book Antiqua', Palatino; font-size: 120%; color: #333399;\">El alargador de toma de tierra puede prolongarse 6 metros.<\/span><\/p>","protected":false},"featured_media":2683,"comment_status":"open","ping_status":"closed","template":"","meta":[],"product_brand":[267],"product_cat":[164],"product_tag":[248,246,247,249,245,184],"class_list":{"0":"post-2679","1":"product","2":"type-product","3":"status-publish","4":"has-post-thumbnail","6":"product_brand-earthing","7":"product_cat-baubiologie","8":"product_tag-baubiologie","9":"product_tag-bureau","10":"product_tag-chambre","11":"product_tag-electromagnetisme","12":"product_tag-maison","13":"product_tag-yoga","15":"first","16":"instock","17":"taxable","18":"shipping-taxable","19":"purchasable","20":"product-type-simple"},"yoast_head":"<!-- This site is optimized with the Yoast SEO Premium plugin v25.1 (Yoast SEO v27.4) - https:\/\/yoast.com\/product\/yoast-seo-premium-wordpress\/ -->\n<title>Rallonge mise \u00e0 la terre 6 m\u00e8tres Earthing | Agara<\/title>\n<meta name=\"description\" content=\"La rallonge Earthing permet de rallonger de 6 m\u00e8tres le cordon de mise \u00e0 la terre Earthing. Voir aussi cordon droit de mise \u00e0 la terre, boitier extension et double connecteur.\" \/>\n<meta name=\"robots\" content=\"index, follow, max-snippet:-1, max-image-preview:large, max-video-preview:-1\" \/>\n<link rel=\"canonical\" href=\"https:\/\/369agara.com\/es\/producto\/rallonge-earthing-6m\/\" \/>\n<meta property=\"og:locale\" content=\"es_ES\" \/>\n<meta property=\"og:type\" content=\"article\" \/>\n<meta property=\"og:title\" content=\"Rallonge mise \u00e0 la terre 6 m\u00e8tres Earthing\" \/>\n<meta property=\"og:description\" content=\"La rallonge Earthing permet de rallonger de 6 m\u00e8tres le cordon de mise \u00e0 la terre Earthing. Voir aussi cordon droit de mise \u00e0 la terre, boitier extension et double connecteur.\" \/>\n<meta property=\"og:url\" content=\"https:\/\/369agara.com\/es\/producto\/rallonge-earthing-6m\/\" \/>\n<meta property=\"og:site_name\" content=\"Agara\" \/>\n<meta property=\"article:modified_time\" content=\"2025-05-13T09:35:23+00:00\" \/>\n<meta property=\"og:image\" content=\"https:\/\/369agara.com\/wp-content\/uploads\/2024\/01\/rallonge-earthing-3-metres.jpg\" \/>\n\t<meta property=\"og:image:width\" content=\"800\" \/>\n\t<meta property=\"og:image:height\" content=\"800\" \/>\n\t<meta property=\"og:image:type\" content=\"image\/jpeg\" \/>\n<meta name=\"twitter:card\" content=\"summary_large_image\" \/>\n<meta name=\"twitter:label1\" content=\"Tiempo de lectura\" \/>\n\t<meta name=\"twitter:data1\" content=\"3 minutos\" \/>\n<script type=\"application\/ld+json\" class=\"yoast-schema-graph\">{\"@context\":\"https:\\\/\\\/schema.org\",\"@graph\":[{\"@type\":\"WebPage\",\"@id\":\"https:\\\/\\\/369agara.com\\\/produit\\\/rallonge-earthing-6m\\\/\",\"url\":\"https:\\\/\\\/369agara.com\\\/produit\\\/rallonge-earthing-6m\\\/\",\"name\":\"Rallonge mise \u00e0 la terre 6 m\u00e8tres Earthing | Agara\",\"isPartOf\":{\"@id\":\"https:\\\/\\\/369agara.com\\\/#website\"},\"primaryImageOfPage\":{\"@id\":\"https:\\\/\\\/369agara.com\\\/produit\\\/rallonge-earthing-6m\\\/#primaryimage\"},\"image\":{\"@id\":\"https:\\\/\\\/369agara.com\\\/produit\\\/rallonge-earthing-6m\\\/#primaryimage\"},\"thumbnailUrl\":\"https:\\\/\\\/369agara.com\\\/wp-content\\\/uploads\\\/2024\\\/01\\\/rallonge-earthing-3-metres.jpg\",\"datePublished\":\"2024-01-22T17:07:20+00:00\",\"dateModified\":\"2025-05-13T09:35:23+00:00\",\"description\":\"La rallonge Earthing permet de rallonger de 6 m\u00e8tres le cordon de mise \u00e0 la terre Earthing. Voir aussi cordon droit de mise \u00e0 la terre, boitier extension et double connecteur.\",\"breadcrumb\":{\"@id\":\"https:\\\/\\\/369agara.com\\\/produit\\\/rallonge-earthing-6m\\\/#breadcrumb\"},\"inLanguage\":\"es\",\"potentialAction\":[{\"@type\":\"ReadAction\",\"target\":[\"https:\\\/\\\/369agara.com\\\/produit\\\/rallonge-earthing-6m\\\/\"]}]},{\"@type\":\"ImageObject\",\"inLanguage\":\"es\",\"@id\":\"https:\\\/\\\/369agara.com\\\/produit\\\/rallonge-earthing-6m\\\/#primaryimage\",\"url\":\"https:\\\/\\\/369agara.com\\\/wp-content\\\/uploads\\\/2024\\\/01\\\/rallonge-earthing-3-metres.jpg\",\"contentUrl\":\"https:\\\/\\\/369agara.com\\\/wp-content\\\/uploads\\\/2024\\\/01\\\/rallonge-earthing-3-metres.jpg\",\"width\":800,\"height\":800},{\"@type\":\"BreadcrumbList\",\"@id\":\"https:\\\/\\\/369agara.com\\\/produit\\\/rallonge-earthing-6m\\\/#breadcrumb\",\"itemListElement\":[{\"@type\":\"ListItem\",\"position\":1,\"name\":\"Accueil\",\"item\":\"https:\\\/\\\/369agara.com\\\/\"},{\"@type\":\"ListItem\",\"position\":2,\"name\":\"La boutique\",\"item\":\"https:\\\/\\\/369agara.com\\\/la-boutique\\\/\"},{\"@type\":\"ListItem\",\"position\":3,\"name\":\"Rallonge mise \u00e0 la terre 6 m\u00e8tres Earthing\"}]},{\"@type\":\"WebSite\",\"@id\":\"https:\\\/\\\/369agara.com\\\/#website\",\"url\":\"https:\\\/\\\/369agara.com\\\/\",\"name\":\"Livsrikedomar\",\"description\":\"D\u00e9connectez pour mieux vous connecter\",\"publisher\":{\"@id\":\"https:\\\/\\\/369agara.com\\\/#organization\"},\"potentialAction\":[{\"@type\":\"SearchAction\",\"target\":{\"@type\":\"EntryPoint\",\"urlTemplate\":\"https:\\\/\\\/369agara.com\\\/?s={search_term_string}\"},\"query-input\":{\"@type\":\"PropertyValueSpecification\",\"valueRequired\":true,\"valueName\":\"search_term_string\"}}],\"inLanguage\":\"es\"},{\"@type\":\"Organization\",\"@id\":\"https:\\\/\\\/369agara.com\\\/#organization\",\"name\":\"EACreations\",\"url\":\"https:\\\/\\\/369agara.com\\\/\",\"logo\":{\"@type\":\"ImageObject\",\"inLanguage\":\"es\",\"@id\":\"https:\\\/\\\/369agara.com\\\/#\\\/schema\\\/logo\\\/image\\\/\",\"url\":\"\",\"contentUrl\":\"\",\"caption\":\"EACreations\"},\"image\":{\"@id\":\"https:\\\/\\\/369agara.com\\\/#\\\/schema\\\/logo\\\/image\\\/\"}}]}<\/script>\n<!-- \/ Yoast SEO Premium plugin. -->","yoast_head_json":{"title":"Rallonge mise \u00e0 la terre 6 m\u00e8tres Earthing | Agara","description":"El alargador de toma de tierra puede prolongarse 6 metros. V\u00e9ase tambi\u00e9n cable de toma de tierra recto, caja de extensi\u00f3n y conector doble.","robots":{"index":"index","follow":"follow","max-snippet":"max-snippet:-1","max-image-preview":"max-image-preview:large","max-video-preview":"max-video-preview:-1"},"canonical":"https:\/\/369agara.com\/es\/producto\/rallonge-earthing-6m\/","og_locale":"es_ES","og_type":"article","og_title":"Rallonge mise \u00e0 la terre 6 m\u00e8tres Earthing","og_description":"La rallonge Earthing permet de rallonger de 6 m\u00e8tres le cordon de mise \u00e0 la terre Earthing. Voir aussi cordon droit de mise \u00e0 la terre, boitier extension et double connecteur.","og_url":"https:\/\/369agara.com\/es\/producto\/rallonge-earthing-6m\/","og_site_name":"Agara","article_modified_time":"2025-05-13T09:35:23+00:00","og_image":[{"width":800,"height":800,"url":"https:\/\/369agara.com\/wp-content\/uploads\/2024\/01\/rallonge-earthing-3-metres.jpg","type":"image\/jpeg"}],"twitter_card":"summary_large_image","twitter_misc":{"Tiempo de lectura":"3 minutos"},"schema":{"@context":"https:\/\/schema.org","@graph":[{"@type":"WebPage","@id":"https:\/\/369agara.com\/produit\/rallonge-earthing-6m\/","url":"https:\/\/369agara.com\/produit\/rallonge-earthing-6m\/","name":"Rallonge mise \u00e0 la terre 6 m\u00e8tres Earthing | Agara","isPartOf":{"@id":"https:\/\/369agara.com\/#website"},"primaryImageOfPage":{"@id":"https:\/\/369agara.com\/produit\/rallonge-earthing-6m\/#primaryimage"},"image":{"@id":"https:\/\/369agara.com\/produit\/rallonge-earthing-6m\/#primaryimage"},"thumbnailUrl":"https:\/\/369agara.com\/wp-content\/uploads\/2024\/01\/rallonge-earthing-3-metres.jpg","datePublished":"2024-01-22T17:07:20+00:00","dateModified":"2025-05-13T09:35:23+00:00","description":"El alargador de toma de tierra puede prolongarse 6 metros. V\u00e9ase tambi\u00e9n cable de toma de tierra recto, caja de extensi\u00f3n y conector doble.","breadcrumb":{"@id":"https:\/\/369agara.com\/produit\/rallonge-earthing-6m\/#breadcrumb"},"inLanguage":"es","potentialAction":[{"@type":"ReadAction","target":["https:\/\/369agara.com\/produit\/rallonge-earthing-6m\/"]}]},{"@type":"ImageObject","inLanguage":"es","@id":"https:\/\/369agara.com\/produit\/rallonge-earthing-6m\/#primaryimage","url":"https:\/\/369agara.com\/wp-content\/uploads\/2024\/01\/rallonge-earthing-3-metres.jpg","contentUrl":"https:\/\/369agara.com\/wp-content\/uploads\/2024\/01\/rallonge-earthing-3-metres.jpg","width":800,"height":800},{"@type":"BreadcrumbList","@id":"https:\/\/369agara.com\/produit\/rallonge-earthing-6m\/#breadcrumb","itemListElement":[{"@type":"ListItem","position":1,"name":"Accueil","item":"https:\/\/369agara.com\/"},{"@type":"ListItem","position":2,"name":"La boutique","item":"https:\/\/369agara.com\/la-boutique\/"},{"@type":"ListItem","position":3,"name":"Rallonge mise \u00e0 la terre 6 m\u00e8tres Earthing"}]},{"@type":"WebSite","@id":"https:\/\/369agara.com\/#website","url":"https:\/\/369agara.com\/","name":"Livsrikedomar","description":"Desconectar para conectar mejor","publisher":{"@id":"https:\/\/369agara.com\/#organization"},"potentialAction":[{"@type":"SearchAction","target":{"@type":"EntryPoint","urlTemplate":"https:\/\/369agara.com\/?s={search_term_string}"},"query-input":{"@type":"PropertyValueSpecification","valueRequired":true,"valueName":"search_term_string"}}],"inLanguage":"es"},{"@type":"Organization","@id":"https:\/\/369agara.com\/#organization","name":"EACreations","url":"https:\/\/369agara.com\/","logo":{"@type":"ImageObject","inLanguage":"es","@id":"https:\/\/369agara.com\/#\/schema\/logo\/image\/","url":"","contentUrl":"","caption":"EACreations"},"image":{"@id":"https:\/\/369agara.com\/#\/schema\/logo\/image\/"}}]}},"jetpack_sharing_enabled":true,"_links":{"self":[{"href":"https:\/\/369agara.com\/es\/wp-json\/wp\/v2\/product\/2679","targetHints":{"allow":["GET"]}}],"collection":[{"href":"https:\/\/369agara.com\/es\/wp-json\/wp\/v2\/product"}],"about":[{"href":"https:\/\/369agara.com\/es\/wp-json\/wp\/v2\/types\/product"}],"replies":[{"embeddable":true,"href":"https:\/\/369agara.com\/es\/wp-json\/wp\/v2\/comments?post=2679"}],"wp:featuredmedia":[{"embeddable":true,"href":"https:\/\/369agara.com\/es\/wp-json\/wp\/v2\/media\/2683"}],"wp:attachment":[{"href":"https:\/\/369agara.com\/es\/wp-json\/wp\/v2\/media?parent=2679"}],"wp:term":[{"taxonomy":"product_brand","embeddable":true,"href":"https:\/\/369agara.com\/es\/wp-json\/wp\/v2\/product_brand?post=2679"},{"taxonomy":"product_cat","embeddable":true,"href":"https:\/\/369agara.com\/es\/wp-json\/wp\/v2\/product_cat?post=2679"},{"taxonomy":"product_tag","embeddable":true,"href":"https:\/\/369agara.com\/es\/wp-json\/wp\/v2\/product_tag?post=2679"}],"curies":[{"name":"wp","href":"https:\/\/api.w.org\/{rel}","templated":true}]}}