{"id":2685,"date":"2024-01-22T18:24:04","date_gmt":"2024-01-22T17:24:04","guid":{"rendered":"https:\/\/369agara.com\/?post_type=product&#038;p=2685"},"modified":"2025-05-13T11:34:48","modified_gmt":"2025-05-13T09:34:48","slug":"paire-lanieres-chaussures","status":"publish","type":"product","link":"https:\/\/369agara.com\/es\/producto\/paire-lanieres-chaussures\/","title":{"rendered":"Par de correas de puesta a tierra para zapatillas de puesta a tierra"},"content":{"rendered":"<p><span style=\"font-family: 'Book Antiqua', Palatino; font-size: 120%; color: #333399;\"><strong>Este par de correas de puesta a tierra puede convertir cualquier zapato o sandalia en zapatos de puesta a tierra.<\/strong>. A continuaci\u00f3n, se conectar\u00e1 a tierra sobre cualquier superficie conductora, como hierba, tierra, arena u hormig\u00f3n.<\/span><\/p>\n<p><span style=\"font-family: 'Book Antiqua', Palatino; font-size: 120%; color: #333399;\">Han sido desarrollados para ser utilizados por deportistas de \u00e9lite que desean mejorar su rendimiento y recuperaci\u00f3n durante el entrenamiento y la competici\u00f3n.<\/span><\/p>\n<p><span style=\"font-family: 'Book Antiqua', Palatino; font-size: 120%; color: #333399;\">Autoadhesivas y f\u00e1ciles de instalar, ofrecen una excelente durabilidad y rendimiento a largo plazo.<\/span><br \/>\n<span style=\"font-family: 'Book Antiqua', Palatino; font-size: 120%; color: #333399;\">En el c\u00e9sped, por ejemplo, las correas de puesta a tierra utilizadas en botas o zapatillas pueden durar un a\u00f1o o m\u00e1s.<\/span><br \/>\n<span style=\"font-family: 'Book Antiqua', Palatino; font-size: 120%; color: #333399;\">Al rodar en pistas duras durante sesiones de una hora, el usuario podr\u00e1 utilizarlo entre 10 y 25 sesiones.<\/span><br \/>\n<span style=\"font-family: 'Book Antiqua', Palatino; font-size: 120%; color: #333399;\">Cuando se camina por senderos dif\u00edciles durante una sesi\u00f3n de una hora, las correas duran entre 30 y 50 sesiones.<\/span><\/p>\n<p><span style=\"font-family: 'Book Antiqua', Palatino; font-size: 120%; color: #333399;\">En general, cuando se camina por senderos o hierba, las correas pueden utilizarse durante unas cincuenta horas.<\/span><\/p>\n<p><span style=\"font-family: 'Book Antiqua', Palatino; font-size: 120%; color: #333399;\">Vendidas en paquetes de 2, las correas se adaptan a un solo par de zapatos para un anclaje \u00f3ptimo de ambos pies, o a 2 pares de zapatos diferentes (un pie en el suelo).<\/span><\/p>\n<p><span style=\"font-family: 'Book Antiqua', Palatino; font-size: 120%; color: #333399;\">El uso de nuestros calcetines de puesta a tierra altamente conductores mejora a\u00fan m\u00e1s la conexi\u00f3n con la piel y la puesta a tierra.<\/span><\/p>\n<p><span style=\"font-family: 'Book Antiqua', Palatino; font-size: 120%; color: #333399;\">Una vez colocadas, las tiras son permanentes, aunque pueden retirarse o volver a colocarse tirando suavemente de ellas. Para retirarlas por completo, puede utilizar un removedor de adhesivo o un bastoncillo con alcohol para eliminar cualquier resto de adhesivo. Las tiras de puesta a tierra se suministran con una bolsita que contiene una toallita limpiadora para preparar la superficie del zapato antes de colocar la tira.<\/span><\/p>\n<h3><span style=\"font-family: 'Book Antiqua', Palatino; font-size: 120%; color: #333399;\">\u00bfQu\u00e9 es la toma de tierra?<\/span><\/h3>\n<p><span style=\"font-family: 'Book Antiqua', Palatino; font-size: 120%; color: #333399;\">Seg\u00fan el libro de <strong>Clinton Ober<\/strong>, <strong>Stephen Sinatra y Martin Zucker<\/strong> \" <strong>Conectar con la Tierra, quiz\u00e1 el descubrimiento m\u00e1s importante en salud<\/strong> \"Como se\u00f1ala la referencia autorizada sobre el tema, conectar el cuerpo a la tierra (o grounding) ayuda a restablecer el equilibrio el\u00e9ctrico natural del organismo y a liberarlo de cargas electrost\u00e1ticas, como cuando se camina descalzo por la hierba.<\/span><\/p>\n<p><span style=\"font-family: 'Book Antiqua', Palatino; font-size: 120%; color: #333399;\">Los distintos productos de puesta a tierra reproducen este fen\u00f3meno natural.<\/span><\/p>\n<p><span style=\"font-family: 'Book Antiqua', Palatino; font-size: 120%; color: #333399;\">Esto presenta <strong>muchas ventajas<\/strong>tal que :<\/span><\/p>\n<ul>\n<li><strong><span style=\"font-family: 'Book Antiqua', Palatino; font-size: 120%; color: #333399;\">un sistema inmunitario mejorado<\/span><\/strong><\/li>\n<li><strong><span style=\"font-family: 'Book Antiqua', Palatino; font-size: 120%; color: #333399;\">mejora de la digesti\u00f3n<\/span><\/strong><\/li>\n<li><strong><span style=\"font-family: 'Book Antiqua', Palatino; font-size: 120%; color: #333399;\">mejorar la calidad del sue\u00f1o y equilibrar nuestro reloj biol\u00f3gico<\/span><\/strong><\/li>\n<li><strong><span style=\"font-family: 'Book Antiqua', Palatino; font-size: 120%; color: #333399;\">aumento de la energ\u00eda y reducci\u00f3n del estr\u00e9s<\/span><\/strong><\/li>\n<li><strong><span style=\"font-family: 'Book Antiqua', Palatino; font-size: 120%; color: #333399;\">mejora de la circulaci\u00f3n sangu\u00ednea<\/span><\/strong><\/li>\n<li><strong><span style=\"font-family: 'Book Antiqua', Palatino; font-size: 120%; color: #333399;\">recuperaci\u00f3n m\u00e1s r\u00e1pida tras una actividad f\u00edsica intensa y curaci\u00f3n m\u00e1s r\u00e1pida de las lesiones<\/span><\/strong><\/li>\n<li><strong><span style=\"font-family: 'Book Antiqua', Palatino; font-size: 120%; color: #333399;\">alivio de tensiones musculares, dolores de cabeza, s\u00edntomas hormonales y menstruales<\/span><\/strong><\/li>\n<li><strong><span style=\"font-family: 'Book Antiqua', Palatino; font-size: 120%; color: #333399;\">reducci\u00f3n de la inflamaci\u00f3n<\/span><\/strong><\/li>\n<li><strong><span style=\"font-family: 'Book Antiqua', Palatino; font-size: 120%; color: #333399;\">reducci\u00f3n del estr\u00e9s, la ansiedad, la irritabilidad e incluso los s\u00edntomas de electrosensibilidad<\/span><\/strong><\/li>\n<\/ul>\n<p><strong><span style=\"font-family: 'Book Antiqua', Palatino; font-size: 120%; color: #ed1c24;\">Esta informaci\u00f3n no sustituye el consejo de su m\u00e9dico y no pretende tratar ni curar ning\u00fan problema m\u00e9dico. Para cualquier problema de salud, consulte a su m\u00e9dico.<\/span><\/strong><\/p>","protected":false},"excerpt":{"rendered":"<p>Este par de correas de puesta a tierra puede convertir cualquier zapato o sandalia en zapatos de puesta a tierra.<br \/>\nDe este modo, estar\u00e1 conectado a tierra en todas las superficies conductoras.<\/p>\n<p>2 colores: blanco y negro.<\/p>","protected":false},"featured_media":2687,"comment_status":"open","ping_status":"closed","template":"","meta":[],"product_brand":[267],"product_cat":[164],"product_tag":[248,244,184],"class_list":{"0":"post-2685","1":"product","2":"type-product","3":"status-publish","4":"has-post-thumbnail","6":"product_brand-earthing","7":"product_cat-baubiologie","8":"product_tag-baubiologie","9":"product_tag-chaussures","10":"product_tag-yoga","12":"first","13":"instock","14":"taxable","15":"shipping-taxable","16":"purchasable","17":"product-type-variable"},"yoast_head":"<!-- This site is optimized with the Yoast SEO Premium plugin v25.1 (Yoast SEO v27.4) - https:\/\/yoast.com\/product\/yoast-seo-premium-wordpress\/ -->\n<title>Paire de lani\u00e8res de mise \u00e0 la terre pour chaussures Earthing | Agara<\/title>\n<meta name=\"description\" content=\"Cette paire de lani\u00e8res de mise \u00e0 la terre peut transformer n&#039;importe quelle chaussure ou sandale en chaussures de mise \u00e0 la terre. Vous serez alors reli\u00e9 \u00e0 la terre sur toutes les surfaces conductrices. 2 couleurs : blanc et noir.\" \/>\n<meta name=\"robots\" content=\"index, follow, max-snippet:-1, max-image-preview:large, max-video-preview:-1\" \/>\n<link rel=\"canonical\" href=\"https:\/\/369agara.com\/es\/producto\/paire-lanieres-chaussures\/\" \/>\n<meta property=\"og:locale\" content=\"es_ES\" \/>\n<meta property=\"og:type\" content=\"article\" \/>\n<meta property=\"og:title\" content=\"Paire de lani\u00e8res de mise \u00e0 la terre pour chaussures Earthing\" \/>\n<meta property=\"og:description\" content=\"Cette paire de lani\u00e8res de mise \u00e0 la terre peut transformer n&#039;importe quelle chaussure ou sandale en chaussures de mise \u00e0 la terre. Vous serez alors reli\u00e9 \u00e0 la terre sur toutes les surfaces conductrices. 2 couleurs : blanc et noir.\" \/>\n<meta property=\"og:url\" content=\"https:\/\/369agara.com\/es\/producto\/paire-lanieres-chaussures\/\" \/>\n<meta property=\"og:site_name\" content=\"Agara\" \/>\n<meta property=\"article:modified_time\" content=\"2025-05-13T09:34:48+00:00\" \/>\n<meta property=\"og:image\" content=\"https:\/\/369agara.com\/wp-content\/uploads\/2024\/01\/paire-de-lanieres-de-mise-a-la-terre-pour-chaussures-earthing-1.jpg\" \/>\n\t<meta property=\"og:image:width\" content=\"800\" \/>\n\t<meta property=\"og:image:height\" content=\"800\" \/>\n\t<meta property=\"og:image:type\" content=\"image\/jpeg\" \/>\n<meta name=\"twitter:card\" content=\"summary_large_image\" \/>\n<meta name=\"twitter:label1\" content=\"Tiempo de lectura\" \/>\n\t<meta name=\"twitter:data1\" content=\"3 minutos\" \/>\n<script type=\"application\/ld+json\" class=\"yoast-schema-graph\">{\"@context\":\"https:\\\/\\\/schema.org\",\"@graph\":[{\"@type\":\"WebPage\",\"@id\":\"https:\\\/\\\/369agara.com\\\/produit\\\/paire-lanieres-chaussures\\\/\",\"url\":\"https:\\\/\\\/369agara.com\\\/produit\\\/paire-lanieres-chaussures\\\/\",\"name\":\"Paire de lani\u00e8res de mise \u00e0 la terre pour chaussures Earthing | Agara\",\"isPartOf\":{\"@id\":\"https:\\\/\\\/369agara.com\\\/#website\"},\"primaryImageOfPage\":{\"@id\":\"https:\\\/\\\/369agara.com\\\/produit\\\/paire-lanieres-chaussures\\\/#primaryimage\"},\"image\":{\"@id\":\"https:\\\/\\\/369agara.com\\\/produit\\\/paire-lanieres-chaussures\\\/#primaryimage\"},\"thumbnailUrl\":\"https:\\\/\\\/369agara.com\\\/wp-content\\\/uploads\\\/2024\\\/01\\\/paire-de-lanieres-de-mise-a-la-terre-pour-chaussures-earthing-1.jpg\",\"datePublished\":\"2024-01-22T17:24:04+00:00\",\"dateModified\":\"2025-05-13T09:34:48+00:00\",\"description\":\"Cette paire de lani\u00e8res de mise \u00e0 la terre peut transformer n'importe quelle chaussure ou sandale en chaussures de mise \u00e0 la terre. Vous serez alors reli\u00e9 \u00e0 la terre sur toutes les surfaces conductrices. 2 couleurs : blanc et noir.\",\"breadcrumb\":{\"@id\":\"https:\\\/\\\/369agara.com\\\/produit\\\/paire-lanieres-chaussures\\\/#breadcrumb\"},\"inLanguage\":\"es\",\"potentialAction\":[{\"@type\":\"ReadAction\",\"target\":[\"https:\\\/\\\/369agara.com\\\/produit\\\/paire-lanieres-chaussures\\\/\"]}]},{\"@type\":\"ImageObject\",\"inLanguage\":\"es\",\"@id\":\"https:\\\/\\\/369agara.com\\\/produit\\\/paire-lanieres-chaussures\\\/#primaryimage\",\"url\":\"https:\\\/\\\/369agara.com\\\/wp-content\\\/uploads\\\/2024\\\/01\\\/paire-de-lanieres-de-mise-a-la-terre-pour-chaussures-earthing-1.jpg\",\"contentUrl\":\"https:\\\/\\\/369agara.com\\\/wp-content\\\/uploads\\\/2024\\\/01\\\/paire-de-lanieres-de-mise-a-la-terre-pour-chaussures-earthing-1.jpg\",\"width\":800,\"height\":800},{\"@type\":\"BreadcrumbList\",\"@id\":\"https:\\\/\\\/369agara.com\\\/produit\\\/paire-lanieres-chaussures\\\/#breadcrumb\",\"itemListElement\":[{\"@type\":\"ListItem\",\"position\":1,\"name\":\"Accueil\",\"item\":\"https:\\\/\\\/369agara.com\\\/\"},{\"@type\":\"ListItem\",\"position\":2,\"name\":\"La boutique\",\"item\":\"https:\\\/\\\/369agara.com\\\/la-boutique\\\/\"},{\"@type\":\"ListItem\",\"position\":3,\"name\":\"Paire de lani\u00e8res de mise \u00e0 la terre pour chaussures Earthing\"}]},{\"@type\":\"WebSite\",\"@id\":\"https:\\\/\\\/369agara.com\\\/#website\",\"url\":\"https:\\\/\\\/369agara.com\\\/\",\"name\":\"Livsrikedomar\",\"description\":\"D\u00e9connectez pour mieux vous connecter\",\"publisher\":{\"@id\":\"https:\\\/\\\/369agara.com\\\/#organization\"},\"potentialAction\":[{\"@type\":\"SearchAction\",\"target\":{\"@type\":\"EntryPoint\",\"urlTemplate\":\"https:\\\/\\\/369agara.com\\\/?s={search_term_string}\"},\"query-input\":{\"@type\":\"PropertyValueSpecification\",\"valueRequired\":true,\"valueName\":\"search_term_string\"}}],\"inLanguage\":\"es\"},{\"@type\":\"Organization\",\"@id\":\"https:\\\/\\\/369agara.com\\\/#organization\",\"name\":\"EACreations\",\"url\":\"https:\\\/\\\/369agara.com\\\/\",\"logo\":{\"@type\":\"ImageObject\",\"inLanguage\":\"es\",\"@id\":\"https:\\\/\\\/369agara.com\\\/#\\\/schema\\\/logo\\\/image\\\/\",\"url\":\"\",\"contentUrl\":\"\",\"caption\":\"EACreations\"},\"image\":{\"@id\":\"https:\\\/\\\/369agara.com\\\/#\\\/schema\\\/logo\\\/image\\\/\"}}]}<\/script>\n<!-- \/ Yoast SEO Premium plugin. -->","yoast_head_json":{"title":"Paire de lani\u00e8res de mise \u00e0 la terre pour chaussures Earthing | Agara","description":"Cette paire de lani\u00e8res de mise \u00e0 la terre peut transformer n'importe quelle chaussure ou sandale en chaussures de mise \u00e0 la terre. Vous serez alors reli\u00e9 \u00e0 la terre sur toutes les surfaces conductrices. 2 couleurs : blanc et noir.","robots":{"index":"index","follow":"follow","max-snippet":"max-snippet:-1","max-image-preview":"max-image-preview:large","max-video-preview":"max-video-preview:-1"},"canonical":"https:\/\/369agara.com\/es\/producto\/paire-lanieres-chaussures\/","og_locale":"es_ES","og_type":"article","og_title":"Paire de lani\u00e8res de mise \u00e0 la terre pour chaussures Earthing","og_description":"Cette paire de lani\u00e8res de mise \u00e0 la terre peut transformer n'importe quelle chaussure ou sandale en chaussures de mise \u00e0 la terre. Vous serez alors reli\u00e9 \u00e0 la terre sur toutes les surfaces conductrices. 2 couleurs : blanc et noir.","og_url":"https:\/\/369agara.com\/es\/producto\/paire-lanieres-chaussures\/","og_site_name":"Agara","article_modified_time":"2025-05-13T09:34:48+00:00","og_image":[{"width":800,"height":800,"url":"https:\/\/369agara.com\/wp-content\/uploads\/2024\/01\/paire-de-lanieres-de-mise-a-la-terre-pour-chaussures-earthing-1.jpg","type":"image\/jpeg"}],"twitter_card":"summary_large_image","twitter_misc":{"Tiempo de lectura":"3 minutos"},"schema":{"@context":"https:\/\/schema.org","@graph":[{"@type":"WebPage","@id":"https:\/\/369agara.com\/produit\/paire-lanieres-chaussures\/","url":"https:\/\/369agara.com\/produit\/paire-lanieres-chaussures\/","name":"Paire de lani\u00e8res de mise \u00e0 la terre pour chaussures Earthing | Agara","isPartOf":{"@id":"https:\/\/369agara.com\/#website"},"primaryImageOfPage":{"@id":"https:\/\/369agara.com\/produit\/paire-lanieres-chaussures\/#primaryimage"},"image":{"@id":"https:\/\/369agara.com\/produit\/paire-lanieres-chaussures\/#primaryimage"},"thumbnailUrl":"https:\/\/369agara.com\/wp-content\/uploads\/2024\/01\/paire-de-lanieres-de-mise-a-la-terre-pour-chaussures-earthing-1.jpg","datePublished":"2024-01-22T17:24:04+00:00","dateModified":"2025-05-13T09:34:48+00:00","description":"Cette paire de lani\u00e8res de mise \u00e0 la terre peut transformer n'importe quelle chaussure ou sandale en chaussures de mise \u00e0 la terre. Vous serez alors reli\u00e9 \u00e0 la terre sur toutes les surfaces conductrices. 2 couleurs : blanc et noir.","breadcrumb":{"@id":"https:\/\/369agara.com\/produit\/paire-lanieres-chaussures\/#breadcrumb"},"inLanguage":"es","potentialAction":[{"@type":"ReadAction","target":["https:\/\/369agara.com\/produit\/paire-lanieres-chaussures\/"]}]},{"@type":"ImageObject","inLanguage":"es","@id":"https:\/\/369agara.com\/produit\/paire-lanieres-chaussures\/#primaryimage","url":"https:\/\/369agara.com\/wp-content\/uploads\/2024\/01\/paire-de-lanieres-de-mise-a-la-terre-pour-chaussures-earthing-1.jpg","contentUrl":"https:\/\/369agara.com\/wp-content\/uploads\/2024\/01\/paire-de-lanieres-de-mise-a-la-terre-pour-chaussures-earthing-1.jpg","width":800,"height":800},{"@type":"BreadcrumbList","@id":"https:\/\/369agara.com\/produit\/paire-lanieres-chaussures\/#breadcrumb","itemListElement":[{"@type":"ListItem","position":1,"name":"Accueil","item":"https:\/\/369agara.com\/"},{"@type":"ListItem","position":2,"name":"La boutique","item":"https:\/\/369agara.com\/la-boutique\/"},{"@type":"ListItem","position":3,"name":"Paire de lani\u00e8res de mise \u00e0 la terre pour chaussures Earthing"}]},{"@type":"WebSite","@id":"https:\/\/369agara.com\/#website","url":"https:\/\/369agara.com\/","name":"Livsrikedomar","description":"Desconectar para conectar mejor","publisher":{"@id":"https:\/\/369agara.com\/#organization"},"potentialAction":[{"@type":"SearchAction","target":{"@type":"EntryPoint","urlTemplate":"https:\/\/369agara.com\/?s={search_term_string}"},"query-input":{"@type":"PropertyValueSpecification","valueRequired":true,"valueName":"search_term_string"}}],"inLanguage":"es"},{"@type":"Organization","@id":"https:\/\/369agara.com\/#organization","name":"EACreations","url":"https:\/\/369agara.com\/","logo":{"@type":"ImageObject","inLanguage":"es","@id":"https:\/\/369agara.com\/#\/schema\/logo\/image\/","url":"","contentUrl":"","caption":"EACreations"},"image":{"@id":"https:\/\/369agara.com\/#\/schema\/logo\/image\/"}}]}},"jetpack_sharing_enabled":true,"_links":{"self":[{"href":"https:\/\/369agara.com\/es\/wp-json\/wp\/v2\/product\/2685","targetHints":{"allow":["GET"]}}],"collection":[{"href":"https:\/\/369agara.com\/es\/wp-json\/wp\/v2\/product"}],"about":[{"href":"https:\/\/369agara.com\/es\/wp-json\/wp\/v2\/types\/product"}],"replies":[{"embeddable":true,"href":"https:\/\/369agara.com\/es\/wp-json\/wp\/v2\/comments?post=2685"}],"wp:featuredmedia":[{"embeddable":true,"href":"https:\/\/369agara.com\/es\/wp-json\/wp\/v2\/media\/2687"}],"wp:attachment":[{"href":"https:\/\/369agara.com\/es\/wp-json\/wp\/v2\/media?parent=2685"}],"wp:term":[{"taxonomy":"product_brand","embeddable":true,"href":"https:\/\/369agara.com\/es\/wp-json\/wp\/v2\/product_brand?post=2685"},{"taxonomy":"product_cat","embeddable":true,"href":"https:\/\/369agara.com\/es\/wp-json\/wp\/v2\/product_cat?post=2685"},{"taxonomy":"product_tag","embeddable":true,"href":"https:\/\/369agara.com\/es\/wp-json\/wp\/v2\/product_tag?post=2685"}],"curies":[{"name":"wp","href":"https:\/\/api.w.org\/{rel}","templated":true}]}}