{"id":2936,"date":"2024-06-23T21:50:21","date_gmt":"2024-06-23T19:50:21","guid":{"rendered":"https:\/\/369agara.com\/?post_type=product&#038;p=2936"},"modified":"2025-05-15T22:36:05","modified_gmt":"2025-05-15T20:36:05","slug":"modulaur-cristalo-photonique-3w","status":"publish","type":"product","link":"https:\/\/369agara.com\/es\/producto\/modulaur-cristalo-photonique-3w\/","title":{"rendered":"Modulador de fotones de cristal de 3W + polarizador de ondas escalares Zome 13"},"content":{"rendered":"<h3><span style=\"font-family: 'Book Antiqua', Palatino; font-size: 120%; color: #333399;\">Este dispositivo tiene dos funciones:<\/span><\/h3>\n<p><span style=\"font-family: 'Book Antiqua', Palatino; font-size: 120%; color: #333399;\">Puede colocarse sobre un escritorio, una mesa o como l\u00e1mpara.<\/span><br \/>\n<span style=\"font-family: 'Book Antiqua', Palatino; font-size: 120%; color: #333399;\">Este intuitivo difusor crom\u00e1tico armoniza suavemente su sal\u00f3n y su espacio.<\/span><\/p>\n<p><span style=\"font-family: 'Book Antiqua', Palatino; font-size: 120%; color: #333399;\">Tambi\u00e9n puede utilizarse como l\u00e1mpara de tratamiento para cromoterapia.<\/span><br \/>\n<span style=\"font-family: 'Book Antiqua', Palatino; font-size: 120%; color: #333399;\">Su forma ergon\u00f3mica y su bajo peso facilitan su manejo y utilizaci\u00f3n.<\/span><\/p>\n<p><span style=\"font-family: 'Book Antiqua', Palatino; font-size: 120%; color: #333399;\">Refuerza el magnetismo de tus manos con un nutritivo flujo de luz y mejora el cuidado y la profundidad de la relaci\u00f3n de ayuda entre el profesional y el receptor.<\/span><br \/>\n<span style=\"font-family: 'Book Antiqua', Palatino; font-size: 120%; color: #333399;\">Los beneficios resultantes de la alianza entre t\u00fa y el flujo de electromagnetismo se transmiten as\u00ed, amplificados por la amatista m\u00e1s el campo escalar generado por las ondas de forma.<\/span><\/p>\n<p><span style=\"font-family: 'Book Antiqua', Palatino; font-size: 120%; color: #333399;\">De todas las piedras preciosas, la amatista (de la familia del cuarzo) est\u00e1 considerada la reina del reino de la litoterapia, a la altura de los diamantes en joyer\u00eda, por su belleza natural y sus notables poderes.<\/span><br \/>\n<span style=\"font-family: 'Book Antiqua', Palatino; font-size: 120%; color: #333399;\">Es un poderoso remedio para todo tipo de negatividad emocional.<\/span><br \/>\n<span style=\"font-family: 'Book Antiqua', Palatino; font-size: 120%; color: #333399;\">La amatista tiene una rica historia y es especialmente apreciada por sus elegantes, relajantes e hipn\u00f3ticos tonos violetas.<\/span><br \/>\n<span style=\"font-family: 'Book Antiqua', Palatino; font-size: 120%; color: #333399;\">Estas perlas representan la sabidur\u00eda del esp\u00edritu y la paz interior. Descubra sus m\u00faltiples posibilidades y los beneficios que pueden aportar a su equilibrio general, as\u00ed como a su hogar y su entorno.<\/span><\/p>\n<h3><span style=\"font-family: 'Book Antiqua', Palatino; font-size: 120%; color: #333399;\">Las ondas de forma y la geometr\u00eda de la vida (o geometr\u00eda sagrada).<\/span><\/h3>\n<p><span style=\"font-family: 'Book Antiqua', Palatino; font-size: 120%; color: #333399;\">Cuando observamos las formas que produce la naturaleza, resulta fascinante ver hasta qu\u00e9 punto los seres vivos est\u00e1n estructurados seg\u00fan ciertas reglas de armon\u00eda matem\u00e1tica.<\/span><br \/>\n<span style=\"font-family: 'Book Antiqua', Palatino; font-size: 120%; color: #333399;\">Del mismo modo, el hombre siempre ha construido templos y lugares sagrados que utilizan ciertas formas armoniosas. La armon\u00eda de las formas en la naturaleza y el arte sagrado est\u00e1n \u00edntimamente ligados por un juego de mimetismo.<\/span><br \/>\n<span style=\"font-family: 'Book Antiqua', Palatino; font-size: 120%; color: #333399;\">Para algunos, esta armon\u00eda es un reflejo de la divinidad. Hay varios principios matem\u00e1ticos que pueden observarse en las formas naturales. Entre ellos est\u00e1n la proporci\u00f3n \u00e1urea y la secuencia de Fibonacci...<\/span><br \/>\n<span style=\"font-family: 'Book Antiqua', Palatino; font-size: 120%; color: #333399;\">Las formas pueden asociarse a conceptos, y la naturaleza de estos conceptos tambi\u00e9n define el espectro energ\u00e9tico de estas formas.<\/span><br \/>\n<span style=\"font-family: 'Book Antiqua', Palatino; font-size: 120%; color: #333399;\">Esta es la idea detr\u00e1s de los mandalas o yantras...<\/span><\/p>","protected":false},"excerpt":{"rendered":"<p><span style=\"font-family: 'Book Antiqua', Palatino; font-size: 120%; color: #333399;\">Intuitivo difusor de corriente monocrom\u00e1tico con precisi\u00f3n mejorada a 125 kHz.<\/span><br \/>\n<span style=\"font-family: 'Book Antiqua', Palatino; font-size: 120%; color: #333399;\">Amplificaci\u00f3n y armonizaci\u00f3n con amatista y ondas de forma.<\/span><\/p>\n<p><span style=\"font-family: 'Book Antiqua', Palatino; font-size: 120%; color: #333399;\">Suministrado con fuente de alimentaci\u00f3n USB de 5 V + soporte de presentaci\u00f3n 3D para colocar diversos objetos a alimentar (agua, cristales, formas de onda) + polarizador transparente de formas de onda Zome13.<\/span><br \/>\n<span style=\"font-family: 'Book Antiqua', Palatino; font-size: 120%; color: #333399;\">Caja Diam 7 cm. Peso ~ 120 g (~ 50 g amatista)<\/span><\/p>\n<p><span style=\"font-family: 'Book Antiqua', Palatino; font-size: 120%; color: #333399;\">Reloj modular con 15 programas monocrom\u00e1ticos de precisi\u00f3n mejorada (125Khz) + 4 ciclos de color, mediante un sencillo mando a distancia por infrarrojos (20 pgm) :<\/span><\/p>\n<ul>\n<li><span style=\"font-family: 'Book Antiqua', Palatino; font-size: 120%; color: #333399;\">15 colores<\/span><\/li>\n<li><span style=\"font-family: 'Book Antiqua', Palatino; font-size: 120%; color: #333399;\">1 blanco<\/span><\/li>\n<li><span style=\"font-family: 'Book Antiqua', Palatino; font-size: 120%; color: #333399;\">1 bicicleta arco iris sin fin<\/span><\/li>\n<li><span style=\"font-family: 'Book Antiqua', Palatino; font-size: 120%; color: #333399;\">1 viaje de ida y vuelta en una bicicleta arco iris<\/span><\/li>\n<li><span style=\"font-family: 'Book Antiqua', Palatino; font-size: 120%; color: #333399;\">1 Ciclo de impulsos de crominancia de 5<\/span><\/li>\n<li><span style=\"font-family: 'Book Antiqua', Palatino; font-size: 120%; color: #333399;\">1 ciclo de pulsos de luminancia (con velocidad ajustable)<\/span><\/li>\n<\/ul>\n<p><span style=\"font-family: 'Book Antiqua', Palatino; font-size: 120%; color: #333399;\">Fabricado en Francia.<\/span><\/p>","protected":false},"featured_media":2950,"comment_status":"open","ping_status":"closed","template":"","meta":[],"product_brand":[],"product_cat":[140],"product_tag":[232,233,222],"class_list":{"0":"post-2936","1":"product","2":"type-product","3":"status-publish","4":"has-post-thumbnail","6":"product_cat-aec-innovations","7":"product_tag-amethyste","8":"product_tag-chromotherapie","9":"product_tag-geometrie-sacree","11":"first","12":"instock","13":"taxable","14":"shipping-taxable","15":"purchasable","16":"product-type-simple"},"yoast_head":"<!-- This site is optimized with the Yoast SEO Premium plugin v25.1 (Yoast SEO v27.4) - https:\/\/yoast.com\/product\/yoast-seo-premium-wordpress\/ -->\n<title>Modulaur Cristalo-photonique 3W + Zome 13 polarisateur d&#039;ondes scalaires | Agara<\/title>\n<meta name=\"description\" content=\"Diffuseur de courant monochromatique intuitif avec une pr\u00e9cision am\u00e9lior\u00e9e \u00e0 125 kHz. Amplification et harmonisation avec l&#039;am\u00e9thyste et les ondes de forme. Livr\u00e9 avec alimentation USB 5V + support de pr\u00e9sentation 3D pour placer divers objets \u00e0 alimenter (eau, cristaux, ondes en forme) + polariseur d&#039;ondes en forme Zome13 transparentBo\u00eetier Diam 7 cm. Poids ~ 120 g (~ 50 g d&#039;am\u00e9thyste) Horloge modulaire avec 15 programmes monochromatiques pr\u00e9cision am\u00e9lior\u00e9e (125Khz) + 4 cycles de couleurs, via simple t\u00e9l\u00e9commande infrarouge (20 pgm) : 15 couleurs ; 1 blanc ; 1 v\u00e9lo arc-en-ciel sans fin ; 1 aller-retour en v\u00e9lo arc-en-ciel ; 1 cycle d&#039;impulsion de chrominance 5\u00b0 ; 1 cycle d&#039;impulsion de luminance (avec vitesse r\u00e9glable). Fabrication fran\u00e7aise.\" \/>\n<meta name=\"robots\" content=\"index, follow, max-snippet:-1, max-image-preview:large, max-video-preview:-1\" \/>\n<link rel=\"canonical\" href=\"https:\/\/369agara.com\/es\/producto\/modulaur-cristalo-photonique-3w\/\" \/>\n<meta property=\"og:locale\" content=\"es_ES\" \/>\n<meta property=\"og:type\" content=\"article\" \/>\n<meta property=\"og:title\" content=\"Modulaur Cristalo-photonique 3W + Zome 13 polarisateur d&#039;ondes scalaires\" \/>\n<meta property=\"og:description\" content=\"Diffuseur de courant monochromatique intuitif avec une pr\u00e9cision am\u00e9lior\u00e9e \u00e0 125 kHz. Amplification et harmonisation avec l&#039;am\u00e9thyste et les ondes de forme. Livr\u00e9 avec alimentation USB 5V + support de pr\u00e9sentation 3D pour placer divers objets \u00e0 alimenter (eau, cristaux, ondes en forme) + polariseur d&#039;ondes en forme Zome13 transparentBo\u00eetier Diam 7 cm. Poids ~ 120 g (~ 50 g d&#039;am\u00e9thyste) Horloge modulaire avec 15 programmes monochromatiques pr\u00e9cision am\u00e9lior\u00e9e (125Khz) + 4 cycles de couleurs, via simple t\u00e9l\u00e9commande infrarouge (20 pgm) : 15 couleurs ; 1 blanc ; 1 v\u00e9lo arc-en-ciel sans fin ; 1 aller-retour en v\u00e9lo arc-en-ciel ; 1 cycle d&#039;impulsion de chrominance 5\u00b0 ; 1 cycle d&#039;impulsion de luminance (avec vitesse r\u00e9glable). Fabrication fran\u00e7aise.\" \/>\n<meta property=\"og:url\" content=\"https:\/\/369agara.com\/es\/producto\/modulaur-cristalo-photonique-3w\/\" \/>\n<meta property=\"og:site_name\" content=\"Agara\" \/>\n<meta property=\"article:modified_time\" content=\"2025-05-15T20:36:05+00:00\" \/>\n<meta property=\"og:image\" content=\"https:\/\/369agara.com\/wp-content\/uploads\/2024\/06\/IMG_20240521_141946-scaled.jpg\" \/>\n\t<meta property=\"og:image:width\" content=\"2560\" \/>\n\t<meta property=\"og:image:height\" content=\"2560\" \/>\n\t<meta property=\"og:image:type\" content=\"image\/jpeg\" \/>\n<meta name=\"twitter:card\" content=\"summary_large_image\" \/>\n<meta name=\"twitter:label1\" content=\"Tiempo de lectura\" \/>\n\t<meta name=\"twitter:data1\" content=\"3 minutos\" \/>\n<script type=\"application\/ld+json\" class=\"yoast-schema-graph\">{\"@context\":\"https:\\\/\\\/schema.org\",\"@graph\":[{\"@type\":\"WebPage\",\"@id\":\"https:\\\/\\\/369agara.com\\\/produit\\\/modulaur-cristalo-photonique-3w\\\/\",\"url\":\"https:\\\/\\\/369agara.com\\\/produit\\\/modulaur-cristalo-photonique-3w\\\/\",\"name\":\"Modulaur Cristalo-photonique 3W + Zome 13 polarisateur d'ondes scalaires | Agara\",\"isPartOf\":{\"@id\":\"https:\\\/\\\/369agara.com\\\/#website\"},\"primaryImageOfPage\":{\"@id\":\"https:\\\/\\\/369agara.com\\\/produit\\\/modulaur-cristalo-photonique-3w\\\/#primaryimage\"},\"image\":{\"@id\":\"https:\\\/\\\/369agara.com\\\/produit\\\/modulaur-cristalo-photonique-3w\\\/#primaryimage\"},\"thumbnailUrl\":\"https:\\\/\\\/369agara.com\\\/wp-content\\\/uploads\\\/2024\\\/06\\\/IMG_20240521_141946-scaled.jpg\",\"datePublished\":\"2024-06-23T19:50:21+00:00\",\"dateModified\":\"2025-05-15T20:36:05+00:00\",\"description\":\"Diffuseur de courant monochromatique intuitif avec une pr\u00e9cision am\u00e9lior\u00e9e \u00e0 125 kHz. Amplification et harmonisation avec l'am\u00e9thyste et les ondes de forme. Livr\u00e9 avec alimentation USB 5V + support de pr\u00e9sentation 3D pour placer divers objets \u00e0 alimenter (eau, cristaux, ondes en forme) + polariseur d'ondes en forme Zome13 transparentBo\u00eetier Diam 7 cm. Poids ~ 120 g (~ 50 g d'am\u00e9thyste) Horloge modulaire avec 15 programmes monochromatiques pr\u00e9cision am\u00e9lior\u00e9e (125Khz) + 4 cycles de couleurs, via simple t\u00e9l\u00e9commande infrarouge (20 pgm) : 15 couleurs ; 1 blanc ; 1 v\u00e9lo arc-en-ciel sans fin ; 1 aller-retour en v\u00e9lo arc-en-ciel ; 1 cycle d'impulsion de chrominance 5\u00b0 ; 1 cycle d'impulsion de luminance (avec vitesse r\u00e9glable). Fabrication fran\u00e7aise.\",\"breadcrumb\":{\"@id\":\"https:\\\/\\\/369agara.com\\\/produit\\\/modulaur-cristalo-photonique-3w\\\/#breadcrumb\"},\"inLanguage\":\"es\",\"potentialAction\":[{\"@type\":\"ReadAction\",\"target\":[\"https:\\\/\\\/369agara.com\\\/produit\\\/modulaur-cristalo-photonique-3w\\\/\"]}]},{\"@type\":\"ImageObject\",\"inLanguage\":\"es\",\"@id\":\"https:\\\/\\\/369agara.com\\\/produit\\\/modulaur-cristalo-photonique-3w\\\/#primaryimage\",\"url\":\"https:\\\/\\\/369agara.com\\\/wp-content\\\/uploads\\\/2024\\\/06\\\/IMG_20240521_141946-scaled.jpg\",\"contentUrl\":\"https:\\\/\\\/369agara.com\\\/wp-content\\\/uploads\\\/2024\\\/06\\\/IMG_20240521_141946-scaled.jpg\",\"width\":2560,\"height\":2560},{\"@type\":\"BreadcrumbList\",\"@id\":\"https:\\\/\\\/369agara.com\\\/produit\\\/modulaur-cristalo-photonique-3w\\\/#breadcrumb\",\"itemListElement\":[{\"@type\":\"ListItem\",\"position\":1,\"name\":\"Accueil\",\"item\":\"https:\\\/\\\/369agara.com\\\/\"},{\"@type\":\"ListItem\",\"position\":2,\"name\":\"La boutique\",\"item\":\"https:\\\/\\\/369agara.com\\\/la-boutique\\\/\"},{\"@type\":\"ListItem\",\"position\":3,\"name\":\"Modulaur Cristalo-photonique 3W + Zome 13 polarisateur d&rsquo;ondes scalaires\"}]},{\"@type\":\"WebSite\",\"@id\":\"https:\\\/\\\/369agara.com\\\/#website\",\"url\":\"https:\\\/\\\/369agara.com\\\/\",\"name\":\"Livsrikedomar\",\"description\":\"D\u00e9connectez pour mieux vous connecter\",\"publisher\":{\"@id\":\"https:\\\/\\\/369agara.com\\\/#organization\"},\"potentialAction\":[{\"@type\":\"SearchAction\",\"target\":{\"@type\":\"EntryPoint\",\"urlTemplate\":\"https:\\\/\\\/369agara.com\\\/?s={search_term_string}\"},\"query-input\":{\"@type\":\"PropertyValueSpecification\",\"valueRequired\":true,\"valueName\":\"search_term_string\"}}],\"inLanguage\":\"es\"},{\"@type\":\"Organization\",\"@id\":\"https:\\\/\\\/369agara.com\\\/#organization\",\"name\":\"EACreations\",\"url\":\"https:\\\/\\\/369agara.com\\\/\",\"logo\":{\"@type\":\"ImageObject\",\"inLanguage\":\"es\",\"@id\":\"https:\\\/\\\/369agara.com\\\/#\\\/schema\\\/logo\\\/image\\\/\",\"url\":\"\",\"contentUrl\":\"\",\"caption\":\"EACreations\"},\"image\":{\"@id\":\"https:\\\/\\\/369agara.com\\\/#\\\/schema\\\/logo\\\/image\\\/\"}}]}<\/script>\n<!-- \/ Yoast SEO Premium plugin. -->","yoast_head_json":{"title":"Modulaur Cristalo-photonique 3W + Zome 13 polarisateur d'ondes scalaires | Agara","description":"Diffuseur de courant monochromatique intuitif avec une pr\u00e9cision am\u00e9lior\u00e9e \u00e0 125 kHz. Amplification et harmonisation avec l'am\u00e9thyste et les ondes de forme. Livr\u00e9 avec alimentation USB 5V + support de pr\u00e9sentation 3D pour placer divers objets \u00e0 alimenter (eau, cristaux, ondes en forme) + polariseur d'ondes en forme Zome13 transparentBo\u00eetier Diam 7 cm. Poids ~ 120 g (~ 50 g d'am\u00e9thyste) Horloge modulaire avec 15 programmes monochromatiques pr\u00e9cision am\u00e9lior\u00e9e (125Khz) + 4 cycles de couleurs, via simple t\u00e9l\u00e9commande infrarouge (20 pgm) : 15 couleurs ; 1 blanc ; 1 v\u00e9lo arc-en-ciel sans fin ; 1 aller-retour en v\u00e9lo arc-en-ciel ; 1 cycle d'impulsion de chrominance 5\u00b0 ; 1 cycle d'impulsion de luminance (avec vitesse r\u00e9glable). Fabrication fran\u00e7aise.","robots":{"index":"index","follow":"follow","max-snippet":"max-snippet:-1","max-image-preview":"max-image-preview:large","max-video-preview":"max-video-preview:-1"},"canonical":"https:\/\/369agara.com\/es\/producto\/modulaur-cristalo-photonique-3w\/","og_locale":"es_ES","og_type":"article","og_title":"Modulaur Cristalo-photonique 3W + Zome 13 polarisateur d'ondes scalaires","og_description":"Diffuseur de courant monochromatique intuitif avec une pr\u00e9cision am\u00e9lior\u00e9e \u00e0 125 kHz. Amplification et harmonisation avec l'am\u00e9thyste et les ondes de forme. Livr\u00e9 avec alimentation USB 5V + support de pr\u00e9sentation 3D pour placer divers objets \u00e0 alimenter (eau, cristaux, ondes en forme) + polariseur d'ondes en forme Zome13 transparentBo\u00eetier Diam 7 cm. Poids ~ 120 g (~ 50 g d'am\u00e9thyste) Horloge modulaire avec 15 programmes monochromatiques pr\u00e9cision am\u00e9lior\u00e9e (125Khz) + 4 cycles de couleurs, via simple t\u00e9l\u00e9commande infrarouge (20 pgm) : 15 couleurs ; 1 blanc ; 1 v\u00e9lo arc-en-ciel sans fin ; 1 aller-retour en v\u00e9lo arc-en-ciel ; 1 cycle d'impulsion de chrominance 5\u00b0 ; 1 cycle d'impulsion de luminance (avec vitesse r\u00e9glable). Fabrication fran\u00e7aise.","og_url":"https:\/\/369agara.com\/es\/producto\/modulaur-cristalo-photonique-3w\/","og_site_name":"Agara","article_modified_time":"2025-05-15T20:36:05+00:00","og_image":[{"width":2560,"height":2560,"url":"https:\/\/369agara.com\/wp-content\/uploads\/2024\/06\/IMG_20240521_141946-scaled.jpg","type":"image\/jpeg"}],"twitter_card":"summary_large_image","twitter_misc":{"Tiempo de lectura":"3 minutos"},"schema":{"@context":"https:\/\/schema.org","@graph":[{"@type":"WebPage","@id":"https:\/\/369agara.com\/produit\/modulaur-cristalo-photonique-3w\/","url":"https:\/\/369agara.com\/produit\/modulaur-cristalo-photonique-3w\/","name":"Modulaur Cristalo-photonique 3W + Zome 13 polarisateur d'ondes scalaires | Agara","isPartOf":{"@id":"https:\/\/369agara.com\/#website"},"primaryImageOfPage":{"@id":"https:\/\/369agara.com\/produit\/modulaur-cristalo-photonique-3w\/#primaryimage"},"image":{"@id":"https:\/\/369agara.com\/produit\/modulaur-cristalo-photonique-3w\/#primaryimage"},"thumbnailUrl":"https:\/\/369agara.com\/wp-content\/uploads\/2024\/06\/IMG_20240521_141946-scaled.jpg","datePublished":"2024-06-23T19:50:21+00:00","dateModified":"2025-05-15T20:36:05+00:00","description":"Diffuseur de courant monochromatique intuitif avec une pr\u00e9cision am\u00e9lior\u00e9e \u00e0 125 kHz. Amplification et harmonisation avec l'am\u00e9thyste et les ondes de forme. Livr\u00e9 avec alimentation USB 5V + support de pr\u00e9sentation 3D pour placer divers objets \u00e0 alimenter (eau, cristaux, ondes en forme) + polariseur d'ondes en forme Zome13 transparentBo\u00eetier Diam 7 cm. Poids ~ 120 g (~ 50 g d'am\u00e9thyste) Horloge modulaire avec 15 programmes monochromatiques pr\u00e9cision am\u00e9lior\u00e9e (125Khz) + 4 cycles de couleurs, via simple t\u00e9l\u00e9commande infrarouge (20 pgm) : 15 couleurs ; 1 blanc ; 1 v\u00e9lo arc-en-ciel sans fin ; 1 aller-retour en v\u00e9lo arc-en-ciel ; 1 cycle d'impulsion de chrominance 5\u00b0 ; 1 cycle d'impulsion de luminance (avec vitesse r\u00e9glable). Fabrication fran\u00e7aise.","breadcrumb":{"@id":"https:\/\/369agara.com\/produit\/modulaur-cristalo-photonique-3w\/#breadcrumb"},"inLanguage":"es","potentialAction":[{"@type":"ReadAction","target":["https:\/\/369agara.com\/produit\/modulaur-cristalo-photonique-3w\/"]}]},{"@type":"ImageObject","inLanguage":"es","@id":"https:\/\/369agara.com\/produit\/modulaur-cristalo-photonique-3w\/#primaryimage","url":"https:\/\/369agara.com\/wp-content\/uploads\/2024\/06\/IMG_20240521_141946-scaled.jpg","contentUrl":"https:\/\/369agara.com\/wp-content\/uploads\/2024\/06\/IMG_20240521_141946-scaled.jpg","width":2560,"height":2560},{"@type":"BreadcrumbList","@id":"https:\/\/369agara.com\/produit\/modulaur-cristalo-photonique-3w\/#breadcrumb","itemListElement":[{"@type":"ListItem","position":1,"name":"Accueil","item":"https:\/\/369agara.com\/"},{"@type":"ListItem","position":2,"name":"La boutique","item":"https:\/\/369agara.com\/la-boutique\/"},{"@type":"ListItem","position":3,"name":"Modulaur Cristalo-photonique 3W + Zome 13 polarisateur d&rsquo;ondes scalaires"}]},{"@type":"WebSite","@id":"https:\/\/369agara.com\/#website","url":"https:\/\/369agara.com\/","name":"Livsrikedomar","description":"Desconectar para conectar mejor","publisher":{"@id":"https:\/\/369agara.com\/#organization"},"potentialAction":[{"@type":"SearchAction","target":{"@type":"EntryPoint","urlTemplate":"https:\/\/369agara.com\/?s={search_term_string}"},"query-input":{"@type":"PropertyValueSpecification","valueRequired":true,"valueName":"search_term_string"}}],"inLanguage":"es"},{"@type":"Organization","@id":"https:\/\/369agara.com\/#organization","name":"EACreations","url":"https:\/\/369agara.com\/","logo":{"@type":"ImageObject","inLanguage":"es","@id":"https:\/\/369agara.com\/#\/schema\/logo\/image\/","url":"","contentUrl":"","caption":"EACreations"},"image":{"@id":"https:\/\/369agara.com\/#\/schema\/logo\/image\/"}}]}},"jetpack_sharing_enabled":true,"_links":{"self":[{"href":"https:\/\/369agara.com\/es\/wp-json\/wp\/v2\/product\/2936","targetHints":{"allow":["GET"]}}],"collection":[{"href":"https:\/\/369agara.com\/es\/wp-json\/wp\/v2\/product"}],"about":[{"href":"https:\/\/369agara.com\/es\/wp-json\/wp\/v2\/types\/product"}],"replies":[{"embeddable":true,"href":"https:\/\/369agara.com\/es\/wp-json\/wp\/v2\/comments?post=2936"}],"wp:featuredmedia":[{"embeddable":true,"href":"https:\/\/369agara.com\/es\/wp-json\/wp\/v2\/media\/2950"}],"wp:attachment":[{"href":"https:\/\/369agara.com\/es\/wp-json\/wp\/v2\/media?parent=2936"}],"wp:term":[{"taxonomy":"product_brand","embeddable":true,"href":"https:\/\/369agara.com\/es\/wp-json\/wp\/v2\/product_brand?post=2936"},{"taxonomy":"product_cat","embeddable":true,"href":"https:\/\/369agara.com\/es\/wp-json\/wp\/v2\/product_cat?post=2936"},{"taxonomy":"product_tag","embeddable":true,"href":"https:\/\/369agara.com\/es\/wp-json\/wp\/v2\/product_tag?post=2936"}],"curies":[{"name":"wp","href":"https:\/\/api.w.org\/{rel}","templated":true}]}}