{"id":2965,"date":"2024-07-16T20:18:50","date_gmt":"2024-07-16T18:18:50","guid":{"rendered":"https:\/\/369agara.com\/?post_type=product&#038;p=2965"},"modified":"2025-05-15T22:35:37","modified_gmt":"2025-05-15T20:35:37","slug":"stylet-cristalo-photonique-4w","status":"publish","type":"product","link":"https:\/\/369agara.com\/es\/producto\/stylet-cristalo-photonique-4w\/","title":{"rendered":"Palpador de cristal fot\u00f3nico de 4 W"},"content":{"rendered":"<h3><span style=\"font-family: 'Book Antiqua', Palatino; font-size: 120%; color: #333399;\">Los beneficios de la luz de color y el cuarzo :<\/span><\/h3>\n<p><span style=\"font-family: 'Book Antiqua', Palatino; font-size: 120%; color: #333399;\">Esta pluma f\u00e1cil de usar para tratamientos de cromoterapia sensitiva est\u00e1 dise\u00f1ada principalmente para aprovechar la dispersi\u00f3n de la luz coloreada con cuarzo para beneficiarse de su expresi\u00f3n vibratoria \u00fanica biorresonante y nutritiva a todos los niveles.<\/span><br \/>\n<span style=\"font-family: 'Book Antiqua', Palatino; font-size: 120%; color: #333399;\">Este instrumento es m\u00e1s accesible que los palpadores BioColor\/PhiColor\/MiniBio de nuestra gama profesional.<\/span><br \/>\n<span style=\"font-family: 'Book Antiqua', Palatino; font-size: 120%; color: #333399;\">Permite a todos los practicantes controlar los flujos de colores monocromos y aplicarlos a zonas del cuerpo f\u00edsico o a los cuerpos sutiles de quienes exploran esta v\u00eda...<\/span><\/p>\n<p><span style=\"font-family: 'Book Antiqua', Palatino; font-size: 120%; color: #333399;\">19 programas disponibles mediante 2 botones pgm+ \/ pgm - :<\/span><\/p>\n<ul>\n<li><span style=\"font-family: 'Book Antiqua', Palatino; font-size: 120%; color: #333399;\">16 colores monocromos con modulaci\u00f3n de 125 kHz<\/span><\/li>\n<li><span style=\"font-family: 'Book Antiqua', Palatino; font-size: 120%; color: #333399;\">1 blanco policromado<\/span><\/li>\n<li><span style=\"font-family: 'Book Antiqua', Palatino; font-size: 120%; color: #333399;\">1 bicicleta arco iris sin fin<\/span><\/li>\n<li><span style=\"font-family: 'Book Antiqua', Palatino; font-size: 120%; color: #333399;\">1 ciclo arco iris pulsado<\/span><\/li>\n<\/ul>\n<table style=\"width: 100%; border-collapse: collapse; border-style: hidden;\">\n<tbody>\n<tr>\n<td style=\"width: 59.5203%;\"><span style=\"font-family: 'Book Antiqua', Palatino; font-size: 120%; color: #333399;\"><img loading=\"lazy\" decoding=\"async\" class=\"wp-image-3737 alignright\" src=\"https:\/\/369agara.com\/wp-content\/uploads\/2024\/07\/Cercle-chromatique-300x300.jpg\" alt=\"\" width=\"551\" height=\"549\" srcset=\"https:\/\/369agara.com\/wp-content\/uploads\/2024\/07\/Cercle-chromatique-300x300.jpg 300w, https:\/\/369agara.com\/wp-content\/uploads\/2024\/07\/Cercle-chromatique-150x150.jpg 150w, https:\/\/369agara.com\/wp-content\/uploads\/2024\/07\/Cercle-chromatique-12x12.jpg 12w, https:\/\/369agara.com\/wp-content\/uploads\/2024\/07\/Cercle-chromatique-247x247.jpg 247w, https:\/\/369agara.com\/wp-content\/uploads\/2024\/07\/Cercle-chromatique-100x100.jpg 100w\" sizes=\"auto, (max-width: 551px) 100vw, 551px\" \/><\/span><\/td>\n<td style=\"width: 40.4797%;\"><span style=\"font-family: 'Book Antiqua', Palatino; font-size: 120%; color: #333399;\"><img loading=\"lazy\" decoding=\"async\" class=\"alignnone size-medium wp-image-3736\" src=\"https:\/\/369agara.com\/wp-content\/uploads\/2024\/07\/Stylet-cristalo-photonique-4W-couleurs-300x300.png\" alt=\"\" width=\"300\" height=\"300\" srcset=\"https:\/\/369agara.com\/wp-content\/uploads\/2024\/07\/Stylet-cristalo-photonique-4W-couleurs-300x300.png 300w, https:\/\/369agara.com\/wp-content\/uploads\/2024\/07\/Stylet-cristalo-photonique-4W-couleurs-1024x1024.png 1024w, https:\/\/369agara.com\/wp-content\/uploads\/2024\/07\/Stylet-cristalo-photonique-4W-couleurs-150x150.png 150w, https:\/\/369agara.com\/wp-content\/uploads\/2024\/07\/Stylet-cristalo-photonique-4W-couleurs-768x768.png 768w, https:\/\/369agara.com\/wp-content\/uploads\/2024\/07\/Stylet-cristalo-photonique-4W-couleurs-12x12.png 12w, https:\/\/369agara.com\/wp-content\/uploads\/2024\/07\/Stylet-cristalo-photonique-4W-couleurs-247x247.png 247w, https:\/\/369agara.com\/wp-content\/uploads\/2024\/07\/Stylet-cristalo-photonique-4W-couleurs-510x510.png 510w, https:\/\/369agara.com\/wp-content\/uploads\/2024\/07\/Stylet-cristalo-photonique-4W-couleurs-100x100.png 100w, https:\/\/369agara.com\/wp-content\/uploads\/2024\/07\/Stylet-cristalo-photonique-4W-couleurs.png 1280w\" sizes=\"auto, (max-width: 300px) 100vw, 300px\" \/><\/span><\/td>\n<\/tr>\n<\/tbody>\n<\/table>\n<p>&nbsp;<\/p>\n<p><span style=\"font-family: 'Book Antiqua', Palatino; font-size: 120%; color: #333399;\">Trabajo en curso:<\/span><\/p>\n<p><span style=\"font-family: 'Book Antiqua', Palatino; font-size: 120%; color: #333399;\">Pulsando pgm+ (el bot\u00f3n inferior) se inicia un programa y luego el siguiente.<\/span><br \/>\n<span style=\"font-family: 'Book Antiqua', Palatino; font-size: 120%; color: #333399;\">Pulsando pgm- (bot\u00f3n superior) se inicia un programa anterior.<\/span><br \/>\n<span style=\"font-family: 'Book Antiqua', Palatino; font-size: 120%; color: #333399;\">Una pulsaci\u00f3n larga en pgm+ durante 3 segundos o un doble clic en pgm+ apaga el l\u00e1piz \u00f3ptico.<\/span><\/p>\n<p><span style=\"font-family: 'Book Antiqua', Palatino; font-size: 120%; color: #333399;\">Se suministra con :<\/span><\/p>\n<ul>\n<li><span style=\"font-family: 'Book Antiqua', Palatino; font-size: 120%; color: #333399;\">3 plumillas<\/span><\/li>\n<li><span style=\"font-family: 'Book Antiqua', Palatino; font-size: 120%; color: #333399;\">1 punta de cuarzo lemur hexa.<\/span><\/li>\n<li><span style=\"font-family: 'Book Antiqua', Palatino; font-size: 120%; color: #333399;\">Fuente de alimentaci\u00f3n USB de 5 V, portapilas y cargador integrados.<\/span><\/li>\n<\/ul>\n<p><span style=\"font-family: 'Book Antiqua', Palatino; font-size: 120%; color: #333399;\">Autonom\u00eda 60 min.<\/span><br \/>\n<span style=\"font-family: 'Book Antiqua', Palatino; font-size: 120%; color: #333399;\">Puede utilizarse bajo carga como difusor.<\/span><\/p>\n<p style=\"text-align: center;\"><span style=\"font-family: 'Book Antiqua', Palatino; font-size: 120%; color: #333399;\">Existen puntas de cuarzo de diferentes calidades para los tratamientos vibratorios:<\/span><br \/>\n<span style=\"font-family: 'Book Antiqua', Palatino; font-size: 120%; color: #333399;\">Cuarzo Lemur, cuarzo l\u00e1ser, cuarzo Vogel, selenita... a petici\u00f3n.<\/span><\/p>\n<p>&nbsp;<\/p>\n<p><span style=\"color: #333399; font-family: 'Book Antiqua', Palatino; font-size: 120%;\"><img loading=\"lazy\" decoding=\"async\" class=\"aligncenter wp-image-3188 size-medium\" src=\"https:\/\/369agara.com\/wp-content\/uploads\/2024\/07\/IMG_20240307_115755-300x300.jpg\" alt=\"\" width=\"300\" height=\"300\" srcset=\"https:\/\/369agara.com\/wp-content\/uploads\/2024\/07\/IMG_20240307_115755-300x300.jpg 300w, https:\/\/369agara.com\/wp-content\/uploads\/2024\/07\/IMG_20240307_115755-1024x1024.jpg 1024w, https:\/\/369agara.com\/wp-content\/uploads\/2024\/07\/IMG_20240307_115755-150x150.jpg 150w, https:\/\/369agara.com\/wp-content\/uploads\/2024\/07\/IMG_20240307_115755-768x768.jpg 768w, https:\/\/369agara.com\/wp-content\/uploads\/2024\/07\/IMG_20240307_115755-1536x1536.jpg 1536w, https:\/\/369agara.com\/wp-content\/uploads\/2024\/07\/IMG_20240307_115755-2048x2048.jpg 2048w, https:\/\/369agara.com\/wp-content\/uploads\/2024\/07\/IMG_20240307_115755-12x12.jpg 12w, https:\/\/369agara.com\/wp-content\/uploads\/2024\/07\/IMG_20240307_115755-247x247.jpg 247w, https:\/\/369agara.com\/wp-content\/uploads\/2024\/07\/IMG_20240307_115755-510x510.jpg 510w, https:\/\/369agara.com\/wp-content\/uploads\/2024\/07\/IMG_20240307_115755-100x100.jpg 100w\" sizes=\"auto, (max-width: 300px) 100vw, 300px\" \/><\/span><\/p>","protected":false},"excerpt":{"rendered":"<p>Difusor intuitivo con flujo de color preciso mediante fotomodulaci\u00f3n de 125KHz.<br \/>\nAmplificaci\u00f3n con puntas de cuarzo + lente de difracci\u00f3n esf\u00e9rica.<\/p>\n<p>19 programas disponibles mediante 2 botones pgm+ \/ pgm - :<\/p>\n<ul>\n<li>16 colores monocromos con modulaci\u00f3n de 125 kHz<\/li>\n<li>1 blanco policromado<\/li>\n<li>1 bicicleta arco iris sin fin<\/li>\n<li>1 ciclo arco iris pulsado<\/li>\n<\/ul>","protected":false},"featured_media":3189,"comment_status":"open","ping_status":"closed","template":"","meta":[],"product_brand":[],"product_cat":[140],"product_tag":[233,235,236],"class_list":{"0":"post-2965","1":"product","2":"type-product","3":"status-publish","4":"has-post-thumbnail","6":"product_cat-aec-innovations","7":"product_tag-chromotherapie","8":"product_tag-cristaux","9":"product_tag-quartz","11":"first","12":"instock","13":"taxable","14":"shipping-taxable","15":"purchasable","16":"product-type-simple"},"yoast_head":"<!-- This site is optimized with the Yoast SEO Premium plugin v25.1 (Yoast SEO v27.4) - https:\/\/yoast.com\/product\/yoast-seo-premium-wordpress\/ -->\n<title>Stylet cristalo-photonique 4W | Agara<\/title>\n<meta name=\"description\" content=\"Diffuseur intuitif avec flux de couleurs pr\u00e9cis utilisant la photomodulation 125KHz.\u00a0Amplification avec pointes de quartz + lentille de diffraction sph\u00e9rique.\u00a019 programmes disponibles via 2 boutons pgm+ \/ pgm - : 16 couleurs monochromes avec modulation de 125 kHz ; 1 blanc polychrome ; 1 v\u00e9lo arc-en-ciel sans fin ; 1 cycle arc-en-ciel puls\u00e9.\" \/>\n<meta name=\"robots\" content=\"index, follow, max-snippet:-1, max-image-preview:large, max-video-preview:-1\" \/>\n<link rel=\"canonical\" href=\"https:\/\/369agara.com\/es\/producto\/stylet-cristalo-photonique-4w\/\" \/>\n<meta property=\"og:locale\" content=\"es_ES\" \/>\n<meta property=\"og:type\" content=\"article\" \/>\n<meta property=\"og:title\" content=\"Stylet cristalo-photonique 4W\" \/>\n<meta property=\"og:description\" content=\"Diffuseur intuitif avec flux de couleurs pr\u00e9cis utilisant la photomodulation 125KHz.\u00a0Amplification avec pointes de quartz + lentille de diffraction sph\u00e9rique.\u00a019 programmes disponibles via 2 boutons pgm+ \/ pgm - : 16 couleurs monochromes avec modulation de 125 kHz ; 1 blanc polychrome ; 1 v\u00e9lo arc-en-ciel sans fin ; 1 cycle arc-en-ciel puls\u00e9.\" \/>\n<meta property=\"og:url\" content=\"https:\/\/369agara.com\/es\/producto\/stylet-cristalo-photonique-4w\/\" \/>\n<meta property=\"og:site_name\" content=\"Agara\" \/>\n<meta property=\"article:modified_time\" content=\"2025-05-15T20:35:37+00:00\" \/>\n<meta property=\"og:image\" content=\"https:\/\/369agara.com\/wp-content\/uploads\/2024\/07\/IMG_20240522_163959-scaled.jpg\" \/>\n\t<meta property=\"og:image:width\" content=\"2560\" \/>\n\t<meta property=\"og:image:height\" content=\"2560\" \/>\n\t<meta property=\"og:image:type\" content=\"image\/jpeg\" \/>\n<meta name=\"twitter:card\" content=\"summary_large_image\" \/>\n<meta name=\"twitter:label1\" content=\"Tiempo de lectura\" \/>\n\t<meta name=\"twitter:data1\" content=\"2 minutos\" \/>\n<script type=\"application\/ld+json\" class=\"yoast-schema-graph\">{\"@context\":\"https:\\\/\\\/schema.org\",\"@graph\":[{\"@type\":\"WebPage\",\"@id\":\"https:\\\/\\\/369agara.com\\\/produit\\\/stylet-cristalo-photonique-4w\\\/\",\"url\":\"https:\\\/\\\/369agara.com\\\/produit\\\/stylet-cristalo-photonique-4w\\\/\",\"name\":\"Stylet cristalo-photonique 4W | Agara\",\"isPartOf\":{\"@id\":\"https:\\\/\\\/369agara.com\\\/#website\"},\"primaryImageOfPage\":{\"@id\":\"https:\\\/\\\/369agara.com\\\/produit\\\/stylet-cristalo-photonique-4w\\\/#primaryimage\"},\"image\":{\"@id\":\"https:\\\/\\\/369agara.com\\\/produit\\\/stylet-cristalo-photonique-4w\\\/#primaryimage\"},\"thumbnailUrl\":\"https:\\\/\\\/369agara.com\\\/wp-content\\\/uploads\\\/2024\\\/07\\\/IMG_20240522_163959-scaled.jpg\",\"datePublished\":\"2024-07-16T18:18:50+00:00\",\"dateModified\":\"2025-05-15T20:35:37+00:00\",\"description\":\"Diffuseur intuitif avec flux de couleurs pr\u00e9cis utilisant la photomodulation 125KHz.\u00a0Amplification avec pointes de quartz + lentille de diffraction sph\u00e9rique.\u00a019 programmes disponibles via 2 boutons pgm+ \\\/ pgm - : 16 couleurs monochromes avec modulation de 125 kHz ; 1 blanc polychrome ; 1 v\u00e9lo arc-en-ciel sans fin ; 1 cycle arc-en-ciel puls\u00e9.\",\"breadcrumb\":{\"@id\":\"https:\\\/\\\/369agara.com\\\/produit\\\/stylet-cristalo-photonique-4w\\\/#breadcrumb\"},\"inLanguage\":\"es\",\"potentialAction\":[{\"@type\":\"ReadAction\",\"target\":[\"https:\\\/\\\/369agara.com\\\/produit\\\/stylet-cristalo-photonique-4w\\\/\"]}]},{\"@type\":\"ImageObject\",\"inLanguage\":\"es\",\"@id\":\"https:\\\/\\\/369agara.com\\\/produit\\\/stylet-cristalo-photonique-4w\\\/#primaryimage\",\"url\":\"https:\\\/\\\/369agara.com\\\/wp-content\\\/uploads\\\/2024\\\/07\\\/IMG_20240522_163959-scaled.jpg\",\"contentUrl\":\"https:\\\/\\\/369agara.com\\\/wp-content\\\/uploads\\\/2024\\\/07\\\/IMG_20240522_163959-scaled.jpg\",\"width\":2560,\"height\":2560},{\"@type\":\"BreadcrumbList\",\"@id\":\"https:\\\/\\\/369agara.com\\\/produit\\\/stylet-cristalo-photonique-4w\\\/#breadcrumb\",\"itemListElement\":[{\"@type\":\"ListItem\",\"position\":1,\"name\":\"Accueil\",\"item\":\"https:\\\/\\\/369agara.com\\\/\"},{\"@type\":\"ListItem\",\"position\":2,\"name\":\"La boutique\",\"item\":\"https:\\\/\\\/369agara.com\\\/la-boutique\\\/\"},{\"@type\":\"ListItem\",\"position\":3,\"name\":\"Stylet cristalo-photonique 4W\"}]},{\"@type\":\"WebSite\",\"@id\":\"https:\\\/\\\/369agara.com\\\/#website\",\"url\":\"https:\\\/\\\/369agara.com\\\/\",\"name\":\"Livsrikedomar\",\"description\":\"D\u00e9connectez pour mieux vous connecter\",\"publisher\":{\"@id\":\"https:\\\/\\\/369agara.com\\\/#organization\"},\"potentialAction\":[{\"@type\":\"SearchAction\",\"target\":{\"@type\":\"EntryPoint\",\"urlTemplate\":\"https:\\\/\\\/369agara.com\\\/?s={search_term_string}\"},\"query-input\":{\"@type\":\"PropertyValueSpecification\",\"valueRequired\":true,\"valueName\":\"search_term_string\"}}],\"inLanguage\":\"es\"},{\"@type\":\"Organization\",\"@id\":\"https:\\\/\\\/369agara.com\\\/#organization\",\"name\":\"EACreations\",\"url\":\"https:\\\/\\\/369agara.com\\\/\",\"logo\":{\"@type\":\"ImageObject\",\"inLanguage\":\"es\",\"@id\":\"https:\\\/\\\/369agara.com\\\/#\\\/schema\\\/logo\\\/image\\\/\",\"url\":\"\",\"contentUrl\":\"\",\"caption\":\"EACreations\"},\"image\":{\"@id\":\"https:\\\/\\\/369agara.com\\\/#\\\/schema\\\/logo\\\/image\\\/\"}}]}<\/script>\n<!-- \/ Yoast SEO Premium plugin. -->","yoast_head_json":{"title":"Stylet cristalo-photonique 4W | Agara","description":"Diffuseur intuitif avec flux de couleurs pr\u00e9cis utilisant la photomodulation 125KHz.\u00a0Amplification avec pointes de quartz + lentille de diffraction sph\u00e9rique.\u00a019 programmes disponibles via 2 boutons pgm+ \/ pgm - : 16 couleurs monochromes avec modulation de 125 kHz ; 1 blanc polychrome ; 1 v\u00e9lo arc-en-ciel sans fin ; 1 cycle arc-en-ciel puls\u00e9.","robots":{"index":"index","follow":"follow","max-snippet":"max-snippet:-1","max-image-preview":"max-image-preview:large","max-video-preview":"max-video-preview:-1"},"canonical":"https:\/\/369agara.com\/es\/producto\/stylet-cristalo-photonique-4w\/","og_locale":"es_ES","og_type":"article","og_title":"Stylet cristalo-photonique 4W","og_description":"Diffuseur intuitif avec flux de couleurs pr\u00e9cis utilisant la photomodulation 125KHz.\u00a0Amplification avec pointes de quartz + lentille de diffraction sph\u00e9rique.\u00a019 programmes disponibles via 2 boutons pgm+ \/ pgm - : 16 couleurs monochromes avec modulation de 125 kHz ; 1 blanc polychrome ; 1 v\u00e9lo arc-en-ciel sans fin ; 1 cycle arc-en-ciel puls\u00e9.","og_url":"https:\/\/369agara.com\/es\/producto\/stylet-cristalo-photonique-4w\/","og_site_name":"Agara","article_modified_time":"2025-05-15T20:35:37+00:00","og_image":[{"width":2560,"height":2560,"url":"https:\/\/369agara.com\/wp-content\/uploads\/2024\/07\/IMG_20240522_163959-scaled.jpg","type":"image\/jpeg"}],"twitter_card":"summary_large_image","twitter_misc":{"Tiempo de lectura":"2 minutos"},"schema":{"@context":"https:\/\/schema.org","@graph":[{"@type":"WebPage","@id":"https:\/\/369agara.com\/produit\/stylet-cristalo-photonique-4w\/","url":"https:\/\/369agara.com\/produit\/stylet-cristalo-photonique-4w\/","name":"Stylet cristalo-photonique 4W | Agara","isPartOf":{"@id":"https:\/\/369agara.com\/#website"},"primaryImageOfPage":{"@id":"https:\/\/369agara.com\/produit\/stylet-cristalo-photonique-4w\/#primaryimage"},"image":{"@id":"https:\/\/369agara.com\/produit\/stylet-cristalo-photonique-4w\/#primaryimage"},"thumbnailUrl":"https:\/\/369agara.com\/wp-content\/uploads\/2024\/07\/IMG_20240522_163959-scaled.jpg","datePublished":"2024-07-16T18:18:50+00:00","dateModified":"2025-05-15T20:35:37+00:00","description":"Diffuseur intuitif avec flux de couleurs pr\u00e9cis utilisant la photomodulation 125KHz.\u00a0Amplification avec pointes de quartz + lentille de diffraction sph\u00e9rique.\u00a019 programmes disponibles via 2 boutons pgm+ \/ pgm - : 16 couleurs monochromes avec modulation de 125 kHz ; 1 blanc polychrome ; 1 v\u00e9lo arc-en-ciel sans fin ; 1 cycle arc-en-ciel puls\u00e9.","breadcrumb":{"@id":"https:\/\/369agara.com\/produit\/stylet-cristalo-photonique-4w\/#breadcrumb"},"inLanguage":"es","potentialAction":[{"@type":"ReadAction","target":["https:\/\/369agara.com\/produit\/stylet-cristalo-photonique-4w\/"]}]},{"@type":"ImageObject","inLanguage":"es","@id":"https:\/\/369agara.com\/produit\/stylet-cristalo-photonique-4w\/#primaryimage","url":"https:\/\/369agara.com\/wp-content\/uploads\/2024\/07\/IMG_20240522_163959-scaled.jpg","contentUrl":"https:\/\/369agara.com\/wp-content\/uploads\/2024\/07\/IMG_20240522_163959-scaled.jpg","width":2560,"height":2560},{"@type":"BreadcrumbList","@id":"https:\/\/369agara.com\/produit\/stylet-cristalo-photonique-4w\/#breadcrumb","itemListElement":[{"@type":"ListItem","position":1,"name":"Accueil","item":"https:\/\/369agara.com\/"},{"@type":"ListItem","position":2,"name":"La boutique","item":"https:\/\/369agara.com\/la-boutique\/"},{"@type":"ListItem","position":3,"name":"Stylet cristalo-photonique 4W"}]},{"@type":"WebSite","@id":"https:\/\/369agara.com\/#website","url":"https:\/\/369agara.com\/","name":"Livsrikedomar","description":"Desconectar para conectar mejor","publisher":{"@id":"https:\/\/369agara.com\/#organization"},"potentialAction":[{"@type":"SearchAction","target":{"@type":"EntryPoint","urlTemplate":"https:\/\/369agara.com\/?s={search_term_string}"},"query-input":{"@type":"PropertyValueSpecification","valueRequired":true,"valueName":"search_term_string"}}],"inLanguage":"es"},{"@type":"Organization","@id":"https:\/\/369agara.com\/#organization","name":"EACreations","url":"https:\/\/369agara.com\/","logo":{"@type":"ImageObject","inLanguage":"es","@id":"https:\/\/369agara.com\/#\/schema\/logo\/image\/","url":"","contentUrl":"","caption":"EACreations"},"image":{"@id":"https:\/\/369agara.com\/#\/schema\/logo\/image\/"}}]}},"jetpack_sharing_enabled":true,"_links":{"self":[{"href":"https:\/\/369agara.com\/es\/wp-json\/wp\/v2\/product\/2965","targetHints":{"allow":["GET"]}}],"collection":[{"href":"https:\/\/369agara.com\/es\/wp-json\/wp\/v2\/product"}],"about":[{"href":"https:\/\/369agara.com\/es\/wp-json\/wp\/v2\/types\/product"}],"replies":[{"embeddable":true,"href":"https:\/\/369agara.com\/es\/wp-json\/wp\/v2\/comments?post=2965"}],"wp:featuredmedia":[{"embeddable":true,"href":"https:\/\/369agara.com\/es\/wp-json\/wp\/v2\/media\/3189"}],"wp:attachment":[{"href":"https:\/\/369agara.com\/es\/wp-json\/wp\/v2\/media?parent=2965"}],"wp:term":[{"taxonomy":"product_brand","embeddable":true,"href":"https:\/\/369agara.com\/es\/wp-json\/wp\/v2\/product_brand?post=2965"},{"taxonomy":"product_cat","embeddable":true,"href":"https:\/\/369agara.com\/es\/wp-json\/wp\/v2\/product_cat?post=2965"},{"taxonomy":"product_tag","embeddable":true,"href":"https:\/\/369agara.com\/es\/wp-json\/wp\/v2\/product_tag?post=2965"}],"curies":[{"name":"wp","href":"https:\/\/api.w.org\/{rel}","templated":true}]}}