{"id":2967,"date":"2024-07-14T17:41:25","date_gmt":"2024-07-14T15:41:25","guid":{"rendered":"https:\/\/369agara.com\/?post_type=product&#038;p=2967"},"modified":"2025-05-15T22:35:49","modified_gmt":"2025-05-15T20:35:49","slug":"vecteur-equilibrium-144-yin-ou-yang","status":"publish","type":"product","link":"https:\/\/369agara.com\/es\/producto\/vecteur-equilibrium-144-yin-ou-yang\/","title":{"rendered":"Vector de equilibrio 144 Yin o Yang"},"content":{"rendered":"<h3><span style=\"font-family: 'Book Antiqua', Palatino; font-size: 120%; color: #333399;\">\u00bfC\u00f3mo funciona VE144?<\/span><\/h3>\n<p><span style=\"font-family: 'Book Antiqua', Palatino; font-size: 120%; color: #333399;\">Esta forma conecta, estabiliza y amplifica la energ\u00eda del punto cero a trav\u00e9s de tu voluntad.<\/span><br \/>\n<span style=\"font-family: 'Book Antiqua', Palatino; font-size: 120%; color: #333399;\">Esta geometr\u00eda desarrollada proporciona un buen equilibrio al tiempo que estimula una circulaci\u00f3n armoniosa de la energ\u00eda en nuestro interior y dentro de un espacio vital.<\/span><br \/>\n<span style=\"font-family: 'Book Antiqua', Palatino; font-size: 120%; color: #333399;\">Equilibra todos los aspectos Yin\/Yang sobre nosotros, en nosotros y a nuestro alrededor.<\/span><\/p>\n<p><span style=\"font-family: 'Book Antiqua', Palatino; font-size: 120%; color: #333399;\">Cada VE144 contiene :<\/span><\/p>\n<p><span style=\"font-family: 'Book Antiqua', Palatino; font-size: 120%; color: #333399;\">1 plato de cobre<\/span><br \/>\n<span style=\"font-family: 'Book Antiqua', Palatino; font-size: 120%; color: #333399;\">Cuarzo rosa<\/span><br \/>\n<span style=\"font-family: 'Book Antiqua', Palatino; font-size: 120%; color: #333399;\">Aceite esencial de salvia blanca de California<\/span><br \/>\n<span style=\"font-family: 'Book Antiqua', Palatino; font-size: 120%; color: #333399;\">Aceite esencial de rosa de Damasco<\/span><br \/>\n<span style=\"font-family: 'Book Antiqua', Palatino; font-size: 120%; color: #333399;\">Polvo de oro de 24 quilates<\/span><br \/>\n<span style=\"font-family: 'Book Antiqua', Palatino; font-size: 120%; color: #333399;\">Mica en polvo<\/span><br \/>\n<span style=\"font-family: 'Book Antiqua', Palatino; font-size: 120%; color: #333399;\">Titanio en polvo<\/span><\/p>\n<p><span style=\"font-family: 'Book Antiqua', Palatino; font-size: 120%; color: #333399;\">VE144 puede utilizarse por separado o en parejas.<\/span><br \/>\n<span style=\"font-family: 'Book Antiqua', Palatino; font-size: 120%; color: #333399;\">Un par de la misma forma en diferentes colores o no.<\/span><br \/>\n<span style=\"font-family: 'Book Antiqua', Palatino; font-size: 120%; color: #333399;\">Un par de cada forma yin + yang, en colores diferentes o no.<\/span><br \/>\n<span style=\"font-family: 'Book Antiqua', Palatino; font-size: 120%; color: #333399;\">Haz lo que sientas.<\/span><\/p>\n<p><span style=\"font-family: 'Book Antiqua', Palatino; font-size: 120%; color: #333399;\">VE144 puede utilizarse ocasionalmente en las manos durante sesiones de meditaci\u00f3n o relajaci\u00f3n, o en los bolsillos.<\/span><br \/>\n<span style=\"font-family: 'Book Antiqua', Palatino; font-size: 120%; color: #333399;\">La duraci\u00f3n recomendada es de 60 minutos como m\u00e1ximo.<\/span><br \/>\n<span style=\"font-family: 'Book Antiqua', Palatino; font-size: 120%; color: #333399;\">Realice varias sesiones al d\u00eda si es necesario.<\/span><br \/>\n<span style=\"font-family: 'Book Antiqua', Palatino; font-size: 120%; color: #333399;\">El efecto puede ser leve o fuerte, dependiendo de su situaci\u00f3n.<\/span><br \/>\n<span style=\"font-family: 'Book Antiqua', Palatino; font-size: 120%; color: #333399;\">Est\u00e9 atento y escuche a su cuerpo... al principio pueden aparecer algunas molestias, mientras integra\/equilibra los flujos circulatorios.<\/span><\/p>\n<h3><span style=\"font-family: 'Book Antiqua', Palatino; font-size: 120%; color: #333399;\">\u00bfDe d\u00f3nde procede?<\/span><\/h3>\n<p><span style=\"font-family: 'Book Antiqua', Palatino; font-size: 120%; color: #333399;\">Esta forma tambi\u00e9n puede denominarse cuboctaedro estrellado de 144 caras (seg\u00fan Kepler).<\/span><br \/>\n<span style=\"font-family: 'Book Antiqua', Palatino; font-size: 120%; color: #333399;\">Olivier Gon\u00e7alves tambi\u00e9n lo llama Equilibre Onda\u00e8dre \u00c9toil\u00e9 144 (generador de ondas estabilizadas 12\u00d712).<\/span><br \/>\n<span style=\"font-family: 'Book Antiqua', Palatino; font-size: 120%; color: #333399;\">Esta forma conecta, estabiliza y amplifica la energ\u00eda del punto cero cu\u00e1ntico.<\/span><br \/>\n<span style=\"font-family: 'Book Antiqua', Palatino; font-size: 120%; color: #333399;\">Este es uno de los planes de las Focas Metatr\u00f3nicas 3D y la Semilla de Vida 3D.<\/span><\/p>\n<p><span style=\"font-family: 'Book Antiqua', Palatino; font-size: 120%; color: #333399;\">El equilibrio ra\u00edz-vector es una forma especial en la que todas sus aristas son id\u00e9nticas (cuadrados y tri\u00e1ngulos equil\u00e1teros en la superficie) y todas las distancias entre cada esquina y el centro del volumen son id\u00e9nticas entre s\u00ed y a las aristas.<\/span><br \/>\n<span style=\"font-family: 'Book Antiqua', Palatino; font-size: 120%; color: #333399;\">Esta geometr\u00eda permite que la forma ofrezca un buen equilibrio al tiempo que estimula la circulaci\u00f3n armoniosa de la energ\u00eda en nuestro interior y en un espacio vital.<\/span><br \/>\n<span style=\"font-family: 'Book Antiqua', Palatino; font-size: 120%; color: #333399;\">Re\u00fane todos los aspectos Yin\/Yang sobre nosotros, en nosotros y a nuestro alrededor y gu\u00eda cada camino hacia la ascensi\u00f3n de forma sana y estable.<\/span><\/p>\n<p><span style=\"font-family: 'Book Antiqua', Palatino; font-size: 120%; color: #333399;\">Esta forma es una base importante para abrirse a la multidimensionalidad\/multimente sin perderse ni explotar por el camino (regulando\/estabilizando el ego en aras de la salud).<\/span><br \/>\n<span style=\"font-family: 'Book Antiqua', Palatino; font-size: 120%; color: #333399;\">Este arquetipo complementa el t\u00e1ndem Dodecaedro\/Icosaedro, ya que combina el Hexaedro, el Octaedro y el Tetraedro...<\/span><br \/>\n<span style=\"font-family: 'Book Antiqua', Palatino; font-size: 120%; color: #333399;\">La forma de la ra\u00edz se compone de 8 tri\u00e1ngulos (yang) y 6 cuadrados (yin) con un total de 14 superficies.<\/span><\/p>\n<p>&nbsp;<\/p>\n<p><span style=\"font-family: 'Book Antiqua', Palatino; font-size: 120%; color: #333399;\"><img loading=\"lazy\" decoding=\"async\" class=\"size-medium wp-image-3179 aligncenter\" src=\"https:\/\/369agara.com\/wp-content\/uploads\/2024\/07\/vector_equilibriumvortex-300x300.jpg\" alt=\"\" width=\"300\" height=\"300\" srcset=\"https:\/\/369agara.com\/wp-content\/uploads\/2024\/07\/vector_equilibriumvortex-300x300.jpg 300w, https:\/\/369agara.com\/wp-content\/uploads\/2024\/07\/vector_equilibriumvortex-150x150.jpg 150w, https:\/\/369agara.com\/wp-content\/uploads\/2024\/07\/vector_equilibriumvortex-12x12.jpg 12w, https:\/\/369agara.com\/wp-content\/uploads\/2024\/07\/vector_equilibriumvortex-247x247.jpg 247w, https:\/\/369agara.com\/wp-content\/uploads\/2024\/07\/vector_equilibriumvortex-510x510.jpg 510w, https:\/\/369agara.com\/wp-content\/uploads\/2024\/07\/vector_equilibriumvortex-100x100.jpg 100w, https:\/\/369agara.com\/wp-content\/uploads\/2024\/07\/vector_equilibriumvortex.jpg 768w\" sizes=\"auto, (max-width: 300px) 100vw, 300px\" \/><\/span><\/p>\n<p>&nbsp;<\/p>\n<h3><span style=\"font-family: 'Book Antiqua', Palatino; font-size: 120%; color: #333399;\">\u00bfC\u00f3mo se crean las 144 caras del formulario ra\u00edz?<\/span><\/h3>\n<p><span style=\"font-family: 'Book Antiqua', Palatino; font-size: 120%; color: #333399;\">A partir del enfoque trinitario de cada forma primitiva :<\/span><br \/>\n<span style=\"font-family: 'Book Antiqua', Palatino; font-size: 120%; color: #333399;\">Cada tri\u00e1ngulo est\u00e1 formado por (3\u00d73) 9 tri\u00e1ngulos &gt; es decir, 8 tri\u00e1ngulos x 9 = 72 caras<\/span><br \/>\n<span style=\"font-family: 'Book Antiqua', Palatino; font-size: 120%; color: #333399;\">Cada cuadrado est\u00e1 formado por (3\u00d74) 12 tri\u00e1ngulos &gt; es decir, 6 cuadrados x 12 = 72 caras<\/span><\/p>\n<p><span style=\"color: #333399;\"><span style=\"font-family: 'Book Antiqua', Palatino; font-size: 120%;\">As\u00ed que un total de 144 caras que protagonizan y respiran (respetando la esfera circunscrita alrededor del <\/span><span style=\"font-family: 'Book Antiqua', Palatino; font-size: 120%;\">forma ra\u00edz) para aumentar la manifestaci\u00f3n vibratoria multidimensional de esta forma <\/span><span style=\"font-family: 'Book Antiqua', Palatino; font-size: 120%;\">\u00fanico en su g\u00e9nero<\/span><\/span><\/p>\n<p>&nbsp;<\/p>\n<p><span style=\"font-family: 'Book Antiqua', Palatino; font-size: 120%; color: #333399;\"><img loading=\"lazy\" decoding=\"async\" class=\"size-medium wp-image-3180 aligncenter\" src=\"https:\/\/369agara.com\/wp-content\/uploads\/2024\/07\/ondaF144_plein_01-Copie-300x271.jpg\" alt=\"\" width=\"300\" height=\"271\" srcset=\"https:\/\/369agara.com\/wp-content\/uploads\/2024\/07\/ondaF144_plein_01-Copie-300x271.jpg 300w, https:\/\/369agara.com\/wp-content\/uploads\/2024\/07\/ondaF144_plein_01-Copie-13x12.jpg 13w, https:\/\/369agara.com\/wp-content\/uploads\/2024\/07\/ondaF144_plein_01-Copie-510x461.jpg 510w, https:\/\/369agara.com\/wp-content\/uploads\/2024\/07\/ondaF144_plein_01-Copie.jpg 683w\" sizes=\"auto, (max-width: 300px) 100vw, 300px\" \/><\/span><\/p>","protected":false},"excerpt":{"rendered":"<p><span style=\"font-family: 'Book Antiqua', Palatino; font-size: 120%; color: #333399;\">Esta forma conecta, estabiliza y amplifica la energ\u00eda del punto cero a trav\u00e9s de tu voluntad.<\/span><br \/>\n<span style=\"font-family: 'Book Antiqua', Palatino; font-size: 120%; color: #333399;\">Esta geometr\u00eda desarrollada proporciona un buen equilibrio al tiempo que estimula una circulaci\u00f3n armoniosa de la energ\u00eda en nuestro interior y dentro de un espacio vital.<\/span><br \/>\n<span style=\"font-family: 'Book Antiqua', Palatino; font-size: 120%; color: #333399;\">Equilibra todos los aspectos Yin\/Yang sobre nosotros, en nosotros y a nuestro alrededor.<\/span><\/p>\n<p><span style=\"font-family: 'Book Antiqua', Palatino; font-size: 120%; color: #333399;\">Cada VE144 contiene :<\/span><\/p>\n<ul>\n<li><span style=\"font-family: 'Book Antiqua', Palatino; font-size: 120%; color: #333399;\">Cuarzo rosa<\/span><\/li>\n<li><span style=\"font-family: 'Book Antiqua', Palatino; font-size: 120%; color: #333399;\">Cobre<\/span><\/li>\n<li><span style=\"font-family: 'Book Antiqua', Palatino; font-size: 120%; color: #333399;\">Aceite esencial de salvia blanca de California<\/span><\/li>\n<li><span style=\"font-family: 'Book Antiqua', Palatino; font-size: 120%; color: #333399;\">Aceite esencial de rosa de Damasco<\/span><\/li>\n<li><span style=\"font-family: 'Book Antiqua', Palatino; font-size: 120%; color: #333399;\">Polvo de oro de 24 quilates<\/span><\/li>\n<li><span style=\"font-family: 'Book Antiqua', Palatino; font-size: 120%; color: #333399;\">Titanio en polvo<\/span><\/li>\n<li><span style=\"font-family: 'Book Antiqua', Palatino; font-size: 120%; color: #333399;\">Mica en polvo<\/span><\/li>\n<\/ul>","protected":false},"featured_media":3184,"comment_status":"open","ping_status":"closed","template":"","meta":[],"product_brand":[],"product_cat":[140],"product_tag":[233,234,202,201],"class_list":{"0":"post-2967","1":"product","2":"type-product","3":"status-publish","4":"has-post-thumbnail","6":"product_cat-aec-innovations","7":"product_tag-chromotherapie","8":"product_tag-reequilibrage","9":"product_tag-yang","10":"product_tag-yin","12":"first","13":"instock","14":"taxable","15":"shipping-taxable","16":"purchasable","17":"product-type-variable"},"yoast_head":"<!-- This site is optimized with the Yoast SEO Premium plugin v25.1 (Yoast SEO v27.4) - https:\/\/yoast.com\/product\/yoast-seo-premium-wordpress\/ -->\n<title>Vecteur Equilibrium 144 Yin ou Yang | Agara<\/title>\n<meta name=\"description\" content=\"Cette forme connecte, stabilise et amplifie l\u2019\u00e9nergie du point z\u00e9ro gr\u00e2ce \u00e0 votre volont\u00e9. Cette g\u00e9om\u00e9trie d\u00e9velopp\u00e9e procure un bon \u00e9quilibre tout en stimulant une circulation harmonieuse de l&#039;\u00e9nergie en nous et dans un espace de vie. Il \u00e9quilibre tous les aspects Yin\/Yang sur nous, en nous et autour de nous. Chaque VE144 contient : Quartz rose, Cuivre, Huile essentielle de sauge blanche de Californie, Huile essentielle de rose de Damas, Poudre d&#039;or 24 carats, Poudre de titane, Poudre de mica.\" \/>\n<meta name=\"robots\" content=\"index, follow, max-snippet:-1, max-image-preview:large, max-video-preview:-1\" \/>\n<link rel=\"canonical\" href=\"https:\/\/369agara.com\/es\/producto\/vecteur-equilibrium-144-yin-ou-yang\/\" \/>\n<meta property=\"og:locale\" content=\"es_ES\" \/>\n<meta property=\"og:type\" content=\"article\" \/>\n<meta property=\"og:title\" content=\"Vecteur Equilibrium 144 Yin ou Yang\" \/>\n<meta property=\"og:description\" content=\"Cette forme connecte, stabilise et amplifie l\u2019\u00e9nergie du point z\u00e9ro gr\u00e2ce \u00e0 votre volont\u00e9. Cette g\u00e9om\u00e9trie d\u00e9velopp\u00e9e procure un bon \u00e9quilibre tout en stimulant une circulation harmonieuse de l&#039;\u00e9nergie en nous et dans un espace de vie. Il \u00e9quilibre tous les aspects Yin\/Yang sur nous, en nous et autour de nous. Chaque VE144 contient : Quartz rose, Cuivre, Huile essentielle de sauge blanche de Californie, Huile essentielle de rose de Damas, Poudre d&#039;or 24 carats, Poudre de titane, Poudre de mica.\" \/>\n<meta property=\"og:url\" content=\"https:\/\/369agara.com\/es\/producto\/vecteur-equilibrium-144-yin-ou-yang\/\" \/>\n<meta property=\"og:site_name\" content=\"Agara\" \/>\n<meta property=\"article:modified_time\" content=\"2025-05-15T20:35:49+00:00\" \/>\n<meta property=\"og:image\" content=\"https:\/\/369agara.com\/wp-content\/uploads\/2024\/07\/Yin-och-Yang.jpg\" \/>\n\t<meta property=\"og:image:width\" content=\"958\" \/>\n\t<meta property=\"og:image:height\" content=\"958\" \/>\n\t<meta property=\"og:image:type\" content=\"image\/jpeg\" \/>\n<meta name=\"twitter:card\" content=\"summary_large_image\" \/>\n<meta name=\"twitter:label1\" content=\"Tiempo de lectura\" \/>\n\t<meta name=\"twitter:data1\" content=\"4 minutos\" \/>\n<script type=\"application\/ld+json\" class=\"yoast-schema-graph\">{\"@context\":\"https:\\\/\\\/schema.org\",\"@graph\":[{\"@type\":\"WebPage\",\"@id\":\"https:\\\/\\\/369agara.com\\\/produit\\\/vecteur-equilibrium-144-yin-ou-yang\\\/\",\"url\":\"https:\\\/\\\/369agara.com\\\/produit\\\/vecteur-equilibrium-144-yin-ou-yang\\\/\",\"name\":\"Vecteur Equilibrium 144 Yin ou Yang | Agara\",\"isPartOf\":{\"@id\":\"https:\\\/\\\/369agara.com\\\/#website\"},\"primaryImageOfPage\":{\"@id\":\"https:\\\/\\\/369agara.com\\\/produit\\\/vecteur-equilibrium-144-yin-ou-yang\\\/#primaryimage\"},\"image\":{\"@id\":\"https:\\\/\\\/369agara.com\\\/produit\\\/vecteur-equilibrium-144-yin-ou-yang\\\/#primaryimage\"},\"thumbnailUrl\":\"https:\\\/\\\/369agara.com\\\/wp-content\\\/uploads\\\/2024\\\/07\\\/Yin-och-Yang.jpg\",\"datePublished\":\"2024-07-14T15:41:25+00:00\",\"dateModified\":\"2025-05-15T20:35:49+00:00\",\"description\":\"Cette forme connecte, stabilise et amplifie l\u2019\u00e9nergie du point z\u00e9ro gr\u00e2ce \u00e0 votre volont\u00e9. Cette g\u00e9om\u00e9trie d\u00e9velopp\u00e9e procure un bon \u00e9quilibre tout en stimulant une circulation harmonieuse de l'\u00e9nergie en nous et dans un espace de vie. Il \u00e9quilibre tous les aspects Yin\\\/Yang sur nous, en nous et autour de nous. Chaque VE144 contient : Quartz rose, Cuivre, Huile essentielle de sauge blanche de Californie, Huile essentielle de rose de Damas, Poudre d'or 24 carats, Poudre de titane, Poudre de mica.\",\"breadcrumb\":{\"@id\":\"https:\\\/\\\/369agara.com\\\/produit\\\/vecteur-equilibrium-144-yin-ou-yang\\\/#breadcrumb\"},\"inLanguage\":\"es\",\"potentialAction\":[{\"@type\":\"ReadAction\",\"target\":[\"https:\\\/\\\/369agara.com\\\/produit\\\/vecteur-equilibrium-144-yin-ou-yang\\\/\"]}]},{\"@type\":\"ImageObject\",\"inLanguage\":\"es\",\"@id\":\"https:\\\/\\\/369agara.com\\\/produit\\\/vecteur-equilibrium-144-yin-ou-yang\\\/#primaryimage\",\"url\":\"https:\\\/\\\/369agara.com\\\/wp-content\\\/uploads\\\/2024\\\/07\\\/Yin-och-Yang.jpg\",\"contentUrl\":\"https:\\\/\\\/369agara.com\\\/wp-content\\\/uploads\\\/2024\\\/07\\\/Yin-och-Yang.jpg\",\"width\":958,\"height\":958},{\"@type\":\"BreadcrumbList\",\"@id\":\"https:\\\/\\\/369agara.com\\\/produit\\\/vecteur-equilibrium-144-yin-ou-yang\\\/#breadcrumb\",\"itemListElement\":[{\"@type\":\"ListItem\",\"position\":1,\"name\":\"Accueil\",\"item\":\"https:\\\/\\\/369agara.com\\\/\"},{\"@type\":\"ListItem\",\"position\":2,\"name\":\"La boutique\",\"item\":\"https:\\\/\\\/369agara.com\\\/la-boutique\\\/\"},{\"@type\":\"ListItem\",\"position\":3,\"name\":\"Vecteur Equilibrium 144 Yin ou Yang\"}]},{\"@type\":\"WebSite\",\"@id\":\"https:\\\/\\\/369agara.com\\\/#website\",\"url\":\"https:\\\/\\\/369agara.com\\\/\",\"name\":\"Livsrikedomar\",\"description\":\"D\u00e9connectez pour mieux vous connecter\",\"publisher\":{\"@id\":\"https:\\\/\\\/369agara.com\\\/#organization\"},\"potentialAction\":[{\"@type\":\"SearchAction\",\"target\":{\"@type\":\"EntryPoint\",\"urlTemplate\":\"https:\\\/\\\/369agara.com\\\/?s={search_term_string}\"},\"query-input\":{\"@type\":\"PropertyValueSpecification\",\"valueRequired\":true,\"valueName\":\"search_term_string\"}}],\"inLanguage\":\"es\"},{\"@type\":\"Organization\",\"@id\":\"https:\\\/\\\/369agara.com\\\/#organization\",\"name\":\"EACreations\",\"url\":\"https:\\\/\\\/369agara.com\\\/\",\"logo\":{\"@type\":\"ImageObject\",\"inLanguage\":\"es\",\"@id\":\"https:\\\/\\\/369agara.com\\\/#\\\/schema\\\/logo\\\/image\\\/\",\"url\":\"\",\"contentUrl\":\"\",\"caption\":\"EACreations\"},\"image\":{\"@id\":\"https:\\\/\\\/369agara.com\\\/#\\\/schema\\\/logo\\\/image\\\/\"}}]}<\/script>\n<!-- \/ Yoast SEO Premium plugin. -->","yoast_head_json":{"title":"Vecteur Equilibrium 144 Yin ou Yang | Agara","description":"Cette forme connecte, stabilise et amplifie l\u2019\u00e9nergie du point z\u00e9ro gr\u00e2ce \u00e0 votre volont\u00e9. Cette g\u00e9om\u00e9trie d\u00e9velopp\u00e9e procure un bon \u00e9quilibre tout en stimulant une circulation harmonieuse de l'\u00e9nergie en nous et dans un espace de vie. Il \u00e9quilibre tous les aspects Yin\/Yang sur nous, en nous et autour de nous. Chaque VE144 contient : Quartz rose, Cuivre, Huile essentielle de sauge blanche de Californie, Huile essentielle de rose de Damas, Poudre d'or 24 carats, Poudre de titane, Poudre de mica.","robots":{"index":"index","follow":"follow","max-snippet":"max-snippet:-1","max-image-preview":"max-image-preview:large","max-video-preview":"max-video-preview:-1"},"canonical":"https:\/\/369agara.com\/es\/producto\/vecteur-equilibrium-144-yin-ou-yang\/","og_locale":"es_ES","og_type":"article","og_title":"Vecteur Equilibrium 144 Yin ou Yang","og_description":"Cette forme connecte, stabilise et amplifie l\u2019\u00e9nergie du point z\u00e9ro gr\u00e2ce \u00e0 votre volont\u00e9. Cette g\u00e9om\u00e9trie d\u00e9velopp\u00e9e procure un bon \u00e9quilibre tout en stimulant une circulation harmonieuse de l'\u00e9nergie en nous et dans un espace de vie. Il \u00e9quilibre tous les aspects Yin\/Yang sur nous, en nous et autour de nous. Chaque VE144 contient : Quartz rose, Cuivre, Huile essentielle de sauge blanche de Californie, Huile essentielle de rose de Damas, Poudre d'or 24 carats, Poudre de titane, Poudre de mica.","og_url":"https:\/\/369agara.com\/es\/producto\/vecteur-equilibrium-144-yin-ou-yang\/","og_site_name":"Agara","article_modified_time":"2025-05-15T20:35:49+00:00","og_image":[{"width":958,"height":958,"url":"https:\/\/369agara.com\/wp-content\/uploads\/2024\/07\/Yin-och-Yang.jpg","type":"image\/jpeg"}],"twitter_card":"summary_large_image","twitter_misc":{"Tiempo de lectura":"4 minutos"},"schema":{"@context":"https:\/\/schema.org","@graph":[{"@type":"WebPage","@id":"https:\/\/369agara.com\/produit\/vecteur-equilibrium-144-yin-ou-yang\/","url":"https:\/\/369agara.com\/produit\/vecteur-equilibrium-144-yin-ou-yang\/","name":"Vecteur Equilibrium 144 Yin ou Yang | Agara","isPartOf":{"@id":"https:\/\/369agara.com\/#website"},"primaryImageOfPage":{"@id":"https:\/\/369agara.com\/produit\/vecteur-equilibrium-144-yin-ou-yang\/#primaryimage"},"image":{"@id":"https:\/\/369agara.com\/produit\/vecteur-equilibrium-144-yin-ou-yang\/#primaryimage"},"thumbnailUrl":"https:\/\/369agara.com\/wp-content\/uploads\/2024\/07\/Yin-och-Yang.jpg","datePublished":"2024-07-14T15:41:25+00:00","dateModified":"2025-05-15T20:35:49+00:00","description":"Cette forme connecte, stabilise et amplifie l\u2019\u00e9nergie du point z\u00e9ro gr\u00e2ce \u00e0 votre volont\u00e9. Cette g\u00e9om\u00e9trie d\u00e9velopp\u00e9e procure un bon \u00e9quilibre tout en stimulant une circulation harmonieuse de l'\u00e9nergie en nous et dans un espace de vie. Il \u00e9quilibre tous les aspects Yin\/Yang sur nous, en nous et autour de nous. Chaque VE144 contient : Quartz rose, Cuivre, Huile essentielle de sauge blanche de Californie, Huile essentielle de rose de Damas, Poudre d'or 24 carats, Poudre de titane, Poudre de mica.","breadcrumb":{"@id":"https:\/\/369agara.com\/produit\/vecteur-equilibrium-144-yin-ou-yang\/#breadcrumb"},"inLanguage":"es","potentialAction":[{"@type":"ReadAction","target":["https:\/\/369agara.com\/produit\/vecteur-equilibrium-144-yin-ou-yang\/"]}]},{"@type":"ImageObject","inLanguage":"es","@id":"https:\/\/369agara.com\/produit\/vecteur-equilibrium-144-yin-ou-yang\/#primaryimage","url":"https:\/\/369agara.com\/wp-content\/uploads\/2024\/07\/Yin-och-Yang.jpg","contentUrl":"https:\/\/369agara.com\/wp-content\/uploads\/2024\/07\/Yin-och-Yang.jpg","width":958,"height":958},{"@type":"BreadcrumbList","@id":"https:\/\/369agara.com\/produit\/vecteur-equilibrium-144-yin-ou-yang\/#breadcrumb","itemListElement":[{"@type":"ListItem","position":1,"name":"Accueil","item":"https:\/\/369agara.com\/"},{"@type":"ListItem","position":2,"name":"La boutique","item":"https:\/\/369agara.com\/la-boutique\/"},{"@type":"ListItem","position":3,"name":"Vecteur Equilibrium 144 Yin ou Yang"}]},{"@type":"WebSite","@id":"https:\/\/369agara.com\/#website","url":"https:\/\/369agara.com\/","name":"Livsrikedomar","description":"Desconectar para conectar mejor","publisher":{"@id":"https:\/\/369agara.com\/#organization"},"potentialAction":[{"@type":"SearchAction","target":{"@type":"EntryPoint","urlTemplate":"https:\/\/369agara.com\/?s={search_term_string}"},"query-input":{"@type":"PropertyValueSpecification","valueRequired":true,"valueName":"search_term_string"}}],"inLanguage":"es"},{"@type":"Organization","@id":"https:\/\/369agara.com\/#organization","name":"EACreations","url":"https:\/\/369agara.com\/","logo":{"@type":"ImageObject","inLanguage":"es","@id":"https:\/\/369agara.com\/#\/schema\/logo\/image\/","url":"","contentUrl":"","caption":"EACreations"},"image":{"@id":"https:\/\/369agara.com\/#\/schema\/logo\/image\/"}}]}},"jetpack_sharing_enabled":true,"_links":{"self":[{"href":"https:\/\/369agara.com\/es\/wp-json\/wp\/v2\/product\/2967","targetHints":{"allow":["GET"]}}],"collection":[{"href":"https:\/\/369agara.com\/es\/wp-json\/wp\/v2\/product"}],"about":[{"href":"https:\/\/369agara.com\/es\/wp-json\/wp\/v2\/types\/product"}],"replies":[{"embeddable":true,"href":"https:\/\/369agara.com\/es\/wp-json\/wp\/v2\/comments?post=2967"}],"wp:featuredmedia":[{"embeddable":true,"href":"https:\/\/369agara.com\/es\/wp-json\/wp\/v2\/media\/3184"}],"wp:attachment":[{"href":"https:\/\/369agara.com\/es\/wp-json\/wp\/v2\/media?parent=2967"}],"wp:term":[{"taxonomy":"product_brand","embeddable":true,"href":"https:\/\/369agara.com\/es\/wp-json\/wp\/v2\/product_brand?post=2967"},{"taxonomy":"product_cat","embeddable":true,"href":"https:\/\/369agara.com\/es\/wp-json\/wp\/v2\/product_cat?post=2967"},{"taxonomy":"product_tag","embeddable":true,"href":"https:\/\/369agara.com\/es\/wp-json\/wp\/v2\/product_tag?post=2967"}],"curies":[{"name":"wp","href":"https:\/\/api.w.org\/{rel}","templated":true}]}}