{"id":3368,"date":"2024-11-28T21:48:56","date_gmt":"2024-11-28T20:48:56","guid":{"rendered":"https:\/\/369agara.com\/?post_type=product&#038;p=3368"},"modified":"2025-05-05T09:01:33","modified_gmt":"2025-05-05T07:01:33","slug":"omwater-flying-mini-ou-gratitude","status":"publish","type":"product","link":"https:\/\/369agara.com\/es\/producto\/omwater-flying-mini-ou-gratitude\/","title":{"rendered":"OmWater Flying Mini o Gratitud"},"content":{"rendered":"<p class=\"\" data-start=\"217\" data-end=\"516\"><span style=\"font-family: 'Book Antiqua', Palatino; font-size: 120%; color: #333399;\"><strong data-start=\"217\" data-end=\"247\">OmWater Gratitud voladora<\/strong>\u00a0es la versi\u00f3n m\u00f3vil de la botella energ\u00e9tica OmWater. Dise\u00f1ada seg\u00fan los principios de la proporci\u00f3n \u00e1urea, incorpora poderosos s\u00edmbolos como la Semilla de la Vida, el mantra Om y el color azul solar, para elevar la frecuencia vibratoria del agua que bebes.<\/span><\/p>\n<p class=\"\" data-start=\"518\" data-end=\"801\"><span style=\"font-family: 'Book Antiqua', Palatino; font-size: 120%; color: #333399;\">Se suministra con tap\u00f3n herm\u00e9tico.\u00a0<strong data-start=\"561\" data-end=\"571\">Pleyad<\/strong> y una funda de c\u00e1\u00f1amo\/algod\u00f3n natural, ideal para viajes, trabajo o placer. Su capacidad de <strong>50 cl<\/strong> es perfecto para su sesi\u00f3n deportiva y la de su familia. <strong>123cl<\/strong>\u00a0para una jornada de trabajo, y su formato ergon\u00f3mico garantiza un agarre agradable y estable.<\/span><\/p>\n<p class=\"\" data-start=\"803\" data-end=\"900\"><span style=\"font-family: 'Book Antiqua', Palatino; font-size: 120%; color: #333399;\">\ud83d\udca7\u00a0<strong data-start=\"806\" data-end=\"858\">Utilizar solo o en combinaci\u00f3n con StructWater Precious<\/strong>\u00a0o la bandeja\u00a0<strong>StructFood Precioso<\/strong>\u00a0para una potencia vibratoria a\u00fan mayor.<\/span><\/p>\n<hr class=\"\" data-start=\"902\" data-end=\"905\" \/>\n<h3 class=\"\" data-start=\"907\" data-end=\"935\"><span style=\"font-family: 'Book Antiqua', Palatino; font-size: 120%; color: #333399;\">\u2699\ufe0f Incluido en el paquete:<\/span><\/h3>\n<ul data-start=\"936\" data-end=\"1081\">\n<li class=\"\" data-start=\"936\" data-end=\"1003\">\n<p class=\"\" data-start=\"938\" data-end=\"1003\"><span style=\"font-family: 'Book Antiqua', Palatino; font-size: 120%; color: #333399;\">1 botella\u00a0<strong data-start=\"950\" data-end=\"978\">OmWater Gratitud voladora<\/strong> (50cl o 123cl - vidrio reciclado)<\/span><\/p>\n<\/li>\n<li class=\"\" data-start=\"1004\" data-end=\"1037\">\n<p class=\"\" data-start=\"1006\" data-end=\"1037\"><span style=\"font-family: 'Book Antiqua', Palatino; font-size: 120%; color: #333399;\">1 tapa herm\u00e9tica\u00a0<strong data-start=\"1027\" data-end=\"1037\">Pleyad<\/strong><\/span><\/p>\n<\/li>\n<li class=\"\" data-start=\"1038\" data-end=\"1081\">\n<p class=\"\" data-start=\"1040\" data-end=\"1081\"><span style=\"font-family: 'Book Antiqua', Palatino; font-size: 120%; color: #333399;\">1 funda protectora en\u00a0<strong data-start=\"1064\" data-end=\"1081\">c\u00e1\u00f1amo\/algod\u00f3n<\/strong><\/span><\/p>\n<\/li>\n<\/ul>","protected":false},"excerpt":{"rendered":"<h3><span style=\"font-family: 'Book Antiqua', Palatino; font-size: 120%; color: #333399;\"><strong data-start=\"1125\" data-end=\"1162\">OmWater Flying Mini o Gratitud<\/strong><\/span><\/h3>\n<p><strong><span style=\"font-family: 'Book Antiqua', Palatino; font-size: 120%; color: #333399;\">Mini : 50cl<br \/>\nAgradecimiento : 123cl<\/span><\/strong><\/p>\n<p><span style=\"font-family: 'Book Antiqua', Palatino; font-size: 120%; color: #333399;\">Botella energ\u00e9tica n\u00f3mada hecha de vidrio reciclado, con tap\u00f3n a prueba de fugas y cubierta de c\u00e1\u00f1amo.<\/span><\/p>\n<p><br data-start=\"1251\" data-end=\"1254\" \/><span style=\"font-family: 'Book Antiqua', Palatino; font-size: 120%; color: #333399;\">Armoniza, revitaliza y eleva la frecuencia vibratoria del agua all\u00e1 donde vayas.<\/span><\/p>\n<p><span style=\"font-family: 'Book Antiqua', Palatino; font-size: 120%; color: #333399;\">Fabricado en Francia.<\/span><\/p>","protected":false},"featured_media":3369,"comment_status":"open","ping_status":"closed","template":"","meta":[],"product_brand":[],"product_cat":[206],"product_tag":[224,227,223,221,207],"class_list":{"0":"post-3368","1":"product","2":"type-product","3":"status-publish","4":"has-post-thumbnail","6":"product_cat-structwater","7":"product_tag-biodynamisation","8":"product_tag-bouteille","9":"product_tag-dynamisant","10":"product_tag-harmonisation","11":"product_tag-om-water","13":"first","14":"instock","15":"taxable","16":"shipping-taxable","17":"purchasable","18":"product-type-variable"},"yoast_head":"<!-- This site is optimized with the Yoast SEO Premium plugin v25.1 (Yoast SEO v27.4) - https:\/\/yoast.com\/product\/yoast-seo-premium-wordpress\/ -->\n<title>OmWater Flying Mini ou Gratitude | Agara<\/title>\n<meta name=\"description\" content=\"OmWater Flying Mini ou Gratitude. Mini : 50cl. Gratitude : 123cl. Bouteille \u00e9nerg\u00e9tique nomade en verre recycl\u00e9, avec bouchon \u00e9tanche et housse chanvre. Harmonise, revitalise et \u00e9l\u00e8ve la fr\u00e9quence vibratoire de l\u2019eau, partout o\u00f9 vous allez. Fabrication fran\u00e7aise.\" \/>\n<meta name=\"robots\" content=\"index, follow, max-snippet:-1, max-image-preview:large, max-video-preview:-1\" \/>\n<link rel=\"canonical\" href=\"https:\/\/369agara.com\/es\/producto\/omwater-flying-mini-ou-gratitude\/\" \/>\n<meta property=\"og:locale\" content=\"es_ES\" \/>\n<meta property=\"og:type\" content=\"article\" \/>\n<meta property=\"og:title\" content=\"OmWater Flying Mini ou Gratitude\" \/>\n<meta property=\"og:description\" content=\"OmWater Flying Mini ou Gratitude. Mini : 50cl. Gratitude : 123cl. Bouteille \u00e9nerg\u00e9tique nomade en verre recycl\u00e9, avec bouchon \u00e9tanche et housse chanvre. Harmonise, revitalise et \u00e9l\u00e8ve la fr\u00e9quence vibratoire de l\u2019eau, partout o\u00f9 vous allez. Fabrication fran\u00e7aise.\" \/>\n<meta property=\"og:url\" content=\"https:\/\/369agara.com\/es\/producto\/omwater-flying-mini-ou-gratitude\/\" \/>\n<meta property=\"og:site_name\" content=\"Agara\" \/>\n<meta property=\"article:modified_time\" content=\"2025-05-05T07:01:33+00:00\" \/>\n<meta property=\"og:image\" content=\"https:\/\/369agara.com\/wp-content\/uploads\/2024\/11\/Om-gratitude-struct-water.png\" \/>\n\t<meta property=\"og:image:width\" content=\"1356\" \/>\n\t<meta property=\"og:image:height\" content=\"1069\" \/>\n\t<meta property=\"og:image:type\" content=\"image\/png\" \/>\n<meta name=\"twitter:card\" content=\"summary_large_image\" \/>\n<meta name=\"twitter:label1\" content=\"Tiempo de lectura\" \/>\n\t<meta name=\"twitter:data1\" content=\"1 minuto\" \/>\n<script type=\"application\/ld+json\" class=\"yoast-schema-graph\">{\"@context\":\"https:\\\/\\\/schema.org\",\"@graph\":[{\"@type\":\"WebPage\",\"@id\":\"https:\\\/\\\/369agara.com\\\/produit\\\/omwater-flying-mini-ou-gratitude\\\/\",\"url\":\"https:\\\/\\\/369agara.com\\\/produit\\\/omwater-flying-mini-ou-gratitude\\\/\",\"name\":\"OmWater Flying Mini ou Gratitude | Agara\",\"isPartOf\":{\"@id\":\"https:\\\/\\\/369agara.com\\\/#website\"},\"primaryImageOfPage\":{\"@id\":\"https:\\\/\\\/369agara.com\\\/produit\\\/omwater-flying-mini-ou-gratitude\\\/#primaryimage\"},\"image\":{\"@id\":\"https:\\\/\\\/369agara.com\\\/produit\\\/omwater-flying-mini-ou-gratitude\\\/#primaryimage\"},\"thumbnailUrl\":\"https:\\\/\\\/369agara.com\\\/wp-content\\\/uploads\\\/2024\\\/11\\\/Om-gratitude-struct-water.png\",\"datePublished\":\"2024-11-28T20:48:56+00:00\",\"dateModified\":\"2025-05-05T07:01:33+00:00\",\"description\":\"OmWater Flying Mini ou Gratitude. Mini : 50cl. Gratitude : 123cl. Bouteille \u00e9nerg\u00e9tique nomade en verre recycl\u00e9, avec bouchon \u00e9tanche et housse chanvre. Harmonise, revitalise et \u00e9l\u00e8ve la fr\u00e9quence vibratoire de l\u2019eau, partout o\u00f9 vous allez. Fabrication fran\u00e7aise.\",\"breadcrumb\":{\"@id\":\"https:\\\/\\\/369agara.com\\\/produit\\\/omwater-flying-mini-ou-gratitude\\\/#breadcrumb\"},\"inLanguage\":\"es\",\"potentialAction\":[{\"@type\":\"ReadAction\",\"target\":[\"https:\\\/\\\/369agara.com\\\/produit\\\/omwater-flying-mini-ou-gratitude\\\/\"]}]},{\"@type\":\"ImageObject\",\"inLanguage\":\"es\",\"@id\":\"https:\\\/\\\/369agara.com\\\/produit\\\/omwater-flying-mini-ou-gratitude\\\/#primaryimage\",\"url\":\"https:\\\/\\\/369agara.com\\\/wp-content\\\/uploads\\\/2024\\\/11\\\/Om-gratitude-struct-water.png\",\"contentUrl\":\"https:\\\/\\\/369agara.com\\\/wp-content\\\/uploads\\\/2024\\\/11\\\/Om-gratitude-struct-water.png\",\"width\":1356,\"height\":1069},{\"@type\":\"BreadcrumbList\",\"@id\":\"https:\\\/\\\/369agara.com\\\/produit\\\/omwater-flying-mini-ou-gratitude\\\/#breadcrumb\",\"itemListElement\":[{\"@type\":\"ListItem\",\"position\":1,\"name\":\"Accueil\",\"item\":\"https:\\\/\\\/369agara.com\\\/\"},{\"@type\":\"ListItem\",\"position\":2,\"name\":\"La boutique\",\"item\":\"https:\\\/\\\/369agara.com\\\/la-boutique\\\/\"},{\"@type\":\"ListItem\",\"position\":3,\"name\":\"OmWater Flying Mini ou Gratitude\"}]},{\"@type\":\"WebSite\",\"@id\":\"https:\\\/\\\/369agara.com\\\/#website\",\"url\":\"https:\\\/\\\/369agara.com\\\/\",\"name\":\"Livsrikedomar\",\"description\":\"D\u00e9connectez pour mieux vous connecter\",\"publisher\":{\"@id\":\"https:\\\/\\\/369agara.com\\\/#organization\"},\"potentialAction\":[{\"@type\":\"SearchAction\",\"target\":{\"@type\":\"EntryPoint\",\"urlTemplate\":\"https:\\\/\\\/369agara.com\\\/?s={search_term_string}\"},\"query-input\":{\"@type\":\"PropertyValueSpecification\",\"valueRequired\":true,\"valueName\":\"search_term_string\"}}],\"inLanguage\":\"es\"},{\"@type\":\"Organization\",\"@id\":\"https:\\\/\\\/369agara.com\\\/#organization\",\"name\":\"EACreations\",\"url\":\"https:\\\/\\\/369agara.com\\\/\",\"logo\":{\"@type\":\"ImageObject\",\"inLanguage\":\"es\",\"@id\":\"https:\\\/\\\/369agara.com\\\/#\\\/schema\\\/logo\\\/image\\\/\",\"url\":\"\",\"contentUrl\":\"\",\"caption\":\"EACreations\"},\"image\":{\"@id\":\"https:\\\/\\\/369agara.com\\\/#\\\/schema\\\/logo\\\/image\\\/\"}}]}<\/script>\n<!-- \/ Yoast SEO Premium plugin. -->","yoast_head_json":{"title":"OmWater Flying Mini ou Gratitude | Agara","description":"OmWater Flying Mini ou Gratitude. Mini : 50cl. Gratitude : 123cl. Bouteille \u00e9nerg\u00e9tique nomade en verre recycl\u00e9, avec bouchon \u00e9tanche et housse chanvre. Harmonise, revitalise et \u00e9l\u00e8ve la fr\u00e9quence vibratoire de l\u2019eau, partout o\u00f9 vous allez. Fabrication fran\u00e7aise.","robots":{"index":"index","follow":"follow","max-snippet":"max-snippet:-1","max-image-preview":"max-image-preview:large","max-video-preview":"max-video-preview:-1"},"canonical":"https:\/\/369agara.com\/es\/producto\/omwater-flying-mini-ou-gratitude\/","og_locale":"es_ES","og_type":"article","og_title":"OmWater Flying Mini ou Gratitude","og_description":"OmWater Flying Mini ou Gratitude. Mini : 50cl. Gratitude : 123cl. Bouteille \u00e9nerg\u00e9tique nomade en verre recycl\u00e9, avec bouchon \u00e9tanche et housse chanvre. Harmonise, revitalise et \u00e9l\u00e8ve la fr\u00e9quence vibratoire de l\u2019eau, partout o\u00f9 vous allez. Fabrication fran\u00e7aise.","og_url":"https:\/\/369agara.com\/es\/producto\/omwater-flying-mini-ou-gratitude\/","og_site_name":"Agara","article_modified_time":"2025-05-05T07:01:33+00:00","og_image":[{"width":1356,"height":1069,"url":"https:\/\/369agara.com\/wp-content\/uploads\/2024\/11\/Om-gratitude-struct-water.png","type":"image\/png"}],"twitter_card":"summary_large_image","twitter_misc":{"Tiempo de lectura":"1 minuto"},"schema":{"@context":"https:\/\/schema.org","@graph":[{"@type":"WebPage","@id":"https:\/\/369agara.com\/produit\/omwater-flying-mini-ou-gratitude\/","url":"https:\/\/369agara.com\/produit\/omwater-flying-mini-ou-gratitude\/","name":"OmWater Flying Mini ou Gratitude | Agara","isPartOf":{"@id":"https:\/\/369agara.com\/#website"},"primaryImageOfPage":{"@id":"https:\/\/369agara.com\/produit\/omwater-flying-mini-ou-gratitude\/#primaryimage"},"image":{"@id":"https:\/\/369agara.com\/produit\/omwater-flying-mini-ou-gratitude\/#primaryimage"},"thumbnailUrl":"https:\/\/369agara.com\/wp-content\/uploads\/2024\/11\/Om-gratitude-struct-water.png","datePublished":"2024-11-28T20:48:56+00:00","dateModified":"2025-05-05T07:01:33+00:00","description":"OmWater Flying Mini ou Gratitude. Mini : 50cl. Gratitude : 123cl. Bouteille \u00e9nerg\u00e9tique nomade en verre recycl\u00e9, avec bouchon \u00e9tanche et housse chanvre. Harmonise, revitalise et \u00e9l\u00e8ve la fr\u00e9quence vibratoire de l\u2019eau, partout o\u00f9 vous allez. Fabrication fran\u00e7aise.","breadcrumb":{"@id":"https:\/\/369agara.com\/produit\/omwater-flying-mini-ou-gratitude\/#breadcrumb"},"inLanguage":"es","potentialAction":[{"@type":"ReadAction","target":["https:\/\/369agara.com\/produit\/omwater-flying-mini-ou-gratitude\/"]}]},{"@type":"ImageObject","inLanguage":"es","@id":"https:\/\/369agara.com\/produit\/omwater-flying-mini-ou-gratitude\/#primaryimage","url":"https:\/\/369agara.com\/wp-content\/uploads\/2024\/11\/Om-gratitude-struct-water.png","contentUrl":"https:\/\/369agara.com\/wp-content\/uploads\/2024\/11\/Om-gratitude-struct-water.png","width":1356,"height":1069},{"@type":"BreadcrumbList","@id":"https:\/\/369agara.com\/produit\/omwater-flying-mini-ou-gratitude\/#breadcrumb","itemListElement":[{"@type":"ListItem","position":1,"name":"Accueil","item":"https:\/\/369agara.com\/"},{"@type":"ListItem","position":2,"name":"La boutique","item":"https:\/\/369agara.com\/la-boutique\/"},{"@type":"ListItem","position":3,"name":"OmWater Flying Mini ou Gratitude"}]},{"@type":"WebSite","@id":"https:\/\/369agara.com\/#website","url":"https:\/\/369agara.com\/","name":"Livsrikedomar","description":"Desconectar para conectar mejor","publisher":{"@id":"https:\/\/369agara.com\/#organization"},"potentialAction":[{"@type":"SearchAction","target":{"@type":"EntryPoint","urlTemplate":"https:\/\/369agara.com\/?s={search_term_string}"},"query-input":{"@type":"PropertyValueSpecification","valueRequired":true,"valueName":"search_term_string"}}],"inLanguage":"es"},{"@type":"Organization","@id":"https:\/\/369agara.com\/#organization","name":"EACreations","url":"https:\/\/369agara.com\/","logo":{"@type":"ImageObject","inLanguage":"es","@id":"https:\/\/369agara.com\/#\/schema\/logo\/image\/","url":"","contentUrl":"","caption":"EACreations"},"image":{"@id":"https:\/\/369agara.com\/#\/schema\/logo\/image\/"}}]}},"jetpack_sharing_enabled":true,"_links":{"self":[{"href":"https:\/\/369agara.com\/es\/wp-json\/wp\/v2\/product\/3368","targetHints":{"allow":["GET"]}}],"collection":[{"href":"https:\/\/369agara.com\/es\/wp-json\/wp\/v2\/product"}],"about":[{"href":"https:\/\/369agara.com\/es\/wp-json\/wp\/v2\/types\/product"}],"replies":[{"embeddable":true,"href":"https:\/\/369agara.com\/es\/wp-json\/wp\/v2\/comments?post=3368"}],"wp:featuredmedia":[{"embeddable":true,"href":"https:\/\/369agara.com\/es\/wp-json\/wp\/v2\/media\/3369"}],"wp:attachment":[{"href":"https:\/\/369agara.com\/es\/wp-json\/wp\/v2\/media?parent=3368"}],"wp:term":[{"taxonomy":"product_brand","embeddable":true,"href":"https:\/\/369agara.com\/es\/wp-json\/wp\/v2\/product_brand?post=3368"},{"taxonomy":"product_cat","embeddable":true,"href":"https:\/\/369agara.com\/es\/wp-json\/wp\/v2\/product_cat?post=3368"},{"taxonomy":"product_tag","embeddable":true,"href":"https:\/\/369agara.com\/es\/wp-json\/wp\/v2\/product_tag?post=3368"}],"curies":[{"name":"wp","href":"https:\/\/api.w.org\/{rel}","templated":true}]}}