{"id":3372,"date":"2024-11-28T21:57:49","date_gmt":"2024-11-28T20:57:49","guid":{"rendered":"https:\/\/369agara.com\/?post_type=product&#038;p=3372"},"modified":"2025-05-14T09:55:05","modified_gmt":"2025-05-14T07:55:05","slug":"pack-structvitality","status":"publish","type":"product","link":"https:\/\/369agara.com\/es\/producto\/pack-structvitality\/","title":{"rendered":"Pack StructVitality - Agua Energ\u00e9tica y Nutrici\u00f3n Diaria Revitalizada - 9 colores"},"content":{"rendered":"<h3 class=\"\" data-start=\"271\" data-end=\"334\"><span style=\"font-family: 'Book Antiqua', Palatino; font-size: 120%; color: #333399;\">\ud83c\udf3f Redescubre la energ\u00eda natural del agua y los alimentos<\/span><\/h3>\n<p class=\"\" data-start=\"336\" data-end=\"591\"><span style=\"font-family: 'Book Antiqua', Palatino; font-size: 120%; color: #333399;\">Le\u00a0<strong data-start=\"339\" data-end=\"362\">Paquete StructVitality<\/strong>\u00a0est\u00e1 dise\u00f1ado para quienes desean mejorar tanto su\u00a0<strong data-start=\"433\" data-end=\"448\">hidrataci\u00f3n<\/strong>\u00a0y el\u00a0<strong data-start=\"455\" data-end=\"488\">vitalidad de su dieta<\/strong>.<\/span><br data-start=\"489\" data-end=\"492\" \/><span style=\"font-family: 'Book Antiqua', Palatino; font-size: 120%; color: #333399;\"><strong data-start=\"492\" data-end=\"504\">En efecto<\/strong>Combina dos aparatos complementarios para un enfoque natural del bienestar, para dinamizar su agua y su alimentaci\u00f3n.<\/span><\/p>\n<ul data-start=\"593\" data-end=\"804\">\n<li class=\"\" data-start=\"593\" data-end=\"712\">\n<p class=\"\" data-start=\"595\" data-end=\"712\"><span style=\"font-family: 'Book Antiqua', Palatino; font-size: 120%; color: #333399;\">Por un lado, la\u00a0<strong data-start=\"610\" data-end=\"634\">StructWater Precious<\/strong>\u00a0 reestructurar\u00e1 el agua, sin electricidad ni mantenimiento.<\/span><\/p>\n<\/li>\n<li class=\"\" data-start=\"713\" data-end=\"804\">\n<p class=\"\" data-start=\"715\" data-end=\"804\"><span style=\"font-family: 'Book Antiqua', Palatino; font-size: 120%; color: #333399;\">Por otra parte, el\u00a0<strong data-start=\"732\" data-end=\"754\">Bandeja StructFood<\/strong>\u00a0aumenta la tasa vibratoria de los alimentos.<\/span><\/p>\n<\/li>\n<\/ul>\n<p class=\"\" data-start=\"806\" data-end=\"918\"><span style=\"font-family: 'Book Antiqua', Palatino; font-size: 120%; color: #333399;\"><strong data-start=\"806\" data-end=\"815\">As\u00ed que<\/strong>Se beneficiar\u00e1 de una soluci\u00f3n sencilla, sostenible y hol\u00edstica para aumentar sus niveles de energ\u00eda a diario.<\/span><\/p>\n<hr class=\"\" data-start=\"920\" data-end=\"923\" \/>\n<h3 class=\"\" data-start=\"925\" data-end=\"977\"><span style=\"font-family: 'Book Antiqua', Palatino; font-size: 120%; color: #333399;\">\ud83d\udca7 Las ventajas combinadas del Pack StructVitality<\/span><\/h3>\n<p class=\"\" data-start=\"979\" data-end=\"1239\"><span style=\"font-family: 'Book Antiqua', Palatino; font-size: 120%; color: #333399;\"><strong data-start=\"979\" data-end=\"997\">Gracias a este d\u00fao<\/strong>Como resultado, el agua se vuelve m\u00e1s ligera y asimilable, y los alimentos conservan mejor sus propiedades naturales.<\/span><br data-start=\"1109\" data-end=\"1112\" \/><span style=\"font-family: 'Book Antiqua', Palatino; font-size: 120%; color: #333399;\"><strong data-start=\"1112\" data-end=\"1123\">Adem\u00e1s<\/strong>Este enfoque vibratorio favorece el funcionamiento saludable de las c\u00e9lulas y promueve un mejor equilibrio energ\u00e9tico.<\/span><\/p>\n<hr class=\"\" data-start=\"1241\" data-end=\"1244\" \/>\n<h3 class=\"\" data-start=\"1246\" data-end=\"1270\"><span style=\"font-family: 'Book Antiqua', Palatino; font-size: 120%; color: #333399;\">\ud83d\udce6 Contenido del paquete :<\/span><\/h3>\n<ul data-start=\"1272\" data-end=\"1444\">\n<li class=\"\" data-start=\"1272\" data-end=\"1354\">\n<p class=\"\" data-start=\"1274\" data-end=\"1354\"><span style=\"font-family: 'Book Antiqua', Palatino; font-size: 120%; color: #333399;\"><strong data-start=\"1274\" data-end=\"1300\">1 EstructAgua Preciosa<\/strong>\u00a0con su botella OmWater 1,23 L y su tap\u00f3n Zome 13<\/span><\/p>\n<\/li>\n<li class=\"\" data-start=\"1355\" data-end=\"1444\">\n<p class=\"\" data-start=\"1357\" data-end=\"1444\"><span style=\"font-family: 'Book Antiqua', Palatino; font-size: 120%; color: #333399;\"><strong data-start=\"1357\" data-end=\"1381\">1 bandeja StructFood<\/strong>\u00a0(modelo dorado) para energizar alimentos, bebidas y cosm\u00e9ticos<\/span><\/p>\n<\/li>\n<\/ul>\n<hr class=\"\" data-start=\"1446\" data-end=\"1449\" \/>\n<h3 class=\"\" data-start=\"1451\" data-end=\"1485\"><span style=\"font-family: 'Book Antiqua', Palatino; font-size: 120%; color: #333399;\">\u2699\ufe0f Especificaciones t\u00e9cnicas<\/span><\/h3>\n<h4 class=\"\" data-start=\"1487\" data-end=\"1517\"><span style=\"font-family: 'Book Antiqua', Palatino; font-size: 120%; color: #333399;\">\ud83d\udd39 EstructWater Precious:<\/span><\/h4>\n<ul data-start=\"1518\" data-end=\"1686\">\n<li class=\"\" data-start=\"1518\" data-end=\"1569\">\n<p class=\"\" data-start=\"1520\" data-end=\"1569\"><span style=\"font-family: 'Book Antiqua', Palatino; font-size: 120%; color: #333399;\">Obras\u00a0<strong data-start=\"1531\" data-end=\"1551\">sin electricidad<\/strong>sin mantenimiento<\/span><\/p>\n<\/li>\n<li class=\"\" data-start=\"1570\" data-end=\"1631\">\n<p class=\"\" data-start=\"1572\" data-end=\"1631\"><span style=\"font-family: 'Book Antiqua', Palatino; font-size: 120%; color: #333399;\">Inspirado en el movimiento natural del agua para darle energ\u00eda<\/span><\/p>\n<\/li>\n<li class=\"\" data-start=\"1632\" data-end=\"1686\">\n<p class=\"\" data-start=\"1634\" data-end=\"1686\"><span style=\"font-family: 'Book Antiqua', Palatino; font-size: 120%; color: #333399;\">Mejora la calidad del agua en s\u00f3lo 15 minutos<\/span><\/p>\n<\/li>\n<\/ul>\n<h4 class=\"\" data-start=\"1688\" data-end=\"1716\"><span style=\"font-family: 'Book Antiqua', Palatino; font-size: 120%; color: #333399;\">\ud83d\udd39 Bandeja StructFood:<\/span><\/h4>\n<ul data-start=\"1717\" data-end=\"1923\">\n<li class=\"\" data-start=\"1717\" data-end=\"1798\">\n<p class=\"\" data-start=\"1719\" data-end=\"1798\"><span style=\"font-family: 'Book Antiqua', Palatino; font-size: 120%; color: #333399;\">Dise\u00f1ado para\u00a0<strong data-start=\"1730\" data-end=\"1762\">aumente su tasa vibratoria<\/strong>\u00a0alimentos, cremas, suplementos<\/span><\/p>\n<\/li>\n<li class=\"\" data-start=\"1799\" data-end=\"1885\">\n<p class=\"\" data-start=\"1801\" data-end=\"1885\"><span style=\"font-family: 'Book Antiqua', Palatino; font-size: 120%; color: #333399;\"><strong data-start=\"1801\" data-end=\"1819\">En consecuencia<\/strong>Facilita la asimilaci\u00f3n y ayuda a mejorar la digesti\u00f3n.<\/span><\/p>\n<\/li>\n<li class=\"\" data-start=\"1886\" data-end=\"1923\">\n<p class=\"\" data-start=\"1888\" data-end=\"1923\"><span style=\"font-family: 'Book Antiqua', Palatino; font-size: 120%; color: #333399;\">Dise\u00f1o meticuloso y materiales duraderos<\/span><\/p>\n<\/li>\n<\/ul>\n<hr class=\"\" data-start=\"1925\" data-end=\"1928\" \/>\n<h3 class=\"\" data-start=\"1930\" data-end=\"1959\"><span style=\"font-family: 'Book Antiqua', Palatino; font-size: 120%; color: #333399;\">\u2705 Compromisos StructWater<\/span><\/h3>\n<ul data-start=\"1961\" data-end=\"2151\">\n<li class=\"\" data-start=\"1961\" data-end=\"2000\">\n<p class=\"\" data-start=\"1963\" data-end=\"2000\"><span style=\"font-family: 'Book Antiqua', Palatino; font-size: 120%; color: #333399;\">\ud83d\ude9a Entrega r\u00e1pida (Colissimo 96h)<\/span><\/p>\n<\/li>\n<li class=\"\" data-start=\"2001\" data-end=\"2039\">\n<p class=\"\" data-start=\"2003\" data-end=\"2039\"><span style=\"font-family: 'Book Antiqua', Palatino; font-size: 120%; color: #333399;\">\ud83d\udcb3 Pago seguro (CB \/ PayPal)<\/span><\/p>\n<\/li>\n<li class=\"\" data-start=\"2040\" data-end=\"2083\">\n<p class=\"\" data-start=\"2042\" data-end=\"2083\"><span style=\"font-family: 'Book Antiqua', Palatino; font-size: 120%; color: #333399;\">\ud83d\udcb0 Pago en 4x gratuito disponible<\/span><\/p>\n<\/li>\n<li class=\"\" data-start=\"2084\" data-end=\"2122\">\n<p class=\"\" data-start=\"2086\" data-end=\"2122\"><span style=\"font-family: 'Book Antiqua', Palatino; font-size: 120%; color: #333399;\">\ud83d\udd04 Satisfecho o le devolvemos su dinero 30 d\u00edas<\/span><\/p>\n<\/li>\n<li class=\"\" data-start=\"2123\" data-end=\"2151\">\n<p class=\"\" data-start=\"2125\" data-end=\"2151\"><span style=\"font-family: 'Book Antiqua', Palatino; font-size: 120%; color: #333399;\">\ud83d\udee1\ufe0f 5 a\u00f1os de garant\u00eda del producto<\/span><\/p>\n<\/li>\n<\/ul>\n<hr class=\"\" data-start=\"2153\" data-end=\"2156\" \/>\n<h3 class=\"\" data-start=\"2158\" data-end=\"2198\"><span style=\"font-family: 'Book Antiqua', Palatino; font-size: 120%; color: #333399;\">\ud83c\udf1f \u00bfPor qu\u00e9 elegir StructVitality?<\/span><\/h3>\n<p class=\"\" data-start=\"2200\" data-end=\"2476\"><span style=\"font-family: 'Book Antiqua', Palatino; font-size: 120%; color: #333399;\"><strong data-start=\"2200\" data-end=\"2213\">En pocas palabras<\/strong>el\u00a0<strong data-start=\"2218\" data-end=\"2241\">Paquete StructVitality<\/strong>\u00a0le permite hacer algo m\u00e1s que filtrar agua.<\/span><br data-start=\"2306\" data-end=\"2309\" \/><span style=\"font-family: 'Book Antiqua', Palatino; font-size: 120%; color: #333399;\">Act\u00faa tanto\u00a0<strong data-start=\"2327\" data-end=\"2348\">sobre hidrataci\u00f3n<\/strong>\u00a0y\u00a0<strong data-start=\"2352\" data-end=\"2374\">sobre alimentos<\/strong>,\u00a0<strong data-start=\"2376\" data-end=\"2415\">una soluci\u00f3n global<\/strong>\u00a0para favorecer su vitalidad y su equilibrio energ\u00e9tico.<\/span><\/p>\n<p class=\"\" data-start=\"2478\" data-end=\"2601\"><span style=\"font-family: 'Book Antiqua', Palatino; font-size: 120%; color: #333399;\"><strong data-start=\"2478\" data-end=\"2504\">Adoptar StructVitality<\/strong>\u00a0para dar un impulso natural a su vida cotidiana, sin limitaciones y sin comprometer su salud.<\/span><\/p>","protected":false},"excerpt":{"rendered":"<p><span style=\"font-family: 'Book Antiqua', Palatino; font-size: 120%; color: #333399;\"><strong>Paquete StructVitality<\/strong>\u00a0combinar<strong>\u00a0StructWater Preciosos y\u00a0<\/strong>la meseta<strong>\u00a0StructFood\u00a0<\/strong>para dinamizar su agua y revitalizar su alimentaci\u00f3n, fomentando el bienestar y la energ\u00eda a diario.<\/span><\/p>\n<p><span style=\"font-family: 'Book Antiqua', Palatino; color: #333399; font-size: 120%;\">Disponible en 9 colores.<\/span><\/p>\n<p><span style=\"font-family: 'Book Antiqua', Palatino; font-size: 120%; color: #333399;\">Fabricado en Francia.<\/span><\/p>","protected":false},"featured_media":3673,"comment_status":"open","ping_status":"closed","template":"","meta":[],"product_brand":[],"product_cat":[206],"product_tag":[224,222,221,225,207,208],"class_list":{"0":"post-3372","1":"product","2":"type-product","3":"status-publish","4":"has-post-thumbnail","6":"product_cat-structwater","7":"product_tag-biodynamisation","8":"product_tag-geometrie-sacree","9":"product_tag-harmonisation","10":"product_tag-nourriture","11":"product_tag-om-water","12":"product_tag-struct-water","14":"first","15":"instock","16":"taxable","17":"shipping-taxable","18":"purchasable","19":"product-type-variable"},"yoast_head":"<!-- This site is optimized with the Yoast SEO Premium plugin v25.1 (Yoast SEO v27.4) - https:\/\/yoast.com\/product\/yoast-seo-premium-wordpress\/ -->\n<title>Pack StructVitality \u2013 Eau Dynamis\u00e9e et Alimentation Revitalis\u00e9e au Quotidien - 9 coloris | Agara<\/title>\n<meta name=\"description\" content=\"Le Pack StructVitality\u00a0combine\u00a0StructWater Precious et\u00a0le plateau\u00a0StructFood\u00a0pour dynamiser votre eau et revitaliser vos aliments, favorisant bien-\u00eatre et \u00e9nergie au quotidien. Existe en 9 coloris. Fabrication Fran\u00e7aise.\" \/>\n<meta name=\"robots\" content=\"index, follow, max-snippet:-1, max-image-preview:large, max-video-preview:-1\" \/>\n<link rel=\"canonical\" href=\"https:\/\/369agara.com\/es\/producto\/pack-structvitality\/\" \/>\n<meta property=\"og:locale\" content=\"es_ES\" \/>\n<meta property=\"og:type\" content=\"article\" \/>\n<meta property=\"og:title\" content=\"Pack StructVitality \u2013 Eau Dynamis\u00e9e et Alimentation Revitalis\u00e9e au Quotidien - 9 coloris\" \/>\n<meta property=\"og:description\" content=\"Le Pack StructVitality\u00a0combine\u00a0StructWater Precious et\u00a0le plateau\u00a0StructFood\u00a0pour dynamiser votre eau et revitaliser vos aliments, favorisant bien-\u00eatre et \u00e9nergie au quotidien. Existe en 9 coloris. Fabrication Fran\u00e7aise.\" \/>\n<meta property=\"og:url\" content=\"https:\/\/369agara.com\/es\/producto\/pack-structvitality\/\" \/>\n<meta property=\"og:site_name\" content=\"Agara\" \/>\n<meta property=\"article:modified_time\" content=\"2025-05-14T07:55:05+00:00\" \/>\n<meta property=\"og:image\" content=\"https:\/\/369agara.com\/wp-content\/uploads\/2024\/11\/PACK-STRUCTVITALITY-BLANC.jpg\" \/>\n\t<meta property=\"og:image:width\" content=\"640\" \/>\n\t<meta property=\"og:image:height\" content=\"640\" \/>\n\t<meta property=\"og:image:type\" content=\"image\/jpeg\" \/>\n<meta name=\"twitter:card\" content=\"summary_large_image\" \/>\n<meta name=\"twitter:label1\" content=\"Tiempo de lectura\" \/>\n\t<meta name=\"twitter:data1\" content=\"2 minutos\" \/>\n<script type=\"application\/ld+json\" class=\"yoast-schema-graph\">{\"@context\":\"https:\\\/\\\/schema.org\",\"@graph\":[{\"@type\":\"WebPage\",\"@id\":\"https:\\\/\\\/369agara.com\\\/produit\\\/pack-structvitality\\\/\",\"url\":\"https:\\\/\\\/369agara.com\\\/produit\\\/pack-structvitality\\\/\",\"name\":\"Pack StructVitality \u2013 Eau Dynamis\u00e9e et Alimentation Revitalis\u00e9e au Quotidien - 9 coloris | Agara\",\"isPartOf\":{\"@id\":\"https:\\\/\\\/369agara.com\\\/#website\"},\"primaryImageOfPage\":{\"@id\":\"https:\\\/\\\/369agara.com\\\/produit\\\/pack-structvitality\\\/#primaryimage\"},\"image\":{\"@id\":\"https:\\\/\\\/369agara.com\\\/produit\\\/pack-structvitality\\\/#primaryimage\"},\"thumbnailUrl\":\"https:\\\/\\\/369agara.com\\\/wp-content\\\/uploads\\\/2024\\\/11\\\/PACK-STRUCTVITALITY-BLANC.jpg\",\"datePublished\":\"2024-11-28T20:57:49+00:00\",\"dateModified\":\"2025-05-14T07:55:05+00:00\",\"description\":\"Le Pack StructVitality\u00a0combine\u00a0StructWater Precious et\u00a0le plateau\u00a0StructFood\u00a0pour dynamiser votre eau et revitaliser vos aliments, favorisant bien-\u00eatre et \u00e9nergie au quotidien. Existe en 9 coloris. Fabrication Fran\u00e7aise.\",\"breadcrumb\":{\"@id\":\"https:\\\/\\\/369agara.com\\\/produit\\\/pack-structvitality\\\/#breadcrumb\"},\"inLanguage\":\"es\",\"potentialAction\":[{\"@type\":\"ReadAction\",\"target\":[\"https:\\\/\\\/369agara.com\\\/produit\\\/pack-structvitality\\\/\"]}]},{\"@type\":\"ImageObject\",\"inLanguage\":\"es\",\"@id\":\"https:\\\/\\\/369agara.com\\\/produit\\\/pack-structvitality\\\/#primaryimage\",\"url\":\"https:\\\/\\\/369agara.com\\\/wp-content\\\/uploads\\\/2024\\\/11\\\/PACK-STRUCTVITALITY-BLANC.jpg\",\"contentUrl\":\"https:\\\/\\\/369agara.com\\\/wp-content\\\/uploads\\\/2024\\\/11\\\/PACK-STRUCTVITALITY-BLANC.jpg\",\"width\":640,\"height\":640},{\"@type\":\"BreadcrumbList\",\"@id\":\"https:\\\/\\\/369agara.com\\\/produit\\\/pack-structvitality\\\/#breadcrumb\",\"itemListElement\":[{\"@type\":\"ListItem\",\"position\":1,\"name\":\"Accueil\",\"item\":\"https:\\\/\\\/369agara.com\\\/\"},{\"@type\":\"ListItem\",\"position\":2,\"name\":\"La boutique\",\"item\":\"https:\\\/\\\/369agara.com\\\/la-boutique\\\/\"},{\"@type\":\"ListItem\",\"position\":3,\"name\":\"Pack StructVitality \u2013 Eau Dynamis\u00e9e et Alimentation Revitalis\u00e9e au Quotidien &#8211; 9 coloris\"}]},{\"@type\":\"WebSite\",\"@id\":\"https:\\\/\\\/369agara.com\\\/#website\",\"url\":\"https:\\\/\\\/369agara.com\\\/\",\"name\":\"Livsrikedomar\",\"description\":\"D\u00e9connectez pour mieux vous connecter\",\"publisher\":{\"@id\":\"https:\\\/\\\/369agara.com\\\/#organization\"},\"potentialAction\":[{\"@type\":\"SearchAction\",\"target\":{\"@type\":\"EntryPoint\",\"urlTemplate\":\"https:\\\/\\\/369agara.com\\\/?s={search_term_string}\"},\"query-input\":{\"@type\":\"PropertyValueSpecification\",\"valueRequired\":true,\"valueName\":\"search_term_string\"}}],\"inLanguage\":\"es\"},{\"@type\":\"Organization\",\"@id\":\"https:\\\/\\\/369agara.com\\\/#organization\",\"name\":\"EACreations\",\"url\":\"https:\\\/\\\/369agara.com\\\/\",\"logo\":{\"@type\":\"ImageObject\",\"inLanguage\":\"es\",\"@id\":\"https:\\\/\\\/369agara.com\\\/#\\\/schema\\\/logo\\\/image\\\/\",\"url\":\"\",\"contentUrl\":\"\",\"caption\":\"EACreations\"},\"image\":{\"@id\":\"https:\\\/\\\/369agara.com\\\/#\\\/schema\\\/logo\\\/image\\\/\"}}]}<\/script>\n<!-- \/ Yoast SEO Premium plugin. -->","yoast_head_json":{"title":"Pack StructVitality \u2013 Eau Dynamis\u00e9e et Alimentation Revitalis\u00e9e au Quotidien - 9 coloris | Agara","description":"Le Pack StructVitality\u00a0combine\u00a0StructWater Precious et\u00a0le plateau\u00a0StructFood\u00a0pour dynamiser votre eau et revitaliser vos aliments, favorisant bien-\u00eatre et \u00e9nergie au quotidien. Existe en 9 coloris. Fabrication Fran\u00e7aise.","robots":{"index":"index","follow":"follow","max-snippet":"max-snippet:-1","max-image-preview":"max-image-preview:large","max-video-preview":"max-video-preview:-1"},"canonical":"https:\/\/369agara.com\/es\/producto\/pack-structvitality\/","og_locale":"es_ES","og_type":"article","og_title":"Pack StructVitality \u2013 Eau Dynamis\u00e9e et Alimentation Revitalis\u00e9e au Quotidien - 9 coloris","og_description":"Le Pack StructVitality\u00a0combine\u00a0StructWater Precious et\u00a0le plateau\u00a0StructFood\u00a0pour dynamiser votre eau et revitaliser vos aliments, favorisant bien-\u00eatre et \u00e9nergie au quotidien. Existe en 9 coloris. Fabrication Fran\u00e7aise.","og_url":"https:\/\/369agara.com\/es\/producto\/pack-structvitality\/","og_site_name":"Agara","article_modified_time":"2025-05-14T07:55:05+00:00","og_image":[{"width":640,"height":640,"url":"https:\/\/369agara.com\/wp-content\/uploads\/2024\/11\/PACK-STRUCTVITALITY-BLANC.jpg","type":"image\/jpeg"}],"twitter_card":"summary_large_image","twitter_misc":{"Tiempo de lectura":"2 minutos"},"schema":{"@context":"https:\/\/schema.org","@graph":[{"@type":"WebPage","@id":"https:\/\/369agara.com\/produit\/pack-structvitality\/","url":"https:\/\/369agara.com\/produit\/pack-structvitality\/","name":"Pack StructVitality \u2013 Eau Dynamis\u00e9e et Alimentation Revitalis\u00e9e au Quotidien - 9 coloris | Agara","isPartOf":{"@id":"https:\/\/369agara.com\/#website"},"primaryImageOfPage":{"@id":"https:\/\/369agara.com\/produit\/pack-structvitality\/#primaryimage"},"image":{"@id":"https:\/\/369agara.com\/produit\/pack-structvitality\/#primaryimage"},"thumbnailUrl":"https:\/\/369agara.com\/wp-content\/uploads\/2024\/11\/PACK-STRUCTVITALITY-BLANC.jpg","datePublished":"2024-11-28T20:57:49+00:00","dateModified":"2025-05-14T07:55:05+00:00","description":"Le Pack StructVitality\u00a0combine\u00a0StructWater Precious et\u00a0le plateau\u00a0StructFood\u00a0pour dynamiser votre eau et revitaliser vos aliments, favorisant bien-\u00eatre et \u00e9nergie au quotidien. Existe en 9 coloris. Fabrication Fran\u00e7aise.","breadcrumb":{"@id":"https:\/\/369agara.com\/produit\/pack-structvitality\/#breadcrumb"},"inLanguage":"es","potentialAction":[{"@type":"ReadAction","target":["https:\/\/369agara.com\/produit\/pack-structvitality\/"]}]},{"@type":"ImageObject","inLanguage":"es","@id":"https:\/\/369agara.com\/produit\/pack-structvitality\/#primaryimage","url":"https:\/\/369agara.com\/wp-content\/uploads\/2024\/11\/PACK-STRUCTVITALITY-BLANC.jpg","contentUrl":"https:\/\/369agara.com\/wp-content\/uploads\/2024\/11\/PACK-STRUCTVITALITY-BLANC.jpg","width":640,"height":640},{"@type":"BreadcrumbList","@id":"https:\/\/369agara.com\/produit\/pack-structvitality\/#breadcrumb","itemListElement":[{"@type":"ListItem","position":1,"name":"Accueil","item":"https:\/\/369agara.com\/"},{"@type":"ListItem","position":2,"name":"La boutique","item":"https:\/\/369agara.com\/la-boutique\/"},{"@type":"ListItem","position":3,"name":"Pack StructVitality \u2013 Eau Dynamis\u00e9e et Alimentation Revitalis\u00e9e au Quotidien &#8211; 9 coloris"}]},{"@type":"WebSite","@id":"https:\/\/369agara.com\/#website","url":"https:\/\/369agara.com\/","name":"Livsrikedomar","description":"Desconectar para conectar mejor","publisher":{"@id":"https:\/\/369agara.com\/#organization"},"potentialAction":[{"@type":"SearchAction","target":{"@type":"EntryPoint","urlTemplate":"https:\/\/369agara.com\/?s={search_term_string}"},"query-input":{"@type":"PropertyValueSpecification","valueRequired":true,"valueName":"search_term_string"}}],"inLanguage":"es"},{"@type":"Organization","@id":"https:\/\/369agara.com\/#organization","name":"EACreations","url":"https:\/\/369agara.com\/","logo":{"@type":"ImageObject","inLanguage":"es","@id":"https:\/\/369agara.com\/#\/schema\/logo\/image\/","url":"","contentUrl":"","caption":"EACreations"},"image":{"@id":"https:\/\/369agara.com\/#\/schema\/logo\/image\/"}}]}},"jetpack_sharing_enabled":true,"_links":{"self":[{"href":"https:\/\/369agara.com\/es\/wp-json\/wp\/v2\/product\/3372","targetHints":{"allow":["GET"]}}],"collection":[{"href":"https:\/\/369agara.com\/es\/wp-json\/wp\/v2\/product"}],"about":[{"href":"https:\/\/369agara.com\/es\/wp-json\/wp\/v2\/types\/product"}],"replies":[{"embeddable":true,"href":"https:\/\/369agara.com\/es\/wp-json\/wp\/v2\/comments?post=3372"}],"wp:featuredmedia":[{"embeddable":true,"href":"https:\/\/369agara.com\/es\/wp-json\/wp\/v2\/media\/3673"}],"wp:attachment":[{"href":"https:\/\/369agara.com\/es\/wp-json\/wp\/v2\/media?parent=3372"}],"wp:term":[{"taxonomy":"product_brand","embeddable":true,"href":"https:\/\/369agara.com\/es\/wp-json\/wp\/v2\/product_brand?post=3372"},{"taxonomy":"product_cat","embeddable":true,"href":"https:\/\/369agara.com\/es\/wp-json\/wp\/v2\/product_cat?post=3372"},{"taxonomy":"product_tag","embeddable":true,"href":"https:\/\/369agara.com\/es\/wp-json\/wp\/v2\/product_tag?post=3372"}],"curies":[{"name":"wp","href":"https:\/\/api.w.org\/{rel}","templated":true}]}}