{"id":3714,"date":"2025-05-04T17:23:06","date_gmt":"2025-05-04T15:23:06","guid":{"rendered":"https:\/\/369agara.com\/?post_type=product&#038;p=3714"},"modified":"2025-05-14T09:53:59","modified_gmt":"2025-05-14T07:53:59","slug":"pack-structlife","status":"publish","type":"product","link":"https:\/\/369agara.com\/es\/producto\/pack-structlife\/","title":{"rendered":"Pack StructLife - StructWater Precious + StructFood Tray + BiodynamicWater Home - 9 colores"},"content":{"rendered":"<p data-start=\"740\" data-end=\"914\"><span style=\"font-family: 'Book Antiqua', Palatino; font-size: 120%; color: #333399;\">Le\u00a0<strong data-start=\"743\" data-end=\"762\">Pack StructLife<\/strong>\u00a0ha sido dise\u00f1ado para quienes desean una hidrataci\u00f3n \u00f3ptima, una dieta revitalizada y un hogar energ\u00e9ticamente armonioso.<\/span><\/p>\n<p data-start=\"916\" data-end=\"929\"><span style=\"font-family: 'Book Antiqua', Palatino; font-size: 120%; color: #333399;\">Incluye:<\/span><\/p>\n<p data-start=\"931\" data-end=\"960\"><span style=\"font-family: 'Book Antiqua', Palatino; font-size: 120%; color: #333399;\">\ud83d\udd39\u00a0<strong data-start=\"934\" data-end=\"958\">StructWater Precious con su botella Omwater y su tap\u00f3n Zome 13<\/strong><\/span><\/p>\n<ul data-start=\"961\" data-end=\"1178\">\n<li class=\"\" data-start=\"961\" data-end=\"1087\">\n<p class=\"\" data-start=\"963\" data-end=\"1087\"><span style=\"font-family: 'Book Antiqua', Palatino; font-size: 120%; color: #333399;\">Dinamizador de agua de alta gama, que utiliza los principios naturales del v\u00f3rtice, las ondas de forma y los campos de energ\u00eda.<\/span><\/p>\n<\/li>\n<li class=\"\" data-start=\"1088\" data-end=\"1178\">\n<p class=\"\" data-start=\"1090\" data-end=\"1178\"><span style=\"font-family: 'Book Antiqua', Palatino; font-size: 120%; color: #333399;\">Ayuda al organismo a absorber agua de forma m\u00e1s eficaz y aumenta la vitalidad general.<\/span><\/p>\n<\/li>\n<\/ul>\n<p data-start=\"1180\" data-end=\"1219\"><span style=\"font-family: 'Book Antiqua', Palatino; font-size: 120%; color: #333399;\">\ud83d\udd39\u00a0<strong data-start=\"1183\" data-end=\"1217\">Agua biodin\u00e1mica Preciosa para el hogar<\/strong><\/span><\/p>\n<ul data-start=\"1220\" data-end=\"1450\">\n<li class=\"\" data-start=\"1220\" data-end=\"1314\">\n<p class=\"\" data-start=\"1222\" data-end=\"1314\"><span style=\"font-family: 'Book Antiqua', Palatino; font-size: 120%; color: #333399;\">M\u00f3dulo para suministrar energ\u00eda a toda el agua de su hogar (ducha, jard\u00edn, electrodom\u00e9sticos, etc.).<\/span><\/p>\n<\/li>\n<li class=\"\" data-start=\"1315\" data-end=\"1450\">\n<p class=\"\" data-start=\"1317\" data-end=\"1450\"><span style=\"font-family: 'Book Antiqua', Palatino; font-size: 120%; color: #333399;\">Suaviza el agua, revitaliza las plantas, reduce el impacto de la cal y eleva la frecuencia vibratoria de su entorno.<\/span><\/p>\n<\/li>\n<\/ul>\n<p data-start=\"1452\" data-end=\"1479\"><span style=\"font-family: 'Book Antiqua', Palatino; font-size: 120%; color: #333399;\">\ud83d\udd39\u00a0<strong data-start=\"1455\" data-end=\"1477\">Bandeja StructFood\u00a0<\/strong><\/span><\/p>\n<ul data-start=\"1480\" data-end=\"1648\">\n<li class=\"\" data-start=\"1480\" data-end=\"1580\">\n<p class=\"\" data-start=\"1482\" data-end=\"1580\"><span style=\"font-family: 'Book Antiqua', Palatino; font-size: 120%; color: #333399;\">Energiza alimentos, bebidas y cosm\u00e9ticos para mantener y potenciar su tasa vibratoria.<\/span><\/p>\n<\/li>\n<li class=\"\" data-start=\"1581\" data-end=\"1648\">\n<p class=\"\" data-start=\"1583\" data-end=\"1648\"><span style=\"font-family: 'Book Antiqua', Palatino; font-size: 120%; color: #333399;\">Ideal para frutas, verduras, cuidado corporal y productos sensibles.<\/span><\/p>\n<\/li>\n<\/ul>\n<hr class=\"\" data-start=\"1650\" data-end=\"1653\" \/>\n<p data-start=\"1655\" data-end=\"1691\"><span style=\"font-family: 'Book Antiqua', Palatino; font-size: 120%; color: #333399;\">Ventajas del Pack StructLife :<\/span><\/p>\n<p class=\"\" data-start=\"1693\" data-end=\"2018\"><span style=\"font-family: 'Book Antiqua', Palatino; font-size: 120%; color: #333399;\">\u2714\ufe0f Hidrataci\u00f3n reestructurada y energizante para su consumo diario.<\/span><br data-start=\"1776\" data-end=\"1779\" \/><span style=\"font-family: 'Book Antiqua', Palatino; font-size: 120%; color: #333399;\">\u2714\ufe0f Un hogar revitalizado para mejorar su calidad de vida y la de su entorno.<\/span><br data-start=\"1871\" data-end=\"1874\" \/><span style=\"font-family: 'Book Antiqua', Palatino; font-size: 120%; color: #333399;\">\u2714\ufe0f Una alimentaci\u00f3n m\u00e1s viva que respete tu energ\u00eda vital.<\/span><br data-start=\"1947\" data-end=\"1950\" \/><span style=\"font-family: 'Book Antiqua', Palatino; font-size: 120%; color: #333399;\">\u2714\ufe0f Un impacto integral y duradero en su salud y bienestar.<\/span><\/p>\n<p><span style=\"font-family: 'Book Antiqua', Palatino; font-size: 120%; color: #333399;\">\ud83c\udf1f Haz de cada momento un paso hacia una vida m\u00e1s vibrante.<\/span><\/p>\n<p data-start=\"2511\" data-end=\"2788\"><span style=\"font-family: 'Book Antiqua', Palatino; font-size: 120%; color: #333399;\">Con el\u00a0<strong data-start=\"2586\" data-end=\"2605\">Pack StructLife<\/strong>transforme su agua, sus alimentos y su hogar en verdaderas fuentes de energ\u00eda positiva.<\/span><\/p>\n<p data-start=\"2511\" data-end=\"2788\"><span style=\"font-family: 'Book Antiqua', Palatino; font-size: 120%; color: #333399;\"><strong data-start=\"2710\" data-end=\"2788\">P\u00eddalo hoy mismo y experimente los beneficios de una vida llena de energ\u00eda.<\/strong><\/span><\/p>","protected":false},"excerpt":{"rendered":"<p data-start=\"337\" data-end=\"534\"><span style=\"font-family: 'Book Antiqua', Palatino; font-size: 120%; color: #333399;\">Le\u00a0<strong data-start=\"479\" data-end=\"498\">Pack StructLife<\/strong>\u00a0re\u00fane las mejores tecnolog\u00edas de StructWater para transformar su agua, sus alimentos y la energ\u00eda de su hogar.<\/span><\/p>\n<p data-start=\"337\" data-end=\"534\"><span style=\"font-family: 'Book Antiqua', Palatino; font-size: 120%; color: #333399;\">Proporcione a su cuerpo, mente y hogar una vitalidad natural, d\u00eda tras d\u00eda.<\/span><\/p>\n<p><span style=\"font-family: 'Book Antiqua', Palatino; font-size: 120%; color: #333399;\">Disponible en 9 colores.<\/span><\/p>\n<p><span style=\"font-family: 'Book Antiqua', Palatino; font-size: 120%; color: #333399;\">Fabricado en Francia.<\/span><\/p>","protected":false},"featured_media":3715,"comment_status":"open","ping_status":"closed","template":"","meta":[],"product_brand":[],"product_cat":[206],"product_tag":[224,231,229,230,221],"class_list":{"0":"post-3714","1":"product","2":"type-product","3":"status-publish","4":"has-post-thumbnail","6":"product_cat-structwater","7":"product_tag-biodynamisation","8":"product_tag-dynamisation","9":"product_tag-fleur-de-vie","10":"product_tag-graine-de-vie","11":"product_tag-harmonisation","13":"first","14":"instock","15":"taxable","16":"shipping-taxable","17":"purchasable","18":"product-type-variable"},"yoast_head":"<!-- This site is optimized with the Yoast SEO Premium plugin v25.1 (Yoast SEO v27.4) - https:\/\/yoast.com\/product\/yoast-seo-premium-wordpress\/ -->\n<title>Pack StructLife \u2013 StructWater Precious + Plateau StructFood + BiodynamicWater Home - 9 coloris | Agara<\/title>\n<meta name=\"description\" content=\"Le\u00a0Pack StructLife\u00a0r\u00e9unit les meilleures technologies StructWater pour transformer votre eau, vos aliments et l\u2019\u00e9nergie de votre maison. Offrez \u00e0 votre corps, votre esprit et votre foyer une vitalit\u00e9 naturelle, jour apr\u00e8s jour.Existe en 9 coloris. Fabrication fran\u00e7aise.\" \/>\n<meta name=\"robots\" content=\"index, follow, max-snippet:-1, max-image-preview:large, max-video-preview:-1\" \/>\n<link rel=\"canonical\" href=\"https:\/\/369agara.com\/es\/producto\/pack-structlife\/\" \/>\n<meta property=\"og:locale\" content=\"es_ES\" \/>\n<meta property=\"og:type\" content=\"article\" \/>\n<meta property=\"og:title\" content=\"Pack StructLife \u2013 StructWater Precious + Plateau StructFood + BiodynamicWater Home - 9 coloris\" \/>\n<meta property=\"og:description\" content=\"Le\u00a0Pack StructLife\u00a0r\u00e9unit les meilleures technologies StructWater pour transformer votre eau, vos aliments et l\u2019\u00e9nergie de votre maison. Offrez \u00e0 votre corps, votre esprit et votre foyer une vitalit\u00e9 naturelle, jour apr\u00e8s jour.Existe en 9 coloris. Fabrication fran\u00e7aise.\" \/>\n<meta property=\"og:url\" content=\"https:\/\/369agara.com\/es\/producto\/pack-structlife\/\" \/>\n<meta property=\"og:site_name\" content=\"Agara\" \/>\n<meta property=\"article:modified_time\" content=\"2025-05-14T07:53:59+00:00\" \/>\n<meta property=\"og:image\" content=\"https:\/\/369agara.com\/wp-content\/uploads\/2025\/05\/PACK-STRUCTLIFE-BLANC.jpg\" \/>\n\t<meta property=\"og:image:width\" content=\"640\" \/>\n\t<meta property=\"og:image:height\" content=\"640\" \/>\n\t<meta property=\"og:image:type\" content=\"image\/jpeg\" \/>\n<meta name=\"twitter:card\" content=\"summary_large_image\" \/>\n<meta name=\"twitter:label1\" content=\"Tiempo de lectura\" \/>\n\t<meta name=\"twitter:data1\" content=\"2 minutos\" \/>\n<script type=\"application\/ld+json\" class=\"yoast-schema-graph\">{\"@context\":\"https:\\\/\\\/schema.org\",\"@graph\":[{\"@type\":\"WebPage\",\"@id\":\"https:\\\/\\\/369agara.com\\\/produit\\\/pack-structlife\\\/\",\"url\":\"https:\\\/\\\/369agara.com\\\/produit\\\/pack-structlife\\\/\",\"name\":\"Pack StructLife \u2013 StructWater Precious + Plateau StructFood + BiodynamicWater Home - 9 coloris | Agara\",\"isPartOf\":{\"@id\":\"https:\\\/\\\/369agara.com\\\/#website\"},\"primaryImageOfPage\":{\"@id\":\"https:\\\/\\\/369agara.com\\\/produit\\\/pack-structlife\\\/#primaryimage\"},\"image\":{\"@id\":\"https:\\\/\\\/369agara.com\\\/produit\\\/pack-structlife\\\/#primaryimage\"},\"thumbnailUrl\":\"https:\\\/\\\/369agara.com\\\/wp-content\\\/uploads\\\/2025\\\/05\\\/PACK-STRUCTLIFE-BLANC.jpg\",\"datePublished\":\"2025-05-04T15:23:06+00:00\",\"dateModified\":\"2025-05-14T07:53:59+00:00\",\"description\":\"Le\u00a0Pack StructLife\u00a0r\u00e9unit les meilleures technologies StructWater pour transformer votre eau, vos aliments et l\u2019\u00e9nergie de votre maison. Offrez \u00e0 votre corps, votre esprit et votre foyer une vitalit\u00e9 naturelle, jour apr\u00e8s jour.Existe en 9 coloris. Fabrication fran\u00e7aise.\",\"breadcrumb\":{\"@id\":\"https:\\\/\\\/369agara.com\\\/produit\\\/pack-structlife\\\/#breadcrumb\"},\"inLanguage\":\"es\",\"potentialAction\":[{\"@type\":\"ReadAction\",\"target\":[\"https:\\\/\\\/369agara.com\\\/produit\\\/pack-structlife\\\/\"]}]},{\"@type\":\"ImageObject\",\"inLanguage\":\"es\",\"@id\":\"https:\\\/\\\/369agara.com\\\/produit\\\/pack-structlife\\\/#primaryimage\",\"url\":\"https:\\\/\\\/369agara.com\\\/wp-content\\\/uploads\\\/2025\\\/05\\\/PACK-STRUCTLIFE-BLANC.jpg\",\"contentUrl\":\"https:\\\/\\\/369agara.com\\\/wp-content\\\/uploads\\\/2025\\\/05\\\/PACK-STRUCTLIFE-BLANC.jpg\",\"width\":640,\"height\":640},{\"@type\":\"BreadcrumbList\",\"@id\":\"https:\\\/\\\/369agara.com\\\/produit\\\/pack-structlife\\\/#breadcrumb\",\"itemListElement\":[{\"@type\":\"ListItem\",\"position\":1,\"name\":\"Accueil\",\"item\":\"https:\\\/\\\/369agara.com\\\/\"},{\"@type\":\"ListItem\",\"position\":2,\"name\":\"La boutique\",\"item\":\"https:\\\/\\\/369agara.com\\\/la-boutique\\\/\"},{\"@type\":\"ListItem\",\"position\":3,\"name\":\"Pack StructLife \u2013 StructWater Precious + Plateau StructFood + BiodynamicWater Home &#8211; 9 coloris\"}]},{\"@type\":\"WebSite\",\"@id\":\"https:\\\/\\\/369agara.com\\\/#website\",\"url\":\"https:\\\/\\\/369agara.com\\\/\",\"name\":\"Livsrikedomar\",\"description\":\"D\u00e9connectez pour mieux vous connecter\",\"publisher\":{\"@id\":\"https:\\\/\\\/369agara.com\\\/#organization\"},\"potentialAction\":[{\"@type\":\"SearchAction\",\"target\":{\"@type\":\"EntryPoint\",\"urlTemplate\":\"https:\\\/\\\/369agara.com\\\/?s={search_term_string}\"},\"query-input\":{\"@type\":\"PropertyValueSpecification\",\"valueRequired\":true,\"valueName\":\"search_term_string\"}}],\"inLanguage\":\"es\"},{\"@type\":\"Organization\",\"@id\":\"https:\\\/\\\/369agara.com\\\/#organization\",\"name\":\"EACreations\",\"url\":\"https:\\\/\\\/369agara.com\\\/\",\"logo\":{\"@type\":\"ImageObject\",\"inLanguage\":\"es\",\"@id\":\"https:\\\/\\\/369agara.com\\\/#\\\/schema\\\/logo\\\/image\\\/\",\"url\":\"\",\"contentUrl\":\"\",\"caption\":\"EACreations\"},\"image\":{\"@id\":\"https:\\\/\\\/369agara.com\\\/#\\\/schema\\\/logo\\\/image\\\/\"}}]}<\/script>\n<!-- \/ Yoast SEO Premium plugin. -->","yoast_head_json":{"title":"Pack StructLife \u2013 StructWater Precious + Plateau StructFood + BiodynamicWater Home - 9 coloris | Agara","description":"Le\u00a0Pack StructLife\u00a0r\u00e9unit les meilleures technologies StructWater pour transformer votre eau, vos aliments et l\u2019\u00e9nergie de votre maison. Offrez \u00e0 votre corps, votre esprit et votre foyer une vitalit\u00e9 naturelle, jour apr\u00e8s jour.Existe en 9 coloris. Fabrication fran\u00e7aise.","robots":{"index":"index","follow":"follow","max-snippet":"max-snippet:-1","max-image-preview":"max-image-preview:large","max-video-preview":"max-video-preview:-1"},"canonical":"https:\/\/369agara.com\/es\/producto\/pack-structlife\/","og_locale":"es_ES","og_type":"article","og_title":"Pack StructLife \u2013 StructWater Precious + Plateau StructFood + BiodynamicWater Home - 9 coloris","og_description":"Le\u00a0Pack StructLife\u00a0r\u00e9unit les meilleures technologies StructWater pour transformer votre eau, vos aliments et l\u2019\u00e9nergie de votre maison. Offrez \u00e0 votre corps, votre esprit et votre foyer une vitalit\u00e9 naturelle, jour apr\u00e8s jour.Existe en 9 coloris. Fabrication fran\u00e7aise.","og_url":"https:\/\/369agara.com\/es\/producto\/pack-structlife\/","og_site_name":"Agara","article_modified_time":"2025-05-14T07:53:59+00:00","og_image":[{"width":640,"height":640,"url":"https:\/\/369agara.com\/wp-content\/uploads\/2025\/05\/PACK-STRUCTLIFE-BLANC.jpg","type":"image\/jpeg"}],"twitter_card":"summary_large_image","twitter_misc":{"Tiempo de lectura":"2 minutos"},"schema":{"@context":"https:\/\/schema.org","@graph":[{"@type":"WebPage","@id":"https:\/\/369agara.com\/produit\/pack-structlife\/","url":"https:\/\/369agara.com\/produit\/pack-structlife\/","name":"Pack StructLife \u2013 StructWater Precious + Plateau StructFood + BiodynamicWater Home - 9 coloris | Agara","isPartOf":{"@id":"https:\/\/369agara.com\/#website"},"primaryImageOfPage":{"@id":"https:\/\/369agara.com\/produit\/pack-structlife\/#primaryimage"},"image":{"@id":"https:\/\/369agara.com\/produit\/pack-structlife\/#primaryimage"},"thumbnailUrl":"https:\/\/369agara.com\/wp-content\/uploads\/2025\/05\/PACK-STRUCTLIFE-BLANC.jpg","datePublished":"2025-05-04T15:23:06+00:00","dateModified":"2025-05-14T07:53:59+00:00","description":"Le\u00a0Pack StructLife\u00a0r\u00e9unit les meilleures technologies StructWater pour transformer votre eau, vos aliments et l\u2019\u00e9nergie de votre maison. Offrez \u00e0 votre corps, votre esprit et votre foyer une vitalit\u00e9 naturelle, jour apr\u00e8s jour.Existe en 9 coloris. Fabrication fran\u00e7aise.","breadcrumb":{"@id":"https:\/\/369agara.com\/produit\/pack-structlife\/#breadcrumb"},"inLanguage":"es","potentialAction":[{"@type":"ReadAction","target":["https:\/\/369agara.com\/produit\/pack-structlife\/"]}]},{"@type":"ImageObject","inLanguage":"es","@id":"https:\/\/369agara.com\/produit\/pack-structlife\/#primaryimage","url":"https:\/\/369agara.com\/wp-content\/uploads\/2025\/05\/PACK-STRUCTLIFE-BLANC.jpg","contentUrl":"https:\/\/369agara.com\/wp-content\/uploads\/2025\/05\/PACK-STRUCTLIFE-BLANC.jpg","width":640,"height":640},{"@type":"BreadcrumbList","@id":"https:\/\/369agara.com\/produit\/pack-structlife\/#breadcrumb","itemListElement":[{"@type":"ListItem","position":1,"name":"Accueil","item":"https:\/\/369agara.com\/"},{"@type":"ListItem","position":2,"name":"La boutique","item":"https:\/\/369agara.com\/la-boutique\/"},{"@type":"ListItem","position":3,"name":"Pack StructLife \u2013 StructWater Precious + Plateau StructFood + BiodynamicWater Home &#8211; 9 coloris"}]},{"@type":"WebSite","@id":"https:\/\/369agara.com\/#website","url":"https:\/\/369agara.com\/","name":"Livsrikedomar","description":"Desconectar para conectar mejor","publisher":{"@id":"https:\/\/369agara.com\/#organization"},"potentialAction":[{"@type":"SearchAction","target":{"@type":"EntryPoint","urlTemplate":"https:\/\/369agara.com\/?s={search_term_string}"},"query-input":{"@type":"PropertyValueSpecification","valueRequired":true,"valueName":"search_term_string"}}],"inLanguage":"es"},{"@type":"Organization","@id":"https:\/\/369agara.com\/#organization","name":"EACreations","url":"https:\/\/369agara.com\/","logo":{"@type":"ImageObject","inLanguage":"es","@id":"https:\/\/369agara.com\/#\/schema\/logo\/image\/","url":"","contentUrl":"","caption":"EACreations"},"image":{"@id":"https:\/\/369agara.com\/#\/schema\/logo\/image\/"}}]}},"jetpack_sharing_enabled":true,"_links":{"self":[{"href":"https:\/\/369agara.com\/es\/wp-json\/wp\/v2\/product\/3714","targetHints":{"allow":["GET"]}}],"collection":[{"href":"https:\/\/369agara.com\/es\/wp-json\/wp\/v2\/product"}],"about":[{"href":"https:\/\/369agara.com\/es\/wp-json\/wp\/v2\/types\/product"}],"replies":[{"embeddable":true,"href":"https:\/\/369agara.com\/es\/wp-json\/wp\/v2\/comments?post=3714"}],"wp:featuredmedia":[{"embeddable":true,"href":"https:\/\/369agara.com\/es\/wp-json\/wp\/v2\/media\/3715"}],"wp:attachment":[{"href":"https:\/\/369agara.com\/es\/wp-json\/wp\/v2\/media?parent=3714"}],"wp:term":[{"taxonomy":"product_brand","embeddable":true,"href":"https:\/\/369agara.com\/es\/wp-json\/wp\/v2\/product_brand?post=3714"},{"taxonomy":"product_cat","embeddable":true,"href":"https:\/\/369agara.com\/es\/wp-json\/wp\/v2\/product_cat?post=3714"},{"taxonomy":"product_tag","embeddable":true,"href":"https:\/\/369agara.com\/es\/wp-json\/wp\/v2\/product_tag?post=3714"}],"curies":[{"name":"wp","href":"https:\/\/api.w.org\/{rel}","templated":true}]}}