{"id":3750,"date":"2025-05-10T21:47:38","date_gmt":"2025-05-10T19:47:38","guid":{"rendered":"https:\/\/369agara.com\/?post_type=product&#038;p=3750"},"modified":"2025-05-13T11:34:20","modified_gmt":"2025-05-13T09:34:20","slug":"taie-oreiller-earthing-rectangulaire","status":"publish","type":"product","link":"https:\/\/369agara.com\/es\/producto\/taie-oreiller-earthing-rectangulaire\/","title":{"rendered":"Funda de almohada rectangular con toma de tierra"},"content":{"rendered":"<p><span style=\"font-family: 'Book Antiqua', Palatino; font-size: 120%; color: #333399;\">La funda de almohada Earthing le permite dormir protegido de las radiaciones vinculadas a la instalaci\u00f3n el\u00e9ctrica de su hogar, al tiempo que proporciona a su cuerpo todos los beneficios de la Earthing (conexi\u00f3n de su cuerpo a la tierra, como caminar descalzo por la hierba).<\/span><\/p>\n<p><span style=\"font-family: 'Book Antiqua', Palatino; font-size: 120%; color: #333399;\">Recomendamos dormir directamente sobre la funda de almohada Earthing (contacto directo con la piel para un uso \u00f3ptimo), de modo que la cabeza y la parte superior del cuerpo est\u00e9n conectadas a tierra durante el sue\u00f1o.<\/span><\/p>\n<p><span style=\"font-family: 'Book Antiqua', Palatino; font-size: 120%; color: #333399;\">Esta funda de almohada es de algod\u00f3n 100 %, entrelazado con fibras de plata conductoras suaves y duraderas tejidas por todas partes. Contiene entre 500 y 1.000 metros de hilo de plata, dependiendo de su tama\u00f1o.<\/span><\/p>\n<p><span style=\"font-family: 'Book Antiqua', Palatino; font-size: 120%; color: #333399;\">Se suministra con un cable de toma de tierra de 6 m.<\/span><br \/>\n<span style=\"font-family: 'Book Antiqua', Palatino; font-size: 120%; color: #333399;\"><span style=\"color: #ed1c24;\"><strong>\u00a1Atenci\u00f3n!<\/strong>\u00a0<strong>No incluye toma de tierra<\/strong><\/span>(Los conectores de toma de tierra tienen 2 entradas, lo que es suficiente para conectar una s\u00e1bana y una funda de almohada. Para conectar una s\u00e1bana y fundas de almohada, tendr\u00e1s que comprar un conector de toma de tierra doble adicional).<\/span><br \/>\n<span style=\"font-family: 'Book Antiqua', Palatino; font-size: 120%; color: #333399;\">Si compras la funda de almohada por separado, tambi\u00e9n tendr\u00e1s que comprar un enchufe de toma de tierra.<\/span><\/p>\n<p><span style=\"font-family: 'Book Antiqua', Palatino; font-size: 120%; color: #333399;\">En el borde de la funda hay un conector al que se fija el cable de conexi\u00f3n. Si, por el contrario, no tienes una toma de tierra satisfactoria en casa y vives en una vivienda unifamiliar o en el fondo de un bloque de pisos, puedes utilizar la \"barra met\u00e1lica de toma de tierra\".<\/span><\/p>\n<h3><span style=\"font-family: 'Book Antiqua', Palatino; font-size: 120%; color: #333399;\">\u00bfQu\u00e9 es la toma de tierra?<\/span><\/h3>\n<p><span style=\"font-family: 'Book Antiqua', Palatino; font-size: 120%; color: #333399;\">Seg\u00fan el libro de Clinton Ober, Stephen Sinatra y Martin Zucker \"Connecting to the Earth, Perhaps the most important health discovery\", que sirve de obra de referencia sobre el tema, conectar el cuerpo a la tierra (o earthing) restablece el equilibrio el\u00e9ctrico natural del organismo y lo descarga de cargas electrost\u00e1ticas, igual que cuando se camina descalzo por la hierba.<\/span><\/p>\n<p><span style=\"font-family: 'Book Antiqua', Palatino; font-size: 120%; color: #333399;\">Los distintos productos Earthing reproducen este fen\u00f3meno natural.<\/span><\/p>\n<p><span style=\"font-family: 'Book Antiqua', Palatino; font-size: 120%; color: #333399;\">Tiene una serie de ventajas, entre ellas :<\/span><\/p>\n<ul>\n<li><span style=\"font-family: 'Book Antiqua', Palatino; font-size: 120%; color: #333399;\">un sistema inmunitario mejorado<\/span><\/li>\n<li><span style=\"font-family: 'Book Antiqua', Palatino; font-size: 120%; color: #333399;\">mejora de la digesti\u00f3n<\/span><\/li>\n<li><span style=\"font-family: 'Book Antiqua', Palatino; font-size: 120%; color: #333399;\">una mejora de la calidad del sue\u00f1o y un equilibrio de nuestro reloj biol\u00f3gico<\/span><\/li>\n<li><span style=\"font-family: 'Book Antiqua', Palatino; font-size: 120%; color: #333399;\">aumento de la energ\u00eda y reducci\u00f3n del estr\u00e9s<\/span><\/li>\n<li><span style=\"font-family: 'Book Antiqua', Palatino; font-size: 120%; color: #333399;\">mejora de la circulaci\u00f3n sangu\u00ednea<\/span><\/li>\n<li><span style=\"font-family: 'Book Antiqua', Palatino; font-size: 120%; color: #333399;\">recuperaci\u00f3n m\u00e1s r\u00e1pida tras una actividad f\u00edsica intensa y curaci\u00f3n m\u00e1s r\u00e1pida de las lesiones<\/span><\/li>\n<li><span style=\"font-family: 'Book Antiqua', Palatino; font-size: 120%; color: #333399;\">alivio de tensiones musculares, dolores de cabeza, s\u00edntomas hormonales y menstruales<\/span><\/li>\n<li><span style=\"font-family: 'Book Antiqua', Palatino; font-size: 120%; color: #333399;\">una reducci\u00f3n de la inflamaci\u00f3n<\/span><\/li>\n<li><span style=\"font-family: 'Book Antiqua', Palatino; font-size: 120%; color: #333399;\">reducci\u00f3n del estr\u00e9s, la ansiedad, la irritabilidad e incluso los s\u00edntomas de electrosensibilidad<\/span><\/li>\n<\/ul>\n<p><span style=\"font-family: 'Book Antiqua', Palatino; font-size: 120%; color: #ed1c24;\">Esta informaci\u00f3n no sustituye en modo alguno el consejo de su m\u00e9dico y no pretende tratar ni curar ninguna afecci\u00f3n m\u00e9dica. Para cualquier problema de salud, consulte a su m\u00e9dico.<\/span><\/p>\n<h3><span style=\"font-family: 'Book Antiqua', Palatino; font-size: 120%; color: #333399;\">Especificaciones t\u00e9cnicas<\/span><\/h3>\n<p><span style=\"font-family: 'Book Antiqua', Palatino; font-size: 120%; color: #333399;\">Composici\u00f3n: 93 % algod\u00f3n, 7% plata<\/span><\/p>\n<p><span style=\"font-family: 'Book Antiqua', Palatino; font-size: 120%; color: #333399;\">Cable de tierra trenzado de 6 m incluido; sin conexi\u00f3n de enchufe<\/span><\/p>\n<h3><span style=\"font-family: 'Book Antiqua', Palatino; font-size: 120%; color: #333399;\">Consejos de cuidado y lavado<\/span><\/h3>\n<p><span style=\"font-family: 'Book Antiqua', Palatino; font-size: 120%; color: #333399;\">Es importante lavar su producto Earthing con frecuencia. No se da\u00f1ar\u00e1 con el lavado, al contrario, se beneficiar\u00e1 de \u00e9l.<\/span><\/p>\n<p><span style=\"font-family: 'Book Antiqua', Palatino; font-size: 120%; color: #333399;\">El lavado elimina el sudor y los aceites presentes de forma natural en la piel, lo que mantiene la conductividad de la plata.<\/span><\/p>\n<p><span style=\"font-family: 'Book Antiqua', Palatino; font-size: 120%; color: #333399;\"><strong>Para hacer :\u00a0<\/strong><\/span><\/p>\n<ul>\n<li><span style=\"font-family: 'Book Antiqua', Palatino; font-size: 120%; color: #333399;\">Lavar cada una o dos semanas Lavar a m\u00e1quina con agua caliente (40\u00b0C).<\/span><\/li>\n<li><span style=\"font-family: 'Book Antiqua', Palatino; font-size: 120%; color: #333399;\">Utilice un detergente l\u00edquido para la ropa.<\/span><\/li>\n<li><span style=\"font-family: 'Book Antiqua', Palatino; font-size: 120%; color: #333399;\">Secar en plano o en secadora a baja temperatura (no m\u00e1s de 65\u00b0C).<\/span><\/li>\n<li><span style=\"font-family: 'Book Antiqua', Palatino; font-size: 120%; color: #333399;\">Se puede planchar a baja temperatura si se desea.<\/span><\/li>\n<\/ul>\n<p><span style=\"font-family: 'Book Antiqua', Palatino; font-size: 120%; color: #333399;\"><strong>Lo que no hay que hacer :\u00a0<\/strong><\/span><\/p>\n<ul>\n<li><span style=\"font-family: 'Book Antiqua', Palatino; font-size: 120%; color: #333399;\">No lavar con lej\u00eda No lavar con suavizantes\u00a0<\/span><\/li>\n<li><span style=\"font-family: 'Book Antiqua', Palatino; font-size: 120%; color: #333399;\">No utilice detergentes blanqueadores u oxiclean ni detergentes que contengan aceites como el de lavanda o el de coco.\u00a0<\/span><\/li>\n<li><span style=\"font-family: 'Book Antiqua', Palatino; font-size: 120%; color: #333399;\">No utilice toallitas suavizantes para secadoras\u00a0<\/span><\/li>\n<li><span style=\"font-family: 'Book Antiqua', Palatino; font-size: 120%; color: #333399;\">Sin limpieza en seco<\/span><\/li>\n<li><span style=\"font-family: 'Book Antiqua', Palatino; font-size: 120%; color: #333399;\">La lej\u00eda, las lociones y los aceites pueden empa\u00f1ar la plata y hacerla no conductora.\u00a0<\/span><\/li>\n<li><span style=\"font-family: 'Book Antiqua', Palatino; font-size: 120%; color: #333399;\">Los suavizantes se acumulan en la plata y da\u00f1an su conductividad.<\/span><\/li>\n<\/ul>\n<h3><span style=\"font-family: 'Book Antiqua', Palatino; font-size: 120%; color: #333399;\">Consejo de Agara<\/span><\/h3>\n<p><span style=\"font-family: 'Book Antiqua', Palatino; font-size: 120%; color: #333399;\">Para que la puesta a tierra sea eficaz, es esencial comprobar la calidad de su sistema de puesta a tierra, ya sea con un dispositivo adecuado (comprobador de puesta a tierra, Tohm-E o medidor de puesta a tierra Catohm DT-300) o recurriendo a un profesional con el equipo adecuado.\u00a0<\/span><\/p>\n<p><span style=\"font-family: 'Book Antiqua', Palatino; font-size: 120%; color: #ed1c24;\">Si las instalaciones el\u00e9ctricas son demasiado antiguas o est\u00e1n mal instaladas, la toma de tierra puede ser inadecuada o inexistente.<\/span><\/p>\n<p><span style=\"font-family: 'Book Antiqua', Palatino; font-size: 120%; color: #ed1c24;\">Tambi\u00e9n es muy importante reducir al m\u00ednimo los campos el\u00e9ctricos en la habitaci\u00f3n (radiodespertadores, l\u00e1mparas de cabecera, tomas de corriente y alargadores sin apantallar), para evitar que interfieran con el sistema de puesta a tierra. No dudes en medirlos o hacer que te los midan.<\/span><\/p>","protected":false},"excerpt":{"rendered":"<p><span style=\"font-family: 'Book Antiqua', Palatino; font-size: 120%; color: #333399;\">La funda de almohada Earthing permite que su cuerpo disfrute de los numerosos beneficios de la Earthing mientras duerme.\u00a0<\/span><\/p>\n<p><span style=\"font-family: 'Book Antiqua', Palatino; font-size: 120%; color: #333399;\">Forma rectangular, dimensiones 40 x 70 cm.\u00a0<\/span><\/p>\n<p><span style=\"font-family: 'Book Antiqua', Palatino; font-size: 120%; color: #333399;\">Se suministra con un cable de tierra trenzado de 6 m (<strong>clavija de conexi\u00f3n a tierra no incluida<\/strong>).<\/span><\/p>","protected":false},"featured_media":3751,"comment_status":"open","ping_status":"closed","template":"","meta":[],"product_brand":[267],"product_cat":[164],"product_tag":[248,247,249,245],"class_list":{"0":"post-3750","1":"product","2":"type-product","3":"status-publish","4":"has-post-thumbnail","6":"product_brand-earthing","7":"product_cat-baubiologie","8":"product_tag-baubiologie","9":"product_tag-chambre","10":"product_tag-electromagnetisme","11":"product_tag-maison","13":"first","14":"instock","15":"taxable","16":"shipping-taxable","17":"purchasable","18":"product-type-simple"},"yoast_head":"<!-- This site is optimized with the Yoast SEO Premium plugin v25.1 (Yoast SEO v27.4) - https:\/\/yoast.com\/product\/yoast-seo-premium-wordpress\/ -->\n<title>Taie d&#039;oreiller de mise \u00e0 la terre rectangulaire Earthing | Agara<\/title>\n<meta name=\"description\" content=\"La taie d&#039;oreiller de mise \u00e0 la terre Earthing permet \u00e0 votre corps de profiter des nombreux bienfaits du Earthing pendant votre sommeil.\u00a0Forme rectangulaire, dimensions 40 x 70 cm.\u00a0Livr\u00e9e avec un c\u00e2ble torsad\u00e9 de mise \u00e0 la terre de 6 m (fiche de connexion \u00e0 la terre non incluse).\" \/>\n<meta name=\"robots\" content=\"index, follow, max-snippet:-1, max-image-preview:large, max-video-preview:-1\" \/>\n<link rel=\"canonical\" href=\"https:\/\/369agara.com\/es\/producto\/taie-oreiller-earthing-rectangulaire\/\" \/>\n<meta property=\"og:locale\" content=\"es_ES\" \/>\n<meta property=\"og:type\" content=\"article\" \/>\n<meta property=\"og:title\" content=\"Taie d&#039;oreiller de mise \u00e0 la terre rectangulaire Earthing\" \/>\n<meta property=\"og:description\" content=\"La taie d&#039;oreiller de mise \u00e0 la terre Earthing permet \u00e0 votre corps de profiter des nombreux bienfaits du Earthing pendant votre sommeil.\u00a0Forme rectangulaire, dimensions 40 x 70 cm.\u00a0Livr\u00e9e avec un c\u00e2ble torsad\u00e9 de mise \u00e0 la terre de 6 m (fiche de connexion \u00e0 la terre non incluse).\" \/>\n<meta property=\"og:url\" content=\"https:\/\/369agara.com\/es\/producto\/taie-oreiller-earthing-rectangulaire\/\" \/>\n<meta property=\"og:site_name\" content=\"Agara\" \/>\n<meta property=\"article:modified_time\" content=\"2025-05-13T09:34:20+00:00\" \/>\n<meta property=\"og:image\" content=\"https:\/\/369agara.com\/wp-content\/uploads\/2025\/05\/taie-d-oreiller-de-mise-a-la-terre-earthing-rectangulaire.jpg\" \/>\n\t<meta property=\"og:image:width\" content=\"800\" \/>\n\t<meta property=\"og:image:height\" content=\"800\" \/>\n\t<meta property=\"og:image:type\" content=\"image\/jpeg\" \/>\n<meta name=\"twitter:card\" content=\"summary_large_image\" \/>\n<meta name=\"twitter:label1\" content=\"Tiempo de lectura\" \/>\n\t<meta name=\"twitter:data1\" content=\"5 minutos\" \/>\n<script type=\"application\/ld+json\" class=\"yoast-schema-graph\">{\"@context\":\"https:\\\/\\\/schema.org\",\"@graph\":[{\"@type\":\"WebPage\",\"@id\":\"https:\\\/\\\/369agara.com\\\/produit\\\/taie-oreiller-earthing-rectangulaire\\\/\",\"url\":\"https:\\\/\\\/369agara.com\\\/produit\\\/taie-oreiller-earthing-rectangulaire\\\/\",\"name\":\"Taie d'oreiller de mise \u00e0 la terre rectangulaire Earthing | Agara\",\"isPartOf\":{\"@id\":\"https:\\\/\\\/369agara.com\\\/#website\"},\"primaryImageOfPage\":{\"@id\":\"https:\\\/\\\/369agara.com\\\/produit\\\/taie-oreiller-earthing-rectangulaire\\\/#primaryimage\"},\"image\":{\"@id\":\"https:\\\/\\\/369agara.com\\\/produit\\\/taie-oreiller-earthing-rectangulaire\\\/#primaryimage\"},\"thumbnailUrl\":\"https:\\\/\\\/369agara.com\\\/wp-content\\\/uploads\\\/2025\\\/05\\\/taie-d-oreiller-de-mise-a-la-terre-earthing-rectangulaire.jpg\",\"datePublished\":\"2025-05-10T19:47:38+00:00\",\"dateModified\":\"2025-05-13T09:34:20+00:00\",\"description\":\"La taie d'oreiller de mise \u00e0 la terre Earthing permet \u00e0 votre corps de profiter des nombreux bienfaits du Earthing pendant votre sommeil.\u00a0Forme rectangulaire, dimensions 40 x 70 cm.\u00a0Livr\u00e9e avec un c\u00e2ble torsad\u00e9 de mise \u00e0 la terre de 6 m (fiche de connexion \u00e0 la terre non incluse).\",\"breadcrumb\":{\"@id\":\"https:\\\/\\\/369agara.com\\\/produit\\\/taie-oreiller-earthing-rectangulaire\\\/#breadcrumb\"},\"inLanguage\":\"es\",\"potentialAction\":[{\"@type\":\"ReadAction\",\"target\":[\"https:\\\/\\\/369agara.com\\\/produit\\\/taie-oreiller-earthing-rectangulaire\\\/\"]}]},{\"@type\":\"ImageObject\",\"inLanguage\":\"es\",\"@id\":\"https:\\\/\\\/369agara.com\\\/produit\\\/taie-oreiller-earthing-rectangulaire\\\/#primaryimage\",\"url\":\"https:\\\/\\\/369agara.com\\\/wp-content\\\/uploads\\\/2025\\\/05\\\/taie-d-oreiller-de-mise-a-la-terre-earthing-rectangulaire.jpg\",\"contentUrl\":\"https:\\\/\\\/369agara.com\\\/wp-content\\\/uploads\\\/2025\\\/05\\\/taie-d-oreiller-de-mise-a-la-terre-earthing-rectangulaire.jpg\",\"width\":800,\"height\":800},{\"@type\":\"BreadcrumbList\",\"@id\":\"https:\\\/\\\/369agara.com\\\/produit\\\/taie-oreiller-earthing-rectangulaire\\\/#breadcrumb\",\"itemListElement\":[{\"@type\":\"ListItem\",\"position\":1,\"name\":\"Accueil\",\"item\":\"https:\\\/\\\/369agara.com\\\/\"},{\"@type\":\"ListItem\",\"position\":2,\"name\":\"La boutique\",\"item\":\"https:\\\/\\\/369agara.com\\\/la-boutique\\\/\"},{\"@type\":\"ListItem\",\"position\":3,\"name\":\"Taie d&rsquo;oreiller de mise \u00e0 la terre rectangulaire Earthing\"}]},{\"@type\":\"WebSite\",\"@id\":\"https:\\\/\\\/369agara.com\\\/#website\",\"url\":\"https:\\\/\\\/369agara.com\\\/\",\"name\":\"Livsrikedomar\",\"description\":\"D\u00e9connectez pour mieux vous connecter\",\"publisher\":{\"@id\":\"https:\\\/\\\/369agara.com\\\/#organization\"},\"potentialAction\":[{\"@type\":\"SearchAction\",\"target\":{\"@type\":\"EntryPoint\",\"urlTemplate\":\"https:\\\/\\\/369agara.com\\\/?s={search_term_string}\"},\"query-input\":{\"@type\":\"PropertyValueSpecification\",\"valueRequired\":true,\"valueName\":\"search_term_string\"}}],\"inLanguage\":\"es\"},{\"@type\":\"Organization\",\"@id\":\"https:\\\/\\\/369agara.com\\\/#organization\",\"name\":\"EACreations\",\"url\":\"https:\\\/\\\/369agara.com\\\/\",\"logo\":{\"@type\":\"ImageObject\",\"inLanguage\":\"es\",\"@id\":\"https:\\\/\\\/369agara.com\\\/#\\\/schema\\\/logo\\\/image\\\/\",\"url\":\"\",\"contentUrl\":\"\",\"caption\":\"EACreations\"},\"image\":{\"@id\":\"https:\\\/\\\/369agara.com\\\/#\\\/schema\\\/logo\\\/image\\\/\"}}]}<\/script>\n<!-- \/ Yoast SEO Premium plugin. -->","yoast_head_json":{"title":"Taie d'oreiller de mise \u00e0 la terre rectangulaire Earthing | Agara","description":"La funda de almohada Earthing permite a su cuerpo disfrutar de los m\u00faltiples beneficios de la Earthing mientras duerme. Forma rectangular, dimensiones 40 x 70 cm. Se suministra con un cable de toma de tierra trenzado de 6 m (enchufe de toma de tierra no incluido).","robots":{"index":"index","follow":"follow","max-snippet":"max-snippet:-1","max-image-preview":"max-image-preview:large","max-video-preview":"max-video-preview:-1"},"canonical":"https:\/\/369agara.com\/es\/producto\/taie-oreiller-earthing-rectangulaire\/","og_locale":"es_ES","og_type":"article","og_title":"Taie d'oreiller de mise \u00e0 la terre rectangulaire Earthing","og_description":"La taie d'oreiller de mise \u00e0 la terre Earthing permet \u00e0 votre corps de profiter des nombreux bienfaits du Earthing pendant votre sommeil.\u00a0Forme rectangulaire, dimensions 40 x 70 cm.\u00a0Livr\u00e9e avec un c\u00e2ble torsad\u00e9 de mise \u00e0 la terre de 6 m (fiche de connexion \u00e0 la terre non incluse).","og_url":"https:\/\/369agara.com\/es\/producto\/taie-oreiller-earthing-rectangulaire\/","og_site_name":"Agara","article_modified_time":"2025-05-13T09:34:20+00:00","og_image":[{"width":800,"height":800,"url":"https:\/\/369agara.com\/wp-content\/uploads\/2025\/05\/taie-d-oreiller-de-mise-a-la-terre-earthing-rectangulaire.jpg","type":"image\/jpeg"}],"twitter_card":"summary_large_image","twitter_misc":{"Tiempo de lectura":"5 minutos"},"schema":{"@context":"https:\/\/schema.org","@graph":[{"@type":"WebPage","@id":"https:\/\/369agara.com\/produit\/taie-oreiller-earthing-rectangulaire\/","url":"https:\/\/369agara.com\/produit\/taie-oreiller-earthing-rectangulaire\/","name":"Taie d'oreiller de mise \u00e0 la terre rectangulaire Earthing | Agara","isPartOf":{"@id":"https:\/\/369agara.com\/#website"},"primaryImageOfPage":{"@id":"https:\/\/369agara.com\/produit\/taie-oreiller-earthing-rectangulaire\/#primaryimage"},"image":{"@id":"https:\/\/369agara.com\/produit\/taie-oreiller-earthing-rectangulaire\/#primaryimage"},"thumbnailUrl":"https:\/\/369agara.com\/wp-content\/uploads\/2025\/05\/taie-d-oreiller-de-mise-a-la-terre-earthing-rectangulaire.jpg","datePublished":"2025-05-10T19:47:38+00:00","dateModified":"2025-05-13T09:34:20+00:00","description":"La funda de almohada Earthing permite a su cuerpo disfrutar de los m\u00faltiples beneficios de la Earthing mientras duerme. Forma rectangular, dimensiones 40 x 70 cm. Se suministra con un cable de toma de tierra trenzado de 6 m (enchufe de toma de tierra no incluido).","breadcrumb":{"@id":"https:\/\/369agara.com\/produit\/taie-oreiller-earthing-rectangulaire\/#breadcrumb"},"inLanguage":"es","potentialAction":[{"@type":"ReadAction","target":["https:\/\/369agara.com\/produit\/taie-oreiller-earthing-rectangulaire\/"]}]},{"@type":"ImageObject","inLanguage":"es","@id":"https:\/\/369agara.com\/produit\/taie-oreiller-earthing-rectangulaire\/#primaryimage","url":"https:\/\/369agara.com\/wp-content\/uploads\/2025\/05\/taie-d-oreiller-de-mise-a-la-terre-earthing-rectangulaire.jpg","contentUrl":"https:\/\/369agara.com\/wp-content\/uploads\/2025\/05\/taie-d-oreiller-de-mise-a-la-terre-earthing-rectangulaire.jpg","width":800,"height":800},{"@type":"BreadcrumbList","@id":"https:\/\/369agara.com\/produit\/taie-oreiller-earthing-rectangulaire\/#breadcrumb","itemListElement":[{"@type":"ListItem","position":1,"name":"Accueil","item":"https:\/\/369agara.com\/"},{"@type":"ListItem","position":2,"name":"La boutique","item":"https:\/\/369agara.com\/la-boutique\/"},{"@type":"ListItem","position":3,"name":"Taie d&rsquo;oreiller de mise \u00e0 la terre rectangulaire Earthing"}]},{"@type":"WebSite","@id":"https:\/\/369agara.com\/#website","url":"https:\/\/369agara.com\/","name":"Livsrikedomar","description":"Desconectar para conectar mejor","publisher":{"@id":"https:\/\/369agara.com\/#organization"},"potentialAction":[{"@type":"SearchAction","target":{"@type":"EntryPoint","urlTemplate":"https:\/\/369agara.com\/?s={search_term_string}"},"query-input":{"@type":"PropertyValueSpecification","valueRequired":true,"valueName":"search_term_string"}}],"inLanguage":"es"},{"@type":"Organization","@id":"https:\/\/369agara.com\/#organization","name":"EACreations","url":"https:\/\/369agara.com\/","logo":{"@type":"ImageObject","inLanguage":"es","@id":"https:\/\/369agara.com\/#\/schema\/logo\/image\/","url":"","contentUrl":"","caption":"EACreations"},"image":{"@id":"https:\/\/369agara.com\/#\/schema\/logo\/image\/"}}]}},"jetpack_sharing_enabled":true,"_links":{"self":[{"href":"https:\/\/369agara.com\/es\/wp-json\/wp\/v2\/product\/3750","targetHints":{"allow":["GET"]}}],"collection":[{"href":"https:\/\/369agara.com\/es\/wp-json\/wp\/v2\/product"}],"about":[{"href":"https:\/\/369agara.com\/es\/wp-json\/wp\/v2\/types\/product"}],"replies":[{"embeddable":true,"href":"https:\/\/369agara.com\/es\/wp-json\/wp\/v2\/comments?post=3750"}],"wp:featuredmedia":[{"embeddable":true,"href":"https:\/\/369agara.com\/es\/wp-json\/wp\/v2\/media\/3751"}],"wp:attachment":[{"href":"https:\/\/369agara.com\/es\/wp-json\/wp\/v2\/media?parent=3750"}],"wp:term":[{"taxonomy":"product_brand","embeddable":true,"href":"https:\/\/369agara.com\/es\/wp-json\/wp\/v2\/product_brand?post=3750"},{"taxonomy":"product_cat","embeddable":true,"href":"https:\/\/369agara.com\/es\/wp-json\/wp\/v2\/product_cat?post=3750"},{"taxonomy":"product_tag","embeddable":true,"href":"https:\/\/369agara.com\/es\/wp-json\/wp\/v2\/product_tag?post=3750"}],"curies":[{"name":"wp","href":"https:\/\/api.w.org\/{rel}","templated":true}]}}