{"id":3764,"date":"2025-05-11T12:06:37","date_gmt":"2025-05-11T10:06:37","guid":{"rendered":"https:\/\/369agara.com\/?post_type=product&#038;p=3764"},"modified":"2025-05-13T11:32:54","modified_gmt":"2025-05-13T09:32:54","slug":"couverture-plaid","status":"publish","type":"product","link":"https:\/\/369agara.com\/es\/producto\/couverture-plaid\/","title":{"rendered":"Manta a cuadros \"Doudou\" de Earthing"},"content":{"rendered":"<p><span style=\"font-family: 'Book Antiqua', Palatino; font-size: 120%; color: #333399;\">La manta Earthing \"Doudou\" es una manta conductora suave y muy agradable de usar. Es ideal para ver la televisi\u00f3n, leer un libro o simplemente relajarse.<\/span><\/p>\n<p><span style=\"font-family: 'Book Antiqua', Palatino; font-size: 120%; color: #333399;\">Te mantiene calentito a la vez que proporciona a tu cuerpo todos los beneficios de Earthing (conectar tu cuerpo a la tierra, como caminar descalzo por la hierba).<\/span><\/p>\n<p><span style=\"font-family: 'Book Antiqua', Palatino; font-size: 120%; color: #333399;\">Tambi\u00e9n se puede utilizar en la cama para conectarte con la Tierra mientras duermes.<\/span><\/p>\n<p><span style=\"font-family: 'Book Antiqua', Palatino; font-size: 120%; color: #333399;\">El lado claro (blanco hueso) est\u00e1 hecho de algod\u00f3n org\u00e1nico tejido con fibras altamente conductoras, mientras que el reverso chocolate est\u00e1 hecho de suaves microfibras.<\/span><\/p>\n<p><span style=\"font-family: 'Book Antiqua', Palatino; font-size: 120%; color: #333399;\">Debe haber contacto directo entre la piel y la parte conductora de la manta (el lado que contiene la fibra de plata y la palabra \"Earthing\" en relieve).<\/span><\/p>\n<p><span style=\"font-family: 'Book Antiqua', Palatino; font-size: 120%; color: #333399;\">La manta a cuadros Earthing \"Doudou\" se suministra con un cable de toma de tierra de 4,60 m y un enchufe. En el borde de la manta hay un conector al que se fija el cable de conexi\u00f3n.<span style=\"color: #ed1c24;\"> Debe conectarse a una toma con toma de tierra.<\/span><\/span><br \/>\n<span style=\"font-family: 'Book Antiqua', Palatino; font-size: 120%; color: #333399;\">Sin embargo, si no tienes una toma de tierra satisfactoria en casa y vives en una vivienda unifamiliar o en la parte baja de un bloque de pisos, puedes utilizar una \"pica met\u00e1lica de toma de tierra\". \u00a0\u00a0<\/span><\/p>\n<h3><span style=\"font-family: 'Book Antiqua', Palatino; font-size: 120%; color: #333399;\">Especificaciones t\u00e9cnicas<\/span><\/h3>\n<ul>\n<li><span style=\"font-family: 'Book Antiqua', Palatino; font-size: 120%; color: #333399;\">Dimensiones: 114 x 152 cm (para cama individual)<\/span><\/li>\n<li><span style=\"font-family: 'Book Antiqua', Palatino; font-size: 120%; color: #333399;\">Composici\u00f3n: 100 algod\u00f3n org\u00e1nico %, hilos de plata<\/span><\/li>\n<li><span style=\"font-family: 'Book Antiqua', Palatino; font-size: 120%; color: #333399;\">Se suministra con cable de toma de tierra y enchufe.<\/span><\/li>\n<\/ul>\n<h3><span style=\"font-family: 'Book Antiqua', Palatino; font-size: 120%; color: #333399;\">\u00bfQu\u00e9 es la toma de tierra?<\/span><\/h3>\n<p><span style=\"font-family: 'Book Antiqua', Palatino; font-size: 120%; color: #333399;\">Seg\u00fan el libro de Clinton Ober, Stephen Sinatra y Martin Zucker \"Connecting to the Earth, Perhaps the most important health discovery\", que sirve de obra de referencia sobre el tema, conectar el cuerpo a la tierra (o Earthing) restablece el equilibrio el\u00e9ctrico natural del cuerpo y lo descarga de cargas electrost\u00e1ticas, igual que cuando se camina descalzo por la hierba.<\/span><\/p>\n<p><span style=\"font-family: 'Book Antiqua', Palatino; font-size: 120%; color: #333399;\">Los distintos productos Earthing reproducen este fen\u00f3meno natural.<\/span><\/p>\n<p><span style=\"font-family: 'Book Antiqua', Palatino; font-size: 120%; color: #333399;\">Tiene una serie de ventajas, entre ellas :<\/span><\/p>\n<ul>\n<li><span style=\"font-family: 'Book Antiqua', Palatino; font-size: 120%; color: #333399;\">un sistema inmunitario mejorado<\/span><\/li>\n<li><span style=\"font-family: 'Book Antiqua', Palatino; font-size: 120%; color: #333399;\">mejora de la digesti\u00f3n<\/span><\/li>\n<li><span style=\"font-family: 'Book Antiqua', Palatino; font-size: 120%; color: #333399;\">una mejora de la calidad del sue\u00f1o y un equilibrio de nuestro reloj biol\u00f3gico<\/span><\/li>\n<li><span style=\"font-family: 'Book Antiqua', Palatino; font-size: 120%; color: #333399;\">aumento de la energ\u00eda y reducci\u00f3n del estr\u00e9s<\/span><\/li>\n<li><span style=\"font-family: 'Book Antiqua', Palatino; font-size: 120%; color: #333399;\">mejora de la circulaci\u00f3n sangu\u00ednea<\/span><\/li>\n<li><span style=\"font-family: 'Book Antiqua', Palatino; font-size: 120%; color: #333399;\">recuperaci\u00f3n m\u00e1s r\u00e1pida tras una actividad f\u00edsica intensa y curaci\u00f3n m\u00e1s r\u00e1pida de las lesiones<\/span><\/li>\n<li><span style=\"font-family: 'Book Antiqua', Palatino; font-size: 120%; color: #333399;\">alivio de tensiones musculares, dolores de cabeza, s\u00edntomas hormonales y menstruales<\/span><\/li>\n<li><span style=\"font-family: 'Book Antiqua', Palatino; font-size: 120%; color: #333399;\">una reducci\u00f3n de la inflamaci\u00f3n<\/span><\/li>\n<li><span style=\"font-family: 'Book Antiqua', Palatino; font-size: 120%; color: #333399;\">reducci\u00f3n del estr\u00e9s, la ansiedad, la irritabilidad e incluso los s\u00edntomas de electrosensibilidad<\/span><\/li>\n<\/ul>\n<p><span style=\"font-family: 'Book Antiqua', Palatino; font-size: 120%; color: #ed1c24;\">Esta informaci\u00f3n no sustituye en modo alguno el consejo de su m\u00e9dico y no pretende tratar ni curar ninguna afecci\u00f3n m\u00e9dica. Para cualquier problema de salud, consulte a su m\u00e9dico.<\/span><\/p>\n<h3><span style=\"font-family: 'Book Antiqua', Palatino; font-size: 120%; color: #333399;\">Consejos de cuidado y lavado<\/span><\/h3>\n<p><span style=\"font-family: 'Book Antiqua', Palatino; font-size: 120%; color: #333399;\">Es importante lavar su producto Earthing con frecuencia. No se da\u00f1ar\u00e1 con el lavado, al contrario, se beneficiar\u00e1 de \u00e9l.<\/span><\/p>\n<p><span style=\"font-family: 'Book Antiqua', Palatino; font-size: 120%; color: #333399;\">El lavado elimina el sudor y los aceites presentes de forma natural en la piel, lo que mantiene la conductividad de la plata.<\/span><\/p>\n<p><span style=\"font-family: 'Book Antiqua', Palatino; font-size: 120%; color: #333399;\"><strong>Para hacer :<\/strong><\/span><\/p>\n<ul>\n<li><span style=\"font-family: 'Book Antiqua', Palatino; font-size: 120%; color: #333399;\">Lavar cada una o dos semanas Lavar a m\u00e1quina con agua caliente (40\u00b0C)<\/span><\/li>\n<li><span style=\"font-family: 'Book Antiqua', Palatino; font-size: 120%; color: #333399;\">Utilice un detergente l\u00edquido para la ropa<\/span><\/li>\n<li><span style=\"font-family: 'Book Antiqua', Palatino; font-size: 120%; color: #333399;\">Secar en plano o en secadora a baja temperatura (no m\u00e1s de 65\u00b0C).<\/span><\/li>\n<li><span style=\"font-family: 'Book Antiqua', Palatino; font-size: 120%; color: #333399;\">Se puede planchar a baja temperatura si se desea<\/span><\/li>\n<\/ul>\n<p><span style=\"font-family: 'Book Antiqua', Palatino; font-size: 120%; color: #333399;\"><strong>Lo que no hay que hacer :<\/strong><\/span><\/p>\n<ul>\n<li><span style=\"font-family: 'Book Antiqua', Palatino; font-size: 120%; color: #ed1c24;\">No lavar con lej\u00eda No lavar con suavizantes<\/span><\/li>\n<li><span style=\"font-family: 'Book Antiqua', Palatino; font-size: 120%; color: #ed1c24;\">No utilice detergentes blanqueadores u oxiclean ni detergentes que contengan aceites como el de lavanda o el de coco.<\/span><\/li>\n<li><span style=\"font-family: 'Book Antiqua', Palatino; font-size: 120%; color: #ed1c24;\">No utilice toallitas suavizantes para secadoras<\/span><\/li>\n<li><span style=\"font-family: 'Book Antiqua', Palatino; font-size: 120%; color: #ed1c24;\">Sin limpieza en seco<\/span><\/li>\n<li><span style=\"font-family: 'Book Antiqua', Palatino; font-size: 120%; color: #ed1c24;\">La lej\u00eda, las lociones y los aceites pueden empa\u00f1ar la plata y hacerla no conductora.<\/span><\/li>\n<li><span style=\"font-family: 'Book Antiqua', Palatino; font-size: 120%; color: #ed1c24;\">Los suavizantes se acumulan en la plata y da\u00f1an su conductividad.<\/span><\/li>\n<\/ul>\n<h3><span style=\"font-family: 'Book Antiqua', Palatino; font-size: 120%; color: #333399;\">Consejo de Agara<\/span><\/h3>\n<p><span style=\"font-family: 'Book Antiqua', Palatino; font-size: 120%; color: #333399;\">Para que la puesta a tierra sea eficaz, es esencial comprobar la calidad de su sistema de puesta a tierra, ya sea con un dispositivo adecuado (comprobador de puesta a tierra, Tohm-E o medidor de puesta a tierra Catohm DT-300) o recurriendo a un profesional con el equipo adecuado.\u00a0<\/span><\/p>\n<p><span style=\"font-family: 'Book Antiqua', Palatino; font-size: 120%; color: #333399;\">Si las instalaciones el\u00e9ctricas son demasiado antiguas o est\u00e1n mal instaladas, la toma de tierra puede ser inadecuada o inexistente.<\/span><\/p>\n<p><span style=\"font-family: 'Book Antiqua', Palatino; font-size: 120%; color: #333399;\">Tambi\u00e9n es muy importante reducir al m\u00ednimo los campos el\u00e9ctricos en la habitaci\u00f3n (radiodespertadores, l\u00e1mparas de cabecera, tomas de corriente y alargadores sin apantallar), para evitar que interfieran con el sistema de puesta a tierra. No dudes en medirlos o hacer que te los midan.<\/span><\/p>\n<p><span style=\"font-family: 'Book Antiqua', Palatino; font-size: 120%; color: #ed1c24;\"><strong>Por razones de higiene, los art\u00edculos textiles (prendas de vestir, sombreros, gorros, ropa de cama, sacos de dormir, mantas, guantes, calcetines, etc.) o cualquier otro art\u00edculo que se lleve en contacto directo con el cuerpo no podr\u00e1n devolverse ni cambiarse.<br \/>\nGracias de antemano por su comprensi\u00f3n.<\/strong><\/span><\/p>","protected":false},"excerpt":{"rendered":"<p><span style=\"font-family: 'Book Antiqua', Palatino; font-size: 120%; color: #333399;\">La manta a cuadros Earthing \"Doudou\" permite a su cuerpo disfrutar de los m\u00faltiples beneficios de la toma de tierra mientras descansa, lee, ve la televisi\u00f3n, etc.\u00a0<\/span><\/p>\n<p><span style=\"font-family: 'Book Antiqua', Palatino; font-size: 120%; color: #333399;\">Tama\u00f1o 114 x 152 cm.\u00a0<\/span><\/p>\n<p><span style=\"font-family: 'Book Antiqua', Palatino; font-size: 120%; color: #333399;\">Se suministra con accesorios de puesta a tierra.<\/span><\/p>","protected":false},"featured_media":3767,"comment_status":"open","ping_status":"closed","template":"","meta":[],"product_brand":[267],"product_cat":[164],"product_tag":[248,246,247,249,257,245],"class_list":{"0":"post-3764","1":"product","2":"type-product","3":"status-publish","4":"has-post-thumbnail","6":"product_brand-earthing","7":"product_cat-baubiologie","8":"product_tag-baubiologie","9":"product_tag-bureau","10":"product_tag-chambre","11":"product_tag-electromagnetisme","12":"product_tag-linge","13":"product_tag-maison","15":"first","16":"instock","17":"taxable","18":"shipping-taxable","19":"purchasable","20":"product-type-simple"},"yoast_head":"<!-- This site is optimized with the Yoast SEO Premium plugin v25.1 (Yoast SEO v27.4) - https:\/\/yoast.com\/product\/yoast-seo-premium-wordpress\/ -->\n<title>Couverture plaid &quot;Doudou&quot; de mise \u00e0 la terre Earthing | Agara<\/title>\n<meta name=\"description\" content=\"La couverture plaid &quot;Doudou&quot; Earthing permet \u00e0 votre corps de profiter nombreux bienfaits de la mise \u00e0 la terre pendant que vous vous reposez, lisez, regardez la t\u00e9l\u00e9vision, etc.\u00a0Dimensions 114 x 152 cm.\u00a0Livr\u00e9 avec accessoires de mise \u00e0 la terre.\" \/>\n<meta name=\"robots\" content=\"index, follow, max-snippet:-1, max-image-preview:large, max-video-preview:-1\" \/>\n<link rel=\"canonical\" href=\"https:\/\/369agara.com\/es\/producto\/couverture-plaid\/\" \/>\n<meta property=\"og:locale\" content=\"es_ES\" \/>\n<meta property=\"og:type\" content=\"article\" \/>\n<meta property=\"og:title\" content=\"Couverture plaid &quot;Doudou&quot; de mise \u00e0 la terre Earthing\" \/>\n<meta property=\"og:description\" content=\"La couverture plaid &quot;Doudou&quot; Earthing permet \u00e0 votre corps de profiter nombreux bienfaits de la mise \u00e0 la terre pendant que vous vous reposez, lisez, regardez la t\u00e9l\u00e9vision, etc.\u00a0Dimensions 114 x 152 cm.\u00a0Livr\u00e9 avec accessoires de mise \u00e0 la terre.\" \/>\n<meta property=\"og:url\" content=\"https:\/\/369agara.com\/es\/producto\/couverture-plaid\/\" \/>\n<meta property=\"og:site_name\" content=\"Agara\" \/>\n<meta property=\"article:modified_time\" content=\"2025-05-13T09:32:54+00:00\" \/>\n<meta property=\"og:image\" content=\"https:\/\/369agara.com\/wp-content\/uploads\/2025\/05\/couverture-plaid-doudou-de-mise-a-la-terre-earthing.jpg\" \/>\n\t<meta property=\"og:image:width\" content=\"800\" \/>\n\t<meta property=\"og:image:height\" content=\"800\" \/>\n\t<meta property=\"og:image:type\" content=\"image\/jpeg\" \/>\n<meta name=\"twitter:card\" content=\"summary_large_image\" \/>\n<meta name=\"twitter:label1\" content=\"Tiempo de lectura\" \/>\n\t<meta name=\"twitter:data1\" content=\"5 minutos\" \/>\n<script type=\"application\/ld+json\" class=\"yoast-schema-graph\">{\"@context\":\"https:\\\/\\\/schema.org\",\"@graph\":[{\"@type\":\"WebPage\",\"@id\":\"https:\\\/\\\/369agara.com\\\/produit\\\/couverture-plaid\\\/\",\"url\":\"https:\\\/\\\/369agara.com\\\/produit\\\/couverture-plaid\\\/\",\"name\":\"Couverture plaid \\\"Doudou\\\" de mise \u00e0 la terre Earthing | Agara\",\"isPartOf\":{\"@id\":\"https:\\\/\\\/369agara.com\\\/#website\"},\"primaryImageOfPage\":{\"@id\":\"https:\\\/\\\/369agara.com\\\/produit\\\/couverture-plaid\\\/#primaryimage\"},\"image\":{\"@id\":\"https:\\\/\\\/369agara.com\\\/produit\\\/couverture-plaid\\\/#primaryimage\"},\"thumbnailUrl\":\"https:\\\/\\\/369agara.com\\\/wp-content\\\/uploads\\\/2025\\\/05\\\/couverture-plaid-doudou-de-mise-a-la-terre-earthing.jpg\",\"datePublished\":\"2025-05-11T10:06:37+00:00\",\"dateModified\":\"2025-05-13T09:32:54+00:00\",\"description\":\"La couverture plaid \\\"Doudou\\\" Earthing permet \u00e0 votre corps de profiter nombreux bienfaits de la mise \u00e0 la terre pendant que vous vous reposez, lisez, regardez la t\u00e9l\u00e9vision, etc.\u00a0Dimensions 114 x 152 cm.\u00a0Livr\u00e9 avec accessoires de mise \u00e0 la terre.\",\"breadcrumb\":{\"@id\":\"https:\\\/\\\/369agara.com\\\/produit\\\/couverture-plaid\\\/#breadcrumb\"},\"inLanguage\":\"es\",\"potentialAction\":[{\"@type\":\"ReadAction\",\"target\":[\"https:\\\/\\\/369agara.com\\\/produit\\\/couverture-plaid\\\/\"]}]},{\"@type\":\"ImageObject\",\"inLanguage\":\"es\",\"@id\":\"https:\\\/\\\/369agara.com\\\/produit\\\/couverture-plaid\\\/#primaryimage\",\"url\":\"https:\\\/\\\/369agara.com\\\/wp-content\\\/uploads\\\/2025\\\/05\\\/couverture-plaid-doudou-de-mise-a-la-terre-earthing.jpg\",\"contentUrl\":\"https:\\\/\\\/369agara.com\\\/wp-content\\\/uploads\\\/2025\\\/05\\\/couverture-plaid-doudou-de-mise-a-la-terre-earthing.jpg\",\"width\":800,\"height\":800},{\"@type\":\"BreadcrumbList\",\"@id\":\"https:\\\/\\\/369agara.com\\\/produit\\\/couverture-plaid\\\/#breadcrumb\",\"itemListElement\":[{\"@type\":\"ListItem\",\"position\":1,\"name\":\"Accueil\",\"item\":\"https:\\\/\\\/369agara.com\\\/\"},{\"@type\":\"ListItem\",\"position\":2,\"name\":\"La boutique\",\"item\":\"https:\\\/\\\/369agara.com\\\/la-boutique\\\/\"},{\"@type\":\"ListItem\",\"position\":3,\"name\":\"Couverture plaid \u00ab\u00a0Doudou\u00a0\u00bb de mise \u00e0 la terre Earthing\"}]},{\"@type\":\"WebSite\",\"@id\":\"https:\\\/\\\/369agara.com\\\/#website\",\"url\":\"https:\\\/\\\/369agara.com\\\/\",\"name\":\"Livsrikedomar\",\"description\":\"D\u00e9connectez pour mieux vous connecter\",\"publisher\":{\"@id\":\"https:\\\/\\\/369agara.com\\\/#organization\"},\"potentialAction\":[{\"@type\":\"SearchAction\",\"target\":{\"@type\":\"EntryPoint\",\"urlTemplate\":\"https:\\\/\\\/369agara.com\\\/?s={search_term_string}\"},\"query-input\":{\"@type\":\"PropertyValueSpecification\",\"valueRequired\":true,\"valueName\":\"search_term_string\"}}],\"inLanguage\":\"es\"},{\"@type\":\"Organization\",\"@id\":\"https:\\\/\\\/369agara.com\\\/#organization\",\"name\":\"EACreations\",\"url\":\"https:\\\/\\\/369agara.com\\\/\",\"logo\":{\"@type\":\"ImageObject\",\"inLanguage\":\"es\",\"@id\":\"https:\\\/\\\/369agara.com\\\/#\\\/schema\\\/logo\\\/image\\\/\",\"url\":\"\",\"contentUrl\":\"\",\"caption\":\"EACreations\"},\"image\":{\"@id\":\"https:\\\/\\\/369agara.com\\\/#\\\/schema\\\/logo\\\/image\\\/\"}}]}<\/script>\n<!-- \/ Yoast SEO Premium plugin. -->","yoast_head_json":{"title":"Couverture plaid \"Doudou\" de mise \u00e0 la terre Earthing | Agara","description":"La couverture plaid \"Doudou\" Earthing permet \u00e0 votre corps de profiter nombreux bienfaits de la mise \u00e0 la terre pendant que vous vous reposez, lisez, regardez la t\u00e9l\u00e9vision, etc.\u00a0Dimensions 114 x 152 cm.\u00a0Livr\u00e9 avec accessoires de mise \u00e0 la terre.","robots":{"index":"index","follow":"follow","max-snippet":"max-snippet:-1","max-image-preview":"max-image-preview:large","max-video-preview":"max-video-preview:-1"},"canonical":"https:\/\/369agara.com\/es\/producto\/couverture-plaid\/","og_locale":"es_ES","og_type":"article","og_title":"Couverture plaid \"Doudou\" de mise \u00e0 la terre Earthing","og_description":"La couverture plaid \"Doudou\" Earthing permet \u00e0 votre corps de profiter nombreux bienfaits de la mise \u00e0 la terre pendant que vous vous reposez, lisez, regardez la t\u00e9l\u00e9vision, etc.\u00a0Dimensions 114 x 152 cm.\u00a0Livr\u00e9 avec accessoires de mise \u00e0 la terre.","og_url":"https:\/\/369agara.com\/es\/producto\/couverture-plaid\/","og_site_name":"Agara","article_modified_time":"2025-05-13T09:32:54+00:00","og_image":[{"width":800,"height":800,"url":"https:\/\/369agara.com\/wp-content\/uploads\/2025\/05\/couverture-plaid-doudou-de-mise-a-la-terre-earthing.jpg","type":"image\/jpeg"}],"twitter_card":"summary_large_image","twitter_misc":{"Tiempo de lectura":"5 minutos"},"schema":{"@context":"https:\/\/schema.org","@graph":[{"@type":"WebPage","@id":"https:\/\/369agara.com\/produit\/couverture-plaid\/","url":"https:\/\/369agara.com\/produit\/couverture-plaid\/","name":"Couverture plaid \"Doudou\" de mise \u00e0 la terre Earthing | Agara","isPartOf":{"@id":"https:\/\/369agara.com\/#website"},"primaryImageOfPage":{"@id":"https:\/\/369agara.com\/produit\/couverture-plaid\/#primaryimage"},"image":{"@id":"https:\/\/369agara.com\/produit\/couverture-plaid\/#primaryimage"},"thumbnailUrl":"https:\/\/369agara.com\/wp-content\/uploads\/2025\/05\/couverture-plaid-doudou-de-mise-a-la-terre-earthing.jpg","datePublished":"2025-05-11T10:06:37+00:00","dateModified":"2025-05-13T09:32:54+00:00","description":"La couverture plaid \"Doudou\" Earthing permet \u00e0 votre corps de profiter nombreux bienfaits de la mise \u00e0 la terre pendant que vous vous reposez, lisez, regardez la t\u00e9l\u00e9vision, etc.\u00a0Dimensions 114 x 152 cm.\u00a0Livr\u00e9 avec accessoires de mise \u00e0 la terre.","breadcrumb":{"@id":"https:\/\/369agara.com\/produit\/couverture-plaid\/#breadcrumb"},"inLanguage":"es","potentialAction":[{"@type":"ReadAction","target":["https:\/\/369agara.com\/produit\/couverture-plaid\/"]}]},{"@type":"ImageObject","inLanguage":"es","@id":"https:\/\/369agara.com\/produit\/couverture-plaid\/#primaryimage","url":"https:\/\/369agara.com\/wp-content\/uploads\/2025\/05\/couverture-plaid-doudou-de-mise-a-la-terre-earthing.jpg","contentUrl":"https:\/\/369agara.com\/wp-content\/uploads\/2025\/05\/couverture-plaid-doudou-de-mise-a-la-terre-earthing.jpg","width":800,"height":800},{"@type":"BreadcrumbList","@id":"https:\/\/369agara.com\/produit\/couverture-plaid\/#breadcrumb","itemListElement":[{"@type":"ListItem","position":1,"name":"Accueil","item":"https:\/\/369agara.com\/"},{"@type":"ListItem","position":2,"name":"La boutique","item":"https:\/\/369agara.com\/la-boutique\/"},{"@type":"ListItem","position":3,"name":"Couverture plaid \u00ab\u00a0Doudou\u00a0\u00bb de mise \u00e0 la terre Earthing"}]},{"@type":"WebSite","@id":"https:\/\/369agara.com\/#website","url":"https:\/\/369agara.com\/","name":"Livsrikedomar","description":"Desconectar para conectar mejor","publisher":{"@id":"https:\/\/369agara.com\/#organization"},"potentialAction":[{"@type":"SearchAction","target":{"@type":"EntryPoint","urlTemplate":"https:\/\/369agara.com\/?s={search_term_string}"},"query-input":{"@type":"PropertyValueSpecification","valueRequired":true,"valueName":"search_term_string"}}],"inLanguage":"es"},{"@type":"Organization","@id":"https:\/\/369agara.com\/#organization","name":"EACreations","url":"https:\/\/369agara.com\/","logo":{"@type":"ImageObject","inLanguage":"es","@id":"https:\/\/369agara.com\/#\/schema\/logo\/image\/","url":"","contentUrl":"","caption":"EACreations"},"image":{"@id":"https:\/\/369agara.com\/#\/schema\/logo\/image\/"}}]}},"jetpack_sharing_enabled":true,"_links":{"self":[{"href":"https:\/\/369agara.com\/es\/wp-json\/wp\/v2\/product\/3764","targetHints":{"allow":["GET"]}}],"collection":[{"href":"https:\/\/369agara.com\/es\/wp-json\/wp\/v2\/product"}],"about":[{"href":"https:\/\/369agara.com\/es\/wp-json\/wp\/v2\/types\/product"}],"replies":[{"embeddable":true,"href":"https:\/\/369agara.com\/es\/wp-json\/wp\/v2\/comments?post=3764"}],"wp:featuredmedia":[{"embeddable":true,"href":"https:\/\/369agara.com\/es\/wp-json\/wp\/v2\/media\/3767"}],"wp:attachment":[{"href":"https:\/\/369agara.com\/es\/wp-json\/wp\/v2\/media?parent=3764"}],"wp:term":[{"taxonomy":"product_brand","embeddable":true,"href":"https:\/\/369agara.com\/es\/wp-json\/wp\/v2\/product_brand?post=3764"},{"taxonomy":"product_cat","embeddable":true,"href":"https:\/\/369agara.com\/es\/wp-json\/wp\/v2\/product_cat?post=3764"},{"taxonomy":"product_tag","embeddable":true,"href":"https:\/\/369agara.com\/es\/wp-json\/wp\/v2\/product_tag?post=3764"}],"curies":[{"name":"wp","href":"https:\/\/api.w.org\/{rel}","templated":true}]}}