{"id":1097,"date":"2022-10-19T08:39:35","date_gmt":"2022-10-19T06:39:35","guid":{"rendered":"https:\/\/369agara.com\/?page_id=1097"},"modified":"2025-05-31T20:46:33","modified_gmt":"2025-05-31T18:46:33","slug":"aec-innovations","status":"publish","type":"page","link":"https:\/\/369agara.com\/sv\/aec-innovations\/","title":{"rendered":"AEC Innovation"},"content":{"rendered":"<div class=\"row\"  id=\"row-782717105\">\n\n\n\t<div id=\"col-1378955346\" class=\"col medium-4 small-12 large-4\"  >\n\t\t\t\t<div class=\"col-inner\"  >\n\t\t\t\n\t\t\t\n\n\n\t\t<\/div>\n\t\t\t\t\t<\/div>\n\n\t\n\n\t<div id=\"col-562110078\" class=\"col medium-4 small-12 large-4\"  >\n\t\t\t\t<div class=\"col-inner\"  >\n\t\t\t\n\t\t\t\n\n\t<div class=\"img has-hover x md-x lg-x y md-y lg-y\" id=\"image_63387278\">\n\t\t\t\t\t\t\t\t<div class=\"img-inner dark\" >\n\t\t\t<img loading=\"lazy\" decoding=\"async\" width=\"1020\" height=\"1020\" src=\"https:\/\/369agara.com\/wp-content\/uploads\/2022\/10\/Logo-AEC-Innovation-1024x1024.png\" class=\"attachment-large size-large\" alt=\"Logo-AEC-Innovation\" srcset=\"https:\/\/369agara.com\/wp-content\/uploads\/2022\/10\/Logo-AEC-Innovation-1024x1024.png 1024w, https:\/\/369agara.com\/wp-content\/uploads\/2022\/10\/Logo-AEC-Innovation-247x247.png 247w, https:\/\/369agara.com\/wp-content\/uploads\/2022\/10\/Logo-AEC-Innovation-100x100.png 100w, https:\/\/369agara.com\/wp-content\/uploads\/2022\/10\/Logo-AEC-Innovation-510x510.png 510w, https:\/\/369agara.com\/wp-content\/uploads\/2022\/10\/Logo-AEC-Innovation-300x300.png 300w, https:\/\/369agara.com\/wp-content\/uploads\/2022\/10\/Logo-AEC-Innovation-150x150.png 150w, https:\/\/369agara.com\/wp-content\/uploads\/2022\/10\/Logo-AEC-Innovation-768x768.png 768w, https:\/\/369agara.com\/wp-content\/uploads\/2022\/10\/Logo-AEC-Innovation.png 1311w\" sizes=\"auto, (max-width: 1020px) 100vw, 1020px\" \/>\t\t\t\t\t\t\n\t\t\t\t\t<\/div>\n\t\t\t\t\t\t\t\t\n<style>\n#image_63387278 {\n  width: 100%;\n}\n<\/style>\n\t<\/div>\n\t\n\n\n\t\t<\/div>\n\t\t\t\t\t<\/div>\n\n\t\n\n\t<div id=\"col-1192099393\" class=\"col medium-4 small-12 large-4\"  >\n\t\t\t\t<div class=\"col-inner\"  >\n\t\t\t\n\t\t\t\n\n\n\t\t<\/div>\n\t\t\t\t\t<\/div>\n\n\t\n\n<\/div>\n<a href=\"https:\/\/369agara.com\/product-category\/utrustning-for-fargterapi\/\" target=\"_self\" class=\"button primary is-shade is-large box-shadow-4 box-shadow-5-hover expand\"  style=\"border-radius:10px;\">\n    <span>Butiken<\/span>\n  <\/a>\n\n\n\t<div id=\"gap-1448943468\" class=\"gap-element clearfix\" style=\"display:block; height:auto;\">\n\t\t\n<style>\n#gap-1448943468 {\n  padding-top: 70px;\n}\n<\/style>\n\t<\/div>\n\t\n\n<blockquote>\n<p><span style=\"font-family: 'Book Antiqua', Palatino; font-size: 120%; color: #0000ff;\">Enkel kristallin resonans kromoterapi.<\/span><\/p>\n<\/blockquote>\n<p><span style=\"font-family: 'Book Antiqua', Palatino; font-size: 120%; color: #333399;\">Arc En Ciel innovation f\u00f6ddes ur ett m\u00f6te mellan l\u00e4kare, terapeuter och ingenj\u00f6rer f\u00f6r att utveckla nya behandlingstekniker i harmoni med livets energiska, vibrerande och informativa dimensioner.<\/span><br \/><span style=\"font-family: 'Book Antiqua', Palatino; font-size: 120%; color: #333399;\">V\u00e5rt m\u00e5l \u00e4r att anv\u00e4nda den senaste tekniken f\u00f6r att utveckla holistisk och kvantitativ kunskap,<\/span><br \/><span style=\"font-family: 'Book Antiqua', Palatino; font-size: 120%; color: #333399;\">praktiska l\u00f6sningar f\u00f6r att f\u00f6rb\u00e4ttra m\u00e4nniskors v\u00e4lbefinnande och deras livsmilj\u00f6.<\/span><\/p>\n<p><span style=\"font-family: 'Book Antiqua', Palatino; font-size: 120%; color: #333399;\">Bel\u00e4get i Vend\u00e9e, Frankrike, i ett h\u00e4lsocenter omgivet av natur.<\/span><br \/><span style=\"font-family: 'Book Antiqua', Palatino; font-size: 120%; color: #333399;\">V\u00e5r fr\u00e4msta \u00f6nskan \u00e4r att <strong>str\u00e4van efter v\u00e4lbefinnande och harmoni f\u00f6r en b\u00e4ttre v\u00e4rld<\/strong> f\u00f6r alla p\u00e5 en daglig basis.<\/span><\/p>\n<p><span style=\"font-family: 'Book Antiqua', Palatino; font-size: 120%; color: #333399;\">V\u00e5ra ingenj\u00f6rer konstruerar och tillverkar ett brett utbud av l\u00f6sningar och apparater tack vare sin tekniska expertis och sin holistiska syn p\u00e5 m\u00e4nniskan, som bygger p\u00e5 25 \u00e5rs forskning och erfarenhet som f\u00f6rmedlats av Dr Dominique Bourdins team (CDB La Chrysalide).<\/span><br \/><span style=\"font-family: 'Book Antiqua', Palatino; font-size: 120%; color: #333399;\">L\u00f6sningar som inspirerats av studier, frukten av erfarenheter och kunskaper fr\u00e5n partners som Jean Bouchet, Pierre Van Obberghen, Jean-Michel Weiss och m\u00e5nga andra forskare, l\u00e4kare och ingenj\u00f6rer runt om i v\u00e4rlden.<\/span><\/p>\n<div class=\"col-sm-4\">\n<blockquote>\n<p><span style=\"font-family: 'Book Antiqua', Palatino; font-size: 120%; color: #0000ff;\">Vi str\u00e4var efter att ge dig det b\u00e4sta av v\u00e5r forskning f\u00f6r att hj\u00e4lpa dig att hitta det b\u00e4sta i dig sj\u00e4lv och f\u00f6rb\u00e4ttra din livsmilj\u00f6.<\/span><\/p>\n<\/blockquote>\n<p><span style=\"font-family: 'Book Antiqua', Palatino; font-size: 120%; color: #333399;\">Alla v\u00e5ra handlingar styrs av en energisk vision av v\u00e5ra interaktioner i v\u00e4rlden, s\u00e5 vi ser bortom etablerade normer f\u00f6r att hitta n\u00e5got som kan till\u00e4mpas p\u00e5 r\u00e4tt s\u00e4tt f\u00f6r att \u00f6ka v\u00e4lbefinnandet hos v\u00e5ra samtida.<\/span><br \/><span style=\"font-family: 'Book Antiqua', Palatino; font-size: 120%; color: #333399;\">Vi f\u00f6rlitar oss p\u00e5 alla <strong>\u00f6vertygande koncept<\/strong> som utforskar <strong>subtila och vibrerande energier<\/strong> fr\u00e5n ljud till elektromagnetism, liksom vissa fysikaliska och kvantmekaniska aspekter som fortfarande betraktas som marginella, trots att de leder till konkreta resultat.<\/span><\/p>\n<p><span style=\"font-family: 'Book Antiqua', Palatino; font-size: 120%; color: #333399;\">Allt vi t\u00e4nker p\u00e5 \u00e4r inriktat p\u00e5 att f\u00f6rb\u00e4ttra effektiviteten och kvaliteten p\u00e5 v\u00e5ra produkter. <strong>sunda principer<\/strong>och <strong>rena\/stabila material<\/strong> f\u00f6r elektronik- och datorkomponenter, medan <strong>respektera milj\u00f6n och anv\u00e4ndarnas k\u00e4nslighet<\/strong>.<\/span><\/p>\n<blockquote>\n<p><span style=\"font-family: 'Book Antiqua', Palatino; font-size: 120%; color: #0000ff;\">Respekt f\u00f6r biokompatibilitet med minsta m\u00f6jliga koldioxidavtryck.<\/span><\/p>\n<\/blockquote>\n<p><span style=\"font-family: 'Book Antiqua', Palatino; font-size: 120%; color: #333399;\"><strong>H\u00e4lsa \u00e4r naturligt<\/strong> f\u00f6r m\u00e4nniskan. Att f\u00f6rst\u00e5 och agera p\u00e5 det som f\u00f6r\u00e4ndrar oss har f\u00e5tt oss att g\u00e5 bortom den mekanistiska\/materialistiska synen p\u00e5 livet.<\/span><\/p>\n<p><span style=\"font-family: 'Book Antiqua', Palatino; font-size: 120%; color: #333399;\">V\u00e5r forskning och de bearbetningsmetoder vi har utvecklat har lett oss till att bekr\u00e4fta det arbete som gjorts av k\u00e4nda f\u00f6reg\u00e5ngare som Dinash Gadiali, David Bohm, Fritz-Albert Popp, Jean-Michel Weiss, p\u00e5 <strong>biofotonik<\/strong>den <strong>bioresonans<\/strong>den <strong>kromoterapi<\/strong> och m\u00e4nniskans och universums holografiska funktion: en relevant nyckel till att f\u00f6rst\u00e5 vad vi \u00e4r ... inbjudna att ta ansvar f\u00f6r att skapa mer k\u00e4rlek f\u00f6r oss sj\u00e4lva, f\u00f6r andra och f\u00f6r planeten.<\/span><\/p>\n<p><span style=\"font-family: 'Book Antiqua', Palatino; font-size: 120%; color: #333399;\">Det \u00e4r d\u00e4rf\u00f6r <strong>viktig<\/strong> f\u00f6r oss att erbjuda <strong>olika terapeutiska tekniker<\/strong> som \u00e4r frukten av v\u00e5rt arbete och vars effektivitet \u00f6verraskar oss varje dag.<\/span><\/p>\n<\/div>","protected":false},"excerpt":{"rendered":"","protected":false},"author":1,"featured_media":0,"parent":0,"menu_order":0,"comment_status":"closed","ping_status":"closed","template":"","meta":{"footnotes":""},"class_list":["post-1097","page","type-page","status-publish","hentry"],"yoast_head":"<!-- This site is optimized with the Yoast SEO Premium plugin v25.1 (Yoast SEO v27.4) - https:\/\/yoast.com\/product\/yoast-seo-premium-wordpress\/ -->\n<title>AEC Innovation | Agara<\/title>\n<meta name=\"robots\" content=\"index, follow, max-snippet:-1, max-image-preview:large, max-video-preview:-1\" \/>\n<link rel=\"canonical\" href=\"https:\/\/369agara.com\/sv\/aec-innovations\/\" \/>\n<meta property=\"og:locale\" content=\"sv_SE\" \/>\n<meta property=\"og:type\" content=\"article\" \/>\n<meta property=\"og:title\" content=\"AEC Innovation\" \/>\n<meta property=\"og:url\" content=\"https:\/\/369agara.com\/sv\/aec-innovations\/\" \/>\n<meta property=\"og:site_name\" content=\"Agara\" \/>\n<meta property=\"article:modified_time\" content=\"2025-05-31T18:46:33+00:00\" \/>\n<meta name=\"twitter:card\" content=\"summary_large_image\" \/>\n<meta name=\"twitter:label1\" content=\"Ber\u00e4knad l\u00e4stid\" \/>\n\t<meta name=\"twitter:data1\" content=\"3 minuter\" \/>\n<script type=\"application\/ld+json\" class=\"yoast-schema-graph\">{\"@context\":\"https:\\\/\\\/schema.org\",\"@graph\":[{\"@type\":\"WebPage\",\"@id\":\"https:\\\/\\\/369agara.com\\\/aec-innovations\\\/\",\"url\":\"https:\\\/\\\/369agara.com\\\/aec-innovations\\\/\",\"name\":\"AEC Innovation | Agara\",\"isPartOf\":{\"@id\":\"https:\\\/\\\/369agara.com\\\/#website\"},\"datePublished\":\"2022-10-19T06:39:35+00:00\",\"dateModified\":\"2025-05-31T18:46:33+00:00\",\"breadcrumb\":{\"@id\":\"https:\\\/\\\/369agara.com\\\/aec-innovations\\\/#breadcrumb\"},\"inLanguage\":\"sv-SE\",\"potentialAction\":[{\"@type\":\"ReadAction\",\"target\":[\"https:\\\/\\\/369agara.com\\\/aec-innovations\\\/\"]}]},{\"@type\":\"BreadcrumbList\",\"@id\":\"https:\\\/\\\/369agara.com\\\/aec-innovations\\\/#breadcrumb\",\"itemListElement\":[{\"@type\":\"ListItem\",\"position\":1,\"name\":\"Accueil\",\"item\":\"https:\\\/\\\/369agara.com\\\/\"},{\"@type\":\"ListItem\",\"position\":2,\"name\":\"AEC Innovation\"}]},{\"@type\":\"WebSite\",\"@id\":\"https:\\\/\\\/369agara.com\\\/#website\",\"url\":\"https:\\\/\\\/369agara.com\\\/\",\"name\":\"Livsrikedomar\",\"description\":\"D\u00e9connectez pour mieux vous connecter\",\"publisher\":{\"@id\":\"https:\\\/\\\/369agara.com\\\/#organization\"},\"potentialAction\":[{\"@type\":\"SearchAction\",\"target\":{\"@type\":\"EntryPoint\",\"urlTemplate\":\"https:\\\/\\\/369agara.com\\\/?s={search_term_string}\"},\"query-input\":{\"@type\":\"PropertyValueSpecification\",\"valueRequired\":true,\"valueName\":\"search_term_string\"}}],\"inLanguage\":\"sv-SE\"},{\"@type\":\"Organization\",\"@id\":\"https:\\\/\\\/369agara.com\\\/#organization\",\"name\":\"EACreations\",\"url\":\"https:\\\/\\\/369agara.com\\\/\",\"logo\":{\"@type\":\"ImageObject\",\"inLanguage\":\"sv-SE\",\"@id\":\"https:\\\/\\\/369agara.com\\\/#\\\/schema\\\/logo\\\/image\\\/\",\"url\":\"\",\"contentUrl\":\"\",\"caption\":\"EACreations\"},\"image\":{\"@id\":\"https:\\\/\\\/369agara.com\\\/#\\\/schema\\\/logo\\\/image\\\/\"}}]}<\/script>\n<!-- \/ Yoast SEO Premium plugin. -->","yoast_head_json":{"title":"AEC Innovation | Agara","robots":{"index":"index","follow":"follow","max-snippet":"max-snippet:-1","max-image-preview":"max-image-preview:large","max-video-preview":"max-video-preview:-1"},"canonical":"https:\/\/369agara.com\/sv\/aec-innovations\/","og_locale":"sv_SE","og_type":"article","og_title":"AEC Innovation","og_url":"https:\/\/369agara.com\/sv\/aec-innovations\/","og_site_name":"Agara","article_modified_time":"2025-05-31T18:46:33+00:00","twitter_card":"summary_large_image","twitter_misc":{"Ber\u00e4knad l\u00e4stid":"3 minuter"},"schema":{"@context":"https:\/\/schema.org","@graph":[{"@type":"WebPage","@id":"https:\/\/369agara.com\/aec-innovations\/","url":"https:\/\/369agara.com\/aec-innovations\/","name":"AEC Innovation | Agara","isPartOf":{"@id":"https:\/\/369agara.com\/#website"},"datePublished":"2022-10-19T06:39:35+00:00","dateModified":"2025-05-31T18:46:33+00:00","breadcrumb":{"@id":"https:\/\/369agara.com\/aec-innovations\/#breadcrumb"},"inLanguage":"sv-SE","potentialAction":[{"@type":"ReadAction","target":["https:\/\/369agara.com\/aec-innovations\/"]}]},{"@type":"BreadcrumbList","@id":"https:\/\/369agara.com\/aec-innovations\/#breadcrumb","itemListElement":[{"@type":"ListItem","position":1,"name":"Accueil","item":"https:\/\/369agara.com\/"},{"@type":"ListItem","position":2,"name":"AEC Innovation"}]},{"@type":"WebSite","@id":"https:\/\/369agara.com\/#website","url":"https:\/\/369agara.com\/","name":"Livsrikedomar","description":"Koppla bort f\u00f6r att skapa b\u00e4ttre kontakt","publisher":{"@id":"https:\/\/369agara.com\/#organization"},"potentialAction":[{"@type":"SearchAction","target":{"@type":"EntryPoint","urlTemplate":"https:\/\/369agara.com\/?s={search_term_string}"},"query-input":{"@type":"PropertyValueSpecification","valueRequired":true,"valueName":"search_term_string"}}],"inLanguage":"sv-SE"},{"@type":"Organization","@id":"https:\/\/369agara.com\/#organization","name":"EACreations","url":"https:\/\/369agara.com\/","logo":{"@type":"ImageObject","inLanguage":"sv-SE","@id":"https:\/\/369agara.com\/#\/schema\/logo\/image\/","url":"","contentUrl":"","caption":"EACreations"},"image":{"@id":"https:\/\/369agara.com\/#\/schema\/logo\/image\/"}}]}},"jetpack_sharing_enabled":true,"_links":{"self":[{"href":"https:\/\/369agara.com\/sv\/wp-json\/wp\/v2\/pages\/1097","targetHints":{"allow":["GET"]}}],"collection":[{"href":"https:\/\/369agara.com\/sv\/wp-json\/wp\/v2\/pages"}],"about":[{"href":"https:\/\/369agara.com\/sv\/wp-json\/wp\/v2\/types\/page"}],"author":[{"embeddable":true,"href":"https:\/\/369agara.com\/sv\/wp-json\/wp\/v2\/users\/1"}],"replies":[{"embeddable":true,"href":"https:\/\/369agara.com\/sv\/wp-json\/wp\/v2\/comments?post=1097"}],"version-history":[{"count":14,"href":"https:\/\/369agara.com\/sv\/wp-json\/wp\/v2\/pages\/1097\/revisions"}],"predecessor-version":[{"id":3572,"href":"https:\/\/369agara.com\/sv\/wp-json\/wp\/v2\/pages\/1097\/revisions\/3572"}],"wp:attachment":[{"href":"https:\/\/369agara.com\/sv\/wp-json\/wp\/v2\/media?parent=1097"}],"curies":[{"name":"wp","href":"https:\/\/api.w.org\/{rel}","templated":true}]}}