{"id":1099,"date":"2022-10-19T08:40:36","date_gmt":"2022-10-19T06:40:36","guid":{"rendered":"https:\/\/369agara.com\/?page_id=1099"},"modified":"2025-05-14T23:51:34","modified_gmt":"2025-05-14T21:51:34","slug":"musique-des-plantes","status":"publish","type":"page","link":"https:\/\/369agara.com\/sv\/musique-des-plantes\/","title":{"rendered":"Musik f\u00f6r v\u00e4xter"},"content":{"rendered":"<div class=\"row\"  id=\"row-661133543\">\n\n\n\t<div id=\"col-479557578\" class=\"col medium-4 small-12 large-4\"  >\n\t\t\t\t<div class=\"col-inner\"  >\n\t\t\t\n\t\t\t\n\n\n\t\t<\/div>\n\t\t\t\t\t<\/div>\n\n\t\n\n\t<div id=\"col-523185772\" class=\"col medium-4 small-12 large-4\"  >\n\t\t\t\t<div class=\"col-inner\"  >\n\t\t\t\n\t\t\t\n\n\t<div class=\"img has-hover x md-x lg-x y md-y lg-y\" id=\"image_1954675574\">\n\t\t\t\t\t\t\t\t<div class=\"img-inner dark\" >\n\t\t\t<img loading=\"lazy\" decoding=\"async\" width=\"709\" height=\"708\" src=\"https:\/\/369agara.com\/wp-content\/uploads\/2022\/10\/logo.png\" class=\"attachment-large size-large\" alt=\"Logo Music of the plants\" srcset=\"https:\/\/369agara.com\/wp-content\/uploads\/2022\/10\/logo.png 709w, https:\/\/369agara.com\/wp-content\/uploads\/2022\/10\/logo-247x247.png 247w, https:\/\/369agara.com\/wp-content\/uploads\/2022\/10\/logo-100x100.png 100w, https:\/\/369agara.com\/wp-content\/uploads\/2022\/10\/logo-510x509.png 510w, https:\/\/369agara.com\/wp-content\/uploads\/2022\/10\/logo-300x300.png 300w, https:\/\/369agara.com\/wp-content\/uploads\/2022\/10\/logo-150x150.png 150w\" sizes=\"auto, (max-width: 709px) 100vw, 709px\" \/>\t\t\t\t\t\t\n\t\t\t\t\t<\/div>\n\t\t\t\t\t\t\t\t\n<style>\n#image_1954675574 {\n  width: 100%;\n}\n<\/style>\n\t<\/div>\n\t\n\n\n\t\t<\/div>\n\t\t\t\t\t<\/div>\n\n\t\n\n\t<div id=\"col-941181008\" class=\"col medium-4 small-12 large-4\"  >\n\t\t\t\t<div class=\"col-inner\"  >\n\t\t\t\n\t\t\t\n\n\n\t\t<\/div>\n\t\t\t\t\t<\/div>\n\n\t\n\n<\/div>\n<div class=\"row\"  id=\"row-835357772\">\n\n\n\t<div id=\"col-2045963863\" class=\"col small-12 large-12\"  >\n\t\t\t\t<div class=\"col-inner\"  >\n\t\t\t\n\t\t\t\n\n<h3><span style=\"font-family: 'Book Antiqua', Palatino; font-size: 120%; color: #333399;\">Har du n\u00e5gonsin h\u00f6rt ljudet av en v\u00e4xt?<\/span><\/h3>\n<p><span style=\"font-family: 'Book Antiqua', Palatino; font-size: 120%; color: #333399;\">Uppt\u00e4ck vad v\u00e4xter har att erbjuda...<\/span><br \/><span style=\"font-family: 'Book Antiqua', Palatino; font-size: 120%; color: #333399;\">L\u00e5t dig ryckas med av dessa extraordin\u00e4ra ljud...<\/span><br \/><span style=\"font-family: 'Book Antiqua', Palatino; font-size: 120%; color: #333399;\">\u00c5teruppta kontakten med livets magi...<\/span><\/p>\n<p><span style=\"font-family: 'Book Antiqua', Palatino; font-size: 120%; color: #333399;\">Bambou M g\u00f6r det m\u00f6jligt!<\/span><\/p>\n<p><span style=\"font-family: 'Book Antiqua', Palatino; font-size: 120%; color: #333399;\">I Peter Tompkins och Christopher Birds bok \"The Secret Life of Plants\" finns m\u00e5nga exempel och forskningsresultat som visar hur v\u00e4xter reagerar.<\/span><\/p>\n<p><span style=\"font-family: 'Book Antiqua', Palatino; font-size: 120%; color: #333399;\">Det \u00e4r uppenbart att v\u00e4xter har k\u00e4nslor och minneskapacitet, de uppfattar optiska och akustiska intryck, men de skiljer ocks\u00e5 mellan harmoni och dissonans.<\/span><br \/><span style=\"font-family: 'Book Antiqua', Palatino; font-size: 120%; color: #333399;\">Varje v\u00e4xt \u00e4r unik, precis som vi m\u00e4nniskor. S\u00e5 varje melodi \u00e4r specifik f\u00f6r en v\u00e4xt.<\/span><br \/><span style=\"font-family: 'Book Antiqua', Palatino; font-size: 120%; color: #333399;\">Melodin varierar och utvecklas beroende p\u00e5 den milj\u00f6 som v\u00e4xten och m\u00e4nniskan lever i.<\/span><br \/><span style=\"font-family: 'Book Antiqua', Palatino; font-size: 120%; color: #333399;\">Oavsett om det \u00e4r i en kruka, i din k\u00f6kstr\u00e4dg\u00e5rd eller i skogen har denna v\u00e4xt sin egen identitet och d\u00e4rmed sin egen melodi.<\/span><\/p>\n<h3><span style=\"font-family: 'Book Antiqua', Palatino; font-size: 120%; color: #333399;\">V\u00e4xternas musik : Hur fungerar det?<\/span><\/h3>\n<p><span style=\"font-family: 'Book Antiqua', Palatino; font-size: 120%; color: #333399;\">Med Bamboo-enheten omvandlas v\u00e4xtens elektriska signal till ljud: en sensor s\u00e4tts in i jorden mitt bland r\u00f6tterna och den andra sensorn ansluts till ett blad, en blomma eller en knopp.<\/span><\/p>\n<h3><span style=\"font-family: 'Book Antiqua', Palatino; font-size: 120%; color: #333399;\">Effekter av en vibrerande h\u00f6gtalare :<\/span><\/h3>\n<p><span style=\"font-family: 'Book Antiqua', Palatino; font-size: 120%; color: #333399;\">Genom att ansluta Bamboo till en vibrerande h\u00f6gtalare anv\u00e4nder den ytan som den \u00e4r placerad p\u00e5 som en resonanskammare:<\/span><br \/><span style=\"font-family: 'Book Antiqua', Palatino; font-size: 120%; color: #333399;\">Genom att placera den p\u00e5 ett bord, en f\u00e5t\u00f6lj eller till och med p\u00e5 din kropp f\u00f6rst\u00e4rker det f\u00f6rst\u00e4rkta ljudet resonansen med v\u00e4xten.<\/span><\/p>\n<h3><span style=\"font-family: 'Book Antiqua', Palatino; font-size: 120%; color: #333399;\">Kommunikation med v\u00e4xtv\u00e4rlden :<\/span><\/h3>\n<p><span style=\"font-family: 'Book Antiqua', Palatino; font-size: 120%; color: #333399;\">V\u00e4xter reagerar och kopplas till milj\u00f6n och till m\u00e4nniskor.<\/span><br \/><span style=\"font-family: 'Book Antiqua', Palatino; font-size: 120%; color: #333399;\">Om du f\u00e5r kontakt med v\u00e4xten, antingen verbalt eller mentalt, kommer v\u00e4xten att p\u00e5verka dig och skapa en signal som kan f\u00f6rb\u00e4ttra ditt v\u00e4lbefinnande.<\/span><br \/><span style=\"font-family: 'Book Antiqua', Palatino; font-size: 120%; color: #333399;\">Tack vare Bamboo-enheten skickar v\u00e4xten de ljudfrekvenser som du beh\u00f6ver.<\/span><br \/><span style=\"font-family: 'Book Antiqua', Palatino; font-size: 120%; color: #333399;\">Resultatet \u00e4r en omedelbar k\u00e4nsla av djupt v\u00e4lbefinnande och \u00e5terkoppling till dig sj\u00e4lv.<\/span><br \/><span style=\"font-family: 'Book Antiqua', Palatino; font-size: 120%; color: #333399;\">Denna f\u00f6rb\u00e4ttring kommer att bli \u00e4nnu mer effektiv och djupg\u00e5ende tack vare regelbunden lyssning.<\/span><\/p>\n\t<div id=\"gap-1519268587\" class=\"gap-element clearfix\" style=\"display:block; height:auto;\">\n\t\t\n<style>\n#gap-1519268587 {\n  padding-top: 36px;\n}\n<\/style>\n\t<\/div>\n\t\n\n<div class=\"row\"  id=\"row-1725805464\">\n\n\n\t<div id=\"col-363381337\" class=\"col medium-6 small-12 large-6\"  >\n\t\t\t\t<div class=\"col-inner\"  >\n\t\t\t\n\t\t\t\n\n\t<div class=\"img has-hover x md-x lg-x y md-y lg-y\" id=\"image_1541900783\">\n\t\t\t\t\t\t\t\t<div class=\"img-inner dark\" >\n\t\t\t<img loading=\"lazy\" decoding=\"async\" width=\"768\" height=\"576\" src=\"https:\/\/369agara.com\/wp-content\/uploads\/2024\/01\/photo_2023-02-07_15-42-09.jpg\" class=\"attachment-large size-large\" alt=\"\" srcset=\"https:\/\/369agara.com\/wp-content\/uploads\/2024\/01\/photo_2023-02-07_15-42-09.jpg 768w, https:\/\/369agara.com\/wp-content\/uploads\/2024\/01\/photo_2023-02-07_15-42-09-300x225.jpg 300w, https:\/\/369agara.com\/wp-content\/uploads\/2024\/01\/photo_2023-02-07_15-42-09-510x383.jpg 510w\" sizes=\"auto, (max-width: 768px) 100vw, 768px\" \/>\t\t\t\t\t\t\n\t\t\t\t\t<\/div>\n\t\t\t\t\t\t\t\t\n<style>\n#image_1541900783 {\n  width: 100%;\n}\n<\/style>\n\t<\/div>\n\t\n\n<blockquote>\n<p><span style=\"font-size: 75%;\"><em><span style=\"font-family: 'Book Antiqua', Palatino; color: #333399;\">R\u00f6da blodkroppar i gott skick under ett m\u00f6rkf\u00e4ltsmikroskop.<\/span><\/em><\/span><br \/><span style=\"font-size: 75%;\"><em><span style=\"font-family: 'Book Antiqua', Palatino; color: #333399;\">De har en j\u00e4mn och homogen form. De \u00e4r d\u00e4rf\u00f6r mer r\u00f6rliga och syres\u00e4tter kroppens celler p\u00e5 r\u00e4tt s\u00e4tt.<\/span><\/em><\/span><\/p>\n<\/blockquote>\n\n\t\t<\/div>\n\t\t\t\t\t<\/div>\n\n\t\n\n\t<div id=\"col-1357298982\" class=\"col medium-6 small-12 large-6\"  >\n\t\t\t\t<div class=\"col-inner\"  >\n\t\t\t\n\t\t\t\n\n\t<div class=\"img has-hover x md-x lg-x y md-y lg-y\" id=\"image_1114743244\">\n\t\t\t\t\t\t\t\t<div class=\"img-inner dark\" >\n\t\t\t<img loading=\"lazy\" decoding=\"async\" width=\"768\" height=\"576\" src=\"https:\/\/369agara.com\/wp-content\/uploads\/2024\/01\/photo_2023-02-07_15-42-01.jpg\" class=\"attachment-large size-large\" alt=\"\" srcset=\"https:\/\/369agara.com\/wp-content\/uploads\/2024\/01\/photo_2023-02-07_15-42-01.jpg 768w, https:\/\/369agara.com\/wp-content\/uploads\/2024\/01\/photo_2023-02-07_15-42-01-300x225.jpg 300w, https:\/\/369agara.com\/wp-content\/uploads\/2024\/01\/photo_2023-02-07_15-42-01-510x383.jpg 510w\" sizes=\"auto, (max-width: 768px) 100vw, 768px\" \/>\t\t\t\t\t\t\n\t\t\t\t\t<\/div>\n\t\t\t\t\t\t\t\t\n<style>\n#image_1114743244 {\n  width: 100%;\n}\n<\/style>\n\t<\/div>\n\t\n\n<blockquote>\n<p><span style=\"color: #333399;\"><em><span style=\"font-family: 'Book Antiqua', Palatino; font-size: 75%;\">R\u00f6da blodkroppar i d\u00e5ligt skick betraktade under ett m\u00f6rkf\u00e4ltsmikroskop.<\/span><\/em><\/span><br \/><span style=\"color: #333399;\"><em><span style=\"font-family: 'Book Antiqua', Palatino; font-size: 75%;\">De \u00e4r \u00e4ggformade och staplade. De \u00e4r d\u00e4rf\u00f6r mindre r\u00f6rliga och syres\u00e4tter inte kroppens celler ordentligt.<\/span><\/em><\/span><\/p>\n<\/blockquote>\n\n\t\t<\/div>\n\t\t\t\t\t<\/div>\n\n\t\n\n<\/div>\n<p><span style=\"font-family: 'Book Antiqua', Palatino; font-size: 120%; color: #333399;\">Effekterna \u00e4r till och med synliga under ett m\u00f6rkf\u00e4ltsmikroskop (se bilden ovan).<\/span><\/p>\n<p><span style=\"font-family: 'Book Antiqua', Palatino; font-size: 120%; color: #333399;\">Redan efter 15 minuter kan man se att de r\u00f6da blodkropparna blir mer r\u00f6rliga, vilket ger kroppen b\u00e4ttre syres\u00e4ttning och f\u00f6rnyad energi.<\/span><br \/><span style=\"font-family: 'Book Antiqua', Palatino; font-size: 120%; color: #333399;\">B\u00e4ttre syres\u00e4ttning minskar stress, bromsar cellernas f\u00f6r tidiga \u00e5ldrande, \u00f6kar koncentrationen och f\u00f6rb\u00e4ttrar s\u00f6mnkvaliteten...<\/span><\/p>\n<p><span style=\"font-family: 'Book Antiqua', Palatino; font-size: 120%; color: #333399;\">Detta g\u00f6r att din kropp kan \u00e5terf\u00e5 sin vitala energi.<\/span><\/p>\n\n\t\t<\/div>\n\t\t\t\t\t<\/div>\n\n\t\n\n<\/div>\n<a href=\"https:\/\/369agara.com\/product-category\/musique-des-plantes\/\" target=\"_self\" class=\"button primary is-shade is-large box-shadow-4 box-shadow-5-hover expand\"  style=\"border-radius:10px;\">\n    <span>Butiken<\/span>\n  <\/a>\n\n\n\t<div id=\"gap-1906836193\" class=\"gap-element clearfix\" style=\"display:block; height:auto;\">\n\t\t\n<style>\n#gap-1906836193 {\n  padding-top: 108px;\n}\n<\/style>\n\t<\/div>","protected":false},"excerpt":{"rendered":"","protected":false},"author":1,"featured_media":0,"parent":0,"menu_order":0,"comment_status":"closed","ping_status":"closed","template":"","meta":{"footnotes":""},"class_list":["post-1099","page","type-page","status-publish","hentry"],"yoast_head":"<!-- This site is optimized with the Yoast SEO Premium plugin v25.1 (Yoast SEO v27.6) - https:\/\/yoast.com\/product\/yoast-seo-premium-wordpress\/ -->\n<title>Musique des Plantes | Agara<\/title>\n<meta name=\"robots\" content=\"index, follow, max-snippet:-1, max-image-preview:large, max-video-preview:-1\" \/>\n<link rel=\"canonical\" href=\"https:\/\/369agara.com\/sv\/musique-des-plantes\/\" \/>\n<meta property=\"og:locale\" content=\"sv_SE\" \/>\n<meta property=\"og:type\" content=\"article\" \/>\n<meta property=\"og:title\" content=\"Musique des Plantes\" \/>\n<meta property=\"og:url\" content=\"https:\/\/369agara.com\/sv\/musique-des-plantes\/\" \/>\n<meta property=\"og:site_name\" content=\"Agara\" \/>\n<meta property=\"article:modified_time\" content=\"2025-05-14T21:51:34+00:00\" \/>\n<meta name=\"twitter:card\" content=\"summary_large_image\" \/>\n<meta name=\"twitter:label1\" content=\"Ber\u00e4knad l\u00e4stid\" \/>\n\t<meta name=\"twitter:data1\" content=\"4 minuter\" \/>\n<script type=\"application\/ld+json\" class=\"yoast-schema-graph\">{\"@context\":\"https:\\\/\\\/schema.org\",\"@graph\":[{\"@type\":\"WebPage\",\"@id\":\"https:\\\/\\\/369agara.com\\\/musique-des-plantes\\\/\",\"url\":\"https:\\\/\\\/369agara.com\\\/musique-des-plantes\\\/\",\"name\":\"Musique des Plantes | Agara\",\"isPartOf\":{\"@id\":\"https:\\\/\\\/369agara.com\\\/#website\"},\"datePublished\":\"2022-10-19T06:40:36+00:00\",\"dateModified\":\"2025-05-14T21:51:34+00:00\",\"breadcrumb\":{\"@id\":\"https:\\\/\\\/369agara.com\\\/musique-des-plantes\\\/#breadcrumb\"},\"inLanguage\":\"sv-SE\",\"potentialAction\":[{\"@type\":\"ReadAction\",\"target\":[\"https:\\\/\\\/369agara.com\\\/musique-des-plantes\\\/\"]}]},{\"@type\":\"BreadcrumbList\",\"@id\":\"https:\\\/\\\/369agara.com\\\/musique-des-plantes\\\/#breadcrumb\",\"itemListElement\":[{\"@type\":\"ListItem\",\"position\":1,\"name\":\"Accueil\",\"item\":\"https:\\\/\\\/369agara.com\\\/\"},{\"@type\":\"ListItem\",\"position\":2,\"name\":\"Musique des Plantes\"}]},{\"@type\":\"WebSite\",\"@id\":\"https:\\\/\\\/369agara.com\\\/#website\",\"url\":\"https:\\\/\\\/369agara.com\\\/\",\"name\":\"Livsrikedomar\",\"description\":\"D\u00e9connectez pour mieux vous connecter\",\"publisher\":{\"@id\":\"https:\\\/\\\/369agara.com\\\/#organization\"},\"potentialAction\":[{\"@type\":\"SearchAction\",\"target\":{\"@type\":\"EntryPoint\",\"urlTemplate\":\"https:\\\/\\\/369agara.com\\\/?s={search_term_string}\"},\"query-input\":{\"@type\":\"PropertyValueSpecification\",\"valueRequired\":true,\"valueName\":\"search_term_string\"}}],\"inLanguage\":\"sv-SE\"},{\"@type\":\"Organization\",\"@id\":\"https:\\\/\\\/369agara.com\\\/#organization\",\"name\":\"EACreations\",\"url\":\"https:\\\/\\\/369agara.com\\\/\",\"logo\":{\"@type\":\"ImageObject\",\"inLanguage\":\"sv-SE\",\"@id\":\"https:\\\/\\\/369agara.com\\\/#\\\/schema\\\/logo\\\/image\\\/\",\"url\":\"\",\"contentUrl\":\"\",\"caption\":\"EACreations\"},\"image\":{\"@id\":\"https:\\\/\\\/369agara.com\\\/#\\\/schema\\\/logo\\\/image\\\/\"}}]}<\/script>\n<!-- \/ Yoast SEO Premium plugin. -->","yoast_head_json":{"title":"Musique des Plantes | Agara","robots":{"index":"index","follow":"follow","max-snippet":"max-snippet:-1","max-image-preview":"max-image-preview:large","max-video-preview":"max-video-preview:-1"},"canonical":"https:\/\/369agara.com\/sv\/musique-des-plantes\/","og_locale":"sv_SE","og_type":"article","og_title":"Musique des Plantes","og_url":"https:\/\/369agara.com\/sv\/musique-des-plantes\/","og_site_name":"Agara","article_modified_time":"2025-05-14T21:51:34+00:00","twitter_card":"summary_large_image","twitter_misc":{"Ber\u00e4knad l\u00e4stid":"4 minuter"},"schema":{"@context":"https:\/\/schema.org","@graph":[{"@type":"WebPage","@id":"https:\/\/369agara.com\/musique-des-plantes\/","url":"https:\/\/369agara.com\/musique-des-plantes\/","name":"Musique des Plantes | Agara","isPartOf":{"@id":"https:\/\/369agara.com\/#website"},"datePublished":"2022-10-19T06:40:36+00:00","dateModified":"2025-05-14T21:51:34+00:00","breadcrumb":{"@id":"https:\/\/369agara.com\/musique-des-plantes\/#breadcrumb"},"inLanguage":"sv-SE","potentialAction":[{"@type":"ReadAction","target":["https:\/\/369agara.com\/musique-des-plantes\/"]}]},{"@type":"BreadcrumbList","@id":"https:\/\/369agara.com\/musique-des-plantes\/#breadcrumb","itemListElement":[{"@type":"ListItem","position":1,"name":"Accueil","item":"https:\/\/369agara.com\/"},{"@type":"ListItem","position":2,"name":"Musique des Plantes"}]},{"@type":"WebSite","@id":"https:\/\/369agara.com\/#website","url":"https:\/\/369agara.com\/","name":"Livsrikedomar","description":"Koppla bort f\u00f6r att skapa b\u00e4ttre kontakt","publisher":{"@id":"https:\/\/369agara.com\/#organization"},"potentialAction":[{"@type":"SearchAction","target":{"@type":"EntryPoint","urlTemplate":"https:\/\/369agara.com\/?s={search_term_string}"},"query-input":{"@type":"PropertyValueSpecification","valueRequired":true,"valueName":"search_term_string"}}],"inLanguage":"sv-SE"},{"@type":"Organization","@id":"https:\/\/369agara.com\/#organization","name":"EACreations","url":"https:\/\/369agara.com\/","logo":{"@type":"ImageObject","inLanguage":"sv-SE","@id":"https:\/\/369agara.com\/#\/schema\/logo\/image\/","url":"","contentUrl":"","caption":"EACreations"},"image":{"@id":"https:\/\/369agara.com\/#\/schema\/logo\/image\/"}}]}},"jetpack_sharing_enabled":true,"_links":{"self":[{"href":"https:\/\/369agara.com\/sv\/wp-json\/wp\/v2\/pages\/1099","targetHints":{"allow":["GET"]}}],"collection":[{"href":"https:\/\/369agara.com\/sv\/wp-json\/wp\/v2\/pages"}],"about":[{"href":"https:\/\/369agara.com\/sv\/wp-json\/wp\/v2\/types\/page"}],"author":[{"embeddable":true,"href":"https:\/\/369agara.com\/sv\/wp-json\/wp\/v2\/users\/1"}],"replies":[{"embeddable":true,"href":"https:\/\/369agara.com\/sv\/wp-json\/wp\/v2\/comments?post=1099"}],"version-history":[{"count":16,"href":"https:\/\/369agara.com\/sv\/wp-json\/wp\/v2\/pages\/1099\/revisions"}],"predecessor-version":[{"id":3914,"href":"https:\/\/369agara.com\/sv\/wp-json\/wp\/v2\/pages\/1099\/revisions\/3914"}],"wp:attachment":[{"href":"https:\/\/369agara.com\/sv\/wp-json\/wp\/v2\/media?parent=1099"}],"curies":[{"name":"wp","href":"https:\/\/api.w.org\/{rel}","templated":true}]}}