{"id":1220,"date":"2022-11-01T19:03:53","date_gmt":"2022-11-01T18:03:53","guid":{"rendered":"https:\/\/369agara.com\/?page_id=1220"},"modified":"2026-02-01T20:37:38","modified_gmt":"2026-02-01T19:37:38","slug":"a-propos-de-nous","status":"publish","type":"page","link":"https:\/\/369agara.com\/sv\/a-propos-de-nous\/","title":{"rendered":"Om oss"},"content":{"rendered":"<h1><span style=\"font-family: 'book antiqua', palatino, serif; font-size: 120%;\">Om oss<\/span><\/h1>\n\t<div id=\"gap-1204744196\" class=\"gap-element clearfix\" style=\"display:block; height:auto;\">\n\t\t\n<style>\n#gap-1204744196 {\n  padding-top: 45px;\n}\n<\/style>\n\t<\/div>\n\t\n\n<div class=\"row\"  id=\"row-23142601\">\n\n\n\t<div id=\"col-1577470840\" class=\"col small-12 large-12\"  >\n\t\t\t\t<div class=\"col-inner\"  >\n\t\t\t\n\t\t\t\n\n<p><span style=\"font-family: 'Book Antiqua', Palatino; font-size: 120%; color: #333399;\"><strong>Agara <\/strong>(tidigare Livsrikedomar p\u00e5 svenska) \u00e4r ett franskt bolag som grundades av mig. <\/span><\/p>\n<p><span style=\"font-family: 'Book Antiqua', Palatino; font-size: 120%; color: #333399;\">P\u00e5 sanskrit, <em>Agara<\/em> betyder \" <strong>hem<\/strong> \u00bbEtt ord som speglar min vision: att \u00e5teruppt\u00e4cka harmonin. <strong>hemma <\/strong>och<strong> sj\u00e4lv<\/strong>.<\/span><\/p>\n<p><span style=\"font-family: 'Book Antiqua', Palatino; font-size: 120%; color: #333399;\">Genom mitt f\u00f6rh\u00e5llningss\u00e4tt s\u00e4tter jag v\u00e4lbefinnandet i centrum f\u00f6r livet och till\u00e4mpar en helhetssyn. <br \/>Mitt m\u00e5l \u00e4r att hj\u00e4lpa dig att f\u00f6rb\u00e4ttra ditt dagliga liv genom att \u00e5terbalansera din kropp och dina energier.<\/span><\/p>\n<p><span style=\"font-family: 'Book Antiqua', Palatino; font-size: 120%; color: #333399;\">Det finns ett antal olika s\u00e4tt att uppn\u00e5 detta:<\/span><\/p>\n<ul>\n<li><span style=\"font-family: 'Book Antiqua', Palatino; font-size: 120%; color: #333399;\">Mat som valts med omsorg och tillagats med k\u00e4rlek,<\/span><\/li>\n<li><span style=\"font-family: 'Book Antiqua', Palatino; font-size: 120%; color: #333399;\">Rent, omstrukturerat, energiserat, magnetiserat, informerat och remineraliserat vatten,<\/span><\/li>\n<li><span style=\"font-family: 'Book Antiqua', Palatino; font-size: 120%; color: #333399;\">Minskad exponering f\u00f6r skadliga elektromagnetiska f\u00e4lt,<\/span><\/li>\n<li><span style=\"font-family: 'Book Antiqua', Palatino; font-size: 120%; color: #333399;\">Integrering av naturliga frekvenser, t.ex. Schumannstr\u00e5lning och v\u00e4xtmusik, f\u00f6r att f\u00f6rst\u00e4rka positiva k\u00e4nslor,<\/span><\/li>\n<li><span style=\"font-family: 'Book Antiqua', Palatino; font-size: 120%; color: #333399;\">Daglig anv\u00e4ndning av kristaller och f\u00e4rger f\u00f6r att fr\u00e4mja balans,<\/span><\/li>\n<li><span style=\"font-family: 'Book Antiqua', Palatino; font-size: 120%; color: #333399;\">Jordningen anv\u00e4nds f\u00f6r att sl\u00e4ppa p\u00e5 de sp\u00e4nningar som ackumuleras dag efter dag p\u00e5 grund av de fria radikaler som finns i kroppen,<\/span><\/li>\n<li><span style=\"font-family: 'Book Antiqua', Palatino; font-size: 120%; color: #333399;\">Harmoniserar din boendemilj\u00f6 genom att neutralisera geopatogena zoner, som kan p\u00e5verka s\u00f6mn och h\u00e4lsa p\u00e5 l\u00e5ng sikt.<\/span><\/li>\n<\/ul>\n<p><span style=\"font-family: 'Book Antiqua', Palatino; font-size: 120%; color: #333399;\">Genom att odla en harmonisk vibration i kroppen varje dag \u00f6kar du din vitala energi p\u00e5 ett naturligt s\u00e4tt. <br \/>Detta g\u00f6r dig mindre s\u00e5rbar f\u00f6r yttre angrepp och bidrar till att minska potentiella k\u00e4llor till kronisk inflammation, som \u00e4r orsaken till mycket sm\u00e4rta och lidande. <br \/>Du kommer att bana v\u00e4g f\u00f6r ett l\u00e4ttare, lyckligare och mer dynamiskt liv.<\/span><\/p>\n<p><span style=\"font-family: 'Book Antiqua', Palatino; font-size: 120%; color: #333399;\">Alla produkter som jag erbjuder p\u00e5 min webbplats har testats av mig sj\u00e4lv och anv\u00e4nds dagligen.<br \/>Jag v\u00e4ljer noggrant ut dem f\u00f6r deras kvalitet och effektivitet och anv\u00e4nder ett m\u00f6rkf\u00e4ltsmikroskop f\u00f6r att kontrollera deras inverkan p\u00e5 kroppen. <br \/>Eftersom jag har en grundlig f\u00f6rst\u00e5else f\u00f6r hur de fungerar kan jag v\u00e4gleda dig till den l\u00f6sning som b\u00e4st uppfyller dina behov och f\u00f6rv\u00e4ntningar.<\/span><\/p>\n\n\t\t<\/div>\n\t\t\t\t\t<\/div>\n\n\t\n\n<\/div>","protected":false},"excerpt":{"rendered":"","protected":false},"author":1,"featured_media":0,"parent":0,"menu_order":0,"comment_status":"closed","ping_status":"closed","template":"","meta":{"footnotes":""},"class_list":["post-1220","page","type-page","status-publish","hentry"],"yoast_head":"<!-- This site is optimized with the Yoast SEO Premium plugin v25.1 (Yoast SEO v27.4) - https:\/\/yoast.com\/product\/yoast-seo-premium-wordpress\/ -->\n<title>\u00c0 propos de nous | Agara<\/title>\n<meta name=\"robots\" content=\"index, follow, max-snippet:-1, max-image-preview:large, max-video-preview:-1\" \/>\n<link rel=\"canonical\" href=\"https:\/\/369agara.com\/sv\/a-propos-de-nous\/\" \/>\n<meta property=\"og:locale\" content=\"sv_SE\" \/>\n<meta property=\"og:type\" content=\"article\" \/>\n<meta property=\"og:title\" content=\"\u00c0 propos de nous\" \/>\n<meta property=\"og:url\" content=\"https:\/\/369agara.com\/sv\/a-propos-de-nous\/\" \/>\n<meta property=\"og:site_name\" content=\"Agara\" \/>\n<meta property=\"article:modified_time\" content=\"2026-02-01T19:37:38+00:00\" \/>\n<meta name=\"twitter:card\" content=\"summary_large_image\" \/>\n<script type=\"application\/ld+json\" class=\"yoast-schema-graph\">{\"@context\":\"https:\\\/\\\/schema.org\",\"@graph\":[{\"@type\":\"WebPage\",\"@id\":\"https:\\\/\\\/369agara.com\\\/a-propos-de-nous\\\/\",\"url\":\"https:\\\/\\\/369agara.com\\\/a-propos-de-nous\\\/\",\"name\":\"\u00c0 propos de nous | Agara\",\"isPartOf\":{\"@id\":\"https:\\\/\\\/369agara.com\\\/#website\"},\"datePublished\":\"2022-11-01T18:03:53+00:00\",\"dateModified\":\"2026-02-01T19:37:38+00:00\",\"breadcrumb\":{\"@id\":\"https:\\\/\\\/369agara.com\\\/a-propos-de-nous\\\/#breadcrumb\"},\"inLanguage\":\"sv-SE\",\"potentialAction\":[{\"@type\":\"ReadAction\",\"target\":[\"https:\\\/\\\/369agara.com\\\/a-propos-de-nous\\\/\"]}]},{\"@type\":\"BreadcrumbList\",\"@id\":\"https:\\\/\\\/369agara.com\\\/a-propos-de-nous\\\/#breadcrumb\",\"itemListElement\":[{\"@type\":\"ListItem\",\"position\":1,\"name\":\"Accueil\",\"item\":\"https:\\\/\\\/369agara.com\\\/\"},{\"@type\":\"ListItem\",\"position\":2,\"name\":\"\u00c0 propos de nous\"}]},{\"@type\":\"WebSite\",\"@id\":\"https:\\\/\\\/369agara.com\\\/#website\",\"url\":\"https:\\\/\\\/369agara.com\\\/\",\"name\":\"Livsrikedomar\",\"description\":\"D\u00e9connectez pour mieux vous connecter\",\"publisher\":{\"@id\":\"https:\\\/\\\/369agara.com\\\/#organization\"},\"potentialAction\":[{\"@type\":\"SearchAction\",\"target\":{\"@type\":\"EntryPoint\",\"urlTemplate\":\"https:\\\/\\\/369agara.com\\\/?s={search_term_string}\"},\"query-input\":{\"@type\":\"PropertyValueSpecification\",\"valueRequired\":true,\"valueName\":\"search_term_string\"}}],\"inLanguage\":\"sv-SE\"},{\"@type\":\"Organization\",\"@id\":\"https:\\\/\\\/369agara.com\\\/#organization\",\"name\":\"EACreations\",\"url\":\"https:\\\/\\\/369agara.com\\\/\",\"logo\":{\"@type\":\"ImageObject\",\"inLanguage\":\"sv-SE\",\"@id\":\"https:\\\/\\\/369agara.com\\\/#\\\/schema\\\/logo\\\/image\\\/\",\"url\":\"\",\"contentUrl\":\"\",\"caption\":\"EACreations\"},\"image\":{\"@id\":\"https:\\\/\\\/369agara.com\\\/#\\\/schema\\\/logo\\\/image\\\/\"}}]}<\/script>\n<!-- \/ Yoast SEO Premium plugin. -->","yoast_head_json":{"title":"Om oss | Agara","robots":{"index":"index","follow":"follow","max-snippet":"max-snippet:-1","max-image-preview":"max-image-preview:large","max-video-preview":"max-video-preview:-1"},"canonical":"https:\/\/369agara.com\/sv\/a-propos-de-nous\/","og_locale":"sv_SE","og_type":"article","og_title":"\u00c0 propos de nous","og_url":"https:\/\/369agara.com\/sv\/a-propos-de-nous\/","og_site_name":"Agara","article_modified_time":"2026-02-01T19:37:38+00:00","twitter_card":"summary_large_image","schema":{"@context":"https:\/\/schema.org","@graph":[{"@type":"WebPage","@id":"https:\/\/369agara.com\/a-propos-de-nous\/","url":"https:\/\/369agara.com\/a-propos-de-nous\/","name":"Om oss | Agara","isPartOf":{"@id":"https:\/\/369agara.com\/#website"},"datePublished":"2022-11-01T18:03:53+00:00","dateModified":"2026-02-01T19:37:38+00:00","breadcrumb":{"@id":"https:\/\/369agara.com\/a-propos-de-nous\/#breadcrumb"},"inLanguage":"sv-SE","potentialAction":[{"@type":"ReadAction","target":["https:\/\/369agara.com\/a-propos-de-nous\/"]}]},{"@type":"BreadcrumbList","@id":"https:\/\/369agara.com\/a-propos-de-nous\/#breadcrumb","itemListElement":[{"@type":"ListItem","position":1,"name":"Accueil","item":"https:\/\/369agara.com\/"},{"@type":"ListItem","position":2,"name":"\u00c0 propos de nous"}]},{"@type":"WebSite","@id":"https:\/\/369agara.com\/#website","url":"https:\/\/369agara.com\/","name":"Livsrikedomar","description":"Koppla bort f\u00f6r att skapa b\u00e4ttre kontakt","publisher":{"@id":"https:\/\/369agara.com\/#organization"},"potentialAction":[{"@type":"SearchAction","target":{"@type":"EntryPoint","urlTemplate":"https:\/\/369agara.com\/?s={search_term_string}"},"query-input":{"@type":"PropertyValueSpecification","valueRequired":true,"valueName":"search_term_string"}}],"inLanguage":"sv-SE"},{"@type":"Organization","@id":"https:\/\/369agara.com\/#organization","name":"EACreations","url":"https:\/\/369agara.com\/","logo":{"@type":"ImageObject","inLanguage":"sv-SE","@id":"https:\/\/369agara.com\/#\/schema\/logo\/image\/","url":"","contentUrl":"","caption":"EACreations"},"image":{"@id":"https:\/\/369agara.com\/#\/schema\/logo\/image\/"}}]}},"jetpack_sharing_enabled":true,"_links":{"self":[{"href":"https:\/\/369agara.com\/sv\/wp-json\/wp\/v2\/pages\/1220","targetHints":{"allow":["GET"]}}],"collection":[{"href":"https:\/\/369agara.com\/sv\/wp-json\/wp\/v2\/pages"}],"about":[{"href":"https:\/\/369agara.com\/sv\/wp-json\/wp\/v2\/types\/page"}],"author":[{"embeddable":true,"href":"https:\/\/369agara.com\/sv\/wp-json\/wp\/v2\/users\/1"}],"replies":[{"embeddable":true,"href":"https:\/\/369agara.com\/sv\/wp-json\/wp\/v2\/comments?post=1220"}],"version-history":[{"count":25,"href":"https:\/\/369agara.com\/sv\/wp-json\/wp\/v2\/pages\/1220\/revisions"}],"predecessor-version":[{"id":4203,"href":"https:\/\/369agara.com\/sv\/wp-json\/wp\/v2\/pages\/1220\/revisions\/4203"}],"wp:attachment":[{"href":"https:\/\/369agara.com\/sv\/wp-json\/wp\/v2\/media?parent=1220"}],"curies":[{"name":"wp","href":"https:\/\/api.w.org\/{rel}","templated":true}]}}