{"id":1336,"date":"2023-01-06T20:42:07","date_gmt":"2023-01-06T19:42:07","guid":{"rendered":"https:\/\/369agara.com\/?page_id=1336"},"modified":"2025-05-14T12:21:43","modified_gmt":"2025-05-14T10:21:43","slug":"conditions-generales-de-vente","status":"publish","type":"page","link":"https:\/\/369agara.com\/sv\/conditions-generales-de-vente\/","title":{"rendered":"Villkor och anvisningar f\u00f6r f\u00f6rs\u00e4ljning"},"content":{"rendered":"<h1><span style=\"font-family: 'Book Antiqua', Palatino; font-size: 120%; color: #333399;\"><strong>Allm\u00e4nna villkor och best\u00e4mmelser f\u00f6r f\u00f6rs\u00e4ljning (GTCS)<\/strong><\/span><\/h1>\n<p><span style=\"font-family: 'Book Antiqua', Palatino; font-size: 120%; color: #333399;\"><strong>Senaste uppdatering: 14\/05\/2025<\/strong><\/span><\/p>\n<hr \/>\n<h2><span style=\"font-family: 'Book Antiqua', Palatino; font-size: 120%; color: #333399;\"><strong>Inledning<\/strong><\/span><\/h2>\n<p><span style=\"font-family: 'Book Antiqua', Palatino; font-size: 120%; color: #333399;\">Dessa allm\u00e4nna f\u00f6rs\u00e4ljningsvillkor (nedan kallade \"allm\u00e4nna f\u00f6rs\u00e4ljningsvillkor\") reglerar avtalsf\u00f6rh\u00e5llandet mellan uppdragstagaren <strong>Agara<\/strong>som driver webbplatsen f\u00f6r onlinef\u00f6rs\u00e4ljning www.agara.com, och varje fysisk eller juridisk person (nedan kallad \"Kunden\") som vill g\u00f6ra ett k\u00f6p via n\u00e4mnda webbplats.<\/span><\/p>\n<p><span style=\"font-family: 'Book Antiqua', Palatino; font-size: 120%; color: #333399;\">Varje best\u00e4llning som valideras p\u00e5 webbplatsen inneb\u00e4r att kunden utan f\u00f6rbeh\u00e5ll godk\u00e4nner dessa allm\u00e4nna villkor.<\/span><\/p>\n<hr \/>\n<h2><span style=\"font-family: 'Book Antiqua', Palatino; font-size: 120%; color: #333399;\"><strong>Artikel 1 - Best\u00e4llning<\/strong><\/span><\/h2>\n<p><span style=\"font-family: 'Book Antiqua', Palatino; font-size: 120%; color: #333399;\">Kunden kan l\u00e4gga en best\u00e4llning direkt p\u00e5 webbplatsen. Alla best\u00e4llningar blir slutgiltiga f\u00f6rst n\u00e4r betalningen har bekr\u00e4ftats. S\u00e4ljaren f\u00f6rbeh\u00e5ller sig r\u00e4tten att neka en best\u00e4llning i h\u00e4ndelse av en tidigare ol\u00f6st tvist, betalningsincident eller misst\u00e4nkt bedr\u00e4geri.<\/span><\/p>\n<hr \/>\n<h2><span style=\"font-family: 'Book Antiqua', Palatino; font-size: 120%; color: #333399;\"><strong>Artikel 2 - Priser, tillg\u00e4nglighet och leveranstider<\/strong><\/span><\/h2>\n<p><span style=\"font-family: 'Book Antiqua', Palatino; font-size: 120%; color: #333399;\">De priser som visas \u00e4r i euro, inklusive alla skatter.<\/span><br \/><span style=\"font-family: 'Book Antiqua', Palatino; font-size: 120%; color: #333399;\">V\u00e5rt f\u00f6retags praxis <strong>leverant\u00f6rspriser<\/strong>vilket inneb\u00e4r att priserna kan komma att \u00e4ndras <strong>n\u00e4r som helst och utan f\u00f6reg\u00e5ende meddelande<\/strong>.<\/span><\/p>\n<p><span style=\"font-family: 'Book Antiqua', Palatino; font-size: 120%; color: #333399;\">Produkttillg\u00e4ngligheten anges p\u00e5 varje artikelblad, men kan \u00e4ndras utanf\u00f6r v\u00e5r kontroll, s\u00e4rskilt p\u00e5 grund av variationer i leverant\u00f6rernas lager.<\/span><\/p>\n<p><span style=\"font-family: 'Book Antiqua', Palatino; font-size: 120%; color: #333399;\"><strong>Produktspecifikationer :<\/strong><\/span><\/p>\n<ul>\n<li>\n<p><span style=\"font-family: 'Book Antiqua', Palatino; font-size: 120%; color: #333399;\">Butiksartiklar <strong>Baubiologie<\/strong> \u00e4r tillg\u00e4ngliga <strong>endast p\u00e5 best\u00e4llning<\/strong>Detta kan f\u00f6rl\u00e4nga leveranstiderna.<\/span><\/p>\n<\/li>\n<li>\n<p><span style=\"font-family: 'Book Antiqua', Palatino; font-size: 120%; color: #333399;\">Produkterna fr\u00e5n <strong>Arc En Ciel Innovations<\/strong> \u00e4r <strong>tillverkad p\u00e5 best\u00e4llning<\/strong>Detta inneb\u00e4r en l\u00e4ngre handl\u00e4ggningstid.<\/span><\/p>\n<\/li>\n<\/ul>\n<p><span style=\"font-family: 'Book Antiqua', Palatino; font-size: 120%; color: #333399;\">Leveranstiderna b\u00f6rjar s\u00e5 snart betalningen har bekr\u00e4ftats och beror ocks\u00e5 p\u00e5 tillg\u00e5ngen p\u00e5 produkter i lager eller under produktion.<\/span><\/p>\n<hr \/>\n<h2><span style=\"font-family: 'Book Antiqua', Palatino; font-size: 120%; color: #333399;\"><strong>Artikel 3 - Leverans<\/strong><\/span><\/h2>\n<p><span style=\"font-family: 'Book Antiqua', Palatino; font-size: 120%; color: #333399;\">Leveranser g\u00f6rs av <a style=\"color: #333399;\" href=\"https:\/\/www.laposte.fr\/conditions-contractuelles\"><strong>La Poste<\/strong><\/a> och <a style=\"color: #333399;\" href=\"https:\/\/www.dpd.com\/fr\/fr\/conditions-generales-vente\/\"><strong>DPD<\/strong><\/a>i Frankrike och utomlands. Leveranskostnader och leveranstider varierar beroende p\u00e5 vald metod och destination.<\/span><\/p>\n<p><span style=\"font-family: 'Book Antiqua', Palatino; font-size: 120%; color: #333399;\">N\u00e4r paketet har \u00f6verl\u00e4mnats till transport\u00f6ren, <strong>S\u00e4ljaren kan inte h\u00e5llas ansvarig f\u00f6r f\u00f6rseningar, f\u00f6rlust eller skada under transport<\/strong>.<\/span><\/p>\n<p><span style=\"font-family: 'Book Antiqua', Palatino; font-size: 120%; color: #333399;\">La Postes och DPD:s hantering av uppgifterna \u00e4r deras eget ansvar. S\u00e4ljaren kan inte h\u00e5llas ansvarig f\u00f6r hur de anv\u00e4nder dem.<\/span><\/p>\n<hr \/>\n<h2><span style=\"font-family: 'Book Antiqua', Palatino; font-size: 120%; color: #333399;\"><strong>Artikel 4 - Betalning<\/strong><\/span><\/h2>\n<p><span style=\"font-family: 'Book Antiqua', Palatino; font-size: 120%; color: #333399;\">Best\u00e4llningar kan endast betalas online via <a style=\"color: #333399;\" href=\"https:\/\/stripe.com\/fr\/privacy\"><strong>Randig<\/strong><\/a>De accepterar alla st\u00f6rre bankkort och vissa internationella betalningsmetoder.<\/span><\/p>\n<p><span style=\"font-family: 'Book Antiqua', Palatino; font-size: 120%; color: #333399;\">Transaktioner \u00e4r s\u00e4krade genom SSL-kryptering. Ingen bankinformation passerar genom eller lagras p\u00e5 v\u00e5r webbplats.<\/span><\/p>\n<p><span style=\"font-family: 'Book Antiqua', Palatino; font-size: 120%; color: #333399;\">Ansvaret f\u00f6r hantering och s\u00e4kerhet av betalningsdata ligger uteslutande hos <strong>Randig<\/strong>.<\/span><\/p>\n<hr \/>\n<h2><span style=\"font-family: 'Book Antiqua', Palatino; font-size: 120%; color: #333399;\"><strong>Artikel 5 - \u00c5ngerr\u00e4tt och \u00e5terl\u00e4mnande<\/strong><\/span><\/h2>\n<p><span style=\"font-family: 'Book Antiqua', Palatino; font-size: 120%; color: #333399;\">I enlighet med<a style=\"color: #333399;\" href=\"https:\/\/www.legifrance.gouv.fr\/codes\/article_lc\/LEGIARTI000032226842\/2020-08-27\">Artikel L.221-18 i konsumentlagstiftningen<\/a>Kunden har en period av <strong>14 dagar<\/strong> fr\u00e5n mottagandet av produkterna f\u00f6r att ut\u00f6va \u00e5ngerr\u00e4tten, <strong>med undantag f\u00f6r produkter som utesluts enligt lag<\/strong>s\u00e5 att :<\/span><\/p>\n<ul>\n<li>\n<p><span style=\"font-family: 'Book Antiqua', Palatino; font-size: 120%; color: #333399;\"><strong>M\u00e5ttbest\u00e4llda eller best\u00e4llningsbest\u00e4llda produkter<\/strong> ;<\/span><\/p>\n<\/li>\n<li>\n<p><span style=\"font-family: 'Book Antiqua', Palatino; font-size: 120%; color: #333399;\"><strong>Textilvaror (kl\u00e4der, lakan, s\u00e4nglinne etc.)<\/strong> varav <strong>f\u00f6rpackningen har \u00f6ppnats<\/strong>.<\/span><\/p>\n<\/li>\n<\/ul>\n<p><span style=\"font-family: 'Book Antiqua', Palatino; font-size: 120%; color: #333399;\">S\u00e4ljaren <strong>f\u00f6rbeh\u00e5ller sig r\u00e4tten att neka en retur<\/strong> om originalf\u00f6rpackningen \u00e4r skadad eller \u00f6ppen, eller om produkten inte l\u00e4ngre kan betraktas som ny.<\/span><\/p>\n<p><span style=\"font-family: 'Book Antiqua', Palatino; font-size: 120%; color: #333399;\">Avkastningen \u00e4r <strong>p\u00e5 kundens bekostnad<\/strong>och m\u00e5ste utf\u00f6ras <strong>med bekr\u00e4ftelse p\u00e5 mottagandet<\/strong>. I avsaknad av bevis p\u00e5 avs\u00e4ndande eller mottagande fr\u00e5ns\u00e4ger sig s\u00e4ljaren allt ansvar.<\/span><\/p>\n<hr \/>\n<h2><span style=\"font-family: 'Book Antiqua', Palatino; font-size: 120%; color: #333399;\"><strong>Artikel 6 - Klausul om \u00e4gander\u00e4ttsf\u00f6rbeh\u00e5ll<\/strong><\/span><\/h2>\n<p><span style=\"font-family: 'Book Antiqua', Palatino; font-size: 120%; color: #333399;\">Produkterna f\u00f6rblir s\u00e4ljarens egendom fram till <strong>full betalning av priset<\/strong> av Kunden.<\/span><br \/><span style=\"font-family: 'Book Antiqua', Palatino; font-size: 120%; color: #333399;\">Fr\u00e5n och med leveranstillf\u00e4llet \u00f6verg\u00e5r riskerna (f\u00f6rlust, st\u00f6ld, skada) p\u00e5 kunden.<\/span><\/p>\n<hr \/>\n<h2><span style=\"font-family: 'Book Antiqua', Palatino; font-size: 120%; color: #333399;\"><strong>Artikel 7 - \u00c5terbetalningar<\/strong><\/span><\/h2>\n<p><span style=\"font-family: 'Book Antiqua', Palatino; font-size: 120%; color: #333399;\">Produkter som kan returneras \u00e4r <strong>\u00e5terbetalas i form av en butikscheck<\/strong>som representeras av en <strong>rabattkod<\/strong> motsvarande beloppet f\u00f6r de returnerade varorna (exklusive portokostnader), att anv\u00e4ndas vid en framtida best\u00e4llning.<\/span><\/p>\n<hr \/>\n<h2><span style=\"font-family: 'Book Antiqua', Palatino; font-size: 120%; color: #333399;\"><strong>Artikel 8 - Produktgaranti<\/strong><\/span><\/h2>\n<p><span style=\"font-family: 'Book Antiqua', Palatino; font-size: 120%; color: #333399;\">Alla produkter drar nytta av <strong>r\u00e4ttslig garanti f\u00f6r \u00f6verensst\u00e4mmelse<\/strong> (<a style=\"color: #333399;\" href=\"https:\/\/www.legifrance.gouv.fr\/contenu\/menu\/droit-national-en-vigueur\">Artiklarna L.217-4 till L.217-14 i konsumentlagstiftningen<\/a>) och <strong>garanti mot dolda fel<\/strong> (<a style=\"color: #333399;\" href=\"https:\/\/www.legifrance.gouv.fr\/contenu\/menu\/droit-national-en-vigueur\">artiklarna 1641 till 1649 i civillagen<\/a>).<\/span><\/p>\n<p><span style=\"font-family: 'Book Antiqua', Palatino; font-size: 120%; color: #333399;\">Om fel uppt\u00e4cks ska kunden reklamera felet inom sk\u00e4lig tid. S\u00e4ljaren \u00e5tar sig att ers\u00e4tta eller reparera den ber\u00f6rda produkten eller att erbjuda en likv\u00e4rdig kreditnota.<\/span><\/p>\n<hr \/>\n<h2><span style=\"font-family: 'Book Antiqua', Palatino; font-size: 120%; color: #333399;\"><strong>Artikel 9 - Ansvarighet<\/strong><\/span><\/h2>\n<p><span style=\"font-family: 'Book Antiqua', Palatino; font-size: 120%; color: #333399;\">S\u00e4ljaren ska inte h\u00e5llas ansvarig f\u00f6r skada som uppst\u00e5r till f\u00f6ljd av felaktig anv\u00e4ndning av den k\u00f6pta produkten eller f\u00f6rsumlighet fr\u00e5n kundens sida.<\/span><\/p>\n<p><span style=\"font-family: 'Book Antiqua', Palatino; font-size: 120%; color: #333399;\">S\u00e4ljaren kan inte h\u00e5llas ansvarig f\u00f6r f\u00f6rseningar eller fel som kan h\u00e4nf\u00f6ras till dess partners (transport\u00f6rer, leverant\u00f6rer av betalningstj\u00e4nster).<\/span><\/p>\n<hr \/>\n<h2><span style=\"font-family: 'Book Antiqua', Palatino; font-size: 120%; color: #333399;\"><strong>Artikel 10 - Skydd av personuppgifter (RGPD)<\/strong><\/span><\/h2>\n<p><span style=\"font-family: 'Book Antiqua', Palatino; font-size: 120%; color: #333399;\">S\u00e4ljaren f\u00f6rbinder sig att f\u00f6lja de <strong>integritet<\/strong> f\u00f6r sina kunder och f\u00f6r att s\u00e4kerst\u00e4lla <strong>skydd av personuppgifter<\/strong>i enlighet med <a style=\"color: #333399;\" href=\"https:\/\/eur-lex.europa.eu\/legal-content\/FR\/TXT\/?uri=CELEX%3A32016R0679\"><strong>Allm\u00e4n dataskyddsf\u00f6rordning (GDPR)<\/strong><\/a>.<\/span><\/p>\n<h3><span style=\"font-family: 'Book Antiqua', Palatino; font-size: 120%; color: #333399;\">Insamlade uppgifter :<\/span><\/h3>\n<p><span style=\"font-family: 'Book Antiqua', Palatino; font-size: 120%; color: #333399;\">De insamlade personuppgifterna \u00e4r absolut n\u00f6dv\u00e4ndiga f\u00f6r :<\/span><\/p>\n<ul>\n<li>\n<p><span style=\"font-family: 'Book Antiqua', Palatino; font-size: 120%; color: #333399;\">orderhantering,<\/span><\/p>\n<\/li>\n<li>\n<p><span style=\"font-family: 'Book Antiqua', Palatino; font-size: 120%; color: #333399;\">f\u00f6rb\u00e4ttra anv\u00e4ndarupplevelsen,<\/span><\/p>\n<\/li>\n<li>\n<p><span style=\"font-family: 'Book Antiqua', Palatino; font-size: 120%; color: #333399;\">kundrelationer.<\/span><\/p>\n<\/li>\n<\/ul>\n<p><span style=\"font-family: 'Book Antiqua', Palatino; font-size: 120%; color: #333399;\">Ingen personlig information l\u00e4mnas <strong>\u00e5terf\u00f6rs\u00e4ljs eller \u00f6verl\u00e5ts<\/strong> till tredje part f\u00f6r kommersiella \u00e4ndam\u00e5l.<\/span><\/p>\n<p><span style=\"font-family: 'Book Antiqua', Palatino; font-size: 120%; color: #333399;\">Uppgifterna lagras p\u00e5 ett s\u00e4kert s\u00e4tt. Kunden har alltid tillg\u00e5ng till <strong>r\u00e4tt till tillg\u00e5ng, r\u00e4ttelse, radering, inv\u00e4ndning och portabilitet<\/strong> av sina uppgifter, p\u00e5 enkel beg\u00e4ran via v\u00e5r sida <strong>Kontakt<\/strong>.<\/span><\/p>\n<p><span style=\"font-family: 'Book Antiqua', Palatino; font-size: 120%; color: #333399;\">Vi accepterar inget ansvar f\u00f6r <strong>partners hantering av personuppgifter<\/strong> tredje part som \u00e4r involverad i hanteringen av ordern, i synnerhet <strong>Randig<\/strong>, <strong>La Poste<\/strong> och <strong>DPD<\/strong>som var och en ansvarar f\u00f6r sin egen sekretesspolicy.<\/span><\/p>\n<hr \/>\n<h2><span style=\"font-family: 'Book Antiqua', Palatino; font-size: 120%; color: #333399;\"><strong>Artikel 11 - Till\u00e4mplig lag och jurisdiktion<\/strong><\/span><\/h2>\n<p><span style=\"font-family: 'Book Antiqua', Palatino; font-size: 120%; color: #333399;\">Dessa allm\u00e4nna villkor g\u00e4ller under f\u00f6ruts\u00e4ttning att <strong>Fransk lag<\/strong>.<\/span><br \/><span style=\"font-family: 'Book Antiqua', Palatino; font-size: 120%; color: #333399;\">I h\u00e4ndelse av tvist, och efter ett f\u00f6rs\u00f6k till uppg\u00f6relse i godo, tillkommer beh\u00f6righeten <strong>Franska domstolar<\/strong> med territoriell beh\u00f6righet, i enlighet med best\u00e4mmelserna i civilprocesslagen.<\/span><\/p>","protected":false},"excerpt":{"rendered":"","protected":false},"author":1,"featured_media":0,"parent":0,"menu_order":0,"comment_status":"closed","ping_status":"closed","template":"","meta":{"footnotes":""},"class_list":["post-1336","page","type-page","status-publish","hentry"],"yoast_head":"<!-- This site is optimized with the Yoast SEO Premium plugin v25.1 (Yoast SEO v27.4) - https:\/\/yoast.com\/product\/yoast-seo-premium-wordpress\/ -->\n<title>Conditions g\u00e9n\u00e9rales de vente | Agara<\/title>\n<meta name=\"robots\" content=\"index, follow, max-snippet:-1, max-image-preview:large, max-video-preview:-1\" \/>\n<link rel=\"canonical\" href=\"https:\/\/369agara.com\/sv\/conditions-generales-de-vente\/\" \/>\n<meta property=\"og:locale\" content=\"sv_SE\" \/>\n<meta property=\"og:type\" content=\"article\" \/>\n<meta property=\"og:title\" content=\"Conditions g\u00e9n\u00e9rales de vente\" \/>\n<meta property=\"og:url\" content=\"https:\/\/369agara.com\/sv\/conditions-generales-de-vente\/\" \/>\n<meta property=\"og:site_name\" content=\"Agara\" \/>\n<meta property=\"article:modified_time\" content=\"2025-05-14T10:21:43+00:00\" \/>\n<meta name=\"twitter:card\" content=\"summary_large_image\" \/>\n<script type=\"application\/ld+json\" class=\"yoast-schema-graph\">{\"@context\":\"https:\\\/\\\/schema.org\",\"@graph\":[{\"@type\":\"WebPage\",\"@id\":\"https:\\\/\\\/369agara.com\\\/conditions-generales-de-vente\\\/\",\"url\":\"https:\\\/\\\/369agara.com\\\/conditions-generales-de-vente\\\/\",\"name\":\"Conditions g\u00e9n\u00e9rales de vente | Agara\",\"isPartOf\":{\"@id\":\"https:\\\/\\\/369agara.com\\\/#website\"},\"datePublished\":\"2023-01-06T19:42:07+00:00\",\"dateModified\":\"2025-05-14T10:21:43+00:00\",\"breadcrumb\":{\"@id\":\"https:\\\/\\\/369agara.com\\\/conditions-generales-de-vente\\\/#breadcrumb\"},\"inLanguage\":\"sv-SE\",\"potentialAction\":[{\"@type\":\"ReadAction\",\"target\":[\"https:\\\/\\\/369agara.com\\\/conditions-generales-de-vente\\\/\"]}]},{\"@type\":\"BreadcrumbList\",\"@id\":\"https:\\\/\\\/369agara.com\\\/conditions-generales-de-vente\\\/#breadcrumb\",\"itemListElement\":[{\"@type\":\"ListItem\",\"position\":1,\"name\":\"Accueil\",\"item\":\"https:\\\/\\\/369agara.com\\\/\"},{\"@type\":\"ListItem\",\"position\":2,\"name\":\"Conditions g\u00e9n\u00e9rales de vente\"}]},{\"@type\":\"WebSite\",\"@id\":\"https:\\\/\\\/369agara.com\\\/#website\",\"url\":\"https:\\\/\\\/369agara.com\\\/\",\"name\":\"Livsrikedomar\",\"description\":\"D\u00e9connectez pour mieux vous connecter\",\"publisher\":{\"@id\":\"https:\\\/\\\/369agara.com\\\/#organization\"},\"potentialAction\":[{\"@type\":\"SearchAction\",\"target\":{\"@type\":\"EntryPoint\",\"urlTemplate\":\"https:\\\/\\\/369agara.com\\\/?s={search_term_string}\"},\"query-input\":{\"@type\":\"PropertyValueSpecification\",\"valueRequired\":true,\"valueName\":\"search_term_string\"}}],\"inLanguage\":\"sv-SE\"},{\"@type\":\"Organization\",\"@id\":\"https:\\\/\\\/369agara.com\\\/#organization\",\"name\":\"EACreations\",\"url\":\"https:\\\/\\\/369agara.com\\\/\",\"logo\":{\"@type\":\"ImageObject\",\"inLanguage\":\"sv-SE\",\"@id\":\"https:\\\/\\\/369agara.com\\\/#\\\/schema\\\/logo\\\/image\\\/\",\"url\":\"\",\"contentUrl\":\"\",\"caption\":\"EACreations\"},\"image\":{\"@id\":\"https:\\\/\\\/369agara.com\\\/#\\\/schema\\\/logo\\\/image\\\/\"}}]}<\/script>\n<!-- \/ Yoast SEO Premium plugin. -->","yoast_head_json":{"title":"Conditions g\u00e9n\u00e9rales de vente | Agara","robots":{"index":"index","follow":"follow","max-snippet":"max-snippet:-1","max-image-preview":"max-image-preview:large","max-video-preview":"max-video-preview:-1"},"canonical":"https:\/\/369agara.com\/sv\/conditions-generales-de-vente\/","og_locale":"sv_SE","og_type":"article","og_title":"Conditions g\u00e9n\u00e9rales de vente","og_url":"https:\/\/369agara.com\/sv\/conditions-generales-de-vente\/","og_site_name":"Agara","article_modified_time":"2025-05-14T10:21:43+00:00","twitter_card":"summary_large_image","schema":{"@context":"https:\/\/schema.org","@graph":[{"@type":"WebPage","@id":"https:\/\/369agara.com\/conditions-generales-de-vente\/","url":"https:\/\/369agara.com\/conditions-generales-de-vente\/","name":"Conditions g\u00e9n\u00e9rales de vente | Agara","isPartOf":{"@id":"https:\/\/369agara.com\/#website"},"datePublished":"2023-01-06T19:42:07+00:00","dateModified":"2025-05-14T10:21:43+00:00","breadcrumb":{"@id":"https:\/\/369agara.com\/conditions-generales-de-vente\/#breadcrumb"},"inLanguage":"sv-SE","potentialAction":[{"@type":"ReadAction","target":["https:\/\/369agara.com\/conditions-generales-de-vente\/"]}]},{"@type":"BreadcrumbList","@id":"https:\/\/369agara.com\/conditions-generales-de-vente\/#breadcrumb","itemListElement":[{"@type":"ListItem","position":1,"name":"Accueil","item":"https:\/\/369agara.com\/"},{"@type":"ListItem","position":2,"name":"Conditions g\u00e9n\u00e9rales de vente"}]},{"@type":"WebSite","@id":"https:\/\/369agara.com\/#website","url":"https:\/\/369agara.com\/","name":"Livsrikedomar","description":"Koppla bort f\u00f6r att skapa b\u00e4ttre kontakt","publisher":{"@id":"https:\/\/369agara.com\/#organization"},"potentialAction":[{"@type":"SearchAction","target":{"@type":"EntryPoint","urlTemplate":"https:\/\/369agara.com\/?s={search_term_string}"},"query-input":{"@type":"PropertyValueSpecification","valueRequired":true,"valueName":"search_term_string"}}],"inLanguage":"sv-SE"},{"@type":"Organization","@id":"https:\/\/369agara.com\/#organization","name":"EACreations","url":"https:\/\/369agara.com\/","logo":{"@type":"ImageObject","inLanguage":"sv-SE","@id":"https:\/\/369agara.com\/#\/schema\/logo\/image\/","url":"","contentUrl":"","caption":"EACreations"},"image":{"@id":"https:\/\/369agara.com\/#\/schema\/logo\/image\/"}}]}},"jetpack_sharing_enabled":true,"_links":{"self":[{"href":"https:\/\/369agara.com\/sv\/wp-json\/wp\/v2\/pages\/1336","targetHints":{"allow":["GET"]}}],"collection":[{"href":"https:\/\/369agara.com\/sv\/wp-json\/wp\/v2\/pages"}],"about":[{"href":"https:\/\/369agara.com\/sv\/wp-json\/wp\/v2\/types\/page"}],"author":[{"embeddable":true,"href":"https:\/\/369agara.com\/sv\/wp-json\/wp\/v2\/users\/1"}],"replies":[{"embeddable":true,"href":"https:\/\/369agara.com\/sv\/wp-json\/wp\/v2\/comments?post=1336"}],"version-history":[{"count":18,"href":"https:\/\/369agara.com\/sv\/wp-json\/wp\/v2\/pages\/1336\/revisions"}],"predecessor-version":[{"id":3876,"href":"https:\/\/369agara.com\/sv\/wp-json\/wp\/v2\/pages\/1336\/revisions\/3876"}],"wp:attachment":[{"href":"https:\/\/369agara.com\/sv\/wp-json\/wp\/v2\/media?parent=1336"}],"curies":[{"name":"wp","href":"https:\/\/api.w.org\/{rel}","templated":true}]}}