{"id":3819,"date":"2025-05-12T22:15:49","date_gmt":"2025-05-12T20:15:49","guid":{"rendered":"https:\/\/369agara.com\/?page_id=3819"},"modified":"2025-05-12T22:38:31","modified_gmt":"2025-05-12T20:38:31","slug":"a-quoi-servent-les-peintures-anti-ondes","status":"publish","type":"page","link":"https:\/\/369agara.com\/sv\/a-quoi-servent-les-peintures-anti-ondes\/","title":{"rendered":"Vad \u00e4r syftet med antiv\u00e5gf\u00e4rg?"},"content":{"rendered":"<p><\/p>\n\n\n\n\t<section class=\"section\" id=\"section_365942230\">\n\t\t<div class=\"bg section-bg fill bg-fill bg-loaded bg-loaded\" >\n\n\t\t\t\n\t\t\t\n\t\t\t\n\n\t\t<\/div>\n\n\t\t\n\n\t\t<div class=\"section-content relative\">\n\t\t\t\n\n<h1 style=\"text-align: center;\"><span style=\"font-family: 'Book Antiqua', Palatino; font-size: 120%;\">Vad \u00e4r syftet med antiv\u00e5gf\u00e4rg?<\/span><\/h1>\n<p><span style=\"font-family: 'Book Antiqua', Palatino; font-size: 120%; color: #333399;\">Anti-v\u00e5gor f\u00e4rger anv\u00e4nds f\u00f6r att minska din exponering f\u00f6r l\u00e5g- och h\u00f6gfrekventa v\u00e5gor i rum d\u00e4r du vistas under l\u00e5nga perioder.<\/span><\/p>\n<p><span style=\"font-family: 'Book Antiqua', Palatino; font-size: 120%; color: #333399;\">Det finns tv\u00e5 typer av v\u00e5gskyddande f\u00e4rg:<\/span><\/p>\n<ul>\n<li><span style=\"font-family: 'Book Antiqua', Palatino; font-size: 120%; color: #333399;\">l\u00e5gfrekvent skyddsf\u00e4rg, f\u00f6r att skydda mot l\u00e5gfrekventa elektriska v\u00e4xelf\u00e4lt (50 Hertz \/ 230 V, fr\u00e5n hemmets elektriska ledningar).<\/span><\/li>\n<li><span style=\"font-family: 'Book Antiqua', Palatino; font-size: 120%; color: #333399;\">h\u00f6gfrekvent skyddsf\u00e4rg, utformad f\u00f6r att f\u00f6rhindra att h\u00f6gfrekvent str\u00e5lning kommer in i ditt hem (str\u00e5lning fr\u00e5n basstationer, WiFi och\/eller grannarnas DECT tr\u00e5dl\u00f6sa telefoner etc.)<\/span><\/li>\n<\/ul>\n<h3><span style=\"font-family: 'Book Antiqua', Palatino; font-size: 120%; color: #ed1c24;\">L\u00e5gfrekvent skyddsf\u00e4rg<\/span><\/h3>\n<p><span style=\"font-family: 'Book Antiqua', Palatino; font-size: 120%; color: #333399;\">Elektriska f\u00e4lt i v\u00e4ggar och tak kan genereras av din elinstallation eller av :<\/span><\/p>\n<ul>\n<li><span style=\"font-family: 'Book Antiqua', Palatino; font-size: 120%; color: #333399;\">en luftburen distributionsledning som l\u00f6per ovanf\u00f6r ditt hus och f\u00f6rorenar det genom takkonstruktionen<\/span><\/li>\n<li><span style=\"font-family: 'Book Antiqua', Palatino; font-size: 120%; color: #333399;\">elf\u00f6rs\u00f6rjning genom taket och en elcentral i k\u00e4llaren eller p\u00e5 bottenv\u00e5ningen (den permanenta sp\u00e4nningen i matningskabeln f\u00f6rorenar v\u00e4ggar och golv)<\/span><\/li>\n<li><span style=\"font-family: 'Book Antiqua', Palatino; font-size: 120%; color: #333399;\">din grannes elinstallation om du bor i ett radhus eller parhus<\/span><\/li>\n<\/ul>\n<p><span style=\"font-family: 'Book Antiqua', Palatino; font-size: 120%; color: #333399;\">Till skillnad fr\u00e5n automatiska f\u00e4ltbrytare, som avl\u00e4gsnar elektriska f\u00f6roreningar n\u00e4r lamporna \u00e4r sl\u00e4ckta, avl\u00e4gsnar jordad f\u00e4rg f\u00f6roreningar fr\u00e5n ditt hem 24 timmar om dygnet, med lamporna p\u00e5.<\/span><\/p>\n<p><span style=\"font-family: 'Book Antiqua', Palatino; font-size: 120%; color: #333399;\">I hus med timmerstomme eller tr\u00e4hus, d\u00e4r mycket starka elektriska f\u00e4lt \u00e4r m\u00e4tbara (tr\u00e4et leder dessa f\u00e4lt), \u00e4r f\u00e4rg ofta den b\u00e4sta l\u00f6sningen. Den \u00e4r effektiv s\u00e5 l\u00e4nge den \u00e4r jordad.<\/span><\/p>\n\n\t\t<\/div>\n\n\t\t\n<style>\n#section_365942230 {\n  padding-top: 30px;\n  padding-bottom: 30px;\n}\n#section_365942230 .ux-shape-divider--top svg {\n  height: 150px;\n  --divider-top-width: 100%;\n}\n#section_365942230 .ux-shape-divider--bottom svg {\n  height: 150px;\n  --divider-width: 100%;\n}\n<\/style>\n\t<\/section>","protected":false},"excerpt":{"rendered":"","protected":false},"author":1,"featured_media":0,"parent":0,"menu_order":0,"comment_status":"closed","ping_status":"closed","template":"","meta":{"footnotes":""},"class_list":["post-3819","page","type-page","status-publish","hentry"],"yoast_head":"<!-- This site is optimized with the Yoast SEO Premium plugin v25.1 (Yoast SEO v27.4) - https:\/\/yoast.com\/product\/yoast-seo-premium-wordpress\/ -->\n<title>\u00c0 quoi servent les peintures anti-ondes ? | Agara<\/title>\n<meta name=\"robots\" content=\"index, follow, max-snippet:-1, max-image-preview:large, max-video-preview:-1\" \/>\n<link rel=\"canonical\" href=\"https:\/\/369agara.com\/sv\/a-quoi-servent-les-peintures-anti-ondes\/\" \/>\n<meta property=\"og:locale\" content=\"sv_SE\" \/>\n<meta property=\"og:type\" content=\"article\" \/>\n<meta property=\"og:title\" content=\"\u00c0 quoi servent les peintures anti-ondes ?\" \/>\n<meta property=\"og:url\" content=\"https:\/\/369agara.com\/sv\/a-quoi-servent-les-peintures-anti-ondes\/\" \/>\n<meta property=\"og:site_name\" content=\"Agara\" \/>\n<meta property=\"article:modified_time\" content=\"2025-05-12T20:38:31+00:00\" \/>\n<meta name=\"twitter:card\" content=\"summary_large_image\" \/>\n<script type=\"application\/ld+json\" class=\"yoast-schema-graph\">{\"@context\":\"https:\\\/\\\/schema.org\",\"@graph\":[{\"@type\":\"WebPage\",\"@id\":\"https:\\\/\\\/369agara.com\\\/a-quoi-servent-les-peintures-anti-ondes\\\/\",\"url\":\"https:\\\/\\\/369agara.com\\\/a-quoi-servent-les-peintures-anti-ondes\\\/\",\"name\":\"\u00c0 quoi servent les peintures anti-ondes ? | Agara\",\"isPartOf\":{\"@id\":\"https:\\\/\\\/369agara.com\\\/#website\"},\"datePublished\":\"2025-05-12T20:15:49+00:00\",\"dateModified\":\"2025-05-12T20:38:31+00:00\",\"breadcrumb\":{\"@id\":\"https:\\\/\\\/369agara.com\\\/a-quoi-servent-les-peintures-anti-ondes\\\/#breadcrumb\"},\"inLanguage\":\"sv-SE\",\"potentialAction\":[{\"@type\":\"ReadAction\",\"target\":[\"https:\\\/\\\/369agara.com\\\/a-quoi-servent-les-peintures-anti-ondes\\\/\"]}]},{\"@type\":\"BreadcrumbList\",\"@id\":\"https:\\\/\\\/369agara.com\\\/a-quoi-servent-les-peintures-anti-ondes\\\/#breadcrumb\",\"itemListElement\":[{\"@type\":\"ListItem\",\"position\":1,\"name\":\"Accueil\",\"item\":\"https:\\\/\\\/369agara.com\\\/\"},{\"@type\":\"ListItem\",\"position\":2,\"name\":\"\u00c0 quoi servent les peintures anti-ondes ?\"}]},{\"@type\":\"WebSite\",\"@id\":\"https:\\\/\\\/369agara.com\\\/#website\",\"url\":\"https:\\\/\\\/369agara.com\\\/\",\"name\":\"Livsrikedomar\",\"description\":\"D\u00e9connectez pour mieux vous connecter\",\"publisher\":{\"@id\":\"https:\\\/\\\/369agara.com\\\/#organization\"},\"potentialAction\":[{\"@type\":\"SearchAction\",\"target\":{\"@type\":\"EntryPoint\",\"urlTemplate\":\"https:\\\/\\\/369agara.com\\\/?s={search_term_string}\"},\"query-input\":{\"@type\":\"PropertyValueSpecification\",\"valueRequired\":true,\"valueName\":\"search_term_string\"}}],\"inLanguage\":\"sv-SE\"},{\"@type\":\"Organization\",\"@id\":\"https:\\\/\\\/369agara.com\\\/#organization\",\"name\":\"EACreations\",\"url\":\"https:\\\/\\\/369agara.com\\\/\",\"logo\":{\"@type\":\"ImageObject\",\"inLanguage\":\"sv-SE\",\"@id\":\"https:\\\/\\\/369agara.com\\\/#\\\/schema\\\/logo\\\/image\\\/\",\"url\":\"\",\"contentUrl\":\"\",\"caption\":\"EACreations\"},\"image\":{\"@id\":\"https:\\\/\\\/369agara.com\\\/#\\\/schema\\\/logo\\\/image\\\/\"}}]}<\/script>\n<!-- \/ Yoast SEO Premium plugin. -->","yoast_head_json":{"title":"\u00c0 quoi servent les peintures anti-ondes ? | Agara","robots":{"index":"index","follow":"follow","max-snippet":"max-snippet:-1","max-image-preview":"max-image-preview:large","max-video-preview":"max-video-preview:-1"},"canonical":"https:\/\/369agara.com\/sv\/a-quoi-servent-les-peintures-anti-ondes\/","og_locale":"sv_SE","og_type":"article","og_title":"\u00c0 quoi servent les peintures anti-ondes ?","og_url":"https:\/\/369agara.com\/sv\/a-quoi-servent-les-peintures-anti-ondes\/","og_site_name":"Agara","article_modified_time":"2025-05-12T20:38:31+00:00","twitter_card":"summary_large_image","schema":{"@context":"https:\/\/schema.org","@graph":[{"@type":"WebPage","@id":"https:\/\/369agara.com\/a-quoi-servent-les-peintures-anti-ondes\/","url":"https:\/\/369agara.com\/a-quoi-servent-les-peintures-anti-ondes\/","name":"\u00c0 quoi servent les peintures anti-ondes ? | Agara","isPartOf":{"@id":"https:\/\/369agara.com\/#website"},"datePublished":"2025-05-12T20:15:49+00:00","dateModified":"2025-05-12T20:38:31+00:00","breadcrumb":{"@id":"https:\/\/369agara.com\/a-quoi-servent-les-peintures-anti-ondes\/#breadcrumb"},"inLanguage":"sv-SE","potentialAction":[{"@type":"ReadAction","target":["https:\/\/369agara.com\/a-quoi-servent-les-peintures-anti-ondes\/"]}]},{"@type":"BreadcrumbList","@id":"https:\/\/369agara.com\/a-quoi-servent-les-peintures-anti-ondes\/#breadcrumb","itemListElement":[{"@type":"ListItem","position":1,"name":"Accueil","item":"https:\/\/369agara.com\/"},{"@type":"ListItem","position":2,"name":"\u00c0 quoi servent les peintures anti-ondes ?"}]},{"@type":"WebSite","@id":"https:\/\/369agara.com\/#website","url":"https:\/\/369agara.com\/","name":"Livsrikedomar","description":"Koppla bort f\u00f6r att skapa b\u00e4ttre kontakt","publisher":{"@id":"https:\/\/369agara.com\/#organization"},"potentialAction":[{"@type":"SearchAction","target":{"@type":"EntryPoint","urlTemplate":"https:\/\/369agara.com\/?s={search_term_string}"},"query-input":{"@type":"PropertyValueSpecification","valueRequired":true,"valueName":"search_term_string"}}],"inLanguage":"sv-SE"},{"@type":"Organization","@id":"https:\/\/369agara.com\/#organization","name":"EACreations","url":"https:\/\/369agara.com\/","logo":{"@type":"ImageObject","inLanguage":"sv-SE","@id":"https:\/\/369agara.com\/#\/schema\/logo\/image\/","url":"","contentUrl":"","caption":"EACreations"},"image":{"@id":"https:\/\/369agara.com\/#\/schema\/logo\/image\/"}}]}},"jetpack_sharing_enabled":true,"_links":{"self":[{"href":"https:\/\/369agara.com\/sv\/wp-json\/wp\/v2\/pages\/3819","targetHints":{"allow":["GET"]}}],"collection":[{"href":"https:\/\/369agara.com\/sv\/wp-json\/wp\/v2\/pages"}],"about":[{"href":"https:\/\/369agara.com\/sv\/wp-json\/wp\/v2\/types\/page"}],"author":[{"embeddable":true,"href":"https:\/\/369agara.com\/sv\/wp-json\/wp\/v2\/users\/1"}],"replies":[{"embeddable":true,"href":"https:\/\/369agara.com\/sv\/wp-json\/wp\/v2\/comments?post=3819"}],"version-history":[{"count":3,"href":"https:\/\/369agara.com\/sv\/wp-json\/wp\/v2\/pages\/3819\/revisions"}],"predecessor-version":[{"id":3822,"href":"https:\/\/369agara.com\/sv\/wp-json\/wp\/v2\/pages\/3819\/revisions\/3822"}],"wp:attachment":[{"href":"https:\/\/369agara.com\/sv\/wp-json\/wp\/v2\/media?parent=3819"}],"curies":[{"name":"wp","href":"https:\/\/api.w.org\/{rel}","templated":true}]}}