{"id":3823,"date":"2025-05-12T22:45:36","date_gmt":"2025-05-12T20:45:36","guid":{"rendered":"https:\/\/369agara.com\/?page_id=3823"},"modified":"2025-05-12T23:20:09","modified_gmt":"2025-05-12T21:20:09","slug":"application-peinture-anti-ondes","status":"publish","type":"page","link":"https:\/\/369agara.com\/sv\/application-peinture-anti-ondes\/","title":{"rendered":"Applicering av antiv\u00e5gf\u00e4rg"},"content":{"rendered":"<section class=\"section\" id=\"section_562233785\">\n\t\t<div class=\"bg section-bg fill bg-fill bg-loaded bg-loaded\" >\n\n\t\t\t\n\t\t\t\n\t\t\t\n\n\t\t<\/div>\n\n\t\t\n\n\t\t<div class=\"section-content relative\">\n\t\t\t\n\n<h1 style=\"text-align: center;\"><span style=\"font-family: 'Book Antiqua', Palatino; font-size: 120%; color: #333399;\">Hur applicerar jag v\u00e5gskyddande f\u00e4rg?<\/span><\/h1>\n<p><span style=\"font-family: 'Book Antiqua', Palatino; font-size: 120%; color: #333399;\">Du har best\u00e4mt dig f\u00f6r att skydda dig mot v\u00e5gor genom att m\u00e5la v\u00e4ggar och\/eller tak med v\u00e5gskyddande f\u00e4rg och du har samlat ihop den utrustning som beh\u00f6vs (f\u00e4rg, f\u00f6rst\u00e5s, men ocks\u00e5 de n\u00f6dv\u00e4ndiga jordtillbeh\u00f6ren, pensel eller roller, arbetskl\u00e4der etc.). Nu \u00e5terst\u00e5r bara att utf\u00f6ra arbetet.<\/span><\/p>\n<p><span style=\"font-family: 'Book Antiqua', Palatino; font-size: 120%; color: #333399;\">I den h\u00e4r artikeln g\u00e5r vi steg f\u00f6r steg igenom ett snabbt och enkelt s\u00e4tt att applicera din f\u00e4rg, som appliceras som vilken annan \"traditionell\" f\u00e4rg som helst, p\u00e5 puts, cement, kakel, tapet eller annan befintlig f\u00e4rg.<\/span><\/p>\n<h3><span style=\"font-family: 'Book Antiqua', Palatino; font-size: 120%; color: #ed1c24;\">Steg 1: F\u00f6rbereda ytan som ska m\u00e5las<\/span><\/h3>\n<p><span style=\"font-family: 'Book Antiqua', Palatino; font-size: 120%; color: #333399;\">Som med alla andra f\u00e4rger ska ytan som ska m\u00e5las noggrant avfettas och f\u00f6rberedas f\u00f6r att eliminera por\u00f6sa oj\u00e4mnheter och fylla eventuella h\u00e5l. En primer (grundf\u00e4rg), t.ex. GK5 YShield eller annan, kan vara n\u00f6dv\u00e4ndig beroende p\u00e5 vilken typ av yta som ska m\u00e5las.<\/span><\/p>\n<h3><span style=\"font-family: 'Book Antiqua', Palatino; font-size: 120%; color: #ed1c24;\">Steg<\/span><span style=\"font-family: 'Book Antiqua', Palatino; font-size: 120%; color: #ed1c24;\"> 2: applicera EBX-jordningsband eller bereda AF3-tillsats<\/span><\/h3>\n<p><span style=\"font-family: 'Book Antiqua', Palatino; font-size: 120%; color: #333399;\">F\u00f6r att garantera f\u00e4rgens ledningsf\u00f6rm\u00e5ga har du tv\u00e5 alternativ: antingen s\u00e4tter du upp EBX-jordningsband p\u00e5 v\u00e4ggarna eller s\u00e5 anv\u00e4nder du AF3-tillsats.<\/span><\/p>\n<p><span style=\"font-family: 'Book Antiqua', Palatino; font-size: 120%; color: #333399;\">Montering av EBX-tejp: EBX YShield-tejp \u00e4r en sj\u00e4lvh\u00e4ftande tejp som ska f\u00e4stas p\u00e5 v\u00e4ggen innan den m\u00e5las. Du placerar en vertikal och en horisontell remsa p\u00e5 v\u00e4ggen, med tanke p\u00e5 att jordplattan kommer att placeras i sk\u00e4rningspunkten mellan dessa 2 remsor.<\/span><br \/><span style=\"font-family: 'Book Antiqua', Palatino; font-size: 120%; color: #333399;\">Placeringen v\u00e4ljs d\u00e4rf\u00f6r med h\u00e4nsyn till praktiska aspekter (ofta p\u00e5 ena sidan av v\u00e4ggen f\u00f6r den vertikala listen och vid golvlisten f\u00f6r den horisontella listen). Denna l\u00f6sning \u00e4r l\u00e4mplig om dina v\u00e4ggar \u00e4r i gott skick och ytan \u00e4r plan. EBX10-tejpen kan ocks\u00e5 appliceras efter m\u00e5lning.<\/span><\/p>\n<p><span style=\"font-family: 'Book Antiqua', Palatino; font-size: 120%; color: #333399;\">Anv\u00e4ndning av AF3-tillsatsen: AF3-tillsatsen inneh\u00e5ller l\u00e5nga kolfibrer. Den blandas med antiv\u00e5gf\u00e4rger och ger dem b\u00e4ttre ledningsf\u00f6rm\u00e5ga, \u00e4ven p\u00e5 oj\u00e4mna ytor. En burk med tillsatsmedel r\u00e4cker till 5 liter f\u00e4rg. H\u00e4ll inneh\u00e5llet i f\u00e4rgkrukan och blanda v\u00e4l med en elektrisk mixer i minst en minut f\u00f6r att f\u00e5 en homogen blandning.<\/span><\/p>\n<h3><span style=\"font-family: 'Book Antiqua', Palatino; font-size: 120%; color: #ed1c24;\">Steg<\/span><span style=\"font-family: 'Book Antiqua', Palatino; font-size: 120%; color: #ed1c24;\"> 3: applicering av f\u00e4rg<\/span><\/h3>\n<p><span style=\"font-family: 'Book Antiqua', Palatino; font-size: 120%; color: #333399;\">Anti-wave-f\u00e4rgen kan appliceras med pensel, roller eller sprutpistol (6 mm munstycke).<\/span><br \/><span style=\"font-family: 'Book Antiqua', Palatino; font-size: 120%; color: #333399;\">Av erfarenhet r\u00e5der vi dig att v\u00e4lja en \"liten\" rulle, 10-15 cm bred, f\u00f6r att undvika st\u00e4nk s\u00e5 mycket som m\u00f6jligt.<\/span><br \/><span style=\"font-family: 'Book Antiqua', Palatino; font-size: 120%; color: #333399;\">Den kan tv\u00e4ttas bort med vatten och \u00e4r d\u00e4rf\u00f6r l\u00e4tt att f\u00e5 bort fr\u00e5n h\u00e4nder och penslar. N\u00e4r du \u00f6ppnar burken blandar du f\u00e4rgen v\u00e4l och applicerar den sedan p\u00e5 hela ytan som ska skyddas, i torrt v\u00e4der (om du m\u00e5lar utomhus) och vid en temperatur \u00f6ver 5\u00b0C. Torktiden \u00e4r 12 till 36 timmar, beroende p\u00e5 temperatur. V\u00e4nta tills f\u00e4rgen \u00e4r torr om du ska m\u00e5la en andra g\u00e5ng.<\/span><\/p>\n<h3><span style=\"font-family: 'Book Antiqua', Palatino; font-size: 120%; color: #ed1c24;\">Steg<\/span><span style=\"font-family: 'Book Antiqua', Palatino; font-size: 120%; color: #ed1c24;\"> 4: Jordning<\/span><\/h3>\n<p><span style=\"font-family: 'Book Antiqua', Palatino; font-size: 120%; color: #333399;\">N\u00e4r f\u00e4rgen \u00e4r helt torr kan du g\u00e5 vidare till jordningssteget. GW:s jordningsplatta f\u00e4sts som sagt p\u00e5 v\u00e4ggen i sk\u00e4rningspunkten mellan de 2 remsorna av EB2-tejp eller p\u00e5 den valda platsen om du har anv\u00e4nt AF3-tillsatsen. F\u00e4stskruvarna ing\u00e5r i leveransen. I princip b\u00f6r det finnas en jordplatta per v\u00e4gg, eller en f\u00f6r 2 v\u00e4ggar om de \u00e4r smala och sammanh\u00e4ngande. Varje brott i lacken inneb\u00e4r att en ny jordningsplatta m\u00e5ste monteras. GC-jordkabeln, som \u00e4r f\u00f6rsedd med en banankontakt, ansluts till ett av de 3 h\u00e5len i plattan. Den andra sidan av GC-kabeln ansluts till ett av h\u00e5len i GP-jordningspluggen.<\/span><br \/><span style=\"font-family: 'Book Antiqua', Palatino; font-size: 120%; color: #333399;\">GP-jordkontakten kopplas sedan in i v\u00e4gguttaget (jordad). F\u00f6r att kontrollera detta kan du anv\u00e4nda en stickproppstestare eller jordtestare (t.ex. Tohm-e eller Catohm DT-300).<\/span><br \/><span style=\"font-family: 'Book Antiqua', Palatino; font-size: 120%; color: #333399;\">N\u00e4r de olika komponenterna \u00e4r monterade kan du montera plastk\u00e5porna \u00f6ver plattan och jordkontakten. Detta g\u00f6r inte bara installationen snyggare, utan fungerar ocks\u00e5 som en s\u00e4kerhetsanordning som f\u00f6rhindrar att kontakten faller ut.<\/span><\/p>\n<h3><span style=\"font-family: 'Book Antiqua', Palatino; font-size: 120%; color: #ed1c24;\">Steg 5: Dekorering<\/span><\/h3>\n<p><span style=\"font-family: 'Book Antiqua', Palatino; font-size: 120%; color: #333399;\">Nu n\u00e4r ditt hem \u00e4r skyddat fr\u00e5n v\u00e5gorna \u00e4r det dags att b\u00f6rja inreda. De flesta f\u00e4rger kan t\u00e4ckas med f\u00e4rg, puts, kalk, tapeter etc. Tveka inte att kontrollera det tekniska databladet f\u00f6r varje f\u00e4rg f\u00f6r eventuella kontraindikationer.<\/span><\/p>\n<h3><span style=\"font-family: 'Book Antiqua', Palatino; font-size: 120%; color: #333399;\">Agara r\u00e5d<\/span><\/h3>\n<p><span style=\"font-family: 'Book Antiqua', Palatino; font-size: 120%; color: #333399;\">Beroende p\u00e5 hur mycket du uts\u00e4tts f\u00f6r h\u00f6gfrekvent str\u00e5lning kan du beh\u00f6va m\u00e5la 2 lager f\u00e4rg (eller till och med 3 p\u00e5 vissa st\u00e4llen) f\u00f6r att uppn\u00e5 en tillr\u00e4cklig skyddsniv\u00e5. F\u00f6r att vara s\u00e4ker, tveka inte att g\u00f6ra m\u00e4tningar med hj\u00e4lp av en m\u00e4tanordning. Du kan antingen investera i en m\u00e4tanordning eller hyra en i 15 dagar f\u00f6r att g\u00f6ra m\u00e4tningar f\u00f6re, under och efter arbetet.<\/span><\/p>\n<p><span style=\"font-family: 'Book Antiqua', Palatino; font-size: 120%; color: #333399;\">Vi tar inget ansvar f\u00f6r skador p\u00e5 m\u00e4nniskor, djur eller f\u00f6rem\u00e5l som orsakas av felaktig m\u00e5lning, s\u00e4rskilt jordning och elinstallation som inte \u00f6verensst\u00e4mmer med DIN 57100 \/ VDE 0100.<\/span><br \/><span style=\"font-family: 'Book Antiqua', Palatino; font-size: 120%; color: #333399;\">Vi rekommenderar att den elektriska installationen och jordningen av YShield\u00ae -f\u00e4rgerna kontrolleras av en elektriker.<\/span><\/p>\n\n\t\t<\/div>\n\n\t\t\n<style>\n#section_562233785 {\n  padding-top: 30px;\n  padding-bottom: 30px;\n}\n#section_562233785 .ux-shape-divider--top svg {\n  height: 150px;\n  --divider-top-width: 100%;\n}\n#section_562233785 .ux-shape-divider--bottom svg {\n  height: 150px;\n  --divider-width: 100%;\n}\n<\/style>\n\t<\/section>","protected":false},"excerpt":{"rendered":"","protected":false},"author":1,"featured_media":0,"parent":0,"menu_order":0,"comment_status":"closed","ping_status":"closed","template":"","meta":{"footnotes":""},"class_list":["post-3823","page","type-page","status-publish","hentry"],"yoast_head":"<!-- This site is optimized with the Yoast SEO Premium plugin v25.1 (Yoast SEO v27.4) - https:\/\/yoast.com\/product\/yoast-seo-premium-wordpress\/ -->\n<title>Application peinture anti-ondes | Agara<\/title>\n<meta name=\"robots\" content=\"index, follow, max-snippet:-1, max-image-preview:large, max-video-preview:-1\" \/>\n<link rel=\"canonical\" href=\"https:\/\/369agara.com\/sv\/application-peinture-anti-ondes\/\" \/>\n<meta property=\"og:locale\" content=\"sv_SE\" \/>\n<meta property=\"og:type\" content=\"article\" \/>\n<meta property=\"og:title\" content=\"Application peinture anti-ondes\" \/>\n<meta property=\"og:url\" content=\"https:\/\/369agara.com\/sv\/application-peinture-anti-ondes\/\" \/>\n<meta property=\"og:site_name\" content=\"Agara\" \/>\n<meta property=\"article:modified_time\" content=\"2025-05-12T21:20:09+00:00\" \/>\n<meta name=\"twitter:card\" content=\"summary_large_image\" \/>\n<script type=\"application\/ld+json\" class=\"yoast-schema-graph\">{\"@context\":\"https:\\\/\\\/schema.org\",\"@graph\":[{\"@type\":\"WebPage\",\"@id\":\"https:\\\/\\\/369agara.com\\\/application-peinture-anti-ondes\\\/\",\"url\":\"https:\\\/\\\/369agara.com\\\/application-peinture-anti-ondes\\\/\",\"name\":\"Application peinture anti-ondes | Agara\",\"isPartOf\":{\"@id\":\"https:\\\/\\\/369agara.com\\\/#website\"},\"datePublished\":\"2025-05-12T20:45:36+00:00\",\"dateModified\":\"2025-05-12T21:20:09+00:00\",\"breadcrumb\":{\"@id\":\"https:\\\/\\\/369agara.com\\\/application-peinture-anti-ondes\\\/#breadcrumb\"},\"inLanguage\":\"sv-SE\",\"potentialAction\":[{\"@type\":\"ReadAction\",\"target\":[\"https:\\\/\\\/369agara.com\\\/application-peinture-anti-ondes\\\/\"]}]},{\"@type\":\"BreadcrumbList\",\"@id\":\"https:\\\/\\\/369agara.com\\\/application-peinture-anti-ondes\\\/#breadcrumb\",\"itemListElement\":[{\"@type\":\"ListItem\",\"position\":1,\"name\":\"Accueil\",\"item\":\"https:\\\/\\\/369agara.com\\\/\"},{\"@type\":\"ListItem\",\"position\":2,\"name\":\"Application peinture anti-ondes\"}]},{\"@type\":\"WebSite\",\"@id\":\"https:\\\/\\\/369agara.com\\\/#website\",\"url\":\"https:\\\/\\\/369agara.com\\\/\",\"name\":\"Livsrikedomar\",\"description\":\"D\u00e9connectez pour mieux vous connecter\",\"publisher\":{\"@id\":\"https:\\\/\\\/369agara.com\\\/#organization\"},\"potentialAction\":[{\"@type\":\"SearchAction\",\"target\":{\"@type\":\"EntryPoint\",\"urlTemplate\":\"https:\\\/\\\/369agara.com\\\/?s={search_term_string}\"},\"query-input\":{\"@type\":\"PropertyValueSpecification\",\"valueRequired\":true,\"valueName\":\"search_term_string\"}}],\"inLanguage\":\"sv-SE\"},{\"@type\":\"Organization\",\"@id\":\"https:\\\/\\\/369agara.com\\\/#organization\",\"name\":\"EACreations\",\"url\":\"https:\\\/\\\/369agara.com\\\/\",\"logo\":{\"@type\":\"ImageObject\",\"inLanguage\":\"sv-SE\",\"@id\":\"https:\\\/\\\/369agara.com\\\/#\\\/schema\\\/logo\\\/image\\\/\",\"url\":\"\",\"contentUrl\":\"\",\"caption\":\"EACreations\"},\"image\":{\"@id\":\"https:\\\/\\\/369agara.com\\\/#\\\/schema\\\/logo\\\/image\\\/\"}}]}<\/script>\n<!-- \/ Yoast SEO Premium plugin. -->","yoast_head_json":{"title":"Application peinture anti-ondes | Agara","robots":{"index":"index","follow":"follow","max-snippet":"max-snippet:-1","max-image-preview":"max-image-preview:large","max-video-preview":"max-video-preview:-1"},"canonical":"https:\/\/369agara.com\/sv\/application-peinture-anti-ondes\/","og_locale":"sv_SE","og_type":"article","og_title":"Application peinture anti-ondes","og_url":"https:\/\/369agara.com\/sv\/application-peinture-anti-ondes\/","og_site_name":"Agara","article_modified_time":"2025-05-12T21:20:09+00:00","twitter_card":"summary_large_image","schema":{"@context":"https:\/\/schema.org","@graph":[{"@type":"WebPage","@id":"https:\/\/369agara.com\/application-peinture-anti-ondes\/","url":"https:\/\/369agara.com\/application-peinture-anti-ondes\/","name":"Application peinture anti-ondes | Agara","isPartOf":{"@id":"https:\/\/369agara.com\/#website"},"datePublished":"2025-05-12T20:45:36+00:00","dateModified":"2025-05-12T21:20:09+00:00","breadcrumb":{"@id":"https:\/\/369agara.com\/application-peinture-anti-ondes\/#breadcrumb"},"inLanguage":"sv-SE","potentialAction":[{"@type":"ReadAction","target":["https:\/\/369agara.com\/application-peinture-anti-ondes\/"]}]},{"@type":"BreadcrumbList","@id":"https:\/\/369agara.com\/application-peinture-anti-ondes\/#breadcrumb","itemListElement":[{"@type":"ListItem","position":1,"name":"Accueil","item":"https:\/\/369agara.com\/"},{"@type":"ListItem","position":2,"name":"Application peinture anti-ondes"}]},{"@type":"WebSite","@id":"https:\/\/369agara.com\/#website","url":"https:\/\/369agara.com\/","name":"Livsrikedomar","description":"Koppla bort f\u00f6r att skapa b\u00e4ttre kontakt","publisher":{"@id":"https:\/\/369agara.com\/#organization"},"potentialAction":[{"@type":"SearchAction","target":{"@type":"EntryPoint","urlTemplate":"https:\/\/369agara.com\/?s={search_term_string}"},"query-input":{"@type":"PropertyValueSpecification","valueRequired":true,"valueName":"search_term_string"}}],"inLanguage":"sv-SE"},{"@type":"Organization","@id":"https:\/\/369agara.com\/#organization","name":"EACreations","url":"https:\/\/369agara.com\/","logo":{"@type":"ImageObject","inLanguage":"sv-SE","@id":"https:\/\/369agara.com\/#\/schema\/logo\/image\/","url":"","contentUrl":"","caption":"EACreations"},"image":{"@id":"https:\/\/369agara.com\/#\/schema\/logo\/image\/"}}]}},"jetpack_sharing_enabled":true,"_links":{"self":[{"href":"https:\/\/369agara.com\/sv\/wp-json\/wp\/v2\/pages\/3823","targetHints":{"allow":["GET"]}}],"collection":[{"href":"https:\/\/369agara.com\/sv\/wp-json\/wp\/v2\/pages"}],"about":[{"href":"https:\/\/369agara.com\/sv\/wp-json\/wp\/v2\/types\/page"}],"author":[{"embeddable":true,"href":"https:\/\/369agara.com\/sv\/wp-json\/wp\/v2\/users\/1"}],"replies":[{"embeddable":true,"href":"https:\/\/369agara.com\/sv\/wp-json\/wp\/v2\/comments?post=3823"}],"version-history":[{"count":3,"href":"https:\/\/369agara.com\/sv\/wp-json\/wp\/v2\/pages\/3823\/revisions"}],"predecessor-version":[{"id":3826,"href":"https:\/\/369agara.com\/sv\/wp-json\/wp\/v2\/pages\/3823\/revisions\/3826"}],"wp:attachment":[{"href":"https:\/\/369agara.com\/sv\/wp-json\/wp\/v2\/media?parent=3823"}],"curies":[{"name":"wp","href":"https:\/\/api.w.org\/{rel}","templated":true}]}}