{"id":3836,"date":"2025-05-13T00:03:16","date_gmt":"2025-05-12T22:03:16","guid":{"rendered":"https:\/\/369agara.com\/?page_id=3836"},"modified":"2025-05-13T10:45:49","modified_gmt":"2025-05-13T08:45:49","slug":"fiche-technique-peinture-anti-ondes-yshield","status":"publish","type":"page","link":"https:\/\/369agara.com\/sv\/fiche-technique-peinture-anti-ondes-yshield\/","title":{"rendered":"Yshield antiv\u00e5gf\u00e4rg tekniskt blad"},"content":{"rendered":"<section class=\"section\" id=\"section_950410466\">\n\t\t<div class=\"bg section-bg fill bg-fill bg-loaded bg-loaded\" >\n\n\t\t\t\n\t\t\t\n\t\t\t\n\n\t\t<\/div>\n\n\t\t\n\n\t\t<div class=\"section-content relative\">\n\t\t\t\n\n<h1 style=\"text-align: center;\"><span style=\"font-family: 'Book Antiqua', Palatino; font-size: 120%; color: #333399;\">PRO54 YShield h\u00f6g- och l\u00e5gfrekvent anti-v\u00e5gf\u00e4rg<\/span><\/h1>\n<p><span style=\"font-family: 'Book Antiqua', Palatino; font-size: 120%; color: #333399;\">YShield PRO54 h\u00f6g- och l\u00e5gfrekvent skyddsf\u00e4rg ger skydd mot h\u00f6gfrekvent str\u00e5lning (fr\u00e5n tr\u00e5dl\u00f6sa DECT-hemtelefoner, tr\u00e5dl\u00f6sa WiFi- och Wimax-n\u00e4tverk, mobilantenner, 5G, radar etc.), men minskar ocks\u00e5 l\u00e5gfrekventa elektriska f\u00e4lt (fr\u00e4mst fr\u00e5n hush\u00e5llsel) och elektrostatiska f\u00e4lt.<\/span><\/p>\n<p><span style=\"font-family: 'Book Antiqua', Palatino; font-size: 120%; color: #333399;\">Professionell grafitfri pansarf\u00e4rg med maximal h\u00e5rdhet och vidh\u00e4ftning. Minimal fl\u00e4ckbildning. Svagt s\u00f6taktig lukt, anv\u00e4nd endast i obebodda rum i 7 dagar.<\/span><\/p>\n<ul>\n<li><span style=\"font-family: 'Book Antiqua', Palatino; font-size: 120%; color: #333399;\">Andningsbar, l\u00f6sningsmedels- och mjukg\u00f6rarfri - l\u00e5ga VOC-utsl\u00e4pp<\/span><\/li>\n<li><span style=\"font-family: 'Book Antiqua', Palatino; font-size: 120%; color: #333399;\">Utm\u00e4rkt vidh\u00e4ftning till alla ytor inom- och utomhus (mycket h\u00f6g motst\u00e5ndskraft mot fukt)<\/span><\/li>\n<li><span style=\"font-family: 'Book Antiqua', Palatino; font-size: 120%; color: #333399;\">Exceptionella fysikaliska och kemiska egenskaper i kombination med en h\u00f6g ekologisk niv\u00e5<\/span><\/li>\n<li><span style=\"font-family: 'Book Antiqua', Palatino; font-size: 120%; color: #333399;\">Kan appliceras som \"klassisk\" f\u00e4rg, m\u00e5las om och tapetseras<\/span><\/li>\n<\/ul>\n<p><span style=\"font-family: 'Book Antiqua', Palatino; font-size: 120%; color: #333399;\">Avsaknaden av grafit ger ett antal f\u00f6rdelar:<\/span><\/p>\n<ul>\n<li><span style=\"font-family: 'Book Antiqua', Palatino; font-size: 120%; color: #333399;\">L\u00e4mnar inga vita m\u00e4rken n\u00e4r du sopar<\/span><\/li>\n<li><span style=\"font-family: 'Book Antiqua', Palatino; font-size: 120%; color: #333399;\">L\u00e4mnar inte heller svarta m\u00e4rken p\u00e5 ljusa ytor (vilket g\u00f6r det l\u00e4ttare att m\u00e5la om)<\/span><\/li>\n<li><span style=\"font-family: 'Book Antiqua', Palatino; font-size: 120%; color: #333399;\">Den grova mikropor\u00f6sa ytan ger en halkfri yta f\u00f6r utm\u00e4rkt vidh\u00e4ftning av den avslutande f\u00e4rgen.<\/span><\/li>\n<li><span style=\"font-family: 'Book Antiqua', Palatino; font-size: 120%; color: #333399;\">Dess vidh\u00e4ftningsstyrka (4,8 N\/mm\u00b2 - vidh\u00e4ftning till underlaget) \u00e4r lika h\u00f6g som i f\u00e4rger som inneh\u00e5ller grafit.<\/span><\/li>\n<\/ul>\n<p><span style=\"font-family: 'Book Antiqua', Palatino; font-size: 120%; color: #333399;\">Den enda nackdelen \u00e4r att det elektriska motst\u00e5ndet och d\u00e4rmed sk\u00e4rmningseffekten per skikt \u00e4r ca 10 % l\u00e4gre \u00e4n med andra f\u00e4rger. Vi rekommenderar alltid att man applicerar 2 lager f\u00e4rg f\u00f6r att uppn\u00e5 35-40 dB d\u00e4mpning.<\/span><\/p>\n<div class=\"row\"  id=\"row-1414707547\">\n\n\n\t<div id=\"col-1826808462\" class=\"col medium-6 small-12 large-6\"  >\n\t\t\t\t<div class=\"col-inner\"  >\n\t\t\t\n\t\t\t\n\n<h3><span style=\"font-family: 'Book Antiqua', Palatino; font-size: 120%; color: #333399;\">Redo f\u00f6r 5G<\/span><\/h3>\n<p><span style=\"font-family: 'Book Antiqua', Palatino; font-size: 120%; color: #333399;\">Tack vare st\u00e4ndig utveckling har YShield-f\u00e4rgerna en n\u00e4stan linj\u00e4r d\u00e4mpning \u00f6ver ett mycket brett frekvensomr\u00e5de. Detta inkluderar de tv\u00e5 5G-frekvensspektren FR1 (600 MHz - 6 GHz) och FR2 (24 GHz - 40 GHz).<\/span><\/p>\n<h3><span style=\"font-family: 'Book Antiqua', Palatino; font-size: 120%; color: #333399;\">Tekniska specifikationer<\/span><\/h3>\n<p><span style=\"font-family: 'Book Antiqua', Palatino; font-size: 120%; color: #333399;\">Sammans\u00e4ttning: vatten, ren akryldispersion, kolfibrer, kimr\u00f6k, tillsatser, konserveringsmedel (MIT, INN, BIT). D\u00e4mpning: ett lager 32 dB | 2 lager 40 dB | 3 lager 48 dB. Angivna v\u00e4rden g\u00e4ller vid 1 GHz. M\u00e4tning fr\u00e5n 40\/600 MHz till 40 GHz enligt ASTM D4935-10 eller IEEE Std 299-2006 standarder.<\/span><\/p>\n\n\t\t<\/div>\n\t\t\t\t\t<\/div>\n\n\t\n\n\t<div id=\"col-1303883650\" class=\"col medium-6 small-12 large-6\"  >\n\t\t\t\t<div class=\"col-inner\"  >\n\t\t\t\n\t\t\t\n\n\t<div class=\"img has-hover x md-x lg-x y md-y lg-y\" id=\"image_61323345\">\n\t\t\t\t\t\t\t\t<div class=\"img-inner dark\" >\n\t\t\t<img loading=\"lazy\" decoding=\"async\" width=\"770\" height=\"740\" src=\"https:\/\/369agara.com\/wp-content\/uploads\/2025\/05\/Peinture-PRO54-YShield-1.jpg\" class=\"attachment-large size-large\" alt=\"\" srcset=\"https:\/\/369agara.com\/wp-content\/uploads\/2025\/05\/Peinture-PRO54-YShield-1.jpg 770w, https:\/\/369agara.com\/wp-content\/uploads\/2025\/05\/Peinture-PRO54-YShield-1-300x288.jpg 300w, https:\/\/369agara.com\/wp-content\/uploads\/2025\/05\/Peinture-PRO54-YShield-1-768x738.jpg 768w, https:\/\/369agara.com\/wp-content\/uploads\/2025\/05\/Peinture-PRO54-YShield-1-12x12.jpg 12w, https:\/\/369agara.com\/wp-content\/uploads\/2025\/05\/Peinture-PRO54-YShield-1-510x490.jpg 510w\" sizes=\"auto, (max-width: 770px) 100vw, 770px\" \/>\t\t\t\t\t\t\n\t\t\t\t\t<\/div>\n\t\t\t\t\t\t\t\t\n<style>\n#image_61323345 {\n  width: 100%;\n}\n<\/style>\n\t<\/div>\n\t\n\n\n\t\t<\/div>\n\t\t\t\t\t<\/div>\n\n\t\n\n<\/div>\n<h3><span style=\"font-family: 'Book Antiqua', Palatino; font-size: 120%; color: #333399;\">Antal som kr\u00e4vs :<\/span><\/h3>\n<p><span style=\"font-family: 'Book Antiqua', Palatino; font-size: 120%; color: #333399;\">(beroende p\u00e5 grundf\u00e4rg): ett skikt 5 till 7,5 m\u00b2\/liter, 2 skikt 2,5 till 3,75 m\u00b2\/liter Brandegenskaper: Denna produkt \u00e4r brandh\u00e4mmande enligt DIN 4102-1 eller DIN EN 13501-1. Kan med f\u00f6rdel t\u00e4ckas med plastbaserade emulsionsf\u00e4rger (latex), silikatdispersionsf\u00e4rger, fasadf\u00e4rger eller silikonhartsf\u00e4rger.<\/span><\/p>\n<p><span style=\"font-family: 'Book Antiqua', Palatino; font-size: 120%; color: #333399;\">Eftersom denna f\u00e4rg \u00e4r ledande \u00e4r jordning n\u00f6dv\u00e4ndig! Vi rekommenderar att du anv\u00e4nder EBX YShield jordningstejp + GW YShield jordningsplatta + GC YShield jordningskabel i \u00f6nskad l\u00e4ngd + GP YShield jordningsplugg inomhus, och AF3 additiv och GE jordningsplatta utomhus.<\/span><br \/><span style=\"font-family: 'Book Antiqua', Palatino; font-size: 120%; color: #333399;\">Tillval: F\u00f6r att fylla sprickor f\u00f6r b\u00e4ttre jordning rekommenderar vi AF3 fiberadditiv med l\u00e5nga ledande kolfibrer. Dessa kolfibrer kan ocks\u00e5 anv\u00e4ndas f\u00f6r att ers\u00e4tta EBX-band f\u00f6r m\u00e5lningsjordning.<\/span><\/p>\n<p><span style=\"font-family: 'Book Antiqua', Palatino; font-size: 120%; color: #333399;\">Frostbest\u00e4ndighet: denna produkt \u00e4r frostbest\u00e4ndig (5 frys\/tina-cykler testade) | Kan levereras \u00e5ret runt.<\/span><br \/><span style=\"font-family: 'Book Antiqua', Palatino; font-size: 120%; color: #333399;\">F\u00e4rgen inneh\u00e5ller inga kemiska eller metalliska partiklar och \u00e4r l\u00e5ngvarig, biokompatibel och allergiv\u00e4nlig - och uppfyller Habitat Biologys standarder. <\/span><br \/><span style=\"font-family: 'Book Antiqua', Palatino; font-size: 120%; color: #333399;\">F\u00e4rg p\u00e5 f\u00e4rgen: svart F\u00f6rvaringsstabilitet: svalt, se b\u00e4st f\u00f6re-datum p\u00e5 burken. <\/span><br \/><span style=\"font-family: 'Book Antiqua', Palatino; font-size: 120%; color: #333399;\">Sp\u00e4d aldrig ut! <\/span><br \/><span style=\"font-family: 'Book Antiqua', Palatino; font-size: 120%; color: #333399;\">Torktid: mellan 12 och 24 h Tv\u00e4ttbar med vatten VOC: 0,2 \/ liter (gr\u00e4nsv\u00e4rde fastst\u00e4llt av Europeiska unionen 2010: 30 g\/liter) <\/span><br \/><span style=\"font-family: 'Book Antiqua', Palatino; font-size: 120%; color: #333399;\">Kan appliceras med pensel, roller eller spray med ett munstycke st\u00f6rre \u00e4n 6 mm. <\/span><br \/><span style=\"font-family: 'Book Antiqua', Palatino; font-size: 120%; color: #333399;\">F\u00f6rpackning: 1 liters och 5 liters burkar <\/span><br \/><span style=\"font-family: 'Book Antiqua', Palatino; font-size: 120%; color: #333399;\">Ingen nanoteknik: avsk\u00e4rmande f\u00e4rger utvecklas i enlighet med strikta ekologiska kriterier. <\/span><\/p>\n<p><span style=\"font-family: 'Book Antiqua', Palatino; font-size: 120%; color: #333399;\">Tillverkad i Tyskland av YShield T\u00dcV-S\u00dcD-certifiering: Alla YShield-sk\u00e4rmf\u00e4rger \u00e4r T\u00dcV-S\u00dcD-testade. <\/span><br \/><span style=\"font-family: 'Book Antiqua', Palatino; font-size: 120%; color: #333399;\">Hela tillverkningsprocessen, inklusive kvalitetss\u00e4kring, produktutsl\u00e4pp och ekonomisk anv\u00e4ndning av konserveringsmedel, \u00f6vervakas.<\/span><\/p>\n<h3><span style=\"font-family: 'Book Antiqua', Palatino; font-size: 120%; color: #333399;\">Till\u00e4mpning<\/span><\/h3>\n<p><span style=\"font-family: 'Book Antiqua', Palatino; font-size: 120%; color: #333399;\">Applicera endast inomhus med pensel, roller eller munstycke.<\/span><br \/><span style=\"font-family: 'Book Antiqua', Palatino; font-size: 120%; color: #333399;\">Du hittar alla v\u00e5ra r\u00e5d i det praktiska bladet \"Applicering av v\u00e5gskyddsm\u00e5lning\", som du kan ladda ner fr\u00e5n v\u00e5r webbplats.<\/span><\/p>\n<p><span style=\"font-family: 'Book Antiqua', Palatino; font-size: 120%; color: #333399;\">Vi tar inget ansvar f\u00f6r skador p\u00e5 personer, djur eller f\u00f6rem\u00e5l som orsakas av felaktig applicering av f\u00e4rgen, i synnerhet jordning och elektrisk installation som inte \u00f6verensst\u00e4mmer med DIN 57100 \/ VDE 0100-standarderna. Vi rekommenderar att den elektriska installationen och jordningen av YShield\u00ae-f\u00e4rger kontrolleras av en specialiserad elektriker.<\/span><\/p>\n\n\t\t<\/div>\n\n\t\t\n<style>\n#section_950410466 {\n  padding-top: 30px;\n  padding-bottom: 30px;\n}\n#section_950410466 .ux-shape-divider--top svg {\n  height: 150px;\n  --divider-top-width: 100%;\n}\n#section_950410466 .ux-shape-divider--bottom svg {\n  height: 150px;\n  --divider-width: 100%;\n}\n<\/style>\n\t<\/section>","protected":false},"excerpt":{"rendered":"","protected":false},"author":1,"featured_media":0,"parent":0,"menu_order":0,"comment_status":"closed","ping_status":"closed","template":"","meta":{"footnotes":""},"class_list":["post-3836","page","type-page","status-publish","hentry"],"yoast_head":"<!-- This site is optimized with the Yoast SEO Premium plugin v25.1 (Yoast SEO v27.4) - https:\/\/yoast.com\/product\/yoast-seo-premium-wordpress\/ -->\n<title>Fiche technique peinture anti-ondes Yshield | Agara<\/title>\n<meta name=\"robots\" content=\"index, follow, max-snippet:-1, max-image-preview:large, max-video-preview:-1\" \/>\n<link rel=\"canonical\" href=\"https:\/\/369agara.com\/sv\/fiche-technique-peinture-anti-ondes-yshield\/\" \/>\n<meta property=\"og:locale\" content=\"sv_SE\" \/>\n<meta property=\"og:type\" content=\"article\" \/>\n<meta property=\"og:title\" content=\"Fiche technique peinture anti-ondes Yshield\" \/>\n<meta property=\"og:url\" content=\"https:\/\/369agara.com\/sv\/fiche-technique-peinture-anti-ondes-yshield\/\" \/>\n<meta property=\"og:site_name\" content=\"Agara\" \/>\n<meta property=\"article:modified_time\" content=\"2025-05-13T08:45:49+00:00\" \/>\n<meta name=\"twitter:card\" content=\"summary_large_image\" \/>\n<script type=\"application\/ld+json\" class=\"yoast-schema-graph\">{\"@context\":\"https:\\\/\\\/schema.org\",\"@graph\":[{\"@type\":\"WebPage\",\"@id\":\"https:\\\/\\\/369agara.com\\\/fiche-technique-peinture-anti-ondes-yshield\\\/\",\"url\":\"https:\\\/\\\/369agara.com\\\/fiche-technique-peinture-anti-ondes-yshield\\\/\",\"name\":\"Fiche technique peinture anti-ondes Yshield | Agara\",\"isPartOf\":{\"@id\":\"https:\\\/\\\/369agara.com\\\/#website\"},\"datePublished\":\"2025-05-12T22:03:16+00:00\",\"dateModified\":\"2025-05-13T08:45:49+00:00\",\"breadcrumb\":{\"@id\":\"https:\\\/\\\/369agara.com\\\/fiche-technique-peinture-anti-ondes-yshield\\\/#breadcrumb\"},\"inLanguage\":\"sv-SE\",\"potentialAction\":[{\"@type\":\"ReadAction\",\"target\":[\"https:\\\/\\\/369agara.com\\\/fiche-technique-peinture-anti-ondes-yshield\\\/\"]}]},{\"@type\":\"BreadcrumbList\",\"@id\":\"https:\\\/\\\/369agara.com\\\/fiche-technique-peinture-anti-ondes-yshield\\\/#breadcrumb\",\"itemListElement\":[{\"@type\":\"ListItem\",\"position\":1,\"name\":\"Accueil\",\"item\":\"https:\\\/\\\/369agara.com\\\/\"},{\"@type\":\"ListItem\",\"position\":2,\"name\":\"Fiche technique peinture anti-ondes Yshield\"}]},{\"@type\":\"WebSite\",\"@id\":\"https:\\\/\\\/369agara.com\\\/#website\",\"url\":\"https:\\\/\\\/369agara.com\\\/\",\"name\":\"Livsrikedomar\",\"description\":\"D\u00e9connectez pour mieux vous connecter\",\"publisher\":{\"@id\":\"https:\\\/\\\/369agara.com\\\/#organization\"},\"potentialAction\":[{\"@type\":\"SearchAction\",\"target\":{\"@type\":\"EntryPoint\",\"urlTemplate\":\"https:\\\/\\\/369agara.com\\\/?s={search_term_string}\"},\"query-input\":{\"@type\":\"PropertyValueSpecification\",\"valueRequired\":true,\"valueName\":\"search_term_string\"}}],\"inLanguage\":\"sv-SE\"},{\"@type\":\"Organization\",\"@id\":\"https:\\\/\\\/369agara.com\\\/#organization\",\"name\":\"EACreations\",\"url\":\"https:\\\/\\\/369agara.com\\\/\",\"logo\":{\"@type\":\"ImageObject\",\"inLanguage\":\"sv-SE\",\"@id\":\"https:\\\/\\\/369agara.com\\\/#\\\/schema\\\/logo\\\/image\\\/\",\"url\":\"\",\"contentUrl\":\"\",\"caption\":\"EACreations\"},\"image\":{\"@id\":\"https:\\\/\\\/369agara.com\\\/#\\\/schema\\\/logo\\\/image\\\/\"}}]}<\/script>\n<!-- \/ Yoast SEO Premium plugin. -->","yoast_head_json":{"title":"Fiche technique peinture anti-ondes Yshield | Agara","robots":{"index":"index","follow":"follow","max-snippet":"max-snippet:-1","max-image-preview":"max-image-preview:large","max-video-preview":"max-video-preview:-1"},"canonical":"https:\/\/369agara.com\/sv\/fiche-technique-peinture-anti-ondes-yshield\/","og_locale":"sv_SE","og_type":"article","og_title":"Fiche technique peinture anti-ondes Yshield","og_url":"https:\/\/369agara.com\/sv\/fiche-technique-peinture-anti-ondes-yshield\/","og_site_name":"Agara","article_modified_time":"2025-05-13T08:45:49+00:00","twitter_card":"summary_large_image","schema":{"@context":"https:\/\/schema.org","@graph":[{"@type":"WebPage","@id":"https:\/\/369agara.com\/fiche-technique-peinture-anti-ondes-yshield\/","url":"https:\/\/369agara.com\/fiche-technique-peinture-anti-ondes-yshield\/","name":"Fiche technique peinture anti-ondes Yshield | Agara","isPartOf":{"@id":"https:\/\/369agara.com\/#website"},"datePublished":"2025-05-12T22:03:16+00:00","dateModified":"2025-05-13T08:45:49+00:00","breadcrumb":{"@id":"https:\/\/369agara.com\/fiche-technique-peinture-anti-ondes-yshield\/#breadcrumb"},"inLanguage":"sv-SE","potentialAction":[{"@type":"ReadAction","target":["https:\/\/369agara.com\/fiche-technique-peinture-anti-ondes-yshield\/"]}]},{"@type":"BreadcrumbList","@id":"https:\/\/369agara.com\/fiche-technique-peinture-anti-ondes-yshield\/#breadcrumb","itemListElement":[{"@type":"ListItem","position":1,"name":"Accueil","item":"https:\/\/369agara.com\/"},{"@type":"ListItem","position":2,"name":"Fiche technique peinture anti-ondes Yshield"}]},{"@type":"WebSite","@id":"https:\/\/369agara.com\/#website","url":"https:\/\/369agara.com\/","name":"Livsrikedomar","description":"Koppla bort f\u00f6r att skapa b\u00e4ttre kontakt","publisher":{"@id":"https:\/\/369agara.com\/#organization"},"potentialAction":[{"@type":"SearchAction","target":{"@type":"EntryPoint","urlTemplate":"https:\/\/369agara.com\/?s={search_term_string}"},"query-input":{"@type":"PropertyValueSpecification","valueRequired":true,"valueName":"search_term_string"}}],"inLanguage":"sv-SE"},{"@type":"Organization","@id":"https:\/\/369agara.com\/#organization","name":"EACreations","url":"https:\/\/369agara.com\/","logo":{"@type":"ImageObject","inLanguage":"sv-SE","@id":"https:\/\/369agara.com\/#\/schema\/logo\/image\/","url":"","contentUrl":"","caption":"EACreations"},"image":{"@id":"https:\/\/369agara.com\/#\/schema\/logo\/image\/"}}]}},"jetpack_sharing_enabled":true,"_links":{"self":[{"href":"https:\/\/369agara.com\/sv\/wp-json\/wp\/v2\/pages\/3836","targetHints":{"allow":["GET"]}}],"collection":[{"href":"https:\/\/369agara.com\/sv\/wp-json\/wp\/v2\/pages"}],"about":[{"href":"https:\/\/369agara.com\/sv\/wp-json\/wp\/v2\/types\/page"}],"author":[{"embeddable":true,"href":"https:\/\/369agara.com\/sv\/wp-json\/wp\/v2\/users\/1"}],"replies":[{"embeddable":true,"href":"https:\/\/369agara.com\/sv\/wp-json\/wp\/v2\/comments?post=3836"}],"version-history":[{"count":3,"href":"https:\/\/369agara.com\/sv\/wp-json\/wp\/v2\/pages\/3836\/revisions"}],"predecessor-version":[{"id":3840,"href":"https:\/\/369agara.com\/sv\/wp-json\/wp\/v2\/pages\/3836\/revisions\/3840"}],"wp:attachment":[{"href":"https:\/\/369agara.com\/sv\/wp-json\/wp\/v2\/media?parent=3836"}],"curies":[{"name":"wp","href":"https:\/\/api.w.org\/{rel}","templated":true}]}}