{"id":3877,"date":"2025-05-14T12:26:02","date_gmt":"2025-05-14T10:26:02","guid":{"rendered":"https:\/\/369agara.com\/?page_id=3877"},"modified":"2026-02-01T20:42:14","modified_gmt":"2026-02-01T19:42:14","slug":"mentions-legales","status":"publish","type":"page","link":"https:\/\/369agara.com\/sv\/mentions-legales\/","title":{"rendered":"Juridisk information"},"content":{"rendered":"<section class=\"section\" id=\"section_50276587\">\n\t\t<div class=\"bg section-bg fill bg-fill bg-loaded bg-loaded\" >\n\n\t\t\t\n\t\t\t\n\t\t\t\n\n\t\t<\/div>\n\n\t\t\n\n\t\t<div class=\"section-content relative\">\n\t\t\t\n\n<p><span style=\"font-family: Book Antiqua, Palatino; font-size: 120%; color: #000080;\"><strong>Juridisk information<\/strong><\/span><\/p>\n<p><span style=\"font-family: Book Antiqua, Palatino; font-size: 120%; color: #000080;\">I enlighet med best\u00e4mmelserna i artiklarna 6-III och 19 i lag nr 2004-575 av den 21 juni 2004 om f\u00f6rtroende f\u00f6r den digitala ekonomin (LCEN), informeras h\u00e4rmed webbplatsens anv\u00e4ndare om att <strong><a style=\"color: #000080;\" href=\"http:\/\/www.369agara.com\/\">www.<\/a><a style=\"color: #000080;\" href=\"http:\/\/www.agara.com\/\">369<\/a><a style=\"color: #000080;\" href=\"http:\/\/www.369agara.com\/\">agara.com<\/a><\/strong> detta r\u00e4ttsliga meddelande.<\/span><\/p>\n<hr \/>\n<h2><span style=\"font-family: Book Antiqua, Palatino; font-size: 120%; color: #000080;\"><strong>Utgivare av webbplatsen<\/strong><\/span><\/h2>\n<p><span style=\"font-family: Book Antiqua, Palatino; font-size: 120%; color: #000080;\">Webbplatsen <strong><a style=\"color: #000080;\" href=\"http:\/\/www.369agara.com\/\">www.<\/a><a style=\"color: #000080;\" href=\"http:\/\/www.agara.com\/\">369<\/a><a style=\"color: #000080;\" href=\"http:\/\/www.369agara.com\/\">agara.com<\/a><\/strong> ges ut av :<\/span><br \/><span style=\"font-family: Book Antiqua, Palatino; font-size: 120%; color: #000080;\"><strong>M<\/strong><strong>oi<\/strong>en enskild n\u00e4ringsidkare som \u00e4r registrerad som<strong>egenf\u00f6retagare<\/strong>.<\/span><\/p>\n<ul>\n<li>\n<p><span style=\"font-family: Book Antiqua, Palatino; font-size: 120%; color: #000080;\"><strong>Handelsnamn<\/strong> : 369Agara<\/span><\/p>\n<\/li>\n<li>\n<p><span style=\"font-family: Book Antiqua, Palatino; font-size: 120%; color: #000080;\"><strong>Adress till registrerat kontor<\/strong> :\u00a0<\/span><br \/><span style=\"font-family: Book Antiqua, Palatino; font-size: 120%; color: #000080;\">XXXXXXXXXXX<\/span><br \/><span style=\"font-family: Book Antiqua, Palatino; font-size: 120%; color: #000080;\">XXXXXXXXXXX<\/span><br \/><span style=\"font-family: Book Antiqua, Palatino; font-size: 120%; color: #000080;\">XXXXXXXXXXX<\/span><\/p>\n<\/li>\n<li>\n<p><span style=\"font-family: Book Antiqua, Palatino; font-size: 120%; color: #000080;\"><strong>SIRET-nummer<\/strong> : XXXXXXXXXXXXXXXX<\/span><\/p>\n<\/li>\n<li>\n<p><span style=\"font-family: Book Antiqua, Palatino; font-size: 120%; color: #000080;\"><strong>Moms ej till\u00e4mplig<\/strong>Artikel 293 B i den allm\u00e4nna skattelagen<\/span><\/p>\n<\/li>\n<li>\n<p><span style=\"font-family: Book Antiqua, Palatino; font-size: 120%; color: #000080;\"><strong>E-postadress<\/strong> : 369agara@gmail.com<\/span><\/p>\n<\/li>\n<li>\n<p><span style=\"font-family: Book Antiqua, Palatino; font-size: 120%; color: #000080;\"><strong>Telefon<\/strong> : +33 6 59 50 16 05<\/span><\/p>\n<\/li>\n<\/ul>\n<hr \/>\n<h2><span style=\"font-family: Book Antiqua, Palatino; font-size: 120%; color: #000080;\"><strong>F\u00f6rlagschef<\/strong><\/span><\/h2>\n<p><span style=\"font-family: Book Antiqua, Palatino; font-size: 120%; color: #000080;\"><strong>Jag<\/strong>i egenskap av utgivare av webbplatsen.<\/span><\/p>\n<hr \/>\n<h2><span style=\"font-family: Book Antiqua, Palatino; font-size: 120%; color: #000080;\"><strong>Webbplatsv\u00e4rd<\/strong><\/span><\/h2>\n<p><span style=\"font-family: Book Antiqua, Palatino; font-size: 120%; color: #000080;\">Webbplatsen <strong><a style=\"color: #000080;\" href=\"http:\/\/www.369agara.com\/\">www.369agara.com<\/a><\/strong> \u00e4r v\u00e4rd f\u00f6r :<\/span><br \/><span style=\"font-family: Book Antiqua, Palatino; font-size: 120%; color: #000080;\"><strong>IONOS<\/strong><\/span><\/p>\n<ul>\n<li>\n<p><span style=\"font-family: Book Antiqua, Palatino; font-size: 120%; color: #000080;\"><strong>F\u00f6retagets namn<\/strong> : <\/span><br \/><span style=\"font-family: Book Antiqua, Palatino; font-size: 120%; color: #000080;\">IONOS SARL<\/span><\/p>\n<\/li>\n<li>\n<p><span style=\"font-family: Book Antiqua, Palatino; font-size: 120%; color: #000080;\"><strong>Adress<\/strong> : <\/span><br \/><span style=\"font-family: Book Antiqua, Palatino; font-size: 120%; color: #000080;\">7, Place de la Gare<\/span><br \/><span style=\"font-family: Book Antiqua, Palatino; font-size: 120%; color: #000080;\">BP 70109<\/span><br \/><span style=\"font-family: Book Antiqua, Palatino; font-size: 120%; color: #000080;\">57200 Sarreguemines Cedex, Frankrike<\/span><\/p>\n<\/li>\n<li>\n<p><span style=\"font-family: Book Antiqua, Palatino; font-size: 120%; color: #000080;\"><strong>Kontakt<\/strong> : <\/span><br \/><span style=\"font-family: Book Antiqua, Palatino; font-size: 120%; color: #000080;\">Kundtj\u00e4nst per telefon 24 timmar om dygnet, 7 dagar i veckan p\u00e5 0970 808 911 (utan till\u00e4ggsavgift) eller per e-post p\u00e5 f\u00f6ljande adress: info@ionos.fr<\/span><\/p>\n<\/li>\n<li>\n<p><span style=\"font-family: Book Antiqua, Palatino; font-size: 120%; color: #000080;\"><strong>Webbplats<\/strong> : <\/span><br \/><span style=\"font-family: Book Antiqua, Palatino; font-size: 120%; color: #000080;\">www.ionos.fr<\/span><\/p>\n<\/li>\n<\/ul>\n<hr \/>\n<h2><span style=\"font-family: Book Antiqua, Palatino; font-size: 120%; color: #000080;\"><strong>Immateriella r\u00e4ttigheter<\/strong><\/span><\/h2>\n<p><span style=\"font-family: Book Antiqua, Palatino; font-size: 120%; color: #000080;\">Hela inneh\u00e5llet p\u00e5 webbplatsen <strong><a style=\"color: #000080;\" href=\"http:\/\/www.369agara.com\/\">www.369agara.com<\/a><\/strong> (text, bilder, illustrationer, logotyper, videor, nedladdningsbara filer etc.) skyddas av immaterialr\u00e4tten och f\u00f6rblir utgivarens exklusiva egendom, om inget annat anges.<\/span><\/p>\n<p><span style=\"font-family: Book Antiqua, Palatino; font-size: 120%; color: #000080;\">All reproduktion, representation, distribution eller anv\u00e4ndning, helt eller delvis, utan f\u00f6reg\u00e5ende skriftligt tillst\u00e5nd \u00e4r f\u00f6rbjuden.<\/span><\/p>\n<hr \/>\n<h2><span style=\"font-family: Book Antiqua, Palatino; font-size: 120%; color: #000080;\"><strong>Begr\u00e4nsning av ansvar<\/strong><\/span><\/h2>\n<p><span style=\"font-family: Book Antiqua, Palatino; font-size: 120%; color: #000080;\">Redakt\u00f6ren f\u00f6r webbplatsen kan inte h\u00e5llas ansvarig f\u00f6r eventuella fel eller brister i den information som publiceras, f\u00f6r att webbplatsen tillf\u00e4lligt inte \u00e4r tillg\u00e4nglig eller f\u00f6r direkta eller indirekta skador som kan uppst\u00e5 till f\u00f6ljd av anv\u00e4ndningen av den.<\/span><\/p>\n<hr \/>\n<h2><span style=\"font-family: Book Antiqua, Palatino; font-size: 120%; color: #000080;\"><strong>Personuppgifter (RGPD)<\/strong><\/span><\/h2>\n<p><span style=\"font-family: Book Antiqua, Palatino; font-size: 120%; color: #000080;\">I enlighet med <strong>Allm\u00e4n dataskyddsf\u00f6rordning (GDPR)<\/strong>Anv\u00e4ndarna har r\u00e4tt att f\u00e5 tillg\u00e5ng till, korrigera, radera och porta sina personuppgifter.<\/span><\/p>\n<p><span style=\"font-family: Book Antiqua, Palatino; font-size: 120%; color: #000080;\">Data som samlas in via webbplatsen <strong><a style=\"color: #000080;\" href=\"http:\/\/www.369agara.com\/\">www.<\/a><a style=\"color: #000080;\" href=\"http:\/\/www.agara.com\/\">369<\/a><a style=\"color: #000080;\" href=\"http:\/\/www.369agara.com\/\">agara.com<\/a><\/strong> anv\u00e4nds uteslutande inom ramen f\u00f6r det kommersiella f\u00f6rh\u00e5llandet eller f\u00f6r att f\u00f6rb\u00e4ttra anv\u00e4ndarupplevelsen. Inga uppgifter \u00f6verf\u00f6rs eller s\u00e4ljs till tredje part.<\/span><\/p>\n<p><span style=\"font-family: Book Antiqua, Palatino; font-size: 120%; color: #000080;\">F\u00f6r att ut\u00f6va dina r\u00e4ttigheter, v\u00e4nligen kontakta oss p\u00e5 : <strong>369agara@gmail.com<\/strong><\/span><\/p>\n<hr \/>\n<h2><span style=\"font-family: Book Antiqua, Palatino; font-size: 120%; color: #000080;\"><strong>Kakor<\/strong><\/span><\/h2>\n<p><span style=\"font-family: Book Antiqua, Palatino; font-size: 120%; color: #000080;\">Webbplatsen kan anv\u00e4nda cookies f\u00f6r att s\u00e4kerst\u00e4lla att den fungerar korrekt, f\u00f6r att f\u00f6rb\u00e4ttra surfningen och f\u00f6r att sammanst\u00e4lla anonym statistik.<\/span><\/p>\n<p><span style=\"font-family: Book Antiqua, Palatino; font-size: 120%; color: #000080;\">Du kan avaktivera cookies via inst\u00e4llningarna i din webbl\u00e4sare.<\/span><\/p>\n<hr \/>\n<h2><span style=\"font-family: Book Antiqua, Palatino; font-size: 120%; color: #000080;\"><strong>Krediter<\/strong><\/span><\/h2>\n<p><span style=\"font-family: Book Antiqua, Palatino; font-size: 120%; color: #000080;\">Webbdesign, text och utveckling: <strong>Jag<\/strong><\/span><br \/><span style=\"font-family: Book Antiqua, Palatino; font-size: 120%; color: #000080;\">Bilder: copyrightfria \/ \u00e4gander\u00e4ttsskyddade \/ levererade av partners Pexel, La Poste, DPD, Stripe, Choix de Vie, Musique des plantes, Arc En Ciel Innovations, StructWater.<\/span><\/p>\n\n\t\t<\/div>\n\n\t\t\n<style>\n#section_50276587 {\n  padding-top: 30px;\n  padding-bottom: 30px;\n}\n#section_50276587 .ux-shape-divider--top svg {\n  height: 150px;\n  --divider-top-width: 100%;\n}\n#section_50276587 .ux-shape-divider--bottom svg {\n  height: 150px;\n  --divider-width: 100%;\n}\n<\/style>\n\t<\/section>","protected":false},"excerpt":{"rendered":"","protected":false},"author":1,"featured_media":0,"parent":0,"menu_order":0,"comment_status":"closed","ping_status":"closed","template":"","meta":{"footnotes":""},"class_list":["post-3877","page","type-page","status-publish","hentry"],"yoast_head":"<!-- This site is optimized with the Yoast SEO Premium plugin v25.1 (Yoast SEO v27.4) - https:\/\/yoast.com\/product\/yoast-seo-premium-wordpress\/ -->\n<title>Mentions l\u00e9gales | Agara<\/title>\n<meta name=\"robots\" content=\"index, follow, max-snippet:-1, max-image-preview:large, max-video-preview:-1\" \/>\n<link rel=\"canonical\" href=\"https:\/\/369agara.com\/sv\/mentions-legales\/\" \/>\n<meta property=\"og:locale\" content=\"sv_SE\" \/>\n<meta property=\"og:type\" content=\"article\" \/>\n<meta property=\"og:title\" content=\"Mentions l\u00e9gales\" \/>\n<meta property=\"og:url\" content=\"https:\/\/369agara.com\/sv\/mentions-legales\/\" \/>\n<meta property=\"og:site_name\" content=\"Agara\" \/>\n<meta property=\"article:modified_time\" content=\"2026-02-01T19:42:14+00:00\" \/>\n<meta name=\"twitter:card\" content=\"summary_large_image\" \/>\n<script type=\"application\/ld+json\" class=\"yoast-schema-graph\">{\"@context\":\"https:\\\/\\\/schema.org\",\"@graph\":[{\"@type\":\"WebPage\",\"@id\":\"https:\\\/\\\/369agara.com\\\/mentions-legales\\\/\",\"url\":\"https:\\\/\\\/369agara.com\\\/mentions-legales\\\/\",\"name\":\"Mentions l\u00e9gales | Agara\",\"isPartOf\":{\"@id\":\"https:\\\/\\\/369agara.com\\\/#website\"},\"datePublished\":\"2025-05-14T10:26:02+00:00\",\"dateModified\":\"2026-02-01T19:42:14+00:00\",\"breadcrumb\":{\"@id\":\"https:\\\/\\\/369agara.com\\\/mentions-legales\\\/#breadcrumb\"},\"inLanguage\":\"sv-SE\",\"potentialAction\":[{\"@type\":\"ReadAction\",\"target\":[\"https:\\\/\\\/369agara.com\\\/mentions-legales\\\/\"]}]},{\"@type\":\"BreadcrumbList\",\"@id\":\"https:\\\/\\\/369agara.com\\\/mentions-legales\\\/#breadcrumb\",\"itemListElement\":[{\"@type\":\"ListItem\",\"position\":1,\"name\":\"Accueil\",\"item\":\"https:\\\/\\\/369agara.com\\\/\"},{\"@type\":\"ListItem\",\"position\":2,\"name\":\"Mentions l\u00e9gales\"}]},{\"@type\":\"WebSite\",\"@id\":\"https:\\\/\\\/369agara.com\\\/#website\",\"url\":\"https:\\\/\\\/369agara.com\\\/\",\"name\":\"Livsrikedomar\",\"description\":\"D\u00e9connectez pour mieux vous connecter\",\"publisher\":{\"@id\":\"https:\\\/\\\/369agara.com\\\/#organization\"},\"potentialAction\":[{\"@type\":\"SearchAction\",\"target\":{\"@type\":\"EntryPoint\",\"urlTemplate\":\"https:\\\/\\\/369agara.com\\\/?s={search_term_string}\"},\"query-input\":{\"@type\":\"PropertyValueSpecification\",\"valueRequired\":true,\"valueName\":\"search_term_string\"}}],\"inLanguage\":\"sv-SE\"},{\"@type\":\"Organization\",\"@id\":\"https:\\\/\\\/369agara.com\\\/#organization\",\"name\":\"EACreations\",\"url\":\"https:\\\/\\\/369agara.com\\\/\",\"logo\":{\"@type\":\"ImageObject\",\"inLanguage\":\"sv-SE\",\"@id\":\"https:\\\/\\\/369agara.com\\\/#\\\/schema\\\/logo\\\/image\\\/\",\"url\":\"\",\"contentUrl\":\"\",\"caption\":\"EACreations\"},\"image\":{\"@id\":\"https:\\\/\\\/369agara.com\\\/#\\\/schema\\\/logo\\\/image\\\/\"}}]}<\/script>\n<!-- \/ Yoast SEO Premium plugin. -->","yoast_head_json":{"title":"Mentions l\u00e9gales | Agara","robots":{"index":"index","follow":"follow","max-snippet":"max-snippet:-1","max-image-preview":"max-image-preview:large","max-video-preview":"max-video-preview:-1"},"canonical":"https:\/\/369agara.com\/sv\/mentions-legales\/","og_locale":"sv_SE","og_type":"article","og_title":"Mentions l\u00e9gales","og_url":"https:\/\/369agara.com\/sv\/mentions-legales\/","og_site_name":"Agara","article_modified_time":"2026-02-01T19:42:14+00:00","twitter_card":"summary_large_image","schema":{"@context":"https:\/\/schema.org","@graph":[{"@type":"WebPage","@id":"https:\/\/369agara.com\/mentions-legales\/","url":"https:\/\/369agara.com\/mentions-legales\/","name":"Mentions l\u00e9gales | Agara","isPartOf":{"@id":"https:\/\/369agara.com\/#website"},"datePublished":"2025-05-14T10:26:02+00:00","dateModified":"2026-02-01T19:42:14+00:00","breadcrumb":{"@id":"https:\/\/369agara.com\/mentions-legales\/#breadcrumb"},"inLanguage":"sv-SE","potentialAction":[{"@type":"ReadAction","target":["https:\/\/369agara.com\/mentions-legales\/"]}]},{"@type":"BreadcrumbList","@id":"https:\/\/369agara.com\/mentions-legales\/#breadcrumb","itemListElement":[{"@type":"ListItem","position":1,"name":"Accueil","item":"https:\/\/369agara.com\/"},{"@type":"ListItem","position":2,"name":"Mentions l\u00e9gales"}]},{"@type":"WebSite","@id":"https:\/\/369agara.com\/#website","url":"https:\/\/369agara.com\/","name":"Livsrikedomar","description":"Koppla bort f\u00f6r att skapa b\u00e4ttre kontakt","publisher":{"@id":"https:\/\/369agara.com\/#organization"},"potentialAction":[{"@type":"SearchAction","target":{"@type":"EntryPoint","urlTemplate":"https:\/\/369agara.com\/?s={search_term_string}"},"query-input":{"@type":"PropertyValueSpecification","valueRequired":true,"valueName":"search_term_string"}}],"inLanguage":"sv-SE"},{"@type":"Organization","@id":"https:\/\/369agara.com\/#organization","name":"EACreations","url":"https:\/\/369agara.com\/","logo":{"@type":"ImageObject","inLanguage":"sv-SE","@id":"https:\/\/369agara.com\/#\/schema\/logo\/image\/","url":"","contentUrl":"","caption":"EACreations"},"image":{"@id":"https:\/\/369agara.com\/#\/schema\/logo\/image\/"}}]}},"jetpack_sharing_enabled":true,"_links":{"self":[{"href":"https:\/\/369agara.com\/sv\/wp-json\/wp\/v2\/pages\/3877","targetHints":{"allow":["GET"]}}],"collection":[{"href":"https:\/\/369agara.com\/sv\/wp-json\/wp\/v2\/pages"}],"about":[{"href":"https:\/\/369agara.com\/sv\/wp-json\/wp\/v2\/types\/page"}],"author":[{"embeddable":true,"href":"https:\/\/369agara.com\/sv\/wp-json\/wp\/v2\/users\/1"}],"replies":[{"embeddable":true,"href":"https:\/\/369agara.com\/sv\/wp-json\/wp\/v2\/comments?post=3877"}],"version-history":[{"count":4,"href":"https:\/\/369agara.com\/sv\/wp-json\/wp\/v2\/pages\/3877\/revisions"}],"predecessor-version":[{"id":4205,"href":"https:\/\/369agara.com\/sv\/wp-json\/wp\/v2\/pages\/3877\/revisions\/4205"}],"wp:attachment":[{"href":"https:\/\/369agara.com\/sv\/wp-json\/wp\/v2\/media?parent=3877"}],"curies":[{"name":"wp","href":"https:\/\/api.w.org\/{rel}","templated":true}]}}