{"id":3880,"date":"2025-05-14T12:45:57","date_gmt":"2025-05-14T10:45:57","guid":{"rendered":"https:\/\/369agara.com\/?page_id=3880"},"modified":"2025-12-11T16:43:14","modified_gmt":"2025-12-11T15:43:14","slug":"politique-de-confidentialite","status":"publish","type":"page","link":"https:\/\/369agara.com\/sv\/politique-de-confidentialite\/","title":{"rendered":"Integritetspolicy"},"content":{"rendered":"<section class=\"section\" id=\"section_2052768670\">\n\t\t<div class=\"bg section-bg fill bg-fill bg-loaded bg-loaded\" >\n\n\t\t\t\n\t\t\t\n\t\t\t\n\n\t\t<\/div>\n\n\t\t\n\n\t\t<div class=\"section-content relative\">\n\t\t\t\n\n<h1><span style=\"font-family: Book Antiqua, Palatino; font-size: 120%;\"><strong>Integritetspolicy<\/strong><\/span><\/h1>\n<p><span style=\"font-family: Book Antiqua, Palatino; font-size: 120%;\"><strong>Senaste uppdatering: 11\/12\/2025<\/strong><\/span><\/p>\n<p><span style=\"font-family: Book Antiqua, Palatino; font-size: 120%;\">Syftet med denna sekretesspolicy \u00e4r att informera anv\u00e4ndare av webbplatsen <strong><a href=\"http:\/\/www.369agara.com\/\">www.369agara.com<\/a><\/strong> hur deras personuppgifter samlas in, behandlas, lagras och skyddas, i enlighet med lagen. <strong>Allm\u00e4n dataskyddsf\u00f6rordning (GDPR - EU 2016\/679)<\/strong> och den franska lagen om dataskydd.<\/span><\/p>\n<hr \/>\n<h2><span style=\"font-family: Book Antiqua, Palatino; font-size: 120%;\"><strong>1. Personuppgiftsansvarig<\/strong><\/span><\/h2>\n<ul>\n<li><span style=\"font-family: Book Antiqua, Palatino; font-size: 120%;\">Personuppgiftsansvarig \u00e4r :<\/span><br \/><span style=\"font-family: Book Antiqua, Palatino; font-size: 120%;\"><strong>Aur\u00e9lien Louali<\/strong><\/span><\/li>\n<li><span style=\"font-family: Book Antiqua, Palatino; font-size: 120%;\">Egenf\u00f6retagare registrerad under SIRET-nummer XXXXXXXXXXXXXX<\/span><\/li>\n<li><span style=\"font-family: Book Antiqua, Palatino; font-size: 120%;\">Adress:<\/span><br \/><span style=\"font-family: Book Antiqua, Palatino; font-size: 120%;\">XXXXXXXXXXXXXXXXXXXXX<\/span><br \/><span style=\"font-family: Book Antiqua, Palatino; font-size: 120%;\">XXXXXXXXXXXXXXXXXXXXX<\/span><br \/><span style=\"font-family: Book Antiqua, Palatino; font-size: 120%;\">XXXXXXXXXXXXXXXXXXXXX<\/span><\/li>\n<li><span style=\"font-family: Book Antiqua, Palatino; font-size: 120%;\">Kontakta e-post : <\/span><br \/><span style=\"font-family: Book Antiqua, Palatino; font-size: 120%;\">369agara@gmail.com<\/span><\/li>\n<\/ul>\n<hr \/>\n<h2><span style=\"font-family: Book Antiqua, Palatino; font-size: 120%;\"><strong>2. Insamlade uppgifter<\/strong><\/span><\/h2>\n<p><span style=\"font-family: Book Antiqua, Palatino; font-size: 120%;\">Vi samlar endast in de uppgifter som \u00e4r n\u00f6dv\u00e4ndiga f\u00f6r :<\/span><\/p>\n<ul>\n<li>\n<p><span style=\"font-family: Book Antiqua, Palatino; font-size: 120%;\">Orderhantering och kundservice;<\/span><\/p>\n<\/li>\n<li>\n<p><span style=\"font-family: Book Antiqua, Palatino; font-size: 120%;\">F\u00f6r att f\u00f6rb\u00e4ttra navigeringen p\u00e5 webbplatsen;<\/span><\/p>\n<\/li>\n<li>\n<p><span style=\"font-family: Book Antiqua, Palatino; font-size: 120%;\">Eventuellt utskick av personaliserad kommunikation (med samtycke).<\/span><\/p>\n<\/li>\n<\/ul>\n<h3><span style=\"font-family: Book Antiqua, Palatino; font-size: 120%;\">F\u00f6ljande uppgifter kan komma att samlas in:<\/span><\/h3>\n<ul>\n<li>\n<p><span style=\"font-family: Book Antiqua, Palatino; font-size: 120%;\">F\u00f6rnamn och efternamn ;<\/span><\/p>\n<\/li>\n<li>\n<p><span style=\"font-family: Book Antiqua, Palatino; font-size: 120%;\">Postadress och telefonnummer;<\/span><\/p>\n<\/li>\n<li>\n<p><span style=\"font-family: Book Antiqua, Palatino; font-size: 120%;\">E-postadress ;<\/span><\/p>\n<\/li>\n<li>\n<p><span style=\"font-family: Book Antiqua, Palatino; font-size: 120%;\">Telefon nummer ;<\/span><\/p>\n<\/li>\n<li>\n<p><span style=\"font-family: Book Antiqua, Palatino; font-size: 120%;\">Order- och betalningsinformation (via Stripe) ;<\/span><\/p>\n<\/li>\n<li>\n<p><span style=\"font-family: Book Antiqua, Palatino; font-size: 120%;\">IP-adress och webbl\u00e4sardata (via analytiska cookies) ;<\/span><\/p>\n<\/li>\n<li>\n<p><span style=\"font-family: Book Antiqua, Palatino; font-size: 120%;\">All annan information som l\u00e4mnas frivilligt via v\u00e5ra formul\u00e4r.<\/span><\/p>\n<\/li>\n<\/ul>\n<hr \/>\n<h2><span style=\"font-family: Book Antiqua, Palatino; font-size: 120%;\"><strong>3. \u00c4ndam\u00e5len med behandlingen<\/strong><\/span><\/h2>\n<p><span style=\"font-family: Book Antiqua, Palatino; font-size: 120%;\">Dina uppgifter behandlas f\u00f6r f\u00f6ljande \u00e4ndam\u00e5l:<\/span><\/p>\n<ul>\n<li>\n<p><span style=\"font-family: Book Antiqua, Palatino; font-size: 120%;\">Orderhantering ;<\/span><\/p>\n<\/li>\n<li>\n<p><span style=\"font-family: Book Antiqua, Palatino; font-size: 120%;\">Fakturering ;<\/span><\/p>\n<\/li>\n<li>\n<p><span style=\"font-family: Book Antiqua, Palatino; font-size: 120%;\">Produktleverans ;<\/span><\/p>\n<\/li>\n<li>\n<p><span style=\"font-family: Book Antiqua, Palatino; font-size: 120%;\">Svar p\u00e5 f\u00f6rfr\u00e5gningar via kontaktformul\u00e4r;<\/span><\/p>\n<\/li>\n<li>\n<p><span style=\"font-family: Book Antiqua, Palatino; font-size: 120%;\">Anonym bes\u00f6ksstatistik ;<\/span><\/p>\n<\/li>\n<li>\n<p><span style=\"font-family: Book Antiqua, Palatino; font-size: 120%;\">S\u00e4kra anl\u00e4ggningen.<\/span><\/p>\n<\/li>\n<\/ul>\n<p><span style=\"font-family: Book Antiqua, Palatino; font-size: 120%;\">Inga uppgifter anv\u00e4nds f\u00f6r reklam\u00e4ndam\u00e5l utan ditt uttryckliga medgivande.<\/span><\/p>\n<hr \/>\n<h2><span style=\"font-family: Book Antiqua, Palatino; font-size: 120%;\"><strong>4. R\u00e4ttslig grund f\u00f6r behandlingen<\/strong><\/span><\/h2>\n<p><span style=\"font-family: Book Antiqua, Palatino; font-size: 120%;\">Uppgifterna behandlas p\u00e5 grundval av :<\/span><\/p>\n<ul>\n<li>\n<p><span style=\"font-family: Book Antiqua, Palatino; font-size: 120%;\">Fr\u00e5n <strong>kontrakt<\/strong> Orderhantering ;<\/span><\/p>\n<\/li>\n<li>\n<p><span style=\"font-family: Book Antiqua, Palatino; font-size: 120%;\">Fr\u00e5n <strong>samtycke<\/strong> : skicka marknadsf\u00f6ringskommunikation eller nyhetsbrev (opt-in) ;<\/span><\/p>\n<\/li>\n<li>\n<p><span style=\"font-family: Book Antiqua, Palatino; font-size: 120%;\">Fr\u00e5n och med<strong>R\u00e4ttslig skyldighet<\/strong> kvarh\u00e5llande av fakturor, f\u00f6rebyggande av bedr\u00e4gerier ;<\/span><\/p>\n<\/li>\n<li>\n<p><span style=\"font-family: Book Antiqua, Palatino; font-size: 120%;\">Fr\u00e5n och med<strong>ber\u00e4ttigat intresse<\/strong> F\u00f6rb\u00e4ttrad anv\u00e4ndarupplevelse.<\/span><\/p>\n<\/li>\n<\/ul>\n<hr \/>\n<h2><span style=\"font-family: Book Antiqua, Palatino; font-size: 120%;\"><strong>5. Period f\u00f6r bevarande av uppgifter<\/strong><\/span><\/h2>\n<p><span style=\"font-family: Book Antiqua, Palatino; font-size: 120%;\">Dina personuppgifter kommer att sparas f\u00f6r :<\/span><\/p>\n<ul>\n<li>\n<p><span style=\"font-family: Book Antiqua, Palatino; font-size: 120%;\">Den tid som kr\u00e4vs f\u00f6r att slutf\u00f6ra best\u00e4llningen och tillhandah\u00e5lla kundservice;<\/span><\/p>\n<\/li>\n<li>\n<p><span style=\"font-family: Book Antiqua, Palatino; font-size: 120%;\">Upp till 3 \u00e5r efter den senaste kommersiella interaktionen, f\u00f6r kunduppf\u00f6ljnings\u00e4ndam\u00e5l;<\/span><\/p>\n<\/li>\n<li>\n<p><span style=\"font-family: Book Antiqua, Palatino; font-size: 120%;\">10 \u00e5r f\u00f6r bokf\u00f6ringsdata, i enlighet med skattef\u00f6rpliktelser.<\/span><\/p>\n<\/li>\n<\/ul>\n<hr \/>\n<h2><span style=\"font-family: Book Antiqua, Palatino; font-size: 120%;\"><strong>6. Mottagare av uppgifter<\/strong><\/span><\/h2>\n<p><span style=\"font-family: Book Antiqua, Palatino; font-size: 120%;\">Dina personuppgifter \u00e4r strikt \u00e5tkomliga:<\/span><\/p>\n<ul>\n<li>\n<p><span style=\"font-family: Book Antiqua, Palatino; font-size: 120%;\">Till webbplatsens redakt\u00f6r <strong><a href=\"http:\/\/www.369agara.com\/\">www.369agara.com<\/a><\/strong> och, i till\u00e4mpliga fall, till medlemmarna i hans eller hennes team;<\/span><\/p>\n<\/li>\n<li>\n<p><span style=\"font-family: Book Antiqua, Palatino; font-size: 120%;\">Tekniska och kommersiella tj\u00e4nsteleverant\u00f6rer som deltar i utf\u00f6randet av din order:<\/span><\/p>\n<ul>\n<li>\n<p><span style=\"font-family: Book Antiqua, Palatino; font-size: 120%;\"><strong>Randig<\/strong> (s\u00e4ker betalningshantering online),<\/span><\/p>\n<\/li>\n<li>\n<p><span style=\"font-family: Book Antiqua, Palatino; font-size: 120%;\"><strong>La Poste<\/strong> och <strong>DPD<\/strong> (leveransservice, inklusive internationell),<\/span><\/p>\n<\/li>\n<li>\n<p><span style=\"font-family: Book Antiqua, Palatino; font-size: 120%;\">Den <strong>partnerleverant\u00f6rer<\/strong>n\u00e4r f\u00f6rs\u00e4ndelsen g\u00f6rs direkt av dem:<\/span><\/p>\n<ul>\n<li>\n<p><span style=\"font-family: Book Antiqua, Palatino; font-size: 120%;\"><strong>Musik f\u00f6r v\u00e4xter<\/strong>,<\/span><\/p>\n<\/li>\n<li>\n<p><span style=\"font-family: Book Antiqua, Palatino; font-size: 120%;\"><strong>Att v\u00e4lja livet<\/strong>,<\/span><\/p>\n<\/li>\n<li>\n<p><span style=\"font-family: Book Antiqua, Palatino; font-size: 120%;\"><strong>Arc En Ciel Innovations<\/strong>,<\/span><\/p>\n<\/li>\n<li>\n<p><span style=\"font-family: Book Antiqua, Palatino; font-size: 120%;\"><strong>StrukturVatten<\/strong>.<\/span><\/p>\n<\/li>\n<\/ul>\n<\/li>\n<\/ul>\n<\/li>\n<\/ul>\n<p><span style=\"font-family: Book Antiqua, Palatino; font-size: 120%;\">Dessa mottagare har endast tillg\u00e5ng till de uppgifter som kr\u00e4vs f\u00f6r att de ska kunna utf\u00f6ra sina tj\u00e4nster p\u00e5 ett korrekt s\u00e4tt (f\u00f6rberedelse, leverans, fakturering). Var och en av dem f\u00f6rbinder sig att respektera sekretessen f\u00f6r personuppgifter i enlighet med g\u00e4llande best\u00e4mmelser.<\/span><\/p>\n<p><span style=\"font-family: Book Antiqua, Palatino; font-size: 120%;\">Webbplatsredakt\u00f6ren s\u00e4ljer inte <strong>inte p\u00e5 n\u00e5got s\u00e4tt<\/strong> dina uppgifter till tredje part f\u00f6r kommersiella \u00e4ndam\u00e5l.<\/span><\/p>\n<hr \/>\n<h2><span style=\"font-family: Book Antiqua, Palatino; font-size: 120%;\"><strong>7. Datas\u00e4kerhet<\/strong><\/span><\/h2>\n<p><span style=\"font-family: Book Antiqua, Palatino; font-size: 120%;\">Vi genomf\u00f6r alla n\u00f6dv\u00e4ndiga s\u00e4kerhets\u00e5tg\u00e4rder (s\u00e4ker hosting, brandv\u00e4gg, SSL-kryptering, \u00e5tkomstskydd) f\u00f6r att garantera sekretess och integritet f\u00f6r dina uppgifter.<\/span><\/p>\n<hr \/>\n<h2><span style=\"font-family: Book Antiqua, Palatino; font-size: 120%;\"><strong>8. Dina r\u00e4ttigheter<\/strong><\/span><\/h2>\n<p><span style=\"font-family: Book Antiqua, Palatino; font-size: 120%;\">I enlighet med g\u00e4llande lagstiftning har du f\u00f6ljande r\u00e4ttigheter:<\/span><\/p>\n<ul>\n<li>\n<p><span style=\"font-family: Book Antiqua, Palatino; font-size: 120%;\"><strong>R\u00e4tt till tillg\u00e5ng<\/strong> till dina uppgifter ;<\/span><\/p>\n<\/li>\n<li>\n<p><span style=\"font-family: Book Antiqua, Palatino; font-size: 120%;\"><strong>R\u00e4tt till r\u00e4ttelse<\/strong> av dina uppgifter;<\/span><\/p>\n<\/li>\n<li>\n<p><span style=\"font-family: Book Antiqua, Palatino; font-size: 120%;\"><strong>R\u00e4tt till radering<\/strong> (\"r\u00e4tten att bli bortgl\u00f6md\");<\/span><\/p>\n<\/li>\n<li>\n<p><span style=\"font-family: Book Antiqua, Palatino; font-size: 120%;\"><strong>R\u00e4tt till begr\u00e4nsning av behandling<\/strong> ;<\/span><\/p>\n<\/li>\n<li>\n<p><span style=\"font-family: Book Antiqua, Palatino; font-size: 120%;\"><strong>R\u00e4tt till portabilitet<\/strong> ;<\/span><\/p>\n<\/li>\n<li>\n<p><span style=\"font-family: Book Antiqua, Palatino; font-size: 120%;\"><strong>R\u00e4tt att g\u00f6ra inv\u00e4ndningar<\/strong>inklusive kommersiell d\u00f6rrknackning;<\/span><\/p>\n<\/li>\n<li>\n<p><span style=\"font-family: Book Antiqua, Palatino; font-size: 120%;\"><strong>R\u00e4tt att n\u00e4r som helst \u00e5terkalla ditt samtycke<\/strong>.<\/span><\/p>\n<\/li>\n<\/ul>\n<p><span style=\"font-family: Book Antiqua, Palatino; font-size: 120%;\">F\u00f6r att ut\u00f6va dina r\u00e4ttigheter, kontakta oss via e-post p\u00e5 :<\/span><br \/><span style=\"font-family: Book Antiqua, Palatino; font-size: 120%;\">agara@gmail.com<\/span><br \/><span style=\"font-family: Book Antiqua, Palatino; font-size: 120%;\">Vi \u00e5tar oss att svara inom h\u00f6gst 30 dagar.<\/span><\/p>\n<hr \/>\n<h2><span style=\"font-family: Book Antiqua, Palatino; font-size: 120%;\"><strong>9. Kakor<\/strong><\/span><\/h2>\n<p><span style=\"font-family: Book Antiqua, Palatino; font-size: 120%;\">Webbplatsen anv\u00e4nder <strong>kakor<\/strong> n\u00f6dv\u00e4ndigt f\u00f6r att webbplatsen ska fungera korrekt och f\u00f6r statistisk analys av trafiken.<\/span><br \/><span style=\"font-family: Book Antiqua, Palatino; font-size: 120%;\">Du kan acceptera eller avvisa icke-v\u00e4sentliga cookies fr\u00e5n den banner som visas vid ditt f\u00f6rsta bes\u00f6k.<\/span><\/p>\n<hr \/>\n<h2><span style=\"font-family: Book Antiqua, Palatino; font-size: 120%;\"><strong>10. \u00d6verf\u00f6ringar till l\u00e4nder utanf\u00f6r EU<\/strong><\/span><\/h2>\n<p><span style=\"font-family: Book Antiqua, Palatino; font-size: 120%;\">Inga personuppgifter \u00f6verf\u00f6rs till ett land utanf\u00f6r Europeiska unionen, s\u00e5vida inte detta kr\u00e4vs av en tj\u00e4nsteleverant\u00f6r (t.ex. Stripe), i vilket fall \u00f6verf\u00f6ringen regleras av avtalsklausuler som \u00f6verensst\u00e4mmer med RGPD.<\/span><\/p>\n<hr \/>\n<h2><span style=\"font-family: Book Antiqua, Palatino; font-size: 120%;\"><strong>11. \u00c4ndringar av integritetspolicyn<\/strong><\/span><\/h2>\n<p><span style=\"font-family: Book Antiqua, Palatino; font-size: 120%;\">Vi f\u00f6rbeh\u00e5ller oss r\u00e4tten att n\u00e4r som helst \u00e4ndra denna policy.<\/span><br \/><span style=\"font-family: Book Antiqua, Palatino; font-size: 120%;\">Anv\u00e4ndare kommer att informeras om eventuella uppdateringar via ett meddelande p\u00e5 webbplatsen eller via e-post om till\u00e4mpligt.<\/span><\/p>\n<hr \/>\n<h2><span style=\"font-family: Book Antiqua, Palatino; font-size: 120%;\"><strong>12. Kontakt<\/strong><\/span><\/h2>\n<p><span style=\"font-family: Book Antiqua, Palatino; font-size: 120%;\">Om du har n\u00e5gra fr\u00e5gor om denna policy eller dina personuppgifter kan du kontakta oss p\u00e5 369agara@gmail.com<\/span><\/p>\n\n\t\t<\/div>\n\n\t\t\n<style>\n#section_2052768670 {\n  padding-top: 30px;\n  padding-bottom: 30px;\n}\n#section_2052768670 .ux-shape-divider--top svg {\n  height: 150px;\n  --divider-top-width: 100%;\n}\n#section_2052768670 .ux-shape-divider--bottom svg {\n  height: 150px;\n  --divider-width: 100%;\n}\n<\/style>\n\t<\/section>","protected":false},"excerpt":{"rendered":"","protected":false},"author":1,"featured_media":0,"parent":0,"menu_order":0,"comment_status":"closed","ping_status":"closed","template":"","meta":{"footnotes":""},"class_list":["post-3880","page","type-page","status-publish","hentry"],"yoast_head":"<!-- This site is optimized with the Yoast SEO Premium plugin v25.1 (Yoast SEO v27.4) - https:\/\/yoast.com\/product\/yoast-seo-premium-wordpress\/ -->\n<title>Politique de confidentialit\u00e9 | Agara<\/title>\n<meta name=\"robots\" content=\"index, follow, max-snippet:-1, max-image-preview:large, max-video-preview:-1\" \/>\n<link rel=\"canonical\" href=\"https:\/\/369agara.com\/sv\/politique-de-confidentialite\/\" \/>\n<meta property=\"og:locale\" content=\"sv_SE\" \/>\n<meta property=\"og:type\" content=\"article\" \/>\n<meta property=\"og:title\" content=\"Politique de confidentialit\u00e9\" \/>\n<meta property=\"og:url\" content=\"https:\/\/369agara.com\/sv\/politique-de-confidentialite\/\" \/>\n<meta property=\"og:site_name\" content=\"Agara\" \/>\n<meta property=\"article:modified_time\" content=\"2025-12-11T15:43:14+00:00\" \/>\n<meta name=\"twitter:card\" content=\"summary_large_image\" \/>\n<script type=\"application\/ld+json\" class=\"yoast-schema-graph\">{\"@context\":\"https:\\\/\\\/schema.org\",\"@graph\":[{\"@type\":\"WebPage\",\"@id\":\"https:\\\/\\\/369agara.com\\\/politique-de-confidentialite\\\/\",\"url\":\"https:\\\/\\\/369agara.com\\\/politique-de-confidentialite\\\/\",\"name\":\"Politique de confidentialit\u00e9 | Agara\",\"isPartOf\":{\"@id\":\"https:\\\/\\\/369agara.com\\\/#website\"},\"datePublished\":\"2025-05-14T10:45:57+00:00\",\"dateModified\":\"2025-12-11T15:43:14+00:00\",\"breadcrumb\":{\"@id\":\"https:\\\/\\\/369agara.com\\\/politique-de-confidentialite\\\/#breadcrumb\"},\"inLanguage\":\"sv-SE\",\"potentialAction\":[{\"@type\":\"ReadAction\",\"target\":[\"https:\\\/\\\/369agara.com\\\/politique-de-confidentialite\\\/\"]}]},{\"@type\":\"BreadcrumbList\",\"@id\":\"https:\\\/\\\/369agara.com\\\/politique-de-confidentialite\\\/#breadcrumb\",\"itemListElement\":[{\"@type\":\"ListItem\",\"position\":1,\"name\":\"Accueil\",\"item\":\"https:\\\/\\\/369agara.com\\\/\"},{\"@type\":\"ListItem\",\"position\":2,\"name\":\"Politique de confidentialit\u00e9\"}]},{\"@type\":\"WebSite\",\"@id\":\"https:\\\/\\\/369agara.com\\\/#website\",\"url\":\"https:\\\/\\\/369agara.com\\\/\",\"name\":\"Livsrikedomar\",\"description\":\"D\u00e9connectez pour mieux vous connecter\",\"publisher\":{\"@id\":\"https:\\\/\\\/369agara.com\\\/#organization\"},\"potentialAction\":[{\"@type\":\"SearchAction\",\"target\":{\"@type\":\"EntryPoint\",\"urlTemplate\":\"https:\\\/\\\/369agara.com\\\/?s={search_term_string}\"},\"query-input\":{\"@type\":\"PropertyValueSpecification\",\"valueRequired\":true,\"valueName\":\"search_term_string\"}}],\"inLanguage\":\"sv-SE\"},{\"@type\":\"Organization\",\"@id\":\"https:\\\/\\\/369agara.com\\\/#organization\",\"name\":\"EACreations\",\"url\":\"https:\\\/\\\/369agara.com\\\/\",\"logo\":{\"@type\":\"ImageObject\",\"inLanguage\":\"sv-SE\",\"@id\":\"https:\\\/\\\/369agara.com\\\/#\\\/schema\\\/logo\\\/image\\\/\",\"url\":\"\",\"contentUrl\":\"\",\"caption\":\"EACreations\"},\"image\":{\"@id\":\"https:\\\/\\\/369agara.com\\\/#\\\/schema\\\/logo\\\/image\\\/\"}}]}<\/script>\n<!-- \/ Yoast SEO Premium plugin. -->","yoast_head_json":{"title":"Politique de confidentialit\u00e9 | Agara","robots":{"index":"index","follow":"follow","max-snippet":"max-snippet:-1","max-image-preview":"max-image-preview:large","max-video-preview":"max-video-preview:-1"},"canonical":"https:\/\/369agara.com\/sv\/politique-de-confidentialite\/","og_locale":"sv_SE","og_type":"article","og_title":"Politique de confidentialit\u00e9","og_url":"https:\/\/369agara.com\/sv\/politique-de-confidentialite\/","og_site_name":"Agara","article_modified_time":"2025-12-11T15:43:14+00:00","twitter_card":"summary_large_image","schema":{"@context":"https:\/\/schema.org","@graph":[{"@type":"WebPage","@id":"https:\/\/369agara.com\/politique-de-confidentialite\/","url":"https:\/\/369agara.com\/politique-de-confidentialite\/","name":"Politique de confidentialit\u00e9 | Agara","isPartOf":{"@id":"https:\/\/369agara.com\/#website"},"datePublished":"2025-05-14T10:45:57+00:00","dateModified":"2025-12-11T15:43:14+00:00","breadcrumb":{"@id":"https:\/\/369agara.com\/politique-de-confidentialite\/#breadcrumb"},"inLanguage":"sv-SE","potentialAction":[{"@type":"ReadAction","target":["https:\/\/369agara.com\/politique-de-confidentialite\/"]}]},{"@type":"BreadcrumbList","@id":"https:\/\/369agara.com\/politique-de-confidentialite\/#breadcrumb","itemListElement":[{"@type":"ListItem","position":1,"name":"Accueil","item":"https:\/\/369agara.com\/"},{"@type":"ListItem","position":2,"name":"Politique de confidentialit\u00e9"}]},{"@type":"WebSite","@id":"https:\/\/369agara.com\/#website","url":"https:\/\/369agara.com\/","name":"Livsrikedomar","description":"Koppla bort f\u00f6r att skapa b\u00e4ttre kontakt","publisher":{"@id":"https:\/\/369agara.com\/#organization"},"potentialAction":[{"@type":"SearchAction","target":{"@type":"EntryPoint","urlTemplate":"https:\/\/369agara.com\/?s={search_term_string}"},"query-input":{"@type":"PropertyValueSpecification","valueRequired":true,"valueName":"search_term_string"}}],"inLanguage":"sv-SE"},{"@type":"Organization","@id":"https:\/\/369agara.com\/#organization","name":"EACreations","url":"https:\/\/369agara.com\/","logo":{"@type":"ImageObject","inLanguage":"sv-SE","@id":"https:\/\/369agara.com\/#\/schema\/logo\/image\/","url":"","contentUrl":"","caption":"EACreations"},"image":{"@id":"https:\/\/369agara.com\/#\/schema\/logo\/image\/"}}]}},"jetpack_sharing_enabled":true,"_links":{"self":[{"href":"https:\/\/369agara.com\/sv\/wp-json\/wp\/v2\/pages\/3880","targetHints":{"allow":["GET"]}}],"collection":[{"href":"https:\/\/369agara.com\/sv\/wp-json\/wp\/v2\/pages"}],"about":[{"href":"https:\/\/369agara.com\/sv\/wp-json\/wp\/v2\/types\/page"}],"author":[{"embeddable":true,"href":"https:\/\/369agara.com\/sv\/wp-json\/wp\/v2\/users\/1"}],"replies":[{"embeddable":true,"href":"https:\/\/369agara.com\/sv\/wp-json\/wp\/v2\/comments?post=3880"}],"version-history":[{"count":4,"href":"https:\/\/369agara.com\/sv\/wp-json\/wp\/v2\/pages\/3880\/revisions"}],"predecessor-version":[{"id":4202,"href":"https:\/\/369agara.com\/sv\/wp-json\/wp\/v2\/pages\/3880\/revisions\/4202"}],"wp:attachment":[{"href":"https:\/\/369agara.com\/sv\/wp-json\/wp\/v2\/media?parent=3880"}],"curies":[{"name":"wp","href":"https:\/\/api.w.org\/{rel}","templated":true}]}}