{"id":1038,"date":"2020-12-20T14:38:23","date_gmt":"2020-12-20T13:38:23","guid":{"rendered":"https:\/\/369agara.com\/?post_type=product&#038;p=1038"},"modified":"2025-05-21T10:50:49","modified_gmt":"2025-05-21T08:50:49","slug":"bracelet-devakanya-jivita-mangala-suvarnam","status":"publish","type":"product","link":"https:\/\/369agara.com\/sv\/produkt\/bracelet-devakanya-jivita-mangala-suvarnam\/","title":{"rendered":"Armband Devakanya Jivita Mangala Suvarnam"},"content":{"rendered":"<p><span style=\"font-family: 'Book Antiqua', Palatino; font-size: 120%; color: #333399;\">Detta armband best\u00e5r av 27 carneol-, jade- och 24 karats guldpl\u00e4terade silverstenar i storleken 4 mm till 10 mm.\u00a0<\/span><\/p>\n<p><span style=\"font-family: 'Book Antiqua', Palatino; font-size: 120%; color: #333399;\">Egenskaper :\u00a0<\/span><\/p>\n<p><span style=\"font-family: 'Book Antiqua', Palatino; font-size: 120%; color: #333399;\">Carnelian: Uppfriskande.\u00a0<\/span><br \/>\n<span style=\"font-family: 'Book Antiqua', Palatino; font-size: 120%; color: #333399;\">Jade: Lycka till.\u00a0<\/span><br \/>\n<span style=\"font-family: 'Book Antiqua', Palatino; font-size: 120%; color: #333399;\">Guld: F\u00f6rb\u00e4ttring \/ F\u00f6rst\u00e4rkning.<\/span><\/p>","protected":false},"excerpt":{"rendered":"<p><span style=\"font-family: 'Book Antiqua', Palatino; font-size: 120%; color: #333399;\">Sammans\u00e4ttning: 27 stenar \/ Vikt: 15 g \/ L\u00e4ngd: 17,4 cm<\/span><\/p>","protected":false},"featured_media":1041,"comment_status":"open","ping_status":"closed","template":"","meta":[],"product_brand":[278],"product_cat":[73,123,41],"product_tag":[30,33,237,149,159],"class_list":{"0":"post-1038","1":"product","2":"type-product","3":"status-publish","4":"has-post-thumbnail","6":"product_brand-agara-creations","7":"product_cat-bracelets","8":"product_cat-collection-deesse","9":"product_cat-femme","10":"product_tag-cornaline","11":"product_tag-jade","12":"product_tag-or","13":"product_tag-rouge","14":"product_tag-vert","16":"first","17":"instock","18":"taxable","19":"shipping-taxable","20":"purchasable","21":"product-type-simple"},"yoast_head":"<!-- This site is optimized with the Yoast SEO Premium plugin v25.1 (Yoast SEO v27.4) - https:\/\/yoast.com\/product\/yoast-seo-premium-wordpress\/ -->\n<title>Bracelet Devakanya Jivita Mangala Suvarnam | Agara<\/title>\n<meta name=\"description\" content=\"Ce bracelet est compos\u00e9 de 27 pierres de cornaline, de jade et d&#039;argent plaqu\u00e9 or 24 carats allant de 4 mm \u00e0 10 mm.\u00a0Propri\u00e9t\u00e9s :\u00a0Cornaline : Vitalisante.\u00a0Jade : Bonne chance.\u00a0Or : Valorisant \/ Amplificateur.\" \/>\n<meta name=\"robots\" content=\"index, follow, max-snippet:-1, max-image-preview:large, max-video-preview:-1\" \/>\n<link rel=\"canonical\" href=\"https:\/\/369agara.com\/sv\/produkt\/bracelet-devakanya-jivita-mangala-suvarnam\/\" \/>\n<meta property=\"og:locale\" content=\"sv_SE\" \/>\n<meta property=\"og:type\" content=\"article\" \/>\n<meta property=\"og:title\" content=\"Bracelet Devakanya Jivita Mangala Suvarnam\" \/>\n<meta property=\"og:description\" content=\"Ce bracelet est compos\u00e9 de 27 pierres de cornaline, de jade et d&#039;argent plaqu\u00e9 or 24 carats allant de 4 mm \u00e0 10 mm.\u00a0Propri\u00e9t\u00e9s :\u00a0Cornaline : Vitalisante.\u00a0Jade : Bonne chance.\u00a0Or : Valorisant \/ Amplificateur.\" \/>\n<meta property=\"og:url\" content=\"https:\/\/369agara.com\/sv\/produkt\/bracelet-devakanya-jivita-mangala-suvarnam\/\" \/>\n<meta property=\"og:site_name\" content=\"Agara\" \/>\n<meta property=\"article:modified_time\" content=\"2025-05-21T08:50:49+00:00\" \/>\n<meta property=\"og:image\" content=\"https:\/\/369agara.com\/wp-content\/uploads\/2020\/12\/IMG_4763c-scaled.jpg\" \/>\n\t<meta property=\"og:image:width\" content=\"2560\" \/>\n\t<meta property=\"og:image:height\" content=\"2560\" \/>\n\t<meta property=\"og:image:type\" content=\"image\/jpeg\" \/>\n<meta name=\"twitter:card\" content=\"summary_large_image\" \/>\n<meta name=\"twitter:label1\" content=\"Ber\u00e4knad l\u00e4stid\" \/>\n\t<meta name=\"twitter:data1\" content=\"1 minut\" \/>\n<script type=\"application\/ld+json\" class=\"yoast-schema-graph\">{\"@context\":\"https:\\\/\\\/schema.org\",\"@graph\":[{\"@type\":\"WebPage\",\"@id\":\"https:\\\/\\\/369agara.com\\\/produit\\\/bracelet-devakanya-jivita-mangala-suvarnam\\\/\",\"url\":\"https:\\\/\\\/369agara.com\\\/produit\\\/bracelet-devakanya-jivita-mangala-suvarnam\\\/\",\"name\":\"Bracelet Devakanya Jivita Mangala Suvarnam | Agara\",\"isPartOf\":{\"@id\":\"https:\\\/\\\/369agara.com\\\/#website\"},\"primaryImageOfPage\":{\"@id\":\"https:\\\/\\\/369agara.com\\\/produit\\\/bracelet-devakanya-jivita-mangala-suvarnam\\\/#primaryimage\"},\"image\":{\"@id\":\"https:\\\/\\\/369agara.com\\\/produit\\\/bracelet-devakanya-jivita-mangala-suvarnam\\\/#primaryimage\"},\"thumbnailUrl\":\"https:\\\/\\\/369agara.com\\\/wp-content\\\/uploads\\\/2020\\\/12\\\/IMG_4763c-scaled.jpg\",\"datePublished\":\"2020-12-20T13:38:23+00:00\",\"dateModified\":\"2025-05-21T08:50:49+00:00\",\"description\":\"Ce bracelet est compos\u00e9 de 27 pierres de cornaline, de jade et d'argent plaqu\u00e9 or 24 carats allant de 4 mm \u00e0 10 mm.\u00a0Propri\u00e9t\u00e9s :\u00a0Cornaline : Vitalisante.\u00a0Jade : Bonne chance.\u00a0Or : Valorisant \\\/ Amplificateur.\",\"breadcrumb\":{\"@id\":\"https:\\\/\\\/369agara.com\\\/produit\\\/bracelet-devakanya-jivita-mangala-suvarnam\\\/#breadcrumb\"},\"inLanguage\":\"sv-SE\",\"potentialAction\":[{\"@type\":\"ReadAction\",\"target\":[\"https:\\\/\\\/369agara.com\\\/produit\\\/bracelet-devakanya-jivita-mangala-suvarnam\\\/\"]}]},{\"@type\":\"ImageObject\",\"inLanguage\":\"sv-SE\",\"@id\":\"https:\\\/\\\/369agara.com\\\/produit\\\/bracelet-devakanya-jivita-mangala-suvarnam\\\/#primaryimage\",\"url\":\"https:\\\/\\\/369agara.com\\\/wp-content\\\/uploads\\\/2020\\\/12\\\/IMG_4763c-scaled.jpg\",\"contentUrl\":\"https:\\\/\\\/369agara.com\\\/wp-content\\\/uploads\\\/2020\\\/12\\\/IMG_4763c-scaled.jpg\",\"width\":2560,\"height\":2560},{\"@type\":\"BreadcrumbList\",\"@id\":\"https:\\\/\\\/369agara.com\\\/produit\\\/bracelet-devakanya-jivita-mangala-suvarnam\\\/#breadcrumb\",\"itemListElement\":[{\"@type\":\"ListItem\",\"position\":1,\"name\":\"Accueil\",\"item\":\"https:\\\/\\\/369agara.com\\\/\"},{\"@type\":\"ListItem\",\"position\":2,\"name\":\"La boutique\",\"item\":\"https:\\\/\\\/369agara.com\\\/la-boutique\\\/\"},{\"@type\":\"ListItem\",\"position\":3,\"name\":\"Bracelet Devakanya Jivita Mangala Suvarnam\"}]},{\"@type\":\"WebSite\",\"@id\":\"https:\\\/\\\/369agara.com\\\/#website\",\"url\":\"https:\\\/\\\/369agara.com\\\/\",\"name\":\"Livsrikedomar\",\"description\":\"D\u00e9connectez pour mieux vous connecter\",\"publisher\":{\"@id\":\"https:\\\/\\\/369agara.com\\\/#organization\"},\"potentialAction\":[{\"@type\":\"SearchAction\",\"target\":{\"@type\":\"EntryPoint\",\"urlTemplate\":\"https:\\\/\\\/369agara.com\\\/?s={search_term_string}\"},\"query-input\":{\"@type\":\"PropertyValueSpecification\",\"valueRequired\":true,\"valueName\":\"search_term_string\"}}],\"inLanguage\":\"sv-SE\"},{\"@type\":\"Organization\",\"@id\":\"https:\\\/\\\/369agara.com\\\/#organization\",\"name\":\"EACreations\",\"url\":\"https:\\\/\\\/369agara.com\\\/\",\"logo\":{\"@type\":\"ImageObject\",\"inLanguage\":\"sv-SE\",\"@id\":\"https:\\\/\\\/369agara.com\\\/#\\\/schema\\\/logo\\\/image\\\/\",\"url\":\"\",\"contentUrl\":\"\",\"caption\":\"EACreations\"},\"image\":{\"@id\":\"https:\\\/\\\/369agara.com\\\/#\\\/schema\\\/logo\\\/image\\\/\"}}]}<\/script>\n<!-- \/ Yoast SEO Premium plugin. -->","yoast_head_json":{"title":"Bracelet Devakanya Jivita Mangala Suvarnam | Agara","description":"Ce bracelet est compos\u00e9 de 27 pierres de cornaline, de jade et d'argent plaqu\u00e9 or 24 carats allant de 4 mm \u00e0 10 mm.\u00a0Propri\u00e9t\u00e9s :\u00a0Cornaline : Vitalisante.\u00a0Jade : Bonne chance.\u00a0Or : Valorisant \/ Amplificateur.","robots":{"index":"index","follow":"follow","max-snippet":"max-snippet:-1","max-image-preview":"max-image-preview:large","max-video-preview":"max-video-preview:-1"},"canonical":"https:\/\/369agara.com\/sv\/produkt\/bracelet-devakanya-jivita-mangala-suvarnam\/","og_locale":"sv_SE","og_type":"article","og_title":"Bracelet Devakanya Jivita Mangala Suvarnam","og_description":"Ce bracelet est compos\u00e9 de 27 pierres de cornaline, de jade et d'argent plaqu\u00e9 or 24 carats allant de 4 mm \u00e0 10 mm.\u00a0Propri\u00e9t\u00e9s :\u00a0Cornaline : Vitalisante.\u00a0Jade : Bonne chance.\u00a0Or : Valorisant \/ Amplificateur.","og_url":"https:\/\/369agara.com\/sv\/produkt\/bracelet-devakanya-jivita-mangala-suvarnam\/","og_site_name":"Agara","article_modified_time":"2025-05-21T08:50:49+00:00","og_image":[{"width":2560,"height":2560,"url":"https:\/\/369agara.com\/wp-content\/uploads\/2020\/12\/IMG_4763c-scaled.jpg","type":"image\/jpeg"}],"twitter_card":"summary_large_image","twitter_misc":{"Ber\u00e4knad l\u00e4stid":"1 minut"},"schema":{"@context":"https:\/\/schema.org","@graph":[{"@type":"WebPage","@id":"https:\/\/369agara.com\/produit\/bracelet-devakanya-jivita-mangala-suvarnam\/","url":"https:\/\/369agara.com\/produit\/bracelet-devakanya-jivita-mangala-suvarnam\/","name":"Bracelet Devakanya Jivita Mangala Suvarnam | Agara","isPartOf":{"@id":"https:\/\/369agara.com\/#website"},"primaryImageOfPage":{"@id":"https:\/\/369agara.com\/produit\/bracelet-devakanya-jivita-mangala-suvarnam\/#primaryimage"},"image":{"@id":"https:\/\/369agara.com\/produit\/bracelet-devakanya-jivita-mangala-suvarnam\/#primaryimage"},"thumbnailUrl":"https:\/\/369agara.com\/wp-content\/uploads\/2020\/12\/IMG_4763c-scaled.jpg","datePublished":"2020-12-20T13:38:23+00:00","dateModified":"2025-05-21T08:50:49+00:00","description":"Ce bracelet est compos\u00e9 de 27 pierres de cornaline, de jade et d'argent plaqu\u00e9 or 24 carats allant de 4 mm \u00e0 10 mm.\u00a0Propri\u00e9t\u00e9s :\u00a0Cornaline : Vitalisante.\u00a0Jade : Bonne chance.\u00a0Or : Valorisant \/ Amplificateur.","breadcrumb":{"@id":"https:\/\/369agara.com\/produit\/bracelet-devakanya-jivita-mangala-suvarnam\/#breadcrumb"},"inLanguage":"sv-SE","potentialAction":[{"@type":"ReadAction","target":["https:\/\/369agara.com\/produit\/bracelet-devakanya-jivita-mangala-suvarnam\/"]}]},{"@type":"ImageObject","inLanguage":"sv-SE","@id":"https:\/\/369agara.com\/produit\/bracelet-devakanya-jivita-mangala-suvarnam\/#primaryimage","url":"https:\/\/369agara.com\/wp-content\/uploads\/2020\/12\/IMG_4763c-scaled.jpg","contentUrl":"https:\/\/369agara.com\/wp-content\/uploads\/2020\/12\/IMG_4763c-scaled.jpg","width":2560,"height":2560},{"@type":"BreadcrumbList","@id":"https:\/\/369agara.com\/produit\/bracelet-devakanya-jivita-mangala-suvarnam\/#breadcrumb","itemListElement":[{"@type":"ListItem","position":1,"name":"Accueil","item":"https:\/\/369agara.com\/"},{"@type":"ListItem","position":2,"name":"La boutique","item":"https:\/\/369agara.com\/la-boutique\/"},{"@type":"ListItem","position":3,"name":"Bracelet Devakanya Jivita Mangala Suvarnam"}]},{"@type":"WebSite","@id":"https:\/\/369agara.com\/#website","url":"https:\/\/369agara.com\/","name":"Livsrikedomar","description":"Koppla bort f\u00f6r att skapa b\u00e4ttre kontakt","publisher":{"@id":"https:\/\/369agara.com\/#organization"},"potentialAction":[{"@type":"SearchAction","target":{"@type":"EntryPoint","urlTemplate":"https:\/\/369agara.com\/?s={search_term_string}"},"query-input":{"@type":"PropertyValueSpecification","valueRequired":true,"valueName":"search_term_string"}}],"inLanguage":"sv-SE"},{"@type":"Organization","@id":"https:\/\/369agara.com\/#organization","name":"EACreations","url":"https:\/\/369agara.com\/","logo":{"@type":"ImageObject","inLanguage":"sv-SE","@id":"https:\/\/369agara.com\/#\/schema\/logo\/image\/","url":"","contentUrl":"","caption":"EACreations"},"image":{"@id":"https:\/\/369agara.com\/#\/schema\/logo\/image\/"}}]}},"jetpack_sharing_enabled":true,"_links":{"self":[{"href":"https:\/\/369agara.com\/sv\/wp-json\/wp\/v2\/product\/1038","targetHints":{"allow":["GET"]}}],"collection":[{"href":"https:\/\/369agara.com\/sv\/wp-json\/wp\/v2\/product"}],"about":[{"href":"https:\/\/369agara.com\/sv\/wp-json\/wp\/v2\/types\/product"}],"replies":[{"embeddable":true,"href":"https:\/\/369agara.com\/sv\/wp-json\/wp\/v2\/comments?post=1038"}],"wp:featuredmedia":[{"embeddable":true,"href":"https:\/\/369agara.com\/sv\/wp-json\/wp\/v2\/media\/1041"}],"wp:attachment":[{"href":"https:\/\/369agara.com\/sv\/wp-json\/wp\/v2\/media?parent=1038"}],"wp:term":[{"taxonomy":"product_brand","embeddable":true,"href":"https:\/\/369agara.com\/sv\/wp-json\/wp\/v2\/product_brand?post=1038"},{"taxonomy":"product_cat","embeddable":true,"href":"https:\/\/369agara.com\/sv\/wp-json\/wp\/v2\/product_cat?post=1038"},{"taxonomy":"product_tag","embeddable":true,"href":"https:\/\/369agara.com\/sv\/wp-json\/wp\/v2\/product_tag?post=1038"}],"curies":[{"name":"wp","href":"https:\/\/api.w.org\/{rel}","templated":true}]}}