{"id":1203,"date":"2022-10-31T22:10:47","date_gmt":"2022-10-31T21:10:47","guid":{"rendered":"https:\/\/369agara.com\/?post_type=product&#038;p=1203"},"modified":"2025-09-13T16:52:29","modified_gmt":"2025-09-13T14:52:29","slug":"appareil-bambou-m","status":"publish","type":"product","link":"https:\/\/369agara.com\/sv\/produkt\/appareil-bambou-m\/","title":{"rendered":"Bamboo M - B\u00e4rbar enhet (ingen Bluetooth, ingen WIFI)"},"content":{"rendered":"<p><span style=\"font-family: 'Book Antiqua', Palatino; font-size: 120%; color: #333399;\">F\u00e5 en djupt avkopplande ljudupplevelse med dina v\u00e4xter!<\/span><\/p>\n<p><span style=\"font-family: 'Book Antiqua', Palatino; font-size: 120%; color: #333399;\">Bamboo M \u00e4r perfekt f\u00f6r att lyssna p\u00e5 v\u00e4xtmusik var du \u00e4n befinner dig.<\/span><br \/>\n<span style=\"font-family: 'Book Antiqua', Palatino; font-size: 120%; color: #333399;\">Den kan skr\u00e4ddarsys och konfigureras.<\/span><br \/>\n<span style=\"font-family: 'Book Antiqua', Palatino; font-size: 120%; color: #333399;\">Du kan skapa dina egna musikaliska scenarier och hantera de musikaliska parametrarna genom att anpassa instrument (mellan 128 m\u00f6jliga), musikskala, frekvens (440, 432, 426,7 Hz), rumslighet, chorus och reverb.<\/span><\/p>\n<p><span style=\"font-family: 'Book Antiqua', Palatino; font-size: 120%; color: #333399;\">Bamboo kan spela in musik, f\u00f6rst\u00e4rka den med en extern h\u00f6gtalare, komponera musik med hj\u00e4lp av MIDI-signaler, ansluta till en dator f\u00f6r att se systemets elektromagnetiska beteende och mycket mer.<\/span><br \/>\n<span style=\"font-family: 'Book Antiqua', Palatino; font-size: 120%; color: #333399;\">Anv\u00e4nd den f\u00f6r att spela in p\u00e5 din dator, din telefon, en MIDI-synthesizer eller mixerbord...<\/span><br \/>\n<span style=\"font-family: 'Book Antiqua', Palatino; font-size: 120%; color: #333399;\">Det \u00e4r bara fantasin som s\u00e4tter gr\u00e4nser f\u00f6r hur den kan anv\u00e4ndas.<\/span><\/p>\n<p><span style=\"font-family: 'Book Antiqua', Palatino; font-size: 120%; color: #333399;\">Den eleganta, milj\u00f6v\u00e4nliga l\u00e5dan inneh\u00e5ller :<\/span><\/p>\n<ul>\n<li><span style=\"font-family: 'Book Antiqua', Palatino; font-size: 120%; color: #333399;\">Bambuapparat i en tr\u00e4kropp, naturlig, l\u00e4tt och milj\u00f6v\u00e4nlig<\/span><\/li>\n<li><span style=\"font-family: 'Book Antiqua', Palatino; font-size: 120%; color: #333399;\">Kabel f\u00f6r blad- och jordsensorer<\/span><\/li>\n<li><span style=\"font-family: 'Book Antiqua', Palatino; font-size: 120%; color: #333399;\">USB-laddningskabel<\/span><\/li>\n<li><span style=\"font-family: 'Book Antiqua', Palatino; font-size: 120%; color: #333399;\">Engelsk anv\u00e4ndarhandbok<\/span><\/li>\n<li><span style=\"font-family: 'Book Antiqua', Palatino; font-size: 120%; color: #333399;\">Bonus Plant Music-klisterm\u00e4rken.<\/span><\/li>\n<\/ul>","protected":false},"excerpt":{"rendered":"<p><span style=\"font-family: 'Book Antiqua', Palatino; font-size: 120%; color: #333399;\">Med Bamboo kan du uppr\u00e4tta direktkommunikation med v\u00e4xtv\u00e4rlden genom musikens spr\u00e5k.\u00a0<\/span><\/p>\n<p><span style=\"font-family: 'Book Antiqua', Palatino; font-size: 120%; color: #333399;\">Det g\u00f6r det ocks\u00e5 m\u00f6jligt f\u00f6r v\u00e4xter att dela med sig av hur de reagerar och kopplas till milj\u00f6n omkring dem, inklusive m\u00e4nniskor.<\/span><\/p>\n<p><span style=\"font-family: 'Book Antiqua', Palatino; font-size: 120%; color: #333399;\">Denna enhet \u00e4r l\u00e4mplig f\u00f6r \u00f6verk\u00e4nsliga anv\u00e4ndare, eftersom den inte \u00e4r utrustad med Bluetooth- eller WIFI-teknik.<\/span><\/p>","protected":false},"featured_media":3293,"comment_status":"open","ping_status":"closed","template":"","meta":[],"product_brand":[270],"product_cat":[141],"product_tag":[271,272],"class_list":{"0":"post-1203","1":"product","2":"type-product","3":"status-publish","4":"has-post-thumbnail","6":"product_brand-musique-des-plantes","7":"product_cat-musique-des-plantes","8":"product_tag-bien-etre","9":"product_tag-therapie","11":"first","12":"instock","13":"sale","14":"taxable","15":"shipping-taxable","16":"purchasable","17":"product-type-simple"},"yoast_head":"<!-- This site is optimized with the Yoast SEO Premium plugin v25.1 (Yoast SEO v27.6) - https:\/\/yoast.com\/product\/yoast-seo-premium-wordpress\/ -->\n<title>Bambou M - Appareil portable (sans bluetooth, sans WIFI) | Agara<\/title>\n<meta name=\"description\" content=\"Avec Bambou, vous pouvez \u00e9tablir une communication directe avec le monde v\u00e9g\u00e9tal \u00e0 travers le langage de la musique.\u00a0Cela permet \u00e9galement aux plantes de partager la mani\u00e8re dont elles r\u00e9agissent et se connectent \u00e0 l\u2019environnement qui les entoure, y compris les humains. Cet appareil convient aux hypersensibles car il n&#039;est pas pourvu de la technologie Bluetooth, ni WIFI.\" \/>\n<meta name=\"robots\" content=\"index, follow, max-snippet:-1, max-image-preview:large, max-video-preview:-1\" \/>\n<link rel=\"canonical\" href=\"https:\/\/369agara.com\/sv\/produkt\/appareil-bambou-m\/\" \/>\n<meta property=\"og:locale\" content=\"sv_SE\" \/>\n<meta property=\"og:type\" content=\"article\" \/>\n<meta property=\"og:title\" content=\"Bambou M - Appareil portable (sans bluetooth, sans WIFI)\" \/>\n<meta property=\"og:description\" content=\"Avec Bambou, vous pouvez \u00e9tablir une communication directe avec le monde v\u00e9g\u00e9tal \u00e0 travers le langage de la musique.\u00a0Cela permet \u00e9galement aux plantes de partager la mani\u00e8re dont elles r\u00e9agissent et se connectent \u00e0 l\u2019environnement qui les entoure, y compris les humains. Cet appareil convient aux hypersensibles car il n&#039;est pas pourvu de la technologie Bluetooth, ni WIFI.\" \/>\n<meta property=\"og:url\" content=\"https:\/\/369agara.com\/sv\/produkt\/appareil-bambou-m\/\" \/>\n<meta property=\"og:site_name\" content=\"Agara\" \/>\n<meta property=\"article:modified_time\" content=\"2025-09-13T14:52:29+00:00\" \/>\n<meta property=\"og:image\" content=\"https:\/\/369agara.com\/wp-content\/uploads\/2024\/11\/shop_bamboo_m_2021-e164751112.jpg\" \/>\n\t<meta property=\"og:image:width\" content=\"797\" \/>\n\t<meta property=\"og:image:height\" content=\"797\" \/>\n\t<meta property=\"og:image:type\" content=\"image\/jpeg\" \/>\n<meta name=\"twitter:card\" content=\"summary_large_image\" \/>\n<meta name=\"twitter:label1\" content=\"Ber\u00e4knad l\u00e4stid\" \/>\n\t<meta name=\"twitter:data1\" content=\"2 minuter\" \/>\n<script type=\"application\/ld+json\" class=\"yoast-schema-graph\">{\"@context\":\"https:\\\/\\\/schema.org\",\"@graph\":[{\"@type\":\"WebPage\",\"@id\":\"https:\\\/\\\/369agara.com\\\/produit\\\/appareil-bambou-m\\\/\",\"url\":\"https:\\\/\\\/369agara.com\\\/produit\\\/appareil-bambou-m\\\/\",\"name\":\"Bambou M - Appareil portable (sans bluetooth, sans WIFI) | Agara\",\"isPartOf\":{\"@id\":\"https:\\\/\\\/369agara.com\\\/#website\"},\"primaryImageOfPage\":{\"@id\":\"https:\\\/\\\/369agara.com\\\/produit\\\/appareil-bambou-m\\\/#primaryimage\"},\"image\":{\"@id\":\"https:\\\/\\\/369agara.com\\\/produit\\\/appareil-bambou-m\\\/#primaryimage\"},\"thumbnailUrl\":\"https:\\\/\\\/369agara.com\\\/wp-content\\\/uploads\\\/2024\\\/11\\\/shop_bamboo_m_2021-e164751112.jpg\",\"datePublished\":\"2022-10-31T21:10:47+00:00\",\"dateModified\":\"2025-09-13T14:52:29+00:00\",\"description\":\"Avec Bambou, vous pouvez \u00e9tablir une communication directe avec le monde v\u00e9g\u00e9tal \u00e0 travers le langage de la musique.\u00a0Cela permet \u00e9galement aux plantes de partager la mani\u00e8re dont elles r\u00e9agissent et se connectent \u00e0 l\u2019environnement qui les entoure, y compris les humains. Cet appareil convient aux hypersensibles car il n'est pas pourvu de la technologie Bluetooth, ni WIFI.\",\"breadcrumb\":{\"@id\":\"https:\\\/\\\/369agara.com\\\/produit\\\/appareil-bambou-m\\\/#breadcrumb\"},\"inLanguage\":\"sv-SE\",\"potentialAction\":[{\"@type\":\"ReadAction\",\"target\":[\"https:\\\/\\\/369agara.com\\\/produit\\\/appareil-bambou-m\\\/\"]}]},{\"@type\":\"ImageObject\",\"inLanguage\":\"sv-SE\",\"@id\":\"https:\\\/\\\/369agara.com\\\/produit\\\/appareil-bambou-m\\\/#primaryimage\",\"url\":\"https:\\\/\\\/369agara.com\\\/wp-content\\\/uploads\\\/2024\\\/11\\\/shop_bamboo_m_2021-e164751112.jpg\",\"contentUrl\":\"https:\\\/\\\/369agara.com\\\/wp-content\\\/uploads\\\/2024\\\/11\\\/shop_bamboo_m_2021-e164751112.jpg\",\"width\":797,\"height\":797},{\"@type\":\"BreadcrumbList\",\"@id\":\"https:\\\/\\\/369agara.com\\\/produit\\\/appareil-bambou-m\\\/#breadcrumb\",\"itemListElement\":[{\"@type\":\"ListItem\",\"position\":1,\"name\":\"Accueil\",\"item\":\"https:\\\/\\\/369agara.com\\\/\"},{\"@type\":\"ListItem\",\"position\":2,\"name\":\"La boutique\",\"item\":\"https:\\\/\\\/369agara.com\\\/la-boutique\\\/\"},{\"@type\":\"ListItem\",\"position\":3,\"name\":\"Bambou M &#8211; Appareil portable (sans bluetooth, sans WIFI)\"}]},{\"@type\":\"WebSite\",\"@id\":\"https:\\\/\\\/369agara.com\\\/#website\",\"url\":\"https:\\\/\\\/369agara.com\\\/\",\"name\":\"Livsrikedomar\",\"description\":\"D\u00e9connectez pour mieux vous connecter\",\"publisher\":{\"@id\":\"https:\\\/\\\/369agara.com\\\/#organization\"},\"potentialAction\":[{\"@type\":\"SearchAction\",\"target\":{\"@type\":\"EntryPoint\",\"urlTemplate\":\"https:\\\/\\\/369agara.com\\\/?s={search_term_string}\"},\"query-input\":{\"@type\":\"PropertyValueSpecification\",\"valueRequired\":true,\"valueName\":\"search_term_string\"}}],\"inLanguage\":\"sv-SE\"},{\"@type\":\"Organization\",\"@id\":\"https:\\\/\\\/369agara.com\\\/#organization\",\"name\":\"EACreations\",\"url\":\"https:\\\/\\\/369agara.com\\\/\",\"logo\":{\"@type\":\"ImageObject\",\"inLanguage\":\"sv-SE\",\"@id\":\"https:\\\/\\\/369agara.com\\\/#\\\/schema\\\/logo\\\/image\\\/\",\"url\":\"\",\"contentUrl\":\"\",\"caption\":\"EACreations\"},\"image\":{\"@id\":\"https:\\\/\\\/369agara.com\\\/#\\\/schema\\\/logo\\\/image\\\/\"}}]}<\/script>\n<!-- \/ Yoast SEO Premium plugin. -->","yoast_head_json":{"title":"Bambou M - Appareil portable (sans bluetooth, sans WIFI) | Agara","description":"Avec Bambou, vous pouvez \u00e9tablir une communication directe avec le monde v\u00e9g\u00e9tal \u00e0 travers le langage de la musique.\u00a0Cela permet \u00e9galement aux plantes de partager la mani\u00e8re dont elles r\u00e9agissent et se connectent \u00e0 l\u2019environnement qui les entoure, y compris les humains. Cet appareil convient aux hypersensibles car il n'est pas pourvu de la technologie Bluetooth, ni WIFI.","robots":{"index":"index","follow":"follow","max-snippet":"max-snippet:-1","max-image-preview":"max-image-preview:large","max-video-preview":"max-video-preview:-1"},"canonical":"https:\/\/369agara.com\/sv\/produkt\/appareil-bambou-m\/","og_locale":"sv_SE","og_type":"article","og_title":"Bambou M - Appareil portable (sans bluetooth, sans WIFI)","og_description":"Avec Bambou, vous pouvez \u00e9tablir une communication directe avec le monde v\u00e9g\u00e9tal \u00e0 travers le langage de la musique.\u00a0Cela permet \u00e9galement aux plantes de partager la mani\u00e8re dont elles r\u00e9agissent et se connectent \u00e0 l\u2019environnement qui les entoure, y compris les humains. Cet appareil convient aux hypersensibles car il n'est pas pourvu de la technologie Bluetooth, ni WIFI.","og_url":"https:\/\/369agara.com\/sv\/produkt\/appareil-bambou-m\/","og_site_name":"Agara","article_modified_time":"2025-09-13T14:52:29+00:00","og_image":[{"width":797,"height":797,"url":"https:\/\/369agara.com\/wp-content\/uploads\/2024\/11\/shop_bamboo_m_2021-e164751112.jpg","type":"image\/jpeg"}],"twitter_card":"summary_large_image","twitter_misc":{"Ber\u00e4knad l\u00e4stid":"2 minuter"},"schema":{"@context":"https:\/\/schema.org","@graph":[{"@type":"WebPage","@id":"https:\/\/369agara.com\/produit\/appareil-bambou-m\/","url":"https:\/\/369agara.com\/produit\/appareil-bambou-m\/","name":"Bambou M - Appareil portable (sans bluetooth, sans WIFI) | Agara","isPartOf":{"@id":"https:\/\/369agara.com\/#website"},"primaryImageOfPage":{"@id":"https:\/\/369agara.com\/produit\/appareil-bambou-m\/#primaryimage"},"image":{"@id":"https:\/\/369agara.com\/produit\/appareil-bambou-m\/#primaryimage"},"thumbnailUrl":"https:\/\/369agara.com\/wp-content\/uploads\/2024\/11\/shop_bamboo_m_2021-e164751112.jpg","datePublished":"2022-10-31T21:10:47+00:00","dateModified":"2025-09-13T14:52:29+00:00","description":"Avec Bambou, vous pouvez \u00e9tablir une communication directe avec le monde v\u00e9g\u00e9tal \u00e0 travers le langage de la musique.\u00a0Cela permet \u00e9galement aux plantes de partager la mani\u00e8re dont elles r\u00e9agissent et se connectent \u00e0 l\u2019environnement qui les entoure, y compris les humains. Cet appareil convient aux hypersensibles car il n'est pas pourvu de la technologie Bluetooth, ni WIFI.","breadcrumb":{"@id":"https:\/\/369agara.com\/produit\/appareil-bambou-m\/#breadcrumb"},"inLanguage":"sv-SE","potentialAction":[{"@type":"ReadAction","target":["https:\/\/369agara.com\/produit\/appareil-bambou-m\/"]}]},{"@type":"ImageObject","inLanguage":"sv-SE","@id":"https:\/\/369agara.com\/produit\/appareil-bambou-m\/#primaryimage","url":"https:\/\/369agara.com\/wp-content\/uploads\/2024\/11\/shop_bamboo_m_2021-e164751112.jpg","contentUrl":"https:\/\/369agara.com\/wp-content\/uploads\/2024\/11\/shop_bamboo_m_2021-e164751112.jpg","width":797,"height":797},{"@type":"BreadcrumbList","@id":"https:\/\/369agara.com\/produit\/appareil-bambou-m\/#breadcrumb","itemListElement":[{"@type":"ListItem","position":1,"name":"Accueil","item":"https:\/\/369agara.com\/"},{"@type":"ListItem","position":2,"name":"La boutique","item":"https:\/\/369agara.com\/la-boutique\/"},{"@type":"ListItem","position":3,"name":"Bambou M &#8211; Appareil portable (sans bluetooth, sans WIFI)"}]},{"@type":"WebSite","@id":"https:\/\/369agara.com\/#website","url":"https:\/\/369agara.com\/","name":"Livsrikedomar","description":"Koppla bort f\u00f6r att skapa b\u00e4ttre kontakt","publisher":{"@id":"https:\/\/369agara.com\/#organization"},"potentialAction":[{"@type":"SearchAction","target":{"@type":"EntryPoint","urlTemplate":"https:\/\/369agara.com\/?s={search_term_string}"},"query-input":{"@type":"PropertyValueSpecification","valueRequired":true,"valueName":"search_term_string"}}],"inLanguage":"sv-SE"},{"@type":"Organization","@id":"https:\/\/369agara.com\/#organization","name":"EACreations","url":"https:\/\/369agara.com\/","logo":{"@type":"ImageObject","inLanguage":"sv-SE","@id":"https:\/\/369agara.com\/#\/schema\/logo\/image\/","url":"","contentUrl":"","caption":"EACreations"},"image":{"@id":"https:\/\/369agara.com\/#\/schema\/logo\/image\/"}}]}},"jetpack_sharing_enabled":true,"_links":{"self":[{"href":"https:\/\/369agara.com\/sv\/wp-json\/wp\/v2\/product\/1203","targetHints":{"allow":["GET"]}}],"collection":[{"href":"https:\/\/369agara.com\/sv\/wp-json\/wp\/v2\/product"}],"about":[{"href":"https:\/\/369agara.com\/sv\/wp-json\/wp\/v2\/types\/product"}],"replies":[{"embeddable":true,"href":"https:\/\/369agara.com\/sv\/wp-json\/wp\/v2\/comments?post=1203"}],"wp:featuredmedia":[{"embeddable":true,"href":"https:\/\/369agara.com\/sv\/wp-json\/wp\/v2\/media\/3293"}],"wp:attachment":[{"href":"https:\/\/369agara.com\/sv\/wp-json\/wp\/v2\/media?parent=1203"}],"wp:term":[{"taxonomy":"product_brand","embeddable":true,"href":"https:\/\/369agara.com\/sv\/wp-json\/wp\/v2\/product_brand?post=1203"},{"taxonomy":"product_cat","embeddable":true,"href":"https:\/\/369agara.com\/sv\/wp-json\/wp\/v2\/product_cat?post=1203"},{"taxonomy":"product_tag","embeddable":true,"href":"https:\/\/369agara.com\/sv\/wp-json\/wp\/v2\/product_tag?post=1203"}],"curies":[{"name":"wp","href":"https:\/\/api.w.org\/{rel}","templated":true}]}}