{"id":1442,"date":"2023-02-14T16:50:39","date_gmt":"2023-02-14T15:50:39","guid":{"rendered":"https:\/\/369agara.com\/?post_type=product&#038;p=1442"},"modified":"2025-05-14T22:50:58","modified_gmt":"2025-05-14T20:50:58","slug":"enceinte-vibrante-26w-noire","status":"publish","type":"product","link":"https:\/\/369agara.com\/sv\/produkt\/enceinte-vibrante-26w-noire\/","title":{"rendered":"ADIN 26W S8 vibrerande h\u00f6gtalare (Bluetooth-alternativ)"},"content":{"rendered":"<p><span style=\"font-family: 'Book Antiqua', Palatino; font-size: 120%; color: #333399;\">F\u00e5 dina bord, skrivbord, f\u00f6nster etc. att sjunga.<\/span><\/p>\n<p><span style=\"font-family: 'Book Antiqua', Palatino; font-size: 120%; color: #333399;\">Den vibrerande h\u00f6gtalaren sprider ljud genom att vibrera det f\u00f6rem\u00e5l som den \u00e4r placerad p\u00e5. Den fungerar som en vanlig h\u00f6gtalare med skillnaden att det inte \u00e4r membranet som vibrerar utan ditt bord, din l\u00e5da, din stol, din kropp...<\/span><\/p>\n<p><span style=\"font-family: 'Book Antiqua', Palatino; font-size: 120%; color: #333399;\">Tack vare ett inbyggt batteri kan du anv\u00e4nda h\u00f6gtalaren genom att ansluta den via Bluetooth till alla enheter som avger ljud. Tack vare jackkontakten kan Adin vibrationsh\u00f6gtalare ocks\u00e5 anslutas till utg\u00e5ngen p\u00e5 din dator, smartphone, Bamboo M eller till och med en andra h\u00f6gtalare.<\/span><\/p>\n<p><span style=\"font-family: 'Book Antiqua', Palatino; font-size: 120%; color: #333399;\">Denna vibrerande h\u00f6gtalare \u00e4r kompatibel med iPhones och alla enheter med en 3,5 mm jackutg\u00e5ng.<\/span><\/p>\n<p><span style=\"font-family: 'Book Antiqua', Palatino; font-size: 120%; color: #333399;\">Ladda den vibrerande h\u00f6gtalarens batteri via datorns USB-port eller en vanlig mobilladdare.<\/span><\/p>\n<h3><span style=\"font-family: 'Book Antiqua', Palatino; font-size: 120%; color: #333399;\">Funktioner:<\/span><\/h3>\n<p><span style=\"font-family: 'Book Antiqua', Palatino; font-size: 120%; color: #333399;\">- 3,5 mm stereo ljuding\u00e5ng\/utg\u00e5ng<\/span><\/p>\n<p><span style=\"font-family: 'Book Antiqua', Palatino; font-size: 120%; color: #333399;\">- Handsfree<\/span><\/p>\n<p><span style=\"font-family: 'Book Antiqua', Palatino; font-size: 120%; color: #333399;\">- Effekt 26W<\/span><\/p>\n<p><span style=\"font-family: 'Book Antiqua', Palatino; font-size: 120%; color: #333399;\">- USB \/ 3,5 mm jack-kabel<\/span><\/p>\n<p><span style=\"font-family: 'Book Antiqua', Palatino; font-size: 120%; color: #333399;\">- 3,5 mm jack\/jack-kabel<\/span><\/p>\n<p><span style=\"font-family: 'Book Antiqua', Palatino; font-size: 120%; color: #333399;\">- 3,7 V \/ 1400 mAh litiumbatteri<\/span><\/p>","protected":false},"excerpt":{"rendered":"<p><span style=\"font-family: 'Book Antiqua', Palatino; font-size: 120%; color: #333399;\">Utrustad med Bluetooth och NFC-teknik.\u00a0<\/span><\/p>\n<p><span style=\"font-family: 'Book Antiqua', Palatino; font-size: 120%; color: #333399;\">G\u00f6r vilken yta som helst till ett bollplank.\u00a0<\/span><\/p>\n<p><span style=\"font-family: 'Book Antiqua', Palatino; font-size: 120%; color: #333399;\">Placera den vibrerande h\u00f6gtalaren p\u00e5 en stabil yta och njut av 360\u00b0 ljudspridning.<\/span><\/p>","protected":false},"featured_media":1443,"comment_status":"open","ping_status":"closed","template":"","meta":[],"product_brand":[270],"product_cat":[141],"product_tag":[273,271,274],"class_list":{"0":"post-1442","1":"product","2":"type-product","3":"status-publish","4":"has-post-thumbnail","6":"product_brand-musique-des-plantes","7":"product_cat-musique-des-plantes","8":"product_tag-bambou-m","9":"product_tag-bien-etre","10":"product_tag-therapeute","12":"first","13":"instock","14":"sale","15":"taxable","16":"shipping-taxable","17":"purchasable","18":"product-type-simple"},"yoast_head":"<!-- This site is optimized with the Yoast SEO Premium plugin v25.1 (Yoast SEO v27.6) - https:\/\/yoast.com\/product\/yoast-seo-premium-wordpress\/ -->\n<title>Enceinte vibrante ADIN 26W S8 (option bluetooth) | Agara<\/title>\n<meta name=\"description\" content=\"Equip\u00e9 de la technologie Bluetooth et NFC.\u00a0Transformez n\u2019importe quelle surface en caisse de r\u00e9sonance.\u00a0Placez l&#039;enceinte vibrante sur une surface stable et profitez d&#039;une diffusion sonore \u00e0 360\u00b0.\" \/>\n<meta name=\"robots\" content=\"index, follow, max-snippet:-1, max-image-preview:large, max-video-preview:-1\" \/>\n<link rel=\"canonical\" href=\"https:\/\/369agara.com\/sv\/produkt\/enceinte-vibrante-26w-noire\/\" \/>\n<meta property=\"og:locale\" content=\"sv_SE\" \/>\n<meta property=\"og:type\" content=\"article\" \/>\n<meta property=\"og:title\" content=\"Enceinte vibrante ADIN 26W S8 (option bluetooth)\" \/>\n<meta property=\"og:description\" content=\"Equip\u00e9 de la technologie Bluetooth et NFC.\u00a0Transformez n\u2019importe quelle surface en caisse de r\u00e9sonance.\u00a0Placez l&#039;enceinte vibrante sur une surface stable et profitez d&#039;une diffusion sonore \u00e0 360\u00b0.\" \/>\n<meta property=\"og:url\" content=\"https:\/\/369agara.com\/sv\/produkt\/enceinte-vibrante-26w-noire\/\" \/>\n<meta property=\"og:site_name\" content=\"Agara\" \/>\n<meta property=\"article:modified_time\" content=\"2025-05-14T20:50:58+00:00\" \/>\n<meta property=\"og:image\" content=\"https:\/\/369agara.com\/wp-content\/uploads\/2023\/02\/2-enceinte-vibrante-bluetooth-nfc-adin-s8.jpg\" \/>\n\t<meta property=\"og:image:width\" content=\"1456\" \/>\n\t<meta property=\"og:image:height\" content=\"1456\" \/>\n\t<meta property=\"og:image:type\" content=\"image\/jpeg\" \/>\n<meta name=\"twitter:card\" content=\"summary_large_image\" \/>\n<meta name=\"twitter:label1\" content=\"Ber\u00e4knad l\u00e4stid\" \/>\n\t<meta name=\"twitter:data1\" content=\"2 minuter\" \/>\n<script type=\"application\/ld+json\" class=\"yoast-schema-graph\">{\"@context\":\"https:\\\/\\\/schema.org\",\"@graph\":[{\"@type\":\"WebPage\",\"@id\":\"https:\\\/\\\/369agara.com\\\/produit\\\/enceinte-vibrante-26w-noire\\\/\",\"url\":\"https:\\\/\\\/369agara.com\\\/produit\\\/enceinte-vibrante-26w-noire\\\/\",\"name\":\"Enceinte vibrante ADIN 26W S8 (option bluetooth) | Agara\",\"isPartOf\":{\"@id\":\"https:\\\/\\\/369agara.com\\\/#website\"},\"primaryImageOfPage\":{\"@id\":\"https:\\\/\\\/369agara.com\\\/produit\\\/enceinte-vibrante-26w-noire\\\/#primaryimage\"},\"image\":{\"@id\":\"https:\\\/\\\/369agara.com\\\/produit\\\/enceinte-vibrante-26w-noire\\\/#primaryimage\"},\"thumbnailUrl\":\"https:\\\/\\\/369agara.com\\\/wp-content\\\/uploads\\\/2023\\\/02\\\/2-enceinte-vibrante-bluetooth-nfc-adin-s8.jpg\",\"datePublished\":\"2023-02-14T15:50:39+00:00\",\"dateModified\":\"2025-05-14T20:50:58+00:00\",\"description\":\"Equip\u00e9 de la technologie Bluetooth et NFC.\u00a0Transformez n\u2019importe quelle surface en caisse de r\u00e9sonance.\u00a0Placez l'enceinte vibrante sur une surface stable et profitez d'une diffusion sonore \u00e0 360\u00b0.\",\"breadcrumb\":{\"@id\":\"https:\\\/\\\/369agara.com\\\/produit\\\/enceinte-vibrante-26w-noire\\\/#breadcrumb\"},\"inLanguage\":\"sv-SE\",\"potentialAction\":[{\"@type\":\"ReadAction\",\"target\":[\"https:\\\/\\\/369agara.com\\\/produit\\\/enceinte-vibrante-26w-noire\\\/\"]}]},{\"@type\":\"ImageObject\",\"inLanguage\":\"sv-SE\",\"@id\":\"https:\\\/\\\/369agara.com\\\/produit\\\/enceinte-vibrante-26w-noire\\\/#primaryimage\",\"url\":\"https:\\\/\\\/369agara.com\\\/wp-content\\\/uploads\\\/2023\\\/02\\\/2-enceinte-vibrante-bluetooth-nfc-adin-s8.jpg\",\"contentUrl\":\"https:\\\/\\\/369agara.com\\\/wp-content\\\/uploads\\\/2023\\\/02\\\/2-enceinte-vibrante-bluetooth-nfc-adin-s8.jpg\",\"width\":1456,\"height\":1456,\"caption\":\"bluetooth-vibrerande-hogtalare-26W-adin-svart-enda\"},{\"@type\":\"BreadcrumbList\",\"@id\":\"https:\\\/\\\/369agara.com\\\/produit\\\/enceinte-vibrante-26w-noire\\\/#breadcrumb\",\"itemListElement\":[{\"@type\":\"ListItem\",\"position\":1,\"name\":\"Accueil\",\"item\":\"https:\\\/\\\/369agara.com\\\/\"},{\"@type\":\"ListItem\",\"position\":2,\"name\":\"La boutique\",\"item\":\"https:\\\/\\\/369agara.com\\\/la-boutique\\\/\"},{\"@type\":\"ListItem\",\"position\":3,\"name\":\"Enceinte vibrante ADIN 26W S8 (option bluetooth)\"}]},{\"@type\":\"WebSite\",\"@id\":\"https:\\\/\\\/369agara.com\\\/#website\",\"url\":\"https:\\\/\\\/369agara.com\\\/\",\"name\":\"Livsrikedomar\",\"description\":\"D\u00e9connectez pour mieux vous connecter\",\"publisher\":{\"@id\":\"https:\\\/\\\/369agara.com\\\/#organization\"},\"potentialAction\":[{\"@type\":\"SearchAction\",\"target\":{\"@type\":\"EntryPoint\",\"urlTemplate\":\"https:\\\/\\\/369agara.com\\\/?s={search_term_string}\"},\"query-input\":{\"@type\":\"PropertyValueSpecification\",\"valueRequired\":true,\"valueName\":\"search_term_string\"}}],\"inLanguage\":\"sv-SE\"},{\"@type\":\"Organization\",\"@id\":\"https:\\\/\\\/369agara.com\\\/#organization\",\"name\":\"EACreations\",\"url\":\"https:\\\/\\\/369agara.com\\\/\",\"logo\":{\"@type\":\"ImageObject\",\"inLanguage\":\"sv-SE\",\"@id\":\"https:\\\/\\\/369agara.com\\\/#\\\/schema\\\/logo\\\/image\\\/\",\"url\":\"\",\"contentUrl\":\"\",\"caption\":\"EACreations\"},\"image\":{\"@id\":\"https:\\\/\\\/369agara.com\\\/#\\\/schema\\\/logo\\\/image\\\/\"}}]}<\/script>\n<!-- \/ Yoast SEO Premium plugin. -->","yoast_head_json":{"title":"Enceinte vibrante ADIN 26W S8 (option bluetooth) | Agara","description":"Equip\u00e9 de la technologie Bluetooth et NFC.\u00a0Transformez n\u2019importe quelle surface en caisse de r\u00e9sonance.\u00a0Placez l'enceinte vibrante sur une surface stable et profitez d'une diffusion sonore \u00e0 360\u00b0.","robots":{"index":"index","follow":"follow","max-snippet":"max-snippet:-1","max-image-preview":"max-image-preview:large","max-video-preview":"max-video-preview:-1"},"canonical":"https:\/\/369agara.com\/sv\/produkt\/enceinte-vibrante-26w-noire\/","og_locale":"sv_SE","og_type":"article","og_title":"Enceinte vibrante ADIN 26W S8 (option bluetooth)","og_description":"Equip\u00e9 de la technologie Bluetooth et NFC.\u00a0Transformez n\u2019importe quelle surface en caisse de r\u00e9sonance.\u00a0Placez l'enceinte vibrante sur une surface stable et profitez d'une diffusion sonore \u00e0 360\u00b0.","og_url":"https:\/\/369agara.com\/sv\/produkt\/enceinte-vibrante-26w-noire\/","og_site_name":"Agara","article_modified_time":"2025-05-14T20:50:58+00:00","og_image":[{"width":1456,"height":1456,"url":"https:\/\/369agara.com\/wp-content\/uploads\/2023\/02\/2-enceinte-vibrante-bluetooth-nfc-adin-s8.jpg","type":"image\/jpeg"}],"twitter_card":"summary_large_image","twitter_misc":{"Ber\u00e4knad l\u00e4stid":"2 minuter"},"schema":{"@context":"https:\/\/schema.org","@graph":[{"@type":"WebPage","@id":"https:\/\/369agara.com\/produit\/enceinte-vibrante-26w-noire\/","url":"https:\/\/369agara.com\/produit\/enceinte-vibrante-26w-noire\/","name":"Enceinte vibrante ADIN 26W S8 (option bluetooth) | Agara","isPartOf":{"@id":"https:\/\/369agara.com\/#website"},"primaryImageOfPage":{"@id":"https:\/\/369agara.com\/produit\/enceinte-vibrante-26w-noire\/#primaryimage"},"image":{"@id":"https:\/\/369agara.com\/produit\/enceinte-vibrante-26w-noire\/#primaryimage"},"thumbnailUrl":"https:\/\/369agara.com\/wp-content\/uploads\/2023\/02\/2-enceinte-vibrante-bluetooth-nfc-adin-s8.jpg","datePublished":"2023-02-14T15:50:39+00:00","dateModified":"2025-05-14T20:50:58+00:00","description":"Equip\u00e9 de la technologie Bluetooth et NFC.\u00a0Transformez n\u2019importe quelle surface en caisse de r\u00e9sonance.\u00a0Placez l'enceinte vibrante sur une surface stable et profitez d'une diffusion sonore \u00e0 360\u00b0.","breadcrumb":{"@id":"https:\/\/369agara.com\/produit\/enceinte-vibrante-26w-noire\/#breadcrumb"},"inLanguage":"sv-SE","potentialAction":[{"@type":"ReadAction","target":["https:\/\/369agara.com\/produit\/enceinte-vibrante-26w-noire\/"]}]},{"@type":"ImageObject","inLanguage":"sv-SE","@id":"https:\/\/369agara.com\/produit\/enceinte-vibrante-26w-noire\/#primaryimage","url":"https:\/\/369agara.com\/wp-content\/uploads\/2023\/02\/2-enceinte-vibrante-bluetooth-nfc-adin-s8.jpg","contentUrl":"https:\/\/369agara.com\/wp-content\/uploads\/2023\/02\/2-enceinte-vibrante-bluetooth-nfc-adin-s8.jpg","width":1456,"height":1456,"caption":"bluetooth-vibrerande-hogtalare-26W-adin-svart-enda"},{"@type":"BreadcrumbList","@id":"https:\/\/369agara.com\/produit\/enceinte-vibrante-26w-noire\/#breadcrumb","itemListElement":[{"@type":"ListItem","position":1,"name":"Accueil","item":"https:\/\/369agara.com\/"},{"@type":"ListItem","position":2,"name":"La boutique","item":"https:\/\/369agara.com\/la-boutique\/"},{"@type":"ListItem","position":3,"name":"Enceinte vibrante ADIN 26W S8 (option bluetooth)"}]},{"@type":"WebSite","@id":"https:\/\/369agara.com\/#website","url":"https:\/\/369agara.com\/","name":"Livsrikedomar","description":"Koppla bort f\u00f6r att skapa b\u00e4ttre kontakt","publisher":{"@id":"https:\/\/369agara.com\/#organization"},"potentialAction":[{"@type":"SearchAction","target":{"@type":"EntryPoint","urlTemplate":"https:\/\/369agara.com\/?s={search_term_string}"},"query-input":{"@type":"PropertyValueSpecification","valueRequired":true,"valueName":"search_term_string"}}],"inLanguage":"sv-SE"},{"@type":"Organization","@id":"https:\/\/369agara.com\/#organization","name":"EACreations","url":"https:\/\/369agara.com\/","logo":{"@type":"ImageObject","inLanguage":"sv-SE","@id":"https:\/\/369agara.com\/#\/schema\/logo\/image\/","url":"","contentUrl":"","caption":"EACreations"},"image":{"@id":"https:\/\/369agara.com\/#\/schema\/logo\/image\/"}}]}},"jetpack_sharing_enabled":true,"_links":{"self":[{"href":"https:\/\/369agara.com\/sv\/wp-json\/wp\/v2\/product\/1442","targetHints":{"allow":["GET"]}}],"collection":[{"href":"https:\/\/369agara.com\/sv\/wp-json\/wp\/v2\/product"}],"about":[{"href":"https:\/\/369agara.com\/sv\/wp-json\/wp\/v2\/types\/product"}],"replies":[{"embeddable":true,"href":"https:\/\/369agara.com\/sv\/wp-json\/wp\/v2\/comments?post=1442"}],"wp:featuredmedia":[{"embeddable":true,"href":"https:\/\/369agara.com\/sv\/wp-json\/wp\/v2\/media\/1443"}],"wp:attachment":[{"href":"https:\/\/369agara.com\/sv\/wp-json\/wp\/v2\/media?parent=1442"}],"wp:term":[{"taxonomy":"product_brand","embeddable":true,"href":"https:\/\/369agara.com\/sv\/wp-json\/wp\/v2\/product_brand?post=1442"},{"taxonomy":"product_cat","embeddable":true,"href":"https:\/\/369agara.com\/sv\/wp-json\/wp\/v2\/product_cat?post=1442"},{"taxonomy":"product_tag","embeddable":true,"href":"https:\/\/369agara.com\/sv\/wp-json\/wp\/v2\/product_tag?post=1442"}],"curies":[{"name":"wp","href":"https:\/\/api.w.org\/{rel}","templated":true}]}}