{"id":1705,"date":"2023-08-20T15:44:19","date_gmt":"2023-08-20T13:44:19","guid":{"rendered":"https:\/\/369agara.com\/?post_type=product&#038;p=1705"},"modified":"2025-05-12T19:08:05","modified_gmt":"2025-05-12T17:08:05","slug":"cable-terre-usb-a-usb-c-2m","status":"publish","type":"product","link":"https:\/\/369agara.com\/sv\/produkt\/cable-terre-usb-a-usb-c-2m\/","title":{"rendered":"USB-A | USB-C jordkabel med cylindriskt uttag - 2 m"},"content":{"rendered":"<p><span style=\"font-family: 'Book Antiqua', Palatino; font-size: 120%; color: #333399;\">Med USB-jordkabeln med cylindriskt uttag kan du jorda alla dina enheter med USB-port (modem\/box, laptop, TV, iphone, ipad etc.) och skydda dig fr\u00e5n de elektriska f\u00e4lt som de avger.<\/span><\/p>\n<p><span style=\"font-family: 'Book Antiqua', Palatino; font-size: 120%; color: #333399;\">Modem och digitalboxar \u00e4r inte jordade och genererar d\u00e4rf\u00f6r ett stort elektriskt f\u00e4lt som har m\u00e5nga effekter p\u00e5 kroppen: stress, irritabilitet, nervositet, huvudv\u00e4rk, hyperaktivitet, koncentrationssv\u00e5righeter, s\u00f6mnproblem etc.<\/span><\/p>\n<p><span style=\"font-family: 'Book Antiqua', Palatino; font-size: 120%; color: #333399;\">Denna USB-jordkabel neutraliserar dem effektivt och eliminerar samtidigt de elektriska f\u00e4lt som avges av sladdanslutna telefoner som \u00e4r anslutna till boxen. K\u00e4nsliga personer st\u00f6rs inte l\u00e4ngre n\u00e4r de ringer.<\/span><\/p>\n<p><span style=\"font-family: 'Book Antiqua', Palatino; font-size: 120%; color: #333399;\">Den eliminerar ocks\u00e5 de elektriska f\u00e4lt som avges av en b\u00e4rbar dator utan jordad kontakt (2-polig, platt kontakt) och alla andra enheter utan jordad kontakt men med USB-anslutning (t.ex. TV).<\/span><\/p>\n<p><span style=\"font-family: 'Book Antiqua', Palatino; font-size: 120%; color: #333399;\"><strong>Minskat fotavtryck<\/strong><\/span><\/p>\n<h3><span style=\"font-family: 'Book Antiqua', Palatino; font-size: 120%; color: #333399;\">Dess f\u00f6rdel<\/span><\/h3>\n<p><span style=\"font-family: 'Book Antiqua', Palatino; font-size: 120%; color: #333399;\">Elektriska f\u00e4lt f\u00e5ngas upp av USB-kontakten och leds bort via det cylindriska uttaget, som \u00e4r anslutet till jordterminalen i v\u00e4gguttaget (se bilden). P\u00e5 s\u00e5 s\u00e4tt \u00e4r uttaget tillg\u00e4ngligt f\u00f6r inkoppling av en kabel som inte \u00e4r jordad (2-polig platt stickkontakt).\u00a0<\/span><\/p>\n<p><span style=\"font-family: 'Book Antiqua', Palatino; font-size: 120%; color: #333399;\">Diametern p\u00e5 det h\u00e4r uttaget g\u00f6r att det ocks\u00e5 kan monteras p\u00e5 metallfenorna p\u00e5 schuko-kontakter. Du kan d\u00e4rf\u00f6r ansluta det till ett sk\u00e4rmat grenuttag fr\u00e5n Danell Biologa.<\/span><\/p>\n<p><span style=\"font-family: 'Book Antiqua', Palatino; font-size: 120%; color: #ed1c24;\"><strong>F\u00f6rsiktighet! Denna kabel m\u00e5ste anslutas till ett jordat v\u00e4gguttag!\u00a0<\/strong><\/span><\/p>\n<p><span style=\"font-family: 'Book Antiqua', Palatino; font-size: 120%; color: #333399;\"><strong><span style=\"color: #ed1c24;\">Innan du jordar, kontrollera att det uttag du vill anv\u00e4nda \u00e4r jordat!\u00a0<\/span><\/strong><span style=\"color: #ed1c24;\">(med en Peakmeter PM6860DR jordtestare eller en jordtestare som Catohm DT300, Tohm-E eller 9052SI).<\/span><\/span><\/p>\n<h3><span style=\"font-family: 'Book Antiqua', Palatino; font-size: 120%; color: #333399;\">Tekniska specifikationer<\/span><\/h3>\n<ul>\n<li><span style=\"font-family: 'Book Antiqua', Palatino; font-size: 120%; color: #333399;\">Anslutningar: USB-A eller USB-C och 330-uttag<\/span><\/li>\n<li><span style=\"font-family: 'Book Antiqua', Palatino; font-size: 120%; color: #333399;\">L\u00e4ngd: 2 meter<\/span><\/li>\n<li><span style=\"font-family: 'Book Antiqua', Palatino; font-size: 120%; color: #333399;\">F\u00e4rg: svart<\/span><\/li>\n<li><span style=\"font-family: 'Book Antiqua', Palatino; font-size: 120%; color: #333399;\">Vikt: 0,080 kg<\/span><\/li>\n<\/ul>\n<p><span style=\"font-family: 'Book Antiqua', Palatino; font-size: 120%; color: #333399;\">Tillverkad i Frankrike<\/span><\/p>\n<h3><span style=\"font-family: 'Book Antiqua', Palatino; font-size: 120%; color: #333399;\">F\u00f6rsiktighets\u00e5tg\u00e4rder vid anv\u00e4ndning<\/span><\/h3>\n<p><span style=\"font-family: 'Book Antiqua', Palatino; font-size: 120%; color: #333399;\">Eftersom denna kabel \u00e4r ansluten till den elektriska jordningen \u00e4r det viktigt att kontrollera att den finns och \u00e4r av god kvalitet.\u00a0<\/span><\/p>\n<p><span style=\"font-family: 'Book Antiqua', Palatino; font-size: 120%; color: #333399;\">Du kan kontrollera dess n\u00e4rvaro med hj\u00e4lp av jordningstestaren och dess kvalitet med hj\u00e4lp av en jordningsm\u00e4tare som Tohm-E eller Catohm DT-300.<\/span><\/p>\n<p><span style=\"font-family: 'Book Antiqua', Palatino; font-size: 120%; color: #ed1c24;\">Enligt standarden NF C15-100 f\u00e5r jordanslutningens motst\u00e5nd inte \u00f6verstiga 100 ohm. F\u00f6r att neutralisera elektriska f\u00e4lt och parasitsp\u00e4nningar rekommenderar vi dock ett jordmotst\u00e5nd p\u00e5 50 ohm eller mindre.\u00a0<\/span><\/p>\n<p><span style=\"font-family: 'Book Antiqua', Palatino; font-size: 120%; color: #ed1c24;\">Om du \u00e4r os\u00e4ker, kontakta en elektriker.<\/span><\/p>","protected":false},"excerpt":{"rendered":"<p><span style=\"font-family: 'Book Antiqua', Palatino; font-size: 120%; color: #333399;\">Med jordkabeln USB-A eller USB-C med cylindriskt uttag kan du jorda alla dina enheter med USB-A- eller USB-C-port (modem\/box, laptop, TV, iphone, ipad etc.) och skydda dig fr\u00e5n de elektriska f\u00e4lt som de avger.<\/span><\/p>","protected":false},"featured_media":1714,"comment_status":"open","ping_status":"closed","template":"","meta":[],"product_brand":[],"product_cat":[164],"product_tag":[248,246,247,251,249,245],"class_list":{"0":"post-1705","1":"product","2":"type-product","3":"status-publish","4":"has-post-thumbnail","6":"product_cat-baubiologie","7":"product_tag-baubiologie","8":"product_tag-bureau","9":"product_tag-chambre","10":"product_tag-electricite","11":"product_tag-electromagnetisme","12":"product_tag-maison","14":"first","15":"instock","16":"taxable","17":"shipping-taxable","18":"purchasable","19":"product-type-variable"},"yoast_head":"<!-- This site is optimized with the Yoast SEO Premium plugin v25.1 (Yoast SEO v27.4) - https:\/\/yoast.com\/product\/yoast-seo-premium-wordpress\/ -->\n<title>C\u00e2ble USB-A | USB-C de mise \u00e0 la terre avec douille cylindrique - 2 m | Agara<\/title>\n<meta name=\"description\" content=\"Le c\u00e2ble USB-A ou USB-C de mise \u00e0 la terre avec douille cylindrique permet de raccorder \u00e0 la terre tous vos appareils munis d&#039;un port USB-A ou USB-C (modem\/box, ordinateur portable, t\u00e9l\u00e9viseurs, iphone, ipad etc.) et de vous prot\u00e9ger des champs \u00e9lectriques qu&#039;ils \u00e9mettent.\" \/>\n<meta name=\"robots\" content=\"index, follow, max-snippet:-1, max-image-preview:large, max-video-preview:-1\" \/>\n<link rel=\"canonical\" href=\"https:\/\/369agara.com\/sv\/produkt\/cable-terre-usb-a-usb-c-2m\/\" \/>\n<meta property=\"og:locale\" content=\"sv_SE\" \/>\n<meta property=\"og:type\" content=\"article\" \/>\n<meta property=\"og:title\" content=\"C\u00e2ble USB-A | USB-C de mise \u00e0 la terre avec douille cylindrique - 2 m\" \/>\n<meta property=\"og:description\" content=\"Le c\u00e2ble USB-A ou USB-C de mise \u00e0 la terre avec douille cylindrique permet de raccorder \u00e0 la terre tous vos appareils munis d&#039;un port USB-A ou USB-C (modem\/box, ordinateur portable, t\u00e9l\u00e9viseurs, iphone, ipad etc.) et de vous prot\u00e9ger des champs \u00e9lectriques qu&#039;ils \u00e9mettent.\" \/>\n<meta property=\"og:url\" content=\"https:\/\/369agara.com\/sv\/produkt\/cable-terre-usb-a-usb-c-2m\/\" \/>\n<meta property=\"og:site_name\" content=\"Agara\" \/>\n<meta property=\"article:modified_time\" content=\"2025-05-12T17:08:05+00:00\" \/>\n<meta property=\"og:image\" content=\"https:\/\/369agara.com\/wp-content\/uploads\/2023\/08\/cable-usb-de-mise-a-la-terre-avec-douille-cylindrique-1-1.jpg\" \/>\n\t<meta property=\"og:image:width\" content=\"807\" \/>\n\t<meta property=\"og:image:height\" content=\"808\" \/>\n\t<meta property=\"og:image:type\" content=\"image\/jpeg\" \/>\n<meta name=\"twitter:card\" content=\"summary_large_image\" \/>\n<meta name=\"twitter:label1\" content=\"Ber\u00e4knad l\u00e4stid\" \/>\n\t<meta name=\"twitter:data1\" content=\"3 minuter\" \/>\n<script type=\"application\/ld+json\" class=\"yoast-schema-graph\">{\"@context\":\"https:\\\/\\\/schema.org\",\"@graph\":[{\"@type\":\"WebPage\",\"@id\":\"https:\\\/\\\/369agara.com\\\/produit\\\/cable-terre-usb-a-usb-c-2m\\\/\",\"url\":\"https:\\\/\\\/369agara.com\\\/produit\\\/cable-terre-usb-a-usb-c-2m\\\/\",\"name\":\"C\u00e2ble USB-A | USB-C de mise \u00e0 la terre avec douille cylindrique - 2 m | Agara\",\"isPartOf\":{\"@id\":\"https:\\\/\\\/369agara.com\\\/#website\"},\"primaryImageOfPage\":{\"@id\":\"https:\\\/\\\/369agara.com\\\/produit\\\/cable-terre-usb-a-usb-c-2m\\\/#primaryimage\"},\"image\":{\"@id\":\"https:\\\/\\\/369agara.com\\\/produit\\\/cable-terre-usb-a-usb-c-2m\\\/#primaryimage\"},\"thumbnailUrl\":\"https:\\\/\\\/369agara.com\\\/wp-content\\\/uploads\\\/2023\\\/08\\\/cable-usb-de-mise-a-la-terre-avec-douille-cylindrique-1-1.jpg\",\"datePublished\":\"2023-08-20T13:44:19+00:00\",\"dateModified\":\"2025-05-12T17:08:05+00:00\",\"description\":\"Le c\u00e2ble USB-A ou USB-C de mise \u00e0 la terre avec douille cylindrique permet de raccorder \u00e0 la terre tous vos appareils munis d'un port USB-A ou USB-C (modem\\\/box, ordinateur portable, t\u00e9l\u00e9viseurs, iphone, ipad etc.) et de vous prot\u00e9ger des champs \u00e9lectriques qu'ils \u00e9mettent.\",\"breadcrumb\":{\"@id\":\"https:\\\/\\\/369agara.com\\\/produit\\\/cable-terre-usb-a-usb-c-2m\\\/#breadcrumb\"},\"inLanguage\":\"sv-SE\",\"potentialAction\":[{\"@type\":\"ReadAction\",\"target\":[\"https:\\\/\\\/369agara.com\\\/produit\\\/cable-terre-usb-a-usb-c-2m\\\/\"]}]},{\"@type\":\"ImageObject\",\"inLanguage\":\"sv-SE\",\"@id\":\"https:\\\/\\\/369agara.com\\\/produit\\\/cable-terre-usb-a-usb-c-2m\\\/#primaryimage\",\"url\":\"https:\\\/\\\/369agara.com\\\/wp-content\\\/uploads\\\/2023\\\/08\\\/cable-usb-de-mise-a-la-terre-avec-douille-cylindrique-1-1.jpg\",\"contentUrl\":\"https:\\\/\\\/369agara.com\\\/wp-content\\\/uploads\\\/2023\\\/08\\\/cable-usb-de-mise-a-la-terre-avec-douille-cylindrique-1-1.jpg\",\"width\":807,\"height\":808},{\"@type\":\"BreadcrumbList\",\"@id\":\"https:\\\/\\\/369agara.com\\\/produit\\\/cable-terre-usb-a-usb-c-2m\\\/#breadcrumb\",\"itemListElement\":[{\"@type\":\"ListItem\",\"position\":1,\"name\":\"Accueil\",\"item\":\"https:\\\/\\\/369agara.com\\\/\"},{\"@type\":\"ListItem\",\"position\":2,\"name\":\"La boutique\",\"item\":\"https:\\\/\\\/369agara.com\\\/la-boutique\\\/\"},{\"@type\":\"ListItem\",\"position\":3,\"name\":\"C\u00e2ble USB-A | USB-C de mise \u00e0 la terre avec douille cylindrique &#8211; 2 m\"}]},{\"@type\":\"WebSite\",\"@id\":\"https:\\\/\\\/369agara.com\\\/#website\",\"url\":\"https:\\\/\\\/369agara.com\\\/\",\"name\":\"Livsrikedomar\",\"description\":\"D\u00e9connectez pour mieux vous connecter\",\"publisher\":{\"@id\":\"https:\\\/\\\/369agara.com\\\/#organization\"},\"potentialAction\":[{\"@type\":\"SearchAction\",\"target\":{\"@type\":\"EntryPoint\",\"urlTemplate\":\"https:\\\/\\\/369agara.com\\\/?s={search_term_string}\"},\"query-input\":{\"@type\":\"PropertyValueSpecification\",\"valueRequired\":true,\"valueName\":\"search_term_string\"}}],\"inLanguage\":\"sv-SE\"},{\"@type\":\"Organization\",\"@id\":\"https:\\\/\\\/369agara.com\\\/#organization\",\"name\":\"EACreations\",\"url\":\"https:\\\/\\\/369agara.com\\\/\",\"logo\":{\"@type\":\"ImageObject\",\"inLanguage\":\"sv-SE\",\"@id\":\"https:\\\/\\\/369agara.com\\\/#\\\/schema\\\/logo\\\/image\\\/\",\"url\":\"\",\"contentUrl\":\"\",\"caption\":\"EACreations\"},\"image\":{\"@id\":\"https:\\\/\\\/369agara.com\\\/#\\\/schema\\\/logo\\\/image\\\/\"}}]}<\/script>\n<!-- \/ Yoast SEO Premium plugin. -->","yoast_head_json":{"title":"C\u00e2ble USB-A | USB-C de mise \u00e0 la terre avec douille cylindrique - 2 m | Agara","description":"Le c\u00e2ble USB-A ou USB-C de mise \u00e0 la terre avec douille cylindrique permet de raccorder \u00e0 la terre tous vos appareils munis d'un port USB-A ou USB-C (modem\/box, ordinateur portable, t\u00e9l\u00e9viseurs, iphone, ipad etc.) et de vous prot\u00e9ger des champs \u00e9lectriques qu'ils \u00e9mettent.","robots":{"index":"index","follow":"follow","max-snippet":"max-snippet:-1","max-image-preview":"max-image-preview:large","max-video-preview":"max-video-preview:-1"},"canonical":"https:\/\/369agara.com\/sv\/produkt\/cable-terre-usb-a-usb-c-2m\/","og_locale":"sv_SE","og_type":"article","og_title":"C\u00e2ble USB-A | USB-C de mise \u00e0 la terre avec douille cylindrique - 2 m","og_description":"Le c\u00e2ble USB-A ou USB-C de mise \u00e0 la terre avec douille cylindrique permet de raccorder \u00e0 la terre tous vos appareils munis d'un port USB-A ou USB-C (modem\/box, ordinateur portable, t\u00e9l\u00e9viseurs, iphone, ipad etc.) et de vous prot\u00e9ger des champs \u00e9lectriques qu'ils \u00e9mettent.","og_url":"https:\/\/369agara.com\/sv\/produkt\/cable-terre-usb-a-usb-c-2m\/","og_site_name":"Agara","article_modified_time":"2025-05-12T17:08:05+00:00","og_image":[{"width":807,"height":808,"url":"https:\/\/369agara.com\/wp-content\/uploads\/2023\/08\/cable-usb-de-mise-a-la-terre-avec-douille-cylindrique-1-1.jpg","type":"image\/jpeg"}],"twitter_card":"summary_large_image","twitter_misc":{"Ber\u00e4knad l\u00e4stid":"3 minuter"},"schema":{"@context":"https:\/\/schema.org","@graph":[{"@type":"WebPage","@id":"https:\/\/369agara.com\/produit\/cable-terre-usb-a-usb-c-2m\/","url":"https:\/\/369agara.com\/produit\/cable-terre-usb-a-usb-c-2m\/","name":"C\u00e2ble USB-A | USB-C de mise \u00e0 la terre avec douille cylindrique - 2 m | Agara","isPartOf":{"@id":"https:\/\/369agara.com\/#website"},"primaryImageOfPage":{"@id":"https:\/\/369agara.com\/produit\/cable-terre-usb-a-usb-c-2m\/#primaryimage"},"image":{"@id":"https:\/\/369agara.com\/produit\/cable-terre-usb-a-usb-c-2m\/#primaryimage"},"thumbnailUrl":"https:\/\/369agara.com\/wp-content\/uploads\/2023\/08\/cable-usb-de-mise-a-la-terre-avec-douille-cylindrique-1-1.jpg","datePublished":"2023-08-20T13:44:19+00:00","dateModified":"2025-05-12T17:08:05+00:00","description":"Le c\u00e2ble USB-A ou USB-C de mise \u00e0 la terre avec douille cylindrique permet de raccorder \u00e0 la terre tous vos appareils munis d'un port USB-A ou USB-C (modem\/box, ordinateur portable, t\u00e9l\u00e9viseurs, iphone, ipad etc.) et de vous prot\u00e9ger des champs \u00e9lectriques qu'ils \u00e9mettent.","breadcrumb":{"@id":"https:\/\/369agara.com\/produit\/cable-terre-usb-a-usb-c-2m\/#breadcrumb"},"inLanguage":"sv-SE","potentialAction":[{"@type":"ReadAction","target":["https:\/\/369agara.com\/produit\/cable-terre-usb-a-usb-c-2m\/"]}]},{"@type":"ImageObject","inLanguage":"sv-SE","@id":"https:\/\/369agara.com\/produit\/cable-terre-usb-a-usb-c-2m\/#primaryimage","url":"https:\/\/369agara.com\/wp-content\/uploads\/2023\/08\/cable-usb-de-mise-a-la-terre-avec-douille-cylindrique-1-1.jpg","contentUrl":"https:\/\/369agara.com\/wp-content\/uploads\/2023\/08\/cable-usb-de-mise-a-la-terre-avec-douille-cylindrique-1-1.jpg","width":807,"height":808},{"@type":"BreadcrumbList","@id":"https:\/\/369agara.com\/produit\/cable-terre-usb-a-usb-c-2m\/#breadcrumb","itemListElement":[{"@type":"ListItem","position":1,"name":"Accueil","item":"https:\/\/369agara.com\/"},{"@type":"ListItem","position":2,"name":"La boutique","item":"https:\/\/369agara.com\/la-boutique\/"},{"@type":"ListItem","position":3,"name":"C\u00e2ble USB-A | USB-C de mise \u00e0 la terre avec douille cylindrique &#8211; 2 m"}]},{"@type":"WebSite","@id":"https:\/\/369agara.com\/#website","url":"https:\/\/369agara.com\/","name":"Livsrikedomar","description":"Koppla bort f\u00f6r att skapa b\u00e4ttre kontakt","publisher":{"@id":"https:\/\/369agara.com\/#organization"},"potentialAction":[{"@type":"SearchAction","target":{"@type":"EntryPoint","urlTemplate":"https:\/\/369agara.com\/?s={search_term_string}"},"query-input":{"@type":"PropertyValueSpecification","valueRequired":true,"valueName":"search_term_string"}}],"inLanguage":"sv-SE"},{"@type":"Organization","@id":"https:\/\/369agara.com\/#organization","name":"EACreations","url":"https:\/\/369agara.com\/","logo":{"@type":"ImageObject","inLanguage":"sv-SE","@id":"https:\/\/369agara.com\/#\/schema\/logo\/image\/","url":"","contentUrl":"","caption":"EACreations"},"image":{"@id":"https:\/\/369agara.com\/#\/schema\/logo\/image\/"}}]}},"jetpack_sharing_enabled":true,"_links":{"self":[{"href":"https:\/\/369agara.com\/sv\/wp-json\/wp\/v2\/product\/1705","targetHints":{"allow":["GET"]}}],"collection":[{"href":"https:\/\/369agara.com\/sv\/wp-json\/wp\/v2\/product"}],"about":[{"href":"https:\/\/369agara.com\/sv\/wp-json\/wp\/v2\/types\/product"}],"replies":[{"embeddable":true,"href":"https:\/\/369agara.com\/sv\/wp-json\/wp\/v2\/comments?post=1705"}],"wp:featuredmedia":[{"embeddable":true,"href":"https:\/\/369agara.com\/sv\/wp-json\/wp\/v2\/media\/1714"}],"wp:attachment":[{"href":"https:\/\/369agara.com\/sv\/wp-json\/wp\/v2\/media?parent=1705"}],"wp:term":[{"taxonomy":"product_brand","embeddable":true,"href":"https:\/\/369agara.com\/sv\/wp-json\/wp\/v2\/product_brand?post=1705"},{"taxonomy":"product_cat","embeddable":true,"href":"https:\/\/369agara.com\/sv\/wp-json\/wp\/v2\/product_cat?post=1705"},{"taxonomy":"product_tag","embeddable":true,"href":"https:\/\/369agara.com\/sv\/wp-json\/wp\/v2\/product_tag?post=1705"}],"curies":[{"name":"wp","href":"https:\/\/api.w.org\/{rel}","templated":true}]}}