{"id":1717,"date":"2023-08-20T16:28:21","date_gmt":"2023-08-20T14:28:21","guid":{"rendered":"https:\/\/369agara.com\/?post_type=product&#038;p=1717"},"modified":"2025-05-12T19:03:04","modified_gmt":"2025-05-12T17:03:04","slug":"oreillettes-stethoscopiques-fc12-ibrain","status":"publish","type":"product","link":"https:\/\/369agara.com\/sv\/produkt\/oreillettes-stethoscopiques-fc12-ibrain\/","title":{"rendered":"ibrain FC12 Stetoskopiskt v\u00e5gt\u00e5ligt headset | 3,5 jackkontakt - svart"},"content":{"rendered":"<p>iBrain FC12 stereo anti-wave headset minskar str\u00e5lningen fr\u00e5n din mobiltelefon med 98 %.<\/p>\n<p>Nackdelen med vanliga \u00f6ronsn\u00e4ckor \u00e4r att de leder h\u00f6ga frekvenser genom kabeln direkt in i h\u00f6rselg\u00e5ngen. Detta undviks p\u00e5 ett tillf\u00f6rlitligt s\u00e4tt i 98 % tack vare \u00f6ronsn\u00e4ckans \"stetoskopr\u00f6r\", som \u00e4r placerat mellan mikrofonen och \u00f6ronsn\u00e4ckan. Detta hindrar de h\u00f6ga frekvenserna fr\u00e5n att n\u00e5 mikrofonen.<\/p>\n<p>Den avsk\u00e4rmade metalltr\u00e5den, den dubbla ljudkoncentratorn, magnetf\u00e4ltsavsk\u00e4rmningen och luftr\u00f6ret ger ett effektivt skydd, vilket g\u00f6r detta headset perfekt f\u00f6r k\u00e4nsliga personer, barn, gravida kvinnor eller alla som helt enkelt vill vara s\u00e5 s\u00e4kra som m\u00f6jligt fr\u00e5n v\u00e5gorna.<\/p>\n<p>Utformad f\u00f6r att klara din aktiva livsstil och skydda din h\u00e4lsa samtidigt som den bevarar ett klart och tydligt ljud som leds av luften i r\u00f6ret.<\/p>\n<p>Det h\u00e4r ultral\u00e4tta och ergonomiska headsetet garanterar optimal komfort och utm\u00e4rkt kommunikationskvalitet. Det \u00e4r ocks\u00e5 perfekt f\u00f6r att lyssna p\u00e5 musik tack vare stereoh\u00f6rlurarna.<\/p>\n<p>Med funktionstangenterna kan du enkelt styra din musik och hantera dina samtal. Headsetet st\u00f6der samtal med en h\u00f6gkvalitativ mikrofon, s\u00e5 att du kan h\u00e5lla h\u00e4nderna p\u00e5 ratten n\u00e4r du k\u00f6r eller l\u00e4mna dem fria f\u00f6r din sportaktivitet.<\/p>\n<p>Anti-wave-headsetet iBrain FC12 \u00e4r ocks\u00e5 mycket bekv\u00e4mt att b\u00e4ra: in-ear-h\u00f6rlurarna med sina mjuka, hudv\u00e4nliga konstl\u00e4der\u00f6verdrag \u00e4r genomsl\u00e4ppliga, bekv\u00e4ma att b\u00e4ra och kan enkelt isolera dig fr\u00e5n ljuden omkring dig.<\/p>\n<p><strong>3,5 mm jackkontakt,<\/strong>\u00a0kompatibel med de flesta smartphones, MP3-spelare, surfplattor och b\u00e4rbara datorer.<br \/>\nF\u00f6r iPhones upp till iPhone 15 beh\u00f6ver du en jack\/Lightning-adapter.<br \/>\nF\u00f6r smartphones med USB-C-anslutning m\u00e5ste du anv\u00e4nda en jack\/USB-C-adapter.<\/p>\n<p>Obs: h\u00e5ll dessa h\u00f6rlurar borta fr\u00e5n vassa f\u00f6rem\u00e5l f\u00f6r att undvika repor och skador!<\/p>\n<h3>Tekniska specifikationer<\/h3>\n<ul>\n<li>Modellnummer: FC12<\/li>\n<li>F\u00e4rg: Svart<\/li>\n<li>H\u00f6gtalarens diameter: 8 mm<\/li>\n<li>K\u00e4nslighet: 93 \u00b1 2dBSPL vid 1KHZ<\/li>\n<li>Frekvensomr\u00e5de: 20HZ-20KHZ<\/li>\n<li>Impedans: 16\u03a9<\/li>\n<li>Kabell\u00e4ngd: ca 132 cm (inklusive l\u00e4ngden p\u00e5 luftr\u00f6ret)<\/li>\n<li>Luftr\u00f6rets l\u00e4ngd: ca 15 cm<\/li>\n<li>Hj\u00e4lmens vikt: 21 g<\/li>\n<li>F\u00f6rpackningens storlek: 20,2 x 12,2 x 2,4 cm<\/li>\n<li>Vikt p\u00e5 paketet: 67 g<\/li>\n<li>Garanti: 3 m\u00e5nader<\/li>\n<\/ul>\n<h3>Agara r\u00e5d<\/h3>\n<p>Str\u00e5lningen minskar med \u00f6kande avst\u00e5nd fr\u00e5n mobiltelefonen.<br \/>\nF\u00f6r att minska belastningen p\u00e5 framf\u00f6r allt huvudet b\u00f6r mobilen placeras eller h\u00e5llas s\u00e5 l\u00e5ngt bort som m\u00f6jligt under samtalet.<br \/>\nDu b\u00f6r ocks\u00e5 kontrollera intensitetsindikatorn p\u00e5 din mobiltelefon s\u00e5 att du bara ringer fr\u00e5n platser d\u00e4r mottagningen \u00e4r bra, annars riskerar du att \u00f6ka s\u00e4ndningseffekten.<\/p>\n<p>N\u00e4r du kommunicerar avger din mobiltelefon betydligt mindre n\u00e4r du \u00e4r uppkopplad med 3G \u00e4n n\u00e4r du anv\u00e4nder de andra frekvensbanden (1800 och 900 MHz).<\/p>","protected":false},"excerpt":{"rendered":"<p><span style=\"font-family: 'Book Antiqua', Palatino; font-size: 120%; color: #333399;\">ibrain FC12 stereo anti-wave headset minskar str\u00e5lningen fr\u00e5n din mobiltelefon med 98 %.\u00a0<\/span><\/p>\n<p><span style=\"font-family: 'Book Antiqua', Palatino; font-size: 120%; color: #333399;\">Ljudet leds genom luften (stetoskopr\u00f6rsprincipen) och inte genom kabeln, s\u00e5 du \u00e4r effektivt skyddad. Perfekt ljud f\u00f6r musik och kommunikation. Optimal komfort vid anv\u00e4ndning.\u00a0<\/span><\/p>\n<p><span style=\"font-family: 'Book Antiqua', Palatino; font-size: 120%; color: #333399;\">Svart.<\/span><\/p>","protected":false},"featured_media":3790,"comment_status":"open","ping_status":"closed","template":"","meta":[],"product_brand":[266],"product_cat":[164],"product_tag":[248,246,247,249,245],"class_list":{"0":"post-1717","1":"product","2":"type-product","3":"status-publish","4":"has-post-thumbnail","6":"product_brand-ibrain","7":"product_cat-baubiologie","8":"product_tag-baubiologie","9":"product_tag-bureau","10":"product_tag-chambre","11":"product_tag-electromagnetisme","12":"product_tag-maison","14":"first","15":"onbackorder","16":"taxable","17":"shipping-taxable","18":"purchasable","19":"product-type-simple"},"yoast_head":"<!-- This site is optimized with the Yoast SEO Premium plugin v25.1 (Yoast SEO v27.4) - https:\/\/yoast.com\/product\/yoast-seo-premium-wordpress\/ -->\n<title>Oreillette anti-ondes st\u00e9thoscopique ibrain FC12 | Connectique jack 3.5 - Noir | Agara<\/title>\n<meta name=\"description\" content=\"L&#039;oreillette anti-ondes iBrain FC12 st\u00e9r\u00e9o permet de r\u00e9duire de 98 % les rayonnements \u00e9mis par votre t\u00e9l\u00e9phone portable.\u00a0Le son est conduit par l&#039;air (principe du tube de st\u00e9thoscope) et non par le c\u00e2ble, vous prot\u00e9geant ainsi efficacement. Son parfait pour la musique et la communication. Confort d&#039;utilisation optimal.\u00a0Coloris noir.\" \/>\n<meta name=\"robots\" content=\"index, follow, max-snippet:-1, max-image-preview:large, max-video-preview:-1\" \/>\n<link rel=\"canonical\" href=\"https:\/\/369agara.com\/sv\/produkt\/oreillettes-stethoscopiques-fc12-ibrain\/\" \/>\n<meta property=\"og:locale\" content=\"sv_SE\" \/>\n<meta property=\"og:type\" content=\"article\" \/>\n<meta property=\"og:title\" content=\"Oreillette anti-ondes st\u00e9thoscopique ibrain FC12 | Connectique jack 3.5 - Noir\" \/>\n<meta property=\"og:description\" content=\"L&#039;oreillette anti-ondes iBrain FC12 st\u00e9r\u00e9o permet de r\u00e9duire de 98 % les rayonnements \u00e9mis par votre t\u00e9l\u00e9phone portable.\u00a0Le son est conduit par l&#039;air (principe du tube de st\u00e9thoscope) et non par le c\u00e2ble, vous prot\u00e9geant ainsi efficacement. Son parfait pour la musique et la communication. Confort d&#039;utilisation optimal.\u00a0Coloris noir.\" \/>\n<meta property=\"og:url\" content=\"https:\/\/369agara.com\/sv\/produkt\/oreillettes-stethoscopiques-fc12-ibrain\/\" \/>\n<meta property=\"og:site_name\" content=\"Agara\" \/>\n<meta property=\"article:modified_time\" content=\"2025-05-12T17:03:04+00:00\" \/>\n<meta property=\"og:image\" content=\"https:\/\/369agara.com\/wp-content\/uploads\/2023\/08\/bonnet.jpg\" \/>\n\t<meta property=\"og:image:width\" content=\"800\" \/>\n\t<meta property=\"og:image:height\" content=\"800\" \/>\n\t<meta property=\"og:image:type\" content=\"image\/jpeg\" \/>\n<meta name=\"twitter:card\" content=\"summary_large_image\" \/>\n<meta name=\"twitter:label1\" content=\"Ber\u00e4knad l\u00e4stid\" \/>\n\t<meta name=\"twitter:data1\" content=\"3 minuter\" \/>\n<script type=\"application\/ld+json\" class=\"yoast-schema-graph\">{\"@context\":\"https:\\\/\\\/schema.org\",\"@graph\":[{\"@type\":\"WebPage\",\"@id\":\"https:\\\/\\\/369agara.com\\\/produit\\\/oreillettes-stethoscopiques-fc12-ibrain\\\/\",\"url\":\"https:\\\/\\\/369agara.com\\\/produit\\\/oreillettes-stethoscopiques-fc12-ibrain\\\/\",\"name\":\"Oreillette anti-ondes st\u00e9thoscopique ibrain FC12 | Connectique jack 3.5 - Noir | Agara\",\"isPartOf\":{\"@id\":\"https:\\\/\\\/369agara.com\\\/#website\"},\"primaryImageOfPage\":{\"@id\":\"https:\\\/\\\/369agara.com\\\/produit\\\/oreillettes-stethoscopiques-fc12-ibrain\\\/#primaryimage\"},\"image\":{\"@id\":\"https:\\\/\\\/369agara.com\\\/produit\\\/oreillettes-stethoscopiques-fc12-ibrain\\\/#primaryimage\"},\"thumbnailUrl\":\"https:\\\/\\\/369agara.com\\\/wp-content\\\/uploads\\\/2023\\\/08\\\/bonnet.jpg\",\"datePublished\":\"2023-08-20T14:28:21+00:00\",\"dateModified\":\"2025-05-12T17:03:04+00:00\",\"description\":\"L'oreillette anti-ondes iBrain FC12 st\u00e9r\u00e9o permet de r\u00e9duire de 98 % les rayonnements \u00e9mis par votre t\u00e9l\u00e9phone portable.\u00a0Le son est conduit par l'air (principe du tube de st\u00e9thoscope) et non par le c\u00e2ble, vous prot\u00e9geant ainsi efficacement. Son parfait pour la musique et la communication. Confort d'utilisation optimal.\u00a0Coloris noir.\",\"breadcrumb\":{\"@id\":\"https:\\\/\\\/369agara.com\\\/produit\\\/oreillettes-stethoscopiques-fc12-ibrain\\\/#breadcrumb\"},\"inLanguage\":\"sv-SE\",\"potentialAction\":[{\"@type\":\"ReadAction\",\"target\":[\"https:\\\/\\\/369agara.com\\\/produit\\\/oreillettes-stethoscopiques-fc12-ibrain\\\/\"]}]},{\"@type\":\"ImageObject\",\"inLanguage\":\"sv-SE\",\"@id\":\"https:\\\/\\\/369agara.com\\\/produit\\\/oreillettes-stethoscopiques-fc12-ibrain\\\/#primaryimage\",\"url\":\"https:\\\/\\\/369agara.com\\\/wp-content\\\/uploads\\\/2023\\\/08\\\/bonnet.jpg\",\"contentUrl\":\"https:\\\/\\\/369agara.com\\\/wp-content\\\/uploads\\\/2023\\\/08\\\/bonnet.jpg\",\"width\":800,\"height\":800},{\"@type\":\"BreadcrumbList\",\"@id\":\"https:\\\/\\\/369agara.com\\\/produit\\\/oreillettes-stethoscopiques-fc12-ibrain\\\/#breadcrumb\",\"itemListElement\":[{\"@type\":\"ListItem\",\"position\":1,\"name\":\"Accueil\",\"item\":\"https:\\\/\\\/369agara.com\\\/\"},{\"@type\":\"ListItem\",\"position\":2,\"name\":\"La boutique\",\"item\":\"https:\\\/\\\/369agara.com\\\/la-boutique\\\/\"},{\"@type\":\"ListItem\",\"position\":3,\"name\":\"Oreillette anti-ondes st\u00e9thoscopique ibrain FC12 | Connectique jack 3.5 &#8211; Noir\"}]},{\"@type\":\"WebSite\",\"@id\":\"https:\\\/\\\/369agara.com\\\/#website\",\"url\":\"https:\\\/\\\/369agara.com\\\/\",\"name\":\"Livsrikedomar\",\"description\":\"D\u00e9connectez pour mieux vous connecter\",\"publisher\":{\"@id\":\"https:\\\/\\\/369agara.com\\\/#organization\"},\"potentialAction\":[{\"@type\":\"SearchAction\",\"target\":{\"@type\":\"EntryPoint\",\"urlTemplate\":\"https:\\\/\\\/369agara.com\\\/?s={search_term_string}\"},\"query-input\":{\"@type\":\"PropertyValueSpecification\",\"valueRequired\":true,\"valueName\":\"search_term_string\"}}],\"inLanguage\":\"sv-SE\"},{\"@type\":\"Organization\",\"@id\":\"https:\\\/\\\/369agara.com\\\/#organization\",\"name\":\"EACreations\",\"url\":\"https:\\\/\\\/369agara.com\\\/\",\"logo\":{\"@type\":\"ImageObject\",\"inLanguage\":\"sv-SE\",\"@id\":\"https:\\\/\\\/369agara.com\\\/#\\\/schema\\\/logo\\\/image\\\/\",\"url\":\"\",\"contentUrl\":\"\",\"caption\":\"EACreations\"},\"image\":{\"@id\":\"https:\\\/\\\/369agara.com\\\/#\\\/schema\\\/logo\\\/image\\\/\"}}]}<\/script>\n<!-- \/ Yoast SEO Premium plugin. -->","yoast_head_json":{"title":"Oreillette anti-ondes st\u00e9thoscopique ibrain FC12 | Connectique jack 3.5 - Noir | Agara","description":"iBrain FC12 stereo anti-wave headset minskar str\u00e5lningen fr\u00e5n din mobiltelefon med 98 %. Ljudet leds genom luften (stetoskopr\u00f6rsprincipen) och inte genom kabeln, vilket ger ett effektivt skydd. Perfekt ljud f\u00f6r musik och kommunikation. Optimal komfort vid anv\u00e4ndning. Svart f\u00e4rg.","robots":{"index":"index","follow":"follow","max-snippet":"max-snippet:-1","max-image-preview":"max-image-preview:large","max-video-preview":"max-video-preview:-1"},"canonical":"https:\/\/369agara.com\/sv\/produkt\/oreillettes-stethoscopiques-fc12-ibrain\/","og_locale":"sv_SE","og_type":"article","og_title":"Oreillette anti-ondes st\u00e9thoscopique ibrain FC12 | Connectique jack 3.5 - Noir","og_description":"L'oreillette anti-ondes iBrain FC12 st\u00e9r\u00e9o permet de r\u00e9duire de 98 % les rayonnements \u00e9mis par votre t\u00e9l\u00e9phone portable.\u00a0Le son est conduit par l'air (principe du tube de st\u00e9thoscope) et non par le c\u00e2ble, vous prot\u00e9geant ainsi efficacement. Son parfait pour la musique et la communication. Confort d'utilisation optimal.\u00a0Coloris noir.","og_url":"https:\/\/369agara.com\/sv\/produkt\/oreillettes-stethoscopiques-fc12-ibrain\/","og_site_name":"Agara","article_modified_time":"2025-05-12T17:03:04+00:00","og_image":[{"width":800,"height":800,"url":"https:\/\/369agara.com\/wp-content\/uploads\/2023\/08\/bonnet.jpg","type":"image\/jpeg"}],"twitter_card":"summary_large_image","twitter_misc":{"Ber\u00e4knad l\u00e4stid":"3 minuter"},"schema":{"@context":"https:\/\/schema.org","@graph":[{"@type":"WebPage","@id":"https:\/\/369agara.com\/produit\/oreillettes-stethoscopiques-fc12-ibrain\/","url":"https:\/\/369agara.com\/produit\/oreillettes-stethoscopiques-fc12-ibrain\/","name":"Oreillette anti-ondes st\u00e9thoscopique ibrain FC12 | Connectique jack 3.5 - Noir | Agara","isPartOf":{"@id":"https:\/\/369agara.com\/#website"},"primaryImageOfPage":{"@id":"https:\/\/369agara.com\/produit\/oreillettes-stethoscopiques-fc12-ibrain\/#primaryimage"},"image":{"@id":"https:\/\/369agara.com\/produit\/oreillettes-stethoscopiques-fc12-ibrain\/#primaryimage"},"thumbnailUrl":"https:\/\/369agara.com\/wp-content\/uploads\/2023\/08\/bonnet.jpg","datePublished":"2023-08-20T14:28:21+00:00","dateModified":"2025-05-12T17:03:04+00:00","description":"iBrain FC12 stereo anti-wave headset minskar str\u00e5lningen fr\u00e5n din mobiltelefon med 98 %. Ljudet leds genom luften (stetoskopr\u00f6rsprincipen) och inte genom kabeln, vilket ger ett effektivt skydd. Perfekt ljud f\u00f6r musik och kommunikation. Optimal komfort vid anv\u00e4ndning. Svart f\u00e4rg.","breadcrumb":{"@id":"https:\/\/369agara.com\/produit\/oreillettes-stethoscopiques-fc12-ibrain\/#breadcrumb"},"inLanguage":"sv-SE","potentialAction":[{"@type":"ReadAction","target":["https:\/\/369agara.com\/produit\/oreillettes-stethoscopiques-fc12-ibrain\/"]}]},{"@type":"ImageObject","inLanguage":"sv-SE","@id":"https:\/\/369agara.com\/produit\/oreillettes-stethoscopiques-fc12-ibrain\/#primaryimage","url":"https:\/\/369agara.com\/wp-content\/uploads\/2023\/08\/bonnet.jpg","contentUrl":"https:\/\/369agara.com\/wp-content\/uploads\/2023\/08\/bonnet.jpg","width":800,"height":800},{"@type":"BreadcrumbList","@id":"https:\/\/369agara.com\/produit\/oreillettes-stethoscopiques-fc12-ibrain\/#breadcrumb","itemListElement":[{"@type":"ListItem","position":1,"name":"Accueil","item":"https:\/\/369agara.com\/"},{"@type":"ListItem","position":2,"name":"La boutique","item":"https:\/\/369agara.com\/la-boutique\/"},{"@type":"ListItem","position":3,"name":"Oreillette anti-ondes st\u00e9thoscopique ibrain FC12 | Connectique jack 3.5 &#8211; Noir"}]},{"@type":"WebSite","@id":"https:\/\/369agara.com\/#website","url":"https:\/\/369agara.com\/","name":"Livsrikedomar","description":"Koppla bort f\u00f6r att skapa b\u00e4ttre kontakt","publisher":{"@id":"https:\/\/369agara.com\/#organization"},"potentialAction":[{"@type":"SearchAction","target":{"@type":"EntryPoint","urlTemplate":"https:\/\/369agara.com\/?s={search_term_string}"},"query-input":{"@type":"PropertyValueSpecification","valueRequired":true,"valueName":"search_term_string"}}],"inLanguage":"sv-SE"},{"@type":"Organization","@id":"https:\/\/369agara.com\/#organization","name":"EACreations","url":"https:\/\/369agara.com\/","logo":{"@type":"ImageObject","inLanguage":"sv-SE","@id":"https:\/\/369agara.com\/#\/schema\/logo\/image\/","url":"","contentUrl":"","caption":"EACreations"},"image":{"@id":"https:\/\/369agara.com\/#\/schema\/logo\/image\/"}}]}},"jetpack_sharing_enabled":true,"_links":{"self":[{"href":"https:\/\/369agara.com\/sv\/wp-json\/wp\/v2\/product\/1717","targetHints":{"allow":["GET"]}}],"collection":[{"href":"https:\/\/369agara.com\/sv\/wp-json\/wp\/v2\/product"}],"about":[{"href":"https:\/\/369agara.com\/sv\/wp-json\/wp\/v2\/types\/product"}],"replies":[{"embeddable":true,"href":"https:\/\/369agara.com\/sv\/wp-json\/wp\/v2\/comments?post=1717"}],"wp:featuredmedia":[{"embeddable":true,"href":"https:\/\/369agara.com\/sv\/wp-json\/wp\/v2\/media\/3790"}],"wp:attachment":[{"href":"https:\/\/369agara.com\/sv\/wp-json\/wp\/v2\/media?parent=1717"}],"wp:term":[{"taxonomy":"product_brand","embeddable":true,"href":"https:\/\/369agara.com\/sv\/wp-json\/wp\/v2\/product_brand?post=1717"},{"taxonomy":"product_cat","embeddable":true,"href":"https:\/\/369agara.com\/sv\/wp-json\/wp\/v2\/product_cat?post=1717"},{"taxonomy":"product_tag","embeddable":true,"href":"https:\/\/369agara.com\/sv\/wp-json\/wp\/v2\/product_tag?post=1717"}],"curies":[{"name":"wp","href":"https:\/\/api.w.org\/{rel}","templated":true}]}}