{"id":1747,"date":"2023-08-21T17:14:53","date_gmt":"2023-08-21T15:14:53","guid":{"rendered":"https:\/\/369agara.com\/?post_type=product&#038;p=1747"},"modified":"2025-05-12T17:25:31","modified_gmt":"2025-05-12T15:25:31","slug":"cable-alimentation-pc-2m","status":"publish","type":"product","link":"https:\/\/369agara.com\/sv\/produkt\/cable-alimentation-pc-2m\/","title":{"rendered":"Svart sk\u00e4rmad PC-str\u00f6mkabel Biologa Danell 2 meter"},"content":{"rendered":"<p><span style=\"font-family: 'Book Antiqua', Palatino; font-size: 120%; color: #333399;\">Den svarta Biologa Danell-sk\u00e4rmade PC-str\u00f6mkabeln ger skydd mot b\u00e5de elektriska och magnetiska f\u00e4lt.<\/span><\/p>\n<ul>\n<li><span style=\"font-family: 'Book Antiqua', Palatino; font-size: 120%; color: #333399;\">Elektriska f\u00e4lt p\u00e5verkar v\u00e5rt nervsystem, endokrina system och immunf\u00f6rsvar. De st\u00f6r uts\u00f6ndringen av melatonin (s\u00f6mnhormonet som motverkar cancer) och syra-basbalansen genom att f\u00f6rsura v\u00e5ra kroppar. De joniserar ocks\u00e5 luften positivt, vilket \u00f6kar hj\u00e4rtfrekvensen, stressen och obehaget och f\u00f6r\u00e4ndrar syres\u00e4ttningen i hj\u00e4rnan.<\/span><\/li>\n<li><span style=\"font-family: 'Book Antiqua', Palatino; font-size: 120%; color: #333399;\">Magnetiska f\u00e4lt p\u00e5verkar v\u00e5rt cellul\u00e4ra system. \u00a0<\/span><\/li>\n<\/ul>\n<p><span style=\"font-family: 'Book Antiqua', Palatino; font-size: 120%; color: #333399;\">Danell Biologas sk\u00e4rmade anslutningskabel \u00e4r konstruerad s\u00e5 att den, till skillnad fr\u00e5n den ursprungliga anslutningskabeln, inte avger elektriska f\u00e4lt (l\u00e5ga frekvenser 50 Hertz). Kabeln best\u00e5r av 3 tr\u00e5dar (fas, jord och neutral), som \u00e4r lindade i en metallfolie som, n\u00e4r den \u00e4r jordad, eliminerar elektriska f\u00e4lt. Dessa ledningar \u00e4r ocks\u00e5 tvinnade 15 g\u00e5nger per meter f\u00f6r att kraftigt d\u00e4mpa magnetiska f\u00e4lt.<\/span><\/p>\n<p><span style=\"font-family: 'Book Antiqua', Palatino; font-size: 120%; color: #333399;\">Genom att ers\u00e4tta standardkablarna till din dator, bildsk\u00e4rm eller skrivare med sk\u00e4rmade n\u00e4tkablar eliminerar du den elektromagnetiska f\u00f6rorening som finns p\u00e5 ditt kontor och kan p\u00e5 s\u00e5 s\u00e4tt arbeta lugnare, utan att k\u00e4nna dig nerv\u00f6s eller tr\u00f6tt.<\/span><\/p>\n<p><span style=\"font-family: 'Book Antiqua', Palatino; font-size: 120%; color: #333399;\">F\u00f6r anv\u00e4ndning med en b\u00e4rbar dator kr\u00e4vs en 2-polig (f\u00f6r datorer utan jordad kontakt) eller 3-polig (f\u00f6r datorer med jordad kontakt) adapter.<\/span><\/p>\n<p><span style=\"font-family: 'Book Antiqua', Palatino; font-size: 120%; color: #ed1c24;\"><strong>F\u00f6rsiktighet! Denna sk\u00e4rmade str\u00f6mkabel m\u00e5ste anslutas till ett jordat v\u00e4gguttag!\u00a0<\/strong><\/span><\/p>\n<h3><span style=\"font-family: 'Book Antiqua', Palatino; font-size: 120%; color: #333399;\">Tekniska specifikationer<\/span><\/h3>\n<ul>\n<li><span style=\"font-family: 'Book Antiqua', Palatino; font-size: 120%; color: #333399;\">Kabell\u00e4ngd: 2 meter<\/span><\/li>\n<li><span style=\"font-family: 'Book Antiqua', Palatino; font-size: 120%; color: #333399;\">Tv\u00e4rsnitt: 3 x 1,00 mm\u00b2.<\/span><\/li>\n<li><span style=\"font-family: 'Book Antiqua', Palatino; font-size: 120%; color: #333399;\">Sk\u00e4rmad anslutningskontakt<\/span><\/li>\n<li><span style=\"font-family: 'Book Antiqua', Palatino; font-size: 120%; color: #333399;\">Barns\u00e4kert l\u00e5s<\/span><\/li>\n<li><span style=\"font-family: 'Book Antiqua', Palatino; font-size: 120%; color: #333399;\">F\u00e4rg: svart<\/span><\/li>\n<li><span style=\"font-family: 'Book Antiqua', Palatino; font-size: 120%; color: #333399;\">230 V \/ 50 Hz, max 10 A<\/span><\/li>\n<li><span style=\"font-family: 'Book Antiqua', Palatino; font-size: 120%; color: #333399;\">Vikt: 200 g<\/span><\/li>\n<li><span style=\"font-family: 'Book Antiqua', Palatino; font-size: 120%; color: #333399;\">Garanti: 2 \u00e5r<\/span><\/li>\n<\/ul>\n<p><span style=\"font-family: 'Book Antiqua', Palatino; font-size: 120%; color: #333399;\">Verifieringen och effektiviteten av avsk\u00e4rmningen m\u00e4ttes i enlighet med TCO'99, Band I (MPR II, DIN prEN 50279).<\/span><\/p>\n<p><span style=\"font-family: 'Book Antiqua', Palatino; font-size: 120%; color: #333399;\">Tillverkad i Tyskland<\/span><\/p>","protected":false},"excerpt":{"rendered":"<p><span style=\"font-family: 'Book Antiqua', Palatino; font-size: 120%; color: #333399;\">Danell Biologas sk\u00e4rmade str\u00f6mkabel f\u00f6r datorer (station\u00e4ra eller b\u00e4rbara), bildsk\u00e4rmar och skrivare skyddar dig fr\u00e5n b\u00e5de elektriska och magnetiska f\u00e4lt.\u00a0<\/span><\/p>\n<p><span style=\"font-family: 'Book Antiqua', Palatino; font-size: 120%; color: #333399;\">Adapter f\u00f6r b\u00e4rbar dator (tillval).\u00a0<\/span><\/p>\n<p><span style=\"font-family: 'Book Antiqua', Palatino; font-size: 120%; color: #333399;\">L\u00e4ngd 2 meter. Svart.<\/span><\/p>","protected":false},"featured_media":3352,"comment_status":"open","ping_status":"closed","template":"","meta":[],"product_brand":[265],"product_cat":[164],"product_tag":[248,246,247,251,249,245],"class_list":{"0":"post-1747","1":"product","2":"type-product","3":"status-publish","4":"has-post-thumbnail","6":"product_brand-biologa-danell","7":"product_cat-baubiologie","8":"product_tag-baubiologie","9":"product_tag-bureau","10":"product_tag-chambre","11":"product_tag-electricite","12":"product_tag-electromagnetisme","13":"product_tag-maison","15":"first","16":"onbackorder","17":"taxable","18":"shipping-taxable","19":"purchasable","20":"product-type-simple"},"yoast_head":"<!-- This site is optimized with the Yoast SEO Premium plugin v25.1 (Yoast SEO v27.4) - https:\/\/yoast.com\/product\/yoast-seo-premium-wordpress\/ -->\n<title>C\u00e2ble d&#039;alimentation PC blind\u00e9 noir Biologa Danell 2 m\u00e8tres | Agara<\/title>\n<meta name=\"description\" content=\"Le c\u00e2ble d&#039;alimentation blind\u00e9 Biologa Danell pour ordinateur (fixe ou portable), \u00e9cran, imprimante permet de vous prot\u00e9ger \u00e0 la fois des champs \u00e9lectriques et des champs magn\u00e9tiques.\u00a0Adaptateur pour ordinateur portable en option.\u00a0Longueur 2 m\u00e8tres.\u00a0Coloris noir.\" \/>\n<meta name=\"robots\" content=\"index, follow, max-snippet:-1, max-image-preview:large, max-video-preview:-1\" \/>\n<link rel=\"canonical\" href=\"https:\/\/369agara.com\/sv\/produkt\/cable-alimentation-pc-2m\/\" \/>\n<meta property=\"og:locale\" content=\"sv_SE\" \/>\n<meta property=\"og:type\" content=\"article\" \/>\n<meta property=\"og:title\" content=\"C\u00e2ble d&#039;alimentation PC blind\u00e9 noir Biologa Danell 2 m\u00e8tres\" \/>\n<meta property=\"og:description\" content=\"Le c\u00e2ble d&#039;alimentation blind\u00e9 Biologa Danell pour ordinateur (fixe ou portable), \u00e9cran, imprimante permet de vous prot\u00e9ger \u00e0 la fois des champs \u00e9lectriques et des champs magn\u00e9tiques.\u00a0Adaptateur pour ordinateur portable en option.\u00a0Longueur 2 m\u00e8tres.\u00a0Coloris noir.\" \/>\n<meta property=\"og:url\" content=\"https:\/\/369agara.com\/sv\/produkt\/cable-alimentation-pc-2m\/\" \/>\n<meta property=\"og:site_name\" content=\"Agara\" \/>\n<meta property=\"article:modified_time\" content=\"2025-05-12T15:25:31+00:00\" \/>\n<meta property=\"og:image\" content=\"https:\/\/369agara.com\/wp-content\/uploads\/2023\/08\/cable-d-alimentation-pc-blinde-noir-danell-2-metres-1.png\" \/>\n\t<meta property=\"og:image:width\" content=\"800\" \/>\n\t<meta property=\"og:image:height\" content=\"800\" \/>\n\t<meta property=\"og:image:type\" content=\"image\/png\" \/>\n<meta name=\"twitter:card\" content=\"summary_large_image\" \/>\n<meta name=\"twitter:label1\" content=\"Ber\u00e4knad l\u00e4stid\" \/>\n\t<meta name=\"twitter:data1\" content=\"2 minuter\" \/>\n<script type=\"application\/ld+json\" class=\"yoast-schema-graph\">{\"@context\":\"https:\\\/\\\/schema.org\",\"@graph\":[{\"@type\":\"WebPage\",\"@id\":\"https:\\\/\\\/369agara.com\\\/produit\\\/cable-alimentation-pc-2m\\\/\",\"url\":\"https:\\\/\\\/369agara.com\\\/produit\\\/cable-alimentation-pc-2m\\\/\",\"name\":\"C\u00e2ble d'alimentation PC blind\u00e9 noir Biologa Danell 2 m\u00e8tres | Agara\",\"isPartOf\":{\"@id\":\"https:\\\/\\\/369agara.com\\\/#website\"},\"primaryImageOfPage\":{\"@id\":\"https:\\\/\\\/369agara.com\\\/produit\\\/cable-alimentation-pc-2m\\\/#primaryimage\"},\"image\":{\"@id\":\"https:\\\/\\\/369agara.com\\\/produit\\\/cable-alimentation-pc-2m\\\/#primaryimage\"},\"thumbnailUrl\":\"https:\\\/\\\/369agara.com\\\/wp-content\\\/uploads\\\/2023\\\/08\\\/cable-d-alimentation-pc-blinde-noir-danell-2-metres-1.png\",\"datePublished\":\"2023-08-21T15:14:53+00:00\",\"dateModified\":\"2025-05-12T15:25:31+00:00\",\"description\":\"Le c\u00e2ble d'alimentation blind\u00e9 Biologa Danell pour ordinateur (fixe ou portable), \u00e9cran, imprimante permet de vous prot\u00e9ger \u00e0 la fois des champs \u00e9lectriques et des champs magn\u00e9tiques.\u00a0Adaptateur pour ordinateur portable en option.\u00a0Longueur 2 m\u00e8tres.\u00a0Coloris noir.\",\"breadcrumb\":{\"@id\":\"https:\\\/\\\/369agara.com\\\/produit\\\/cable-alimentation-pc-2m\\\/#breadcrumb\"},\"inLanguage\":\"sv-SE\",\"potentialAction\":[{\"@type\":\"ReadAction\",\"target\":[\"https:\\\/\\\/369agara.com\\\/produit\\\/cable-alimentation-pc-2m\\\/\"]}]},{\"@type\":\"ImageObject\",\"inLanguage\":\"sv-SE\",\"@id\":\"https:\\\/\\\/369agara.com\\\/produit\\\/cable-alimentation-pc-2m\\\/#primaryimage\",\"url\":\"https:\\\/\\\/369agara.com\\\/wp-content\\\/uploads\\\/2023\\\/08\\\/cable-d-alimentation-pc-blinde-noir-danell-2-metres-1.png\",\"contentUrl\":\"https:\\\/\\\/369agara.com\\\/wp-content\\\/uploads\\\/2023\\\/08\\\/cable-d-alimentation-pc-blinde-noir-danell-2-metres-1.png\",\"width\":800,\"height\":800},{\"@type\":\"BreadcrumbList\",\"@id\":\"https:\\\/\\\/369agara.com\\\/produit\\\/cable-alimentation-pc-2m\\\/#breadcrumb\",\"itemListElement\":[{\"@type\":\"ListItem\",\"position\":1,\"name\":\"Accueil\",\"item\":\"https:\\\/\\\/369agara.com\\\/\"},{\"@type\":\"ListItem\",\"position\":2,\"name\":\"La boutique\",\"item\":\"https:\\\/\\\/369agara.com\\\/la-boutique\\\/\"},{\"@type\":\"ListItem\",\"position\":3,\"name\":\"C\u00e2ble d&rsquo;alimentation PC blind\u00e9 noir Biologa Danell 2 m\u00e8tres\"}]},{\"@type\":\"WebSite\",\"@id\":\"https:\\\/\\\/369agara.com\\\/#website\",\"url\":\"https:\\\/\\\/369agara.com\\\/\",\"name\":\"Livsrikedomar\",\"description\":\"D\u00e9connectez pour mieux vous connecter\",\"publisher\":{\"@id\":\"https:\\\/\\\/369agara.com\\\/#organization\"},\"potentialAction\":[{\"@type\":\"SearchAction\",\"target\":{\"@type\":\"EntryPoint\",\"urlTemplate\":\"https:\\\/\\\/369agara.com\\\/?s={search_term_string}\"},\"query-input\":{\"@type\":\"PropertyValueSpecification\",\"valueRequired\":true,\"valueName\":\"search_term_string\"}}],\"inLanguage\":\"sv-SE\"},{\"@type\":\"Organization\",\"@id\":\"https:\\\/\\\/369agara.com\\\/#organization\",\"name\":\"EACreations\",\"url\":\"https:\\\/\\\/369agara.com\\\/\",\"logo\":{\"@type\":\"ImageObject\",\"inLanguage\":\"sv-SE\",\"@id\":\"https:\\\/\\\/369agara.com\\\/#\\\/schema\\\/logo\\\/image\\\/\",\"url\":\"\",\"contentUrl\":\"\",\"caption\":\"EACreations\"},\"image\":{\"@id\":\"https:\\\/\\\/369agara.com\\\/#\\\/schema\\\/logo\\\/image\\\/\"}}]}<\/script>\n<!-- \/ Yoast SEO Premium plugin. -->","yoast_head_json":{"title":"C\u00e2ble d'alimentation PC blind\u00e9 noir Biologa Danell 2 m\u00e8tres | Agara","description":"Le c\u00e2ble d'alimentation blind\u00e9 Biologa Danell pour ordinateur (fixe ou portable), \u00e9cran, imprimante permet de vous prot\u00e9ger \u00e0 la fois des champs \u00e9lectriques et des champs magn\u00e9tiques.\u00a0Adaptateur pour ordinateur portable en option.\u00a0Longueur 2 m\u00e8tres.\u00a0Coloris noir.","robots":{"index":"index","follow":"follow","max-snippet":"max-snippet:-1","max-image-preview":"max-image-preview:large","max-video-preview":"max-video-preview:-1"},"canonical":"https:\/\/369agara.com\/sv\/produkt\/cable-alimentation-pc-2m\/","og_locale":"sv_SE","og_type":"article","og_title":"C\u00e2ble d'alimentation PC blind\u00e9 noir Biologa Danell 2 m\u00e8tres","og_description":"Le c\u00e2ble d'alimentation blind\u00e9 Biologa Danell pour ordinateur (fixe ou portable), \u00e9cran, imprimante permet de vous prot\u00e9ger \u00e0 la fois des champs \u00e9lectriques et des champs magn\u00e9tiques.\u00a0Adaptateur pour ordinateur portable en option.\u00a0Longueur 2 m\u00e8tres.\u00a0Coloris noir.","og_url":"https:\/\/369agara.com\/sv\/produkt\/cable-alimentation-pc-2m\/","og_site_name":"Agara","article_modified_time":"2025-05-12T15:25:31+00:00","og_image":[{"width":800,"height":800,"url":"https:\/\/369agara.com\/wp-content\/uploads\/2023\/08\/cable-d-alimentation-pc-blinde-noir-danell-2-metres-1.png","type":"image\/png"}],"twitter_card":"summary_large_image","twitter_misc":{"Ber\u00e4knad l\u00e4stid":"2 minuter"},"schema":{"@context":"https:\/\/schema.org","@graph":[{"@type":"WebPage","@id":"https:\/\/369agara.com\/produit\/cable-alimentation-pc-2m\/","url":"https:\/\/369agara.com\/produit\/cable-alimentation-pc-2m\/","name":"C\u00e2ble d'alimentation PC blind\u00e9 noir Biologa Danell 2 m\u00e8tres | Agara","isPartOf":{"@id":"https:\/\/369agara.com\/#website"},"primaryImageOfPage":{"@id":"https:\/\/369agara.com\/produit\/cable-alimentation-pc-2m\/#primaryimage"},"image":{"@id":"https:\/\/369agara.com\/produit\/cable-alimentation-pc-2m\/#primaryimage"},"thumbnailUrl":"https:\/\/369agara.com\/wp-content\/uploads\/2023\/08\/cable-d-alimentation-pc-blinde-noir-danell-2-metres-1.png","datePublished":"2023-08-21T15:14:53+00:00","dateModified":"2025-05-12T15:25:31+00:00","description":"Le c\u00e2ble d'alimentation blind\u00e9 Biologa Danell pour ordinateur (fixe ou portable), \u00e9cran, imprimante permet de vous prot\u00e9ger \u00e0 la fois des champs \u00e9lectriques et des champs magn\u00e9tiques.\u00a0Adaptateur pour ordinateur portable en option.\u00a0Longueur 2 m\u00e8tres.\u00a0Coloris noir.","breadcrumb":{"@id":"https:\/\/369agara.com\/produit\/cable-alimentation-pc-2m\/#breadcrumb"},"inLanguage":"sv-SE","potentialAction":[{"@type":"ReadAction","target":["https:\/\/369agara.com\/produit\/cable-alimentation-pc-2m\/"]}]},{"@type":"ImageObject","inLanguage":"sv-SE","@id":"https:\/\/369agara.com\/produit\/cable-alimentation-pc-2m\/#primaryimage","url":"https:\/\/369agara.com\/wp-content\/uploads\/2023\/08\/cable-d-alimentation-pc-blinde-noir-danell-2-metres-1.png","contentUrl":"https:\/\/369agara.com\/wp-content\/uploads\/2023\/08\/cable-d-alimentation-pc-blinde-noir-danell-2-metres-1.png","width":800,"height":800},{"@type":"BreadcrumbList","@id":"https:\/\/369agara.com\/produit\/cable-alimentation-pc-2m\/#breadcrumb","itemListElement":[{"@type":"ListItem","position":1,"name":"Accueil","item":"https:\/\/369agara.com\/"},{"@type":"ListItem","position":2,"name":"La boutique","item":"https:\/\/369agara.com\/la-boutique\/"},{"@type":"ListItem","position":3,"name":"C\u00e2ble d&rsquo;alimentation PC blind\u00e9 noir Biologa Danell 2 m\u00e8tres"}]},{"@type":"WebSite","@id":"https:\/\/369agara.com\/#website","url":"https:\/\/369agara.com\/","name":"Livsrikedomar","description":"Koppla bort f\u00f6r att skapa b\u00e4ttre kontakt","publisher":{"@id":"https:\/\/369agara.com\/#organization"},"potentialAction":[{"@type":"SearchAction","target":{"@type":"EntryPoint","urlTemplate":"https:\/\/369agara.com\/?s={search_term_string}"},"query-input":{"@type":"PropertyValueSpecification","valueRequired":true,"valueName":"search_term_string"}}],"inLanguage":"sv-SE"},{"@type":"Organization","@id":"https:\/\/369agara.com\/#organization","name":"EACreations","url":"https:\/\/369agara.com\/","logo":{"@type":"ImageObject","inLanguage":"sv-SE","@id":"https:\/\/369agara.com\/#\/schema\/logo\/image\/","url":"","contentUrl":"","caption":"EACreations"},"image":{"@id":"https:\/\/369agara.com\/#\/schema\/logo\/image\/"}}]}},"jetpack_sharing_enabled":true,"_links":{"self":[{"href":"https:\/\/369agara.com\/sv\/wp-json\/wp\/v2\/product\/1747","targetHints":{"allow":["GET"]}}],"collection":[{"href":"https:\/\/369agara.com\/sv\/wp-json\/wp\/v2\/product"}],"about":[{"href":"https:\/\/369agara.com\/sv\/wp-json\/wp\/v2\/types\/product"}],"replies":[{"embeddable":true,"href":"https:\/\/369agara.com\/sv\/wp-json\/wp\/v2\/comments?post=1747"}],"wp:featuredmedia":[{"embeddable":true,"href":"https:\/\/369agara.com\/sv\/wp-json\/wp\/v2\/media\/3352"}],"wp:attachment":[{"href":"https:\/\/369agara.com\/sv\/wp-json\/wp\/v2\/media?parent=1747"}],"wp:term":[{"taxonomy":"product_brand","embeddable":true,"href":"https:\/\/369agara.com\/sv\/wp-json\/wp\/v2\/product_brand?post=1747"},{"taxonomy":"product_cat","embeddable":true,"href":"https:\/\/369agara.com\/sv\/wp-json\/wp\/v2\/product_cat?post=1747"},{"taxonomy":"product_tag","embeddable":true,"href":"https:\/\/369agara.com\/sv\/wp-json\/wp\/v2\/product_tag?post=1747"}],"curies":[{"name":"wp","href":"https:\/\/api.w.org\/{rel}","templated":true}]}}