{"id":1748,"date":"2023-08-21T17:42:51","date_gmt":"2023-08-21T15:42:51","guid":{"rendered":"https:\/\/369agara.com\/?post_type=product&#038;p=1748"},"modified":"2025-05-12T17:21:06","modified_gmt":"2025-05-12T15:21:06","slug":"rallong-blindee-3m-5m-noir-blanc","status":"publish","type":"product","link":"https:\/\/369agara.com\/sv\/produkt\/rallong-blindee-3m-5m-noir-blanc\/","title":{"rendered":"Sk\u00e4rmad f\u00f6rl\u00e4ngningssladd 1,5 mm\u00b2 Biologa Danell 3 m | 5 m - Svart | Vit"},"content":{"rendered":"<div class=\"block md-bottom product-description-block\">\n<div class=\"block-content box-bg\">\n<div class=\"product-description typo\">\n<h3><span style=\"font-family: 'Book Antiqua', Palatino; font-size: 120%; color: #333399;\">Ut\u00f6ka dina anslutningar, inte din exponering f\u00f6r radiov\u00e5gor!<\/span><\/h3>\n<p><span style=\"font-family: 'Book Antiqua', Palatino; font-size: 120%; color: #333399;\">La\u00a0<strong>Sk\u00e4rmad f\u00f6rl\u00e4ngningssladd<\/strong>\u00a0Biologa Danell \u00e4r utformad f\u00f6r att f\u00f6rl\u00e4nga dina kontakter samtidigt som\u00a0<strong>begr\u00e4nsning av elektromagnetiska f\u00e4lt (EMC)<\/strong>\u00a0i din omgivning. Den \u00e4r idealisk f\u00f6r personer som vill ha ett h\u00e4lsosamt hem eller som lider av el\u00f6verk\u00e4nslighet.<\/span><\/p>\n<p><span style=\"font-family: 'Book Antiqua', Palatino; font-size: 120%; color: #333399;\">Den vita Danell Biologa 5 meter sk\u00e4rmade f\u00f6rl\u00e4ngningssladden skyddar dig fr\u00e5n b\u00e5de elektriska och magnetiska f\u00e4lt.<\/span><\/p>\n<p><span style=\"font-family: 'Book Antiqua', Palatino; font-size: 120%; color: #333399;\">Tack vare sin konstruktion avger den h\u00e4r sk\u00e4rmade f\u00f6rl\u00e4ngningskabeln inga elektriska f\u00e4lt (l\u00e5ga frekvenser 50 Hertz), till skillnad fr\u00e5n en vanlig f\u00f6rl\u00e4ngningskabel.\u00a0<\/span><\/p>\n<p><span style=\"font-family: 'Book Antiqua', Palatino; font-size: 120%; color: #333399;\">Denna Danell Biologa armerade f\u00f6rl\u00e4ngningskabel \u00e4r idealisk om du vill dra en f\u00f6rl\u00e4ngningskabel under s\u00e4ngen, bakom en soffa eller ett skrivbord.<\/span><\/p>\n<p><span style=\"font-family: 'Book Antiqua', Palatino; font-size: 120%; color: #333399;\">F\u00f6rl\u00e4ngningskabeln best\u00e5r av 3 ledare (fas, jord och neutral) som \u00e4r lindade i en metallfolie som, n\u00e4r den \u00e4r jordad, eliminerar elektriska f\u00e4lt. Dessa ledningar \u00e4r ocks\u00e5 tvinnade 15 g\u00e5nger per meter f\u00f6r att kraftigt d\u00e4mpa magnetiska f\u00e4lt.<\/span><\/p>\n<p><span style=\"font-family: 'Book Antiqua', Palatino; font-size: 120%; color: #333399;\">Kontakten \u00e4r sk\u00e4rmad.<\/span><\/p>\n<ul>\n<li><span style=\"font-family: 'Book Antiqua', Palatino; font-size: 120%; color: #333399;\"><strong>Full rustning<\/strong>\u00a0av kabeln mot l\u00e5gfrekventa elektriska f\u00e4lt<\/span><\/li>\n<li><span style=\"font-family: 'Book Antiqua', Palatino; font-size: 120%; color: #333399;\"><strong>Minska elektromagnetiska emissioner<\/strong>\u00a0runt kabeln<\/span><\/li>\n<li><span style=\"font-family: 'Book Antiqua', Palatino; font-size: 120%; color: #333399;\"><strong>Anslutningar av h\u00f6g kvalitet<\/strong>\u00a0f\u00f6r maximal s\u00e4kerhet och tillf\u00f6rlitlighet<\/span><\/li>\n<li><span style=\"font-family: 'Book Antiqua', Palatino; font-size: 120%; color: #333399;\"><strong>CE-standarder<\/strong>\u00a0och h\u00e5llbara material<\/span><\/li>\n<li><span style=\"font-family: 'Book Antiqua', Palatino; font-size: 120%; color: #333399;\">Kompatibel med\u00a0<strong>Franska uttag (typ E)<\/strong><\/span><\/li>\n<li><span style=\"font-family: 'Book Antiqua', Palatino; font-size: 120%; color: #333399;\">L\u00e4mplig f\u00f6r elektriska apparater i vardagen (lampor, laddare, datorer etc.)<\/span><\/li>\n<\/ul>\n<h3><span style=\"font-family: 'Book Antiqua', Palatino; font-size: 120%; color: #333399;\">Idealisk anv\u00e4ndning :<\/span><\/h3>\n<ul>\n<li><span style=\"font-family: 'Book Antiqua', Palatino; font-size: 120%; color: #333399;\">Sovrum (t.ex. s\u00e4nglampa)<\/span><\/li>\n<li><span style=\"font-family: 'Book Antiqua', Palatino; font-size: 120%; color: #333399;\">Kontor eller arbetsyta<\/span><\/li>\n<li><span style=\"font-family: 'Book Antiqua', Palatino; font-size: 120%; color: #333399;\">Vardagsrum \/ TV-omr\u00e5de<\/span><\/li>\n<li><span style=\"font-family: 'Book Antiqua', Palatino; font-size: 120%; color: #333399;\">Installation av ljud \/ hi-fi<\/span><\/li>\n<li><span style=\"font-family: 'Book Antiqua', Palatino; font-size: 120%; color: #333399;\">Rastplatser \/ energibehandlingar<\/span><\/li>\n<li><span style=\"font-family: 'Book Antiqua', Palatino; font-size: 120%; color: #333399;\"><strong>V\u00e5gfritt boende f\u00f6r el\u00f6verk\u00e4nsliga personer (EHS)<\/strong><\/span><\/li>\n<\/ul>\n<h3><span style=\"font-family: 'Book Antiqua', Palatino; font-size: 120%; color: #333399;\">Varf\u00f6r anv\u00e4nda en sk\u00e4rmad f\u00f6rl\u00e4ngningssladd?<\/span><\/h3>\n<p><span style=\"font-family: 'Book Antiqua', Palatino; font-size: 120%; color: #333399;\">Konventionella f\u00f6rl\u00e4ngningssladdar avger elektriska f\u00e4lt l\u00e4ngs hela sin l\u00e4ngd, \u00e4ven n\u00e4r ingen apparat \u00e4r inkopplad.<\/span><br \/>\n<span style=\"font-family: 'Book Antiqua', Palatino; font-size: 120%; color: #333399;\">V\u00e5r bepansrade f\u00f6rl\u00e4ngningsledning\u00a0<strong>avbryter dessa utsl\u00e4pp tack vare fullst\u00e4ndig avsk\u00e4rmning<\/strong>bidra till en god milj\u00f6\u00a0<strong>friskare och lugnare<\/strong>.<\/span><\/p>\n<ul>\n<li><span style=\"font-family: 'Book Antiqua', Palatino; font-size: 120%; color: #333399;\">Elektriska f\u00e4lt p\u00e5verkar v\u00e5rt nervsystem, endokrina system och immunf\u00f6rsvar. De st\u00f6r uts\u00f6ndringen av melatonin (s\u00f6mnhormonet som motverkar cancer) och syra-basbalansen genom att f\u00f6rsura v\u00e5ra kroppar. De joniserar ocks\u00e5 luften positivt, vilket \u00f6kar hj\u00e4rtfrekvensen, stressen och obehaget och f\u00f6r\u00e4ndrar syres\u00e4ttningen i hj\u00e4rnan.<\/span><\/li>\n<li><span style=\"font-family: 'Book Antiqua', Palatino; font-size: 120%; color: #333399;\">Magnetiska f\u00e4lt p\u00e5verkar v\u00e5rt cellul\u00e4ra system. \u00a0<\/span><\/li>\n<\/ul>\n<p><span style=\"font-family: 'Book Antiqua', Palatino; font-size: 120%; color: #ed1c24;\"><strong>Varning! F\u00f6r att undvika elektriska f\u00e4lt m\u00e5ste den h\u00e4r sk\u00e4rmade f\u00f6rl\u00e4ngningssladden anslutas till ett jordat v\u00e4gguttag!\u00a0<\/strong><\/span><\/p>\n<p><span style=\"font-family: 'Book Antiqua', Palatino; font-size: 120%; color: #333399;\">Verifieringen och effektiviteten av avsk\u00e4rmningen m\u00e4ttes i enlighet med TCO'99, Band I (MPR II, DIN prEN 50279).<\/span><\/p>\n<h3><span style=\"font-family: 'Book Antiqua', Palatino; font-size: 120%; color: #333399;\">Tekniska specifikationer<\/span><\/h3>\n<ul>\n<li><span style=\"font-family: 'Book Antiqua', Palatino; font-size: 120%; color: #333399;\">Anslutningssystem: europeiska 2P+T han- och honuttag<\/span><\/li>\n<li><span style=\"font-family: 'Book Antiqua', Palatino; font-size: 120%; color: #333399;\">Barns\u00e4kert l\u00e5s<\/span><\/li>\n<li><span style=\"font-family: 'Book Antiqua', Palatino; font-size: 120%; color: #333399;\">Sk\u00e4rmad kabel 3 x 1,5 mm\u00b2 (VDE)<\/span><\/li>\n<li><span style=\"font-family: 'Book Antiqua', Palatino; font-size: 120%; color: #333399;\">L\u00e4ngd p\u00e5 sk\u00e4rmad kabel: 5 meter<\/span><\/li>\n<li><span style=\"font-family: 'Book Antiqua', Palatino; font-size: 120%; color: #333399;\">F\u00e4rg: vit<\/span><\/li>\n<li><span style=\"font-family: 'Book Antiqua', Palatino; font-size: 120%; color: #333399;\">Sk\u00e4rmad Schuko-f\u00f6rl\u00e4ngningssladd av mycket h\u00f6g kvalitet och robusthet<\/span><\/li>\n<li><span style=\"font-family: 'Book Antiqua', Palatino; font-size: 120%; color: #333399;\">Gjuten bussning, EEC-standard 7 \/ VII, DIN 49441<\/span><\/li>\n<li><span style=\"font-family: 'Book Antiqua', Palatino; font-size: 120%; color: #333399;\">Diameter \u00d8 8,4 mm \u00b1 0,2 mm<\/span><\/li>\n<li><span style=\"font-family: 'Book Antiqua', Palatino; font-size: 120%; color: #333399;\">Kabelisolering av polyvinylklorid<\/span><\/li>\n<li><span style=\"font-family: 'Book Antiqua', Palatino; font-size: 120%; color: #333399;\">Driftsp\u00e4nning 230 V AC (max. 250 VAC \/ 50 Hz - 16 A i enlighet med IEC 320-1)<\/span><\/li>\n<li><span style=\"font-family: 'Book Antiqua', Palatino; font-size: 120%; color: #333399;\">Individuellt testad enligt EN 60320 \/ 2.2 (iso 9002) TCO'99 (MPR II, DIN prEN 50279)<\/span><\/li>\n<li><span style=\"font-family: 'Book Antiqua', Palatino; font-size: 120%; color: #333399;\">Sk\u00e4rmd\u00e4mpning: &gt; 99 % (beroende p\u00e5 jordning)<\/span><\/li>\n<li><span style=\"font-family: 'Book Antiqua', Palatino; font-size: 120%; color: #333399;\">Effekt max. 3500 W \/ max. 16 A \u00a0<\/span><\/li>\n<\/ul>\n<p><span style=\"font-family: 'Book Antiqua', Palatino; font-size: 120%; color: #333399;\">Tillverkad i Tyskland<\/span><\/p>\n<\/div>\n<\/div>\n<\/div>\n<div class=\"block product-attachments-block sm-bottom\">\n<h3 class=\"title-block\"><span style=\"font-family: 'Book Antiqua', Palatino; font-size: 120%; color: #333399;\">V\u00e4nligen kontakta<\/span><\/h3>\n<div class=\"block-content\">\n<section class=\"product-attachments\">\n<div class=\"row\">\n<div class=\"attachment col-12 col-lg-4\">\n<div class=\"box-bg my-2\">\n<ul>\n<li class=\"h5\"><span style=\"font-family: 'Book Antiqua', Palatino; font-size: 120%; color: #333399;\">Danell armerad f\u00f6rl\u00e4ngningskabel<\/span><br \/>\n<span style=\"font-family: 'Book Antiqua', Palatino; font-size: 120%; color: #333399;\">Tekniska data<\/span><\/li>\n<\/ul>\n<\/div>\n<\/div>\n<\/div>\n<\/section>\n<\/div>\n<\/div>","protected":false},"excerpt":{"rendered":"<p><span style=\"font-family: 'Book Antiqua', Palatino; font-size: 120%; color: #333399;\">La\u00a0<strong>Sk\u00e4rmad f\u00f6rl\u00e4ngningssladd<\/strong>\u00a0Biologa Danell \u00e4r utformad f\u00f6r att f\u00f6rl\u00e4nga dina kontakter samtidigt som\u00a0<strong>begr\u00e4nsning av elektromagnetiska f\u00e4lt (EMC)<\/strong> i din omgivning. Den \u00e4r idealisk f\u00f6r personer som vill ha ett h\u00e4lsosamt hem eller som lider av el\u00f6verk\u00e4nslighet.\u00a0<\/span><\/p>\n<p><span style=\"font-family: 'Book Antiqua', Palatino; font-size: 120%; color: #333399;\">Den skyddar dig mot b\u00e5de elektriska och magnetiska f\u00e4lt.\u00a0<\/span><\/p>\n<p><span style=\"font-family: 'Book Antiqua', Palatino; font-size: 120%; color: #333399;\">L\u00e4ngd 3 eller 5 meter.\u00a0<\/span><br \/>\n<span style=\"font-family: 'Book Antiqua', Palatino; font-size: 120%; color: #333399;\">Vit eller svart, sk\u00e4rmad kontakt, barns\u00e4kerhetssp\u00e4rr.\u00a0<\/span><\/p>\n<p><span style=\"font-family: 'Book Antiqua', Palatino; font-size: 120%; color: #333399;\">Perfekt f\u00f6r under s\u00e4ngen eller p\u00e5 kontoret.<\/span><\/p>","protected":false},"featured_media":3785,"comment_status":"open","ping_status":"closed","template":"","meta":[],"product_brand":[265],"product_cat":[164],"product_tag":[248,246,247,251,249,245],"class_list":{"0":"post-1748","1":"product","2":"type-product","3":"status-publish","4":"has-post-thumbnail","6":"product_brand-biologa-danell","7":"product_cat-baubiologie","8":"product_tag-baubiologie","9":"product_tag-bureau","10":"product_tag-chambre","11":"product_tag-electricite","12":"product_tag-electromagnetisme","13":"product_tag-maison","15":"first","16":"instock","17":"taxable","18":"shipping-taxable","19":"purchasable","20":"product-type-variable"},"yoast_head":"<!-- This site is optimized with the Yoast SEO Premium plugin v25.1 (Yoast SEO v27.4) - https:\/\/yoast.com\/product\/yoast-seo-premium-wordpress\/ -->\n<title>Rallonge blind\u00e9e 1.5 mm\u00b2 Biologa Danell 3 m | 5 m - Noir | Blanc | Agara<\/title>\n<meta name=\"description\" content=\"La\u00a0rallonge \u00e9lectrique blind\u00e9e\u00a0Biologa Danell est con\u00e7ue pour prolonger vos branchements tout en\u00a0limitant les champs \u00e9lectromagn\u00e9tiques (CEM) dans votre environnement. Elle est id\u00e9ale pour les personnes souhaitant un habitat sain ou souffrant d\u2019\u00e9lectrosensibilit\u00e9.\u00a0Elle permet de vous prot\u00e9ger \u00e0 la fois des champs \u00e9lectriques et des champs magn\u00e9tiques.\u00a0Longueur 3 ou 5 m\u00e8tres. Blanche ou noire, fiche de branchement blind\u00e9e, s\u00e9curit\u00e9 enfant.\u00a0Id\u00e9ale sous un lit ou au bureau.\" \/>\n<meta name=\"robots\" content=\"index, follow, max-snippet:-1, max-image-preview:large, max-video-preview:-1\" \/>\n<link rel=\"canonical\" href=\"https:\/\/369agara.com\/sv\/produkt\/rallong-blindee-3m-5m-noir-blanc\/\" \/>\n<meta property=\"og:locale\" content=\"sv_SE\" \/>\n<meta property=\"og:type\" content=\"article\" \/>\n<meta property=\"og:title\" content=\"Rallonge blind\u00e9e 1.5 mm\u00b2 Biologa Danell 3 m | 5 m - Noir | Blanc\" \/>\n<meta property=\"og:description\" content=\"La\u00a0rallonge \u00e9lectrique blind\u00e9e\u00a0Biologa Danell est con\u00e7ue pour prolonger vos branchements tout en\u00a0limitant les champs \u00e9lectromagn\u00e9tiques (CEM) dans votre environnement. Elle est id\u00e9ale pour les personnes souhaitant un habitat sain ou souffrant d\u2019\u00e9lectrosensibilit\u00e9.\u00a0Elle permet de vous prot\u00e9ger \u00e0 la fois des champs \u00e9lectriques et des champs magn\u00e9tiques.\u00a0Longueur 3 ou 5 m\u00e8tres. Blanche ou noire, fiche de branchement blind\u00e9e, s\u00e9curit\u00e9 enfant.\u00a0Id\u00e9ale sous un lit ou au bureau.\" \/>\n<meta property=\"og:url\" content=\"https:\/\/369agara.com\/sv\/produkt\/rallong-blindee-3m-5m-noir-blanc\/\" \/>\n<meta property=\"og:site_name\" content=\"Agara\" \/>\n<meta property=\"article:modified_time\" content=\"2025-05-12T15:21:06+00:00\" \/>\n<meta property=\"og:image\" content=\"https:\/\/369agara.com\/wp-content\/uploads\/2023\/08\/rallonge-blindee-danell-5-metres-blanche-15-mm.jpg\" \/>\n\t<meta property=\"og:image:width\" content=\"800\" \/>\n\t<meta property=\"og:image:height\" content=\"800\" \/>\n\t<meta property=\"og:image:type\" content=\"image\/jpeg\" \/>\n<meta name=\"twitter:card\" content=\"summary_large_image\" \/>\n<meta name=\"twitter:label1\" content=\"Ber\u00e4knad l\u00e4stid\" \/>\n\t<meta name=\"twitter:data1\" content=\"3 minuter\" \/>\n<script type=\"application\/ld+json\" class=\"yoast-schema-graph\">{\"@context\":\"https:\\\/\\\/schema.org\",\"@graph\":[{\"@type\":\"WebPage\",\"@id\":\"https:\\\/\\\/369agara.com\\\/produit\\\/rallong-blindee-3m-5m-noir-blanc\\\/\",\"url\":\"https:\\\/\\\/369agara.com\\\/produit\\\/rallong-blindee-3m-5m-noir-blanc\\\/\",\"name\":\"Rallonge blind\u00e9e 1.5 mm\u00b2 Biologa Danell 3 m | 5 m - Noir | Blanc | Agara\",\"isPartOf\":{\"@id\":\"https:\\\/\\\/369agara.com\\\/#website\"},\"primaryImageOfPage\":{\"@id\":\"https:\\\/\\\/369agara.com\\\/produit\\\/rallong-blindee-3m-5m-noir-blanc\\\/#primaryimage\"},\"image\":{\"@id\":\"https:\\\/\\\/369agara.com\\\/produit\\\/rallong-blindee-3m-5m-noir-blanc\\\/#primaryimage\"},\"thumbnailUrl\":\"https:\\\/\\\/369agara.com\\\/wp-content\\\/uploads\\\/2023\\\/08\\\/rallonge-blindee-danell-5-metres-blanche-15-mm.jpg\",\"datePublished\":\"2023-08-21T15:42:51+00:00\",\"dateModified\":\"2025-05-12T15:21:06+00:00\",\"description\":\"La\u00a0rallonge \u00e9lectrique blind\u00e9e\u00a0Biologa Danell est con\u00e7ue pour prolonger vos branchements tout en\u00a0limitant les champs \u00e9lectromagn\u00e9tiques (CEM) dans votre environnement. Elle est id\u00e9ale pour les personnes souhaitant un habitat sain ou souffrant d\u2019\u00e9lectrosensibilit\u00e9.\u00a0Elle permet de vous prot\u00e9ger \u00e0 la fois des champs \u00e9lectriques et des champs magn\u00e9tiques.\u00a0Longueur 3 ou 5 m\u00e8tres. Blanche ou noire, fiche de branchement blind\u00e9e, s\u00e9curit\u00e9 enfant.\u00a0Id\u00e9ale sous un lit ou au bureau.\",\"breadcrumb\":{\"@id\":\"https:\\\/\\\/369agara.com\\\/produit\\\/rallong-blindee-3m-5m-noir-blanc\\\/#breadcrumb\"},\"inLanguage\":\"sv-SE\",\"potentialAction\":[{\"@type\":\"ReadAction\",\"target\":[\"https:\\\/\\\/369agara.com\\\/produit\\\/rallong-blindee-3m-5m-noir-blanc\\\/\"]}]},{\"@type\":\"ImageObject\",\"inLanguage\":\"sv-SE\",\"@id\":\"https:\\\/\\\/369agara.com\\\/produit\\\/rallong-blindee-3m-5m-noir-blanc\\\/#primaryimage\",\"url\":\"https:\\\/\\\/369agara.com\\\/wp-content\\\/uploads\\\/2023\\\/08\\\/rallonge-blindee-danell-5-metres-blanche-15-mm.jpg\",\"contentUrl\":\"https:\\\/\\\/369agara.com\\\/wp-content\\\/uploads\\\/2023\\\/08\\\/rallonge-blindee-danell-5-metres-blanche-15-mm.jpg\",\"width\":800,\"height\":800},{\"@type\":\"BreadcrumbList\",\"@id\":\"https:\\\/\\\/369agara.com\\\/produit\\\/rallong-blindee-3m-5m-noir-blanc\\\/#breadcrumb\",\"itemListElement\":[{\"@type\":\"ListItem\",\"position\":1,\"name\":\"Accueil\",\"item\":\"https:\\\/\\\/369agara.com\\\/\"},{\"@type\":\"ListItem\",\"position\":2,\"name\":\"La boutique\",\"item\":\"https:\\\/\\\/369agara.com\\\/la-boutique\\\/\"},{\"@type\":\"ListItem\",\"position\":3,\"name\":\"Rallonge blind\u00e9e 1.5 mm\u00b2 Biologa Danell 3 m | 5 m &#8211; Noir | Blanc\"}]},{\"@type\":\"WebSite\",\"@id\":\"https:\\\/\\\/369agara.com\\\/#website\",\"url\":\"https:\\\/\\\/369agara.com\\\/\",\"name\":\"Livsrikedomar\",\"description\":\"D\u00e9connectez pour mieux vous connecter\",\"publisher\":{\"@id\":\"https:\\\/\\\/369agara.com\\\/#organization\"},\"potentialAction\":[{\"@type\":\"SearchAction\",\"target\":{\"@type\":\"EntryPoint\",\"urlTemplate\":\"https:\\\/\\\/369agara.com\\\/?s={search_term_string}\"},\"query-input\":{\"@type\":\"PropertyValueSpecification\",\"valueRequired\":true,\"valueName\":\"search_term_string\"}}],\"inLanguage\":\"sv-SE\"},{\"@type\":\"Organization\",\"@id\":\"https:\\\/\\\/369agara.com\\\/#organization\",\"name\":\"EACreations\",\"url\":\"https:\\\/\\\/369agara.com\\\/\",\"logo\":{\"@type\":\"ImageObject\",\"inLanguage\":\"sv-SE\",\"@id\":\"https:\\\/\\\/369agara.com\\\/#\\\/schema\\\/logo\\\/image\\\/\",\"url\":\"\",\"contentUrl\":\"\",\"caption\":\"EACreations\"},\"image\":{\"@id\":\"https:\\\/\\\/369agara.com\\\/#\\\/schema\\\/logo\\\/image\\\/\"}}]}<\/script>\n<!-- \/ Yoast SEO Premium plugin. -->","yoast_head_json":{"title":"Rallonge blind\u00e9e 1.5 mm\u00b2 Biologa Danell 3 m | 5 m - Noir | Blanc | Agara","description":"Danell Biologas sk\u00e4rmade f\u00f6rl\u00e4ngningssladd \u00e4r utformad f\u00f6r att f\u00f6rl\u00e4nga dina elektriska anslutningar samtidigt som den begr\u00e4nsar elektromagnetiska f\u00e4lt (EMF) i din milj\u00f6. Den \u00e4r idealisk f\u00f6r personer som vill ha ett h\u00e4lsosamt hem eller som lider av el\u00f6verk\u00e4nslighet. Den skyddar dig fr\u00e5n b\u00e5de elektriska och magnetiska f\u00e4lt. L\u00e4ngd 3 eller 5 meter. Vit eller svart, sk\u00e4rmad stickkontakt, barns\u00e4kerhetssp\u00e4rr. Idealisk f\u00f6r anv\u00e4ndning under s\u00e4ngen eller p\u00e5 kontoret.","robots":{"index":"index","follow":"follow","max-snippet":"max-snippet:-1","max-image-preview":"max-image-preview:large","max-video-preview":"max-video-preview:-1"},"canonical":"https:\/\/369agara.com\/sv\/produkt\/rallong-blindee-3m-5m-noir-blanc\/","og_locale":"sv_SE","og_type":"article","og_title":"Rallonge blind\u00e9e 1.5 mm\u00b2 Biologa Danell 3 m | 5 m - Noir | Blanc","og_description":"La\u00a0rallonge \u00e9lectrique blind\u00e9e\u00a0Biologa Danell est con\u00e7ue pour prolonger vos branchements tout en\u00a0limitant les champs \u00e9lectromagn\u00e9tiques (CEM) dans votre environnement. Elle est id\u00e9ale pour les personnes souhaitant un habitat sain ou souffrant d\u2019\u00e9lectrosensibilit\u00e9.\u00a0Elle permet de vous prot\u00e9ger \u00e0 la fois des champs \u00e9lectriques et des champs magn\u00e9tiques.\u00a0Longueur 3 ou 5 m\u00e8tres. Blanche ou noire, fiche de branchement blind\u00e9e, s\u00e9curit\u00e9 enfant.\u00a0Id\u00e9ale sous un lit ou au bureau.","og_url":"https:\/\/369agara.com\/sv\/produkt\/rallong-blindee-3m-5m-noir-blanc\/","og_site_name":"Agara","article_modified_time":"2025-05-12T15:21:06+00:00","og_image":[{"width":800,"height":800,"url":"https:\/\/369agara.com\/wp-content\/uploads\/2023\/08\/rallonge-blindee-danell-5-metres-blanche-15-mm.jpg","type":"image\/jpeg"}],"twitter_card":"summary_large_image","twitter_misc":{"Ber\u00e4knad l\u00e4stid":"3 minuter"},"schema":{"@context":"https:\/\/schema.org","@graph":[{"@type":"WebPage","@id":"https:\/\/369agara.com\/produit\/rallong-blindee-3m-5m-noir-blanc\/","url":"https:\/\/369agara.com\/produit\/rallong-blindee-3m-5m-noir-blanc\/","name":"Rallonge blind\u00e9e 1.5 mm\u00b2 Biologa Danell 3 m | 5 m - Noir | Blanc | Agara","isPartOf":{"@id":"https:\/\/369agara.com\/#website"},"primaryImageOfPage":{"@id":"https:\/\/369agara.com\/produit\/rallong-blindee-3m-5m-noir-blanc\/#primaryimage"},"image":{"@id":"https:\/\/369agara.com\/produit\/rallong-blindee-3m-5m-noir-blanc\/#primaryimage"},"thumbnailUrl":"https:\/\/369agara.com\/wp-content\/uploads\/2023\/08\/rallonge-blindee-danell-5-metres-blanche-15-mm.jpg","datePublished":"2023-08-21T15:42:51+00:00","dateModified":"2025-05-12T15:21:06+00:00","description":"Danell Biologas sk\u00e4rmade f\u00f6rl\u00e4ngningssladd \u00e4r utformad f\u00f6r att f\u00f6rl\u00e4nga dina elektriska anslutningar samtidigt som den begr\u00e4nsar elektromagnetiska f\u00e4lt (EMF) i din milj\u00f6. Den \u00e4r idealisk f\u00f6r personer som vill ha ett h\u00e4lsosamt hem eller som lider av el\u00f6verk\u00e4nslighet. Den skyddar dig fr\u00e5n b\u00e5de elektriska och magnetiska f\u00e4lt. L\u00e4ngd 3 eller 5 meter. Vit eller svart, sk\u00e4rmad stickkontakt, barns\u00e4kerhetssp\u00e4rr. Idealisk f\u00f6r anv\u00e4ndning under s\u00e4ngen eller p\u00e5 kontoret.","breadcrumb":{"@id":"https:\/\/369agara.com\/produit\/rallong-blindee-3m-5m-noir-blanc\/#breadcrumb"},"inLanguage":"sv-SE","potentialAction":[{"@type":"ReadAction","target":["https:\/\/369agara.com\/produit\/rallong-blindee-3m-5m-noir-blanc\/"]}]},{"@type":"ImageObject","inLanguage":"sv-SE","@id":"https:\/\/369agara.com\/produit\/rallong-blindee-3m-5m-noir-blanc\/#primaryimage","url":"https:\/\/369agara.com\/wp-content\/uploads\/2023\/08\/rallonge-blindee-danell-5-metres-blanche-15-mm.jpg","contentUrl":"https:\/\/369agara.com\/wp-content\/uploads\/2023\/08\/rallonge-blindee-danell-5-metres-blanche-15-mm.jpg","width":800,"height":800},{"@type":"BreadcrumbList","@id":"https:\/\/369agara.com\/produit\/rallong-blindee-3m-5m-noir-blanc\/#breadcrumb","itemListElement":[{"@type":"ListItem","position":1,"name":"Accueil","item":"https:\/\/369agara.com\/"},{"@type":"ListItem","position":2,"name":"La boutique","item":"https:\/\/369agara.com\/la-boutique\/"},{"@type":"ListItem","position":3,"name":"Rallonge blind\u00e9e 1.5 mm\u00b2 Biologa Danell 3 m | 5 m &#8211; Noir | Blanc"}]},{"@type":"WebSite","@id":"https:\/\/369agara.com\/#website","url":"https:\/\/369agara.com\/","name":"Livsrikedomar","description":"Koppla bort f\u00f6r att skapa b\u00e4ttre kontakt","publisher":{"@id":"https:\/\/369agara.com\/#organization"},"potentialAction":[{"@type":"SearchAction","target":{"@type":"EntryPoint","urlTemplate":"https:\/\/369agara.com\/?s={search_term_string}"},"query-input":{"@type":"PropertyValueSpecification","valueRequired":true,"valueName":"search_term_string"}}],"inLanguage":"sv-SE"},{"@type":"Organization","@id":"https:\/\/369agara.com\/#organization","name":"EACreations","url":"https:\/\/369agara.com\/","logo":{"@type":"ImageObject","inLanguage":"sv-SE","@id":"https:\/\/369agara.com\/#\/schema\/logo\/image\/","url":"","contentUrl":"","caption":"EACreations"},"image":{"@id":"https:\/\/369agara.com\/#\/schema\/logo\/image\/"}}]}},"jetpack_sharing_enabled":true,"_links":{"self":[{"href":"https:\/\/369agara.com\/sv\/wp-json\/wp\/v2\/product\/1748","targetHints":{"allow":["GET"]}}],"collection":[{"href":"https:\/\/369agara.com\/sv\/wp-json\/wp\/v2\/product"}],"about":[{"href":"https:\/\/369agara.com\/sv\/wp-json\/wp\/v2\/types\/product"}],"replies":[{"embeddable":true,"href":"https:\/\/369agara.com\/sv\/wp-json\/wp\/v2\/comments?post=1748"}],"wp:featuredmedia":[{"embeddable":true,"href":"https:\/\/369agara.com\/sv\/wp-json\/wp\/v2\/media\/3785"}],"wp:attachment":[{"href":"https:\/\/369agara.com\/sv\/wp-json\/wp\/v2\/media?parent=1748"}],"wp:term":[{"taxonomy":"product_brand","embeddable":true,"href":"https:\/\/369agara.com\/sv\/wp-json\/wp\/v2\/product_brand?post=1748"},{"taxonomy":"product_cat","embeddable":true,"href":"https:\/\/369agara.com\/sv\/wp-json\/wp\/v2\/product_cat?post=1748"},{"taxonomy":"product_tag","embeddable":true,"href":"https:\/\/369agara.com\/sv\/wp-json\/wp\/v2\/product_tag?post=1748"}],"curies":[{"name":"wp","href":"https:\/\/api.w.org\/{rel}","templated":true}]}}