{"id":1753,"date":"2023-08-21T18:20:43","date_gmt":"2023-08-21T16:20:43","guid":{"rendered":"https:\/\/369agara.com\/?post_type=product&#038;p=1753"},"modified":"2025-05-15T22:01:20","modified_gmt":"2025-05-15T20:01:20","slug":"tapis-universel","status":"publish","type":"product","link":"https:\/\/369agara.com\/sv\/produkt\/tapis-universel\/","title":{"rendered":"Universell jordningsmatta"},"content":{"rendered":"<h4><span style=\"font-family: 'Book Antiqua', Palatino; font-size: 120%; color: #333399;\">Denna matta \u00e4r idealisk f\u00f6r :<\/span><\/h4>\n<ul>\n<li><span style=\"font-family: 'Book Antiqua', Palatino; font-size: 120%; color: #333399;\">kontoret: arbeta samtidigt som du \u00e4r uppkopplad mot jorden<\/span><\/li>\n<li><span style=\"font-family: 'Book Antiqua', Palatino; font-size: 120%; color: #333399;\">s\u00e4ngen: njut av dess f\u00f6rdelar hela natten l\u00e5ng<\/span><\/li>\n<li><span style=\"font-family: 'Book Antiqua', Palatino; font-size: 120%; color: #333399;\">meditation eller stolsyoga: f\u00f6r en mer jordad praktik<\/span><\/li>\n<\/ul>\n<p><span style=\"font-family: 'Book Antiqua', Palatino; font-size: 120%; color: #333399;\">Den universella jordningsmattan \u00e4r perfekt inte bara n\u00e4r du sitter p\u00e5 kontoret och arbetar vid datorn, utan \u00e4ven n\u00e4r du tittar p\u00e5 TV, l\u00e4ser en bok eller bara kopplar av.<\/span><\/p>\n<p><span style=\"font-family: 'Book Antiqua', Palatino; font-size: 120%; color: #333399;\">Den kan anv\u00e4ndas direkt under dina bara f\u00f6tter eller p\u00e5 ditt skrivbord genom att du vilar dina bara h\u00e4nder p\u00e5 den (i vilket fall du ocks\u00e5 placerar ditt tangentbord och din mus p\u00e5 den).<\/span><\/p>\n<p><span style=\"font-family: 'Book Antiqua', Palatino; font-size: 120%; color: #333399;\">Den placeras under datorns tangentbord och mus och g\u00f6r att du kan f\u00e5 kontakt med jorden n\u00e4r dina h\u00e4nder eller handleder vilar p\u00e5 mattan medan du skriver eller anv\u00e4nder musen.<\/span><\/p>\n<p><span style=\"font-family: 'Book Antiqua', Palatino; font-size: 120%; color: #333399;\">Mattan \u00e4r ocks\u00e5 tillr\u00e4ckligt mjuk och flexibel f\u00f6r att kunna anv\u00e4ndas i s\u00e4ngen, t.ex. genom att man vilar sina bara f\u00f6tter p\u00e5 den.<\/span><\/p>\n<h3><span style=\"font-family: 'Book Antiqua', Palatino; font-size: 120%; color: #333399;\">\u00c5terknyta kontakten med jorden fr\u00e5n bekv\u00e4mligheten i ditt eget hem<\/span><\/h3>\n<p><span style=\"font-family: 'Book Antiqua', Palatino; font-size: 120%; color: #333399;\">Jordningsmattan \u00e4r ett enkelt och naturligt verktyg f\u00f6r att \u00e5terst\u00e4lla kroppens energetiska balans. Tack vare ett ledningssystem som \u00e4r anslutet till jorden laddar den ur den statiska elektricitet och elektromagnetiska f\u00f6roreningar som ackumuleras i vardagen, till exempel n\u00e4r du g\u00e5r barfota i gr\u00e4set.<\/span><\/p>\n<p><span style=\"font-family: 'Book Antiqua', Palatino; font-size: 120%; color: #333399;\">Om du vill veta allt som finns att veta om jordning \u00e4r boken av Clinton Ober, Stephen Sinatra och Martin Zucker \"Connecting to the Earth, Perhaps the most important discovery about health\" den b\u00e4sta referensen i \u00e4mnet.<\/span><\/p>\n<h3><span style=\"font-family: 'Book Antiqua', Palatino; font-size: 120%; color: #333399;\">H\u00e4lsoeffekterna av jordning\u00a0<\/span><\/h3>\n<ul>\n<li><span style=\"font-family: 'Book Antiqua', Palatino; font-size: 120%; color: #333399;\">F\u00f6rb\u00e4ttrad s\u00f6mn<\/span><\/li>\n<li><span style=\"font-family: 'Book Antiqua', Palatino; font-size: 120%; color: #333399;\">Minskad stress och \u00e5ngest<\/span><\/li>\n<li><span style=\"font-family: 'Book Antiqua', Palatino; font-size: 120%; color: #333399;\">F\u00f6rb\u00e4ttrad koncentration<\/span><\/li>\n<li><span style=\"font-family: 'Book Antiqua', Palatino; font-size: 120%; color: #333399;\">Minskad tr\u00f6tthet i slutet av dagen, kronisk sm\u00e4rta och inflammation<\/span><\/li>\n<li><span style=\"font-family: 'Book Antiqua', Palatino; font-size: 120%; color: #333399;\">B\u00e4ttre fysisk \u00e5terh\u00e4mtning<\/span><\/li>\n<li><span style=\"font-family: 'Book Antiqua', Palatino; font-size: 120%; color: #333399;\">St\u00e4rker det naturliga immunf\u00f6rsvaret<\/span><\/li>\n<li><span style=\"font-family: 'Book Antiqua', Palatino; font-size: 120%; color: #333399;\">F\u00f6rb\u00e4ttrar matsm\u00e4ltningen och blodcirkulationen<\/span><\/li>\n<li><span style=\"font-family: 'Book Antiqua', Palatino; font-size: 120%; color: #333399;\">Lindrar sp\u00e4nningar, huvudv\u00e4rk, hormonella symtom och menstruationsst\u00f6rningar<\/span><\/li>\n<li><span style=\"font-family: 'Book Antiqua', Palatino; font-size: 120%; color: #333399;\">Minska symtomen p\u00e5 el\u00f6verk\u00e4nslighet<\/span><\/li>\n<\/ul>\n<p><span style=\"font-family: 'Book Antiqua', Palatino; font-size: 120%; color: #ed1c24;\">Denna information ers\u00e4tter inte p\u00e5 n\u00e5got s\u00e4tt r\u00e5d fr\u00e5n din l\u00e4kare och \u00e4r inte avsedd att behandla eller bota n\u00e5got medicinskt tillst\u00e5nd. Vid eventuella h\u00e4lsoproblem b\u00f6r du r\u00e5dfr\u00e5ga din l\u00e4kare.<\/span><\/p>\n<h3><span style=\"font-family: 'Book Antiqua', Palatino; font-size: 120%; color: #333399;\">L\u00e4tt att installera<\/span><\/h3>\n<p><span style=\"font-family: 'Book Antiqua', Palatino; font-size: 120%; color: #333399;\">Anslut helt enkelt mattan till ett jordat v\u00e4gguttag med hj\u00e4lp av den medf\u00f6ljande kabeln och kontakten. I direkt kontakt med huden eller under en tunn duk b\u00f6rjar mattan omedelbart leda jordens naturliga energi.<\/span><\/p>\n<p><span style=\"font-family: 'Book Antiqua', Palatino; font-size: 120%; color: #333399;\">Den m\u00e5ste anslutas till ett jordat uttag.<\/span><\/p>\n<h3><span style=\"font-family: 'Book Antiqua', Palatino; font-size: 120%; color: #333399;\">Tekniska specifikationer<\/span><\/h3>\n<p><span style=\"font-family: 'Book Antiqua', Palatino; font-size: 120%; color: #333399;\">M\u00e5tt: 68 x 25 cm<\/span><\/p>\n<p><span style=\"font-family: 'Book Antiqua', Palatino; font-size: 120%; color: #333399;\">Tillverkad av en skumk\u00e4rna med ett lager av ledande kol.<\/span><\/p>\n<p><span style=\"font-family: 'Book Antiqua', Palatino; font-size: 120%; color: #333399;\">Levereras med 4,60 m jordkabel och stickpropp.<\/span><\/p>\n<p><span style=\"font-family: 'Book Antiqua', Palatino; font-size: 120%; color: #333399;\">L\u00e4tt att reng\u00f6ra (torka av med en mjuk trasa)<\/span><\/p>\n<h3><span style=\"font-family: 'Book Antiqua', Palatino; font-size: 120%; color: #333399;\">Agara r\u00e5d<\/span><\/h3>\n<p><span style=\"font-family: 'Book Antiqua', Palatino; font-size: 120%; color: #333399;\">F\u00f6r att jordningen ska vara effektiv \u00e4r det viktigt att du testar kvaliteten p\u00e5 ditt jordningssystem, antingen med en l\u00e4mplig enhet (testare av jordningssystem, Tohm-E eller Catohm DT-300 jordningsm\u00e4tare) eller genom att anlita en fackman med l\u00e4mplig utrustning.\u00a0<\/span><\/p>\n<p><span style=\"font-family: 'Book Antiqua', Palatino; font-size: 120%; color: #ed1c24;\">Om elinstallationerna \u00e4r f\u00f6r gamla eller felaktigt installerade kan jordanslutningen vara otillr\u00e4cklig eller obefintlig.<\/span><\/p>\n<p><span style=\"font-family: 'Book Antiqua', Palatino; font-size: 120%; color: #ed1c24;\">Det \u00e4r ocks\u00e5 mycket viktigt att minimera elektriska f\u00e4lt i rummet (klockradio, s\u00e4nglampor, osk\u00e4rmade eluttag och f\u00f6rl\u00e4ngningssladdar) f\u00f6r att f\u00f6rhindra att de st\u00f6r jordsystemet. Tveka inte att m\u00e4ta dem eller l\u00e5ta m\u00e4ta dem!\u00a0<\/span><\/p>","protected":false},"excerpt":{"rendered":"<p><span style=\"font-family: 'Book Antiqua', Palatino; font-size: 120%; color: #333399;\">Uppt\u00e4ck\u00a0<strong>f\u00f6rdelarna med jordning<\/strong> med v\u00e5r universella jordningsmatta.\u00a0<\/span><\/p>\n<p><span style=\"font-family: 'Book Antiqua', Palatino; font-size: 120%; color: #333399;\"><strong>Perfekt f\u00f6r kontoret, i s\u00e4ngen eller bara f\u00f6r avkoppling.<\/strong>Den \u00e5terf\u00f6renar dig med jordens naturliga energi f\u00f6r att fr\u00e4mja vilsam s\u00f6mn, minska stress och f\u00f6rb\u00e4ttra din vitalitet.\u00a0<\/span><\/p>\n<p><span style=\"font-family: 'Book Antiqua', Palatino; font-size: 120%; color: #333399;\">Levereras med kabel och jordanslutningskontakt.\u00a0<\/span><\/p>\n<p><span style=\"font-family: 'Book Antiqua', Palatino; font-size: 120%; color: #333399;\">M\u00e5tt: 68 x 25 cm.\u00a0<\/span><\/p>\n<p><span style=\"font-family: 'Book Antiqua', Palatino; font-size: 120%; color: #333399;\">Passar under tangentbordet och musen p\u00e5 skrivbordet, under bara f\u00f6tter, i s\u00e4ngen etc.<\/span><\/p>","protected":false},"featured_media":1755,"comment_status":"open","ping_status":"closed","template":"","meta":[],"product_brand":[267],"product_cat":[164],"product_tag":[246,247,249,245,253,184],"class_list":{"0":"post-1753","1":"product","2":"type-product","3":"status-publish","4":"has-post-thumbnail","6":"product_brand-earthing","7":"product_cat-baubiologie","8":"product_tag-bureau","9":"product_tag-chambre","10":"product_tag-electromagnetisme","11":"product_tag-maison","12":"product_tag-meditation","13":"product_tag-yoga","15":"first","16":"instock","17":"taxable","18":"shipping-taxable","19":"purchasable","20":"product-type-simple"},"yoast_head":"<!-- This site is optimized with the Yoast SEO Premium plugin v25.1 (Yoast SEO v27.4) - https:\/\/yoast.com\/product\/yoast-seo-premium-wordpress\/ -->\n<title>Tapis universel de mise \u00e0 la terre Earthing | Agara<\/title>\n<meta name=\"description\" content=\"D\u00e9couvrez\u00a0les bienfaits de la mise \u00e0 la terre avec notre tapis universel de mise \u00e0 la terre earthing.\u00a0Id\u00e9al pour le bureau, le lit ou les moments de d\u00e9tente, il vous reconnecte \u00e0 l\u2019\u00e9nergie naturelle de la Terre pour favoriser un sommeil r\u00e9parateur, r\u00e9duire le stress et am\u00e9liorer votre vitalit\u00e9.\u00a0Livr\u00e9 avec un c\u00e2ble et une fiche de raccordement \u00e0 la terre.\u00a0Dimensions : 68 x 25 cm.\u00a0Se place sous le clavier et la souris sur le bureau, sous les pieds nus, dans le lit, etc.\" \/>\n<meta name=\"robots\" content=\"index, follow, max-snippet:-1, max-image-preview:large, max-video-preview:-1\" \/>\n<link rel=\"canonical\" href=\"https:\/\/369agara.com\/sv\/produkt\/tapis-universel\/\" \/>\n<meta property=\"og:locale\" content=\"sv_SE\" \/>\n<meta property=\"og:type\" content=\"article\" \/>\n<meta property=\"og:title\" content=\"Tapis universel de mise \u00e0 la terre Earthing\" \/>\n<meta property=\"og:description\" content=\"D\u00e9couvrez\u00a0les bienfaits de la mise \u00e0 la terre avec notre tapis universel de mise \u00e0 la terre earthing.\u00a0Id\u00e9al pour le bureau, le lit ou les moments de d\u00e9tente, il vous reconnecte \u00e0 l\u2019\u00e9nergie naturelle de la Terre pour favoriser un sommeil r\u00e9parateur, r\u00e9duire le stress et am\u00e9liorer votre vitalit\u00e9.\u00a0Livr\u00e9 avec un c\u00e2ble et une fiche de raccordement \u00e0 la terre.\u00a0Dimensions : 68 x 25 cm.\u00a0Se place sous le clavier et la souris sur le bureau, sous les pieds nus, dans le lit, etc.\" \/>\n<meta property=\"og:url\" content=\"https:\/\/369agara.com\/sv\/produkt\/tapis-universel\/\" \/>\n<meta property=\"og:site_name\" content=\"Agara\" \/>\n<meta property=\"article:modified_time\" content=\"2025-05-15T20:01:20+00:00\" \/>\n<meta property=\"og:image\" content=\"https:\/\/369agara.com\/wp-content\/uploads\/2023\/08\/tapis-universel-de-mise-a-la-terre-earthing.jpg\" \/>\n\t<meta property=\"og:image:width\" content=\"800\" \/>\n\t<meta property=\"og:image:height\" content=\"800\" \/>\n\t<meta property=\"og:image:type\" content=\"image\/jpeg\" \/>\n<meta name=\"twitter:card\" content=\"summary_large_image\" \/>\n<meta name=\"twitter:label1\" content=\"Ber\u00e4knad l\u00e4stid\" \/>\n\t<meta name=\"twitter:data1\" content=\"4 minuter\" \/>\n<script type=\"application\/ld+json\" class=\"yoast-schema-graph\">{\"@context\":\"https:\\\/\\\/schema.org\",\"@graph\":[{\"@type\":\"WebPage\",\"@id\":\"https:\\\/\\\/369agara.com\\\/produit\\\/tapis-universel\\\/\",\"url\":\"https:\\\/\\\/369agara.com\\\/produit\\\/tapis-universel\\\/\",\"name\":\"Tapis universel de mise \u00e0 la terre Earthing | Agara\",\"isPartOf\":{\"@id\":\"https:\\\/\\\/369agara.com\\\/#website\"},\"primaryImageOfPage\":{\"@id\":\"https:\\\/\\\/369agara.com\\\/produit\\\/tapis-universel\\\/#primaryimage\"},\"image\":{\"@id\":\"https:\\\/\\\/369agara.com\\\/produit\\\/tapis-universel\\\/#primaryimage\"},\"thumbnailUrl\":\"https:\\\/\\\/369agara.com\\\/wp-content\\\/uploads\\\/2023\\\/08\\\/tapis-universel-de-mise-a-la-terre-earthing.jpg\",\"datePublished\":\"2023-08-21T16:20:43+00:00\",\"dateModified\":\"2025-05-15T20:01:20+00:00\",\"description\":\"D\u00e9couvrez\u00a0les bienfaits de la mise \u00e0 la terre avec notre tapis universel de mise \u00e0 la terre earthing.\u00a0Id\u00e9al pour le bureau, le lit ou les moments de d\u00e9tente, il vous reconnecte \u00e0 l\u2019\u00e9nergie naturelle de la Terre pour favoriser un sommeil r\u00e9parateur, r\u00e9duire le stress et am\u00e9liorer votre vitalit\u00e9.\u00a0Livr\u00e9 avec un c\u00e2ble et une fiche de raccordement \u00e0 la terre.\u00a0Dimensions : 68 x 25 cm.\u00a0Se place sous le clavier et la souris sur le bureau, sous les pieds nus, dans le lit, etc.\",\"breadcrumb\":{\"@id\":\"https:\\\/\\\/369agara.com\\\/produit\\\/tapis-universel\\\/#breadcrumb\"},\"inLanguage\":\"sv-SE\",\"potentialAction\":[{\"@type\":\"ReadAction\",\"target\":[\"https:\\\/\\\/369agara.com\\\/produit\\\/tapis-universel\\\/\"]}]},{\"@type\":\"ImageObject\",\"inLanguage\":\"sv-SE\",\"@id\":\"https:\\\/\\\/369agara.com\\\/produit\\\/tapis-universel\\\/#primaryimage\",\"url\":\"https:\\\/\\\/369agara.com\\\/wp-content\\\/uploads\\\/2023\\\/08\\\/tapis-universel-de-mise-a-la-terre-earthing.jpg\",\"contentUrl\":\"https:\\\/\\\/369agara.com\\\/wp-content\\\/uploads\\\/2023\\\/08\\\/tapis-universel-de-mise-a-la-terre-earthing.jpg\",\"width\":800,\"height\":800},{\"@type\":\"BreadcrumbList\",\"@id\":\"https:\\\/\\\/369agara.com\\\/produit\\\/tapis-universel\\\/#breadcrumb\",\"itemListElement\":[{\"@type\":\"ListItem\",\"position\":1,\"name\":\"Accueil\",\"item\":\"https:\\\/\\\/369agara.com\\\/\"},{\"@type\":\"ListItem\",\"position\":2,\"name\":\"La boutique\",\"item\":\"https:\\\/\\\/369agara.com\\\/la-boutique\\\/\"},{\"@type\":\"ListItem\",\"position\":3,\"name\":\"Tapis universel de mise \u00e0 la terre Earthing\"}]},{\"@type\":\"WebSite\",\"@id\":\"https:\\\/\\\/369agara.com\\\/#website\",\"url\":\"https:\\\/\\\/369agara.com\\\/\",\"name\":\"Livsrikedomar\",\"description\":\"D\u00e9connectez pour mieux vous connecter\",\"publisher\":{\"@id\":\"https:\\\/\\\/369agara.com\\\/#organization\"},\"potentialAction\":[{\"@type\":\"SearchAction\",\"target\":{\"@type\":\"EntryPoint\",\"urlTemplate\":\"https:\\\/\\\/369agara.com\\\/?s={search_term_string}\"},\"query-input\":{\"@type\":\"PropertyValueSpecification\",\"valueRequired\":true,\"valueName\":\"search_term_string\"}}],\"inLanguage\":\"sv-SE\"},{\"@type\":\"Organization\",\"@id\":\"https:\\\/\\\/369agara.com\\\/#organization\",\"name\":\"EACreations\",\"url\":\"https:\\\/\\\/369agara.com\\\/\",\"logo\":{\"@type\":\"ImageObject\",\"inLanguage\":\"sv-SE\",\"@id\":\"https:\\\/\\\/369agara.com\\\/#\\\/schema\\\/logo\\\/image\\\/\",\"url\":\"\",\"contentUrl\":\"\",\"caption\":\"EACreations\"},\"image\":{\"@id\":\"https:\\\/\\\/369agara.com\\\/#\\\/schema\\\/logo\\\/image\\\/\"}}]}<\/script>\n<!-- \/ Yoast SEO Premium plugin. -->","yoast_head_json":{"title":"Universell jordningsmatta | Agara","description":"Uppt\u00e4ck f\u00f6rdelarna med jordning med v\u00e5r universella jordningsmatta. Den \u00e4r perfekt f\u00f6r kontoret, s\u00e4ngen eller n\u00e4r du kopplar av. Den \u00e5terkopplar dig till jordens naturliga energi f\u00f6r att fr\u00e4mja vilsam s\u00f6mn, minska stress och f\u00f6rb\u00e4ttra din vitalitet. Levereras med kabel och jordkontakt. M\u00e5tt: 68 x 25 cm. Passar under tangentbordet och musen p\u00e5 skrivbordet, under bara f\u00f6tter, i s\u00e4ngen etc.","robots":{"index":"index","follow":"follow","max-snippet":"max-snippet:-1","max-image-preview":"max-image-preview:large","max-video-preview":"max-video-preview:-1"},"canonical":"https:\/\/369agara.com\/sv\/produkt\/tapis-universel\/","og_locale":"sv_SE","og_type":"article","og_title":"Tapis universel de mise \u00e0 la terre Earthing","og_description":"D\u00e9couvrez\u00a0les bienfaits de la mise \u00e0 la terre avec notre tapis universel de mise \u00e0 la terre earthing.\u00a0Id\u00e9al pour le bureau, le lit ou les moments de d\u00e9tente, il vous reconnecte \u00e0 l\u2019\u00e9nergie naturelle de la Terre pour favoriser un sommeil r\u00e9parateur, r\u00e9duire le stress et am\u00e9liorer votre vitalit\u00e9.\u00a0Livr\u00e9 avec un c\u00e2ble et une fiche de raccordement \u00e0 la terre.\u00a0Dimensions : 68 x 25 cm.\u00a0Se place sous le clavier et la souris sur le bureau, sous les pieds nus, dans le lit, etc.","og_url":"https:\/\/369agara.com\/sv\/produkt\/tapis-universel\/","og_site_name":"Agara","article_modified_time":"2025-05-15T20:01:20+00:00","og_image":[{"width":800,"height":800,"url":"https:\/\/369agara.com\/wp-content\/uploads\/2023\/08\/tapis-universel-de-mise-a-la-terre-earthing.jpg","type":"image\/jpeg"}],"twitter_card":"summary_large_image","twitter_misc":{"Ber\u00e4knad l\u00e4stid":"4 minuter"},"schema":{"@context":"https:\/\/schema.org","@graph":[{"@type":"WebPage","@id":"https:\/\/369agara.com\/produit\/tapis-universel\/","url":"https:\/\/369agara.com\/produit\/tapis-universel\/","name":"Universell jordningsmatta | Agara","isPartOf":{"@id":"https:\/\/369agara.com\/#website"},"primaryImageOfPage":{"@id":"https:\/\/369agara.com\/produit\/tapis-universel\/#primaryimage"},"image":{"@id":"https:\/\/369agara.com\/produit\/tapis-universel\/#primaryimage"},"thumbnailUrl":"https:\/\/369agara.com\/wp-content\/uploads\/2023\/08\/tapis-universel-de-mise-a-la-terre-earthing.jpg","datePublished":"2023-08-21T16:20:43+00:00","dateModified":"2025-05-15T20:01:20+00:00","description":"Uppt\u00e4ck f\u00f6rdelarna med jordning med v\u00e5r universella jordningsmatta. Den \u00e4r perfekt f\u00f6r kontoret, s\u00e4ngen eller n\u00e4r du kopplar av. Den \u00e5terkopplar dig till jordens naturliga energi f\u00f6r att fr\u00e4mja vilsam s\u00f6mn, minska stress och f\u00f6rb\u00e4ttra din vitalitet. Levereras med kabel och jordkontakt. M\u00e5tt: 68 x 25 cm. Passar under tangentbordet och musen p\u00e5 skrivbordet, under bara f\u00f6tter, i s\u00e4ngen etc.","breadcrumb":{"@id":"https:\/\/369agara.com\/produit\/tapis-universel\/#breadcrumb"},"inLanguage":"sv-SE","potentialAction":[{"@type":"ReadAction","target":["https:\/\/369agara.com\/produit\/tapis-universel\/"]}]},{"@type":"ImageObject","inLanguage":"sv-SE","@id":"https:\/\/369agara.com\/produit\/tapis-universel\/#primaryimage","url":"https:\/\/369agara.com\/wp-content\/uploads\/2023\/08\/tapis-universel-de-mise-a-la-terre-earthing.jpg","contentUrl":"https:\/\/369agara.com\/wp-content\/uploads\/2023\/08\/tapis-universel-de-mise-a-la-terre-earthing.jpg","width":800,"height":800},{"@type":"BreadcrumbList","@id":"https:\/\/369agara.com\/produit\/tapis-universel\/#breadcrumb","itemListElement":[{"@type":"ListItem","position":1,"name":"Accueil","item":"https:\/\/369agara.com\/"},{"@type":"ListItem","position":2,"name":"La boutique","item":"https:\/\/369agara.com\/la-boutique\/"},{"@type":"ListItem","position":3,"name":"Tapis universel de mise \u00e0 la terre Earthing"}]},{"@type":"WebSite","@id":"https:\/\/369agara.com\/#website","url":"https:\/\/369agara.com\/","name":"Livsrikedomar","description":"Koppla bort f\u00f6r att skapa b\u00e4ttre kontakt","publisher":{"@id":"https:\/\/369agara.com\/#organization"},"potentialAction":[{"@type":"SearchAction","target":{"@type":"EntryPoint","urlTemplate":"https:\/\/369agara.com\/?s={search_term_string}"},"query-input":{"@type":"PropertyValueSpecification","valueRequired":true,"valueName":"search_term_string"}}],"inLanguage":"sv-SE"},{"@type":"Organization","@id":"https:\/\/369agara.com\/#organization","name":"EACreations","url":"https:\/\/369agara.com\/","logo":{"@type":"ImageObject","inLanguage":"sv-SE","@id":"https:\/\/369agara.com\/#\/schema\/logo\/image\/","url":"","contentUrl":"","caption":"EACreations"},"image":{"@id":"https:\/\/369agara.com\/#\/schema\/logo\/image\/"}}]}},"jetpack_sharing_enabled":true,"_links":{"self":[{"href":"https:\/\/369agara.com\/sv\/wp-json\/wp\/v2\/product\/1753","targetHints":{"allow":["GET"]}}],"collection":[{"href":"https:\/\/369agara.com\/sv\/wp-json\/wp\/v2\/product"}],"about":[{"href":"https:\/\/369agara.com\/sv\/wp-json\/wp\/v2\/types\/product"}],"replies":[{"embeddable":true,"href":"https:\/\/369agara.com\/sv\/wp-json\/wp\/v2\/comments?post=1753"}],"wp:featuredmedia":[{"embeddable":true,"href":"https:\/\/369agara.com\/sv\/wp-json\/wp\/v2\/media\/1755"}],"wp:attachment":[{"href":"https:\/\/369agara.com\/sv\/wp-json\/wp\/v2\/media?parent=1753"}],"wp:term":[{"taxonomy":"product_brand","embeddable":true,"href":"https:\/\/369agara.com\/sv\/wp-json\/wp\/v2\/product_brand?post=1753"},{"taxonomy":"product_cat","embeddable":true,"href":"https:\/\/369agara.com\/sv\/wp-json\/wp\/v2\/product_cat?post=1753"},{"taxonomy":"product_tag","embeddable":true,"href":"https:\/\/369agara.com\/sv\/wp-json\/wp\/v2\/product_tag?post=1753"}],"curies":[{"name":"wp","href":"https:\/\/api.w.org\/{rel}","templated":true}]}}