{"id":1759,"date":"2023-08-26T13:26:38","date_gmt":"2023-08-26T11:26:38","guid":{"rendered":"https:\/\/369agara.com\/?post_type=product&#038;p=1759"},"modified":"2025-05-15T22:00:57","modified_gmt":"2025-05-15T20:00:57","slug":"tapis-yoga-fitness","status":"publish","type":"product","link":"https:\/\/369agara.com\/sv\/produkt\/tapis-yoga-fitness\/","title":{"rendered":"Jordande yogamatta PVC- \/ latexfri"},"content":{"rendered":"<p><span style=\"font-family: 'Book Antiqua', Palatino; font-size: 120%; color: #333399;\">Kombinera fysisk aktivitet och jordning med Earthing yogamatta, utformad f\u00f6r att evakuera elektrostatiska laddningar fr\u00e5n din kropp medan du ut\u00f6var dina favorit\u00f6vningar.<\/span><\/p>\n<p><span style=\"font-family: 'Book Antiqua', Palatino; font-size: 120%; color: #333399;\">Oavsett om du \u00e4gnar dig \u00e5t yoga, stretching, meditation eller avslappning \u00e5terknyter den h\u00e4r mattan p\u00e5 ett naturligt s\u00e4tt till jordens energi.<\/span><\/p>\n<h3><span style=\"font-family: 'Book Antiqua', Palatino; font-size: 120%; color: #333399;\">En matta som \u00e4r utformad f\u00f6r komfort och h\u00e4lsa<\/span><\/h3>\n<ul>\n<li><span style=\"font-family: 'Book Antiqua', Palatino; font-size: 120%; color: #333399;\">Gener\u00f6sa m\u00e5tt: 183 x 61 cm - perfekt f\u00f6r att ligga ner och r\u00f6ra sig fritt.<\/span><\/li>\n<li><span style=\"font-family: 'Book Antiqua', Palatino; font-size: 120%; color: #333399;\">PVC-fri, latexfri: ett material som respekterar din hud och milj\u00f6n.<\/span><\/li>\n<li><span style=\"font-family: 'Book Antiqua', Palatino; font-size: 120%; color: #333399;\">Direkt hudkontakt rekommenderas f\u00f6r optimal jordning.<\/span><\/li>\n<\/ul>\n<h3><span style=\"font-family: 'Book Antiqua', Palatino; font-size: 120%; color: #333399;\">Effektiv jordning inomhus och utomhus<\/span><\/h3>\n<p><span style=\"font-family: 'Book Antiqua', Palatino; font-size: 120%; color: #333399;\">Mattan \u00e4r f\u00f6rsedd med :<\/span><\/p>\n<ul>\n<li><span style=\"font-family: 'Book Antiqua', Palatino; font-size: 120%; color: #333399;\">1 magnetisk s\u00e4kerhetssladd (lossnar vid kraftig dragning),<\/span><\/li>\n<li><span style=\"font-family: 'Book Antiqua', Palatino; font-size: 120%; color: #333399;\">1 x 4,60 m anslutningskabel,<\/span><\/li>\n<li><span style=\"font-family: 'Book Antiqua', Palatino; font-size: 120%; color: #333399;\">1 jordad stickpropp (endast f\u00f6r anv\u00e4ndning i jordade uttag).<\/span><\/li>\n<\/ul>\n<p><span style=\"font-family: 'Book Antiqua', Palatino; font-size: 120%; color: #333399;\">Utomhus kan den anslutas till en jordningsst\u00e5ng av metall. Mattan \u00e4r l\u00e4tt att reng\u00f6ra med en svamp och tv\u00e5lvatten.<\/span><\/p>\n<h3><span style=\"font-family: 'Book Antiqua', Palatino; font-size: 120%; color: #333399;\">F\u00f6rdelarna med att jorda under dina sessioner<\/span><\/h3>\n<p><span style=\"font-family: 'Book Antiqua', Palatino; font-size: 120%; color: #333399;\">Denna jordn\u00e4ra yogamatta anv\u00e4nds regelbundet och kan :<\/span><\/p>\n<ul>\n<li><span style=\"font-family: 'Book Antiqua', Palatino; font-size: 120%; color: #333399;\">Minska stress och \u00e5ngest,<\/span><\/li>\n<li><span style=\"font-family: 'Book Antiqua', Palatino; font-size: 120%; color: #333399;\">Fr\u00e4mjar muskel\u00e5terh\u00e4mtning,<\/span><\/li>\n<li><span style=\"font-family: 'Book Antiqua', Palatino; font-size: 120%; color: #333399;\">Minska stressrelaterad inflammation,<\/span><\/li>\n<li><span style=\"font-family: 'Book Antiqua', Palatino; font-size: 120%; color: #333399;\">F\u00f6rb\u00e4ttrad vital energi,<\/span><\/li>\n<li><span style=\"font-family: 'Book Antiqua', Palatino; font-size: 120%; color: #333399;\">Erbjud en stund av djup f\u00f6rankring under meditation eller yogapositioner.<\/span><\/li>\n<\/ul>\n<h3><span style=\"font-family: 'Book Antiqua', Palatino; font-size: 120%; color: #333399;\">Vad \u00e4r jordning?<\/span><\/h3>\n<p><span style=\"font-family: 'Book Antiqua', Palatino; font-size: 120%; color: #333399;\">Jordning (eller grounding) inneb\u00e4r att man \u00e5teransluter elektriskt till jorden f\u00f6r att \u00e5terst\u00e4lla kroppens naturliga balans. Konceptet \u00e4r inspirerat av Clinton Ober, \"Connect to the Earth, perhaps the most important discovery about health\", och bygger p\u00e5 att kroppen kommer i direktkontakt med ledande ytor som \u00e4r anslutna till jorden.<\/span><\/p>\n<p><span style=\"font-family: 'Book Antiqua', Palatino; font-size: 120%; color: #333399;\">De gynnsamma effekter som observerats :<\/span><\/p>\n<ul>\n<li><span style=\"font-family: 'Book Antiqua', Palatino; font-size: 120%; color: #333399;\">St\u00e4rker immunf\u00f6rsvaret,<\/span><\/li>\n<li><span style=\"font-family: 'Book Antiqua', Palatino; font-size: 120%; color: #333399;\">F\u00f6rb\u00e4ttrar s\u00f6mn och matsm\u00e4ltning,<\/span><\/li>\n<li><span style=\"font-family: 'Book Antiqua', Palatino; font-size: 120%; color: #333399;\">Lindrar muskul\u00e4r och hormonell sm\u00e4rta,<\/span><\/li>\n<li><span style=\"font-family: 'Book Antiqua', Palatino; font-size: 120%; color: #333399;\">Minskad el\u00f6verk\u00e4nslighet och tr\u00f6tthet,<\/span><\/li>\n<li><span style=\"font-family: 'Book Antiqua', Palatino; font-size: 120%; color: #333399;\">F\u00f6rb\u00e4ttrar blodcirkulationen och \u00e5terh\u00e4mtningen efter tr\u00e4ning.<\/span><\/li>\n<\/ul>\n<p><span style=\"font-family: 'Book Antiqua', Palatino; font-size: 120%; color: #ed1c24;\">Denna produkt \u00e4r ett h\u00e4lsokosttillskott och ers\u00e4tter inte r\u00e5d fr\u00e5n h\u00e4lso- och sjukv\u00e5rdspersonal. Vid h\u00e4lsoproblem b\u00f6r du r\u00e5dfr\u00e5ga din l\u00e4kare.<\/span><\/p>\n<h3><span style=\"font-family: 'Book Antiqua', Palatino; font-size: 120%; color: #333399;\">Tekniska specifikationer<\/span><\/h3>\n<p><span style=\"font-family: 'Book Antiqua', Palatino; font-size: 120%; color: #333399;\">M\u00e5tt: 61 x 183 cm<\/span><\/p>\n<p><span style=\"font-family: 'Book Antiqua', Palatino; font-size: 120%; color: #333399;\">Tillverkad av en skumk\u00e4rna med ett lager av ledande kol.<\/span><\/p>\n<h3><span style=\"font-family: 'Book Antiqua', Palatino; font-size: 120%; color: #333399;\">Agara r\u00e5d<\/span><\/h3>\n<p><span style=\"font-family: 'Book Antiqua', Palatino; font-size: 120%; color: #333399;\">F\u00f6r att jordningen ska vara effektiv \u00e4r det viktigt att du testar kvaliteten p\u00e5 ditt jordningssystem, antingen med en l\u00e4mplig enhet (jordtestare, Tohm-E jordm\u00e4tare eller Catohm DT-300) eller genom att anlita en fackman med l\u00e4mplig utrustning.\u00a0<\/span><\/p>\n<p><span style=\"font-family: 'Book Antiqua', Palatino; font-size: 120%; color: #ed1c24;\">Om elinstallationerna \u00e4r f\u00f6r gamla eller felaktigt installerade kan jordanslutningen vara otillr\u00e4cklig eller obefintlig.<\/span><\/p>\n<p><span style=\"font-family: 'Book Antiqua', Palatino; font-size: 120%; color: #ed1c24;\">Det \u00e4r ocks\u00e5 mycket viktigt att minimera elektriska f\u00e4lt i rummet (klockradio, s\u00e4nglampor, osk\u00e4rmade eluttag och f\u00f6rl\u00e4ngningssladdar) f\u00f6r att f\u00f6rhindra att de st\u00f6r jordsystemet. Tveka inte att m\u00e4ta dem eller l\u00e5ta m\u00e4ta dem!\u00a0<\/span><\/p>","protected":false},"excerpt":{"rendered":"<p><span style=\"font-family: 'Book Antiqua', Palatino; font-size: 120%; color: #333399;\">Kombinera fysisk aktivitet och jordf\u00f6rb\u00e4ttring med\u00a0<strong>Jordande yogamatta<\/strong>utformad f\u00f6r att evakuera elektrostatiska laddningar fr\u00e5n din kropp medan du g\u00f6r dina favorit\u00f6vningar.\u00a0<\/span><\/p>\n<p><span style=\"font-family: 'Book Antiqua', Palatino; font-size: 120%; color: #333399;\">Oavsett om du \u00e4gnar dig \u00e5t yoga, stretching, meditation eller avslappning \u00e5terknyter den h\u00e4r mattan p\u00e5 ett naturligt s\u00e4tt till jordens energi.\u00a0<\/span><\/p>\n<p><span style=\"font-family: 'Book Antiqua', Palatino; font-size: 120%; color: #333399;\">PVC-fri, latexfri.<\/span><\/p>","protected":false},"featured_media":1760,"comment_status":"open","ping_status":"closed","template":"","meta":[],"product_brand":[267],"product_cat":[164],"product_tag":[246,247,249,252,245,184],"class_list":{"0":"post-1759","1":"product","2":"type-product","3":"status-publish","4":"has-post-thumbnail","6":"product_brand-earthing","7":"product_cat-baubiologie","8":"product_tag-bureau","9":"product_tag-chambre","10":"product_tag-electromagnetisme","11":"product_tag-fitness","12":"product_tag-maison","13":"product_tag-yoga","15":"first","16":"instock","17":"taxable","18":"shipping-taxable","19":"purchasable","20":"product-type-simple"},"yoast_head":"<!-- This site is optimized with the Yoast SEO Premium plugin v25.1 (Yoast SEO v27.4) - https:\/\/yoast.com\/product\/yoast-seo-premium-wordpress\/ -->\n<title>Tapis de yoga | fitness de mise \u00e0 la terre Earthing sans PVC \/ sans latex | Agara<\/title>\n<meta name=\"description\" content=\"Alliez activit\u00e9 physique et mise \u00e0 la terre gr\u00e2ce au\u00a0tapis de yoga Earthing, con\u00e7u pour \u00e9vacuer les charges \u00e9lectrostatiques de votre corps tout en pratiquant vos exercices pr\u00e9f\u00e9r\u00e9s.\u00a0Que vous fassiez du yoga, des \u00e9tirements, de la m\u00e9ditation ou de la relaxation, ce tapis vous reconnecte naturellement \u00e0 l\u2019\u00e9nergie de la Terre.\u00a0Sans PVC, sans latex.\" \/>\n<meta name=\"robots\" content=\"index, follow, max-snippet:-1, max-image-preview:large, max-video-preview:-1\" \/>\n<link rel=\"canonical\" href=\"https:\/\/369agara.com\/sv\/produkt\/tapis-yoga-fitness\/\" \/>\n<meta property=\"og:locale\" content=\"sv_SE\" \/>\n<meta property=\"og:type\" content=\"article\" \/>\n<meta property=\"og:title\" content=\"Tapis de yoga | fitness de mise \u00e0 la terre Earthing sans PVC \/ sans latex\" \/>\n<meta property=\"og:description\" content=\"Alliez activit\u00e9 physique et mise \u00e0 la terre gr\u00e2ce au\u00a0tapis de yoga Earthing, con\u00e7u pour \u00e9vacuer les charges \u00e9lectrostatiques de votre corps tout en pratiquant vos exercices pr\u00e9f\u00e9r\u00e9s.\u00a0Que vous fassiez du yoga, des \u00e9tirements, de la m\u00e9ditation ou de la relaxation, ce tapis vous reconnecte naturellement \u00e0 l\u2019\u00e9nergie de la Terre.\u00a0Sans PVC, sans latex.\" \/>\n<meta property=\"og:url\" content=\"https:\/\/369agara.com\/sv\/produkt\/tapis-yoga-fitness\/\" \/>\n<meta property=\"og:site_name\" content=\"Agara\" \/>\n<meta property=\"article:modified_time\" content=\"2025-05-15T20:00:57+00:00\" \/>\n<meta property=\"og:image\" content=\"https:\/\/369agara.com\/wp-content\/uploads\/2023\/08\/tapis-de-yoga-fitness-de-mise-a-terre-earthing.jpg\" \/>\n\t<meta property=\"og:image:width\" content=\"800\" \/>\n\t<meta property=\"og:image:height\" content=\"800\" \/>\n\t<meta property=\"og:image:type\" content=\"image\/jpeg\" \/>\n<meta name=\"twitter:card\" content=\"summary_large_image\" \/>\n<meta name=\"twitter:label1\" content=\"Ber\u00e4knad l\u00e4stid\" \/>\n\t<meta name=\"twitter:data1\" content=\"3 minuter\" \/>\n<script type=\"application\/ld+json\" class=\"yoast-schema-graph\">{\"@context\":\"https:\\\/\\\/schema.org\",\"@graph\":[{\"@type\":\"WebPage\",\"@id\":\"https:\\\/\\\/369agara.com\\\/produit\\\/tapis-yoga-fitness\\\/\",\"url\":\"https:\\\/\\\/369agara.com\\\/produit\\\/tapis-yoga-fitness\\\/\",\"name\":\"Tapis de yoga | fitness de mise \u00e0 la terre Earthing sans PVC \\\/ sans latex | Agara\",\"isPartOf\":{\"@id\":\"https:\\\/\\\/369agara.com\\\/#website\"},\"primaryImageOfPage\":{\"@id\":\"https:\\\/\\\/369agara.com\\\/produit\\\/tapis-yoga-fitness\\\/#primaryimage\"},\"image\":{\"@id\":\"https:\\\/\\\/369agara.com\\\/produit\\\/tapis-yoga-fitness\\\/#primaryimage\"},\"thumbnailUrl\":\"https:\\\/\\\/369agara.com\\\/wp-content\\\/uploads\\\/2023\\\/08\\\/tapis-de-yoga-fitness-de-mise-a-terre-earthing.jpg\",\"datePublished\":\"2023-08-26T11:26:38+00:00\",\"dateModified\":\"2025-05-15T20:00:57+00:00\",\"description\":\"Alliez activit\u00e9 physique et mise \u00e0 la terre gr\u00e2ce au\u00a0tapis de yoga Earthing, con\u00e7u pour \u00e9vacuer les charges \u00e9lectrostatiques de votre corps tout en pratiquant vos exercices pr\u00e9f\u00e9r\u00e9s.\u00a0Que vous fassiez du yoga, des \u00e9tirements, de la m\u00e9ditation ou de la relaxation, ce tapis vous reconnecte naturellement \u00e0 l\u2019\u00e9nergie de la Terre.\u00a0Sans PVC, sans latex.\",\"breadcrumb\":{\"@id\":\"https:\\\/\\\/369agara.com\\\/produit\\\/tapis-yoga-fitness\\\/#breadcrumb\"},\"inLanguage\":\"sv-SE\",\"potentialAction\":[{\"@type\":\"ReadAction\",\"target\":[\"https:\\\/\\\/369agara.com\\\/produit\\\/tapis-yoga-fitness\\\/\"]}]},{\"@type\":\"ImageObject\",\"inLanguage\":\"sv-SE\",\"@id\":\"https:\\\/\\\/369agara.com\\\/produit\\\/tapis-yoga-fitness\\\/#primaryimage\",\"url\":\"https:\\\/\\\/369agara.com\\\/wp-content\\\/uploads\\\/2023\\\/08\\\/tapis-de-yoga-fitness-de-mise-a-terre-earthing.jpg\",\"contentUrl\":\"https:\\\/\\\/369agara.com\\\/wp-content\\\/uploads\\\/2023\\\/08\\\/tapis-de-yoga-fitness-de-mise-a-terre-earthing.jpg\",\"width\":800,\"height\":800},{\"@type\":\"BreadcrumbList\",\"@id\":\"https:\\\/\\\/369agara.com\\\/produit\\\/tapis-yoga-fitness\\\/#breadcrumb\",\"itemListElement\":[{\"@type\":\"ListItem\",\"position\":1,\"name\":\"Accueil\",\"item\":\"https:\\\/\\\/369agara.com\\\/\"},{\"@type\":\"ListItem\",\"position\":2,\"name\":\"La boutique\",\"item\":\"https:\\\/\\\/369agara.com\\\/la-boutique\\\/\"},{\"@type\":\"ListItem\",\"position\":3,\"name\":\"Tapis de yoga | fitness de mise \u00e0 la terre Earthing sans PVC \\\/ sans latex\"}]},{\"@type\":\"WebSite\",\"@id\":\"https:\\\/\\\/369agara.com\\\/#website\",\"url\":\"https:\\\/\\\/369agara.com\\\/\",\"name\":\"Livsrikedomar\",\"description\":\"D\u00e9connectez pour mieux vous connecter\",\"publisher\":{\"@id\":\"https:\\\/\\\/369agara.com\\\/#organization\"},\"potentialAction\":[{\"@type\":\"SearchAction\",\"target\":{\"@type\":\"EntryPoint\",\"urlTemplate\":\"https:\\\/\\\/369agara.com\\\/?s={search_term_string}\"},\"query-input\":{\"@type\":\"PropertyValueSpecification\",\"valueRequired\":true,\"valueName\":\"search_term_string\"}}],\"inLanguage\":\"sv-SE\"},{\"@type\":\"Organization\",\"@id\":\"https:\\\/\\\/369agara.com\\\/#organization\",\"name\":\"EACreations\",\"url\":\"https:\\\/\\\/369agara.com\\\/\",\"logo\":{\"@type\":\"ImageObject\",\"inLanguage\":\"sv-SE\",\"@id\":\"https:\\\/\\\/369agara.com\\\/#\\\/schema\\\/logo\\\/image\\\/\",\"url\":\"\",\"contentUrl\":\"\",\"caption\":\"EACreations\"},\"image\":{\"@id\":\"https:\\\/\\\/369agara.com\\\/#\\\/schema\\\/logo\\\/image\\\/\"}}]}<\/script>\n<!-- \/ Yoast SEO Premium plugin. -->","yoast_head_json":{"title":"Tapis de yoga | fitness de mise \u00e0 la terre Earthing sans PVC \/ sans latex | Agara","description":"Kombinera fysisk aktivitet och jordning med Earthing yogamatta, som \u00e4r utformad f\u00f6r att ladda ur elektrostatiska laddningar fr\u00e5n din kropp medan du ut\u00f6var dina favorit\u00f6vningar. Oavsett om du g\u00f6r yoga, stretching, meditation eller avslappning, \u00e5teransluter den h\u00e4r mattan dig naturligt till jordens energi. PVC-fri, latex-fri.","robots":{"index":"index","follow":"follow","max-snippet":"max-snippet:-1","max-image-preview":"max-image-preview:large","max-video-preview":"max-video-preview:-1"},"canonical":"https:\/\/369agara.com\/sv\/produkt\/tapis-yoga-fitness\/","og_locale":"sv_SE","og_type":"article","og_title":"Tapis de yoga | fitness de mise \u00e0 la terre Earthing sans PVC \/ sans latex","og_description":"Alliez activit\u00e9 physique et mise \u00e0 la terre gr\u00e2ce au\u00a0tapis de yoga Earthing, con\u00e7u pour \u00e9vacuer les charges \u00e9lectrostatiques de votre corps tout en pratiquant vos exercices pr\u00e9f\u00e9r\u00e9s.\u00a0Que vous fassiez du yoga, des \u00e9tirements, de la m\u00e9ditation ou de la relaxation, ce tapis vous reconnecte naturellement \u00e0 l\u2019\u00e9nergie de la Terre.\u00a0Sans PVC, sans latex.","og_url":"https:\/\/369agara.com\/sv\/produkt\/tapis-yoga-fitness\/","og_site_name":"Agara","article_modified_time":"2025-05-15T20:00:57+00:00","og_image":[{"width":800,"height":800,"url":"https:\/\/369agara.com\/wp-content\/uploads\/2023\/08\/tapis-de-yoga-fitness-de-mise-a-terre-earthing.jpg","type":"image\/jpeg"}],"twitter_card":"summary_large_image","twitter_misc":{"Ber\u00e4knad l\u00e4stid":"3 minuter"},"schema":{"@context":"https:\/\/schema.org","@graph":[{"@type":"WebPage","@id":"https:\/\/369agara.com\/produit\/tapis-yoga-fitness\/","url":"https:\/\/369agara.com\/produit\/tapis-yoga-fitness\/","name":"Tapis de yoga | fitness de mise \u00e0 la terre Earthing sans PVC \/ sans latex | Agara","isPartOf":{"@id":"https:\/\/369agara.com\/#website"},"primaryImageOfPage":{"@id":"https:\/\/369agara.com\/produit\/tapis-yoga-fitness\/#primaryimage"},"image":{"@id":"https:\/\/369agara.com\/produit\/tapis-yoga-fitness\/#primaryimage"},"thumbnailUrl":"https:\/\/369agara.com\/wp-content\/uploads\/2023\/08\/tapis-de-yoga-fitness-de-mise-a-terre-earthing.jpg","datePublished":"2023-08-26T11:26:38+00:00","dateModified":"2025-05-15T20:00:57+00:00","description":"Kombinera fysisk aktivitet och jordning med Earthing yogamatta, som \u00e4r utformad f\u00f6r att ladda ur elektrostatiska laddningar fr\u00e5n din kropp medan du ut\u00f6var dina favorit\u00f6vningar. Oavsett om du g\u00f6r yoga, stretching, meditation eller avslappning, \u00e5teransluter den h\u00e4r mattan dig naturligt till jordens energi. PVC-fri, latex-fri.","breadcrumb":{"@id":"https:\/\/369agara.com\/produit\/tapis-yoga-fitness\/#breadcrumb"},"inLanguage":"sv-SE","potentialAction":[{"@type":"ReadAction","target":["https:\/\/369agara.com\/produit\/tapis-yoga-fitness\/"]}]},{"@type":"ImageObject","inLanguage":"sv-SE","@id":"https:\/\/369agara.com\/produit\/tapis-yoga-fitness\/#primaryimage","url":"https:\/\/369agara.com\/wp-content\/uploads\/2023\/08\/tapis-de-yoga-fitness-de-mise-a-terre-earthing.jpg","contentUrl":"https:\/\/369agara.com\/wp-content\/uploads\/2023\/08\/tapis-de-yoga-fitness-de-mise-a-terre-earthing.jpg","width":800,"height":800},{"@type":"BreadcrumbList","@id":"https:\/\/369agara.com\/produit\/tapis-yoga-fitness\/#breadcrumb","itemListElement":[{"@type":"ListItem","position":1,"name":"Accueil","item":"https:\/\/369agara.com\/"},{"@type":"ListItem","position":2,"name":"La boutique","item":"https:\/\/369agara.com\/la-boutique\/"},{"@type":"ListItem","position":3,"name":"Tapis de yoga | fitness de mise \u00e0 la terre Earthing sans PVC \/ sans latex"}]},{"@type":"WebSite","@id":"https:\/\/369agara.com\/#website","url":"https:\/\/369agara.com\/","name":"Livsrikedomar","description":"Koppla bort f\u00f6r att skapa b\u00e4ttre kontakt","publisher":{"@id":"https:\/\/369agara.com\/#organization"},"potentialAction":[{"@type":"SearchAction","target":{"@type":"EntryPoint","urlTemplate":"https:\/\/369agara.com\/?s={search_term_string}"},"query-input":{"@type":"PropertyValueSpecification","valueRequired":true,"valueName":"search_term_string"}}],"inLanguage":"sv-SE"},{"@type":"Organization","@id":"https:\/\/369agara.com\/#organization","name":"EACreations","url":"https:\/\/369agara.com\/","logo":{"@type":"ImageObject","inLanguage":"sv-SE","@id":"https:\/\/369agara.com\/#\/schema\/logo\/image\/","url":"","contentUrl":"","caption":"EACreations"},"image":{"@id":"https:\/\/369agara.com\/#\/schema\/logo\/image\/"}}]}},"jetpack_sharing_enabled":true,"_links":{"self":[{"href":"https:\/\/369agara.com\/sv\/wp-json\/wp\/v2\/product\/1759","targetHints":{"allow":["GET"]}}],"collection":[{"href":"https:\/\/369agara.com\/sv\/wp-json\/wp\/v2\/product"}],"about":[{"href":"https:\/\/369agara.com\/sv\/wp-json\/wp\/v2\/types\/product"}],"replies":[{"embeddable":true,"href":"https:\/\/369agara.com\/sv\/wp-json\/wp\/v2\/comments?post=1759"}],"wp:featuredmedia":[{"embeddable":true,"href":"https:\/\/369agara.com\/sv\/wp-json\/wp\/v2\/media\/1760"}],"wp:attachment":[{"href":"https:\/\/369agara.com\/sv\/wp-json\/wp\/v2\/media?parent=1759"}],"wp:term":[{"taxonomy":"product_brand","embeddable":true,"href":"https:\/\/369agara.com\/sv\/wp-json\/wp\/v2\/product_brand?post=1759"},{"taxonomy":"product_cat","embeddable":true,"href":"https:\/\/369agara.com\/sv\/wp-json\/wp\/v2\/product_cat?post=1759"},{"taxonomy":"product_tag","embeddable":true,"href":"https:\/\/369agara.com\/sv\/wp-json\/wp\/v2\/product_tag?post=1759"}],"curies":[{"name":"wp","href":"https:\/\/api.w.org\/{rel}","templated":true}]}}